{"id":11813,"date":"2024-09-18T12:41:09","date_gmt":"2024-09-18T12:41:09","guid":{"rendered":"https:\/\/www.paristouristinformation.fr\/es\/?page_id=11813"},"modified":"2025-04-22T09:19:04","modified_gmt":"2025-04-22T09:19:04","slug":"skip-the-line-torre-eiffel-con-acceso-opcional-a-la-cima-en-ascensor","status":"publish","type":"page","link":"https:\/\/www.paristouristinformation.fr\/es\/skip-the-line-torre-eiffel-con-acceso-opcional-a-la-cima-en-ascensor\/","title":{"rendered":"Skip The Line Torre Eiffel con acceso opcional a la cima en ascensor"},"content":{"rendered":"<p><span><img decoding=\"async\" alt=\"\" data-id=\"13358\" width=\"1234\" height=\"798\" title=\"Entrada sin colas a la Torre Eiffel con acceso opcional a la cima en ascensor 1\" src=\"https:\/\/www.paristouristinformation.fr\/es\/wp-content\/uploads\/2024\/09\/Skip-The-Line-Eiffel-Tower-with-Optional-Summit-Access-by-Lift-1-1024x662-1.png\" data-src=\"https:\/\/www.paristouristinformation.fr\/es\/wp-content\/uploads\/2024\/09\/Skip-The-Line-Eiffel-Tower-with-Optional-Summit-Access-by-Lift-1-300x194-1.png\" loading=\"lazy\" data-sizes=\"{&quot;thumbnail&quot;:{&quot;url&quot;:&quot;https:\/\/www.paristouristinformation.fr\/es\/wp-content\/uploads\/2024\/09\/Skip-The-Line-Eiffel-Tower-with-Optional-Summit-Access-by-Lift-1-333x205-1.png&quot;,&quot;height&quot;:205,&quot;width&quot;:333,&quot;orientation&quot;:&quot;landscape&quot;},&quot;medium&quot;:{&quot;url&quot;:&quot;https:\/\/www.paristouristinformation.fr\/es\/wp-content\/uploads\/2024\/09\/Skip-The-Line-Eiffel-Tower-with-Optional-Summit-Access-by-Lift-1-300x194-1.png&quot;,&quot;height&quot;:194,&quot;width&quot;:300,&quot;orientation&quot;:&quot;landscape&quot;},&quot;large&quot;:{&quot;url&quot;:&quot;https:\/\/www.paristouristinformation.fr\/es\/wp-content\/uploads\/2024\/09\/Skip-The-Line-Eiffel-Tower-with-Optional-Summit-Access-by-Lift-1-1024x662-1.png&quot;,&quot;height&quot;:662,&quot;width&quot;:1024,&quot;orientation&quot;:&quot;landscape&quot;},&quot;full&quot;:{&quot;url&quot;:&quot;https:\/\/www.paristouristinformation.fr\/es\/wp-content\/uploads\/2024\/09\/Skip-The-Line-Eiffel-Tower-with-Optional-Summit-Access-by-Lift-1.png&quot;,&quot;height&quot;:798,&quot;width&quot;:1234,&quot;orientation&quot;:&quot;landscape&quot;}}\"><\/span><span><img decoding=\"async\" alt=\"\" data-id=\"13359\" width=\"1242\" height=\"778\" title=\"Entrada sin colas a la Torre Eiffel con acceso opcional a la cima en ascensor 2\" src=\"https:\/\/www.paristouristinformation.fr\/es\/wp-content\/uploads\/2024\/09\/Skip-The-Line-Eiffel-Tower-with-Optional-Summit-Access-by-Lift-2-1024x641-1.png\" data-src=\"https:\/\/www.paristouristinformation.fr\/es\/wp-content\/uploads\/2024\/09\/Skip-The-Line-Eiffel-Tower-with-Optional-Summit-Access-by-Lift-2-300x188-1.png\" loading=\"lazy\" data-sizes=\"{&quot;thumbnail&quot;:{&quot;url&quot;:&quot;https:\/\/www.paristouristinformation.fr\/es\/wp-content\/uploads\/2024\/09\/Skip-The-Line-Eiffel-Tower-with-Optional-Summit-Access-by-Lift-2-333x205-1.png&quot;,&quot;height&quot;:205,&quot;width&quot;:333,&quot;orientation&quot;:&quot;landscape&quot;},&quot;medium&quot;:{&quot;url&quot;:&quot;https:\/\/www.paristouristinformation.fr\/es\/wp-content\/uploads\/2024\/09\/Skip-The-Line-Eiffel-Tower-with-Optional-Summit-Access-by-Lift-2-300x188-1.png&quot;,&quot;height&quot;:188,&quot;width&quot;:300,&quot;orientation&quot;:&quot;landscape&quot;},&quot;large&quot;:{&quot;url&quot;:&quot;https:\/\/www.paristouristinformation.fr\/es\/wp-content\/uploads\/2024\/09\/Skip-The-Line-Eiffel-Tower-with-Optional-Summit-Access-by-Lift-2-1024x641-1.png&quot;,&quot;height&quot;:641,&quot;width&quot;:1024,&quot;orientation&quot;:&quot;landscape&quot;},&quot;full&quot;:{&quot;url&quot;:&quot;https:\/\/www.paristouristinformation.fr\/es\/wp-content\/uploads\/2024\/09\/Skip-The-Line-Eiffel-Tower-with-Optional-Summit-Access-by-Lift-2.png&quot;,&quot;height&quot;:778,&quot;width&quot;:1242,&quot;orientation&quot;:&quot;landscape&quot;}}\"><\/span><span><img decoding=\"async\" alt=\"\" data-id=\"13360\" width=\"1242\" height=\"802\" title=\"Entrada sin colas a la Torre Eiffel con acceso opcional a la cima en ascensor 3\" src=\"https:\/\/www.paristouristinformation.fr\/es\/wp-content\/uploads\/2024\/09\/Skip-The-Line-Eiffel-Tower-with-Optional-Summit-Access-by-Lift-3-1024x661-1.png\" data-src=\"https:\/\/www.paristouristinformation.fr\/es\/wp-content\/uploads\/2024\/09\/Skip-The-Line-Eiffel-Tower-with-Optional-Summit-Access-by-Lift-3-300x194-1.png\" loading=\"lazy\" data-sizes=\"{&quot;thumbnail&quot;:{&quot;url&quot;:&quot;https:\/\/www.paristouristinformation.fr\/es\/wp-content\/uploads\/2024\/09\/Skip-The-Line-Eiffel-Tower-with-Optional-Summit-Access-by-Lift-3-333x205-1.png&quot;,&quot;height&quot;:205,&quot;width&quot;:333,&quot;orientation&quot;:&quot;landscape&quot;},&quot;medium&quot;:{&quot;url&quot;:&quot;https:\/\/www.paristouristinformation.fr\/es\/wp-content\/uploads\/2024\/09\/Skip-The-Line-Eiffel-Tower-with-Optional-Summit-Access-by-Lift-3-300x194-1.png&quot;,&quot;height&quot;:194,&quot;width&quot;:300,&quot;orientation&quot;:&quot;landscape&quot;},&quot;large&quot;:{&quot;url&quot;:&quot;https:\/\/www.paristouristinformation.fr\/es\/wp-content\/uploads\/2024\/09\/Skip-The-Line-Eiffel-Tower-with-Optional-Summit-Access-by-Lift-3-1024x661-1.png&quot;,&quot;height&quot;:661,&quot;width&quot;:1024,&quot;orientation&quot;:&quot;landscape&quot;},&quot;full&quot;:{&quot;url&quot;:&quot;https:\/\/www.paristouristinformation.fr\/es\/wp-content\/uploads\/2024\/09\/Skip-The-Line-Eiffel-Tower-with-Optional-Summit-Access-by-Lift-3.png&quot;,&quot;height&quot;:802,&quot;width&quot;:1242,&quot;orientation&quot;:&quot;landscape&quot;}}\"><\/span><span><img decoding=\"async\" alt=\"\" data-id=\"13361\" width=\"1244\" height=\"812\" title=\"Entrada sin colas a la Torre Eiffel con acceso opcional a la cima en ascensor 4\" src=\"https:\/\/www.paristouristinformation.fr\/es\/wp-content\/uploads\/2024\/09\/Skip-The-Line-Eiffel-Tower-with-Optional-Summit-Access-by-Lift-4-1024x668-1.png\" data-src=\"https:\/\/www.paristouristinformation.fr\/es\/wp-content\/uploads\/2024\/09\/Skip-The-Line-Eiffel-Tower-with-Optional-Summit-Access-by-Lift-4-300x196-1.png\" loading=\"lazy\" data-sizes=\"{&quot;thumbnail&quot;:{&quot;url&quot;:&quot;https:\/\/www.paristouristinformation.fr\/es\/wp-content\/uploads\/2024\/09\/Skip-The-Line-Eiffel-Tower-with-Optional-Summit-Access-by-Lift-4-333x205-1.png&quot;,&quot;height&quot;:205,&quot;width&quot;:333,&quot;orientation&quot;:&quot;landscape&quot;},&quot;medium&quot;:{&quot;url&quot;:&quot;https:\/\/www.paristouristinformation.fr\/es\/wp-content\/uploads\/2024\/09\/Skip-The-Line-Eiffel-Tower-with-Optional-Summit-Access-by-Lift-4-300x196-1.png&quot;,&quot;height&quot;:196,&quot;width&quot;:300,&quot;orientation&quot;:&quot;landscape&quot;},&quot;large&quot;:{&quot;url&quot;:&quot;https:\/\/www.paristouristinformation.fr\/es\/wp-content\/uploads\/2024\/09\/Skip-The-Line-Eiffel-Tower-with-Optional-Summit-Access-by-Lift-4-1024x668-1.png&quot;,&quot;height&quot;:668,&quot;width&quot;:1024,&quot;orientation&quot;:&quot;landscape&quot;},&quot;full&quot;:{&quot;url&quot;:&quot;https:\/\/www.paristouristinformation.fr\/es\/wp-content\/uploads\/2024\/09\/Skip-The-Line-Eiffel-Tower-with-Optional-Summit-Access-by-Lift-4.png&quot;,&quot;height&quot;:812,&quot;width&quot;:1244,&quot;orientation&quot;:&quot;landscape&quot;}}\"><\/span><span><img decoding=\"async\" alt=\"\" data-id=\"13357\" width=\"1232\" height=\"814\" title=\"Entrada sin colas a la Torre Eiffel con acceso opcional a la cima en ascensor 5\" src=\"https:\/\/www.paristouristinformation.fr\/es\/wp-content\/uploads\/2024\/09\/Skip-The-Line-Eiffel-Tower-with-Optional-Summit-Access-by-Lift-5-1024x677-1.png\" data-src=\"https:\/\/www.paristouristinformation.fr\/es\/wp-content\/uploads\/2024\/09\/Skip-The-Line-Eiffel-Tower-with-Optional-Summit-Access-by-Lift-5-300x198-1.png\" loading=\"lazy\" data-sizes=\"{&quot;thumbnail&quot;:{&quot;url&quot;:&quot;https:\/\/www.paristouristinformation.fr\/es\/wp-content\/uploads\/2024\/09\/Skip-The-Line-Eiffel-Tower-with-Optional-Summit-Access-by-Lift-5-333x205-1.png&quot;,&quot;height&quot;:205,&quot;width&quot;:333,&quot;orientation&quot;:&quot;landscape&quot;},&quot;medium&quot;:{&quot;url&quot;:&quot;https:\/\/www.paristouristinformation.fr\/es\/wp-content\/uploads\/2024\/09\/Skip-The-Line-Eiffel-Tower-with-Optional-Summit-Access-by-Lift-5-300x198-1.png&quot;,&quot;height&quot;:198,&quot;width&quot;:300,&quot;orientation&quot;:&quot;landscape&quot;},&quot;large&quot;:{&quot;url&quot;:&quot;https:\/\/www.paristouristinformation.fr\/es\/wp-content\/uploads\/2024\/09\/Skip-The-Line-Eiffel-Tower-with-Optional-Summit-Access-by-Lift-5-1024x677-1.png&quot;,&quot;height&quot;:677,&quot;width&quot;:1024,&quot;orientation&quot;:&quot;landscape&quot;},&quot;full&quot;:{&quot;url&quot;:&quot;https:\/\/www.paristouristinformation.fr\/es\/wp-content\/uploads\/2024\/09\/Skip-The-Line-Eiffel-Tower-with-Optional-Summit-Access-by-Lift-5.png&quot;,&quot;height&quot;:814,&quot;width&quot;:1232,&quot;orientation&quot;:&quot;landscape&quot;}}\"><\/span><\/p>\n<h1 data-qa-marker=\"product-name\">Entradas para la Torre Eiffel con asistente y ascensor hasta la cima o la 2.\u00aa planta<\/h1>\n<h2><a href=\"https:\/\/www.headout.com\/r\/most-amazing-placesrecommends-5PSvR\/\" target=\"_blank\" rel=\"nofollow noopener\" style=\"outline: none;\">Make a reservation<\/a><\/h2>\n<h1><a href=\"https:\/\/www.headout.com\/r\/most-amazing-placesrecommends-5PSvR\/\" target=\"_blank\" rel=\"nofollow noopener\" style=\"outline: none;\"><strong>42,00\u20ac<\/strong><\/a><\/h1>\n<p dir=\"ltr\">Viva la magia de la Torre Eiffel como nunca antes. Explore el primer y segundo piso a 115 metros de este emblem\u00e1tico monumento con un anfitri\u00f3n, o mejore su experiencia para ascender en ascensor hasta la impresionante cima de 276 metros de altura. <\/p>\n<ul>\n<li style=\"\"><span>Entrada a la Torre Eiffel<\/span><\/li>\n<li style=\"\"><span>Acceso a la 2\u00aa planta<\/span><\/li>\n<li style=\"\"><span>No reembolsable<\/span><\/li>\n<\/ul>\n<h2>\u00bfQu\u00e9 incluye?<\/h2>\n<ul>\n<li style=\"\">                    <span>Acceso a la 1.\u00aa y 2.\u00aa planta o a la cima con asistente (seg\u00fan la opci\u00f3n elegida)<\/span><\/li>\n<li style=\"\">                    <span>Acceso en ascensor a la cima o a la 2.\u00aa planta (seg\u00fan la opci\u00f3n elegida)<\/span><\/li>\n<li style=\"\">                    <span>Crucero de 1 hora por el r\u00edo Sena (seg\u00fan la opci\u00f3n elegida)<\/span><\/li>\n<\/ul>\n<h2>Qu\u00e9 no est\u00e1 incluido<\/h2>\n<ul>\n<li style=\"\"><span>Las colas de control de seguridad no se pueden saltar<\/span><\/li>\n<li><span>Cualquier servicio no incluido en las inclusiones<\/span><\/li>\n<\/ul>\n<h2>Informaci\u00f3n importante<\/h2>\n<ul>\n<li style=\"\"><span>\u200bLleve un documento de identidad con fotograf\u00eda o pasaporte v\u00e1lidos<\/span><\/li>\n<li><span>\u200bNo est\u00e1 permitido fumar, llevar equipaje voluminoso, cochecitos no plegables, objetos punzantes, botellas de cristal, candados, latas ni objetos grandes rodantes (excepto cochecitos plegables y dispositivos de ayuda a la movilidad).<\/span><\/li>\n<li><span>\u200bLos controles de seguridad pueden durar hasta hora y media en temporada alta.<\/span><\/li>\n<li><span>\u200bLas plantas 1\u00aa y 2\u00aa son accesibles para sillas de ruedas y cochecitos de ni\u00f1os, pero la cima no lo es.<\/span><\/li>\n<li><span>\u200bLos invitados deben llegar al punto de encuentro designado en su bono, no directamente a la entrada del recinto, ya que la entrada est\u00e1 coordinada por un anfitri\u00f3n.<\/span><\/li>\n<li><span>\u200bLas entradas para la cumbre no pueden adquirirse en la segunda planta. Para visitar la cumbre, compre por adelantado las entradas con todo incluido.<\/span><\/li>\n<\/ul>\n<h2>Descripci\u00f3n:<\/h2>\n<p dir=\"ltr\">Suba al primer piso y al segundo piso de 115 metros de altura de la Torre Eiffel con un anfitri\u00f3n, donde podr\u00e1 admirar unas vistas impresionantes de Par\u00eds. Para una experiencia a\u00fan m\u00e1s inolvidable, mejore su experiencia para subir hasta la cima a la asombrosa altura de 276 metros, ofreciendo vistas panor\u00e1micas de la ciudad desde uno de sus monumentos m\u00e1s emblem\u00e1ticos. Elija entre una entrada para el primer o segundo piso o el acceso al nivel superior de la Torre Eiffel para vivir una aventura inolvidable.<\/p>\n<h2>Reflejos:<\/h2>\n<ul>\n<li>Acceda a la primera y segunda planta o a la cima en ascensor, seg\u00fan la opci\u00f3n elegida.<\/li>\n<li>Acceda sin problemas a la emblem\u00e1tica Torre Eiffel con su anfitri\u00f3n a su lado<\/li>\n<li>Ascienda a la \u00abDama de Hierro\u00bb, una de las atracciones m\u00e1s famosas del mundo<\/li>\n<li>Marav\u00edllese con las vistas de 360 grados de Par\u00eds desde la 2\u00aa planta <\/li>\n<li>Contemple monumentos famosos como Notre Dame, el Louvre y el Arco del Triunfo<\/li>\n<\/ul>\n<h2>Torre Eiffel<\/h2>\n<p dir=\"ltr\">AV. Gustave Eiffel, 75007 Par\u00eds<\/p>\n<h2>Pol\u00edtica de cancelaci\u00f3n<\/h2>\n<p dir=\"ltr\">Esta experiencia no es reembolsable ni modificable. Una vez reservada, no se reembolsar\u00e1n las cancelaciones ni los cambios.<\/p>\n<h2>Punto de encuentro e instrucciones<\/h2>\n<p dir=\"ltr\">Por favor, llegue al punto de encuentro designado 15 minutos antes de la hora programada. Se le proporcionar\u00e1n instrucciones detalladas sobre la reuni\u00f3n despu\u00e9s de la reserva.<\/p>\n<p><a href=\"https:\/\/www.google.com\/maps?q=@48.857994079589844,2.2999343872070312\" style=\"outline: none;\" data-lt-tmp-id=\"lt-493778\" spellcheck=\"false\" target=\"_blank\" rel=\"nofollow noopener\">Abrir en Maps<\/a><\/p>\n<h2>Rese\u00f1as y valoraciones<\/h2>\n<p><strong>4.2\/ 5 &nbsp;<\/strong><strong>(8056 opiniones)<\/strong><\/p>\n<p dir=\"ltr\"><em>\u201cNuestra visita a la Torre Eiffel fue una experiencia memorable. Anjali fue una gu\u00eda excelente, conocedora y amable, e hizo que toda la visita resultara atractiva y agradable. Las colas eran m\u00e1s largas de lo que esper\u00e1bamos, pero en general todo estaba bien organizado. Recomiendo encarecidamente este tour, especialmente con Anjali como gu\u00eda.\u201d.<\/em>&nbsp;Sari, april de 2025&nbsp;&nbsp;<a href=\"https:\/\/www.headout.com\/r\/most-amazing-placesrecommends-5PSvR\/\" target=\"_blank\" rel=\"nofollow noopener\" data-lt-tmp-id=\"lt-56867\" spellcheck=\"false\" style=\"outline: none;\">&gt;&gt; Ver m\u00e1s opiniones<\/a><\/p>\n<h2>Algunas actividades que te pueden gustar<\/h2>\n<p><span># <\/span><strong><span>2<\/span><\/strong><span># <\/span><strong><span>2<\/span><\/strong><span><img decoding=\"async\" alt=\"Entradas para la Torre Eiffel sin colas + opci\u00f3n 2\u00ba piso y cima\" data-id=\"10160\" width=\"159\" data-init-width=\"800\" height=\"159\" data-init-height=\"800\" title=\"Entradas para la Torre Eiffel sin colas + opci\u00f3n 2\u00ba piso y cima\" loading=\"lazy\" src=\"https:\/\/www.paristouristinformation.fr\/es\/wp-content\/uploads\/2024\/09\/Tickets-for-Eiffel-Tower-Skip-The-Ticket-Line-2nd-Floor-and-Summit-Option.jpg\" data-width=\"159\" data-height=\"159\" style=\"aspect-ratio: auto 800 \/ 800;\"><\/span><\/p>\n<table>\n<tbody>\n<tr>\n<td><a href=\"https:\/\/www.tiqets.com\/en\/things-to-do-in-paris-c66746\/tickets-for-eiffel-tower-2nd-floor-and-summit-option-priority-access-p997343\/?partner=most_amazing_places&amp;tq_campaign=ParisEiffelTowerGttd2 \" target=\"_blank\" rel=\"nofollow noopener\" style=\"outline: none;\" data-lt-tmp-id=\"lt-899588\" spellcheck=\"false\">Torre Eiffel: acceso prioritario al segundo piso y cima opcional<\/a><\/td>\n<\/tr>\n<\/tbody>\n<\/table>\n<p dir=\"ltr\">Evite las colas largas y disfrute del acceso prioritario al segundo piso de la Torre Eiffel, donde le esperan unas vistas impresionantes de Par\u00eds. Mejore su experiencia con una visita opcional a la cima para disfrutar de una inolvidable vista panor\u00e1mica de la ciudad.<\/p>\n<h3 style=\"\">Precio total<\/h3>\n<h3 style=\"\">No se le cobrar\u00e1 todav\u00eda<\/h3>\n<p><span># <\/span><strong><span>2<\/span><\/strong><span><img decoding=\"async\" alt=\"Entradas para la visita guiada a la cima de la Torre Eiffel\" data-id=\"10162\" width=\"159\" data-init-width=\"800\" height=\"159\" data-init-height=\"800\" title=\"Entradas para la visita guiada a la cima de la Torre Eiffel\" loading=\"lazy\" src=\"https:\/\/www.paristouristinformation.fr\/es\/wp-content\/uploads\/2024\/09\/Tickets-for-Eiffel-Tower-Summit-Guided-Visit.jpg\" data-width=\"159\" data-height=\"159\" style=\"aspect-ratio: auto 800 \/ 800;\"><\/span><\/p>\n<table>\n<tbody>\n<tr>\n<td><a href=\"https:\/\/www.headout.com\/r\/most-amazing-placesrecommends-A1kJY\/\" target=\"_blank\" rel=\"nofollow noopener\" style=\"outline: none;\" data-lt-tmp-id=\"lt-163467\" spellcheck=\"false\">Experiencia de ascenso a la Torre Eiffel con acceso opcional a la cima y crucero por el r\u00edo Sena<\/a><\/td>\n<\/tr>\n<\/tbody>\n<\/table>\n<p dir=\"ltr\">Sube a la Torre Eiffel con una gu\u00eda para disfrutar de unas vistas impresionantes de Par\u00eds y acceso opcional a la cima. Despu\u00e9s, rel\u00e1jate con un crucero panor\u00e1mico por el r\u00edo Sena a trav\u00e9s de los lugares emblem\u00e1ticos de Par\u00eds.<\/p>\n<h3 style=\"\">Precio total<\/h3>\n<h3 style=\"\">No se le cobrar\u00e1 todav\u00eda<\/h3>\n<\/p>\n<h2><a href=\"https:\/\/www.headout.com\/r\/most-amazing-placesrecommends-5PSvR\/\" target=\"_blank\" rel=\"nofollow noopener\" style=\"outline: none;\">Hacer una reserva<\/a><\/h2>\n<h1><a href=\"https:\/\/www.headout.com\/r\/most-amazing-placesrecommends-5PSvR\/\" target=\"_blank\" rel=\"nofollow noopener\" style=\"outline: none;\"><strong>42,00 \u20ac<\/strong><\/a><\/h1>\n<p style=\"\">No se le cobrar\u00e1 todav\u00eda<\/p>\n","protected":false},"excerpt":{"rendered":"<p>Entradas para la Torre Eiffel con asistente y ascensor hasta la cima o la 2.\u00aa planta Make a reservation 42,00\u20ac Viva la magia de la Torre Eiffel como nunca antes. Explore el primer y segundo piso a 115 metros de este emblem\u00e1tico monumento con un anfitri\u00f3n, o mejore su experiencia para ascender en ascensor hasta [&hellip;]<\/p>\n","protected":false},"author":10,"featured_media":11817,"parent":0,"menu_order":0,"comment_status":"closed","ping_status":"closed","template":"","meta":{"footnotes":""},"tags":[63],"class_list":["post-11813","page","type-page","status-publish","has-post-thumbnail","hentry","tag-paginas-de-venta","post-wrapper","thrv_wrapper"],"wp-worthy-pixel":{"ignored":false,"public":null,"server":null,"url":null},"wp-worthy-type":"normal","_links":{"self":[{"href":"https:\/\/www.paristouristinformation.fr\/es\/wp-json\/wp\/v2\/pages\/11813","targetHints":{"allow":["GET"]}}],"collection":[{"href":"https:\/\/www.paristouristinformation.fr\/es\/wp-json\/wp\/v2\/pages"}],"about":[{"href":"https:\/\/www.paristouristinformation.fr\/es\/wp-json\/wp\/v2\/types\/page"}],"author":[{"embeddable":true,"href":"https:\/\/www.paristouristinformation.fr\/es\/wp-json\/wp\/v2\/users\/10"}],"replies":[{"embeddable":true,"href":"https:\/\/www.paristouristinformation.fr\/es\/wp-json\/wp\/v2\/comments?post=11813"}],"version-history":[{"count":11,"href":"https:\/\/www.paristouristinformation.fr\/es\/wp-json\/wp\/v2\/pages\/11813\/revisions"}],"predecessor-version":[{"id":12502,"href":"https:\/\/www.paristouristinformation.fr\/es\/wp-json\/wp\/v2\/pages\/11813\/revisions\/12502"}],"wp:featuredmedia":[{"embeddable":true,"href":"https:\/\/www.paristouristinformation.fr\/es\/wp-json\/wp\/v2\/media\/11817"}],"wp:attachment":[{"href":"https:\/\/www.paristouristinformation.fr\/es\/wp-json\/wp\/v2\/media?parent=11813"}],"wp:term":[{"taxonomy":"post_tag","embeddable":true,"href":"https:\/\/www.paristouristinformation.fr\/es\/wp-json\/wp\/v2\/tags?post=11813"}],"curies":[{"name":"wp","href":"https:\/\/api.w.org\/{rel}","templated":true}]}}