{"id":11922,"date":"2024-09-18T12:21:02","date_gmt":"2024-09-18T12:21:02","guid":{"rendered":"https:\/\/www.paristouristinformation.fr\/es\/?page_id=11922"},"modified":"2026-01-29T14:21:43","modified_gmt":"2026-01-29T14:21:43","slug":"entrada-al-arco-del-triunfo-acceso-a-la-azotea","status":"publish","type":"page","link":"https:\/\/www.paristouristinformation.fr\/es\/entrada-al-arco-del-triunfo-acceso-a-la-azotea\/","title":{"rendered":"Entrada al Arco del Triunfo + Acceso a la azotea"},"content":{"rendered":"<p><span><img decoding=\"async\" alt=\"\" data-id=\"13418\" width=\"1538\" height=\"1046\" title=\"Entrada al Arco del Triunfo + Acceso a la azotea 2\" src=\"https:\/\/www.paristouristinformation.fr\/es\/wp-content\/uploads\/2024\/09\/Arc-de-Triomphe-Entry-ticket-Rooftop-Access-2-1024x696-1.png\" data-src=\"https:\/\/www.paristouristinformation.fr\/es\/wp-content\/uploads\/2024\/09\/Arc-de-Triomphe-Entry-ticket-Rooftop-Access-2-300x204-1.png\" loading=\"lazy\" data-sizes=\"{&quot;thumbnail&quot;:{&quot;url&quot;:&quot;https:\/\/www.paristouristinformation.fr\/es\/wp-content\/uploads\/2024\/09\/Arc-de-Triomphe-Entry-ticket-Rooftop-Access-2-333x205-1.png&quot;,&quot;height&quot;:205,&quot;width&quot;:333,&quot;orientation&quot;:&quot;landscape&quot;},&quot;medium&quot;:{&quot;url&quot;:&quot;https:\/\/www.paristouristinformation.fr\/es\/wp-content\/uploads\/2024\/09\/Arc-de-Triomphe-Entry-ticket-Rooftop-Access-2-300x204-1.png&quot;,&quot;height&quot;:204,&quot;width&quot;:300,&quot;orientation&quot;:&quot;landscape&quot;},&quot;large&quot;:{&quot;url&quot;:&quot;https:\/\/www.paristouristinformation.fr\/es\/wp-content\/uploads\/2024\/09\/Arc-de-Triomphe-Entry-ticket-Rooftop-Access-2-1024x696-1.png&quot;,&quot;height&quot;:696,&quot;width&quot;:1024,&quot;orientation&quot;:&quot;landscape&quot;},&quot;full&quot;:{&quot;url&quot;:&quot;https:\/\/www.paristouristinformation.fr\/es\/wp-content\/uploads\/2024\/09\/Arc-de-Triomphe-Entry-ticket-Rooftop-Access-2.png&quot;,&quot;height&quot;:1046,&quot;width&quot;:1538,&quot;orientation&quot;:&quot;landscape&quot;},&quot;1536x1536&quot;:{&quot;url&quot;:&quot;https:\/\/www.paristouristinformation.fr\/es\/wp-content\/uploads\/2024\/09\/Arc-de-Triomphe-Entry-ticket-Rooftop-Access-2-1536x1045-1.png&quot;,&quot;height&quot;:1045,&quot;width&quot;:1536,&quot;orientation&quot;:&quot;landscape&quot;}}\"><\/span><span><img decoding=\"async\" alt=\"\" data-id=\"13419\" width=\"1538\" height=\"1010\" title=\"Entrada al Arco del Triunfo + Acceso a la azotea 3\" src=\"https:\/\/www.paristouristinformation.fr\/es\/wp-content\/uploads\/2024\/09\/Arc-de-Triomphe-Entry-ticket-Rooftop-Access-3-1024x672-1.png\" data-src=\"https:\/\/www.paristouristinformation.fr\/es\/wp-content\/uploads\/2024\/09\/Arc-de-Triomphe-Entry-ticket-Rooftop-Access-3-300x197-1.png\" loading=\"lazy\" data-sizes=\"{&quot;thumbnail&quot;:{&quot;url&quot;:&quot;https:\/\/www.paristouristinformation.fr\/es\/wp-content\/uploads\/2024\/09\/Arc-de-Triomphe-Entry-ticket-Rooftop-Access-3-333x205-1.png&quot;,&quot;height&quot;:205,&quot;width&quot;:333,&quot;orientation&quot;:&quot;landscape&quot;},&quot;medium&quot;:{&quot;url&quot;:&quot;https:\/\/www.paristouristinformation.fr\/es\/wp-content\/uploads\/2024\/09\/Arc-de-Triomphe-Entry-ticket-Rooftop-Access-3-300x197-1.png&quot;,&quot;height&quot;:197,&quot;width&quot;:300,&quot;orientation&quot;:&quot;landscape&quot;},&quot;large&quot;:{&quot;url&quot;:&quot;https:\/\/www.paristouristinformation.fr\/es\/wp-content\/uploads\/2024\/09\/Arc-de-Triomphe-Entry-ticket-Rooftop-Access-3-1024x672-1.png&quot;,&quot;height&quot;:672,&quot;width&quot;:1024,&quot;orientation&quot;:&quot;landscape&quot;},&quot;full&quot;:{&quot;url&quot;:&quot;https:\/\/www.paristouristinformation.fr\/es\/wp-content\/uploads\/2024\/09\/Arc-de-Triomphe-Entry-ticket-Rooftop-Access-3.png&quot;,&quot;height&quot;:1010,&quot;width&quot;:1538,&quot;orientation&quot;:&quot;landscape&quot;},&quot;1536x1536&quot;:{&quot;url&quot;:&quot;https:\/\/www.paristouristinformation.fr\/es\/wp-content\/uploads\/2024\/09\/Arc-de-Triomphe-Entry-ticket-Rooftop-Access-3-1536x1009-1.png&quot;,&quot;height&quot;:1009,&quot;width&quot;:1536,&quot;orientation&quot;:&quot;landscape&quot;}}\"><\/span><span><img decoding=\"async\" alt=\"\" data-id=\"13417\" width=\"1192\" height=\"902\" title=\"Entrada al Arco del Triunfo + Acceso a la azotea 6\" src=\"https:\/\/www.paristouristinformation.fr\/es\/wp-content\/uploads\/2024\/09\/Arc-de-Triomphe-Entry-ticket-Rooftop-Access-6-1024x775-1.png\" data-src=\"https:\/\/www.paristouristinformation.fr\/es\/wp-content\/uploads\/2024\/09\/Arc-de-Triomphe-Entry-ticket-Rooftop-Access-6-300x227-1.png\" loading=\"lazy\" data-sizes=\"{&quot;thumbnail&quot;:{&quot;url&quot;:&quot;https:\/\/www.paristouristinformation.fr\/es\/wp-content\/uploads\/2024\/09\/Arc-de-Triomphe-Entry-ticket-Rooftop-Access-6-333x205-1.png&quot;,&quot;height&quot;:205,&quot;width&quot;:333,&quot;orientation&quot;:&quot;landscape&quot;},&quot;medium&quot;:{&quot;url&quot;:&quot;https:\/\/www.paristouristinformation.fr\/es\/wp-content\/uploads\/2024\/09\/Arc-de-Triomphe-Entry-ticket-Rooftop-Access-6-300x227-1.png&quot;,&quot;height&quot;:227,&quot;width&quot;:300,&quot;orientation&quot;:&quot;landscape&quot;},&quot;large&quot;:{&quot;url&quot;:&quot;https:\/\/www.paristouristinformation.fr\/es\/wp-content\/uploads\/2024\/09\/Arc-de-Triomphe-Entry-ticket-Rooftop-Access-6-1024x775-1.png&quot;,&quot;height&quot;:775,&quot;width&quot;:1024,&quot;orientation&quot;:&quot;landscape&quot;},&quot;full&quot;:{&quot;url&quot;:&quot;https:\/\/www.paristouristinformation.fr\/es\/wp-content\/uploads\/2024\/09\/Arc-de-Triomphe-Entry-ticket-Rooftop-Access-6.png&quot;,&quot;height&quot;:902,&quot;width&quot;:1192,&quot;orientation&quot;:&quot;landscape&quot;}}\"><\/span><span><img decoding=\"async\" alt=\"\" data-id=\"13415\" width=\"1528\" height=\"1064\" title=\"Entrada al Arco del Triunfo + acceso a la azotea 5\" src=\"https:\/\/www.paristouristinformation.fr\/es\/wp-content\/uploads\/2024\/09\/Arc-de-Triomphe-Entry-ticket-Rooftop-Access-5-1024x713-1.png\" data-src=\"https:\/\/www.paristouristinformation.fr\/es\/wp-content\/uploads\/2024\/09\/Arc-de-Triomphe-Entry-ticket-Rooftop-Access-5-300x209-1.png\" loading=\"lazy\" data-sizes=\"{&quot;thumbnail&quot;:{&quot;url&quot;:&quot;https:\/\/www.paristouristinformation.fr\/es\/wp-content\/uploads\/2024\/09\/Arc-de-Triomphe-Entry-ticket-Rooftop-Access-5-333x205-1.png&quot;,&quot;height&quot;:205,&quot;width&quot;:333,&quot;orientation&quot;:&quot;landscape&quot;},&quot;medium&quot;:{&quot;url&quot;:&quot;https:\/\/www.paristouristinformation.fr\/es\/wp-content\/uploads\/2024\/09\/Arc-de-Triomphe-Entry-ticket-Rooftop-Access-5-300x209-1.png&quot;,&quot;height&quot;:209,&quot;width&quot;:300,&quot;orientation&quot;:&quot;landscape&quot;},&quot;large&quot;:{&quot;url&quot;:&quot;https:\/\/www.paristouristinformation.fr\/es\/wp-content\/uploads\/2024\/09\/Arc-de-Triomphe-Entry-ticket-Rooftop-Access-5-1024x713-1.png&quot;,&quot;height&quot;:713,&quot;width&quot;:1024,&quot;orientation&quot;:&quot;landscape&quot;},&quot;full&quot;:{&quot;url&quot;:&quot;https:\/\/www.paristouristinformation.fr\/es\/wp-content\/uploads\/2024\/09\/Arc-de-Triomphe-Entry-ticket-Rooftop-Access-5.png&quot;,&quot;height&quot;:1064,&quot;width&quot;:1528,&quot;orientation&quot;:&quot;landscape&quot;}}\"><\/span><span><img decoding=\"async\" alt=\"\" data-id=\"13420\" width=\"1544\" height=\"978\" title=\"Entrada al Arco del Triunfo + acceso a la azotea 4\" src=\"https:\/\/www.paristouristinformation.fr\/es\/wp-content\/uploads\/2024\/09\/Arc-de-Triomphe-Entry-ticket-Rooftop-Access-4-1024x649-1.png\" data-src=\"https:\/\/www.paristouristinformation.fr\/es\/wp-content\/uploads\/2024\/09\/Arc-de-Triomphe-Entry-ticket-Rooftop-Access-4-300x190-1.png\" loading=\"lazy\" data-sizes=\"{&quot;thumbnail&quot;:{&quot;url&quot;:&quot;https:\/\/www.paristouristinformation.fr\/es\/wp-content\/uploads\/2024\/09\/Arc-de-Triomphe-Entry-ticket-Rooftop-Access-4-333x205-1.png&quot;,&quot;height&quot;:205,&quot;width&quot;:333,&quot;orientation&quot;:&quot;landscape&quot;},&quot;medium&quot;:{&quot;url&quot;:&quot;https:\/\/www.paristouristinformation.fr\/es\/wp-content\/uploads\/2024\/09\/Arc-de-Triomphe-Entry-ticket-Rooftop-Access-4-300x190-1.png&quot;,&quot;height&quot;:190,&quot;width&quot;:300,&quot;orientation&quot;:&quot;landscape&quot;},&quot;large&quot;:{&quot;url&quot;:&quot;https:\/\/www.paristouristinformation.fr\/es\/wp-content\/uploads\/2024\/09\/Arc-de-Triomphe-Entry-ticket-Rooftop-Access-4-1024x649-1.png&quot;,&quot;height&quot;:649,&quot;width&quot;:1024,&quot;orientation&quot;:&quot;landscape&quot;},&quot;full&quot;:{&quot;url&quot;:&quot;https:\/\/www.paristouristinformation.fr\/es\/wp-content\/uploads\/2024\/09\/Arc-de-Triomphe-Entry-ticket-Rooftop-Access-4.png&quot;,&quot;height&quot;:978,&quot;width&quot;:1544,&quot;orientation&quot;:&quot;landscape&quot;},&quot;1536x1536&quot;:{&quot;url&quot;:&quot;https:\/\/www.paristouristinformation.fr\/es\/wp-content\/uploads\/2024\/09\/Arc-de-Triomphe-Entry-ticket-Rooftop-Access-4-1536x973-1.png&quot;,&quot;height&quot;:973,&quot;width&quot;:1536,&quot;orientation&quot;:&quot;landscape&quot;}}\"><\/span><\/p>\n<h1 data-qa-marker=\"product-name\">Entrada al Arco del Triunfo + Acceso a la azotea<\/h1>\n<h2><a href=\"https:\/\/www.headout.com\/r\/most-amazing-placesrecommends-8ffco\/\" target=\"_blank\" rel=\"nofollow noopener\" style=\"outline: none;\">Hacer una reserva<\/a><\/h2>\n<h1><a href=\"https:\/\/www.headout.com\/r\/most-amazing-placesrecommends-8ffco\/\" target=\"_blank\" rel=\"nofollow noopener\" style=\"outline: none;\"><strong>Desde 15,51\u20ac<\/strong><\/a><\/h1>\n<p dir=\"ltr\">Experimente Par\u00eds desde una perspectiva completamente nueva con la entrada al emblem\u00e1tico Arco del Triunfo. Disfrute de impresionantes vistas panor\u00e1micas de la Ciudad de la Luz desde la azotea y explore la rica historia de esta obra maestra neocl\u00e1sica.<\/p>\n<ul>\n<li style=\"\"><span style=\"\">Se aceptan billetes impresos o en el m\u00f3vil&nbsp;<\/span><\/li>\n<li style=\"\">                    <span style=\"\">Confirmaci\u00f3n instant\u00e1nea<\/span><\/li>\n<li style=\"\"><span style=\"\">Entradas para el d\u00eda abierto<\/span><\/li>\n<li style=\"\"><span style=\"\">Validez extendida<\/span><\/li>\n<\/ul>\n<h2>Qu\u00e9 incluye<\/h2>\n<ul>\n<li style=\"\">                    <span>Entrada al Arco del Triunfo<\/span><\/li>\n<li style=\"\">                    <span>Acceso a la plataforma de observaci\u00f3n de la azotea.<\/span><\/li>\n<li style=\"\">                    <span>Folletos informativos en 10 idiomas<\/span><\/li>\n<li><span>Audiogu\u00eda de 1,5 horas (opcional)<\/span><\/li>\n<\/ul>\n<h2>Qu\u00e9 no est\u00e1 incluido<\/h2>\n<ul>\n<li style=\"\"><span>Visita guiada<\/span><\/li>\n<\/ul>\n<h2>Informaci\u00f3n importante<\/h2>\n<ul>\n<li style=\"\"><span>Tu entrada es de d\u00eda abierto, lo que te permite visitar el museo en cualquier momento dentro del horario de apertura de la fecha seleccionada.<\/span><\/li>\n<li><span>Se accede al Arco de Triunfo a trav\u00e9s de la pasarela subterr\u00e1nea desde la avenida de los Campos El\u00edseos o la Grande Arm\u00e9e.<\/span><\/li>\n<li><span>Se requieren controles de seguridad antes de entrar.<\/span><\/li>\n<li><span>El ascensor s\u00f3lo es accesible para usuarios de sillas de ruedas, de lo contrario hay que subir 284 escalones para llegar a la cima.<\/span><\/li>\n<li><span>No se permite la entrada con bolsos o art\u00edculos que superen las dimensiones de 40 cm x 40 cm x 20 cm ni con cochecitos de beb\u00e9.<\/span><\/li>\n<li><span>La \u00faltima admisi\u00f3n es 45 minutos antes de la hora de cierre.<\/span><\/li>\n<li><span>La audiogu\u00eda opcional est\u00e1 disponible en ingl\u00e9s, espa\u00f1ol, franc\u00e9s, alem\u00e1n e italiano. Por favor, act\u00edvela y desc\u00e1rguela con antelaci\u00f3n, ya que la conexi\u00f3n Wi-Fi es deficiente.<\/span><\/li>\n<\/ul>\n<h2>Descripci\u00f3n:<\/h2>\n<p dir=\"ltr\">Descubra una de las vistas m\u00e1s inolvidables de Par\u00eds desde lo <strong>alto del Arco del Triunfo.<\/strong> Esta maravilla neocl\u00e1sica, inspirada en los arcos triunfales romanos, ofrece una <strong>panor\u00e1mica de 360 \u200b\u200bgrados<\/strong> de las avenidas m\u00e1s emblem\u00e1ticas de la ciudad. Sum\u00e9rjase en la historia mientras explora las intrincadas esculturas del monumento y aprenda sobre su importancia mientras visita la <strong>Tumba del Soldado Desconocido.<\/strong><\/p>\n<h2>Reflejos:<\/h2>\n<ul>\n<li><strong>&nbsp;<\/strong>Sube a la cima de un arco neocl\u00e1sico de 50 metros de altura para disfrutar de vistas panor\u00e1micas de la Torre Eiffel, la Tour Montparnasse, Montmartre y m\u00e1s.<\/li>\n<li>Contempla las principales avenidas de Par\u00eds que irradian desde el Arco del Triunfo.<\/li>\n<li dir=\"ltr\">Explora las detalladas esculturas en relieve y los frisos que adornan el monumento.<\/li>\n<li dir=\"ltr\">Visita la Tumba del Soldado Desconocido: un homenaje a los soldados franceses que murieron en la Primera Guerra Mundial.<\/li>\n<li dir=\"ltr\">Sea testigo de la ceremonia de la llama eterna, que se reaviva diariamente a las 18:30.<\/li>\n<li dir=\"ltr\">Disfrute de una exposici\u00f3n que profundiza en la importancia hist\u00f3rica y cultural del Arco.<\/li>\n<\/ul>\n<h2>Arco del Triunfo<\/h2>\n<p dir=\"ltr\">Pl. Charles de Gaulle, 75008 Par\u00eds<\/p>\n<h2>Pol\u00edtica de cancelaci\u00f3n<\/h2>\n<p dir=\"ltr\">Estos billetes no se pueden cancelar.<\/p>\n<h2>Punto de encuentro e instrucciones<\/h2>\n<p dir=\"ltr\">Para acceder al Arco de Triunfo, utilice el paso subterr\u00e1neo desde la Avenida de los Campos El\u00edseos o la Grande Arm\u00e9e. Despu\u00e9s de pasar el control de seguridad, presente su billete en la entrada para escanearlo.<\/p>\n<p><a href=\"https:\/\/www.google.com\/maps\/search\/?api=1&amp;query=Place%20Charles%20de%20Gaulle%2075008%20Paris\" style=\"outline: none;\" data-lt-tmp-id=\"lt-755238\" spellcheck=\"false\" target=\"_blank\" rel=\"nofollow noopener\">Abrir en Maps<\/a><\/p>\n<h2>Rese\u00f1as y valoraciones<\/h2>\n<p><strong>4.2\/ 5&nbsp;  <\/strong><strong>(6700 opiniones)<\/strong><\/p>\n<p dir=\"ltr\"><em>\u201cExcelente. El check-in fue muy f\u00e1cil gracias a los tickets con c\u00f3digo QR de Tiqets. Fue divertido subir hasta el techo. En un d\u00eda despejado, tener una vista de 360 \u200b\u200bgrados de Par\u00eds no tiene precio. Nos alegra haberlo hecho\u201d.<\/em> Sandip, Estados Unidos, julio de 2024 <a href=\"https:\/\/www.headout.com\/r\/most-amazing-placesrecommends-8ffco\/\" target=\"_blank\" rel=\"nofollow noopener\" data-lt-tmp-id=\"lt-557986\" spellcheck=\"false\" style=\"outline: none;\">&gt;&gt; Ver m\u00e1s opiniones<\/a><\/p>\n<h2>Algunas actividades que te pueden gustar<\/h2>\n<p><span># <\/span><strong><span>2<\/span><\/strong><span># <\/span><strong><span>2<\/span><\/strong><span><img decoding=\"async\" alt=\"\" data-id=\"13410\" width=\"159\" data-init-width=\"930\" height=\"99\" data-init-height=\"581\" title=\"Combo (ahorre un 15 %): entradas a la azotea del Arco de Triunfo y crucero por el r\u00edo Sena\" loading=\"lazy\" src=\"https:\/\/paristouristinformation.fr\/wp-content\/uploads\/2024\/08\/Combo-Save-15-Arc-de-Triomphe-Rooftop-Seine-River-Cruise-Tickets-.avif\" data-width=\"159\" data-height=\"99\" style=\"aspect-ratio: auto 930 \/ 581;\"><\/span><\/p>\n<table>\n<tbody>\n<tr>\n<td><a href=\"https:\/\/www.headout.com\/r\/most-amazing-placesrecommends-B8eMl\/\" target=\"_blank\" rel=\"nofollow noopener\" style=\"outline: none;\" data-lt-tmp-id=\"lt-815264\" spellcheck=\"false\">Combo (ahorre un 15 %): entradas a la azotea del Arco de Triunfo + crucero por el Sena<\/a><\/td>\n<\/tr>\n<\/tbody>\n<\/table>\n<p dir=\"ltr\">Ahorre dinero con esta entrada combinada para la azotea del Arco de Triunfo y un crucero por el r\u00edo Sena. Disfrute de impresionantes vistas panor\u00e1micas de Par\u00eds desde la azotea del Arco, seguidas de un relajante crucero por el Sena.<\/p>\n<h3 style=\"\">Precio total<\/h3>\n<h3 style=\"\">No se le cobrar\u00e1 todav\u00eda<\/h3>\n<p><span># <\/span><strong><span>2<\/span><\/strong><span><img decoding=\"async\" alt=\"\" data-id=\"13412\" width=\"159\" data-init-width=\"1185\" height=\"83\" data-init-height=\"616\" title=\"Par\u00eds: recorrido en autob\u00fas tur\u00edstico con paradas libres Tootbus\" loading=\"lazy\" src=\"https:\/\/www.paristouristinformation.fr\/es\/wp-content\/uploads\/2024\/09\/Paris-Tootbus-Hop-on-Hop-off-Discovery-Bus-Tour.jpg\" data-width=\"159\" data-height=\"83\" style=\"aspect-ratio: auto 1185 \/ 616;\"><\/span><\/p>\n<table>\n<tbody>\n<tr>\n<td><a href=\"https:\/\/gyg.me\/LgS5wsQ9\" target=\"_blank\" rel=\"nofollow noopener\" style=\"outline: none;\" data-lt-tmp-id=\"lt-163467\" spellcheck=\"false\">Par\u00eds: recorrido tur\u00edstico en autob\u00fas con paradas libres Tootbus<\/a><\/td>\n<\/tr>\n<\/tbody>\n<\/table>\n<p>Explora Par\u00eds a tu propio ritmo con el autob\u00fas tur\u00edstico de Tootbus. Elige un alojamiento de 1, 2 o 3 d\u00edas y disfruta de la libertad de un autob\u00fas descapotable para ver las principales atracciones de la ciudad.<\/p>\n<h3 style=\"\">Precio total<\/h3>\n<h3 style=\"\">No se le cobrar\u00e1 todav\u00eda<\/h3>\n<\/p>\n<h2><a href=\"https:\/\/www.headout.com\/r\/most-amazing-placesrecommends-8ffco\/\" target=\"_blank\" rel=\"nofollow noopener\" style=\"outline: none;\">Hacer una reserva<\/a><\/h2>\n<h1><a href=\"https:\/\/www.headout.com\/r\/most-amazing-placesrecommends-8ffco\/\" target=\"_blank\" rel=\"nofollow noopener\" style=\"outline: none;\" data-lt-tmp-id=\"lt-459634\" spellcheck=\"false\"><strong>Desde 15,51\u20ac<\/strong><\/a><\/h1>\n<p style=\"\">No se le cobrar\u00e1 todav\u00eda<\/p>\n<p>__Edici\u00f3n_de_grupo_CONFIG___{}__Edici\u00f3n_de_grupo_CONFIG__<\/p>\n","protected":false},"excerpt":{"rendered":"<p>Entrada al Arco del Triunfo + Acceso a la azotea Hacer una reserva Desde 15,51\u20ac Experimente Par\u00eds desde una perspectiva completamente nueva con la entrada al emblem\u00e1tico Arco del Triunfo. Disfrute de impresionantes vistas panor\u00e1micas de la Ciudad de la Luz desde la azotea y explore la rica historia de esta obra maestra neocl\u00e1sica. Se [&hellip;]<\/p>\n","protected":false},"author":10,"featured_media":728,"parent":0,"menu_order":0,"comment_status":"closed","ping_status":"closed","template":"","meta":{"footnotes":""},"tags":[63],"class_list":["post-11922","page","type-page","status-publish","has-post-thumbnail","hentry","tag-paginas-de-venta","post-wrapper","thrv_wrapper"],"wp-worthy-pixel":{"ignored":false,"public":null,"server":null,"url":null},"wp-worthy-type":"normal","_links":{"self":[{"href":"https:\/\/www.paristouristinformation.fr\/es\/wp-json\/wp\/v2\/pages\/11922","targetHints":{"allow":["GET"]}}],"collection":[{"href":"https:\/\/www.paristouristinformation.fr\/es\/wp-json\/wp\/v2\/pages"}],"about":[{"href":"https:\/\/www.paristouristinformation.fr\/es\/wp-json\/wp\/v2\/types\/page"}],"author":[{"embeddable":true,"href":"https:\/\/www.paristouristinformation.fr\/es\/wp-json\/wp\/v2\/users\/10"}],"replies":[{"embeddable":true,"href":"https:\/\/www.paristouristinformation.fr\/es\/wp-json\/wp\/v2\/comments?post=11922"}],"version-history":[{"count":4,"href":"https:\/\/www.paristouristinformation.fr\/es\/wp-json\/wp\/v2\/pages\/11922\/revisions"}],"predecessor-version":[{"id":12226,"href":"https:\/\/www.paristouristinformation.fr\/es\/wp-json\/wp\/v2\/pages\/11922\/revisions\/12226"}],"wp:featuredmedia":[{"embeddable":true,"href":"https:\/\/www.paristouristinformation.fr\/es\/wp-json\/wp\/v2\/media\/728"}],"wp:attachment":[{"href":"https:\/\/www.paristouristinformation.fr\/es\/wp-json\/wp\/v2\/media?parent=11922"}],"wp:term":[{"taxonomy":"post_tag","embeddable":true,"href":"https:\/\/www.paristouristinformation.fr\/es\/wp-json\/wp\/v2\/tags?post=11922"}],"curies":[{"name":"wp","href":"https:\/\/api.w.org\/{rel}","templated":true}]}}