{"id":11956,"date":"2024-09-18T13:43:42","date_gmt":"2024-09-18T13:43:42","guid":{"rendered":"https:\/\/www.paristouristinformation.fr\/es\/?page_id=11956"},"modified":"2024-09-18T13:46:16","modified_gmt":"2024-09-18T13:46:16","slug":"espectaculo-del-moulin-rouge-con-champan","status":"publish","type":"page","link":"https:\/\/www.paristouristinformation.fr\/es\/espectaculo-del-moulin-rouge-con-champan\/","title":{"rendered":"Espect\u00e1culo del Moulin Rouge con champ\u00e1n"},"content":{"rendered":"<p><span><img decoding=\"async\" alt=\"\" data-id=\"13441\" width=\"1838\" height=\"1086\" title=\"Entrada al espect\u00e1culo de cabaret Moulin Rouge con champ\u00e1n 1\" src=\"https:\/\/www.paristouristinformation.fr\/es\/wp-content\/uploads\/2024\/09\/Moulin-Rouge-Cabaret-Show-Ticket-with-Champagne-1-1024x605-1.png\" data-src=\"https:\/\/www.paristouristinformation.fr\/es\/wp-content\/uploads\/2024\/09\/Moulin-Rouge-Cabaret-Show-Ticket-with-Champagne-1-300x177-1.png\" loading=\"lazy\" data-sizes=\"{&quot;thumbnail&quot;:{&quot;url&quot;:&quot;https:\/\/www.paristouristinformation.fr\/es\/wp-content\/uploads\/2024\/09\/Moulin-Rouge-Cabaret-Show-Ticket-with-Champagne-1-333x205-1.png&quot;,&quot;height&quot;:205,&quot;width&quot;:333,&quot;orientation&quot;:&quot;landscape&quot;},&quot;medium&quot;:{&quot;url&quot;:&quot;https:\/\/www.paristouristinformation.fr\/es\/wp-content\/uploads\/2024\/09\/Moulin-Rouge-Cabaret-Show-Ticket-with-Champagne-1-300x177-1.png&quot;,&quot;height&quot;:177,&quot;width&quot;:300,&quot;orientation&quot;:&quot;landscape&quot;},&quot;large&quot;:{&quot;url&quot;:&quot;https:\/\/www.paristouristinformation.fr\/es\/wp-content\/uploads\/2024\/09\/Moulin-Rouge-Cabaret-Show-Ticket-with-Champagne-1-1024x605-1.png&quot;,&quot;height&quot;:605,&quot;width&quot;:1024,&quot;orientation&quot;:&quot;landscape&quot;},&quot;full&quot;:{&quot;url&quot;:&quot;https:\/\/www.paristouristinformation.fr\/es\/wp-content\/uploads\/2024\/09\/Moulin-Rouge-Cabaret-Show-Ticket-with-Champagne-1.png&quot;,&quot;height&quot;:1086,&quot;width&quot;:1838,&quot;orientation&quot;:&quot;landscape&quot;},&quot;1536x1536&quot;:{&quot;url&quot;:&quot;https:\/\/www.paristouristinformation.fr\/es\/wp-content\/uploads\/2024\/09\/Moulin-Rouge-Cabaret-Show-Ticket-with-Champagne-1-1536x908-1.png&quot;,&quot;height&quot;:908,&quot;width&quot;:1536,&quot;orientation&quot;:&quot;landscape&quot;}}\"><\/span><span><img decoding=\"async\" alt=\"\" data-id=\"13440\" width=\"1638\" height=\"1012\" title=\"Entrada al espect\u00e1culo de cabaret Moulin Rouge con champ\u00e1n 5\" src=\"https:\/\/www.paristouristinformation.fr\/es\/wp-content\/uploads\/2024\/09\/Moulin-Rouge-Cabaret-Show-Ticket-with-Champagne-5-1024x633-1.png\" data-src=\"https:\/\/www.paristouristinformation.fr\/es\/wp-content\/uploads\/2024\/09\/Moulin-Rouge-Cabaret-Show-Ticket-with-Champagne-5-300x185-1.png\" loading=\"lazy\" data-sizes=\"{&quot;thumbnail&quot;:{&quot;url&quot;:&quot;https:\/\/www.paristouristinformation.fr\/es\/wp-content\/uploads\/2024\/09\/Moulin-Rouge-Cabaret-Show-Ticket-with-Champagne-5-333x205-1.png&quot;,&quot;height&quot;:205,&quot;width&quot;:333,&quot;orientation&quot;:&quot;landscape&quot;},&quot;medium&quot;:{&quot;url&quot;:&quot;https:\/\/www.paristouristinformation.fr\/es\/wp-content\/uploads\/2024\/09\/Moulin-Rouge-Cabaret-Show-Ticket-with-Champagne-5-300x185-1.png&quot;,&quot;height&quot;:185,&quot;width&quot;:300,&quot;orientation&quot;:&quot;landscape&quot;},&quot;large&quot;:{&quot;url&quot;:&quot;https:\/\/www.paristouristinformation.fr\/es\/wp-content\/uploads\/2024\/09\/Moulin-Rouge-Cabaret-Show-Ticket-with-Champagne-5-1024x633-1.png&quot;,&quot;height&quot;:633,&quot;width&quot;:1024,&quot;orientation&quot;:&quot;landscape&quot;},&quot;full&quot;:{&quot;url&quot;:&quot;https:\/\/www.paristouristinformation.fr\/es\/wp-content\/uploads\/2024\/09\/Moulin-Rouge-Cabaret-Show-Ticket-with-Champagne-5.png&quot;,&quot;height&quot;:1012,&quot;width&quot;:1638,&quot;orientation&quot;:&quot;landscape&quot;},&quot;1536x1536&quot;:{&quot;url&quot;:&quot;https:\/\/www.paristouristinformation.fr\/es\/wp-content\/uploads\/2024\/09\/Moulin-Rouge-Cabaret-Show-Ticket-with-Champagne-5-1536x949-1.png&quot;,&quot;height&quot;:949,&quot;width&quot;:1536,&quot;orientation&quot;:&quot;landscape&quot;}}\"><\/span><span><img decoding=\"async\" alt=\"\" data-id=\"13442\" width=\"1676\" height=\"1078\" title=\"Entrada al espect\u00e1culo de cabaret Moulin Rouge con champ\u00e1n 6\" src=\"https:\/\/www.paristouristinformation.fr\/es\/wp-content\/uploads\/2024\/09\/Moulin-Rouge-Cabaret-Show-Ticket-with-Champagne-6-1024x659-1.png\" data-src=\"https:\/\/www.paristouristinformation.fr\/es\/wp-content\/uploads\/2024\/09\/Moulin-Rouge-Cabaret-Show-Ticket-with-Champagne-6-300x193-1.png\" loading=\"lazy\" data-sizes=\"{&quot;thumbnail&quot;:{&quot;url&quot;:&quot;https:\/\/www.paristouristinformation.fr\/es\/wp-content\/uploads\/2024\/09\/Moulin-Rouge-Cabaret-Show-Ticket-with-Champagne-6-333x205-1.png&quot;,&quot;height&quot;:205,&quot;width&quot;:333,&quot;orientation&quot;:&quot;landscape&quot;},&quot;medium&quot;:{&quot;url&quot;:&quot;https:\/\/www.paristouristinformation.fr\/es\/wp-content\/uploads\/2024\/09\/Moulin-Rouge-Cabaret-Show-Ticket-with-Champagne-6-300x193-1.png&quot;,&quot;height&quot;:193,&quot;width&quot;:300,&quot;orientation&quot;:&quot;landscape&quot;},&quot;large&quot;:{&quot;url&quot;:&quot;https:\/\/www.paristouristinformation.fr\/es\/wp-content\/uploads\/2024\/09\/Moulin-Rouge-Cabaret-Show-Ticket-with-Champagne-6-1024x659-1.png&quot;,&quot;height&quot;:659,&quot;width&quot;:1024,&quot;orientation&quot;:&quot;landscape&quot;},&quot;full&quot;:{&quot;url&quot;:&quot;https:\/\/www.paristouristinformation.fr\/es\/wp-content\/uploads\/2024\/09\/Moulin-Rouge-Cabaret-Show-Ticket-with-Champagne-6.png&quot;,&quot;height&quot;:1078,&quot;width&quot;:1676,&quot;orientation&quot;:&quot;landscape&quot;},&quot;1536x1536&quot;:{&quot;url&quot;:&quot;https:\/\/www.paristouristinformation.fr\/es\/wp-content\/uploads\/2024\/09\/Moulin-Rouge-Cabaret-Show-Ticket-with-Champagne-6-1536x988-1.png&quot;,&quot;height&quot;:988,&quot;width&quot;:1536,&quot;orientation&quot;:&quot;landscape&quot;}}\"><\/span><span><img decoding=\"async\" alt=\"\" data-id=\"13443\" width=\"1596\" height=\"1060\" title=\"Entrada al espect\u00e1culo de cabaret Moulin Rouge con champ\u00e1n 2\" src=\"https:\/\/www.paristouristinformation.fr\/es\/wp-content\/uploads\/2024\/09\/Moulin-Rouge-Cabaret-Show-Ticket-with-Champagne-2-1024x680-1.png\" data-src=\"https:\/\/www.paristouristinformation.fr\/es\/wp-content\/uploads\/2024\/09\/Moulin-Rouge-Cabaret-Show-Ticket-with-Champagne-2-300x199-1.png\" loading=\"lazy\" data-sizes=\"{&quot;thumbnail&quot;:{&quot;url&quot;:&quot;https:\/\/www.paristouristinformation.fr\/es\/wp-content\/uploads\/2024\/09\/Moulin-Rouge-Cabaret-Show-Ticket-with-Champagne-2-333x205-1.png&quot;,&quot;height&quot;:205,&quot;width&quot;:333,&quot;orientation&quot;:&quot;landscape&quot;},&quot;medium&quot;:{&quot;url&quot;:&quot;https:\/\/www.paristouristinformation.fr\/es\/wp-content\/uploads\/2024\/09\/Moulin-Rouge-Cabaret-Show-Ticket-with-Champagne-2-300x199-1.png&quot;,&quot;height&quot;:199,&quot;width&quot;:300,&quot;orientation&quot;:&quot;landscape&quot;},&quot;large&quot;:{&quot;url&quot;:&quot;https:\/\/www.paristouristinformation.fr\/es\/wp-content\/uploads\/2024\/09\/Moulin-Rouge-Cabaret-Show-Ticket-with-Champagne-2-1024x680-1.png&quot;,&quot;height&quot;:680,&quot;width&quot;:1024,&quot;orientation&quot;:&quot;landscape&quot;},&quot;full&quot;:{&quot;url&quot;:&quot;https:\/\/www.paristouristinformation.fr\/es\/wp-content\/uploads\/2024\/09\/Moulin-Rouge-Cabaret-Show-Ticket-with-Champagne-2.png&quot;,&quot;height&quot;:1060,&quot;width&quot;:1596,&quot;orientation&quot;:&quot;landscape&quot;},&quot;1536x1536&quot;:{&quot;url&quot;:&quot;https:\/\/www.paristouristinformation.fr\/es\/wp-content\/uploads\/2024\/09\/Moulin-Rouge-Cabaret-Show-Ticket-with-Champagne-2-1536x1020-1.png&quot;,&quot;height&quot;:1020,&quot;width&quot;:1536,&quot;orientation&quot;:&quot;landscape&quot;}}\"><\/span><span><img decoding=\"async\" alt=\"\" data-id=\"13444\" width=\"1586\" height=\"1050\" title=\"Entrada al espect\u00e1culo de cabaret Moulin Rouge con champ\u00e1n 3\" src=\"https:\/\/www.paristouristinformation.fr\/es\/wp-content\/uploads\/2024\/09\/Moulin-Rouge-Cabaret-Show-Ticket-with-Champagne-3-1024x678-1.png\" data-src=\"https:\/\/www.paristouristinformation.fr\/es\/wp-content\/uploads\/2024\/09\/Moulin-Rouge-Cabaret-Show-Ticket-with-Champagne-3-300x199-1.png\" loading=\"lazy\" data-sizes=\"{&quot;thumbnail&quot;:{&quot;url&quot;:&quot;https:\/\/www.paristouristinformation.fr\/es\/wp-content\/uploads\/2024\/09\/Moulin-Rouge-Cabaret-Show-Ticket-with-Champagne-3-333x205-1.png&quot;,&quot;height&quot;:205,&quot;width&quot;:333,&quot;orientation&quot;:&quot;landscape&quot;},&quot;medium&quot;:{&quot;url&quot;:&quot;https:\/\/www.paristouristinformation.fr\/es\/wp-content\/uploads\/2024\/09\/Moulin-Rouge-Cabaret-Show-Ticket-with-Champagne-3-300x199-1.png&quot;,&quot;height&quot;:199,&quot;width&quot;:300,&quot;orientation&quot;:&quot;landscape&quot;},&quot;large&quot;:{&quot;url&quot;:&quot;https:\/\/www.paristouristinformation.fr\/es\/wp-content\/uploads\/2024\/09\/Moulin-Rouge-Cabaret-Show-Ticket-with-Champagne-3-1024x678-1.png&quot;,&quot;height&quot;:678,&quot;width&quot;:1024,&quot;orientation&quot;:&quot;landscape&quot;},&quot;full&quot;:{&quot;url&quot;:&quot;https:\/\/www.paristouristinformation.fr\/es\/wp-content\/uploads\/2024\/09\/Moulin-Rouge-Cabaret-Show-Ticket-with-Champagne-3.png&quot;,&quot;height&quot;:1050,&quot;width&quot;:1586,&quot;orientation&quot;:&quot;landscape&quot;},&quot;1536x1536&quot;:{&quot;url&quot;:&quot;https:\/\/www.paristouristinformation.fr\/es\/wp-content\/uploads\/2024\/09\/Moulin-Rouge-Cabaret-Show-Ticket-with-Champagne-3-1536x1017-1.png&quot;,&quot;height&quot;:1017,&quot;width&quot;:1536,&quot;orientation&quot;:&quot;landscape&quot;}}\"><\/span><span><img decoding=\"async\" alt=\"\" data-id=\"13445\" width=\"1734\" height=\"1104\" title=\"Entrada al espect\u00e1culo de cabaret Moulin Rouge con champ\u00e1n 4\" src=\"https:\/\/www.paristouristinformation.fr\/es\/wp-content\/uploads\/2024\/09\/Moulin-Rouge-Cabaret-Show-Ticket-with-Champagne-4-1024x652-1.png\" data-src=\"https:\/\/www.paristouristinformation.fr\/es\/wp-content\/uploads\/2024\/09\/Moulin-Rouge-Cabaret-Show-Ticket-with-Champagne-4-300x191-1.png\" loading=\"lazy\" data-sizes=\"{&quot;thumbnail&quot;:{&quot;url&quot;:&quot;https:\/\/www.paristouristinformation.fr\/es\/wp-content\/uploads\/2024\/09\/Moulin-Rouge-Cabaret-Show-Ticket-with-Champagne-4-333x205-1.png&quot;,&quot;height&quot;:205,&quot;width&quot;:333,&quot;orientation&quot;:&quot;landscape&quot;},&quot;medium&quot;:{&quot;url&quot;:&quot;https:\/\/www.paristouristinformation.fr\/es\/wp-content\/uploads\/2024\/09\/Moulin-Rouge-Cabaret-Show-Ticket-with-Champagne-4-300x191-1.png&quot;,&quot;height&quot;:191,&quot;width&quot;:300,&quot;orientation&quot;:&quot;landscape&quot;},&quot;large&quot;:{&quot;url&quot;:&quot;https:\/\/www.paristouristinformation.fr\/es\/wp-content\/uploads\/2024\/09\/Moulin-Rouge-Cabaret-Show-Ticket-with-Champagne-4-1024x652-1.png&quot;,&quot;height&quot;:652,&quot;width&quot;:1024,&quot;orientation&quot;:&quot;landscape&quot;},&quot;full&quot;:{&quot;url&quot;:&quot;https:\/\/www.paristouristinformation.fr\/es\/wp-content\/uploads\/2024\/09\/Moulin-Rouge-Cabaret-Show-Ticket-with-Champagne-4.png&quot;,&quot;height&quot;:1104,&quot;width&quot;:1734,&quot;orientation&quot;:&quot;landscape&quot;},&quot;1536x1536&quot;:{&quot;url&quot;:&quot;https:\/\/www.paristouristinformation.fr\/es\/wp-content\/uploads\/2024\/09\/Moulin-Rouge-Cabaret-Show-Ticket-with-Champagne-4-1536x978-1.png&quot;,&quot;height&quot;:978,&quot;width&quot;:1536,&quot;orientation&quot;:&quot;landscape&quot;}}\"><\/span><\/p>\n<h1 dir=\"ltr\">Espect\u00e1culo en el Moulin Rouge con champ\u00e1n<\/h1>\n<h2><a href=\"https:\/\/www.headout.com\/r\/most-amazing-placesrecommends-yr3m3\/\" target=\"_blank\" rel=\"nofollow noopener\" style=\"outline: none;\">Make a reservation<\/a><\/h2>\n<h1><a href=\"https:\/\/www.headout.com\/r\/most-amazing-placesrecommends-yr3m3\/\" target=\"_blank\" rel=\"nofollow noopener\" style=\"outline: none;\"><strong>\u20ac133.01<\/strong><\/a><\/h1>\n<p dir=\"ltr\">Experimente la magia de Par\u00eds en el mundialmente famoso espect\u00e1culo de cabaret del Moulin Rouge, \u00abF\u00e9erie\u00bb. Del\u00e9itese con una actuaci\u00f3n fascinante de 100 artistas talentosos mientras saborea champ\u00e1n, lo que le permitir\u00e1 vivir una noche inolvidable en la Ciudad de las Luces.<\/p>\n<ul>\n<li style=\"\"><span>Billete seleccionado a mano<\/span><\/li>\n<li style=\"\">                    <span>Confirmaci\u00f3n instant\u00e1nea<\/span><\/li>\n<li style=\"\"><span>Duraci\u00f3n 2 horas<\/span><\/li>\n<li><span>Media botella de champ\u00e1n<\/span><\/li>\n<li style=\"\"><span>No reembolsable<\/span><\/li>\n<\/ul>\n<h2>Qu\u00e9 incluye<\/h2>\n<ul>\n<li style=\"\">                    <span>Entrada al Moulin Rouge<\/span><\/li>\n<li style=\"\">                    <span>Entrada al espect\u00e1culo de cabaret \u00abF\u00e9erie\u00bb<\/span><\/li>\n<li style=\"\">                    <span>Media botella de champ\u00e1n<\/span><\/li>\n<li><span>Servicio y propinas<\/span><\/li>\n<\/ul>\n<h2>Qu\u00e9 no est\u00e1 incluido<\/h2>\n<ul>\n<li style=\"\"><span>Transporte desde y hacia el lugar del evento<\/span><\/li>\n<\/ul>\n<h2>Informaci\u00f3n importante<\/h2>\n<ul>\n<li style=\"\"><span><strong>C\u00f3digo de vestimenta:<\/strong> Se requiere vestimenta elegante (no se permiten pantalones cortos, ropa deportiva ni zapatos deportivos)<\/span><\/li>\n<li><span>No se permite tomar fotograf\u00edas ni grabar v\u00eddeos en el interior.<\/span><\/li>\n<li><span>El espect\u00e1culo no es apto para ni\u00f1os menores de 6 a\u00f1os.<\/span><\/li>\n<li><span>Por favor llegue al menos 30 minutos antes del inicio del espect\u00e1culo.<\/span><\/li>\n<\/ul>\n<h2>Descripci\u00f3n:<\/h2>\n<p>Sum\u00e9rgete en el glamour y la historia de Par\u00eds con una noche en el emblem\u00e1tico Moulin Rouge. El deslumbrante espect\u00e1culo \u00abF\u00e9erie\u00bb cuenta con impresionantes trajes, decorados elaborados y actuaciones cautivadoras que te dejar\u00e1n asombrado. Acompa\u00f1ado de una copa de champ\u00e1n, esta es una experiencia parisina por excelencia.<\/p>\n<h2>Reflejos:<\/h2>\n<ul>\n<li>Disfrute de una noche de elegancia y entretenimiento en un lugar hist\u00f3rico parisino.<\/li>\n<li dir=\"ltr\">Mar testigo del mundialmente famoso espect\u00e1culo de cabaret \u00abF\u00e9erie\u00bb<\/li>\n<li dir=\"ltr\">Marav\u00edllate con los espectaculares disfraces adornados con plumas, pedrer\u00eda y lentejuelas.<\/li>\n<li dir=\"ltr\">Complementa tu velada con una copa de champ\u00e1n.<\/li>\n<li dir=\"ltr\">Disfrute de la vibrante atm\u00f3sfera de una de las experiencias culturales m\u00e1s emblem\u00e1ticas de Par\u00eds.<\/li>\n<\/ul>\n<h2>Moulin Rouge<\/h2>\n<p dir=\"ltr\">82 Bulevar de Clichy, Par\u00eds<\/p>\n<h2>Pol\u00edtica de cancelaci\u00f3n<\/h2>\n<p dir=\"ltr\">Las entradas para el espect\u00e1culo de cabaret del Moulin Rouge no son reembolsables ni se pueden cambiar.<\/p>\n<h2>Punto de encuentro e instrucciones<\/h2>\n<p dir=\"ltr\">Consulte su comprobante final para conocer los detalles espec\u00edficos del punto de encuentro. Muestre su comprobante en su tel\u00e9fono m\u00f3vil junto con un documento de identidad con fotograf\u00eda v\u00e1lido. Los estudiantes deben mostrar un documento de identidad v\u00e1lido. Llegue al punto de encuentro 15 minutos antes de la hora de inicio del recorrido para evitar demoras.<\/p>\n<p><a href=\"https:\/\/www.google.com\/maps\/place\/Moulin+Rouge\/@48.8841267,2.329677,17z\/data=!3m2!4b1!5s0x47e66e4eff4a3311:0x290e821789a4719e!4m6!3m5!1s0x47e66e4eff6f0c89:0xf44e90af87482111!8m2!3d48.8841232!4d2.3322519!16zL20vMGJ4Y2g?entry=ttu&amp;g_ep=EgoyMDI0MDgyMS4wIKXMDSoASAFQAw%3D%3D\" target=\"_blank\" rel=\"nofollow noopener\" style=\"outline: none;\" data-lt-tmp-id=\"lt-34536\" spellcheck=\"false\">Abrir en Maps<\/a><\/p>\n<h2>Rese\u00f1as y valoraciones<\/h2>\n<p><strong>4.4\/ 5&nbsp; <\/strong><strong>(2100 opiniones)<\/strong><\/p>\n<p dir=\"ltr\"><em>\u201cUna experiencia agradable con varios actos, definitivamente lo recomiendo. Compartes mesa con otros invitados, pero para nosotros estuvo bien. Excelente vista desde nuestro asiento, el personal fue muy amable y servicial, r\u00e1pidos para sentarnos y servirnos. Solo ten\u00edamos la opci\u00f3n de champ\u00e1n (no la cena). Hay algo de desnudez femenina en la parte superior, por lo que puede que no sea adecuado para espectadores m\u00e1s j\u00f3venes, pero se hizo con mucho gusto. Hay muchos bares y restaurantes en la zona. Muchas tiendas en los alrededores eran para adultos\u201d. <\/em><a href=\"https:\/\/www.headout.com\/r\/most-amazing-placesrecommends-yr3m3\/\" target=\"_blank\" rel=\"nofollow noopener\" data-lt-tmp-id=\"lt-845333\" spellcheck=\"false\" style=\"outline: none;\">&gt;&gt; Ver m\u00e1s rese\u00f1as<\/a><\/p>\n<h2>Algunas actividades que te pueden gustar<\/h2>\n<p><span># <\/span><strong><span>2<\/span><\/strong><span># <\/span><strong><span>2<\/span><\/strong><span><img decoding=\"async\" alt=\"\" data-id=\"13435\" width=\"159\" data-init-width=\"1450\" height=\"95\" data-init-height=\"864\" title=\"Espect\u00e1culo en el Moulin Rouge con cena y traslado de ida y vuelta opcional\" loading=\"lazy\" src=\"https:\/\/www.paristouristinformation.fr\/es\/wp-content\/uploads\/2024\/09\/Moulin-Rouge-Show-with-Dinner-Optional-Return-Transfer.png\" data-width=\"159\" data-height=\"95\" style=\"aspect-ratio: auto 1450 \/ 864;\"><\/span><\/p>\n<table>\n<tbody>\n<tr>\n<td><a href=\"https:\/\/www.headout.com\/r\/most-amazing-placesrecommends-BK6AU\/\" target=\"_blank\" rel=\"nofollow noopener\" style=\"outline: none;\" data-lt-tmp-id=\"lt-147298\" spellcheck=\"false\">Espect\u00e1culo en el Moulin Rouge con cena y traslado de ida y vuelta opcional<\/a><\/td>\n<\/tr>\n<\/tbody>\n<\/table>\n<p dir=\"ltr\">Experimente la magia del Moulin Rouge con un espect\u00e1culo deslumbrante y una cena gourmet. Mejore su velada con un traslado de ida y vuelta opcional para disfrutar de una noche sin preocupaciones en Par\u00eds.<\/p>\n<h3 style=\"\">Precio total<\/h3>\n<h3 style=\"\">No se le cobrar\u00e1 todav\u00eda<\/h3>\n<p><span># <\/span><strong><span>2<\/span><\/strong><span><img decoding=\"async\" alt=\"\" data-id=\"13437\" width=\"159\" data-init-width=\"1530\" height=\"114\" data-init-height=\"1100\" title=\"Imagen de imagen 2024-08-26 um 17.19.35\" loading=\"lazy\" src=\"https:\/\/www.paristouristinformation.fr\/es\/wp-content\/uploads\/2024\/09\/Bildschirmfoto-2024-08-26-um-17.19.35.png\" data-width=\"159\" data-height=\"114\" style=\"aspect-ratio: auto 1530 \/ 1100;\"><\/span><\/p>\n<table>\n<tbody>\n<tr>\n<td><a href=\"https:\/\/www.tiqets.com\/en\/things-to-do-in-paris-c66746\/tickets-for-crazy-horse-paris-show-only-p974399\/?partner=most_amazing_places&amp;tq_campaign=ParisMoulinRougeGttd3\" target=\"_blank\" rel=\"nofollow noopener\" style=\"outline: none;\" data-lt-tmp-id=\"lt-163467\" spellcheck=\"false\">Crazy Horse Paris: solo espect\u00e1culo<\/a><\/td>\n<\/tr>\n<\/tbody>\n<\/table>\n<p>Sum\u00e9rjase en el cautivador mundo de Crazy Horse Paris con un espect\u00e1culo inolvidable con actuaciones impresionantes y un arte fascinante.<\/p>\n<h3 style=\"\">Precio total<\/h3>\n<h3 style=\"\">No se le cobrar\u00e1 todav\u00eda<\/h3>\n<\/p>\n<h2><a href=\"https:\/\/www.headout.com\/r\/most-amazing-placesrecommends-yr3m3\/\" target=\"_blank\" rel=\"nofollow noopener\" style=\"outline: none;\">Hacer una reserva<\/a><\/h2>\n<p style=\"\"><a href=\"https:\/\/gyg.me\/TEtuPx8V\" target=\"_blank\" rel=\"nofollow noopener\" style=\"outline: none;\"><\/a><a href=\"https:\/\/www.headout.com\/r\/most-amazing-placesrecommends-yr3m3\/\" target=\"_blank\" rel=\"nofollow noopener\" style=\"outline: none;\"><strong>131,91 \u20ac<\/strong><\/a><\/p>\n<p style=\"\">No se le cobrar\u00e1 todav\u00eda<\/p>\n","protected":false},"excerpt":{"rendered":"<p>Espect\u00e1culo en el Moulin Rouge con champ\u00e1n Make a reservation \u20ac133.01 Experimente la magia de Par\u00eds en el mundialmente famoso espect\u00e1culo de cabaret del Moulin Rouge, \u00abF\u00e9erie\u00bb. Del\u00e9itese con una actuaci\u00f3n fascinante de 100 artistas talentosos mientras saborea champ\u00e1n, lo que le permitir\u00e1 vivir una noche inolvidable en la Ciudad de las Luces. Billete seleccionado [&hellip;]<\/p>\n","protected":false},"author":10,"featured_media":11979,"parent":0,"menu_order":0,"comment_status":"closed","ping_status":"closed","template":"","meta":{"footnotes":""},"tags":[63],"class_list":["post-11956","page","type-page","status-publish","has-post-thumbnail","hentry","tag-paginas-de-venta","post-wrapper","thrv_wrapper"],"wp-worthy-pixel":{"ignored":false,"public":null,"server":null,"url":null},"wp-worthy-type":"normal","_links":{"self":[{"href":"https:\/\/www.paristouristinformation.fr\/es\/wp-json\/wp\/v2\/pages\/11956","targetHints":{"allow":["GET"]}}],"collection":[{"href":"https:\/\/www.paristouristinformation.fr\/es\/wp-json\/wp\/v2\/pages"}],"about":[{"href":"https:\/\/www.paristouristinformation.fr\/es\/wp-json\/wp\/v2\/types\/page"}],"author":[{"embeddable":true,"href":"https:\/\/www.paristouristinformation.fr\/es\/wp-json\/wp\/v2\/users\/10"}],"replies":[{"embeddable":true,"href":"https:\/\/www.paristouristinformation.fr\/es\/wp-json\/wp\/v2\/comments?post=11956"}],"version-history":[{"count":8,"href":"https:\/\/www.paristouristinformation.fr\/es\/wp-json\/wp\/v2\/pages\/11956\/revisions"}],"predecessor-version":[{"id":12265,"href":"https:\/\/www.paristouristinformation.fr\/es\/wp-json\/wp\/v2\/pages\/11956\/revisions\/12265"}],"wp:featuredmedia":[{"embeddable":true,"href":"https:\/\/www.paristouristinformation.fr\/es\/wp-json\/wp\/v2\/media\/11979"}],"wp:attachment":[{"href":"https:\/\/www.paristouristinformation.fr\/es\/wp-json\/wp\/v2\/media?parent=11956"}],"wp:term":[{"taxonomy":"post_tag","embeddable":true,"href":"https:\/\/www.paristouristinformation.fr\/es\/wp-json\/wp\/v2\/tags?post=11956"}],"curies":[{"name":"wp","href":"https:\/\/api.w.org\/{rel}","templated":true}]}}