{"id":11998,"date":"2024-09-18T13:15:36","date_gmt":"2024-09-18T13:15:36","guid":{"rendered":"https:\/\/www.paristouristinformation.fr\/es\/?page_id=11998"},"modified":"2024-09-18T13:18:45","modified_gmt":"2024-09-18T13:18:45","slug":"catacumbas-de-paris-entrada-audioguia","status":"publish","type":"page","link":"https:\/\/www.paristouristinformation.fr\/es\/catacumbas-de-paris-entrada-audioguia\/","title":{"rendered":"Catacumbas de Par\u00eds: Entrada + Audiogu\u00eda"},"content":{"rendered":"<p><span><img decoding=\"async\" alt=\"\" data-id=\"13461\" width=\"1516\" height=\"1106\" title=\"Entrada a las Catacumbas de Par\u00eds + Audiogu\u00eda 5\" src=\"https:\/\/www.paristouristinformation.fr\/es\/wp-content\/uploads\/2024\/09\/Catacombs-of-Paris-Entry-Ticket-Audio-Guide-5-1024x747-1.png\" data-src=\"https:\/\/www.paristouristinformation.fr\/es\/wp-content\/uploads\/2024\/09\/Catacombs-of-Paris-Entry-Ticket-Audio-Guide-5-300x219-1.png\" loading=\"lazy\" data-sizes=\"{&quot;thumbnail&quot;:{&quot;url&quot;:&quot;https:\/\/www.paristouristinformation.fr\/es\/wp-content\/uploads\/2024\/09\/Catacombs-of-Paris-Entry-Ticket-Audio-Guide-5-333x205-1.png&quot;,&quot;height&quot;:205,&quot;width&quot;:333,&quot;orientation&quot;:&quot;landscape&quot;},&quot;medium&quot;:{&quot;url&quot;:&quot;https:\/\/www.paristouristinformation.fr\/es\/wp-content\/uploads\/2024\/09\/Catacombs-of-Paris-Entry-Ticket-Audio-Guide-5-300x219-1.png&quot;,&quot;height&quot;:219,&quot;width&quot;:300,&quot;orientation&quot;:&quot;landscape&quot;},&quot;large&quot;:{&quot;url&quot;:&quot;https:\/\/www.paristouristinformation.fr\/es\/wp-content\/uploads\/2024\/09\/Catacombs-of-Paris-Entry-Ticket-Audio-Guide-5-1024x747-1.png&quot;,&quot;height&quot;:747,&quot;width&quot;:1024,&quot;orientation&quot;:&quot;landscape&quot;},&quot;full&quot;:{&quot;url&quot;:&quot;https:\/\/www.paristouristinformation.fr\/es\/wp-content\/uploads\/2024\/09\/Catacombs-of-Paris-Entry-Ticket-Audio-Guide-5.png&quot;,&quot;height&quot;:1106,&quot;width&quot;:1516,&quot;orientation&quot;:&quot;landscape&quot;}}\"><\/span><span><img decoding=\"async\" alt=\"\" data-id=\"13462\" width=\"1550\" height=\"1082\" title=\"Entrada a las Catacumbas de Par\u00eds + Audiogu\u00eda 1\" src=\"https:\/\/www.paristouristinformation.fr\/es\/wp-content\/uploads\/2024\/09\/Catacombs-of-Paris-Entry-Ticket-Audio-Guide-1-1024x715-1.png\" data-src=\"https:\/\/www.paristouristinformation.fr\/es\/wp-content\/uploads\/2024\/09\/Catacombs-of-Paris-Entry-Ticket-Audio-Guide-1-300x209-1.png\" loading=\"lazy\" data-sizes=\"{&quot;thumbnail&quot;:{&quot;url&quot;:&quot;https:\/\/www.paristouristinformation.fr\/es\/wp-content\/uploads\/2024\/09\/Catacombs-of-Paris-Entry-Ticket-Audio-Guide-1-333x205-1.png&quot;,&quot;height&quot;:205,&quot;width&quot;:333,&quot;orientation&quot;:&quot;landscape&quot;},&quot;medium&quot;:{&quot;url&quot;:&quot;https:\/\/www.paristouristinformation.fr\/es\/wp-content\/uploads\/2024\/09\/Catacombs-of-Paris-Entry-Ticket-Audio-Guide-1-300x209-1.png&quot;,&quot;height&quot;:209,&quot;width&quot;:300,&quot;orientation&quot;:&quot;landscape&quot;},&quot;large&quot;:{&quot;url&quot;:&quot;https:\/\/www.paristouristinformation.fr\/es\/wp-content\/uploads\/2024\/09\/Catacombs-of-Paris-Entry-Ticket-Audio-Guide-1-1024x715-1.png&quot;,&quot;height&quot;:715,&quot;width&quot;:1024,&quot;orientation&quot;:&quot;landscape&quot;},&quot;full&quot;:{&quot;url&quot;:&quot;https:\/\/www.paristouristinformation.fr\/es\/wp-content\/uploads\/2024\/09\/Catacombs-of-Paris-Entry-Ticket-Audio-Guide-1.png&quot;,&quot;height&quot;:1082,&quot;width&quot;:1550,&quot;orientation&quot;:&quot;landscape&quot;},&quot;1536x1536&quot;:{&quot;url&quot;:&quot;https:\/\/www.paristouristinformation.fr\/es\/wp-content\/uploads\/2024\/09\/Catacombs-of-Paris-Entry-Ticket-Audio-Guide-1-1536x1072-1.png&quot;,&quot;height&quot;:1072,&quot;width&quot;:1536,&quot;orientation&quot;:&quot;landscape&quot;}}\"><\/span><span><img decoding=\"async\" alt=\"\" data-id=\"13463\" width=\"1538\" height=\"1088\" title=\"Entrada a las Catacumbas de Par\u00eds + Audiogu\u00eda 7\" src=\"https:\/\/www.paristouristinformation.fr\/es\/wp-content\/uploads\/2024\/09\/Catacombs-of-Paris-Entry-Ticket-Audio-Guide-7-1024x724-1.png\" data-src=\"https:\/\/www.paristouristinformation.fr\/es\/wp-content\/uploads\/2024\/09\/Catacombs-of-Paris-Entry-Ticket-Audio-Guide-7-300x212-1.png\" loading=\"lazy\" data-sizes=\"{&quot;thumbnail&quot;:{&quot;url&quot;:&quot;https:\/\/www.paristouristinformation.fr\/es\/wp-content\/uploads\/2024\/09\/Catacombs-of-Paris-Entry-Ticket-Audio-Guide-7-333x205-1.png&quot;,&quot;height&quot;:205,&quot;width&quot;:333,&quot;orientation&quot;:&quot;landscape&quot;},&quot;medium&quot;:{&quot;url&quot;:&quot;https:\/\/www.paristouristinformation.fr\/es\/wp-content\/uploads\/2024\/09\/Catacombs-of-Paris-Entry-Ticket-Audio-Guide-7-300x212-1.png&quot;,&quot;height&quot;:212,&quot;width&quot;:300,&quot;orientation&quot;:&quot;landscape&quot;},&quot;large&quot;:{&quot;url&quot;:&quot;https:\/\/www.paristouristinformation.fr\/es\/wp-content\/uploads\/2024\/09\/Catacombs-of-Paris-Entry-Ticket-Audio-Guide-7-1024x724-1.png&quot;,&quot;height&quot;:724,&quot;width&quot;:1024,&quot;orientation&quot;:&quot;landscape&quot;},&quot;full&quot;:{&quot;url&quot;:&quot;https:\/\/www.paristouristinformation.fr\/es\/wp-content\/uploads\/2024\/09\/Catacombs-of-Paris-Entry-Ticket-Audio-Guide-7.png&quot;,&quot;height&quot;:1088,&quot;width&quot;:1538,&quot;orientation&quot;:&quot;landscape&quot;},&quot;1536x1536&quot;:{&quot;url&quot;:&quot;https:\/\/www.paristouristinformation.fr\/es\/wp-content\/uploads\/2024\/09\/Catacombs-of-Paris-Entry-Ticket-Audio-Guide-7-1536x1087-1.png&quot;,&quot;height&quot;:1087,&quot;width&quot;:1536,&quot;orientation&quot;:&quot;landscape&quot;}}\"><\/span><span><img decoding=\"async\" alt=\"\" data-id=\"13464\" width=\"1528\" height=\"870\" title=\"Entrada a las Catacumbas de Par\u00eds + Audiogu\u00eda 6\" src=\"https:\/\/www.paristouristinformation.fr\/es\/wp-content\/uploads\/2024\/09\/Catacombs-of-Paris-Entry-Ticket-Audio-Guide-6-1024x583-1.png\" data-src=\"https:\/\/www.paristouristinformation.fr\/es\/wp-content\/uploads\/2024\/09\/Catacombs-of-Paris-Entry-Ticket-Audio-Guide-6-300x171-1.png\" loading=\"lazy\" data-sizes=\"{&quot;thumbnail&quot;:{&quot;url&quot;:&quot;https:\/\/www.paristouristinformation.fr\/es\/wp-content\/uploads\/2024\/09\/Catacombs-of-Paris-Entry-Ticket-Audio-Guide-6-333x205-1.png&quot;,&quot;height&quot;:205,&quot;width&quot;:333,&quot;orientation&quot;:&quot;landscape&quot;},&quot;medium&quot;:{&quot;url&quot;:&quot;https:\/\/www.paristouristinformation.fr\/es\/wp-content\/uploads\/2024\/09\/Catacombs-of-Paris-Entry-Ticket-Audio-Guide-6-300x171-1.png&quot;,&quot;height&quot;:171,&quot;width&quot;:300,&quot;orientation&quot;:&quot;landscape&quot;},&quot;large&quot;:{&quot;url&quot;:&quot;https:\/\/www.paristouristinformation.fr\/es\/wp-content\/uploads\/2024\/09\/Catacombs-of-Paris-Entry-Ticket-Audio-Guide-6-1024x583-1.png&quot;,&quot;height&quot;:583,&quot;width&quot;:1024,&quot;orientation&quot;:&quot;landscape&quot;},&quot;full&quot;:{&quot;url&quot;:&quot;https:\/\/www.paristouristinformation.fr\/es\/wp-content\/uploads\/2024\/09\/Catacombs-of-Paris-Entry-Ticket-Audio-Guide-6.png&quot;,&quot;height&quot;:870,&quot;width&quot;:1528,&quot;orientation&quot;:&quot;landscape&quot;}}\"><\/span><span><img decoding=\"async\" alt=\"\" data-id=\"13465\" width=\"1532\" height=\"978\" title=\"Entrada a las Catacumbas de Par\u00eds + Audiogu\u00eda 3\" src=\"https:\/\/www.paristouristinformation.fr\/es\/wp-content\/uploads\/2024\/09\/Catacombs-of-Paris-Entry-Ticket-Audio-Guide-3-1024x654-1.png\" data-src=\"https:\/\/www.paristouristinformation.fr\/es\/wp-content\/uploads\/2024\/09\/Catacombs-of-Paris-Entry-Ticket-Audio-Guide-3-300x192-1.png\" loading=\"lazy\" data-sizes=\"{&quot;thumbnail&quot;:{&quot;url&quot;:&quot;https:\/\/www.paristouristinformation.fr\/es\/wp-content\/uploads\/2024\/09\/Catacombs-of-Paris-Entry-Ticket-Audio-Guide-3-333x205-1.png&quot;,&quot;height&quot;:205,&quot;width&quot;:333,&quot;orientation&quot;:&quot;landscape&quot;},&quot;medium&quot;:{&quot;url&quot;:&quot;https:\/\/www.paristouristinformation.fr\/es\/wp-content\/uploads\/2024\/09\/Catacombs-of-Paris-Entry-Ticket-Audio-Guide-3-300x192-1.png&quot;,&quot;height&quot;:192,&quot;width&quot;:300,&quot;orientation&quot;:&quot;landscape&quot;},&quot;large&quot;:{&quot;url&quot;:&quot;https:\/\/www.paristouristinformation.fr\/es\/wp-content\/uploads\/2024\/09\/Catacombs-of-Paris-Entry-Ticket-Audio-Guide-3-1024x654-1.png&quot;,&quot;height&quot;:654,&quot;width&quot;:1024,&quot;orientation&quot;:&quot;landscape&quot;},&quot;full&quot;:{&quot;url&quot;:&quot;https:\/\/www.paristouristinformation.fr\/es\/wp-content\/uploads\/2024\/09\/Catacombs-of-Paris-Entry-Ticket-Audio-Guide-3.png&quot;,&quot;height&quot;:978,&quot;width&quot;:1532,&quot;orientation&quot;:&quot;landscape&quot;}}\"><\/span><span><img decoding=\"async\" alt=\"\" data-id=\"13466\" width=\"1514\" height=\"1000\" title=\"Entrada a las Catacumbas de Par\u00eds + Audiogu\u00eda 4\" src=\"https:\/\/www.paristouristinformation.fr\/es\/wp-content\/uploads\/2024\/09\/Catacombs-of-Paris-Entry-Ticket-Audio-Guide-4-1024x676-1.png\" data-src=\"https:\/\/www.paristouristinformation.fr\/es\/wp-content\/uploads\/2024\/09\/Catacombs-of-Paris-Entry-Ticket-Audio-Guide-4-300x198-1.png\" loading=\"lazy\" data-sizes=\"{&quot;thumbnail&quot;:{&quot;url&quot;:&quot;https:\/\/www.paristouristinformation.fr\/es\/wp-content\/uploads\/2024\/09\/Catacombs-of-Paris-Entry-Ticket-Audio-Guide-4-333x205-1.png&quot;,&quot;height&quot;:205,&quot;width&quot;:333,&quot;orientation&quot;:&quot;landscape&quot;},&quot;medium&quot;:{&quot;url&quot;:&quot;https:\/\/www.paristouristinformation.fr\/es\/wp-content\/uploads\/2024\/09\/Catacombs-of-Paris-Entry-Ticket-Audio-Guide-4-300x198-1.png&quot;,&quot;height&quot;:198,&quot;width&quot;:300,&quot;orientation&quot;:&quot;landscape&quot;},&quot;large&quot;:{&quot;url&quot;:&quot;https:\/\/www.paristouristinformation.fr\/es\/wp-content\/uploads\/2024\/09\/Catacombs-of-Paris-Entry-Ticket-Audio-Guide-4-1024x676-1.png&quot;,&quot;height&quot;:676,&quot;width&quot;:1024,&quot;orientation&quot;:&quot;landscape&quot;},&quot;full&quot;:{&quot;url&quot;:&quot;https:\/\/www.paristouristinformation.fr\/es\/wp-content\/uploads\/2024\/09\/Catacombs-of-Paris-Entry-Ticket-Audio-Guide-4.png&quot;,&quot;height&quot;:1000,&quot;width&quot;:1514,&quot;orientation&quot;:&quot;landscape&quot;}}\"><\/span><\/p>\n<h1 dir=\"ltr\">Catacumbas de Par\u00eds: Entrada + Audiogu\u00eda<\/h1>\n<h2><a href=\"https:\/\/www.tiqets.com\/en\/things-to-do-in-paris-c66746\/tickets-for-catacombs-of-paris-and-audio-guide-p975456\/?partner=paristouristinformation&amp;tq_campaign=CatacombsGttd\" target=\"_blank\" rel=\"nofollow noopener\" style=\"outline: none;\">Make a reservation<\/a><\/h2>\n<h1><a href=\"https:\/\/www.tiqets.com\/en\/things-to-do-in-paris-c66746\/tickets-for-catacombs-of-paris-and-audio-guide-p975456\/?partner=paristouristinformation&amp;tq_campaign=CatacombsGttd\" target=\"_blank\" rel=\"nofollow noopener\" style=\"outline: none;\"><strong>\u20ac35.00<\/strong><\/a><\/h1>\n<p dir=\"ltr\">Ad\u00e9ntrate en las inquietantes profundidades de la capital francesa y explora las famosas Catacumbas de Par\u00eds, donde se encuentran los huesos de m\u00e1s de seis millones de personas. Esta visita ofrece una visi\u00f3n fascinante de la macabra historia de la ciudad, acompa\u00f1ada de una audiogu\u00eda multiling\u00fce para mejorar tu experiencia.<\/p>\n<ul>\n<li style=\"\"><span>Se aceptan billetes impresos o en el m\u00f3vil&nbsp;<\/span><\/li>\n<li style=\"\"><span>Entrada a las catacumbas<\/span><\/li>\n<li style=\"\"><span>Gu\u00eda de audio<\/span><\/li>\n<li style=\"\"><span>No reembolsable<\/span><\/li>\n<\/ul>\n<h2>Qu\u00e9 incluye<\/h2>\n<ul>\n<li style=\"\">                    <span>Entrada a las Catacumbas de Par\u00eds<\/span><\/li>\n<li style=\"\">                    <span>Audiogu\u00eda multiling\u00fce (ingl\u00e9s, franc\u00e9s, alem\u00e1n, espa\u00f1ol)<\/span><\/li>\n<\/ul>\n<h2>Qu\u00e9 no est\u00e1 incluido<\/h2>\n<ul>\n<li style=\"\"><span>Auriculares<\/span><\/li>\n<\/ul>\n<h2>Informaci\u00f3n importante<\/h2>\n<ul>\n<li style=\"\"><span>Aseg\u00farese de llegar a tiempo al horario seleccionado.<\/span><\/li>\n<li><span>Prep\u00e1rese para bajar 131 escalones y volver a subir 112.<\/span><\/li>\n<li><span>No se permite el ingreso con alimentos, bebidas, equipaje grande, cochecitos de beb\u00e9 ni cascos de motocicleta.<\/span><\/li>\n<li><span>V\u00edstase abrigado, ya que las temperaturas pueden bajar hasta los 14 \u00b0C.<\/span><\/li>\n<li><span>Los ni\u00f1os menores de 14 a\u00f1os deben estar acompa\u00f1ados por un adulto.<\/span><\/li>\n<\/ul>\n<h2 style=\"\">Ofrecido en colaboraci\u00f3n con nuestro socio:<\/h2>\n<p><span><img decoding=\"async\" alt=\"\" data-id=\"13290\" width=\"129\" data-init-width=\"350\" height=\"49\" data-init-height=\"134\" title=\"Logotipo de Tiqets\" loading=\"lazy\" src=\"https:\/\/www.paristouristinformation.fr\/es\/wp-content\/uploads\/2024\/09\/Tiqets-Logo-2.png\" data-width=\"129\" data-height=\"49\" style=\"aspect-ratio: auto 350 \/ 134;\"><\/span><\/p>\n<p>La oficina de informaci\u00f3n tur\u00edstica de Par\u00eds facilita los pagos, mientras que Tiqet act\u00faa como comerciante oficial. Los t\u00e9rminos y condiciones no se modifican.<\/p>\n<p><a href=\"https:\/\/www.tiqets.com\/en\/things-to-do-in-paris-c66746\/tickets-for-catacombs-of-paris-and-audio-guide-p975456\/?partner=paristouristinformation&amp;tq_campaign=CatacombsGttd\" target=\"_blank\" rel=\"nofollow noopener\" style=\"outline: none;\" data-lt-tmp-id=\"lt-493231\" spellcheck=\"false\">Haga clic aqu\u00ed si prefiere reservar en el sitio web de Tiqets.<\/a><\/p>\n<h2>Descripci\u00f3n:<\/h2>\n<p dir=\"ltr\">Emb\u00e1rcate en un viaje inolvidable a trav\u00e9s de los t\u00faneles laber\u00ednticos de las Catacumbas de Par\u00eds, donde <strong>se encuentran apilados los cr\u00e1neos y huesos de millones de parisinos <\/strong><strong>en<\/strong> formaciones inquietantes. Conoce la escalofriante historia detr\u00e1s de este cementerio subterr\u00e1neo con tu audiogu\u00eda multiling\u00fce, que te har\u00e1 revivir el Par\u00eds del siglo XVIII.<strong><\/strong><\/p>\n<h2>Reflejos:<\/h2>\n<ul>\n<li>Explora el osario subterr\u00e1neo que contiene los restos de seis millones de personas.<\/li>\n<li dir=\"ltr\">Pasee por pasillos inquietantes llenos de cr\u00e1neos y huesos cuidadosamente dispuestos.<\/li>\n<li dir=\"ltr\">Descubra la historia de la crisis de salud p\u00fablica de Par\u00eds que condujo a la creaci\u00f3n de las Catacumbas.<\/li>\n<li dir=\"ltr\">Aprenda datos e historias fascinantes con su audiogu\u00eda.<\/li>\n<li dir=\"ltr\">Experimente un lado \u00fanico y escalofriante de Par\u00eds que pocos visitantes ven.<\/li>\n<\/ul>\n<h2>Catacumbas de Par\u00eds<\/h2>\n<p dir=\"ltr\">1, Avenue du Colonel Henri Rol-Tanguy, 75014, Par\u00eds<\/p>\n<h2>Pol\u00edtica de cancelaci\u00f3n<\/h2>\n<p dir=\"ltr\">Tenga en cuenta que no es posible reprogramar esta entrada. Sin embargo, puede optar por una entrada reembolsable al finalizar la compra y recibir un reembolso completo si cancela antes de las 23:59 del d\u00eda anterior a su visita.&nbsp;<\/p>\n<h2>Punto de encuentro e instrucciones<\/h2>\n<p dir=\"ltr\">Presenta tu ticket digital de Tiqets en la entrada. Descarga tu ticket con antelaci\u00f3n para asegurarte de que est\u00e9 accesible sin conexi\u00f3n. Llega a tiempo a la franja horaria elegida para evitar retrasos.<\/p>\n<p><a href=\"https:\/\/www.google.com\/maps\/place\/Katakomben+von+Paris\/@48.833836,2.3298473,17z\/data=!3m1!4b1!4m6!3m5!1s0x47e671b6c1d0b675:0xc8d7f073e62eb4b3!8m2!3d48.8338325!4d2.3324222!16zL20vMGg1YmQ?entry=ttu&amp;g_ep=EgoyMDI0MDgyMS4wIKXMDSoASAFQAw%3D%3D\" style=\"outline: none;\" data-lt-tmp-id=\"lt-325032\" spellcheck=\"false\" target=\"_blank\" rel=\"nofollow noopener\">Abrir en Maps<\/a><\/p>\n<h2>Rese\u00f1as y valoraciones<\/h2>\n<p><strong>4.6\/ 5&nbsp; <\/strong><strong>(1072 opiniones)<\/strong><\/p>\n<p dir=\"ltr\"><em>\u201cSe agotaron en el sitio web de las Catacumbas, pero pudimos encontrarlas aqu\u00ed. La audiogu\u00eda es genial. Aseg\u00farate de traer tus propios auriculares con cable\u201d.<\/em> Joann, Estados Unidos, agosto de 2024 [Fuente: Tiqets] <a href=\"https:\/\/www.tiqets.com\/en\/things-to-do-in-paris-c66746\/tickets-for-catacombs-of-paris-and-audio-guide-p975456\/?partner=paristouristinformation&amp;tq_campaign=CatacombsGttd\" target=\"_blank\" rel=\"nofollow noopener\" data-lt-tmp-id=\"lt-274254\" spellcheck=\"false\" style=\"outline: none;\">&gt;&gt; Ver m\u00e1s opiniones<\/a><\/p>\n<h2>Algunas actividades que te pueden gustar<\/h2>\n<p><span># <\/span><strong><span>2<\/span><\/strong><span># <\/span><strong><span>2<\/span><\/strong><span><img decoding=\"async\" alt=\"\" data-id=\"13456\" width=\"159\" data-init-width=\"930\" height=\"99\" data-init-height=\"581\" title=\"Visita guiada a las catacumbas con acceso especial\" loading=\"lazy\" src=\"https:\/\/paristouristinformation.fr\/wp-content\/uploads\/2024\/08\/Catacombs-Guided-Tour-with-Special-Access-.avif\" data-width=\"159\" data-height=\"99\" style=\"aspect-ratio: auto 930 \/ 581;\"><\/span><\/p>\n<table>\n<tbody>\n<tr>\n<td><a href=\"https:\/\/www.headout.com\/r\/most-amazing-placesrecommends-FijZa\/\" target=\"_blank\" rel=\"nofollow noopener\" style=\"outline: none;\" data-lt-tmp-id=\"lt-816291\" spellcheck=\"false\">Visita guiada a las catacumbas con acceso especial<\/a><\/td>\n<\/tr>\n<\/tbody>\n<\/table>\n<p dir=\"ltr\">\u00danase a una visita guiada de 2 horas por las Catacumbas de Par\u00eds con entrada sin colas y acceso exclusivo a \u00e1reas restringidas. Ad\u00e9ntrese en este misterioso mundo subterr\u00e1neo y descubra secretos ocultos con su gu\u00eda experto.<\/p>\n<h3 style=\"\">Precio total<\/h3>\n<h3 style=\"\">No se le cobrar\u00e1 todav\u00eda<\/h3>\n<p><span># <\/span><strong><span>2<\/span><\/strong><span><img decoding=\"async\" alt=\"\" data-id=\"13458\" width=\"159\" data-init-width=\"1185\" height=\"83\" data-init-height=\"616\" title=\"Par\u00eds - Visita a las catacumbas y crucero por el Sena\" loading=\"lazy\" src=\"https:\/\/www.paristouristinformation.fr\/es\/wp-content\/uploads\/2024\/09\/Paris-Catacombs-Tour-and-Seine-River-Cruise-.jpg\" data-width=\"159\" data-height=\"83\" style=\"aspect-ratio: auto 1185 \/ 616;\"><\/span><\/p>\n<table>\n<tbody>\n<tr>\n<td><a href=\"https:\/\/gyg.me\/zfnNtu8r\" target=\"_blank\" rel=\"nofollow noopener\" style=\"outline: none;\" data-lt-tmp-id=\"lt-163467\" spellcheck=\"false\">Par\u00eds: Visita a las catacumbas y crucero por el Sena<\/a><\/td>\n<\/tr>\n<\/tbody>\n<\/table>\n<p>Explore las Catacumbas de Par\u00eds con un boleto de entrada y una audiogu\u00eda, luego mejore su experiencia con un crucero por el r\u00edo Sena con comentarios sobre los lugares emblem\u00e1ticos parisinos.<\/p>\n<h3 style=\"\">Precio total<\/h3>\n<h3 style=\"\">No se le cobrar\u00e1 todav\u00eda<\/h3>\n<\/p>\n<h2><a href=\"https:\/\/www.tiqets.com\/en\/things-to-do-in-paris-c66746\/tickets-for-catacombs-of-paris-and-audio-guide-p975456\/?partner=paristouristinformation&amp;tq_campaign=CatacombsGttd\" target=\"_blank\" rel=\"nofollow noopener\" style=\"outline: none;\">Hacer una reserva<\/a><\/h2>\n<h1><a href=\"https:\/\/www.tiqets.com\/en\/things-to-do-in-paris-c66746\/tickets-for-catacombs-of-paris-and-audio-guide-p975456\/?partner=paristouristinformation&amp;tq_campaign=CatacombsGttd\" target=\"_blank\" rel=\"nofollow noopener\" style=\"outline: none;\"><strong>35,00 \u20ac<\/strong><\/a><\/h1>\n<p style=\"\">No se le cobrar\u00e1 todav\u00eda<\/p>\n","protected":false},"excerpt":{"rendered":"<p>Catacumbas de Par\u00eds: Entrada + Audiogu\u00eda Make a reservation \u20ac35.00 Ad\u00e9ntrate en las inquietantes profundidades de la capital francesa y explora las famosas Catacumbas de Par\u00eds, donde se encuentran los huesos de m\u00e1s de seis millones de personas. Esta visita ofrece una visi\u00f3n fascinante de la macabra historia de la ciudad, acompa\u00f1ada de una audiogu\u00eda [&hellip;]<\/p>\n","protected":false},"author":10,"featured_media":12020,"parent":0,"menu_order":0,"comment_status":"closed","ping_status":"closed","template":"","meta":{"footnotes":""},"tags":[63],"class_list":["post-11998","page","type-page","status-publish","has-post-thumbnail","hentry","tag-paginas-de-venta","post-wrapper","thrv_wrapper"],"wp-worthy-pixel":{"ignored":false,"public":null,"server":null,"url":null},"wp-worthy-type":"normal","_links":{"self":[{"href":"https:\/\/www.paristouristinformation.fr\/es\/wp-json\/wp\/v2\/pages\/11998","targetHints":{"allow":["GET"]}}],"collection":[{"href":"https:\/\/www.paristouristinformation.fr\/es\/wp-json\/wp\/v2\/pages"}],"about":[{"href":"https:\/\/www.paristouristinformation.fr\/es\/wp-json\/wp\/v2\/types\/page"}],"author":[{"embeddable":true,"href":"https:\/\/www.paristouristinformation.fr\/es\/wp-json\/wp\/v2\/users\/10"}],"replies":[{"embeddable":true,"href":"https:\/\/www.paristouristinformation.fr\/es\/wp-json\/wp\/v2\/comments?post=11998"}],"version-history":[{"count":9,"href":"https:\/\/www.paristouristinformation.fr\/es\/wp-json\/wp\/v2\/pages\/11998\/revisions"}],"predecessor-version":[{"id":12253,"href":"https:\/\/www.paristouristinformation.fr\/es\/wp-json\/wp\/v2\/pages\/11998\/revisions\/12253"}],"wp:featuredmedia":[{"embeddable":true,"href":"https:\/\/www.paristouristinformation.fr\/es\/wp-json\/wp\/v2\/media\/12020"}],"wp:attachment":[{"href":"https:\/\/www.paristouristinformation.fr\/es\/wp-json\/wp\/v2\/media?parent=11998"}],"wp:term":[{"taxonomy":"post_tag","embeddable":true,"href":"https:\/\/www.paristouristinformation.fr\/es\/wp-json\/wp\/v2\/tags?post=11998"}],"curies":[{"name":"wp","href":"https:\/\/api.w.org\/{rel}","templated":true}]}}