{"id":1206,"date":"2020-12-08T08:27:31","date_gmt":"2020-12-08T08:27:31","guid":{"rendered":"http:\/\/paristouristinformation.fr\/es\/?page_id=1206"},"modified":"2023-05-12T07:21:58","modified_gmt":"2023-05-12T07:21:58","slug":"pont-neuf","status":"publish","type":"page","link":"https:\/\/www.paristouristinformation.fr\/es\/cosas-que-hacer\/puentes\/pont-neuf\/","title":{"rendered":"Historia del puente Neuf en Par\u00eds"},"content":{"rendered":"<p>Existe una expresi\u00f3n francesa \u00absolide comme le Pont-Neuf\u00bb que significa \u00abtan s\u00f3lido como el Pont Neuf\u00bb para destacar la robustez de algo.Mientras pasea por el r\u00edo, t\u00f3mese su tiempo para ver desde todos los \u00e1ngulos el puente m\u00e1s antiguo que cruza el Sena y que ha conseguido sobrevivir perfectamente desde el siglo XVII hasta nuestros d\u00edas.El Pont Neuf conecta las dos orillas del r\u00edo Sena a trav\u00e9s de la<a href=\"https:\/\/paristouristinformation.fr\/es\/cosas-que-hacer\/districts\/ile-de-la-cite\/\" target=\"_blank\" style=\"outline: none;\" rel=\"noopener\"> <strong>\u00cele de la Cit\u00e9<\/strong><\/a>, llamada como la cuna de la ciudad. Su brazo largo tiene siete arcos desde la derecha y su brazo corto consta de cinco arcos hacia la orilla izquierda.<\/p>\n<h2 id=\"t-1612271939663\" data-alt-text=\"What can I do at Pont Neuf bridge?\" style=\"\">\u00bfQu\u00e9 puedo hacer en el puente Pont Neuf de Par\u00eds?<\/h2>\n<p>Es una excelente idea ver la puesta de sol sobre el r\u00edo Sena despu\u00e9s de un d\u00eda ajetreado en Par\u00eds. Col\u00f3quese en el puente, observe los barcos que suben y bajan, espere a que oscurezca y vea los reflejos de las luces en el agua de los edificios hist\u00f3ricos. Es imposible no dejarse cautivar por los paisajes iluminados de Notre Dame y el Louvre.No olvide ver las 12 cornisas de arco redondo con mascarones (m\u00e1scara en italiano) tallados en piedra. Este tipo de ornamentaci\u00f3n se utilizaba en los antiguos edificios romanos y se denominaba \u00abgrotesco\u00bb en arquitectura. Hay 384 caras en total con extra\u00f1os rasgos que combinan dise\u00f1os humanos, animales y florales.<\/p>\n<p><span><img decoding=\"async\" alt=\"\" data-id=\"6182\" width=\"680\" data-init-width=\"1000\" height=\"454\" data-init-height=\"667\" title=\"grotesque masks pont neuf\" src=\"http:\/\/paristouristinformation.fr\/es\/wp-content\/uploads\/2021\/01\/grotesque-masks-pont-neuf.jpg\" data-width=\"680\" data-height=\"454\" data-pin-media=\"http:\/\/paristouristinformation.fr\/es\/wp-content\/uploads\/2021\/03\/prag_50_sehenswuerdigkeiten_pinterest-33.jpg\" data-pin-description=\"Know everything about the Pont Neuf Bridge in Paris : History, Pictures and Facts about the most famous bridge of Paris in France.\" data-pin-url=\"http:\/\/paristouristinformation.fr\/es\/things-to-do\/bridge\/pont-neuf\/?tve=true&amp;tcbf=e9aa5eae8a\" data-pinpro-key=\"hkf1zoq20\" loading=\"lazy\"><\/span><\/p>\n<p>Si mira al lado opuesto de este puente, ver\u00e1 el Pont des Arts, es decir, el Puente de los Enamorados, donde antiguamente se conectaban las esclusas. Hoy en d\u00eda est\u00e1 protegido por un cristal para evitar los da\u00f1os de las esclusas.<\/p>\n<div class=\"tcb-post-list tve-content-list thrv_wrapper\" data-type=\"grid\" data-pagination-type=\"none\" data-pages_near_current=\"2\" data-css=\"tve-u-17726df0d7c\" data-total_post_count=\"2\" data-total_sticky_count=\"0\" data-no_posts_text=\"There are no posts to display.\"><article id=\"post-73\" class=\"post-73 page type-page status-publish has-post-thumbnail hentry post-wrapper thrv_wrapper thrive-animated-item \" tcb_hover_state_parent=\"\" shortcode=\"tcb_post_list\" data-id=\"73\" data-selector=\".post-wrapper\"><style class=\"tcb-post-list-dynamic-style\" type=\"text\/css\"><\/style><\/p>\n<h3 style=\"\"><span data-attr-link=\"1\" data-attr-rel=\"0\" data-attr-target=\"0\" data-extra_key=\"\" data-option-inline=\"1\" data-shortcode=\"tcb_post_title\" data-shortcode-name=\"Post title\" data-attr-css=\"\" style=\"\" data-attr-static-link=\"{&quot;className&quot;:&quot;tve-froala fr-basic&quot;,&quot;href&quot;:&quot;https:\/\/paristouristinformation.fr\/es\/cosas-que-hacer\/atracciones\/&quot;,&quot;title&quot;:&quot;15 atracciones mejor valoradas de Par\u00eds&quot;,&quot;class&quot;:&quot;tve-froala fr-basic&quot;}\"><a href=\"https:\/\/www.paristouristinformation.fr\/es\/cosas-que-hacer\/gratis\/\" title=\"10 Mejores cosas que hacer gratis en Par\u00eds\" data-css=\"\" class=\"tve-froala fr-basic\">10 Mejores cosas que hacer gratis en Par\u00eds<\/a><\/span><\/h3>\n<p><\/article><article id=\"post-2930\" class=\"post-2930 page type-page status-publish has-post-thumbnail hentry post-wrapper thrv_wrapper thrive-animated-item \" tcb_hover_state_parent=\"\" shortcode=\"tcb_post_list\" data-id=\"2930\" data-selector=\".post-wrapper\"><style class=\"tcb-post-list-dynamic-style\" type=\"text\/css\"><\/style><\/p>\n<h3 style=\"\"><span data-attr-link=\"1\" data-attr-rel=\"0\" data-attr-target=\"0\" data-extra_key=\"\" data-option-inline=\"1\" data-shortcode=\"tcb_post_title\" data-shortcode-name=\"Post title\" data-attr-css=\"\" style=\"\" data-attr-static-link=\"{&quot;className&quot;:&quot;tve-froala fr-basic&quot;,&quot;href&quot;:&quot;https:\/\/paristouristinformation.fr\/es\/cosas-que-hacer\/atracciones\/&quot;,&quot;title&quot;:&quot;15 atracciones mejor valoradas de Par\u00eds&quot;,&quot;class&quot;:&quot;tve-froala fr-basic&quot;}\"><a href=\"https:\/\/www.paristouristinformation.fr\/es\/cosas-que-hacer\/atracciones\/\" title=\"15 Atracciones mejor valoradas de Par\u00eds\" data-css=\"\" class=\"tve-froala fr-basic\">15 Atracciones mejor valoradas de Par\u00eds<\/a><\/span><\/h3>\n<p><\/article><\/div>\n<h3 style=\"\">Vedettes du Pont Neuf<\/h3>\n<p>Una de las principales atracciones de Par\u00eds es un paseo en barco por el r\u00edo Sena. Es posible subir al barco Vedettes du Pont Neuf justo debajo del puente. Se trata de un recorrido de m\u00e1s de una hora en el que podr\u00e1 ver los principales monumentos emblem\u00e1ticos de la ciudad.Pasa por las estructuras m\u00e1s importantes de Par\u00eds, como la Torre Eiffel y el Louvre, la mayor\u00eda de las cuales se encuentran a orillas del r\u00edo Sena. El recorrido en crucero, de una hora de duraci\u00f3n, comienza y termina en el Pont Neuf. La audiogu\u00eda comparte los detalles hist\u00f3ricos en franc\u00e9s e ingl\u00e9s durante el recorrido.<\/p>\n<ul>\n<li><span style=\"\">Obtenga su billete para el crucero <a href=\"https:\/\/www.tiqets.com\/en\/paris-attractions-c66746\/tickets-for-seine-river-cruise-by-bateaux-mouches-p982823\/?partner=checkfortrip\" style=\"outline: none;\" target=\"_blank\" rel=\"nofollow noopener\">Hop on Hop off por el Sena&nbsp;<\/a> y disfrute de un momento \u00fanico en Par\u00eds. \u00a1No hay nada igual!<\/span><\/li>\n<li><span style=\"\">Consiga un billete para un<em><strong>&nbsp;<\/strong><\/em><a href=\"https:\/\/yourmobileguide.com\/en\/audioguides\/france\/paris\" target=\"_blank\" rel=\"noopener nofollow\"><strong>crucero por el Sena con audiogu\u00eda<\/strong><\/a><em><strong>&nbsp;<\/strong><\/em>gratuita en nuestra tienda oficial.<\/span><\/li>\n<\/ul>\n<h3 style=\"\">Bouquinistes en Pont Neuf<\/h3>\n<p><span><img decoding=\"async\" alt=\"\" data-id=\"6186\" width=\"680\" data-init-width=\"1000\" height=\"454\" data-init-height=\"667\" title=\"Pont Neuf Booksellers\" src=\"http:\/\/paristouristinformation.fr\/es\/wp-content\/uploads\/2021\/01\/Pont-Neuf-Booksellers.jpg\" data-width=\"680\" data-height=\"454\" data-pin-media=\"http:\/\/paristouristinformation.fr\/es\/wp-content\/uploads\/2021\/03\/prag_50_sehenswuerdigkeiten_pinterest-33.jpg\" data-pin-description=\"Know everything about the Pont Neuf Bridge in Paris : History, Pictures and Facts about the most famous bridge of Paris in France.\" data-pin-url=\"http:\/\/paristouristinformation.fr\/es\/things-to-do\/bridge\/pont-neuf\/?tve=true&amp;tcbf=e9aa5eae8a\" data-pinpro-key=\"xraxsyp90\" loading=\"lazy\"><\/span><\/p>\n<p>Bouquinistes en el Pont Neuf Caminando por la orilla izquierda, ver\u00e1 muchas librer\u00edas y puestos de libros al aire libre. \u00bfSab\u00eda que esta ruta con todas las cajas verdes que venden libros est\u00e1 en la lista del Patrimonio Mundial desde 1992?Hay m\u00e1s de 200 puestos de libros junto al r\u00edo que venden libros nuevos y viejos, sellos antiguos, revistas y muchos otros.Esta profesi\u00f3n se remonta a la segunda mitad del siglo XVII. Especialmente en el siglo XIX, la demanda de libros aument\u00f3 al incrementarse el \u00edndice de lectura entre el p\u00fablico. En 1859, se autoriz\u00f3 a los bouquinistas a vender libros en puntos fijos.<\/p>\n<ul>\n<li><span style=\"\">\u00bfEst\u00e1 planeando su viaje a Par\u00eds? Le hemos preparado una lista de <a href=\"https:\/\/paristouristinformation.fr\/es\/cosas-que-hacer\/\" target=\"_blank\" style=\"outline: none;\" rel=\"noopener\"><strong>100 cosas que hacer en Par\u00eds.<\/strong><\/a> Elija sus actividades favoritas y cree su propia experiencia \u00fanica en Par\u00eds.<\/span><\/li>\n<\/ul>\n<h2 id=\"t-1612271939664\" style=\"\">Historia del Pont Neuf en Par\u00eds<\/h2>\n<p><span><img decoding=\"async\" alt=\"Pont Neuf in Paris in France\" data-id=\"102\" width=\"680\" data-init-width=\"1000\" height=\"454\" data-init-height=\"667\" title=\"Pont Neuf in Paris in France\" src=\"http:\/\/paristouristinformation.fr\/es\/wp-content\/uploads\/2020\/06\/Pont-Neuf-in-Paris-in-France.jpg\" data-width=\"680\" data-height=\"454\" data-pin-media=\"http:\/\/paristouristinformation.fr\/es\/wp-content\/uploads\/2021\/03\/prag_50_sehenswuerdigkeiten_pinterest-33.jpg\" data-pin-description=\"Know everything about the Pont Neuf Bridge in Paris : History, Pictures and Facts about the most famous bridge of Paris in France.\" data-pin-url=\"http:\/\/paristouristinformation.fr\/es\/things-to-do\/bridge\/pont-neuf\/?tve=true&amp;tcbf=e9aa5eae8a\" data-pinpro-key=\"n28u8agu7\" loading=\"lazy\"><\/span><\/p>\n<p>La construcci\u00f3n de puentes para conectar las dos orillas del r\u00edo Sena se remonta a unos 2000 a\u00f1os. La construcci\u00f3n de un nuevo puente se inici\u00f3 en 1578 bajo el mandato de Enrique III, debido a los da\u00f1os sufridos en los puentes anteriores por diversos motivos a lo largo del tiempo.Fue dise\u00f1ado por Baptiste Du Cerceau y Pierre des Illes. Aunque las obras comenzaron en 1578, se interrumpieron entre 1562 y 1598 a causa de las guerras de religi\u00f3n, un conflicto entre cat\u00f3licos y protestantes. La construcci\u00f3n termin\u00f3 finalmente en 1604.Durante el reinado de Napole\u00f3n III, primer presidente electo de Francia, se reconstruyeron y renovaron los cimientos del puente. La ausencia de viviendas en \u00e9l hizo que el Pont Neuf fuera \u00fanico y el primero. Todos los puentes anteriores ten\u00edan casas construidas sobre ellos en aquella \u00e9poca. El nuevo puente estaba al servicio de los peatones con su acera, que era una innovaci\u00f3n para la ciudad. La gente se encontraba con la acera que les proteg\u00eda del barro y de los carros de caballos. Las casas en los puentes se mantuvieron hasta hace cien a\u00f1os, lo que no es tan antiguo. Entonces todos ellos se regularon para los peatones y el tr\u00e1fico.Actualmente, hay 37 puentes a lo largo del r\u00edo Sena, que divide la ciudad en dos. S\u00f3lo 4 de ellos son para peatones y todos compiten en belleza con sus caracter\u00edsticas originales. 2 de ellos funcionan como puentes ferroviarios.<\/p>\n<ul>\n<li><span style=\"\">\u00bfEst\u00e1 planeando su viaje a Par\u00eds? Le hemos preparado una lista de los<em><strong>&nbsp;<\/strong><\/em><a href=\"https:\/\/paristouristinformation.fr\/es\/cosas-que-hacer\/museo\/\" target=\"_blank\" rel=\"noopener\"><strong>30 mejores museos para visitar en Par\u00eds<\/strong><\/a>. \u00a1Elija sus favoritos y visite lo mejor de Par\u00eds!<\/span><\/li>\n<\/ul>\n<h2 id=\"t-1612271939665\" style=\"\">\u00bfC\u00f3mo llegar?<\/h2>\n<p style=\"\">La estaci\u00f3n de metro m\u00e1s cercana es \u00abPont Neuf\u00bb de la l\u00ednea 7.El puente Pont Neuf se encuentra en el distrito 1 de Par\u00eds. Un lugar perfecto para empezar a descubrir las cosas que<em><strong>&nbsp;<\/strong><\/em><a href=\"https:\/\/paristouristinformation.fr\/es\/cosas-que-hacer\/atracciones\/\" target=\"_blank\" rel=\"noopener\"><strong>hacer en Par\u00eds<\/strong>.<\/a> Su ubicaci\u00f3n en el coraz\u00f3n de la ciudad lo convierte en un punto de inter\u00e9s para todos los visitantes, adem\u00e1s de ser uno de los puntos de encuentro m\u00e1s importantes para la gente.<\/p>\n<ul>\n<li><span style=\"\"><strong>Consejo: <\/strong>Para ahorrar tiempo y dinero y evitar complicaciones, puede preparar su viaje comprando por adelantado todos los billetes online que necesite en nuestra tienda <em><strong>oficial de billetes de Par\u00eds.<\/strong><\/em><\/span><\/li>\n<\/ul>\n<h2 id=\"t-1612271939666\">Direcci\u00f3n y mapa<\/h2>\n<ul>\n<li><strong>Direcci\u00f3n <\/strong>y mapaDirecci\u00f3n : Pont Neuf, 1er distrito de Par\u00eds &#8211; 75001<\/li>\n<\/ul>\n<h2 style=\"\" id=\"t-1640081226720\">Visitas y entradas a Par\u00eds<\/h2>\n<p style=\"text-align: left;\">Descubra Par\u00eds hoy mismo con las visitas y entradas m\u00e1s preferidas sin tener que hacer cola.<\/p>\n<h2 style=\"\" id=\"t-1640081226719\">Art\u00edculos relacionados:<\/h2>\n<div class=\"tcb-post-list tve-content-list thrv_wrapper\" data-type=\"grid\" data-pagination-type=\"none\" data-pages_near_current=\"2\" data-css=\"tve-u-17ddc7a332d\" data-total_post_count=\"4\" data-total_sticky_count=\"0\" data-no_posts_text=\"There are no posts to display.\"><article id=\"post-8389\" class=\"post-8389 page type-page status-publish has-post-thumbnail hentry post-wrapper thrv_wrapper thrive-animated-item  tve_evt_manager_listen tve_ea_thrive_animation tve_et_mouseover tve_anim_grow\" tcb_hover_state_parent=\"\" class=\"tve_evt_manager_listen tve_ea_thrive_animation tve_et_mouseover tve_anim_grow\" data-id=\"8389\" data-selector=\".post-wrapper\"><style class=\"tcb-post-list-dynamic-style\" type=\"text\/css\">@media (min-width: 300px){[].tcb-post-list #post-8389 []{background-image: url(\u00abhttps:\/\/www.paristouristinformation.fr\/es\/wp-content\/uploads\/2021\/01\/10-Rooftop-Bars-and-Restaurants-with-a-view-in-Paris-1024x538.jpg\u00ab) !important;}[].tcb-post-list #post-8389 []:hover []{background-image: url(\u00abhttps:\/\/www.paristouristinformation.fr\/es\/wp-content\/uploads\/2021\/01\/10-Rooftop-Bars-and-Restaurants-with-a-view-in-Paris-1024x538.jpg\u00ab) !important;}}<\/style><a href=\"https:\/\/www.paristouristinformation.fr\/es\/restaurantes\/tejado\/\" dynamic-postlink=\"tcb_post_the_permalink\" data-shortcode-id=\"8389\"><\/a><\/p>\n<h3 style=\"text-align: center; padding-top: 0px !important; margin-top: 0px !important;\"><span data-attr-link=\"1\" data-attr-rel=\"0\" data-attr-target=\"0\" data-extra_key=\"\" data-option-inline=\"1\" data-shortcode=\"tcb_post_title\" data-shortcode-name=\"Post title\" data-attr-css=\"\" data-attr-static-link=\"{&quot;className&quot;:&quot;tve-froala fr-basic&quot;,&quot;href&quot;:&quot;https:\/\/paristouristinformation.fr\/es\/restaurantes\/tejado\/&quot;,&quot;title&quot;:&quot;10 bares y restaurantes con vistas en Par\u00eds&quot;,&quot;class&quot;:&quot;tve-froala fr-basic&quot;}\" style=\"\"><a href=\"https:\/\/www.paristouristinformation.fr\/es\/restaurantes\/tejado\/\" title=\"10 Bares y restaurantes con vistas en Par\u00eds\" data-css=\"\" class=\"tve-froala fr-basic\">10 Bares y restaurantes con vistas en Par\u00eds<\/a><\/span><\/h3>\n<p><\/article><article id=\"post-5160\" class=\"post-5160 page type-page status-publish has-post-thumbnail hentry post-wrapper thrv_wrapper thrive-animated-item  tve_evt_manager_listen tve_ea_thrive_animation tve_et_mouseover tve_anim_grow\" tcb_hover_state_parent=\"\" class=\"tve_evt_manager_listen tve_ea_thrive_animation tve_et_mouseover tve_anim_grow\" data-id=\"5160\" data-selector=\".post-wrapper\"><style class=\"tcb-post-list-dynamic-style\" type=\"text\/css\">@media (min-width: 300px){[].tcb-post-list #post-5160 []{background-image: url(\u00abhttps:\/\/www.paristouristinformation.fr\/es\/wp-content\/uploads\/2021\/01\/pont-alexandre-in-Paris-in-France-1024x538.jpg\u00ab) !important;}[].tcb-post-list #post-5160 []:hover []{background-image: url(\u00abhttps:\/\/www.paristouristinformation.fr\/es\/wp-content\/uploads\/2021\/01\/pont-alexandre-in-Paris-in-France-1024x538.jpg\u00ab) !important;}}<\/style><a href=\"https:\/\/www.paristouristinformation.fr\/es\/cosas-que-hacer\/puentes\/\" dynamic-postlink=\"tcb_post_the_permalink\" data-shortcode-id=\"8389\"><\/a><\/p>\n<h3 style=\"text-align: center; padding-top: 0px !important; margin-top: 0px !important;\"><span data-attr-link=\"1\" data-attr-rel=\"0\" data-attr-target=\"0\" data-extra_key=\"\" data-option-inline=\"1\" data-shortcode=\"tcb_post_title\" data-shortcode-name=\"Post title\" data-attr-css=\"\" data-attr-static-link=\"{&quot;className&quot;:&quot;tve-froala fr-basic&quot;,&quot;href&quot;:&quot;https:\/\/paristouristinformation.fr\/es\/restaurantes\/tejado\/&quot;,&quot;title&quot;:&quot;10 bares y restaurantes con vistas en Par\u00eds&quot;,&quot;class&quot;:&quot;tve-froala fr-basic&quot;}\" style=\"\"><a href=\"https:\/\/www.paristouristinformation.fr\/es\/cosas-que-hacer\/puentes\/\" title=\"5 Puentes m\u00e1s famosos de Par\u00eds: Ubicaci\u00f3n &amp; Consejos\" data-css=\"\" class=\"tve-froala fr-basic\">5 Puentes m\u00e1s famosos de Par\u00eds: Ubicaci\u00f3n &amp; Consejos<\/a><\/span><\/h3>\n<p><\/article><article id=\"post-5193\" class=\"post-5193 page type-page status-publish has-post-thumbnail hentry post-wrapper thrv_wrapper thrive-animated-item  tve_evt_manager_listen tve_ea_thrive_animation tve_et_mouseover tve_anim_grow\" tcb_hover_state_parent=\"\" class=\"tve_evt_manager_listen tve_ea_thrive_animation tve_et_mouseover tve_anim_grow\" data-id=\"5193\" data-selector=\".post-wrapper\"><style class=\"tcb-post-list-dynamic-style\" type=\"text\/css\">@media (min-width: 300px){[].tcb-post-list #post-5193 []{background-image: url(\u00abhttps:\/\/www.paristouristinformation.fr\/es\/wp-content\/uploads\/2021\/01\/Les-Ombres-Paris-France.jpg\u00ab) !important;}[].tcb-post-list #post-5193 []:hover []{background-image: url(\u00abhttps:\/\/www.paristouristinformation.fr\/es\/wp-content\/uploads\/2021\/01\/Les-Ombres-Paris-France.jpg\u00ab) !important;}}<\/style><a href=\"https:\/\/www.paristouristinformation.fr\/es\/cultura\/\" dynamic-postlink=\"tcb_post_the_permalink\" data-shortcode-id=\"8389\"><\/a><\/p>\n<h3 style=\"text-align: center; padding-top: 0px !important; margin-top: 0px !important;\"><span data-attr-link=\"1\" data-attr-rel=\"0\" data-attr-target=\"0\" data-extra_key=\"\" data-option-inline=\"1\" data-shortcode=\"tcb_post_title\" data-shortcode-name=\"Post title\" data-attr-css=\"\" data-attr-static-link=\"{&quot;className&quot;:&quot;tve-froala fr-basic&quot;,&quot;href&quot;:&quot;https:\/\/paristouristinformation.fr\/es\/restaurantes\/tejado\/&quot;,&quot;title&quot;:&quot;10 bares y restaurantes con vistas en Par\u00eds&quot;,&quot;class&quot;:&quot;tve-froala fr-basic&quot;}\" style=\"\"><a href=\"https:\/\/www.paristouristinformation.fr\/es\/cultura\/\" title=\"Gu\u00eda de la cultura francesa: Consejos sobre arte, cocina y moda\" data-css=\"\" class=\"tve-froala fr-basic\">Gu\u00eda de la cultura francesa: Consejos sobre arte, cocina y moda<\/a><\/span><\/h3>\n<p><\/article><article id=\"post-7650\" class=\"post-7650 page type-page status-publish has-post-thumbnail hentry post-wrapper thrv_wrapper thrive-animated-item  tve_evt_manager_listen tve_ea_thrive_animation tve_et_mouseover tve_anim_grow\" tcb_hover_state_parent=\"\" class=\"tve_evt_manager_listen tve_ea_thrive_animation tve_et_mouseover tve_anim_grow\" data-id=\"7650\" data-selector=\".post-wrapper\"><style class=\"tcb-post-list-dynamic-style\" type=\"text\/css\">@media (min-width: 300px){[].tcb-post-list #post-7650 []{background-image: url(\u00abhttps:\/\/www.paristouristinformation.fr\/es\/wp-content\/uploads\/2020\/12\/Notre-Dame-Cruise-Seine-in-Paris-in-France.jpg\u00ab) !important;}[].tcb-post-list #post-7650 []:hover []{background-image: url(\u00abhttps:\/\/www.paristouristinformation.fr\/es\/wp-content\/uploads\/2020\/12\/Notre-Dame-Cruise-Seine-in-Paris-in-France.jpg\u00ab) !important;}}<\/style><a href=\"https:\/\/www.paristouristinformation.fr\/es\/cosas-que-hacer\/crucero-por-el-sena\/\" dynamic-postlink=\"tcb_post_the_permalink\" data-shortcode-id=\"8389\"><\/a><\/p>\n<h3 style=\"text-align: center; padding-top: 0px !important; margin-top: 0px !important;\"><span data-attr-link=\"1\" data-attr-rel=\"0\" data-attr-target=\"0\" data-extra_key=\"\" data-option-inline=\"1\" data-shortcode=\"tcb_post_title\" data-shortcode-name=\"Post title\" data-attr-css=\"\" data-attr-static-link=\"{&quot;className&quot;:&quot;tve-froala fr-basic&quot;,&quot;href&quot;:&quot;https:\/\/paristouristinformation.fr\/es\/restaurantes\/tejado\/&quot;,&quot;title&quot;:&quot;10 bares y restaurantes con vistas en Par\u00eds&quot;,&quot;class&quot;:&quot;tve-froala fr-basic&quot;}\" style=\"\"><a href=\"https:\/\/www.paristouristinformation.fr\/es\/cosas-que-hacer\/crucero-por-el-sena\/\" title=\"Crucero por el Sena en Par\u00eds: Reservas &amp; Consejos\" data-css=\"\" class=\"tve-froala fr-basic\">Crucero por el Sena en Par\u00eds: Reservas &amp; Consejos<\/a><\/span><\/h3>\n<p><\/article><\/div>\n","protected":false},"excerpt":{"rendered":"<p>Existe una expresi\u00f3n francesa \u00absolide comme le Pont-Neuf\u00bb que significa \u00abtan s\u00f3lido como el Pont Neuf\u00bb para destacar la robustez de algo.Mientras pasea por el r\u00edo, t\u00f3mese su tiempo para ver desde todos los \u00e1ngulos el puente m\u00e1s antiguo que cruza el Sena y que ha conseguido sobrevivir perfectamente desde el siglo XVII hasta nuestros [&hellip;]<\/p>\n","protected":false},"author":10,"featured_media":4148,"parent":5160,"menu_order":0,"comment_status":"closed","ping_status":"closed","template":"","meta":{"footnotes":""},"tags":[],"class_list":{"0":"post-1206","1":"page","2":"type-page","3":"status-publish","4":"has-post-thumbnail","5":"hentry","6":"post-wrapper","7":"thrv_wrapper","10":"thrive-animated-item"},"wp-worthy-pixel":{"ignored":false,"public":null,"server":null,"url":null},"wp-worthy-type":"normal","_links":{"self":[{"href":"https:\/\/www.paristouristinformation.fr\/es\/wp-json\/wp\/v2\/pages\/1206","targetHints":{"allow":["GET"]}}],"collection":[{"href":"https:\/\/www.paristouristinformation.fr\/es\/wp-json\/wp\/v2\/pages"}],"about":[{"href":"https:\/\/www.paristouristinformation.fr\/es\/wp-json\/wp\/v2\/types\/page"}],"author":[{"embeddable":true,"href":"https:\/\/www.paristouristinformation.fr\/es\/wp-json\/wp\/v2\/users\/10"}],"replies":[{"embeddable":true,"href":"https:\/\/www.paristouristinformation.fr\/es\/wp-json\/wp\/v2\/comments?post=1206"}],"version-history":[{"count":0,"href":"https:\/\/www.paristouristinformation.fr\/es\/wp-json\/wp\/v2\/pages\/1206\/revisions"}],"up":[{"embeddable":true,"href":"https:\/\/www.paristouristinformation.fr\/es\/wp-json\/wp\/v2\/pages\/5160"}],"wp:featuredmedia":[{"embeddable":true,"href":"https:\/\/www.paristouristinformation.fr\/es\/wp-json\/wp\/v2\/media\/4148"}],"wp:attachment":[{"href":"https:\/\/www.paristouristinformation.fr\/es\/wp-json\/wp\/v2\/media?parent=1206"}],"wp:term":[{"taxonomy":"post_tag","embeddable":true,"href":"https:\/\/www.paristouristinformation.fr\/es\/wp-json\/wp\/v2\/tags?post=1206"}],"curies":[{"name":"wp","href":"https:\/\/api.w.org\/{rel}","templated":true}]}}