{"id":12073,"date":"2024-09-18T17:01:21","date_gmt":"2024-09-18T17:01:21","guid":{"rendered":"https:\/\/www.paristouristinformation.fr\/es\/?page_id=12073"},"modified":"2026-01-29T14:23:22","modified_gmt":"2026-01-29T14:23:22","slug":"entradas-torre-montparnasse-planta-56-y-azotea","status":"publish","type":"page","link":"https:\/\/www.paristouristinformation.fr\/es\/entradas-torre-montparnasse-planta-56-y-azotea\/","title":{"rendered":"Entradas Torre Montparnasse: Planta 56 y azotea"},"content":{"rendered":"<p><span><img decoding=\"async\" alt=\"\" data-id=\"13496\" width=\"1396\" height=\"842\" title=\"Entradas a la Torre Montparnasse, piso 56 y terraza en la azotea 5\" src=\"https:\/\/www.paristouristinformation.fr\/es\/wp-content\/uploads\/2024\/09\/Montparnasse-Tower-Entrance-Tickets-56th-Floor-and-Roof-Terrace-5-1024x618-1.png\" data-src=\"https:\/\/www.paristouristinformation.fr\/es\/wp-content\/uploads\/2024\/09\/Montparnasse-Tower-Entrance-Tickets-56th-Floor-and-Roof-Terrace-5-300x181-1.png\" loading=\"lazy\" data-sizes=\"{&quot;thumbnail&quot;:{&quot;url&quot;:&quot;https:\/\/www.paristouristinformation.fr\/es\/wp-content\/uploads\/2024\/09\/Montparnasse-Tower-Entrance-Tickets-56th-Floor-and-Roof-Terrace-5-333x205-1.png&quot;,&quot;height&quot;:205,&quot;width&quot;:333,&quot;orientation&quot;:&quot;landscape&quot;},&quot;medium&quot;:{&quot;url&quot;:&quot;https:\/\/www.paristouristinformation.fr\/es\/wp-content\/uploads\/2024\/09\/Montparnasse-Tower-Entrance-Tickets-56th-Floor-and-Roof-Terrace-5-300x181-1.png&quot;,&quot;height&quot;:181,&quot;width&quot;:300,&quot;orientation&quot;:&quot;landscape&quot;},&quot;large&quot;:{&quot;url&quot;:&quot;https:\/\/www.paristouristinformation.fr\/es\/wp-content\/uploads\/2024\/09\/Montparnasse-Tower-Entrance-Tickets-56th-Floor-and-Roof-Terrace-5-1024x618-1.png&quot;,&quot;height&quot;:618,&quot;width&quot;:1024,&quot;orientation&quot;:&quot;landscape&quot;},&quot;full&quot;:{&quot;url&quot;:&quot;https:\/\/www.paristouristinformation.fr\/es\/wp-content\/uploads\/2024\/09\/Montparnasse-Tower-Entrance-Tickets-56th-Floor-and-Roof-Terrace-5.png&quot;,&quot;height&quot;:842,&quot;width&quot;:1396,&quot;orientation&quot;:&quot;landscape&quot;}}\"><\/span><span><img decoding=\"async\" alt=\"\" data-id=\"13497\" width=\"1392\" height=\"874\" title=\"Entradas a la Torre Montparnasse, piso 56 y terraza en la azotea 1\" src=\"https:\/\/www.paristouristinformation.fr\/es\/wp-content\/uploads\/2024\/09\/Montparnasse-Tower-Entrance-Tickets-56th-Floor-and-Roof-Terrace-1-1024x643-1.png\" data-src=\"https:\/\/www.paristouristinformation.fr\/es\/wp-content\/uploads\/2024\/09\/Montparnasse-Tower-Entrance-Tickets-56th-Floor-and-Roof-Terrace-1-300x188-1.png\" loading=\"lazy\" data-sizes=\"{&quot;thumbnail&quot;:{&quot;url&quot;:&quot;https:\/\/www.paristouristinformation.fr\/es\/wp-content\/uploads\/2024\/09\/Montparnasse-Tower-Entrance-Tickets-56th-Floor-and-Roof-Terrace-1-333x205-1.png&quot;,&quot;height&quot;:205,&quot;width&quot;:333,&quot;orientation&quot;:&quot;landscape&quot;},&quot;medium&quot;:{&quot;url&quot;:&quot;https:\/\/www.paristouristinformation.fr\/es\/wp-content\/uploads\/2024\/09\/Montparnasse-Tower-Entrance-Tickets-56th-Floor-and-Roof-Terrace-1-300x188-1.png&quot;,&quot;height&quot;:188,&quot;width&quot;:300,&quot;orientation&quot;:&quot;landscape&quot;},&quot;large&quot;:{&quot;url&quot;:&quot;https:\/\/www.paristouristinformation.fr\/es\/wp-content\/uploads\/2024\/09\/Montparnasse-Tower-Entrance-Tickets-56th-Floor-and-Roof-Terrace-1-1024x643-1.png&quot;,&quot;height&quot;:643,&quot;width&quot;:1024,&quot;orientation&quot;:&quot;landscape&quot;},&quot;full&quot;:{&quot;url&quot;:&quot;https:\/\/www.paristouristinformation.fr\/es\/wp-content\/uploads\/2024\/09\/Montparnasse-Tower-Entrance-Tickets-56th-Floor-and-Roof-Terrace-1.png&quot;,&quot;height&quot;:874,&quot;width&quot;:1392,&quot;orientation&quot;:&quot;landscape&quot;}}\"><\/span><span><img decoding=\"async\" alt=\"\" data-id=\"13498\" width=\"1284\" height=\"810\" title=\"Entradas a la Torre Montparnasse, piso 56 y terraza en la azotea 2\" src=\"https:\/\/www.paristouristinformation.fr\/es\/wp-content\/uploads\/2024\/09\/Montparnasse-Tower-Entrance-Tickets-56th-Floor-and-Roof-Terrace-2-1024x646-1.png\" data-src=\"https:\/\/www.paristouristinformation.fr\/es\/wp-content\/uploads\/2024\/09\/Montparnasse-Tower-Entrance-Tickets-56th-Floor-and-Roof-Terrace-2-300x189-1.png\" loading=\"lazy\" data-sizes=\"{&quot;thumbnail&quot;:{&quot;url&quot;:&quot;https:\/\/www.paristouristinformation.fr\/es\/wp-content\/uploads\/2024\/09\/Montparnasse-Tower-Entrance-Tickets-56th-Floor-and-Roof-Terrace-2-333x205-1.png&quot;,&quot;height&quot;:205,&quot;width&quot;:333,&quot;orientation&quot;:&quot;landscape&quot;},&quot;medium&quot;:{&quot;url&quot;:&quot;https:\/\/www.paristouristinformation.fr\/es\/wp-content\/uploads\/2024\/09\/Montparnasse-Tower-Entrance-Tickets-56th-Floor-and-Roof-Terrace-2-300x189-1.png&quot;,&quot;height&quot;:189,&quot;width&quot;:300,&quot;orientation&quot;:&quot;landscape&quot;},&quot;large&quot;:{&quot;url&quot;:&quot;https:\/\/www.paristouristinformation.fr\/es\/wp-content\/uploads\/2024\/09\/Montparnasse-Tower-Entrance-Tickets-56th-Floor-and-Roof-Terrace-2-1024x646-1.png&quot;,&quot;height&quot;:646,&quot;width&quot;:1024,&quot;orientation&quot;:&quot;landscape&quot;},&quot;full&quot;:{&quot;url&quot;:&quot;https:\/\/www.paristouristinformation.fr\/es\/wp-content\/uploads\/2024\/09\/Montparnasse-Tower-Entrance-Tickets-56th-Floor-and-Roof-Terrace-2.png&quot;,&quot;height&quot;:810,&quot;width&quot;:1284,&quot;orientation&quot;:&quot;landscape&quot;}}\"><\/span><span><img decoding=\"async\" alt=\"\" data-id=\"13499\" width=\"1378\" height=\"782\" title=\"Entradas a la Torre Montparnasse, piso 56 y terraza en la azotea 3\" src=\"https:\/\/www.paristouristinformation.fr\/es\/wp-content\/uploads\/2024\/09\/Montparnasse-Tower-Entrance-Tickets-56th-Floor-and-Roof-Terrace-3-1024x581-1.png\" data-src=\"https:\/\/www.paristouristinformation.fr\/es\/wp-content\/uploads\/2024\/09\/Montparnasse-Tower-Entrance-Tickets-56th-Floor-and-Roof-Terrace-3-300x170-1.png\" loading=\"lazy\" data-sizes=\"{&quot;thumbnail&quot;:{&quot;url&quot;:&quot;https:\/\/www.paristouristinformation.fr\/es\/wp-content\/uploads\/2024\/09\/Montparnasse-Tower-Entrance-Tickets-56th-Floor-and-Roof-Terrace-3-333x205-1.png&quot;,&quot;height&quot;:205,&quot;width&quot;:333,&quot;orientation&quot;:&quot;landscape&quot;},&quot;medium&quot;:{&quot;url&quot;:&quot;https:\/\/www.paristouristinformation.fr\/es\/wp-content\/uploads\/2024\/09\/Montparnasse-Tower-Entrance-Tickets-56th-Floor-and-Roof-Terrace-3-300x170-1.png&quot;,&quot;height&quot;:170,&quot;width&quot;:300,&quot;orientation&quot;:&quot;landscape&quot;},&quot;large&quot;:{&quot;url&quot;:&quot;https:\/\/www.paristouristinformation.fr\/es\/wp-content\/uploads\/2024\/09\/Montparnasse-Tower-Entrance-Tickets-56th-Floor-and-Roof-Terrace-3-1024x581-1.png&quot;,&quot;height&quot;:581,&quot;width&quot;:1024,&quot;orientation&quot;:&quot;landscape&quot;},&quot;full&quot;:{&quot;url&quot;:&quot;https:\/\/www.paristouristinformation.fr\/es\/wp-content\/uploads\/2024\/09\/Montparnasse-Tower-Entrance-Tickets-56th-Floor-and-Roof-Terrace-3.png&quot;,&quot;height&quot;:782,&quot;width&quot;:1378,&quot;orientation&quot;:&quot;landscape&quot;}}\"><\/span><span><img decoding=\"async\" alt=\"\" data-id=\"13500\" width=\"1286\" height=\"868\" title=\"Entradas a la Torre Montparnasse, piso 56 y terraza en la azotea 4\" src=\"https:\/\/www.paristouristinformation.fr\/es\/wp-content\/uploads\/2024\/09\/Montparnasse-Tower-Entrance-Tickets-56th-Floor-and-Roof-Terrace-4-1024x691-1.png\" data-src=\"https:\/\/www.paristouristinformation.fr\/es\/wp-content\/uploads\/2024\/09\/Montparnasse-Tower-Entrance-Tickets-56th-Floor-and-Roof-Terrace-4-300x202-1.png\" loading=\"lazy\" data-sizes=\"{&quot;thumbnail&quot;:{&quot;url&quot;:&quot;https:\/\/www.paristouristinformation.fr\/es\/wp-content\/uploads\/2024\/09\/Montparnasse-Tower-Entrance-Tickets-56th-Floor-and-Roof-Terrace-4-333x205-1.png&quot;,&quot;height&quot;:205,&quot;width&quot;:333,&quot;orientation&quot;:&quot;landscape&quot;},&quot;medium&quot;:{&quot;url&quot;:&quot;https:\/\/www.paristouristinformation.fr\/es\/wp-content\/uploads\/2024\/09\/Montparnasse-Tower-Entrance-Tickets-56th-Floor-and-Roof-Terrace-4-300x202-1.png&quot;,&quot;height&quot;:202,&quot;width&quot;:300,&quot;orientation&quot;:&quot;landscape&quot;},&quot;large&quot;:{&quot;url&quot;:&quot;https:\/\/www.paristouristinformation.fr\/es\/wp-content\/uploads\/2024\/09\/Montparnasse-Tower-Entrance-Tickets-56th-Floor-and-Roof-Terrace-4-1024x691-1.png&quot;,&quot;height&quot;:691,&quot;width&quot;:1024,&quot;orientation&quot;:&quot;landscape&quot;},&quot;full&quot;:{&quot;url&quot;:&quot;https:\/\/www.paristouristinformation.fr\/es\/wp-content\/uploads\/2024\/09\/Montparnasse-Tower-Entrance-Tickets-56th-Floor-and-Roof-Terrace-4.png&quot;,&quot;height&quot;:868,&quot;width&quot;:1286,&quot;orientation&quot;:&quot;landscape&quot;}}\"><\/span><\/p>\n<h1 dir=\"ltr\">Entradas Torre Montparnasse: Planta 56 y azotea<\/h1>\n<h2><a href=\"https:\/\/www.headout.com\/r\/most-amazing-placesrecommends-G5AY9\/\" target=\"_blank\" rel=\"nofollow noopener\" style=\"outline: none;\">Make a reservation<\/a><\/h2>\n<h1><a href=\"https:\/\/www.headout.com\/r\/most-amazing-placesrecommends-G5AY9\/\" target=\"_blank\" rel=\"nofollow noopener\" style=\"outline: none;\"><strong>From \u20ac18.00<\/strong><\/a><\/h1>\n<p dir=\"ltr\">Disfrute de unas vistas impresionantes de Par\u00eds y sus lugares emblem\u00e1ticos desde los miradores de la Torre Montparnasse. Este billete de acceso durante todo el d\u00eda ofrece un punto de observaci\u00f3n \u00fanico y sin aglomeraciones para admirar los monumentos m\u00e1s famosos de la ciudad desde el piso 56 y la terraza de la azotea.<\/p>\n<ul>\n<li style=\"\"><span>Se aceptan billetes impresos o en el m\u00f3vil&nbsp;<\/span><\/li>\n<li style=\"\">                    <span>Confirmaci\u00f3n instant\u00e1nea<\/span><\/li>\n<li style=\"\"><span>Piso 56 y azotea<\/span><\/li>\n<li style=\"\"><span>Cancelaci\u00f3n gratuita<\/span><\/li>\n<\/ul>\n<h2>Qu\u00e9 incluye<\/h2>\n<ul>\n<li style=\"\">                    <span>Entrada a la Torre Montparnasse<\/span><\/li>\n<li style=\"\">                    <span>Acceso a la plataforma de observaci\u00f3n interior del piso 56<\/span><\/li>\n<li style=\"\">                    <span>Acceso a la terraza de la azotea.<\/span><\/li>\n<\/ul>\n<h2>Qu\u00e9 no est\u00e1 incluido<\/h2>\n<ul>\n<li style=\"\"><span>Comidas y bebidas<\/span><\/li>\n<li><span>Transporte hacia y desde la torre<\/span><\/li>\n<\/ul>\n<h2>Informaci\u00f3n importante<\/h2>\n<ul>\n<li style=\"\"><span><strong>Acceso para sillas de ruedas:<\/strong> disponible solo hasta el piso 56<\/span><\/li>\n<li><span><strong>Acceso a la Terraza:<\/strong> Ubicada en el piso 59, accesible por escaleras.<\/span><\/li>\n<li><span><strong>Validez del billete:<\/strong> Los billetes son v\u00e1lidos durante 200 d\u00edas a partir de la fecha de compra.<\/span><\/li>\n<li><span><strong>Requisitos de entrada:<\/strong> Muestre su cup\u00f3n m\u00f3vil y una identificaci\u00f3n con fotograf\u00eda v\u00e1lida en el punto de canje.<\/span><\/li>\n<\/ul>\n<h2 style=\"\">Ofrecido en colaboraci\u00f3n con nuestro socio:<\/h2>\n<p><span><img decoding=\"async\" alt=\"Logotipo de Headout\" data-id=\"5808\" width=\"129\" data-init-width=\"394\" height=\"46\" data-init-height=\"140\" title=\"Logotipo de Headout\" loading=\"lazy\" src=\"https:\/\/www.paristouristinformation.fr\/es\/wp-content\/uploads\/2024\/09\/Bildschirmfoto-2024-07-26-um-13.13.23-2.png\" data-width=\"129\" data-height=\"46\" style=\"aspect-ratio: auto 394 \/ 140;\"><\/span><\/p>\n<p>La Oficina de Informaci\u00f3n Tur\u00edstica de Par\u00eds facilita los pagos, mientras que Headout act\u00faa como comerciante oficial. Los t\u00e9rminos y condiciones no se modifican.<\/p>\n<p><a href=\"https:\/\/www.headout.com\/r\/most-amazing-placesrecommends-G5AY9\/\" target=\"_blank\" rel=\"nofollow noopener\" style=\"outline: none;\" data-lt-tmp-id=\"lt-493231\" spellcheck=\"false\">Haga clic aqu\u00ed si prefiere reservar en el sitio web de Headout.<\/a><\/p>\n<h2>Descripci\u00f3n:<\/h2>\n<p dir=\"ltr\">Disfrute de las vistas m\u00e1s impresionantes de Par\u00eds desde los miradores de la Torre Montparnasse. Suba r\u00e1pidamente al piso 56, donde los amplios ventanales ofrecen una vista panor\u00e1mica de 360 grados de la ciudad. Para vivir una experiencia a\u00fan m\u00e1s espectacular, suba a la terraza al aire libre en la azotea del piso 59 y disfrute del paisaje urbano bajo el cielo parisino.<\/p>\n<h2>Reflejos:<\/h2>\n<ul>\n<li><strong>&nbsp;<\/strong>Disfrute de vistas panor\u00e1micas de Par\u00eds, incluida posiblemente la mejor vista de la Torre Eiffel.<\/li>\n<li>Vea lugares emblem\u00e1ticos de Par\u00eds como el Sacr\u00e9-C\u0153ur, el Louvre, Les Invalides y la catedral de Notre-Dame<\/li>\n<li>Rel\u00e1jese en la plataforma de observaci\u00f3n interior en el piso 56.<\/li>\n<li>Suba a la terraza al aire libre del piso 59 para disfrutar de una experiencia inmersiva al aire libre.<\/li>\n<li>Llega al piso 56 en solo 38 segundos a trav\u00e9s de un ascensor de alta velocidad.<\/li>\n<li>Vis\u00edtelo cuando le resulte conveniente, de d\u00eda o de noche, con horarios de entrada flexibles con su billete de acceso durante todo el d\u00eda.<\/li>\n<\/ul>\n<h2>Torre Montparnasse<\/h2>\n<p dir=\"ltr\">Rue de l&#8217;Arriv\u00e9e, 75015 Par\u00eds, Francia<\/p>\n<h2>Pol\u00edtica de cancelaci\u00f3n<\/h2>\n<p dir=\"ltr\">Cancele sus boletos hasta 24 horas antes de su visita programada para obtener un reembolso completo.<\/p>\n<h2>Punto de encuentro e instrucciones<\/h2>\n<p dir=\"ltr\">Muestre su boleto y una identificaci\u00f3n con fotograf\u00eda v\u00e1lida en el punto de canje de boletos en la base de la Torre Montparnasse, ubicado en Rue de l&#8217;Arriv\u00e9e, 75015 Par\u00eds, Francia.&nbsp;<\/p>\n<p><a href=\"https:\/\/www.google.com\/maps\/place\/Tour+Montparnasse\/@48.8421414,2.3193765,17z\/data=!3m2!4b1!5s0x47e671d5b78e00e5:0x30bdaf3fb1834469!4m6!3m5!1s0x47e671ccae002451:0xfc04ff9c1b1c593c!8m2!3d48.8421379!4d2.3219514!16zL20vMGg2eHI?entry=ttu&amp;g_ep=EgoyMDI0MDgyMS4wIKXMDSoASAFQAw%3D%3D\" target=\"_blank\" rel=\"nofollow noopener\" style=\"outline: none;\">Abrir en Maps<\/a><\/p>\n<h2>Rese\u00f1as y valoraciones<\/h2>\n<p><strong>4.4\/ 5&nbsp; <\/strong><strong>(1.2 K opiniones)<\/strong><\/p>\n<p dir=\"ltr\"><em>\u201c\u00a1Todo sali\u00f3 de maravilla! Hubiera sido bueno saber de qu\u00e9 lado est\u00e1 la entrada actual, pero tuvimos tiempo suficiente para averiguarlo. La vista era de ensue\u00f1o, todo sali\u00f3 a la perfecci\u00f3n<\/em> \u201d Amke, julio de 2024 [Fuente: Headout] <a href=\"https:\/\/www.headout.com\/r\/most-amazing-placesrecommends-G5AY9\/\" target=\"_blank\" rel=\"nofollow noopener\" style=\"outline: none;\">&gt;&gt; Ver m\u00e1s rese\u00f1as<\/a><\/p>\n<h2>Algunas actividades que te pueden gustar<\/h2>\n<p><span># <\/span><strong><span>2<\/span><\/strong><span># <\/span><strong><span>2<\/span><\/strong><span><img decoding=\"async\" alt=\"Entradas para Crucero por el Sena en Bateaux Mouches\" data-id=\"10191\" width=\"159\" data-init-width=\"800\" height=\"159\" data-init-height=\"800\" title=\"Entradas para Crucero por el Sena en Bateaux Mouches\" loading=\"lazy\" src=\"https:\/\/www.paristouristinformation.fr\/es\/wp-content\/uploads\/2024\/09\/Tickets-for-Seine-River-Cruise-by-Bateaux-Mouches.jpg\" data-width=\"159\" data-height=\"159\" style=\"aspect-ratio: auto 800 \/ 800;\"><\/span><\/p>\n<table>\n<tbody>\n<tr>\n<td><a href=\"https:\/\/www.tiqets.com\/en\/things-to-do-in-paris-c66746\/tickets-for-montparnasse-tower-and-seine-river-cruise-by-bateaux-mouches-p1087827?partner=most_amazing_places&amp;tq_campaign=ParisMontparnasseGttd2\" target=\"_blank\" rel=\"nofollow noopener\" style=\"outline: none;\" data-lt-tmp-id=\"lt-947637\" spellcheck=\"false\">Torre Montparnasse + Crucero por el Sena en Bateaux Mouches<\/a><\/td>\n<\/tr>\n<\/tbody>\n<\/table>\n<p dir=\"ltr\">Admira las vistas panor\u00e1micas de Par\u00eds desde la Torre Montparnasse y disfruta de un crucero panor\u00e1mico por el r\u00edo Sena con Bateaux Mouches. Experimenta la belleza de la ciudad tanto desde tierra como desde el agua con este boleto combinado perfecto.<\/p>\n<h3 style=\"\">Precio total<\/h3>\n<h3 style=\"\">No se le cobrar\u00e1 todav\u00eda<\/h3>\n<p><span># <\/span><strong><span>2<\/span><\/strong><span><img decoding=\"async\" alt=\"\" data-id=\"13412\" width=\"159\" data-init-width=\"1185\" height=\"83\" data-init-height=\"616\" title=\"Par\u00eds: recorrido en autob\u00fas tur\u00edstico con paradas libres Tootbus\" loading=\"lazy\" src=\"https:\/\/www.paristouristinformation.fr\/es\/wp-content\/uploads\/2024\/09\/Paris-Tootbus-Hop-on-Hop-off-Discovery-Bus-Tour-1.jpg\" data-width=\"159\" data-height=\"83\" style=\"aspect-ratio: auto 1185 \/ 616;\"><\/span><\/p>\n<table>\n<tbody>\n<tr>\n<td><a href=\"https:\/\/gyg.me\/WEWJcacN\" target=\"_blank\" rel=\"nofollow noopener\" style=\"outline: none;\" data-lt-tmp-id=\"lt-163467\" spellcheck=\"false\">Par\u00eds: recorrido tur\u00edstico en autob\u00fas con paradas libres Tootbus<\/a><\/td>\n<\/tr>\n<\/tbody>\n<\/table>\n<p>Explora Par\u00eds a tu propio ritmo con el autob\u00fas tur\u00edstico de Tootbus. Elige un billete de 1, 2 o 3 d\u00edas y disfruta de la libertad de un autob\u00fas descapotable para ver las principales atracciones de la ciudad.<\/p>\n<h3 style=\"\">Precio total<\/h3>\n<h3 style=\"\">No se le cobrar\u00e1 todav\u00eda<\/h3>\n<\/p>\n<h2><a href=\"https:\/\/www.headout.com\/r\/most-amazing-placesrecommends-G5AY9\/\" target=\"_blank\" rel=\"nofollow noopener\" style=\"outline: none;\" data-lt-tmp-id=\"lt-672522\" spellcheck=\"false\">Hacer una reserva<\/a><\/h2>\n<h1><a href=\"https:\/\/www.headout.com\/r\/most-amazing-placesrecommends-G5AY9\/\" target=\"_blank\" rel=\"nofollow noopener\" style=\"outline: none;\" data-lt-tmp-id=\"lt-318774\" spellcheck=\"false\"><strong>Desde 18,00\u20ac<\/strong><\/a><\/h1>\n<p style=\"\">No se le cobrar\u00e1 todav\u00eda<\/p>\n","protected":false},"excerpt":{"rendered":"<p>Entradas Torre Montparnasse: Planta 56 y azotea Make a reservation From \u20ac18.00 Disfrute de unas vistas impresionantes de Par\u00eds y sus lugares emblem\u00e1ticos desde los miradores de la Torre Montparnasse. Este billete de acceso durante todo el d\u00eda ofrece un punto de observaci\u00f3n \u00fanico y sin aglomeraciones para admirar los monumentos m\u00e1s famosos de la [&hellip;]<\/p>\n","protected":false},"author":10,"featured_media":7050,"parent":0,"menu_order":0,"comment_status":"closed","ping_status":"closed","template":"","meta":{"footnotes":""},"tags":[63],"class_list":["post-12073","page","type-page","status-publish","has-post-thumbnail","hentry","tag-paginas-de-venta","post-wrapper","thrv_wrapper"],"wp-worthy-pixel":{"ignored":false,"public":null,"server":null,"url":null},"wp-worthy-type":"normal","_links":{"self":[{"href":"https:\/\/www.paristouristinformation.fr\/es\/wp-json\/wp\/v2\/pages\/12073","targetHints":{"allow":["GET"]}}],"collection":[{"href":"https:\/\/www.paristouristinformation.fr\/es\/wp-json\/wp\/v2\/pages"}],"about":[{"href":"https:\/\/www.paristouristinformation.fr\/es\/wp-json\/wp\/v2\/types\/page"}],"author":[{"embeddable":true,"href":"https:\/\/www.paristouristinformation.fr\/es\/wp-json\/wp\/v2\/users\/10"}],"replies":[{"embeddable":true,"href":"https:\/\/www.paristouristinformation.fr\/es\/wp-json\/wp\/v2\/comments?post=12073"}],"version-history":[{"count":6,"href":"https:\/\/www.paristouristinformation.fr\/es\/wp-json\/wp\/v2\/pages\/12073\/revisions"}],"predecessor-version":[{"id":12275,"href":"https:\/\/www.paristouristinformation.fr\/es\/wp-json\/wp\/v2\/pages\/12073\/revisions\/12275"}],"wp:featuredmedia":[{"embeddable":true,"href":"https:\/\/www.paristouristinformation.fr\/es\/wp-json\/wp\/v2\/media\/7050"}],"wp:attachment":[{"href":"https:\/\/www.paristouristinformation.fr\/es\/wp-json\/wp\/v2\/media?parent=12073"}],"wp:term":[{"taxonomy":"post_tag","embeddable":true,"href":"https:\/\/www.paristouristinformation.fr\/es\/wp-json\/wp\/v2\/tags?post=12073"}],"curies":[{"name":"wp","href":"https:\/\/api.w.org\/{rel}","templated":true}]}}