{"id":12153,"date":"2024-09-18T18:19:59","date_gmt":"2024-09-18T18:19:59","guid":{"rendered":"https:\/\/www.paristouristinformation.fr\/es\/?page_id=12153"},"modified":"2025-03-25T06:25:22","modified_gmt":"2025-03-25T06:25:22","slug":"centre-pompidou-coleccion-permanente","status":"publish","type":"page","link":"https:\/\/www.paristouristinformation.fr\/es\/centre-pompidou-coleccion-permanente\/","title":{"rendered":"Centro Pompidou: Exposici\u00f3n + Acceso a la Azotea"},"content":{"rendered":"<p><span><img decoding=\"async\" alt=\"\" data-id=\"13560\" width=\"1600\" height=\"1600\" title=\"Centro Pompidou - Colecci\u00f3n permanente\" src=\"https:\/\/paristouristinformation.fr\/wp-content\/uploads\/2024\/08\/Centre-Pompidou-Permanent-Collection--1024x1024.avif\" data-src=\"https:\/\/paristouristinformation.fr\/wp-content\/uploads\/2024\/08\/Centre-Pompidou-Permanent-Collection--300x300.avif\" loading=\"lazy\" data-sizes=\"{&quot;thumbnail&quot;:{&quot;url&quot;:&quot;https:\/\/paristouristinformation.fr\/wp-content\/uploads\/2024\/08\/Centre-Pompidou-Permanent-Collection--333x205.avif&quot;,&quot;height&quot;:205,&quot;width&quot;:333,&quot;orientation&quot;:&quot;landscape&quot;},&quot;medium&quot;:{&quot;url&quot;:&quot;https:\/\/paristouristinformation.fr\/wp-content\/uploads\/2024\/08\/Centre-Pompidou-Permanent-Collection--300x300.avif&quot;,&quot;height&quot;:300,&quot;width&quot;:300,&quot;orientation&quot;:&quot;landscape&quot;},&quot;large&quot;:{&quot;url&quot;:&quot;https:\/\/paristouristinformation.fr\/wp-content\/uploads\/2024\/08\/Centre-Pompidou-Permanent-Collection--1024x1024.avif&quot;,&quot;height&quot;:1024,&quot;width&quot;:1024,&quot;orientation&quot;:&quot;landscape&quot;},&quot;full&quot;:{&quot;url&quot;:&quot;https:\/\/paristouristinformation.fr\/wp-content\/uploads\/2024\/08\/Centre-Pompidou-Permanent-Collection-.avif&quot;,&quot;height&quot;:1600,&quot;width&quot;:1600,&quot;orientation&quot;:&quot;landscape&quot;},&quot;1536x1536&quot;:{&quot;url&quot;:&quot;https:\/\/paristouristinformation.fr\/wp-content\/uploads\/2024\/08\/Centre-Pompidou-Permanent-Collection--1536x1536.avif&quot;,&quot;height&quot;:1536,&quot;width&quot;:1536,&quot;orientation&quot;:&quot;landscape&quot;}}\"><\/span><span><img decoding=\"async\" alt=\"\" data-id=\"13559\" width=\"1600\" height=\"1600\" title=\"Centro Pompidou - Colecci\u00f3n Permanente 2\" src=\"https:\/\/paristouristinformation.fr\/wp-content\/uploads\/2024\/08\/Centre-Pompidou-Permanent-Collection-2-1024x1024.avif\" data-src=\"https:\/\/paristouristinformation.fr\/wp-content\/uploads\/2024\/08\/Centre-Pompidou-Permanent-Collection-2-300x300.avif\" loading=\"lazy\" data-sizes=\"{&quot;thumbnail&quot;:{&quot;url&quot;:&quot;https:\/\/paristouristinformation.fr\/wp-content\/uploads\/2024\/08\/Centre-Pompidou-Permanent-Collection-2-333x205.avif&quot;,&quot;height&quot;:205,&quot;width&quot;:333,&quot;orientation&quot;:&quot;landscape&quot;},&quot;medium&quot;:{&quot;url&quot;:&quot;https:\/\/paristouristinformation.fr\/wp-content\/uploads\/2024\/08\/Centre-Pompidou-Permanent-Collection-2-300x300.avif&quot;,&quot;height&quot;:300,&quot;width&quot;:300,&quot;orientation&quot;:&quot;landscape&quot;},&quot;large&quot;:{&quot;url&quot;:&quot;https:\/\/paristouristinformation.fr\/wp-content\/uploads\/2024\/08\/Centre-Pompidou-Permanent-Collection-2-1024x1024.avif&quot;,&quot;height&quot;:1024,&quot;width&quot;:1024,&quot;orientation&quot;:&quot;landscape&quot;},&quot;full&quot;:{&quot;url&quot;:&quot;https:\/\/paristouristinformation.fr\/wp-content\/uploads\/2024\/08\/Centre-Pompidou-Permanent-Collection-2.avif&quot;,&quot;height&quot;:1600,&quot;width&quot;:1600,&quot;orientation&quot;:&quot;landscape&quot;},&quot;1536x1536&quot;:{&quot;url&quot;:&quot;https:\/\/paristouristinformation.fr\/wp-content\/uploads\/2024\/08\/Centre-Pompidou-Permanent-Collection-2-1536x1536.avif&quot;,&quot;height&quot;:1536,&quot;width&quot;:1536,&quot;orientation&quot;:&quot;landscape&quot;}}\"><\/span><span><img decoding=\"async\" alt=\"\" data-id=\"13558\" width=\"1600\" height=\"1600\" title=\"Centro Pompidou - Colecci\u00f3n Permanente 3\" src=\"https:\/\/paristouristinformation.fr\/wp-content\/uploads\/2024\/08\/Centre-Pompidou-Permanent-Collection-3-1024x1024.avif\" data-src=\"https:\/\/paristouristinformation.fr\/wp-content\/uploads\/2024\/08\/Centre-Pompidou-Permanent-Collection-3-300x300.avif\" loading=\"lazy\" data-sizes=\"{&quot;thumbnail&quot;:{&quot;url&quot;:&quot;https:\/\/paristouristinformation.fr\/wp-content\/uploads\/2024\/08\/Centre-Pompidou-Permanent-Collection-3-333x205.avif&quot;,&quot;height&quot;:205,&quot;width&quot;:333,&quot;orientation&quot;:&quot;landscape&quot;},&quot;medium&quot;:{&quot;url&quot;:&quot;https:\/\/paristouristinformation.fr\/wp-content\/uploads\/2024\/08\/Centre-Pompidou-Permanent-Collection-3-300x300.avif&quot;,&quot;height&quot;:300,&quot;width&quot;:300,&quot;orientation&quot;:&quot;landscape&quot;},&quot;large&quot;:{&quot;url&quot;:&quot;https:\/\/paristouristinformation.fr\/wp-content\/uploads\/2024\/08\/Centre-Pompidou-Permanent-Collection-3-1024x1024.avif&quot;,&quot;height&quot;:1024,&quot;width&quot;:1024,&quot;orientation&quot;:&quot;landscape&quot;},&quot;full&quot;:{&quot;url&quot;:&quot;https:\/\/paristouristinformation.fr\/wp-content\/uploads\/2024\/08\/Centre-Pompidou-Permanent-Collection-3.avif&quot;,&quot;height&quot;:1600,&quot;width&quot;:1600,&quot;orientation&quot;:&quot;landscape&quot;},&quot;1536x1536&quot;:{&quot;url&quot;:&quot;https:\/\/paristouristinformation.fr\/wp-content\/uploads\/2024\/08\/Centre-Pompidou-Permanent-Collection-3-1536x1536.avif&quot;,&quot;height&quot;:1536,&quot;width&quot;:1536,&quot;orientation&quot;:&quot;landscape&quot;}}\"><\/span><span><img decoding=\"async\" alt=\"\" data-id=\"13557\" width=\"1600\" height=\"1600\" title=\"Centro Pompidou - Colecci\u00f3n Permanente 4\" src=\"https:\/\/paristouristinformation.fr\/wp-content\/uploads\/2024\/08\/Centre-Pompidou-Permanent-Collection-4-1024x1024.avif\" data-src=\"https:\/\/paristouristinformation.fr\/wp-content\/uploads\/2024\/08\/Centre-Pompidou-Permanent-Collection-4-300x300.avif\" loading=\"lazy\" data-sizes=\"{&quot;thumbnail&quot;:{&quot;url&quot;:&quot;https:\/\/paristouristinformation.fr\/wp-content\/uploads\/2024\/08\/Centre-Pompidou-Permanent-Collection-4-333x205.avif&quot;,&quot;height&quot;:205,&quot;width&quot;:333,&quot;orientation&quot;:&quot;landscape&quot;},&quot;medium&quot;:{&quot;url&quot;:&quot;https:\/\/paristouristinformation.fr\/wp-content\/uploads\/2024\/08\/Centre-Pompidou-Permanent-Collection-4-300x300.avif&quot;,&quot;height&quot;:300,&quot;width&quot;:300,&quot;orientation&quot;:&quot;landscape&quot;},&quot;large&quot;:{&quot;url&quot;:&quot;https:\/\/paristouristinformation.fr\/wp-content\/uploads\/2024\/08\/Centre-Pompidou-Permanent-Collection-4-1024x1024.avif&quot;,&quot;height&quot;:1024,&quot;width&quot;:1024,&quot;orientation&quot;:&quot;landscape&quot;},&quot;full&quot;:{&quot;url&quot;:&quot;https:\/\/paristouristinformation.fr\/wp-content\/uploads\/2024\/08\/Centre-Pompidou-Permanent-Collection-4.avif&quot;,&quot;height&quot;:1600,&quot;width&quot;:1600,&quot;orientation&quot;:&quot;landscape&quot;},&quot;1536x1536&quot;:{&quot;url&quot;:&quot;https:\/\/paristouristinformation.fr\/wp-content\/uploads\/2024\/08\/Centre-Pompidou-Permanent-Collection-4-1536x1536.avif&quot;,&quot;height&quot;:1536,&quot;width&quot;:1536,&quot;orientation&quot;:&quot;landscape&quot;}}\"><\/span><span><img decoding=\"async\" alt=\"\" data-id=\"13556\" width=\"1600\" height=\"1600\" title=\"Centro Pompidou - Colecci\u00f3n Permanente 5\" src=\"https:\/\/paristouristinformation.fr\/wp-content\/uploads\/2024\/08\/Centre-Pompidou-Permanent-Collection-5-1024x1024.avif\" data-src=\"https:\/\/paristouristinformation.fr\/wp-content\/uploads\/2024\/08\/Centre-Pompidou-Permanent-Collection-5-300x300.avif\" loading=\"lazy\" data-sizes=\"{&quot;thumbnail&quot;:{&quot;url&quot;:&quot;https:\/\/paristouristinformation.fr\/wp-content\/uploads\/2024\/08\/Centre-Pompidou-Permanent-Collection-5-333x205.avif&quot;,&quot;height&quot;:205,&quot;width&quot;:333,&quot;orientation&quot;:&quot;landscape&quot;},&quot;medium&quot;:{&quot;url&quot;:&quot;https:\/\/paristouristinformation.fr\/wp-content\/uploads\/2024\/08\/Centre-Pompidou-Permanent-Collection-5-300x300.avif&quot;,&quot;height&quot;:300,&quot;width&quot;:300,&quot;orientation&quot;:&quot;landscape&quot;},&quot;large&quot;:{&quot;url&quot;:&quot;https:\/\/paristouristinformation.fr\/wp-content\/uploads\/2024\/08\/Centre-Pompidou-Permanent-Collection-5-1024x1024.avif&quot;,&quot;height&quot;:1024,&quot;width&quot;:1024,&quot;orientation&quot;:&quot;landscape&quot;},&quot;full&quot;:{&quot;url&quot;:&quot;https:\/\/paristouristinformation.fr\/wp-content\/uploads\/2024\/08\/Centre-Pompidou-Permanent-Collection-5.avif&quot;,&quot;height&quot;:1600,&quot;width&quot;:1600,&quot;orientation&quot;:&quot;landscape&quot;},&quot;1536x1536&quot;:{&quot;url&quot;:&quot;https:\/\/paristouristinformation.fr\/wp-content\/uploads\/2024\/08\/Centre-Pompidou-Permanent-Collection-5-1536x1536.avif&quot;,&quot;height&quot;:1536,&quot;width&quot;:1536,&quot;orientation&quot;:&quot;landscape&quot;}}\"><\/span><\/p>\n<h1>Centro Pompidou: Exposici\u00f3n + Acceso a la Azotea<\/h1>\n<h2><a href=\"https:\/\/www.tiqets.com\/en\/things-to-do-in-paris-c66746\/tickets-for-centre-pompidou-p974349\/?partner=paristouristinformation&amp;tq_campaign=CentrePompidouGttd\" target=\"_blank\" rel=\"nofollow noopener\" style=\"outline: none;\"><\/a><a data-lt-tmp-id=\"lt-123139\" href=\"https:\/\/www.tiqets.com\/en\/things-to-do-in-paris-c66746\/tickets-for-centre-pompidou-p974349\/?partner=paristouristinformation&amp;tq_campaign=CentrePompidouGttd\" rel=\"nofollow noopener\" spellcheck=\"false\" target=\"_blank\" style=\"outline: none;\">Hacer una reserva<\/a><\/h2>\n<h1><a href=\"https:\/\/www.tiqets.com\/en\/things-to-do-in-paris-c66746\/tickets-for-centre-pompidou-p974349\/?partner=paristouristinformation&amp;tq_campaign=CentrePompidouGttd\" target=\"_blank\" rel=\"nofollow noopener\" style=\"outline: none;\"><strong>17.00\u20ac<\/strong><\/a><\/h1>\n<p dir=\"ltr\">Explora un mundo de obras maestras modernas en el emblem\u00e1tico Centro Pompidou de Par\u00eds con esta entrada. Sum\u00e9rgete en el arte innovador del siglo XX y disfruta de vistas impresionantes del horizonte de la ciudad.<\/p>\n<ul>\n<li style=\"\"><span>Seleccionado cuidadosamente<\/span><\/li>\n<li style=\"\"><span>Billete m\u00f3vil &nbsp;<\/span><\/li>\n<li style=\"\">                    <span>Confirmaci\u00f3n instant\u00e1nea<\/span><\/li>\n<li style=\"\"><span>Cancelaci\u00f3n gratuita<\/span><\/li>\n<\/ul>\n<h2>Qu\u00e9 incluye<\/h2>\n<ul>\n<li style=\"\">                    <span>Acceso a la exposici\u00f3n temporal<\/span><\/li>\n<li style=\"\">                    <span>Acceso a la azotea<\/span><\/li>\n<\/ul>\n<h2>Qu\u00e9 no est\u00e1 incluido<\/h2>\n<ul>\n<li><span>Entrada a las galer\u00edas 3 y 4<\/span><\/li>\n<\/ul>\n<h2>Informaci\u00f3n importante<\/h2>\n<ul>\n<li style=\"\"><span>\u200bLa <strong data-end=\"436\" data-start=\"360\">colecci\u00f3n permanente cerrar\u00e1 al p\u00fablico a partir del 11 de marzo de 2025<\/strong>.<\/span><\/li>\n<li style=\"\"><span>\u200bSu entrada <strong>solo<\/strong> es v\u00e1lida para la exposici\u00f3n temporal escogida.<\/span><\/li>\n<li><span>No se permite entrar con bolsos grandes ni maletas.<\/span><\/li>\n<li><span>La entrada es gratuita cada primer domingo del mes.<\/span><\/li>\n<li><span>Aseg\u00farese de unirse a la l\u00ednea &#8216;Visiteurs avec billet&#8217; marcada en naranja en el mapa proporcionado para acceder directamente.<\/span><\/li>\n<li><span>Prep\u00e1rese para tiempos de espera m\u00e1s largos debido a exposiciones populares.<\/span><\/li>\n<\/ul>\n<h2 style=\"\">Ofrecido en colaboraci\u00f3n con nuestro socio:<\/h2>\n<p><span><img decoding=\"async\" alt=\"\" data-id=\"13290\" width=\"129\" data-init-width=\"350\" height=\"49\" data-init-height=\"134\" title=\"Logotipo de Tiqets\" loading=\"lazy\" src=\"https:\/\/www.paristouristinformation.fr\/es\/wp-content\/uploads\/2024\/09\/Tiqets-Logo-5.png\" data-width=\"129\" data-height=\"49\" style=\"aspect-ratio: auto 350 \/ 134;\"><\/span><\/p>\n<p>La oficina de informaci\u00f3n tur\u00edstica de Par\u00eds facilita los pagos, mientras que Tiqets act\u00faa como comerciante oficial. Los t\u00e9rminos y condiciones no se modifican.<\/p>\n<p><a href=\"https:\/\/www.tiqets.com\/en\/things-to-do-in-paris-c66746\/tickets-for-centre-pompidou-p974349\/?partner=most_amazing_places&amp;tq_campaign=ParisCentrePompidouGttd\" target=\"_blank\" rel=\"nofollow noopener\" style=\"outline: none;\" data-lt-tmp-id=\"lt-493231\" spellcheck=\"false\">Haga clic aqu\u00ed si prefiere reservar en el sitio web de Tiqets.<\/a><\/p>\n<h2>Descripci\u00f3n:<\/h2>\n<p>Ad\u00e9ntrate en los movimientos art\u00edsticos radicales del siglo XX en el museo de arte Centre Pompidou, un edificio tan innovador como las obras que alberga. Desde el fauvismo hasta el surrealismo, esta colecci\u00f3n exhibe piezas famosas de artistas como Picasso, Chagall y Warhol. La sorprendente arquitectura y las vistas panor\u00e1micas de la ciudad realzan tu viaje cultural.<\/p>\n<h2>Reflejos:<\/h2>\n<ul>\n<li>Comience su visita en el piso superior para realizar un recorrido cronol\u00f3gico por el arte del siglo XX.<\/li>\n<li>Descubra obras ic\u00f3nicas de Picasso, Man Ray y Andy Warhol.<\/li>\n<li>Disfrute de la arquitectura \u00fanica desde dentro hacia fuera del Centro Pompidou.<\/li>\n<li>Visite la gran biblioteca p\u00fablica y el centro de investigaci\u00f3n ac\u00fastica y musical.<\/li>\n<li>Dir\u00edgete al piso superior y admira las vistas de la ic\u00f3nica Torre Eiffel y el horizonte de la ciudad.<\/li>\n<\/ul>\n<h2>Centro Georges Pompidou<\/h2>\n<p dir=\"ltr\">Plaza Georges-Pompidou, 75004 Par\u00eds<\/p>\n<h2>Pol\u00edtica de cancelaci\u00f3n<\/h2>\n<p dir=\"ltr\">La cancelaci\u00f3n y reprogramaci\u00f3n gratuitas est\u00e1n disponibles hasta las 23:59 del d\u00eda anterior a su visita.<\/p>\n<h2>Punto de encuentro e instrucciones<\/h2>\n<p dir=\"ltr\">Al llegar, dir\u00edjase a la fila de visitantes con billete indicada en naranja en el plano de su ticket para acceder directamente. Despu\u00e9s de pasar el control de seguridad, muestre su ticket digital para ingresar al museo.<\/p>\n<p><a href=\"https:\/\/www.google.com\/maps\/place\/Centre+Georges+Pompidou\/@48.8606455,2.3496701,17z\/data=!4m14!1m7!3m6!1s0x47e66e1c09b820a3:0xb7ac6c7e59dc3345!2sCentre+Georges+Pompidou!8m2!3d48.860642!4d2.352245!16zL20vMGYzMnA!3m5!1s0x47e66e1c09b820a3:0xb7ac6c7e59dc3345!8m2!3d48.860642!4d2.352245!16zL20vMGYzMnA?entry=ttu&amp;g_ep=EgoyMDI0MDgyMS4wIKXMDSoASAFQAw%3D%3D\" target=\"_blank\" rel=\"nofollow noopener\" style=\"outline: none;\" data-lt-tmp-id=\"lt-581789\" spellcheck=\"false\">Abrir en Maps<\/a><\/p>\n<h2>Rese\u00f1as y valoraciones<\/h2>\n<p><strong>4.6\/ 5&nbsp; <\/strong><strong>(2173 opiniones)<\/strong><\/p>\n<p dir=\"ltr\">\u201cMe encant\u00f3 todo del Pompidou. La recomendaci\u00f3n que anunciaban era pasar all\u00ed entre 2 y 3 horas; yo estuve 5 y, si mi viaje hubiera sido m\u00e1s largo, habr\u00eda vuelto. Arte deslumbrante en un entorno ideal\u201d. Benet, Reino Unido &#8211; agosto de 2024 [Fuente: Tiqets] <a href=\"https:\/\/www.tiqets.com\/en\/things-to-do-in-paris-c66746\/tickets-for-centre-pompidou-p974349\/?partner=most_amazing_places&amp;tq_campaign=ParisCentrePompidouGttd\" target=\"_blank\" rel=\"nofollow noopener\" style=\"outline: none;\">&gt;&gt; Ver m\u00e1s opiniones<\/a><\/p>\n<h2>Algunas actividades que te pueden gustar<\/h2>\n<p><span># <\/span><strong><span>2<\/span><\/strong><span># <\/span><strong><span>2<\/span><\/strong><span><img decoding=\"async\" alt=\"El Centro de Arte Pompidou en Par\u00eds, Francia\" data-id=\"145\" width=\"159\" data-init-width=\"1000\" height=\"106\" data-init-height=\"667\" title=\"El Centro de Arte Pompidou en Par\u00eds, Francia\" loading=\"lazy\" src=\"https:\/\/www.paristouristinformation.fr\/es\/wp-content\/uploads\/2024\/09\/The-Pompidou-Art-Center-in-Paris-in-France.jpg\" data-width=\"159\" data-height=\"106\" style=\"aspect-ratio: auto 1000 \/ 667;\"><\/span><\/p>\n<table>\n<tbody>\n<tr>\n<td><a href=\"https:\/\/www.headout.com\/r\/most-amazing-placesrecommends-eSMRr\/\" target=\"_blank\" rel=\"nofollow noopener\" style=\"outline: none;\" data-lt-tmp-id=\"lt-569507\" spellcheck=\"false\">Entradas al Centro Pompidou: acceso a las exposiciones permanentes y temporales<\/a><\/td>\n<\/tr>\n<\/tbody>\n<\/table>\n<p dir=\"ltr\">Explora las maravillas art\u00edsticas del Centro Pompidou con entradas que te otorgan acceso a exposiciones permanentes y temporales.<\/p>\n<h3 style=\"\">Precio total<\/h3>\n<h3 style=\"\">No se le cobrar\u00e1 todav\u00eda<\/h3>\n<p><span># <\/span><strong><span>2<\/span><\/strong><span><img decoding=\"async\" alt=\"\" data-id=\"13553\" width=\"159\" data-init-width=\"1185\" height=\"83\" data-init-height=\"616\" title=\"Paris Museum Pass: 2, 4 o 6 d\u00edas\" loading=\"lazy\" src=\"https:\/\/www.paristouristinformation.fr\/es\/wp-content\/uploads\/2024\/09\/Paris-Museum-Pass-2-4-or-6-Days-.jpg\" data-width=\"159\" data-height=\"83\" style=\"aspect-ratio: auto 1185 \/ 616;\"><\/span><\/p>\n<table>\n<tbody>\n<tr>\n<td><a href=\"https:\/\/gyg.me\/19f7W998\" target=\"_blank\" rel=\"nofollow noopener\" style=\"outline: none;\" data-lt-tmp-id=\"lt-163467\" spellcheck=\"false\">Paris Museum Pass: 2, 4 o 6 d\u00edas<\/a><\/td>\n<\/tr>\n<\/tbody>\n<\/table>\n<p dir=\"ltr\">Acceda a acceso ilimitado a los principales museos y atracciones de Par\u00eds con el Paris Museum Pass, disponible para 2, 4 o 6 d\u00edas. Explore el rico patrimonio cultural de la ciudad, incluido el Centro Pompidou, a su propio ritmo.<\/p>\n<h3 style=\"\">Precio total<\/h3>\n<h3 style=\"\">No se le cobrar\u00e1 todav\u00eda<\/h3>\n<\/p>\n<h2><a href=\"https:\/\/www.tiqets.com\/en\/things-to-do-in-paris-c66746\/tickets-for-centre-pompidou-p974349\/?partner=paristouristinformation&amp;tq_campaign=CentrePompidouGttd\" target=\"_blank\" rel=\"nofollow noopener\" style=\"outline: none;\">Hacer una reserva<\/a><\/h2>\n<h1><a href=\"https:\/\/www.tiqets.com\/en\/things-to-do-in-paris-c66746\/tickets-for-centre-pompidou-p974349\/?partner=paristouristinformation&amp;tq_campaign=CentrePompidouGttd\" target=\"_blank\" rel=\"nofollow noopener\" style=\"outline: none;\"><strong>17,00 \u20ac<\/strong><\/a><\/h1>\n<p style=\"\">No se le cobrar\u00e1 todav\u00eda<\/p>\n","protected":false},"excerpt":{"rendered":"<p>Centro Pompidou: Exposici\u00f3n + Acceso a la Azotea Hacer una reserva 17.00\u20ac Explora un mundo de obras maestras modernas en el emblem\u00e1tico Centro Pompidou de Par\u00eds con esta entrada. Sum\u00e9rgete en el arte innovador del siglo XX y disfruta de vistas impresionantes del horizonte de la ciudad. Seleccionado cuidadosamente Billete m\u00f3vil &nbsp; Confirmaci\u00f3n instant\u00e1nea Cancelaci\u00f3n [&hellip;]<\/p>\n","protected":false},"author":10,"featured_media":6465,"parent":0,"menu_order":0,"comment_status":"closed","ping_status":"closed","template":"","meta":{"footnotes":""},"tags":[63],"class_list":["post-12153","page","type-page","status-publish","has-post-thumbnail","hentry","tag-paginas-de-venta","post-wrapper","thrv_wrapper"],"wp-worthy-pixel":{"ignored":false,"public":null,"server":null,"url":null},"wp-worthy-type":"normal","_links":{"self":[{"href":"https:\/\/www.paristouristinformation.fr\/es\/wp-json\/wp\/v2\/pages\/12153","targetHints":{"allow":["GET"]}}],"collection":[{"href":"https:\/\/www.paristouristinformation.fr\/es\/wp-json\/wp\/v2\/pages"}],"about":[{"href":"https:\/\/www.paristouristinformation.fr\/es\/wp-json\/wp\/v2\/types\/page"}],"author":[{"embeddable":true,"href":"https:\/\/www.paristouristinformation.fr\/es\/wp-json\/wp\/v2\/users\/10"}],"replies":[{"embeddable":true,"href":"https:\/\/www.paristouristinformation.fr\/es\/wp-json\/wp\/v2\/comments?post=12153"}],"version-history":[{"count":11,"href":"https:\/\/www.paristouristinformation.fr\/es\/wp-json\/wp\/v2\/pages\/12153\/revisions"}],"predecessor-version":[{"id":12482,"href":"https:\/\/www.paristouristinformation.fr\/es\/wp-json\/wp\/v2\/pages\/12153\/revisions\/12482"}],"wp:featuredmedia":[{"embeddable":true,"href":"https:\/\/www.paristouristinformation.fr\/es\/wp-json\/wp\/v2\/media\/6465"}],"wp:attachment":[{"href":"https:\/\/www.paristouristinformation.fr\/es\/wp-json\/wp\/v2\/media?parent=12153"}],"wp:term":[{"taxonomy":"post_tag","embeddable":true,"href":"https:\/\/www.paristouristinformation.fr\/es\/wp-json\/wp\/v2\/tags?post=12153"}],"curies":[{"name":"wp","href":"https:\/\/api.w.org\/{rel}","templated":true}]}}