{"id":12167,"date":"2024-09-18T18:12:27","date_gmt":"2024-09-18T18:12:27","guid":{"rendered":"https:\/\/www.paristouristinformation.fr\/es\/?page_id=12167"},"modified":"2026-01-29T14:17:29","modified_gmt":"2026-01-29T14:17:29","slug":"invalidos-tumba-de-napoleon-y-museo-del-ejercito-skip-the-line-tickets","status":"publish","type":"page","link":"https:\/\/www.paristouristinformation.fr\/es\/invalidos-tumba-de-napoleon-y-museo-del-ejercito-skip-the-line-tickets\/","title":{"rendered":"Inv\u00e1lidos: Tumba de Napole\u00f3n y Museo del Ej\u00e9rcito Skip-the-Line Tickets"},"content":{"rendered":"<p><span><img decoding=\"async\" alt=\"\" data-id=\"13630\" width=\"1556\" height=\"1002\" title=\"Museo del Ej\u00e9rcito - Los Inv\u00e1lidos 1\" src=\"https:\/\/www.paristouristinformation.fr\/es\/wp-content\/uploads\/2024\/09\/Musee-de-lArmee-Les-Invalides-1-1024x659-1.png\" data-src=\"https:\/\/www.paristouristinformation.fr\/es\/wp-content\/uploads\/2024\/09\/Musee-de-lArmee-Les-Invalides-1-300x193-1.png\" loading=\"lazy\" data-sizes=\"{&quot;thumbnail&quot;:{&quot;url&quot;:&quot;https:\/\/www.paristouristinformation.fr\/es\/wp-content\/uploads\/2024\/09\/Musee-de-lArmee-Les-Invalides-1-333x205-1.png&quot;,&quot;height&quot;:205,&quot;width&quot;:333,&quot;orientation&quot;:&quot;landscape&quot;},&quot;medium&quot;:{&quot;url&quot;:&quot;https:\/\/www.paristouristinformation.fr\/es\/wp-content\/uploads\/2024\/09\/Musee-de-lArmee-Les-Invalides-1-300x193-1.png&quot;,&quot;height&quot;:193,&quot;width&quot;:300,&quot;orientation&quot;:&quot;landscape&quot;},&quot;large&quot;:{&quot;url&quot;:&quot;https:\/\/www.paristouristinformation.fr\/es\/wp-content\/uploads\/2024\/09\/Musee-de-lArmee-Les-Invalides-1-1024x659-1.png&quot;,&quot;height&quot;:659,&quot;width&quot;:1024,&quot;orientation&quot;:&quot;landscape&quot;},&quot;full&quot;:{&quot;url&quot;:&quot;https:\/\/www.paristouristinformation.fr\/es\/wp-content\/uploads\/2024\/09\/Musee-de-lArmee-Les-Invalides-1.png&quot;,&quot;height&quot;:1002,&quot;width&quot;:1556,&quot;orientation&quot;:&quot;landscape&quot;},&quot;1536x1536&quot;:{&quot;url&quot;:&quot;https:\/\/www.paristouristinformation.fr\/es\/wp-content\/uploads\/2024\/09\/Musee-de-lArmee-Les-Invalides-1-1536x989-1.png&quot;,&quot;height&quot;:989,&quot;width&quot;:1536,&quot;orientation&quot;:&quot;landscape&quot;}}\"><\/span><span><img decoding=\"async\" alt=\"\" data-id=\"13632\" width=\"1540\" height=\"1038\" title=\"Museo del Ej\u00e9rcito - Los Inv\u00e1lidos 3\" src=\"https:\/\/www.paristouristinformation.fr\/es\/wp-content\/uploads\/2024\/09\/Musee-de-lArmee-Les-Invalides-3-1024x690-1.png\" data-src=\"https:\/\/www.paristouristinformation.fr\/es\/wp-content\/uploads\/2024\/09\/Musee-de-lArmee-Les-Invalides-3-300x202-1.png\" loading=\"lazy\" data-sizes=\"{&quot;thumbnail&quot;:{&quot;url&quot;:&quot;https:\/\/www.paristouristinformation.fr\/es\/wp-content\/uploads\/2024\/09\/Musee-de-lArmee-Les-Invalides-3-333x205-1.png&quot;,&quot;height&quot;:205,&quot;width&quot;:333,&quot;orientation&quot;:&quot;landscape&quot;},&quot;medium&quot;:{&quot;url&quot;:&quot;https:\/\/www.paristouristinformation.fr\/es\/wp-content\/uploads\/2024\/09\/Musee-de-lArmee-Les-Invalides-3-300x202-1.png&quot;,&quot;height&quot;:202,&quot;width&quot;:300,&quot;orientation&quot;:&quot;landscape&quot;},&quot;large&quot;:{&quot;url&quot;:&quot;https:\/\/www.paristouristinformation.fr\/es\/wp-content\/uploads\/2024\/09\/Musee-de-lArmee-Les-Invalides-3-1024x690-1.png&quot;,&quot;height&quot;:690,&quot;width&quot;:1024,&quot;orientation&quot;:&quot;landscape&quot;},&quot;full&quot;:{&quot;url&quot;:&quot;https:\/\/www.paristouristinformation.fr\/es\/wp-content\/uploads\/2024\/09\/Musee-de-lArmee-Les-Invalides-3.png&quot;,&quot;height&quot;:1038,&quot;width&quot;:1540,&quot;orientation&quot;:&quot;landscape&quot;},&quot;1536x1536&quot;:{&quot;url&quot;:&quot;https:\/\/www.paristouristinformation.fr\/es\/wp-content\/uploads\/2024\/09\/Musee-de-lArmee-Les-Invalides-3-1536x1035-1.png&quot;,&quot;height&quot;:1035,&quot;width&quot;:1536,&quot;orientation&quot;:&quot;landscape&quot;}}\"><\/span><span><img decoding=\"async\" alt=\"\" data-id=\"13633\" width=\"1558\" height=\"1020\" title=\"Museo del Ej\u00e9rcito - Los Inv\u00e1lidos 2\" src=\"https:\/\/www.paristouristinformation.fr\/es\/wp-content\/uploads\/2024\/09\/Musee-de-lArmee-Les-Invalides-2-1024x670-1.png\" data-src=\"https:\/\/www.paristouristinformation.fr\/es\/wp-content\/uploads\/2024\/09\/Musee-de-lArmee-Les-Invalides-2-300x196-1.png\" loading=\"lazy\" data-sizes=\"{&quot;thumbnail&quot;:{&quot;url&quot;:&quot;https:\/\/www.paristouristinformation.fr\/es\/wp-content\/uploads\/2024\/09\/Musee-de-lArmee-Les-Invalides-2-333x205-1.png&quot;,&quot;height&quot;:205,&quot;width&quot;:333,&quot;orientation&quot;:&quot;landscape&quot;},&quot;medium&quot;:{&quot;url&quot;:&quot;https:\/\/www.paristouristinformation.fr\/es\/wp-content\/uploads\/2024\/09\/Musee-de-lArmee-Les-Invalides-2-300x196-1.png&quot;,&quot;height&quot;:196,&quot;width&quot;:300,&quot;orientation&quot;:&quot;landscape&quot;},&quot;large&quot;:{&quot;url&quot;:&quot;https:\/\/www.paristouristinformation.fr\/es\/wp-content\/uploads\/2024\/09\/Musee-de-lArmee-Les-Invalides-2-1024x670-1.png&quot;,&quot;height&quot;:670,&quot;width&quot;:1024,&quot;orientation&quot;:&quot;landscape&quot;},&quot;full&quot;:{&quot;url&quot;:&quot;https:\/\/www.paristouristinformation.fr\/es\/wp-content\/uploads\/2024\/09\/Musee-de-lArmee-Les-Invalides-2.png&quot;,&quot;height&quot;:1020,&quot;width&quot;:1558,&quot;orientation&quot;:&quot;landscape&quot;},&quot;1536x1536&quot;:{&quot;url&quot;:&quot;https:\/\/www.paristouristinformation.fr\/es\/wp-content\/uploads\/2024\/09\/Musee-de-lArmee-Les-Invalides-2-1536x1006-1.png&quot;,&quot;height&quot;:1006,&quot;width&quot;:1536,&quot;orientation&quot;:&quot;landscape&quot;}}\"><\/span><span><img decoding=\"async\" alt=\"\" data-id=\"13631\" width=\"1542\" height=\"1046\" title=\"Museo del Ej\u00e9rcito - Los Inv\u00e1lidos 4\" src=\"https:\/\/www.paristouristinformation.fr\/es\/wp-content\/uploads\/2024\/09\/Musee-de-lArmee-Les-Invalides-4-1024x695-1.png\" data-src=\"https:\/\/www.paristouristinformation.fr\/es\/wp-content\/uploads\/2024\/09\/Musee-de-lArmee-Les-Invalides-4-300x204-1.png\" loading=\"lazy\" data-sizes=\"{&quot;thumbnail&quot;:{&quot;url&quot;:&quot;https:\/\/www.paristouristinformation.fr\/es\/wp-content\/uploads\/2024\/09\/Musee-de-lArmee-Les-Invalides-4-333x205-1.png&quot;,&quot;height&quot;:205,&quot;width&quot;:333,&quot;orientation&quot;:&quot;landscape&quot;},&quot;medium&quot;:{&quot;url&quot;:&quot;https:\/\/www.paristouristinformation.fr\/es\/wp-content\/uploads\/2024\/09\/Musee-de-lArmee-Les-Invalides-4-300x204-1.png&quot;,&quot;height&quot;:204,&quot;width&quot;:300,&quot;orientation&quot;:&quot;landscape&quot;},&quot;large&quot;:{&quot;url&quot;:&quot;https:\/\/www.paristouristinformation.fr\/es\/wp-content\/uploads\/2024\/09\/Musee-de-lArmee-Les-Invalides-4-1024x695-1.png&quot;,&quot;height&quot;:695,&quot;width&quot;:1024,&quot;orientation&quot;:&quot;landscape&quot;},&quot;full&quot;:{&quot;url&quot;:&quot;https:\/\/www.paristouristinformation.fr\/es\/wp-content\/uploads\/2024\/09\/Musee-de-lArmee-Les-Invalides-4.png&quot;,&quot;height&quot;:1046,&quot;width&quot;:1542,&quot;orientation&quot;:&quot;landscape&quot;},&quot;1536x1536&quot;:{&quot;url&quot;:&quot;https:\/\/www.paristouristinformation.fr\/es\/wp-content\/uploads\/2024\/09\/Musee-de-lArmee-Les-Invalides-4-1536x1042-1.png&quot;,&quot;height&quot;:1042,&quot;width&quot;:1536,&quot;orientation&quot;:&quot;landscape&quot;}}\"><\/span><\/p>\n<h1 dir=\"ltr\">Mus\u00e9e de l&#8217;Arm\u00e9e &#8211; Les Invalides: entrada<\/h1>\n<h2><a href=\"https:\/\/www.tiqets.com\/en\/things-to-do-in-paris-c66746\/tickets-for-musee-de-l-armee-les-invalides-entry-ticket-p974519\/?partner=paristouristinformation&amp;tq_campaign=LesInvalidesGttd\" target=\"_blank\" rel=\"nofollow noopener\" style=\"outline: none;\">Make a reservation<\/a><\/h2>\n<p style=\"\"><a href=\"https:\/\/www.tiqets.com\/en\/things-to-do-in-paris-c66746\/tickets-for-musee-de-l-armee-les-invalides-entry-ticket-p974519\/?partner=paristouristinformation&amp;tq_campaign=LesInvalidesGttd\" target=\"_blank\" rel=\"nofollow noopener\" style=\"outline: none;\">Price from<\/a><\/p>\n<h1><a href=\"https:\/\/www.tiqets.com\/en\/things-to-do-in-paris-c66746\/tickets-for-musee-de-l-armee-les-invalides-entry-ticket-p974519\/?partner=paristouristinformation&amp;tq_campaign=LesInvalidesGttd\" target=\"_blank\" rel=\"nofollow noopener\" style=\"outline: none;\"><strong>\u20ac15.00<\/strong><\/a><\/h1>\n<p dir=\"ltr\">Experimente la grandeza del Mus\u00e9e de l&#8217;Arm\u00e9e con acceso exclusivo a sus exposiciones permanentes, la tumba de Napole\u00f3n y m\u00e1s. Sum\u00e9rjase en la rica historia militar de Francia y explore impresionantes colecciones de armas, armaduras y artefactos.<\/p>\n<ul>\n<li style=\"\"><span style=\"\">Billete m\u00f3vil&nbsp;<\/span><\/li>\n<li style=\"\">                    <span style=\"\">Confirmaci\u00f3n instant\u00e1nea<\/span><\/li>\n<li style=\"\"><span style=\"\">V\u00eda r\u00e1pida<\/span><\/li>\n<li style=\"\"><span style=\"\">Cancelaci\u00f3n gratuita<\/span><\/li>\n<\/ul>\n<h2>Qu\u00e9 incluye<\/h2>\n<ul>\n<li style=\"\">                    <span>Acceso a las exposiciones permanentes<\/span><\/li>\n<li style=\"\">                    <span>Entrada a la C\u00fapula ya la tumba de Napole\u00f3n<\/span><\/li>\n<li style=\"\">                    <span>Acceso al museo de Planos-relieves<\/span><\/li>\n<li><span>Entrada al Museo de la Orden de la Liberaci\u00f3n<\/span><\/li>\n<li><span>Acceso a exposiciones temporales<\/span><\/li>\n<li><span>Entrada nocturna con descuento, si se selecciona (ver informaci\u00f3n adicional)<\/span><\/li>\n<\/ul>\n<h2>Qu\u00e9 no est\u00e1 incluido<\/h2>\n<ul>\n<li style=\"\"><span>Gu\u00eda tur\u00edstica<\/span><\/li>\n<\/ul>\n<h2>Informaci\u00f3n importante<\/h2>\n<ul>\n<li style=\"\"><span>Todos los visitantes deben pasar un control de seguridad obligatorio.<\/span><\/li>\n<li><span>No se permite entrar con bolsos grandes ni maletas y no hay taquillas disponibles.<\/span><\/li>\n<li><span>Los visitantes deben llegar al menos 30 minutos antes del cierre para la \u00faltima admisi\u00f3n.<\/span><\/li>\n<li><span>La entrada accesible para sillas de ruedas est\u00e1 disponible a trav\u00e9s del lado de Place Vauban.<\/span><\/li>\n<li><span>La entrada nocturna con descuento est\u00e1 disponible \u00fanicamente el primer viernes de cada mes de 18:00 a 22:00 horas.<\/span><\/li>\n<li><span>Los visitantes que tengan derecho a entrada gratuita deber\u00e1n obtener un billete en caja, incluso si acompa\u00f1an a alguien con billete.<\/span><\/li>\n<\/ul>\n<h2 style=\"\">Ofrecido en colaboraci\u00f3n con nuestro socio:<\/h2>\n<p><span><img decoding=\"async\" alt=\"\" data-id=\"13290\" width=\"129\" data-init-width=\"350\" height=\"49\" data-init-height=\"134\" title=\"Logotipo de Tiqets\" loading=\"lazy\" src=\"https:\/\/www.paristouristinformation.fr\/es\/wp-content\/uploads\/2024\/09\/Tiqets-Logo-6.png\" data-width=\"129\" data-height=\"49\" style=\"aspect-ratio: auto 350 \/ 134;\"><\/span><\/p>\n<p>La oficina de informaci\u00f3n tur\u00edstica de Par\u00eds facilita los pagos, mientras que Tiqets act\u00faa como comerciante oficial. Los t\u00e9rminos y condiciones no se modifican.<\/p>\n<p><a href=\"https:\/\/www.tiqets.com\/en\/things-to-do-in-paris-c66746\/tickets-for-musee-de-l-armee-les-invalides-entry-ticket-p974519\/?partner=paristouristinformation&amp;tq_campaign=LesInvalidesGttd\" target=\"_blank\" rel=\"nofollow noopener\" style=\"outline: none;\" data-lt-tmp-id=\"lt-493231\" spellcheck=\"false\">Haga clic aqu\u00ed si prefiere reservar en el sitio web de Tiqets.<\/a><\/p>\n<h2>Descripci\u00f3n:<\/h2>\n<p>Visita el Mus\u00e9e de l&#8217;Arm\u00e9e, uno de los museos militares m\u00e1s grandes del mundo. Descubre el <strong>lugar de descanso final de Napole\u00f3n<\/strong> y explora amplias colecciones de <strong>armas antiguas, armaduras y artefactos hist\u00f3ricos<\/strong> que muestran la destreza militar de Francia desde el siglo XIII en adelante.<\/p>\n<h2>Reflejos:<\/h2>\n<ul>\n<li>Marav\u00edllate ante la magn\u00edfica tumba de Napole\u00f3n I bajo la dorada C\u00fapula de los Inv\u00e1lidos.<\/li>\n<li>Explora la vasta colecci\u00f3n de armas y artiller\u00eda de momentos cruciales de la historia.<\/li>\n<li>Descubra la vida de soldados y l\u00edderes militares importantes a lo largo de siglos de historia.<\/li>\n<li>Disfrute de acceso exclusivo a exposiciones temporales y secciones menos conocidas del museo.<\/li>\n<li>Captura fotograf\u00edas memorables junto a ca\u00f1ones y armas hist\u00f3ricas.<\/li>\n<\/ul>\n<h2>Museo del Ej\u00e9rcito y tumba de Napole\u00f3n<\/h2>\n<p dir=\"ltr\">129 Rue de Grenelle, 75007, Par\u00eds<\/p>\n<h2>Pol\u00edtica de cancelaci\u00f3n<\/h2>\n<p dir=\"ltr\">Se permiten cancelaciones y reprogramaciones hasta las 23:59 del d\u00eda anterior a su visita programada.<\/p>\n<h2>Punto de encuentro e instrucciones<\/h2>\n<p dir=\"ltr\">Evite las colas y presente su entrada m\u00f3vil directamente en la entrada del museo o en la c\u00fapula de la tumba de Napole\u00f3n. Los visitantes con entrada gratuita deber\u00e1n retirar sus entradas en las taquillas, incluso si van acompa\u00f1ados de personas con entradas.<\/p>\n<p><a href=\"https:\/\/www.google.com\/maps\/place\/129+Rue+de+Grenelle,+75007+Paris,+Frankreich\/@48.8581983,2.3130361,17z\/data=!3m1!4b1!4m6!3m5!1s0x47e66f3ccc7b9957:0xd3a0edae3f090a6f!8m2!3d48.8581983!4d2.3130361!16s%2Fg%2F11k6kzxyg5?entry=ttu&amp;g_ep=EgoyMDI0MDgyNi4wIKXMDSoASAFQAw%3D%3D\" target=\"_blank\" rel=\"nofollow noopener\" style=\"outline: none;\">Abrir en Maps<\/a><\/p>\n<h2>Rese\u00f1as y valoraciones<\/h2>\n<p><strong>4.7\/ 5&nbsp; <\/strong><strong>(1179 opiniones)<\/strong><\/p>\n<p dir=\"ltr\">\u201cEl Mus\u00e8e L&#8217;Arm\u00e8e fue una experiencia incre\u00edble. Una historia \u00fanica del ej\u00e9rcito franc\u00e9s. Solo para m\u00ed, el lugar de descanso de Napole\u00f3n vali\u00f3 el precio de la entrada. Una gran experiencia\u201d. Marc, Estados Unidos &#8211; junio de 2024 [Fuente: Tiqets] <a href=\"https:\/\/www.tiqets.com\/en\/things-to-do-in-paris-c66746\/tickets-for-musee-de-l-armee-les-invalides-entry-ticket-p974519\/?partner=paristouristinformation&amp;tq_campaign=LesInvalidesGttd\" target=\"_blank\" rel=\"nofollow noopener\">&gt;&gt; Ver m\u00e1s opiniones<\/a><\/p>\n<h2>Algunas actividades que te pueden gustar<\/h2>\n<p><span># <\/span><strong><span>2<\/span><\/strong><span># <\/span><strong><span>2<\/span><\/strong><span><img decoding=\"async\" alt=\"\" data-id=\"13625\" width=\"159\" data-init-width=\"930\" height=\"99\" data-init-height=\"581\" title=\"Combo (ahorre un 5 %): entradas sin colas a la Tumba de Napole\u00f3n y al Museo del Ej\u00e9rcito + excursi\u00f3n de un d\u00eda completo a las playas del D\u00eda D de Normand\u00eda (EE. UU.) con almuerzo desde Par\u00eds\" loading=\"lazy\" src=\"https:\/\/paristouristinformation.fr\/wp-content\/uploads\/2024\/08\/Combo-Save-5-Napoleons-Tomb-Musee-de-lArmee-Skip-the-Line-Tickets-WWII-Normandy-U.S.-D-Day-Beaches-Full-Day-Trip-with-Lunch-from-Paris-.avif\" data-width=\"159\" data-height=\"99\" style=\"aspect-ratio: auto 930 \/ 581;\"><\/span><\/p>\n<table>\n<tbody>\n<tr>\n<td><a href=\"https:\/\/www.headout.com\/r\/most-amazing-placesrecommends-qhXXo\/\" target=\"_blank\" rel=\"nofollow noopener\" style=\"outline: none;\" data-lt-tmp-id=\"lt-615361\" spellcheck=\"false\">Combo: entradas sin colas a la Tumba de Napole\u00f3n y al Museo del Ej\u00e9rcito + Segunda Guerra Mundial: excursi\u00f3n de un d\u00eda completo a las playas del D\u00eda D de Normand\u00eda en EE. UU. con almuerzo desde Par\u00eds<\/a><\/td>\n<\/tr>\n<\/tbody>\n<\/table>\n<p dir=\"ltr\">Ahorre con este boleto combinado, que incluye acceso sin colas a la Tumba de Napole\u00f3n y al Museo del Ej\u00e9rcito, adem\u00e1s de un viaje de un d\u00eda completo desde Par\u00eds a las hist\u00f3ricas playas del D\u00eda D de Normand\u00eda en EE.UU. UU. Durante la Segunda Guerra Mundial, con almuerzo incluido.<\/p>\n<h3 style=\"\">Precio total<\/h3>\n<h3 style=\"\">No se le cobrar\u00e1 todav\u00eda<\/h3>\n<p><span># <\/span><strong><span>2<\/span><\/strong><span><img decoding=\"async\" alt=\"\" data-id=\"13553\" width=\"159\" data-init-width=\"1185\" height=\"83\" data-init-height=\"616\" title=\"Paris Museum Pass: 2, 4 o 6 d\u00edas\" loading=\"lazy\" src=\"https:\/\/www.paristouristinformation.fr\/es\/wp-content\/uploads\/2024\/09\/Paris-Museum-Pass-2-4-or-6-Days-1-1.jpg\" data-width=\"159\" data-height=\"83\" style=\"aspect-ratio: auto 1185 \/ 616;\"><\/span><\/p>\n<table>\n<tbody>\n<tr>\n<td><a href=\"https:\/\/gyg.me\/99oPX71T\" target=\"_blank\" rel=\"nofollow noopener\" style=\"outline: none;\" data-lt-tmp-id=\"lt-163467\" spellcheck=\"false\">Paris Museum Pass: 2, 4 o 6 d\u00edas<\/a><\/td>\n<\/tr>\n<\/tbody>\n<\/table>\n<p dir=\"ltr\">Acceda a acceso ilimitado a los principales museos y atracciones de Par\u00eds con el Paris Museum Pass, disponible para 2, 4 o 6 d\u00edas. Explora el rico patrimonio cultural de la ciudad, incluido el Mus\u00e9e de l&#8217;Arm\u00e9e, a su propio ritmo.<\/p>\n<h3 style=\"\">Precio total<\/h3>\n<h3 style=\"\">No se le cobrar\u00e1 todav\u00eda<\/h3>\n<\/p>\n<h2><a href=\"https:\/\/www.tiqets.com\/en\/things-to-do-in-paris-c66746\/tickets-for-musee-de-l-armee-les-invalides-entry-ticket-p974519\/?partner=paristouristinformation&amp;tq_campaign=LesInvalidesGttd\" target=\"_blank\" rel=\"nofollow noopener\" style=\"outline: none;\">Hacer una reserva<\/a><\/h2>\n<p style=\"\"><a href=\"https:\/\/www.tiqets.com\/en\/things-to-do-in-paris-c66746\/tickets-for-musee-de-l-armee-les-invalides-entry-ticket-p974519\/?partner=paristouristinformation&amp;tq_campaign=LesInvalidesGttd\" target=\"_blank\" rel=\"nofollow noopener\" style=\"outline: none;\">Precio desde<\/a><\/p>\n<h1><a href=\"https:\/\/www.tiqets.com\/en\/things-to-do-in-paris-c66746\/tickets-for-musee-de-l-armee-les-invalides-entry-ticket-p974519\/?partner=paristouristinformation&amp;tq_campaign=LesInvalidesGttd\" target=\"_blank\" rel=\"nofollow noopener\" style=\"outline: none;\"><strong>15,00 \u20ac<\/strong><\/a><\/h1>\n<p style=\"\">No se le cobrar\u00e1 todav\u00eda<\/p>\n","protected":false},"excerpt":{"rendered":"<p>Mus\u00e9e de l&#8217;Arm\u00e9e &#8211; Les Invalides: entrada Make a reservation Price from \u20ac15.00 Experimente la grandeza del Mus\u00e9e de l&#8217;Arm\u00e9e con acceso exclusivo a sus exposiciones permanentes, la tumba de Napole\u00f3n y m\u00e1s. Sum\u00e9rjase en la rica historia militar de Francia y explore impresionantes colecciones de armas, armaduras y artefactos. Billete m\u00f3vil&nbsp; Confirmaci\u00f3n instant\u00e1nea V\u00eda [&hellip;]<\/p>\n","protected":false},"author":10,"featured_media":12205,"parent":0,"menu_order":0,"comment_status":"closed","ping_status":"closed","template":"","meta":{"footnotes":""},"tags":[63],"class_list":["post-12167","page","type-page","status-publish","has-post-thumbnail","hentry","tag-paginas-de-venta","post-wrapper","thrv_wrapper"],"wp-worthy-pixel":{"ignored":false,"public":null,"server":null,"url":null},"wp-worthy-type":"normal","_links":{"self":[{"href":"https:\/\/www.paristouristinformation.fr\/es\/wp-json\/wp\/v2\/pages\/12167","targetHints":{"allow":["GET"]}}],"collection":[{"href":"https:\/\/www.paristouristinformation.fr\/es\/wp-json\/wp\/v2\/pages"}],"about":[{"href":"https:\/\/www.paristouristinformation.fr\/es\/wp-json\/wp\/v2\/types\/page"}],"author":[{"embeddable":true,"href":"https:\/\/www.paristouristinformation.fr\/es\/wp-json\/wp\/v2\/users\/10"}],"replies":[{"embeddable":true,"href":"https:\/\/www.paristouristinformation.fr\/es\/wp-json\/wp\/v2\/comments?post=12167"}],"version-history":[{"count":7,"href":"https:\/\/www.paristouristinformation.fr\/es\/wp-json\/wp\/v2\/pages\/12167\/revisions"}],"predecessor-version":[{"id":12294,"href":"https:\/\/www.paristouristinformation.fr\/es\/wp-json\/wp\/v2\/pages\/12167\/revisions\/12294"}],"wp:featuredmedia":[{"embeddable":true,"href":"https:\/\/www.paristouristinformation.fr\/es\/wp-json\/wp\/v2\/media\/12205"}],"wp:attachment":[{"href":"https:\/\/www.paristouristinformation.fr\/es\/wp-json\/wp\/v2\/media?parent=12167"}],"wp:term":[{"taxonomy":"post_tag","embeddable":true,"href":"https:\/\/www.paristouristinformation.fr\/es\/wp-json\/wp\/v2\/tags?post=12167"}],"curies":[{"name":"wp","href":"https:\/\/api.w.org\/{rel}","templated":true}]}}