{"id":12199,"date":"2024-09-18T17:15:34","date_gmt":"2024-09-18T17:15:34","guid":{"rendered":"https:\/\/www.paristouristinformation.fr\/es\/?page_id=12199"},"modified":"2026-01-29T14:20:13","modified_gmt":"2026-01-29T14:20:13","slug":"sainte-chapelle-y-conciergerie-billete-de-entrada","status":"publish","type":"page","link":"https:\/\/www.paristouristinformation.fr\/es\/sainte-chapelle-y-conciergerie-billete-de-entrada\/","title":{"rendered":"Sainte-Chapelle y Conciergerie: Billete de entrada"},"content":{"rendered":"<p><span><img decoding=\"async\" alt=\"\" data-id=\"13681\" width=\"1600\" height=\"1600\" title=\"Sainte-Chapelle y Conciergerie: entrada\" src=\"https:\/\/paristouristinformation.fr\/wp-content\/uploads\/2024\/09\/Sainte-Chapelle-Conciergerie-Entry-Ticket--1024x1024.avif\" data-src=\"https:\/\/paristouristinformation.fr\/wp-content\/uploads\/2024\/09\/Sainte-Chapelle-Conciergerie-Entry-Ticket--300x300.avif\" loading=\"lazy\" data-sizes=\"{&quot;thumbnail&quot;:{&quot;url&quot;:&quot;https:\/\/paristouristinformation.fr\/wp-content\/uploads\/2024\/09\/Sainte-Chapelle-Conciergerie-Entry-Ticket--333x205.avif&quot;,&quot;height&quot;:205,&quot;width&quot;:333,&quot;orientation&quot;:&quot;landscape&quot;},&quot;medium&quot;:{&quot;url&quot;:&quot;https:\/\/paristouristinformation.fr\/wp-content\/uploads\/2024\/09\/Sainte-Chapelle-Conciergerie-Entry-Ticket--300x300.avif&quot;,&quot;height&quot;:300,&quot;width&quot;:300,&quot;orientation&quot;:&quot;landscape&quot;},&quot;large&quot;:{&quot;url&quot;:&quot;https:\/\/paristouristinformation.fr\/wp-content\/uploads\/2024\/09\/Sainte-Chapelle-Conciergerie-Entry-Ticket--1024x1024.avif&quot;,&quot;height&quot;:1024,&quot;width&quot;:1024,&quot;orientation&quot;:&quot;landscape&quot;},&quot;full&quot;:{&quot;url&quot;:&quot;https:\/\/paristouristinformation.fr\/wp-content\/uploads\/2024\/09\/Sainte-Chapelle-Conciergerie-Entry-Ticket-.avif&quot;,&quot;height&quot;:1600,&quot;width&quot;:1600,&quot;orientation&quot;:&quot;landscape&quot;},&quot;1536x1536&quot;:{&quot;url&quot;:&quot;https:\/\/paristouristinformation.fr\/wp-content\/uploads\/2024\/09\/Sainte-Chapelle-Conciergerie-Entry-Ticket--1536x1536.avif&quot;,&quot;height&quot;:1536,&quot;width&quot;:1536,&quot;orientation&quot;:&quot;landscape&quot;}}\"><\/span><span><img decoding=\"async\" alt=\"\" data-id=\"13680\" width=\"1600\" height=\"1600\" title=\"Sainte-Chapelle y Conciergerie: entrada 2\" src=\"https:\/\/paristouristinformation.fr\/wp-content\/uploads\/2024\/09\/Sainte-Chapelle-Conciergerie-Entry-Ticket-2-1024x1024.avif\" data-src=\"https:\/\/paristouristinformation.fr\/wp-content\/uploads\/2024\/09\/Sainte-Chapelle-Conciergerie-Entry-Ticket-2-300x300.avif\" loading=\"lazy\" data-sizes=\"{&quot;thumbnail&quot;:{&quot;url&quot;:&quot;https:\/\/paristouristinformation.fr\/wp-content\/uploads\/2024\/09\/Sainte-Chapelle-Conciergerie-Entry-Ticket-2-333x205.avif&quot;,&quot;height&quot;:205,&quot;width&quot;:333,&quot;orientation&quot;:&quot;landscape&quot;},&quot;medium&quot;:{&quot;url&quot;:&quot;https:\/\/paristouristinformation.fr\/wp-content\/uploads\/2024\/09\/Sainte-Chapelle-Conciergerie-Entry-Ticket-2-300x300.avif&quot;,&quot;height&quot;:300,&quot;width&quot;:300,&quot;orientation&quot;:&quot;landscape&quot;},&quot;large&quot;:{&quot;url&quot;:&quot;https:\/\/paristouristinformation.fr\/wp-content\/uploads\/2024\/09\/Sainte-Chapelle-Conciergerie-Entry-Ticket-2-1024x1024.avif&quot;,&quot;height&quot;:1024,&quot;width&quot;:1024,&quot;orientation&quot;:&quot;landscape&quot;},&quot;full&quot;:{&quot;url&quot;:&quot;https:\/\/paristouristinformation.fr\/wp-content\/uploads\/2024\/09\/Sainte-Chapelle-Conciergerie-Entry-Ticket-2.avif&quot;,&quot;height&quot;:1600,&quot;width&quot;:1600,&quot;orientation&quot;:&quot;landscape&quot;},&quot;1536x1536&quot;:{&quot;url&quot;:&quot;https:\/\/paristouristinformation.fr\/wp-content\/uploads\/2024\/09\/Sainte-Chapelle-Conciergerie-Entry-Ticket-2-1536x1536.avif&quot;,&quot;height&quot;:1536,&quot;width&quot;:1536,&quot;orientation&quot;:&quot;landscape&quot;}}\"><\/span><span><img decoding=\"async\" alt=\"\" data-id=\"13679\" width=\"1600\" height=\"1600\" title=\"Sainte-Chapelle y Conciergerie: entrada 3\" src=\"https:\/\/paristouristinformation.fr\/wp-content\/uploads\/2024\/09\/Sainte-Chapelle-Conciergerie-Entry-Ticket-3-1024x1024.avif\" data-src=\"https:\/\/paristouristinformation.fr\/wp-content\/uploads\/2024\/09\/Sainte-Chapelle-Conciergerie-Entry-Ticket-3-300x300.avif\" loading=\"lazy\" data-sizes=\"{&quot;thumbnail&quot;:{&quot;url&quot;:&quot;https:\/\/paristouristinformation.fr\/wp-content\/uploads\/2024\/09\/Sainte-Chapelle-Conciergerie-Entry-Ticket-3-333x205.avif&quot;,&quot;height&quot;:205,&quot;width&quot;:333,&quot;orientation&quot;:&quot;landscape&quot;},&quot;medium&quot;:{&quot;url&quot;:&quot;https:\/\/paristouristinformation.fr\/wp-content\/uploads\/2024\/09\/Sainte-Chapelle-Conciergerie-Entry-Ticket-3-300x300.avif&quot;,&quot;height&quot;:300,&quot;width&quot;:300,&quot;orientation&quot;:&quot;landscape&quot;},&quot;large&quot;:{&quot;url&quot;:&quot;https:\/\/paristouristinformation.fr\/wp-content\/uploads\/2024\/09\/Sainte-Chapelle-Conciergerie-Entry-Ticket-3-1024x1024.avif&quot;,&quot;height&quot;:1024,&quot;width&quot;:1024,&quot;orientation&quot;:&quot;landscape&quot;},&quot;full&quot;:{&quot;url&quot;:&quot;https:\/\/paristouristinformation.fr\/wp-content\/uploads\/2024\/09\/Sainte-Chapelle-Conciergerie-Entry-Ticket-3.avif&quot;,&quot;height&quot;:1600,&quot;width&quot;:1600,&quot;orientation&quot;:&quot;landscape&quot;},&quot;1536x1536&quot;:{&quot;url&quot;:&quot;https:\/\/paristouristinformation.fr\/wp-content\/uploads\/2024\/09\/Sainte-Chapelle-Conciergerie-Entry-Ticket-3-1536x1536.avif&quot;,&quot;height&quot;:1536,&quot;width&quot;:1536,&quot;orientation&quot;:&quot;landscape&quot;}}\"><\/span><\/p>\n<h1 dir=\"ltr\">Sainte-Chapelle y Conciergerie: Billete de entrada<\/h1>\n<h2><a href=\"https:\/\/www.tiqets.com\/en\/things-to-do-in-paris-c66746\/tickets-for-sainte-chapelle-conciergerie-priority-entrance-p974486\/?partner=paristouristinformation&amp;tq_campaign=SainteChapelleGttd\" target=\"_blank\" rel=\"nofollow noopener\" style=\"outline: none;\">Make a reservation<\/a><\/h2>\n<p style=\"\"><a href=\"https:\/\/www.tiqets.com\/en\/things-to-do-in-paris-c66746\/tickets-for-sainte-chapelle-conciergerie-priority-entrance-p974486\/?partner=paristouristinformation&amp;tq_campaign=SainteChapelleGttd\" target=\"_blank\" rel=\"nofollow noopener\" style=\"outline: none;\">Price from<\/a><\/p>\n<h1><a href=\"https:\/\/www.tiqets.com\/en\/things-to-do-in-paris-c66746\/tickets-for-sainte-chapelle-conciergerie-priority-entrance-p974486\/?partner=paristouristinformation&amp;tq_campaign=SainteChapelleGttd\" target=\"_blank\" rel=\"nofollow noopener\" style=\"outline: none;\"><strong>\u20ac20.00<\/strong><\/a><\/h1>\n<p dir=\"ltr\">Ad\u00e9ntrate en el coraz\u00f3n de la historia parisina con acceso a dos lugares emblem\u00e1ticos, la Sainte-Chapelle y la Conciergerie. Marav\u00edllate con las impresionantes vidrieras y explora la antigua prisi\u00f3n de Mar\u00eda Antonieta. \u00a1Te espera un viaje inmersivo!<\/p>\n<ul>\n<li style=\"\"><span style=\"\">Seleccionado cuidadosamente<\/span><\/li>\n<li style=\"\"><span style=\"\">Billete m\u00f3vil&nbsp;<\/span><\/li>\n<li style=\"\">                    <span style=\"\">Confirmaci\u00f3n instant\u00e1nea<\/span><\/li>\n<li style=\"\"><span style=\"\">Cancelaci\u00f3n gratuita<\/span><\/li>\n<\/ul>\n<h2>\u00bfQu\u00e9 incluye?<\/h2>\n<ul>\n<li style=\"\">                    <span>Entrada a la Sainte-Chapelle y a la Conciergerie<\/span><\/li>\n<li style=\"\">                    <span>Histopad para la Conciergerie en varios idiomas (hasta las 16:30)<\/span><\/li>\n<\/ul>\n<h2>Qu\u00e9 no est\u00e1 incluido<\/h2>\n<ul>\n<li style=\"\"><span>Gu\u00eda tur\u00edstica<\/span><\/li>\n<\/ul>\n<h2>Informaci\u00f3n importante<\/h2>\n<ul>\n<li><span>Las visitas a la Sainte-Chapelle ya la Conciergerie deben realizarse el mismo d\u00eda.<\/span><\/li>\n<li style=\"\"><span>Todos los visitantes deben pasar un control de seguridad obligatorio.<\/span><\/li>\n<li><span>No se permiten bolsos ni maletas grandes en el interior.<\/span><\/li>\n<li><span>Se requiere reserva de franja horaria para Sainte-Chapelle<\/span><\/li>\n<li><span>Histopad disponible hasta las 16:30 en ingl\u00e9s, franc\u00e9s, espa\u00f1ol, alem\u00e1n, italiano y chino<\/span><\/li>\n<\/ul>\n<h2 style=\"\">Ofrecido en colaboraci\u00f3n con nuestro socio:<\/h2>\n<p><span><img decoding=\"async\" alt=\"\" data-id=\"13290\" width=\"129\" data-init-width=\"350\" height=\"49\" data-init-height=\"134\" title=\"Logotipo de Tiqets\" loading=\"lazy\" src=\"https:\/\/www.paristouristinformation.fr\/es\/wp-content\/uploads\/2024\/09\/Tiqets-Logo-7.png\" data-width=\"129\" data-height=\"49\" style=\"aspect-ratio: auto 350 \/ 134;\"><\/span><\/p>\n<p>La oficina de informaci\u00f3n tur\u00edstica de Par\u00eds facilita los pagos, mientras que Tiqets act\u00faa como comerciante oficial. Los t\u00e9rminos y condiciones no se modifican.<\/p>\n<p><a href=\"https:\/\/www.tiqets.com\/en\/things-to-do-in-paris-c66746\/tickets-for-sainte-chapelle-conciergerie-priority-entrance-p974486\/?partner=paristouristinformation&amp;tq_campaign=SainteChapelleGttd\" target=\"_blank\" rel=\"nofollow noopener\" style=\"outline: none;\" data-lt-tmp-id=\"lt-493231\" spellcheck=\"false\">Haga clic aqu\u00ed si prefiere reservar en el sitio web de Tiqets.<\/a><\/p>\n<h2>Descripci\u00f3n:<\/h2>\n<p>Descubra dos de los monumentos m\u00e1s venerados de Par\u00eds en una experiencia inolvidable. Admire las impresionantes vidrieras de la <strong>Sainte-Chapelle<\/strong> , <strong>encargadas por el rey Luis IX,<\/strong> y camine por los misteriosos pasillos de la <strong>Conciergerie<\/strong> , <strong>que en su d\u00eda fue <\/strong><strong>prisi\u00f3n de Mar\u00eda Antonieta. \u00a1<\/strong> La historia cobra vida en cada rinc\u00f3n!<\/p>\n<h2>Reflejos:<\/h2>\n<ul>\n<li dir=\"ltr\">\n<p dir=\"ltr\">Explora la Sainte-Chapelle del siglo XIII, hogar de la Corona de Espinas de Cristo.<\/p>\n<\/li>\n<li dir=\"ltr\">\n<p dir=\"ltr\">Marav\u00edllate con 15 imponentes vitrales con m\u00e1s de 1.100 escenas b\u00edblicas<\/p>\n<\/li>\n<li dir=\"ltr\">\n<p dir=\"ltr\">Visita la antigua prisi\u00f3n de Mar\u00eda Antonieta en la Conciergerie<\/p>\n<\/li>\n<li dir=\"ltr\">\n<p dir=\"ltr\">Sum\u00e9rgete en la historia con el Histopad de la Conciergerie<\/p>\n<\/li>\n<li dir=\"ltr\">\n<p dir=\"ltr\">Mar testigo de dos sitios declarados Patrimonio Mundial por la UNESCO en un d\u00eda<\/p>\n<\/li>\n<\/ul>\n<h2>La Santa Capilla<\/h2>\n<p dir=\"ltr\">10 Bd du Palais, 75001 Par\u00eds<\/p>\n<h2>Pol\u00edtica de cancelaci\u00f3n<\/h2>\n<p dir=\"ltr\">Se permiten cancelaciones y reprogramaciones hasta las 23:59 del d\u00eda anterior a su visita programada.<\/p>\n<h2>Punto de encuentro e instrucciones<\/h2>\n<p dir=\"ltr\">Los visitantes deben reservar una franja horaria para acceder a la Sainte-Chapelle con antelaci\u00f3n. Puede visitar la Conciergerie el mismo d\u00eda a cualquier hora. Los controles de seguridad son obligatorios al entrar. Por favor, llegue un tiempo para la franja horaria seleccionada.<\/p>\n<p><a href=\"https:\/\/www.google.com\/maps\/place\/Sainte-Chapelle\/@48.855375,2.342386,17z\/data=!4m14!1m7!3m6!1s0x47e66e1fd8767d47:0x33f441f9dc242768!2sSainte-Chapelle!8m2!3d48.855375!4d2.3449609!16zL20vMGp2ZzU!3m5!1s0x47e66e1fd8767d47:0x33f441f9dc242768!8m2!3d48.855375!4d2.3449609!16zL20vMGp2ZzU?entry=ttu&amp;g_ep=EgoyMDI0MDkwMi4xIKXMDSoASAFQAw%3D%3D\" target=\"_blank\" rel=\"nofollow noopener\" style=\"outline: none;\" data-lt-tmp-id=\"lt-790344\" spellcheck=\"false\">Abrir en Maps<\/a><\/p>\n<h2>Rese\u00f1as y valoraciones<\/h2>\n<p><strong>4.6\/ 5&nbsp;  <\/strong><strong>(2411 opiniones)<\/strong><\/p>\n<p dir=\"ltr\">\u201cExcelente experiencia y ya recomend\u00f3 Tiqets a otras personas. Ten\u00edan entradas para atracciones que no pude encontrar en otro lado, buen precio y me enviaron las entradas por correo electr\u00f3nico muy r\u00e1pido\u201d. Karla, Estados Unidos &#8211; Junio \u200b\u200b\u200b\u200bde 2024[Fuente: Tiqets] <a href=\"https:\/\/www.tiqets.com\/en\/things-to-do-in-paris-c66746\/tickets-for-sainte-chapelle-conciergerie-priority-entrance-p974486\/?partner=paristouristinformation&amp;tq_campaign=SainteChapelleGttd\" target=\"_blank\" rel=\"nofollow noopener\" data-lt-tmp-id=\"lt-929553\" spellcheck=\"false\">&gt;&gt; Ver m\u00e1s opiniones<\/a><\/p>\n<h2>Otras actividades que te pueden gustar<\/h2>\n<p><span># <\/span><strong><span>2<\/span><\/strong><span><img decoding=\"async\" alt=\"\" data-id=\"13630\" width=\"159\" data-init-width=\"1556\" height=\"102\" data-init-height=\"1002\" title=\"Museo del Ej\u00e9rcito - Los Inv\u00e1lidos 1\" loading=\"lazy\" src=\"https:\/\/www.paristouristinformation.fr\/es\/wp-content\/uploads\/2024\/09\/Musee-de-lArmee-Les-Invalides-1-1.png\" data-width=\"159\" data-height=\"102\" style=\"aspect-ratio: auto 1556 \/ 1002;\"><\/span><\/p>\n<table>\n<tbody>\n<tr>\n<td><a href=\"https:\/\/www.tiqets.com\/en\/things-to-do-in-paris-c66746\/tickets-for-musee-de-l-armee-les-invalides-entry-ticket-p974519\/?partner=paristouristinformation&amp;tq_campaign=SainteChapelleGttd2\" target=\"_blank\" rel=\"nofollow noopener\" style=\"outline: none;\" data-lt-tmp-id=\"lt-615361\" spellcheck=\"false\">Museo del Ej\u00e9rcito &#8211; Entradas a Los Inv\u00e1lidos<\/a><\/td>\n<\/tr>\n<\/tbody>\n<\/table>\n<p dir=\"ltr\">Experimente la grandeza del Museo del Ej\u00e9rcito con acceso exclusivo a sus exposiciones permanentes, la tumba de Napole\u00f3n y m\u00e1s.<\/p>\n<h3 style=\"\">Precio total<\/h3>\n<h3 style=\"\">No se le cobrar\u00e1 todav\u00eda<\/h3>\n<p><span># <\/span><strong><span>2<\/span><\/strong><span><img decoding=\"async\" alt=\"\" data-id=\"13553\" width=\"159\" data-init-width=\"1185\" height=\"83\" data-init-height=\"616\" title=\"Paris Museum Pass: 2, 4 o 6 d\u00edas\" loading=\"lazy\" src=\"https:\/\/www.paristouristinformation.fr\/es\/wp-content\/uploads\/2024\/09\/Paris-Museum-Pass-2-4-or-6-Days-1-2.jpg\" data-width=\"159\" data-height=\"83\" style=\"aspect-ratio: auto 1185 \/ 616;\"><\/span><\/p>\n<table>\n<tbody>\n<tr>\n<td><a href=\"https:\/\/www.getyourguide.com\/paris-l16\/paris-museum-pass-t49746\/?partner_id=NO9XIDE&amp;utm_medium=online_publisher&amp;cmp=ParisSainteChapelleGttd3\" target=\"_blank\" rel=\"nofollow noopener\" style=\"outline: none;\" data-lt-tmp-id=\"lt-163467\" spellcheck=\"false\">Paris Museum Pass: 2, 4 o 6 d\u00edas<\/a><\/td>\n<\/tr>\n<\/tbody>\n<\/table>\n<p dir=\"ltr\">Acceda a acceso ilimitado a los principales museos y atracciones de Par\u00eds con el Paris Museum Pass, disponible para 2, 4 o 6 d\u00edas. Explore el rico patrimonio cultural de la ciudad, incluida la Sainte-Chapelle y la Conciergerie, a su propio ritmo.<\/p>\n<h3 style=\"\">Precio total<\/h3>\n<h3 style=\"\">No se le cobrar\u00e1 todav\u00eda<\/h3>\n<\/p>\n<h2><a href=\"https:\/\/www.tiqets.com\/en\/things-to-do-in-paris-c66746\/tickets-for-sainte-chapelle-conciergerie-priority-entrance-p974486\/?partner=paristouristinformation&amp;tq_campaign=SainteChapelleGttd\" target=\"_blank\" rel=\"nofollow noopener\" style=\"outline: none;\">Hacer una reserva<\/a><\/h2>\n<p style=\"\"><a href=\"https:\/\/www.tiqets.com\/en\/things-to-do-in-paris-c66746\/tickets-for-sainte-chapelle-conciergerie-priority-entrance-p974486\/?partner=paristouristinformation&amp;tq_campaign=SainteChapelleGttd\" target=\"_blank\" rel=\"nofollow noopener\" style=\"outline: none;\">Mejor precio<\/a> :<\/p>\n<h1><a href=\"https:\/\/www.tiqets.com\/en\/things-to-do-in-paris-c66746\/tickets-for-sainte-chapelle-conciergerie-priority-entrance-p974486\/?partner=paristouristinformation&amp;tq_campaign=SainteChapelleGttd\" target=\"_blank\" rel=\"nofollow noopener\" style=\"outline: none;\"><strong>20,00 \u20ac<\/strong><\/a><\/h1>\n<p style=\"\">No se le cobrar\u00e1 todav\u00eda<\/p>\n\n\n<p><\/p>\n","protected":false},"excerpt":{"rendered":"<p>Sainte-Chapelle y Conciergerie: Billete de entrada Make a reservation Price from \u20ac20.00 Ad\u00e9ntrate en el coraz\u00f3n de la historia parisina con acceso a dos lugares emblem\u00e1ticos, la Sainte-Chapelle y la Conciergerie. Marav\u00edllate con las impresionantes vidrieras y explora la antigua prisi\u00f3n de Mar\u00eda Antonieta. \u00a1Te espera un viaje inmersivo! Seleccionado cuidadosamente Billete m\u00f3vil&nbsp; Confirmaci\u00f3n instant\u00e1nea [&hellip;]<\/p>\n","protected":false},"author":10,"featured_media":11516,"parent":0,"menu_order":0,"comment_status":"closed","ping_status":"closed","template":"","meta":{"footnotes":""},"tags":[63],"class_list":["post-12199","page","type-page","status-publish","has-post-thumbnail","hentry","tag-paginas-de-venta","post-wrapper","thrv_wrapper"],"wp-worthy-pixel":{"ignored":false,"public":null,"server":null,"url":null},"wp-worthy-type":"normal","_links":{"self":[{"href":"https:\/\/www.paristouristinformation.fr\/es\/wp-json\/wp\/v2\/pages\/12199","targetHints":{"allow":["GET"]}}],"collection":[{"href":"https:\/\/www.paristouristinformation.fr\/es\/wp-json\/wp\/v2\/pages"}],"about":[{"href":"https:\/\/www.paristouristinformation.fr\/es\/wp-json\/wp\/v2\/types\/page"}],"author":[{"embeddable":true,"href":"https:\/\/www.paristouristinformation.fr\/es\/wp-json\/wp\/v2\/users\/10"}],"replies":[{"embeddable":true,"href":"https:\/\/www.paristouristinformation.fr\/es\/wp-json\/wp\/v2\/comments?post=12199"}],"version-history":[{"count":9,"href":"https:\/\/www.paristouristinformation.fr\/es\/wp-json\/wp\/v2\/pages\/12199\/revisions"}],"predecessor-version":[{"id":12282,"href":"https:\/\/www.paristouristinformation.fr\/es\/wp-json\/wp\/v2\/pages\/12199\/revisions\/12282"}],"wp:featuredmedia":[{"embeddable":true,"href":"https:\/\/www.paristouristinformation.fr\/es\/wp-json\/wp\/v2\/media\/11516"}],"wp:attachment":[{"href":"https:\/\/www.paristouristinformation.fr\/es\/wp-json\/wp\/v2\/media?parent=12199"}],"wp:term":[{"taxonomy":"post_tag","embeddable":true,"href":"https:\/\/www.paristouristinformation.fr\/es\/wp-json\/wp\/v2\/tags?post=12199"}],"curies":[{"name":"wp","href":"https:\/\/api.w.org\/{rel}","templated":true}]}}