{"id":2996,"date":"2020-12-20T20:34:27","date_gmt":"2020-12-20T20:34:27","guid":{"rendered":"http:\/\/paristouristinformation.fr\/es\/?page_id=2996"},"modified":"2023-05-12T07:18:59","modified_gmt":"2023-05-12T07:18:59","slug":"cinematheque-francaise-cinema","status":"publish","type":"page","link":"https:\/\/www.paristouristinformation.fr\/es\/cosas-que-hacer\/museo\/cinematheque-francaise-cinema\/","title":{"rendered":"Visite la Cinemateca Francesa de Par\u00eds"},"content":{"rendered":"<p>Todos los amantes del cine ya saben que el cine franc\u00e9s est\u00e1 considerado como uno de los m\u00e1s sofisticados de todas las producciones del mundo.En Francia, el cine, llamado el s\u00e9ptimo arte, forma parte del estilo de vida y ocupa un lugar importante en la vida de los franceses. Toda esta grandeza se puede presenciar en el lugar dedicado a este arte, la Cin\u00e9math\u00e8que Fran\u00e7aise, situada en Bercy, en el distrito 12. La Cin\u00e9math\u00e8que Fran\u00e7aise alberga una exposici\u00f3n \u00fanica y se compone de dos museos, una biblioteca, una sala de proyecci\u00f3n y 2 estudios.En este art\u00edculo le daremos toda la informaci\u00f3n sobre las exposiciones, la historia, las entradas y las visitas guiadas, as\u00ed como informaci\u00f3n \u00fatil sobre c\u00f3mo llegar.<\/p>\n<ul>\n<li><span style=\"\">\u00bfEst\u00e1 planeando su viaje a Par\u00eds? Consulte nuestra lista de las <a href=\"https:\/\/paristouristinformation.fr\/es\/cosas-que-hacer\/\" target=\"_blank\" style=\"outline: none;\" rel=\"noopener\"><strong>100 cosas que hay que hacer en Par\u00eds<\/strong>.<\/a> Elija sus actividades favoritas y disfrute de una visita \u00fanica a Par\u00eds.<\/span><\/li>\n<\/ul>\n<h2 id=\"t-1612279207652\" data-alt-text=\"What can I do at the Cin\u00e9math\u00e8que ?\" style=\"\">\u00bfQu\u00e9 puedo hacer en la Cinemateca Francesa?<\/h2>\n<p><span><img decoding=\"async\" alt=\"\" data-id=\"4611\" width=\"603\" data-init-width=\"1000\" height=\"402\" data-init-height=\"667\" title=\"EDITORIAL COVER cinematheque in paris in france\" src=\"http:\/\/paristouristinformation.fr\/es\/wp-content\/uploads\/2020\/12\/EDITORIAL-COVER-cinematheque-in-paris-in-france.jpg\" data-width=\"603\" data-height=\"402\" data-pinpro-key=\"kw9mci6ci\" loading=\"lazy\"><\/span><\/p>\n<p>Completamente renovada en el verano de 2020, la Cin\u00e9math\u00e8que Fran\u00e7aise se ocupa de la distribuci\u00f3n y conservaci\u00f3n de las pel\u00edculas como bien cultural.Con extraordinarias exposiciones de la historia del cine, ofrece a los visitantes una visi\u00f3n del mundo del cine en Francia.El museo principal cuenta con una amplia colecci\u00f3n que incluye objetos \u00fanicos sobre el tema de la pel\u00edcula y el cine.Se pueden ver pel\u00edculas, v\u00eddeos y DVD, pero tambi\u00e9n objetos de culto, cr\u00edticas de pel\u00edculas, carteles, fotos, trajes y atrezzo procedentes de distintas partes del mundo. Destacan los trajes de estrellas de Hollywood como Charlie Chaplin, Greta Garbo y Elisabeth Taylor.En el verano de 2020 se ha inaugurado en la Cin\u00e9math\u00e8que Fran\u00e7aise un nuevo museo llamado Museo M\u00e9li\u00e8s.Este museo se remonta a los or\u00edgenes del cine. En \u00e9l se exponen objetos de arte del enga\u00f1o, trajes, importantes aparatos y equipos, dibujos, objetos ins\u00f3litos&#8230;En octubre de 2020, la Cin\u00e9math\u00e8que cre\u00f3 incluso un nuevo espacio de rodaje educativo para hacer pel\u00edculas.En estos dos nuevos estudios, s\u00f3lo los estudiantes podr\u00e1n manipular, encuadrar, iluminar, construir decorados, inventar historias, jugar y mirar.El propio edificio posmoderno tambi\u00e9n es interesante. Fue dise\u00f1ado por el arquitecto estrella canadiense-estadounidense Frank Gehry, una raz\u00f3n m\u00e1s por la que la Cinemateca Francesa destaca entre los <a href=\"https:\/\/paristouristinformation.fr\/es\/cosas-que-hacer\/museo\/\" target=\"_blank\" style=\"outline: none;\" rel=\"noopener\"><strong>museos de Par\u00eds.<\/strong><\/a><\/p>\n<h3>Exposiciones y eventos especiales&nbsp;<\/h3>\n<p>Adem\u00e1s, el museo organiza regularmente exposiciones y eventos centrados en per\u00edodos, actores y directores espec\u00edficos. Adem\u00e1s, cada a\u00f1o se proyectan unas 1.300 pel\u00edculas en la sala de cine del museo, a disposici\u00f3n de los visitantes que deseen verlas.<\/p>\n<p>Puede encontrar un resumen actual en el <a href=\"https:\/\/www.cinematheque.fr\/\" target=\"_blank\" style=\"outline: none;\" rel=\"noopener nofollow\">sitio web oficial de la Cinameth\u00e8que Fran\u00e7aise.<\/a>.<\/p>\n<h2 id=\"t-1612279207653\" data-alt-text=\"Entrance, Tickets and Tours\">Entrada, billetes y visitas en la Cinemateca Francesa<\/h2>\n<ul>\n<li><span style=\"\"><strong>Entradas: <\/strong>La entrada normal al Museo Principal es de 5 euros, al Museo M\u00e9li\u00e8s de 8 euros, a las proyecciones de 7 euros y a la Biblioteca de 3,5 euros. Gratis para los ni\u00f1os menores de 6 a\u00f1os. Consulte la p\u00e1gina web oficial para conocer los \u00faltimos precios.<\/span><\/li>\n<li><span style=\"\"><strong>Visitas guiadas: <\/strong>La Cin\u00e9math\u00e8que ofrece a los grupos visitas guiadas a las exposiciones actuales. S\u00f3lo para adultos, es necesario reservar. Se ofrecen otras actividades privadas para ni\u00f1os y j\u00f3venes.<\/span><\/li>\n<\/ul>\n<ul>\n<li><span style=\"\">Para ahorrar tiempo y dinero, y evitar complicaciones, puede preparar su viaje comprando el <em><strong>Paris Museum Pass<\/strong><\/em>. Permite acceder a m\u00e1s de 50 museos de Par\u00eds, incluida la Cinemateca Francesa. Un producto imprescindible.<\/span><\/li>\n<\/ul>\n<p>__CONFIG_colors_palette__{\u00abactive_palette\u00bb:0,\u00bbconfig\u00bb:{\u00abcolors\u00bb:{\u00abf8570\u00bb:{\u00abname\u00bb:\u00bbMain Accent\u00bb,\u00bbparent\u00bb:-1}},\u00bbgradients\u00bb:[]},\u00bbpalettes\u00bb:[{\u00abname\u00bb:\u00bbDefault Palette\u00bb,\u00bbvalue\u00bb:{\u00abcolors\u00bb:{\u00abf8570\u00bb:{\u00abval\u00bb:\u00bbvar(&#8211;tcb-skin-color-0)\u00bb}},\u00bbgradients\u00bb:[]},\u00bboriginal\u00bb:{\u00abcolors\u00bb:{\u00abf8570\u00bb:{\u00abval\u00bb:\u00bbrgb(19, 114, 211)\u00bb,\u00bbhsl\u00bb:{\u00abh\u00bb:210,\u00bbs\u00bb:0.83,\u00bbl\u00bb:0.45}}},\u00bbgradients\u00bb:[]}}]}__CONFIG_colors_palette__ <a href=\"http:\/\/paristouristinformation.fr\/es\/tours-and-tickets\/\"> <span><span style=\"\">Ir a la tienda de entradas de Par\u00eds<\/span><\/span> <\/a><\/p>\n<h2 id=\"t-1612279207654\" data-alt-text=\"How to get there ?\">\u00bfC\u00f3mo llegar a la Cinemateca Francesa?<\/h2>\n<p>El museo est\u00e1 situado en el barrio de Bercy, en el distrito 12.<\/p>\n<ul>\n<li>La forma m\u00e1s f\u00e1cil de llegar es con la l\u00ednea de metro 6 o 14, estaci\u00f3n \u00abBercy\u00bb.<\/li>\n<li>Tambi\u00e9n puede tomar la l\u00ednea de autob\u00fas 24 o N32 y bajarse en la estaci\u00f3n \u00abBercy-Arena\u00bb.<\/li>\n<\/ul>\n<h2 id=\"t-1612279207655\">Preguntas frecuentes<\/h2>\n<h2 id=\"t-1612279207656\" data-alt-text=\"History of the Cin\u00e9math\u00e8que Fran\u00e7aise\" style=\"\">Historia de la Cinemateca Francesa<\/h2>\n<p><span><img decoding=\"async\" alt=\"\" data-id=\"4614\" width=\"680\" data-init-width=\"1000\" height=\"455\" data-init-height=\"669\" title=\"cinema culture in paris in france\" src=\"http:\/\/paristouristinformation.fr\/es\/wp-content\/uploads\/2020\/12\/cinema-culture-in-paris-in-france.jpg\" data-width=\"680\" data-height=\"455\" style=\"\" data-pinpro-key=\"y815zw090\" loading=\"lazy\"><\/span><\/p>\n<p>La Cin\u00e9math\u00e8que Fran\u00e7aise con el Mus\u00e9e du Cin\u00e9ma se remonta a Henri Langlois y Georges Franju, que fundaron el instituto cinematogr\u00e1fico en 1935 con el nombre de Cercle du cin\u00e9ma.En 1936, los dos fundadores, que ya se hab\u00edan dedicado al rescate y conservaci\u00f3n de copias de pel\u00edculas en el pasado, comenzaron a coleccionar objetos relacionados con el cine y la cinematograf\u00eda junto con Paul-Auguste Harl\u00e9. Como Cin\u00e9math\u00e8que Fran\u00e7aise, tambi\u00e9n hicieron de la preservaci\u00f3n y la distribuci\u00f3n de pel\u00edculas como bien cultural su misi\u00f3n.Especialmente durante la Segunda Guerra Mundial, la Cin\u00e9math\u00e8que consigui\u00f3 salvar numerosas pel\u00edculas de los nacionalsocialistas.Con su colecci\u00f3n, la Cin\u00e9math\u00e8que Fran\u00e7aise tambi\u00e9n tuvo una importante influencia en los directores de la Nouvelle Vague (\u00abNueva Ola\u00bb), un estilo de cine franc\u00e9s.En 1968, el entonces Ministro de Cultura y cineasta Andr\u00e9 Malraux cancel\u00f3 los fondos para forzar el despido del cofundador Henri Langlois. Esto provoc\u00f3 el cierre temporal de la Cinemateca Francesa.S\u00f3lo despu\u00e9s de intensas manifestaciones, en las que participaron los grandes del cine franc\u00e9s, Malraux se retract\u00f3 de su decisi\u00f3n y la Cin\u00e9math\u00e8que pudo reabrirse.Tras varios traslados, la Cin\u00e9math\u00e8que Fran\u00e7aise se encuentra desde 2005 en su ubicaci\u00f3n actual, en el n\u00famero 51 de la rue de Bercy, donde funciona el Mus\u00e9e de la Cin\u00e9math\u00e8que, antiguo Mus\u00e9e du Cin\u00e9ma.<\/p>\n<h2 id=\"t-1612279207657\" data-alt-text=\"Contact \" style=\"\">Contacto y mapa<\/h2>\n<ul>\n<li><span style=\"\"><strong>Direcci\u00f3n: <\/strong>Cin\u00e9math\u00e8que Fran\u00e7aise, 51 Rue de Bercy, 75012 Par\u00eds<\/span><\/li>\n<li><span style=\"\"><strong>Horario de apertura:<\/strong> Consulte el sitio web para conocer el horario de apertura actual.<\/span><\/li>\n<li><span style=\"\"><strong>Transporte p\u00fablico: <\/strong>L\u00ednea de metro 6 o 14 hasta \u00abBercy\u00bb<\/span><\/li>\n<li style=\"\"><span style=\"\"><strong>P\u00e1gina web:&nbsp;<\/strong><a href=\"https:\/\/www.cinematheque.fr\/\" style=\"outline: none;\" target=\"_blank\" rel=\"noopener nofollow\">www.cinematheque.fr<\/a><\/span><\/li>\n<\/ul>\n<p>__CONFIG_colors_palette__{\u00abactive_palette\u00bb:0,\u00bbconfig\u00bb:{\u00abcolors\u00bb:{\u00ab50ce5\u00bb:{\u00abname\u00bb:\u00bbMain Accent\u00bb,\u00bbparent\u00bb:-1}},\u00bbgradients\u00bb:[]},\u00bbpalettes\u00bb:[{\u00abname\u00bb:\u00bbDefault Palette\u00bb,\u00bbvalue\u00bb:{\u00abcolors\u00bb:{\u00ab50ce5\u00bb:{\u00abval\u00bb:\u00bbvar(&#8211;tcb-skin-color-0)\u00bb}},\u00bbgradients\u00bb:[]},\u00bboriginal\u00bb:{\u00abcolors\u00bb:{\u00ab50ce5\u00bb:{\u00abval\u00bb:\u00bbrgb(19, 114, 211)\u00bb,\u00bbhsl\u00bb:{\u00abh\u00bb:210,\u00bbs\u00bb:0.83,\u00bbl\u00bb:0.45,\u00bba\u00bb:1}}},\u00bbgradients\u00bb:[]}}]}__CONFIG_colors_palette__ <a href=\"http:\/\/paristouristinformation.fr\/es\/things-to-do\/museum\/\"> <span><span>M\u00e1s museos que visitar en Par\u00eds<\/span><\/span> <\/a><\/p>\n<h2 style=\"\" id=\"t-1642428341864\">Art\u00edculos relacionados:<\/h2>\n<div class=\"tcb-post-list tve-content-list thrv_wrapper\" data-type=\"grid\" data-pagination-type=\"none\" data-pages_near_current=\"2\" data-css=\"tve-u-17de17832ca\" data-total_post_count=\"4\" data-total_sticky_count=\"0\" data-no_posts_text=\"There are no posts to display.\"><article id=\"post-4332\" class=\"post-4332 page type-page status-publish has-post-thumbnail hentry post-wrapper thrv_wrapper thrive-animated-item  tve_evt_manager_listen tve_ea_thrive_animation tve_et_mouseover tve_anim_grow\" tcb_hover_state_parent=\"\" class=\"tve_evt_manager_listen tve_ea_thrive_animation tve_et_mouseover tve_anim_grow\" data-id=\"4332\" data-selector=\".post-wrapper\"><style class=\"tcb-post-list-dynamic-style\" type=\"text\/css\">@media (min-width: 300px){[].tcb-post-list #post-4332 []{background-image: url(\u00abhttps:\/\/www.paristouristinformation.fr\/es\/wp-content\/uploads\/2020\/12\/Centre-Pompidou-in-Paris-in-France-1024x538.jpg\u00ab) !important;}[].tcb-post-list #post-4332 []:hover []{background-image: url(\u00abhttps:\/\/www.paristouristinformation.fr\/es\/wp-content\/uploads\/2020\/12\/Centre-Pompidou-in-Paris-in-France-1024x538.jpg\u00ab) !important;}}<\/style><a href=\"https:\/\/www.paristouristinformation.fr\/es\/cosas-que-hacer\/museo\/centre-pompidou\/\" dynamic-postlink=\"tcb_post_the_permalink\" data-shortcode-id=\"4332\"><\/a><\/p>\n<h3 style=\"text-align: center; padding-top: 0px !important; margin-top: 0px !important;\"><span data-attr-link=\"1\" data-attr-rel=\"0\" data-attr-target=\"0\" data-extra_key=\"\" data-option-inline=\"1\" data-shortcode=\"tcb_post_title\" data-shortcode-name=\"Post title\" data-attr-css=\"\" data-attr-static-link=\"{&quot;className&quot;:&quot;tve-froala fr-basic&quot;,&quot;href&quot;:&quot;https:\/\/paristouristinformation.fr\/es\/cosas-que-hacer\/museo\/centre-pompidou\/&quot;,&quot;title&quot;:&quot;Gu\u00eda del Centro Pompidou de Par\u00eds: Entradas &amp; Exposiciones&quot;,&quot;class&quot;:&quot;tve-froala fr-basic&quot;}\" style=\"\"><a href=\"https:\/\/www.paristouristinformation.fr\/es\/cosas-que-hacer\/museo\/centre-pompidou\/\" title=\"Gu\u00eda del Centro Pompidou de Par\u00eds: Entradas &amp; Exposiciones\" data-css=\"\" class=\"tve-froala fr-basic\">Gu\u00eda del Centro Pompidou de Par\u00eds: Entradas &amp; Exposiciones<\/a><\/span><\/h3>\n<p><\/article><article id=\"post-3461\" class=\"post-3461 page type-page status-publish has-post-thumbnail hentry post-wrapper thrv_wrapper thrive-animated-item  tve_evt_manager_listen tve_ea_thrive_animation tve_et_mouseover tve_anim_grow\" tcb_hover_state_parent=\"\" class=\"tve_evt_manager_listen tve_ea_thrive_animation tve_et_mouseover tve_anim_grow\" data-id=\"3461\" data-selector=\".post-wrapper\"><style class=\"tcb-post-list-dynamic-style\" type=\"text\/css\">@media (min-width: 300px){[].tcb-post-list #post-3461 []{background-image: url(\u00abhttps:\/\/www.paristouristinformation.fr\/es\/wp-content\/uploads\/2021\/01\/A-Guide-to-Quai-Branly-Museum-in-Paris-in-France-1024x538.jpg\u00ab) !important;}[].tcb-post-list #post-3461 []:hover []{background-image: url(\u00abhttps:\/\/www.paristouristinformation.fr\/es\/wp-content\/uploads\/2021\/01\/A-Guide-to-Quai-Branly-Museum-in-Paris-in-France-1024x538.jpg\u00ab) !important;}}<\/style><a href=\"https:\/\/www.paristouristinformation.fr\/es\/cosas-que-hacer\/museo\/musee-du-quai-branly\/\" dynamic-postlink=\"tcb_post_the_permalink\" data-shortcode-id=\"4332\"><\/a><\/p>\n<h3 style=\"text-align: center; padding-top: 0px !important; margin-top: 0px !important;\"><span data-attr-link=\"1\" data-attr-rel=\"0\" data-attr-target=\"0\" data-extra_key=\"\" data-option-inline=\"1\" data-shortcode=\"tcb_post_title\" data-shortcode-name=\"Post title\" data-attr-css=\"\" data-attr-static-link=\"{&quot;className&quot;:&quot;tve-froala fr-basic&quot;,&quot;href&quot;:&quot;https:\/\/paristouristinformation.fr\/es\/cosas-que-hacer\/museo\/centre-pompidou\/&quot;,&quot;title&quot;:&quot;Gu\u00eda del Centro Pompidou de Par\u00eds: Entradas &amp; Exposiciones&quot;,&quot;class&quot;:&quot;tve-froala fr-basic&quot;}\" style=\"\"><a href=\"https:\/\/www.paristouristinformation.fr\/es\/cosas-que-hacer\/museo\/musee-du-quai-branly\/\" title=\"Gu\u00eda del Museo Quai Branly de Par\u00eds\" data-css=\"\" class=\"tve-froala fr-basic\">Gu\u00eda del Museo Quai Branly de Par\u00eds<\/a><\/span><\/h3>\n<p><\/article><article id=\"post-7552\" class=\"post-7552 page type-page status-publish has-post-thumbnail hentry post-wrapper thrv_wrapper thrive-animated-item  tve_evt_manager_listen tve_ea_thrive_animation tve_et_mouseover tve_anim_grow\" tcb_hover_state_parent=\"\" class=\"tve_evt_manager_listen tve_ea_thrive_animation tve_et_mouseover tve_anim_grow\" data-id=\"7552\" data-selector=\".post-wrapper\"><style class=\"tcb-post-list-dynamic-style\" type=\"text\/css\">@media (min-width: 300px){[].tcb-post-list #post-7552 []{background-image: url(\u00abhttps:\/\/www.paristouristinformation.fr\/es\/wp-content\/uploads\/2021\/03\/Guide-to-Atelier-des-Lumieres-in-Paris-1024x538.jpg\u00ab) !important;}[].tcb-post-list #post-7552 []:hover []{background-image: url(\u00abhttps:\/\/www.paristouristinformation.fr\/es\/wp-content\/uploads\/2021\/03\/Guide-to-Atelier-des-Lumieres-in-Paris-1024x538.jpg\u00ab) !important;}}<\/style><a href=\"https:\/\/www.paristouristinformation.fr\/es\/cosas-que-hacer\/museo\/atelier-des-lumieres\/\" dynamic-postlink=\"tcb_post_the_permalink\" data-shortcode-id=\"4332\"><\/a><\/p>\n<h3 style=\"text-align: center; padding-top: 0px !important; margin-top: 0px !important;\"><span data-attr-link=\"1\" data-attr-rel=\"0\" data-attr-target=\"0\" data-extra_key=\"\" data-option-inline=\"1\" data-shortcode=\"tcb_post_title\" data-shortcode-name=\"Post title\" data-attr-css=\"\" data-attr-static-link=\"{&quot;className&quot;:&quot;tve-froala fr-basic&quot;,&quot;href&quot;:&quot;https:\/\/paristouristinformation.fr\/es\/cosas-que-hacer\/museo\/centre-pompidou\/&quot;,&quot;title&quot;:&quot;Gu\u00eda del Centro Pompidou de Par\u00eds: Entradas &amp; Exposiciones&quot;,&quot;class&quot;:&quot;tve-froala fr-basic&quot;}\" style=\"\"><a href=\"https:\/\/www.paristouristinformation.fr\/es\/cosas-que-hacer\/museo\/atelier-des-lumieres\/\" title=\"Gu\u00eda de L\u2019Atelier des Lumi\u00e8res en Par\u00eds: Exposiciones y entradas\" data-css=\"\" class=\"tve-froala fr-basic\">Gu\u00eda de L\u2019Atelier des Lumi\u00e8res en Par\u00eds: Exposiciones y entradas<\/a><\/span><\/h3>\n<p><\/article><article id=\"post-7624\" class=\"post-7624 page type-page status-publish has-post-thumbnail hentry post-wrapper thrv_wrapper thrive-animated-item  tve_evt_manager_listen tve_ea_thrive_animation tve_et_mouseover tve_anim_grow\" tcb_hover_state_parent=\"\" class=\"tve_evt_manager_listen tve_ea_thrive_animation tve_et_mouseover tve_anim_grow\" data-id=\"7624\" data-selector=\".post-wrapper\"><style class=\"tcb-post-list-dynamic-style\" type=\"text\/css\">@media (min-width: 300px){[].tcb-post-list #post-7624 []{background-image: url(\u00abhttps:\/\/www.paristouristinformation.fr\/es\/wp-content\/uploads\/2021\/02\/Musee-Jacquemart-Andre-in-Paris-in-France-1024x538.jpg\u00ab) !important;}[].tcb-post-list #post-7624 []:hover []{background-image: url(\u00abhttps:\/\/www.paristouristinformation.fr\/es\/wp-content\/uploads\/2021\/02\/Musee-Jacquemart-Andre-in-Paris-in-France-1024x538.jpg\u00ab) !important;}}<\/style><a href=\"https:\/\/www.paristouristinformation.fr\/es\/cosas-que-hacer\/museo\/musee-jacquemart-andre\/\" dynamic-postlink=\"tcb_post_the_permalink\" data-shortcode-id=\"4332\"><\/a><\/p>\n<h3 style=\"text-align: center; padding-top: 0px !important; margin-top: 0px !important;\"><span data-attr-link=\"1\" data-attr-rel=\"0\" data-attr-target=\"0\" data-extra_key=\"\" data-option-inline=\"1\" data-shortcode=\"tcb_post_title\" data-shortcode-name=\"Post title\" data-attr-css=\"\" data-attr-static-link=\"{&quot;className&quot;:&quot;tve-froala fr-basic&quot;,&quot;href&quot;:&quot;https:\/\/paristouristinformation.fr\/es\/cosas-que-hacer\/museo\/centre-pompidou\/&quot;,&quot;title&quot;:&quot;Gu\u00eda del Centro Pompidou de Par\u00eds: Entradas &amp; Exposiciones&quot;,&quot;class&quot;:&quot;tve-froala fr-basic&quot;}\" style=\"\"><a href=\"https:\/\/www.paristouristinformation.fr\/es\/cosas-que-hacer\/museo\/musee-jacquemart-andre\/\" title=\"Gu\u00eda del Museo Jacquemart Andre en Par\u00eds: Exposici\u00f3n &amp; Entradas\" data-css=\"\" class=\"tve-froala fr-basic\">Gu\u00eda del Museo Jacquemart Andre en Par\u00eds: Exposici\u00f3n &amp; Entradas<\/a><\/span><\/h3>\n<p><\/article><\/div>\n","protected":false},"excerpt":{"rendered":"<p>Todos los amantes del cine ya saben que el cine franc\u00e9s est\u00e1 considerado como uno de los m\u00e1s sofisticados de todas las producciones del mundo.En Francia, el cine, llamado el s\u00e9ptimo arte, forma parte del estilo de vida y ocupa un lugar importante en la vida de los franceses. Toda esta grandeza se puede presenciar [&hellip;]<\/p>\n","protected":false},"author":9,"featured_media":6702,"parent":68,"menu_order":0,"comment_status":"closed","ping_status":"closed","template":"","meta":{"footnotes":""},"tags":[],"class_list":{"0":"post-2996","1":"page","2":"type-page","3":"status-publish","4":"has-post-thumbnail","5":"hentry","6":"post-wrapper","7":"thrv_wrapper","10":"thrive-animated-item"},"wp-worthy-pixel":{"ignored":false,"public":null,"server":null,"url":null},"wp-worthy-type":"normal","_links":{"self":[{"href":"https:\/\/www.paristouristinformation.fr\/es\/wp-json\/wp\/v2\/pages\/2996","targetHints":{"allow":["GET"]}}],"collection":[{"href":"https:\/\/www.paristouristinformation.fr\/es\/wp-json\/wp\/v2\/pages"}],"about":[{"href":"https:\/\/www.paristouristinformation.fr\/es\/wp-json\/wp\/v2\/types\/page"}],"author":[{"embeddable":true,"href":"https:\/\/www.paristouristinformation.fr\/es\/wp-json\/wp\/v2\/users\/9"}],"replies":[{"embeddable":true,"href":"https:\/\/www.paristouristinformation.fr\/es\/wp-json\/wp\/v2\/comments?post=2996"}],"version-history":[{"count":0,"href":"https:\/\/www.paristouristinformation.fr\/es\/wp-json\/wp\/v2\/pages\/2996\/revisions"}],"up":[{"embeddable":true,"href":"https:\/\/www.paristouristinformation.fr\/es\/wp-json\/wp\/v2\/pages\/68"}],"wp:featuredmedia":[{"embeddable":true,"href":"https:\/\/www.paristouristinformation.fr\/es\/wp-json\/wp\/v2\/media\/6702"}],"wp:attachment":[{"href":"https:\/\/www.paristouristinformation.fr\/es\/wp-json\/wp\/v2\/media?parent=2996"}],"wp:term":[{"taxonomy":"post_tag","embeddable":true,"href":"https:\/\/www.paristouristinformation.fr\/es\/wp-json\/wp\/v2\/tags?post=2996"}],"curies":[{"name":"wp","href":"https:\/\/api.w.org\/{rel}","templated":true}]}}