{"id":3028,"date":"2020-12-21T19:17:53","date_gmt":"2020-12-21T19:17:53","guid":{"rendered":"http:\/\/paristouristinformation.fr\/es\/?page_id=3028"},"modified":"2023-05-12T07:22:52","modified_gmt":"2023-05-12T07:22:52","slug":"crypte-archeologique","status":"publish","type":"page","link":"https:\/\/www.paristouristinformation.fr\/es\/cosas-que-hacer\/museo\/crypte-archeologique\/","title":{"rendered":"Gu\u00eda de la Cripta Arqueol\u00f3gica de Par\u00eds: Consejos tur\u00edsticos"},"content":{"rendered":"<p>La Crypte Arch\u00e9ologique de Notre Dame es una cripta en la que se muestran hallazgos arqueol\u00f3gicos de la antigua Par\u00eds, que van desde la antig\u00fcedad hasta el siglo XIX.Esta actividad puede parecer algo espeluznante, pero es mucho mejor de lo que parece. Si le gustaron las<em><strong>&nbsp;<\/strong><\/em><a href=\"https:\/\/paristouristinformation.fr\/es\/cosas-que-hacer\/atracciones\/catacumbas\/\" target=\"_blank\" rel=\"noopener\"><strong>Catacumbas de Par\u00eds<\/strong><\/a>, tambi\u00e9n le encantar\u00e1 esta actividad. Es como descubrir tesoros ocultos en lugares misteriosos.En esta gu\u00eda de la Cripta Arqueol\u00f3gica de Par\u00eds descubrir\u00e1 todo lo relacionado con la exposici\u00f3n, la historia, las entradas, las visitas y la informaci\u00f3n \u00fatil sobre c\u00f3mo llegar.<\/p>\n<h2 id=\"t-1612206127890\" data-alt-text=\"What can I do ?\">\u00bfQu\u00e9 puedo hacer en la Crypte Arch\u00e9ologique Paris?<\/h2>\n<p>La Cripta Arqueol\u00f3gica de Par\u00eds se encuentra a 80 metros bajo la plaza frente a la Catedral de Notre-Dame de Par\u00eds. Los visitantes pueden descubrir m\u00e1s de 2000 a\u00f1os de historia parisina en la cripta, que se extiende unos 200 metros. Se exponen numerosos hallazgos encontrados accidentalmente durante las excavaciones realizadas entre 1965 y 1972.Entre los hallazgos hay restos arqueol\u00f3gicos \u00fanicos que ilustran el desarrollo arquitect\u00f3nico y urban\u00edstico de la <a href=\"https:\/\/paristouristinformation.fr\/es\/cosas-que-hacer\/districts\/ile-de-la-cite\/\" target=\"_blank\" rel=\"noopener\"><strong>\u00cele de la Cit\u00e9<\/strong><\/a>, el centro hist\u00f3rico de Par\u00eds.Se pueden ver ruinas de la antigua ciudad de Par\u00eds, artefactos galo-romanos y edificios de diferentes \u00e9pocas: desde la antig\u00fcedad, pasando por la Edad Media, hasta el siglo XIX.Lo m\u00e1s destacado son los restos de las murallas romanas, una casa de ba\u00f1os galo-romana y las ruinas del antiguo puerto de Lutecia, la ciudad galo-romana a partir de la cual se desarroll\u00f3 el actual Par\u00eds.<\/p>\n<h3>Exposiciones temporales en la Cripta&nbsp;<\/h3>\n<p>En la cripta se celebran regularmente exposiciones temporales.&nbsp;<\/p>\n<h3>Actividades en la Cripta<\/h3>\n<p>En la cripta tambi\u00e9n se organizan diversas actividades, especialmente adaptadas a los adultos, los visitantes con discapacidad, las familias y los ni\u00f1os. Por ejemplo, los visitantes pueden descubrir los restos antiguos en el marco de una visita guiada o visitar la exposici\u00f3n actual. Tambi\u00e9n hay conciertos y animaciones en 3D.Puede encontrar m\u00e1s informaci\u00f3n en el sitio web de la cripta, cuyo enlace figura m\u00e1s abajo.<\/p>\n<p><span style=\"\"><img decoding=\"async\" alt=\"the entrance of the Crypte marked from the tower of Notre Dame Cathedral\" data-id=\"4694\" width=\"840\" data-init-width=\"1200\" height=\"630\" data-init-height=\"900\" title=\"Crypte from Notre Dame Tower in Paris\" src=\"http:\/\/paristouristinformation.fr\/es\/wp-content\/uploads\/2020\/12\/Crypte-from-Notre-Dame-Tower-in-Paris.jpeg\" data-width=\"840\" data-height=\"630\" style=\"\" ml-d=\"-1\" mt-d=\"0\" center-h-d=\"false\" data-pinpro-key=\"j6w5r33pg\" loading=\"lazy\"><\/span><\/p>\n<h2 id=\"t-1612206127891\" style=\"\">Entrada, billetes y visitas<\/h2>\n<ul>\n<li style=\"\"><span style=\"\"><strong>Entrada: <\/strong>Los visitantes menores de 18 a\u00f1os, las personas con discapacidad y los titulares del Paris Museum Pass pueden entrar gratis.<\/span><\/li>\n<li style=\"\"><span style=\"\"><strong>Entradas:<\/strong> La entrada da acceso a la cripta y a la exposici\u00f3n. Para obtener la informaci\u00f3n m\u00e1s reciente sobre los precios actuales de las entradas, consulte el <a href=\"https:\/\/www.crypte.paris.fr\/en\/visit\/access-opening-times-accessibility\/museum-admission\" target=\"_blank\" style=\"outline: none;\" rel=\"noopener nofollow\">sitio web oficial del museo.<\/a><\/span><\/li>\n<li style=\"\"><span style=\"\"><strong>Audiogu\u00eda: <\/strong>La cripta ofrece audiogu\u00edas en ingl\u00e9s, espa\u00f1ol y franc\u00e9s.<\/span><\/li>\n<li style=\"\"><span style=\"\"><strong>Visitas: <\/strong>Los interesados pueden conocer a fondo la cripta en una visita guiada de una hora y media.<\/span><\/li>\n<\/ul>\n<p>__CONFIG_colors_palette__{\u00abactive_palette\u00bb:0,\u00bbconfig\u00bb:{\u00abcolors\u00bb:{\u00abf8570\u00bb:{\u00abname\u00bb:\u00bbMain Accent\u00bb,\u00bbparent\u00bb:-1}},\u00bbgradients\u00bb:[]},\u00bbpalettes\u00bb:[{\u00abname\u00bb:\u00bbDefault Palette\u00bb,\u00bbvalue\u00bb:{\u00abcolors\u00bb:{\u00abf8570\u00bb:{\u00abval\u00bb:\u00bbvar(&#8211;tcb-skin-color-0)\u00bb}},\u00bbgradients\u00bb:[]},\u00bboriginal\u00bb:{\u00abcolors\u00bb:{\u00abf8570\u00bb:{\u00abval\u00bb:\u00bbrgb(19, 114, 211)\u00bb,\u00bbhsl\u00bb:{\u00abh\u00bb:210,\u00bbs\u00bb:0.83,\u00bbl\u00bb:0.45}}},\u00bbgradients\u00bb:[]}}]}__CONFIG_colors_palette__ <a href=\"http:\/\/paristouristinformation.fr\/es\/tours-and-tickets\/\"> <span><span style=\"\">Ir a la tienda de entradas de Par\u00eds<\/span><\/span> <\/a><\/p>\n<h2 id=\"t-1612206127892\" data-alt-text=\"How to get there ?\">\u00bfC\u00f3mo llegar a la Cripta Arqueol\u00f3gica de Par\u00eds?<\/h2>\n<p>La Cripta Arqueol\u00f3gica de Notre Dame se encuentra en el distrito 4, en el barrio de Notre-Dame. La entrada a la cripta se encuentra en la explanada de la <a href=\"https:\/\/paristouristinformation.fr\/es\/cosas-que-hacer\/iglesia\/notre-dame\/\" target=\"_blank\" style=\"outline: none;\" rel=\"noopener\"><strong>catedral de Notre Dame.<\/strong><\/a><\/p>\n<p>La forma m\u00e1s f\u00e1cil de llegar a la cripta es tomar la l\u00ednea 4 de metro hasta la estaci\u00f3n \u00abCit\u00e9\u00bb o \u00abSaint-Michel\u00bb. Tambi\u00e9n puede tomar las l\u00edneas de autob\u00fas 21, 24, 27, 38, 47, 85 o 96.<\/p>\n<p>M\u00e1s informaci\u00f3n sobre los <a href=\"https:\/\/paristouristinformation.fr\/es\/plan\/transporte-publico\/\" target=\"_blank\" rel=\"noopener\"><strong>transportes p\u00fablicos en Par\u00eds.<\/strong><\/a><\/p>\n<h2 id=\"t-1612206127893\" style=\"\">Preguntas frecuentes<\/h2>\n<h2 id=\"t-1612206127894\" data-alt-text=\"History of the Crypte \" style=\"\">Historia de la Cripta Arqueol\u00f3gica de Par\u00eds<\/h2>\n<p><span><img decoding=\"async\" alt=\"\" data-id=\"4695\" width=\"702\" data-init-width=\"1000\" height=\"445\" data-init-height=\"634\" title=\"ancient paris map for crypte\" src=\"http:\/\/paristouristinformation.fr\/es\/wp-content\/uploads\/2020\/12\/ancient-paris-map-for-crypte.jpg\" data-width=\"702\" data-height=\"445\" data-pinpro-key=\"kt6kjcvi1\" loading=\"lazy\"><\/span><\/p>\n<p>La Cripta Arqueol\u00f3gica de la Isla de la Cit\u00e9 (tambi\u00e9n Cripta Arqueol\u00f3gica de Notre-Dame o Cripta Arqueol\u00f3gica de Par\u00eds), situada bajo el patio de la Catedral de Notre-Dame, data de los primeros siglos despu\u00e9s de Cristo.Fue descubierta entre 1965 y 1972 durante las excavaciones para la construcci\u00f3n de un aparcamiento.Para presentar los hallazgos arqueol\u00f3gicos descubiertos durante las excavaciones, la cripta fue reconstruida en 1980. Como una de las criptas m\u00e1s antiguas de la humanidad, la Crypte Arch\u00e9ologique Paris es uno de los<em><strong>&nbsp;<\/strong><\/em><a href=\"https:\/\/paristouristinformation.fr\/es\/cosas-que-hacer\/museo\/\" target=\"_blank\" rel=\"noopener\"><strong>museos m\u00e1s interesantes de Par\u00eds<\/strong><\/a><em><strong>&nbsp;<\/strong><\/em>en la actualidad.<\/p>\n<h2 id=\"t-1612206127895\" data-alt-text=\"Contact \" style=\"\">Contacto y mapa<\/h2>\n<ul>\n<li><span style=\"\"><strong>Direcci\u00f3n: <\/strong>Cripta arqueol\u00f3gica de la Ile de la Cit\u00e9, 7, place Jean-Paul IIParvis Notre-Dame, 75 004 Par\u00eds<\/span><\/li>\n<li><span style=\"\"><strong>Horario de apertura: <\/strong>Para obtener la \u00faltima informaci\u00f3n sobre los horarios de apertura, consulte el sitio web oficial de la cripta.<\/span><\/li>\n<li><span style=\"\"><strong>Transporte p\u00fablico: <\/strong>Metro l\u00ednea 4 hasta \u00abCit\u00e9\u00bb o \u00abSaint-Michel\u00bb<\/span><\/li>\n<li style=\"\"><span style=\"\"><strong>P\u00e1gina web:&nbsp;<\/strong>&nbsp;<a href=\"https:\/\/www.crypte.paris.fr\/en\/homepage\" style=\"outline: none;\" rel=\"nofollow noopener\" target=\"_blank\">www.crypte.paris.fr\/en\/homepage<\/a><\/span><\/li>\n<\/ul>\n<ul>\n<li><span style=\"\">\u00bfEst\u00e1 planeando su viaje a Par\u00eds? Te hemos preparado una lista con los<em><strong>&nbsp;<\/strong><a href=\"https:\/\/paristouristinformation.fr\/es\/cosas-que-hacer\/museo\/\" target=\"_blank\" style=\"outline: none;\" rel=\"noopener\"><span style=\"font-style: normal;\"><strong>30 mejores museos que visitar en Par\u00eds.<\/strong><\/span><\/a><\/em><\/span><\/li>\n<\/ul>\n<p>__CONFIG_colors_palette__{\u00abactive_palette\u00bb:0,\u00bbconfig\u00bb:{\u00abcolors\u00bb:{\u00ab50ce5\u00bb:{\u00abname\u00bb:\u00bbMain Accent\u00bb,\u00bbparent\u00bb:-1}},\u00bbgradients\u00bb:[]},\u00bbpalettes\u00bb:[{\u00abname\u00bb:\u00bbDefault Palette\u00bb,\u00bbvalue\u00bb:{\u00abcolors\u00bb:{\u00ab50ce5\u00bb:{\u00abval\u00bb:\u00bbvar(&#8211;tcb-skin-color-0)\u00bb}},\u00bbgradients\u00bb:[]},\u00bboriginal\u00bb:{\u00abcolors\u00bb:{\u00ab50ce5\u00bb:{\u00abval\u00bb:\u00bbrgb(19, 114, 211)\u00bb,\u00bbhsl\u00bb:{\u00abh\u00bb:210,\u00bbs\u00bb:0.83,\u00bbl\u00bb:0.45,\u00bba\u00bb:1}}},\u00bbgradients\u00bb:[]}}]}__CONFIG_colors_palette__ <a href=\"http:\/\/paristouristinformation.fr\/es\/things-to-do\/museum\/\"> <span><span>M\u00e1s museos que visitar en Par\u00eds<\/span><\/span> <\/a><\/p>\n<h2 style=\"\" id=\"t-1642429738036\">Art\u00edculos relacionados:<\/h2>\n<div class=\"tcb-post-list tve-content-list thrv_wrapper\" data-type=\"grid\" data-pagination-type=\"none\" data-pages_near_current=\"2\" data-css=\"tve-u-17de134d52c\" data-total_post_count=\"4\" data-total_sticky_count=\"0\" data-no_posts_text=\"There are no posts to display.\"><article id=\"post-68\" class=\"post-68 page type-page status-publish has-post-thumbnail hentry post-wrapper thrv_wrapper thrive-animated-item  tve_evt_manager_listen tve_ea_thrive_animation tve_et_mouseover tve_anim_grow\" tcb_hover_state_parent=\"\" class=\"tve_evt_manager_listen tve_ea_thrive_animation tve_et_mouseover tve_anim_grow\" data-id=\"68\" data-selector=\".post-wrapper\"><style class=\"tcb-post-list-dynamic-style\" type=\"text\/css\">@media (min-width: 300px){[].tcb-post-list #post-68 []{background-image: url(\u00abhttps:\/\/www.paristouristinformation.fr\/es\/wp-content\/uploads\/2021\/02\/Top-30-Best-Museums-to-Visit-in-Paris-1024x538.jpg\u00ab) !important;}[].tcb-post-list #post-68 []:hover []{background-image: url(\u00abhttps:\/\/www.paristouristinformation.fr\/es\/wp-content\/uploads\/2021\/02\/Top-30-Best-Museums-to-Visit-in-Paris-1024x538.jpg\u00ab) !important;}}<\/style><a href=\"https:\/\/www.paristouristinformation.fr\/es\/cosas-que-hacer\/museo\/\" dynamic-postlink=\"tcb_post_the_permalink\" data-shortcode-id=\"68\"><\/a><\/p>\n<h3 style=\"text-align: center; padding-top: 0px !important; margin-top: 0px !important;\"><span data-attr-link=\"1\" data-attr-rel=\"0\" data-attr-target=\"0\" data-extra_key=\"\" data-option-inline=\"1\" data-shortcode=\"tcb_post_title\" data-shortcode-name=\"Post title\" data-attr-css=\"\" data-attr-static-link=\"{&quot;className&quot;:&quot;tve-froala fr-basic&quot;,&quot;href&quot;:&quot;https:\/\/paristouristinformation.fr\/es\/cosas-que-hacer\/museo\/&quot;,&quot;title&quot;:&quot;Los 30 mejores museos para visitar en Par\u00eds: Entradas, ubicaci\u00f3n &amp; Consejos&quot;,&quot;class&quot;:&quot;tve-froala fr-basic&quot;}\" style=\"\"><a href=\"https:\/\/www.paristouristinformation.fr\/es\/cosas-que-hacer\/museo\/\" title=\"30 Mejores museos para visitar en Par\u00eds: Entradas, ubicaci\u00f3n &amp; Consejos\" data-css=\"\" class=\"tve-froala fr-basic\">30 Mejores museos para visitar en Par\u00eds: Entradas, ubicaci\u00f3n &amp; Consejos<\/a><\/span><\/h3>\n<p><\/article><article id=\"post-1633\" class=\"post-1633 page type-page status-publish has-post-thumbnail hentry post-wrapper thrv_wrapper thrive-animated-item  tve_evt_manager_listen tve_ea_thrive_animation tve_et_mouseover tve_anim_grow\" tcb_hover_state_parent=\"\" class=\"tve_evt_manager_listen tve_ea_thrive_animation tve_et_mouseover tve_anim_grow\" data-id=\"1633\" data-selector=\".post-wrapper\"><style class=\"tcb-post-list-dynamic-style\" type=\"text\/css\">@media (min-width: 300px){[].tcb-post-list #post-1633 []{background-image: url(\u00abhttps:\/\/www.paristouristinformation.fr\/es\/wp-content\/uploads\/2021\/01\/Latin-Quarters-top-attractions-in-Paris-1024x538.jpg\u00ab) !important;}[].tcb-post-list #post-1633 []:hover []{background-image: url(\u00abhttps:\/\/www.paristouristinformation.fr\/es\/wp-content\/uploads\/2021\/01\/Latin-Quarters-top-attractions-in-Paris-1024x538.jpg\u00ab) !important;}}<\/style><a href=\"https:\/\/www.paristouristinformation.fr\/es\/cosas-que-hacer\/distritos\/barrio-latino\/\" dynamic-postlink=\"tcb_post_the_permalink\" data-shortcode-id=\"68\"><\/a><\/p>\n<h3 style=\"text-align: center; padding-top: 0px !important; margin-top: 0px !important;\"><span data-attr-link=\"1\" data-attr-rel=\"0\" data-attr-target=\"0\" data-extra_key=\"\" data-option-inline=\"1\" data-shortcode=\"tcb_post_title\" data-shortcode-name=\"Post title\" data-attr-css=\"\" data-attr-static-link=\"{&quot;className&quot;:&quot;tve-froala fr-basic&quot;,&quot;href&quot;:&quot;https:\/\/paristouristinformation.fr\/es\/cosas-que-hacer\/museo\/&quot;,&quot;title&quot;:&quot;Los 30 mejores museos para visitar en Par\u00eds: Entradas, ubicaci\u00f3n &amp; Consejos&quot;,&quot;class&quot;:&quot;tve-froala fr-basic&quot;}\" style=\"\"><a href=\"https:\/\/www.paristouristinformation.fr\/es\/cosas-que-hacer\/distritos\/barrio-latino\/\" title=\"Las principales atracciones del Barrio Latino en Par\u00eds\" data-css=\"\" class=\"tve-froala fr-basic\">Las principales atracciones del Barrio Latino en Par\u00eds<\/a><\/span><\/h3>\n<p><\/article><article id=\"post-8387\" class=\"post-8387 page type-page status-publish has-post-thumbnail hentry post-wrapper thrv_wrapper thrive-animated-item  tve_evt_manager_listen tve_ea_thrive_animation tve_et_mouseover tve_anim_grow\" tcb_hover_state_parent=\"\" class=\"tve_evt_manager_listen tve_ea_thrive_animation tve_et_mouseover tve_anim_grow\" data-id=\"8387\" data-selector=\".post-wrapper\"><style class=\"tcb-post-list-dynamic-style\" type=\"text\/css\">@media (min-width: 300px){[].tcb-post-list #post-8387 []{background-image: url(\u00abhttps:\/\/www.paristouristinformation.fr\/es\/wp-content\/uploads\/2021\/01\/Ile-de-la-Cite-of-Pariss-top-attractions-1024x538.jpg\u00ab) !important;}[].tcb-post-list #post-8387 []:hover []{background-image: url(\u00abhttps:\/\/www.paristouristinformation.fr\/es\/wp-content\/uploads\/2021\/01\/Ile-de-la-Cite-of-Pariss-top-attractions-1024x538.jpg\u00ab) !important;}}<\/style><a href=\"https:\/\/www.paristouristinformation.fr\/es\/cosas-que-hacer\/distritos\/ile-de-la-cite\/\" dynamic-postlink=\"tcb_post_the_permalink\" data-shortcode-id=\"68\"><\/a><\/p>\n<h3 style=\"text-align: center; padding-top: 0px !important; margin-top: 0px !important;\"><span data-attr-link=\"1\" data-attr-rel=\"0\" data-attr-target=\"0\" data-extra_key=\"\" data-option-inline=\"1\" data-shortcode=\"tcb_post_title\" data-shortcode-name=\"Post title\" data-attr-css=\"\" data-attr-static-link=\"{&quot;className&quot;:&quot;tve-froala fr-basic&quot;,&quot;href&quot;:&quot;https:\/\/paristouristinformation.fr\/es\/cosas-que-hacer\/museo\/&quot;,&quot;title&quot;:&quot;Los 30 mejores museos para visitar en Par\u00eds: Entradas, ubicaci\u00f3n &amp; Consejos&quot;,&quot;class&quot;:&quot;tve-froala fr-basic&quot;}\" style=\"\"><a href=\"https:\/\/www.paristouristinformation.fr\/es\/cosas-que-hacer\/distritos\/ile-de-la-cite\/\" title=\"El barrio de la \u00cele de la Cit\u00e9\u2019las principales atracciones de Par\u00eds\" data-css=\"\" class=\"tve-froala fr-basic\">El barrio de la \u00cele de la Cit\u00e9\u2019las principales atracciones de Par\u00eds<\/a><\/span><\/h3>\n<p><\/article><article id=\"post-1521\" class=\"post-1521 page type-page status-publish has-post-thumbnail hentry post-wrapper thrv_wrapper thrive-animated-item  tve_evt_manager_listen tve_ea_thrive_animation tve_et_mouseover tve_anim_grow\" tcb_hover_state_parent=\"\" class=\"tve_evt_manager_listen tve_ea_thrive_animation tve_et_mouseover tve_anim_grow\" data-id=\"1521\" data-selector=\".post-wrapper\"><style class=\"tcb-post-list-dynamic-style\" type=\"text\/css\">@media (min-width: 300px){[].tcb-post-list #post-1521 []{background-image: url(\u00abhttps:\/\/www.paristouristinformation.fr\/es\/wp-content\/uploads\/2020\/07\/Paris-Landscape-Notre-Dame-Bridge-Sihouette-1024x684.jpg\u00ab) !important;}[].tcb-post-list #post-1521 []:hover []{background-image: url(\u00abhttps:\/\/www.paristouristinformation.fr\/es\/wp-content\/uploads\/2020\/07\/Paris-Landscape-Notre-Dame-Bridge-Sihouette-1024x684.jpg\u00ab) !important;}}<\/style><a href=\"https:\/\/www.paristouristinformation.fr\/es\/cosas-que-hacer\/iglesia\/notre-dame\/\" dynamic-postlink=\"tcb_post_the_permalink\" data-shortcode-id=\"68\"><\/a><\/p>\n<h3 style=\"text-align: center; padding-top: 0px !important; margin-top: 0px !important;\"><span data-attr-link=\"1\" data-attr-rel=\"0\" data-attr-target=\"0\" data-extra_key=\"\" data-option-inline=\"1\" data-shortcode=\"tcb_post_title\" data-shortcode-name=\"Post title\" data-attr-css=\"\" data-attr-static-link=\"{&quot;className&quot;:&quot;tve-froala fr-basic&quot;,&quot;href&quot;:&quot;https:\/\/paristouristinformation.fr\/es\/cosas-que-hacer\/museo\/&quot;,&quot;title&quot;:&quot;Los 30 mejores museos para visitar en Par\u00eds: Entradas, ubicaci\u00f3n &amp; Consejos&quot;,&quot;class&quot;:&quot;tve-froala fr-basic&quot;}\" style=\"\"><a href=\"https:\/\/www.paristouristinformation.fr\/es\/cosas-que-hacer\/iglesia\/notre-dame\/\" title=\"Sobre la Catedral Notre-Dame de Par\u00eds: Incendio, Reapertura, entradas, historia, datos\u2026\" data-css=\"\" class=\"tve-froala fr-basic\">Sobre la Catedral Notre-Dame de Par\u00eds: Incendio, Reapertura, entradas, historia, datos\u2026<\/a><\/span><\/h3>\n<p><\/article><\/div>\n","protected":false},"excerpt":{"rendered":"<p>La Crypte Arch\u00e9ologique de Notre Dame es una cripta en la que se muestran hallazgos arqueol\u00f3gicos de la antigua Par\u00eds, que van desde la antig\u00fcedad hasta el siglo XIX.Esta actividad puede parecer algo espeluznante, pero es mucho mejor de lo que parece. Si le gustaron las&nbsp;Catacumbas de Par\u00eds, tambi\u00e9n le encantar\u00e1 esta actividad. Es como [&hellip;]<\/p>\n","protected":false},"author":9,"featured_media":6860,"parent":68,"menu_order":0,"comment_status":"closed","ping_status":"closed","template":"","meta":{"footnotes":""},"tags":[],"class_list":{"0":"post-3028","1":"page","2":"type-page","3":"status-publish","4":"has-post-thumbnail","5":"hentry","6":"post-wrapper","7":"thrv_wrapper","10":"thrive-animated-item"},"wp-worthy-pixel":{"ignored":false,"public":null,"server":null,"url":null},"wp-worthy-type":"normal","_links":{"self":[{"href":"https:\/\/www.paristouristinformation.fr\/es\/wp-json\/wp\/v2\/pages\/3028","targetHints":{"allow":["GET"]}}],"collection":[{"href":"https:\/\/www.paristouristinformation.fr\/es\/wp-json\/wp\/v2\/pages"}],"about":[{"href":"https:\/\/www.paristouristinformation.fr\/es\/wp-json\/wp\/v2\/types\/page"}],"author":[{"embeddable":true,"href":"https:\/\/www.paristouristinformation.fr\/es\/wp-json\/wp\/v2\/users\/9"}],"replies":[{"embeddable":true,"href":"https:\/\/www.paristouristinformation.fr\/es\/wp-json\/wp\/v2\/comments?post=3028"}],"version-history":[{"count":0,"href":"https:\/\/www.paristouristinformation.fr\/es\/wp-json\/wp\/v2\/pages\/3028\/revisions"}],"up":[{"embeddable":true,"href":"https:\/\/www.paristouristinformation.fr\/es\/wp-json\/wp\/v2\/pages\/68"}],"wp:featuredmedia":[{"embeddable":true,"href":"https:\/\/www.paristouristinformation.fr\/es\/wp-json\/wp\/v2\/media\/6860"}],"wp:attachment":[{"href":"https:\/\/www.paristouristinformation.fr\/es\/wp-json\/wp\/v2\/media?parent=3028"}],"wp:term":[{"taxonomy":"post_tag","embeddable":true,"href":"https:\/\/www.paristouristinformation.fr\/es\/wp-json\/wp\/v2\/tags?post=3028"}],"curies":[{"name":"wp","href":"https:\/\/api.w.org\/{rel}","templated":true}]}}