{"id":3264,"date":"2020-11-30T09:45:27","date_gmt":"2020-11-30T09:45:27","guid":{"rendered":"http:\/\/paristouristinformation.fr\/es\/?page_id=3264"},"modified":"2025-11-20T08:04:40","modified_gmt":"2025-11-20T08:04:40","slug":"musee-carnavalet","status":"publish","type":"page","link":"https:\/\/www.paristouristinformation.fr\/es\/cosas-que-hacer\/museo\/musee-carnavalet\/","title":{"rendered":"Gu\u00eda del Museo Carnavalet de Par\u00eds: Historia &#038; Consejos"},"content":{"rendered":"<p>El Museo Carnavalet est\u00e1 situado en el moderno <a href=\"https:\/\/paristouristinformation.fr\/es\/cosas-que-hacer\/distritos\/le-marais\/\" target=\"_blank\" rel=\"noopener\"><strong>barrio del Marais<\/strong><\/a>, en Par\u00eds. Si quiere saber m\u00e1s sobre la ciudad que va a visitar, no puede dejar de visitar este lugar. El museo trata de la historia de Par\u00eds desde sus or\u00edgenes hasta la actualidad.Le hemos preparado una gu\u00eda completa de informaci\u00f3n que debe conocer sobre el Museo Carnavalet de Par\u00eds, que incluye los aspectos m\u00e1s destacados de la exposici\u00f3n, la historia, las entradas, las visitas guiadas e informaci\u00f3n \u00fatil sobre c\u00f3mo llegar.<\/p>\n<h2 id=\"t-1612260711761\" data-alt-text=\"What can I do ?\">\u00bfQu\u00e9 puedo hacer en el Museo Carnavalet de Par\u00eds?<\/h2>\n<p>En el Museo Carnavalet, los visitantes pueden vivir de cerca la historia de la capital francesa y de sus habitantes.Esto no s\u00f3lo se debe a que el museo cuenta con exposiciones excepcionales, sino tambi\u00e9n a que el Museo Carnavalet est\u00e1 ubicado en dos mansiones hist\u00f3ricas.En los hist\u00f3ricos y magn\u00edficos locales de las mansiones, los visitantes pueden echar un vistazo a la extensa colecci\u00f3n, que ilustra el desarrollo de la ciudad de Par\u00eds, desde el asentamiento celta de Lutecia hasta la actualidad.Un total de m\u00e1s de 60.000 objetos expuestos se presentan en 100 salas.Se muestran restos arqueol\u00f3gicos, objetos de arte, esculturas, maquetas a escala real de monumentos antiguos, pero tambi\u00e9n artefactos antiguos, muebles, retratos de residentes famosos, as\u00ed como an\u00e9cdotas hist\u00f3ricas e informes de testigos oculares contempor\u00e1neos.Merece la pena ver la exposici\u00f3n sobre la Revoluci\u00f3n Francesa, con numerosas reliquias originales.Igualmente interesante es la colecci\u00f3n de relojes antiguos y los objetos personales de famosos franceses, como Napole\u00f3n I, Jean Jacques Rousseau y Mar\u00eda Antonieta.<\/p>\n<h3 style=\"\">El edificio del museo<\/h3>\n<p>El museo se encuentra en dos mansiones hist\u00f3ricas, el H\u00f4tel de Carnavalet y el H\u00f4tel Le Peletier de Saint-Fargeau. Ambos edificios est\u00e1n conectados por una galer\u00eda.Las magn\u00edficas salas de exposici\u00f3n se caracterizan por una grandiosa decoraci\u00f3n, que se puede admirar al igual que la colecci\u00f3n. El H\u00f4tel de Carnavalet, del siglo XVI, con su impresionante fachada, est\u00e1 considerado como una de las m\u00e1s bellas mansiones de estilo renacentista. Es la mansi\u00f3n m\u00e1s antigua que se conserva en la ciudad.El tel\u00f3n de fondo hist\u00f3rico contribuye de forma decisiva al viaje de descubrimiento por la historia parisina, una raz\u00f3n m\u00e1s por la que el Museo Carnavalet destaca entre los<em><strong>&nbsp;<\/strong><\/em><a href=\"https:\/\/paristouristinformation.fr\/es\/cosas-que-hacer\/museo\/\" target=\"_blank\" style=\"outline: none;\" rel=\"noopener\"><strong>museos de Par\u00eds<\/strong><\/a><em><strong>.<\/strong><\/em><\/p>\n<h3>Jard\u00edn<\/h3>\n<p>El jard\u00edn del museo tambi\u00e9n es impresionante. Las magn\u00edficas flores, los rosales y los exuberantes setos invitan al visitante a detenerse.<\/p>\n<p><span><img decoding=\"async\" alt=\"A Guide to Carnavalet Museum in Paris in France\" data-id=\"6562\" width=\"736\" data-init-width=\"1200\" height=\"386\" data-init-height=\"630\" title=\"A Guide to Carnavalet Museum in Paris in France\" src=\"http:\/\/paristouristinformation.fr\/es\/wp-content\/uploads\/2021\/01\/A-Guide-to-Carnavalet-Museum-in-Paris-in-France.jpg\" data-width=\"736\" data-height=\"386\" style=\"aspect-ratio: auto 1200 \/ 630;\" loading=\"lazy\"><\/p>\n<ul>\n<li><a rel=\"nofollow noopener\" href=\"https:\/\/pinterest.com\/pin\/create\/button\/?url=https:\/\/paristouristinformation.fr\/es\/cosas-que-hacer\/museo\/musee-carnavalet\/?tve=true&amp;tcbf=9fecb76ad0&amp;is_video=false&amp;media=http:\/\/paristouristinformation.fr\/es\/wp-content\/uploads\/2021\/01\/A-Guide-to-Carnavalet-Museum-in-Paris-in-France.jpg&amp;description=Gu%C3%ADa%20del%20Museo%20Carnavalet%20%7C%20ParisTouristInformation.fr\" onclick=\"essb.window('https:\/\/pinterest.com\/pin\/create\/button\/?url=https:\/\/paristouristinformation.fr\/es\/cosas-que-hacer\/museo\/musee-carnavalet\/?tve=true&amp;tcbf=9fecb76ad0&amp;is_video=false&amp;media=http:\/\/paristouristinformation.fr\/es\/wp-content\/uploads\/2021\/01\/A-Guide-to-Carnavalet-Museum-in-Paris-in-France.jpg&amp;description=Gu%C3%ADa%20del%20Museo%20Carnavalet%20%7C%20ParisTouristInformation.fr','pinpro','kyx0b2a2'); return false;\" target=\"_blank\"><span><\/span><span>Pin<\/span><\/a><\/li>\n<\/ul>\n<p><\/span><\/p>\n<h3>Exposiciones temporales y eventos<\/h3>\n<p>El Museo Carnavalet organiza dos grandes exposiciones temporales al a\u00f1o. Para obtener una visi\u00f3n actualizada de las exposiciones temporales, consulte el <a href=\"https:\/\/www.carnavalet.paris.fr\" target=\"_blank\" style=\"outline: none;\" rel=\"noopener nofollow\">sitio web oficial del museo Carnavalet.<\/a>.<\/p>\n<p>El programa del museo se enriquece regularmente con conciertos, obras de teatro, eventos, conferencias y talleres.<\/p>\n<h3>Librer\u00eda<\/h3>\n<p>En el interior del museo hay una librer\u00eda y una tienda del museo con una gama de libros, recuerdos, regalos y mucho m\u00e1s.<\/p>\n<h2 id=\"t-1612260711762\" data-alt-text=\"Entrance, Tickets and Tours\">Entrada, billetes y visitas<\/h2>\n<ul>\n<li><span style=\"\"><strong>Entradas : <\/strong>La entrada a la exposici\u00f3n permanente es gratuita durante todo el a\u00f1o.<\/span><\/li>\n<li style=\"\"><span style=\"\"><strong>Entradas para exposiciones temporales :<\/strong> Los precios de las entradas para las exposiciones temporales var\u00edan. Puede encontrar m\u00e1s informaci\u00f3n en el sitio web oficial del Museo.<\/span><\/li>\n<li><span style=\"\"><strong>Audiogu\u00eda :<\/strong> El museo dispone de una audiogu\u00eda en franc\u00e9s, ingl\u00e9s y espa\u00f1ol. Hay una audiogu\u00eda para ni\u00f1os en ingl\u00e9s y franc\u00e9s.<\/span><\/li>\n<\/ul>\n<ul>\n<li><span style=\"\"><strong>Sugerencia:<\/strong> Para ahorrar tiempo y dinero, y evitar complicaciones, puede preparar su viaje comprando el <em><strong>Paris Museum Pass<\/strong><\/em>. Permite acceder a m\u00e1s de 50 museos de Par\u00eds. Un producto imprescindible.<\/span><\/li>\n<\/ul>\n<h2 id=\"t-1612260711763\" data-alt-text=\"How to get there ?\">\u00bfC\u00f3mo llegar al Museo Carnavalet de Par\u00eds?<\/h2>\n<p>El Museo Carnavalet est\u00e1 situado en el hist\u00f3rico barrio del Marais, en el distrito 3 de Par\u00eds, cerca de la plaza de los Vosgos.Se puede llegar f\u00e1cilmente con el metro 1 hasta la estaci\u00f3n \u00abSaint-Paul\u00bb o con el autob\u00fas 29 hasta \u00abPayenne\u00bb. Las l\u00edneas de autob\u00fas 69, 76 y 96 tambi\u00e9n tienen parada cerca del Museo Carnavalet.<\/p>\n<h2 id=\"t-1612260711765\">Preguntas frecuentes<\/h2>\n<h2 id=\"t-1612260711764\" style=\"\">Historia del Museo Carnavalet<\/h2>\n<p>El Museo Carnavalet fue fundado en 1880. En aquella \u00e9poca estaba ubicado exclusivamente en el palacete H\u00f4tel de Carnavalet, construido entre 1548 y 1560 por el arquitecto Pierre Lescot como residencia urbana para la nobleza.La ampliaci\u00f3n de la biblioteca hizo necesaria la construcci\u00f3n de nuevas alas, que se levantaron en el jard\u00edn. Debido al continuo aumento de las exposiciones, las nuevas alas resultaron insuficientes.En 1907 se iniciaron las obras de construcci\u00f3n, que inclu\u00edan la duplicaci\u00f3n del edificio del museo. Con el estallido de la Primera Guerra Mundial, las obras se retrasaron y no pudieron concluirse hasta 1920.Para hacer justicia a las colecciones en constante crecimiento, la mansi\u00f3n vecina H\u00f4tel Le Peletier de Saint-Fargeau fue adquirida en 1989 y pas\u00f3 a formar parte del Museo Carnavalet.Actualmente se est\u00e1n llevando a cabo obras de renovaci\u00f3n, por lo que se prev\u00e9 que el museo permanezca cerrado hasta 2021.<\/p>\n<h3><span><span data-attr-css=\"\" data-attr-link=\"1\" data-attr-rel=\"0\" data-attr-static-link=\"{&quot;className&quot;:&quot;tve-froala fr-basic&quot;,&quot;href&quot;:&quot;http:\/\/paristouristinformation.fr\/es\/things-to-do\/museum\/musee-de-cluny\/&quot;,&quot;title&quot;:&quot;Guide to Cluny Museum in Paris: Tickets &amp; Tip&quot;,&quot;class&quot;:&quot;tve-froala fr-basic&quot;}\" data-attr-target=\"0\" data-extra_key=\"\" data-option-inline=\"1\" data-shortcode=\"tcb_post_title\" data-shortcode-name=\"Post title\"><a href=\"https:\/\/paristouristinformation.fr\/es\/cosas-que-hacer\/museo\/musee-de-cluny\/\" title=\"Guide to Cluny Museum in Paris: Tickets &amp; Tip\" style=\"outline: none;\">Gu\u00eda del Museo de Cluny en Par\u00eds: Entradas y consejos<\/a><\/span><\/span><\/h3>\n<h3><span><span data-attr-css=\"\" data-attr-link=\"1\" data-attr-rel=\"0\" data-attr-static-link=\"{&quot;className&quot;:&quot;tve-froala fr-basic&quot;,&quot;href&quot;:&quot;http:\/\/paristouristinformation.fr\/es\/things-to-do\/museum\/musee-de-cluny\/&quot;,&quot;title&quot;:&quot;Guide to Cluny Museum in Paris: Tickets &amp; Tip&quot;,&quot;class&quot;:&quot;tve-froala fr-basic&quot;}\" data-attr-target=\"0\" data-extra_key=\"\" data-option-inline=\"1\" data-shortcode=\"tcb_post_title\" data-shortcode-name=\"Post title\"><a href=\"https:\/\/paristouristinformation.fr\/es\/cosas-que-hacer\/museo\/musee-de-cluny\/\" title=\"Guide to Cluny Museum in Paris: Tickets &amp; Tip\" style=\"outline: none;\">Gu\u00eda del Museo de Cluny en Par\u00eds: Entradas y consejos<\/a><\/span><\/span><\/h3>\n<h3><span><span data-attr-css=\"\" data-attr-link=\"1\" data-attr-rel=\"0\" data-attr-static-link=\"{&quot;className&quot;:&quot;tve-froala fr-basic&quot;,&quot;href&quot;:&quot;http:\/\/paristouristinformation.fr\/es\/things-to-do\/museum\/musee-de-cluny\/&quot;,&quot;title&quot;:&quot;Guide to Cluny Museum in Paris: Tickets &amp; Tip&quot;,&quot;class&quot;:&quot;tve-froala fr-basic&quot;}\" data-attr-target=\"0\" data-extra_key=\"\" data-option-inline=\"1\" data-shortcode=\"tcb_post_title\" data-shortcode-name=\"Post title\"><a href=\"https:\/\/paristouristinformation.fr\/es\/cosas-que-hacer\/museo\/musee-de-cluny\/\" title=\"Guide to Cluny Museum in Paris: Tickets &amp; Tip\" style=\"outline: none;\">Gu\u00eda del Museo de Cluny en Par\u00eds: Entradas y consejos<\/a><\/span><\/span><\/h3>\n<h2 id=\"t-1612260711766\" style=\"\">Contacto y mapa<\/h2>\n<ul>\n<li><span style=\"\"><strong>Direcci\u00f3n: <\/strong>Museo Carnavalet, 16 rue des Francs-Bourgeois 75003 Par\u00eds<\/span><\/li>\n<li><span style=\"\"><strong>Horario de apertura: <\/strong>Para obtener la \u00faltima informaci\u00f3n sobre los horarios de apertura, consulte el sitio web oficial.<\/span><\/li>\n<li><span style=\"\"><strong>Transporte p\u00fablico:<\/strong> Metro 1 hasta \u00abSaint-Paul\u00bb<\/span><\/li>\n<li style=\"\"><span style=\"\"><strong>P\u00e1gina web:&nbsp;<\/strong><a href=\"https:\/\/www.carnavalet.paris.fr\/en\/homepage\" style=\"outline: none;\" target=\"_blank\" rel=\"noopener nofollow\">www.carnavalet.paris.fr<\/a><\/span><\/li>\n<\/ul>\n<ul>\n<li><span style=\"\"><strong>Consejo: <\/strong>\u00bfEst\u00e1 planeando su viaje a Par\u00eds? Le hemos preparado una lista con los <a href=\"https:\/\/paristouristinformation.fr\/es\/cosas-que-hacer\/museo\/\" target=\"_blank\" rel=\"noopener\"><strong>30 mejores museos para visitar en Par\u00eds.<\/strong><\/a><a href=\"http:\/\/paristouristinformation.fr\/es\/things-to-do\/museum\/\" style=\"outline: none;\"> <\/a><\/span><\/li>\n<\/ul>\n<p>__CONFIG_colors_palette__{\u00abactive_palette\u00bb:0,\u00bbconfig\u00bb:{\u00abcolors\u00bb:{\u00ab50ce5\u00bb:{\u00abname\u00bb:\u00bbMain Accent\u00bb,\u00bbparent\u00bb:-1}},\u00bbgradients\u00bb:[]},\u00bbpalettes\u00bb:[{\u00abname\u00bb:\u00bbDefault Palette\u00bb,\u00bbvalue\u00bb:{\u00abcolors\u00bb:{\u00ab50ce5\u00bb:{\u00abval\u00bb:\u00bbvar(&#8211;tcb-skin-color-0)\u00bb}},\u00bbgradients\u00bb:[]},\u00bboriginal\u00bb:{\u00abcolors\u00bb:{\u00ab50ce5\u00bb:{\u00abval\u00bb:\u00bbrgb(19, 114, 211)\u00bb,\u00bbhsl\u00bb:{\u00abh\u00bb:210,\u00bbs\u00bb:0.83,\u00bbl\u00bb:0.45,\u00bba\u00bb:1}}},\u00bbgradients\u00bb:[]}}]}__CONFIG_colors_palette__ <a href=\"http:\/\/paristouristinformation.fr\/es\/things-to-do\/museum\/\"> <span><span>M\u00e1s museos que visitar en Par\u00eds<\/span><\/span> <\/a> <\/p>\n<h2 style=\"\" id=\"t-1642413111879\">Art\u00edculos relacionados:<\/h2>\n<p><a href=\"https:\/\/www.paristouristinformation.fr\/es\/cosas-que-hacer\/museo\/\" dynamic-postlink=\"tcb_post_the_permalink\" data-shortcode-id=\"68\"><\/a><\/p>\n<h3 style=\"text-align: center; padding-top: 0px !important; margin-top: 0px !important;\"><span data-attr-link=\"1\" data-attr-rel=\"0\" data-attr-target=\"0\" data-extra_key=\"\" data-option-inline=\"1\" data-shortcode=\"tcb_post_title\" data-shortcode-name=\"Post title\" data-attr-css=\"\" data-attr-static-link=\"{&quot;className&quot;:&quot;&quot;,&quot;href&quot;:&quot;https:\/\/www.paristouristinformation.fr\/es\/cosas-que-hacer\/museo\/&quot;,&quot;title&quot;:&quot;30 Mejores museos para visitar en Par\u00eds: Entradas, ubicaci\u00f3n &amp; Consejos&quot;,&quot;class&quot;:&quot;&quot;}\" style=\"\"><a href=\"https:\/\/www.paristouristinformation.fr\/es\/cosas-que-hacer\/museo\/\" title=\"30 Mejores museos para visitar en Par\u00eds: Entradas, ubicaci\u00f3n &amp; Consejos\" data-css=\"\">30 Mejores museos para visitar en Par\u00eds: Entradas, ubicaci\u00f3n &amp; Consejos<\/a><\/span><\/h3>\n<p><a href=\"https:\/\/www.paristouristinformation.fr\/es\/cosas-que-hacer\/plazas\/\" dynamic-postlink=\"tcb_post_the_permalink\" data-shortcode-id=\"68\"><\/a><\/p>\n<h3 style=\"text-align: center; padding-top: 0px !important; margin-top: 0px !important;\"><span data-attr-link=\"1\" data-attr-rel=\"0\" data-attr-target=\"0\" data-extra_key=\"\" data-option-inline=\"1\" data-shortcode=\"tcb_post_title\" data-shortcode-name=\"Post title\" data-attr-css=\"\" data-attr-static-link=\"{&quot;className&quot;:&quot;&quot;,&quot;href&quot;:&quot;https:\/\/www.paristouristinformation.fr\/es\/cosas-que-hacer\/museo\/&quot;,&quot;title&quot;:&quot;30 Mejores museos para visitar en Par\u00eds: Entradas, ubicaci\u00f3n &amp; Consejos&quot;,&quot;class&quot;:&quot;&quot;}\" style=\"\"><a href=\"https:\/\/www.paristouristinformation.fr\/es\/cosas-que-hacer\/plazas\/\" title=\"7 Mejores plazas para ver en Par\u00eds\" data-css=\"\">7 Mejores plazas para ver en Par\u00eds<\/a><\/span><\/h3>\n<p><a href=\"https:\/\/www.paristouristinformation.fr\/es\/cosas-que-hacer\/gratis\/\" dynamic-postlink=\"tcb_post_the_permalink\" data-shortcode-id=\"68\"><\/a><\/p>\n<h3 style=\"text-align: center; padding-top: 0px !important; margin-top: 0px !important;\"><span data-attr-link=\"1\" data-attr-rel=\"0\" data-attr-target=\"0\" data-extra_key=\"\" data-option-inline=\"1\" data-shortcode=\"tcb_post_title\" data-shortcode-name=\"Post title\" data-attr-css=\"\" data-attr-static-link=\"{&quot;className&quot;:&quot;&quot;,&quot;href&quot;:&quot;https:\/\/www.paristouristinformation.fr\/es\/cosas-que-hacer\/museo\/&quot;,&quot;title&quot;:&quot;30 Mejores museos para visitar en Par\u00eds: Entradas, ubicaci\u00f3n &amp; Consejos&quot;,&quot;class&quot;:&quot;&quot;}\" style=\"\"><a href=\"https:\/\/www.paristouristinformation.fr\/es\/cosas-que-hacer\/gratis\/\" title=\"10 Mejores cosas que hacer gratis en Par\u00eds\" data-css=\"\">10 Mejores cosas que hacer gratis en Par\u00eds<\/a><\/span><\/h3>\n<p><a href=\"https:\/\/www.paristouristinformation.fr\/es\/cosas-que-hacer\/distritos\/le-marais\/\" dynamic-postlink=\"tcb_post_the_permalink\" data-shortcode-id=\"68\"><\/a><\/p>\n<h3 style=\"text-align: center; padding-top: 0px !important; margin-top: 0px !important;\"><span data-attr-link=\"1\" data-attr-rel=\"0\" data-attr-target=\"0\" data-extra_key=\"\" data-option-inline=\"1\" data-shortcode=\"tcb_post_title\" data-shortcode-name=\"Post title\" data-attr-css=\"\" data-attr-static-link=\"{&quot;className&quot;:&quot;&quot;,&quot;href&quot;:&quot;https:\/\/www.paristouristinformation.fr\/es\/cosas-que-hacer\/museo\/&quot;,&quot;title&quot;:&quot;30 Mejores museos para visitar en Par\u00eds: Entradas, ubicaci\u00f3n &amp; Consejos&quot;,&quot;class&quot;:&quot;&quot;}\" style=\"\"><a href=\"https:\/\/www.paristouristinformation.fr\/es\/cosas-que-hacer\/distritos\/le-marais\/\" title=\"El barrio de Le Marais\u2019Las principales atracciones de Par\u00eds\" data-css=\"\">El barrio de Le Marais\u2019Las principales atracciones de Par\u00eds<\/a><\/span><\/h3>\n","protected":false},"excerpt":{"rendered":"<p>El Museo Carnavalet est\u00e1 situado en el moderno barrio del Marais, en Par\u00eds. Si quiere saber m\u00e1s sobre la ciudad que va a visitar, no puede dejar de visitar este lugar. El museo trata de la historia de Par\u00eds desde sus or\u00edgenes hasta la actualidad.Le hemos preparado una gu\u00eda completa de informaci\u00f3n que debe conocer [&hellip;]<\/p>\n","protected":false},"author":9,"featured_media":6562,"parent":68,"menu_order":0,"comment_status":"closed","ping_status":"closed","template":"","meta":{"footnotes":""},"tags":[],"class_list":["post-3264","page","type-page","status-publish","has-post-thumbnail","hentry","post-wrapper","thrv_wrapper"],"wp-worthy-pixel":{"ignored":false,"public":null,"server":null,"url":null},"wp-worthy-type":"normal","_links":{"self":[{"href":"https:\/\/www.paristouristinformation.fr\/es\/wp-json\/wp\/v2\/pages\/3264","targetHints":{"allow":["GET"]}}],"collection":[{"href":"https:\/\/www.paristouristinformation.fr\/es\/wp-json\/wp\/v2\/pages"}],"about":[{"href":"https:\/\/www.paristouristinformation.fr\/es\/wp-json\/wp\/v2\/types\/page"}],"author":[{"embeddable":true,"href":"https:\/\/www.paristouristinformation.fr\/es\/wp-json\/wp\/v2\/users\/9"}],"replies":[{"embeddable":true,"href":"https:\/\/www.paristouristinformation.fr\/es\/wp-json\/wp\/v2\/comments?post=3264"}],"version-history":[{"count":2,"href":"https:\/\/www.paristouristinformation.fr\/es\/wp-json\/wp\/v2\/pages\/3264\/revisions"}],"predecessor-version":[{"id":12606,"href":"https:\/\/www.paristouristinformation.fr\/es\/wp-json\/wp\/v2\/pages\/3264\/revisions\/12606"}],"up":[{"embeddable":true,"href":"https:\/\/www.paristouristinformation.fr\/es\/wp-json\/wp\/v2\/pages\/68"}],"wp:featuredmedia":[{"embeddable":true,"href":"https:\/\/www.paristouristinformation.fr\/es\/wp-json\/wp\/v2\/media\/6562"}],"wp:attachment":[{"href":"https:\/\/www.paristouristinformation.fr\/es\/wp-json\/wp\/v2\/media?parent=3264"}],"wp:term":[{"taxonomy":"post_tag","embeddable":true,"href":"https:\/\/www.paristouristinformation.fr\/es\/wp-json\/wp\/v2\/tags?post=3264"}],"curies":[{"name":"wp","href":"https:\/\/api.w.org\/{rel}","templated":true}]}}