{"id":3311,"date":"2020-11-30T08:43:12","date_gmt":"2020-11-30T08:43:12","guid":{"rendered":"http:\/\/paristouristinformation.fr\/es\/clone-of-paris-paris-beauvais-tille-flughafen\/"},"modified":"2023-05-24T12:02:27","modified_gmt":"2023-05-24T12:02:27","slug":"beauvais-tille","status":"publish","type":"page","link":"https:\/\/www.paristouristinformation.fr\/es\/plan\/aeropuertos\/beauvais-tille\/","title":{"rendered":"Gu\u00eda del aeropuerto de Par\u00eds Beauvais-Till\u00e9 [BVA]: Tiendas, vuelos, traslados"},"content":{"rendered":"<h1>Gu\u00eda del aeropuerto de Par\u00eds Beauvais-Till\u00e9 [BVA]<\/h1>\n<p>Lea nuestra gu\u00eda completa del aeropuerto de Beauvais-Till\u00e9 en Par\u00eds: Terminales, traslados, vuelos, tiendas, ubicaci\u00f3n e informaci\u00f3n \u00fatil&#8230;. Conozca todo sobre este peque\u00f1o aeropuerto cercano a Par\u00eds.<\/p>\n<h2 style=\"text-align: center;\" id=\"t-1613598795268\">Descripci\u00f3n del aeropuerto de Beauvais-Till\u00e9<\/h2>\n<p>Beauvais-Till\u00e9 se inaugur\u00f3 en 1954 para la aviaci\u00f3n civil. Hoy en d\u00eda, se ha convertido en un aeropuerto comercial que vuela con m\u00e1s de 30.000 pasajeros al a\u00f1o, y tiene previsto gastar m\u00e1s en los pr\u00f3ximos a\u00f1os.Par\u00eds Beauvais-Till\u00e9 est\u00e1 situado a 84 kil\u00f3metros al norte de Par\u00eds y no es propiamente un aeropuerto parisino. En \u00e9l operan principalmente las compa\u00f1\u00edas de bajo coste, dominadas por Ryanair y Wizzair, pero tambi\u00e9n Blue Air y Air Moldava utilizan este aeropuerto. En total, unas 6 compa\u00f1\u00edas a\u00e9reas vuelan a 60 destinos desde dos terminales, siendo uno de los principales destinos Bucarest.Hay conexiones con Par\u00eds en autob\u00fas, un servicio de transporte o por carretera. Consulte nuestras <a href=\"https:\/\/paristouristinformation.fr\/es\/viajes-en-grupo\/ejecutivo-traslado\/\" target=\"_blank\" rel=\"noopener\"><strong>ofertas de traslados premium para los aeropuertos de Par\u00eds.<\/strong><\/a><\/p>\n<h3>Terminales del aeropuerto:<\/h3>\n<ul>\n<li><span style=\"\"><strong>Terminal 1: <\/strong>La terminal 1 es utilizada principalmente por Ryan Air y Wizz A<strong>ir.<\/strong><\/span><\/li>\n<li><span><strong>Terminal 2: <\/strong>La terminal es utilizada por Blue Air y otras compa\u00f1\u00edas de bajo coste.<\/span><\/li>\n<\/ul>\n<p><strong><span style=\"color: var(--tcb-skin-color-3);\"><strong><span>Llegadas: <\/span><\/strong><\/span><\/strong><span style=\"color: var(--tcb-skin-color-3);\"><span>Consulte la <\/span><\/span><a href=\"https:\/\/www.aeroportparisbeauvais.com\/en\/flights\/live-flight-information\/live-flight-information\" target=\"_blank\" style=\"outline: none;\" data-lt-tmp-id=\"lt-918785\" spellcheck=\"false\" rel=\"noopener nofollow\"><strong><span style=\"color: var(--tcb-skin-color-3);\"><span>p\u00e1gina oficial para<\/span><\/span><\/strong><\/a><span style=\"color: var(--tcb-skin-color-3);\"><span> ver los horarios de llegada actualizados.<\/span><\/span><strong><span style=\"color: var(--tcb-skin-color-3);\"><strong><span>Salidas: <\/span><\/strong><\/span><\/strong><span style=\"color: var(--tcb-skin-color-3);\"><span>Los horarios de salida actualizados se encuentran en la <\/span><\/span><a href=\"https:\/\/www.aeroportparisbeauvais.com\/en\/flights\/live-flight-information\/live-flight-information\" target=\"_blank\" style=\"outline: none;\" data-lt-tmp-id=\"lt-22666\" spellcheck=\"false\" rel=\"noopener nofollow\"><strong><span style=\"color: var(--tcb-skin-color-3);\"><span>p\u00e1gina de inicio del aeropuerto <\/span><\/span>\u200b<\/strong><\/a><span style=\"color: var(--tcb-skin-color-3);\"><span>de Par\u00eds Beauvais-Till\u00e9.<\/span><\/span><\/p>\n<h2 style=\"text-align: center;\" id=\"t-1613598795280\">Traslado desde y hacia el aeropuerto de Beauvais-Till\u00e9<\/h2>\n<p style=\"text-align: center;\">\u00bfQu\u00e9 opciones hay?<\/p>\n<p><a href=\"javascript:void(0)\"><span style=\"\"><span style=\"\">Load More<\/span><\/span><\/a><\/p>\n<ul>\n<li style=\"\"><span style=\"\"><strong>Servicio de transporte:<\/strong> El autob\u00fas Navette sale unos 20 minutos despu\u00e9s del aterrizaje de un avi\u00f3n de pasajeros y 3 horas y 15 minutos antes de la salida de un avi\u00f3n. La parada en Par\u00eds se encuentra cerca del Arco del Triunfo en la estaci\u00f3n de metro Porte Maillot y en la estaci\u00f3n de tren Neuilly &#8211; Porte Maillot. El trayecto dura al menos 1 hora y 20 minutos y puede variar considerablemente en funci\u00f3n del tr\u00e1fico. El trayecto cuesta 15,90 euros.<\/span><\/li>\n<li><span><strong>Autob\u00fas: <\/strong>Hay 16 autobuses regulares al d\u00eda que salen del aeropuerto de Beauvais-Till\u00e9 hacia Par\u00eds. El viaje dura al menos 1 hora y 20 minutos, dependiendo de la situaci\u00f3n del tr\u00e1fico.<\/span><\/li>\n<li><span><strong>Tren TER-Regional:<\/strong> El aeropuerto de Beauvais no tiene estaci\u00f3n de tren propia. Los taxis llevan a los pasajeros a la estaci\u00f3n de Beauvais por unos 15 euros. Desde all\u00ed, el tren regional TER va a la Gare du Nord de Par\u00eds.<\/span><\/li>\n<li><span><strong>Coche: <\/strong>El aeropuerto Par\u00eds Beauvais- Till\u00e9 est\u00e1 situado al norte de Par\u00eds. Es f\u00e1cilmente accesible por la autopista A16 (salida 15) y las carreteras D901 y D1001. El aeropuerto dispone de aparcamiento.<\/span><\/li>\n<li><span><strong>Traslado privado : <\/strong>Las empresas privadas ofrecen coches y conductores privados para llevar a los pasajeros al aeropuerto de Beauvais. Es la forma m\u00e1s f\u00e1cil y r\u00e1pida de llegar al aeropuerto, pero tambi\u00e9n la m\u00e1s costosa. Para obtener buenas ofertas, consulte las opciones de traslado en nuestra tienda oficial de Par\u00eds.<\/span><\/li>\n<\/ul>\n<h2 id=\"t-1613598795269\" style=\"text-align: center;\">Aparcamiento en el aeropuerto<\/h2>\n<p>Hay tres aparcamientos en el aeropuerto de Par\u00eds Beauvais- Till\u00e9. Los aparcamientos P1 y P2 est\u00e1n situados cerca de las terminales, y el aparcamiento 4 est\u00e1 a 10 minutos a pie. Hay un total de 4.500 plazas de aparcamiento disponibles.Reservar plazas de aparcamiento en l\u00ednea con antelaci\u00f3n es m\u00e1s barato. Informaci\u00f3n detallada sobre los <a href=\"https:\/\/paristouristinformation.fr\/es\/plan\/transporte-publico\/aparcamiento\/\" target=\"_blank\" rel=\"noopener\"><strong>aparcamientos en Par\u00eds<\/strong><\/a> en nuestros art\u00edculos dedicados.<\/p>\n<p><span><img decoding=\"async\" alt=\"terminal taxi traveler in paris in france\" data-id=\"4630\" width=\"1000\" data-init-width=\"1000\" height=\"667\" data-init-height=\"667\" title=\"terminal taxi traveler in paris in france\" src=\"http:\/\/paristouristinformation.fr\/es\/wp-content\/uploads\/2020\/12\/terminal-taxi-traveler-in-paris-in-france.jpg\" data-width=\"1000\" data-height=\"667\" loading=\"lazy\"><\/span><\/p>\n<h2 id=\"t-1613598795270\" style=\"text-align: center;\">Taxi, Uber and Bolt<\/h2>\n<p>Los taxis cobran unos 180 euros por el trayecto desde el aeropuerto de Par\u00eds Beauvais-Till\u00e9 hasta el centro de Par\u00eds. El precio var\u00eda seg\u00fan el tr\u00e1fico y la hora del d\u00eda.Seg\u00fan las tarifas de taxi actualmente vigentes, la tarifa b\u00e1sica de un taxi en Par\u00eds es de 7,10 euros, el precio por kil\u00f3metro es de 1,07 euros para los primeros siete kil\u00f3metros y 1,65 euros por cada kil\u00f3metro adicional. Los tiempos de parada y espera se cobran a 33,00 euros por hora.Puede viajar con Uber y Bolt desde y hacia el aeropuerto Beauvais-Beauvais-Till\u00e9. El coste del viaje depende de la carga de los veh\u00edculos y del tiempo de conducci\u00f3n.<\/p>\n<ul>\n<li><span style=\"\">\u00bfNecesita m\u00e1s informaci\u00f3n sobre c\u00f3mo conseguir un viaje en Par\u00eds? Consulte nuestros art\u00edculos sobre <a href=\"https:\/\/paristouristinformation.fr\/es\/plan\/transporte-publico\/taxi\/\" target=\"_blank\" rel=\"noopener\"><strong>C\u00f3mo conseguir un taxi en Par\u00eds<\/strong><\/a> y <a href=\"https:\/\/paristouristinformation.fr\/es\/faq\/aplicaciones\/\" target=\"_blank\" style=\"outline: none;\" rel=\"noopener\"><strong>Qu\u00e9 aplicaciones m\u00f3viles descargar en Par\u00eds <\/strong><\/a>para viajar f\u00e1cilmente.<\/span><\/li>\n<\/ul>\n<h3>Tarifa nocturna:<\/h3>\n<p>La tarifa nocturna es v\u00e1lida de lunes a s\u00e1bado para el tiempo comprendido entre las 17:00 de la tarde y las 10:00 de la ma\u00f1ana y los domingos todo el d\u00eda. Durante la noche la tarifa b\u00e1sica es de 7,10 euros, el precio por kil\u00f3metro es de 1,35 euros, por los tiempos de parada y espera se cobran 38 euros.<\/p>\n<p><strong><span style=\"color: var(--tcb-skin-color-16);\">Traslado dentro del aeropuerto:<\/span><\/strong><span style=\"color: var(--tcb-skin-color-16);\"> El aeropuerto consta de dos terminales, con la estaci\u00f3n de autobuses del aeropuerto en el centro. No hay transporte separado de una terminal a<\/span><strong><span style=\"color: var(--tcb-skin-color-16);\">&nbsp;<\/span><\/strong><span style=\"color: var(--tcb-skin-color-16);\">la otra.<\/span><\/p>\n<h2 id=\"t-1613598795271\">Autob\u00fas para traslados de grupos<\/h2>\n<p>Organizaci\u00f3n de autobuses para traslados desde o hacia el aeropuerto de Par\u00eds Beauvais-Beauvais-Till\u00e9 para grupos de 12 personas o m\u00e1s.<\/p>\n<h2 id=\"t-1613598795272\" style=\"text-align: center;\">Tren regional a Beauvais-Till\u00e9<\/h2>\n<p>El aeropuerto de Beauvais-Beauvais-Till\u00e9 no tiene estaci\u00f3n de tren propia. Los viajeros pueden tomar un taxi hasta la estaci\u00f3n de tren de Beauvais. El trayecto cuesta unos 15 euros. Desde all\u00ed, el tren regional TER va hasta la Gare du Nord de Par\u00eds, donde hay conexiones con el transporte p\u00fablico parisino. Tome un <a href=\"https:\/\/paristouristinformation.fr\/es\/plan\/transporte-publico\/taxi\/\" target=\"_blank\" rel=\"noopener\"><strong>taxi en Par\u00eds.<\/strong><\/a><\/p>\n<p><span><img decoding=\"async\" alt=\"\" data-id=\"4623\" width=\"730\" data-init-width=\"1000\" height=\"488\" data-init-height=\"669\" title=\"CDG airport inside in paris france\" src=\"http:\/\/paristouristinformation.fr\/es\/wp-content\/uploads\/2020\/12\/CDG-airport-inside-in-paris-france.jpg\" data-width=\"730\" data-height=\"488\" loading=\"lazy\"><\/span><\/p>\n<h2 id=\"t-1613598795273\" style=\"text-align: center;\">Sala VIP en el aeropuerto<\/h2>\n<p>Actualmente no hay ninguna sala VIP en el aeropuerto de Beauvais-Beauvais-Till\u00e9.<\/p>\n<p><span><img decoding=\"async\" alt=\"\" data-id=\"4629\" width=\"730\" data-init-width=\"1000\" height=\"411\" data-init-height=\"563\" title=\"traveler works at airport CDG terminal in paris\" src=\"http:\/\/paristouristinformation.fr\/es\/wp-content\/uploads\/2020\/12\/traveler-works-at-airport-CDG-terminal-in-paris.jpg\" data-width=\"730\" data-height=\"411\" loading=\"lazy\"><\/span><\/p>\n<h2 id=\"t-1613598795274\">Compras, tiendas y Duty-Free<\/h2>\n<p>El aeropuerto de Beauvais-Beauvais-Till\u00e9 es un aeropuerto peque\u00f1o y las instalaciones comerciales son limitadas. Los horarios de apertura de las tiendas dependen en parte de las horas de llegada y salida de los vuelos.Hay una tienda de relevo tanto en la Terminal 1 como en la Terminal 2.<\/p>\n<h3>Duty-Free<\/h3>\n<p>La selecci\u00f3n es relativamente clara, seg\u00fan el tama\u00f1o del aeropuerto. Los art\u00edculos libres de impuestos m\u00e1s comunes, como perfumes, chocolates y dulces, as\u00ed como las bebidas alcoh\u00f3licas, se venden en la tienda de Arelia, en las terminales de salida, tras los controles de pasaporte y seguridad.<\/p>\n<p><strong><span style=\"color: var(--tcb-skin-color-3);\">Comida:<\/span><\/strong><span style=\"color: var(--tcb-skin-color-3);\"> La oferta gastron\u00f3mica est\u00e1 adaptada al tama\u00f1o del aeropuerto y consta de una pizzer\u00eda y muchas ofertas de comida r\u00e1pida. El bar ofrece peque\u00f1os aperitivos.<\/span><\/p>\n<p><span><img decoding=\"async\" alt=\"\" data-id=\"4632\" width=\"730\" data-init-width=\"1000\" height=\"487\" data-init-height=\"667\" title=\"airport duty free photo for paris in france\" src=\"http:\/\/paristouristinformation.fr\/es\/wp-content\/uploads\/2020\/12\/airport-duty-free-photo-for-paris-in-france.jpg\" data-width=\"730\" data-height=\"487\" loading=\"lazy\"><\/span><\/p>\n<h2 id=\"t-1613598795275\" style=\"text-align: center;\">Alquilar un coche en el aeropuerto<\/h2>\n<p>En el aeropuerto de Par\u00eds Beauvais-Beauvais-Till\u00e9 hay seis empresas de alquiler de coches, con peque\u00f1as oficinas entre las terminales 1 y 2.Por supuesto, puede alquilar un coche online con antelaci\u00f3n para que el coche est\u00e9 disponible directamente a su llegada. Consulte nuestra secci\u00f3n dedicada al <a href=\"https:\/\/paristouristinformation.fr\/es\/plan\/alquiler-de-coches\/\" target=\"_blank\" rel=\"noopener\"><strong>alquiler de coches en Par\u00eds.<\/strong><\/a><\/p>\n<h2 id=\"t-1613598795276\" style=\"text-align: center;\">Hoteles del aeropuerto<\/h2>\n<p>No hay ning\u00fan hotel en el aeropuerto de Par\u00eds Beauvais &#8211; Till\u00e9, pero hay numerosos alojamientos en los alrededores del aeropuerto. Visite nuestro art\u00edculo sobre los<em><strong>&nbsp;<\/strong><\/em><a href=\"https:\/\/paristouristinformation.fr\/es\/hotel\/3-estrellas\/\" target=\"_blank\" rel=\"noopener\"><strong>25 mejores hoteles asequibles de 3 estrellas en Par\u00eds.<\/strong><\/a><\/p>\n<h2 id=\"t-1613598795277\">Conferencia en el aeropuerto y el medio ambiente<\/h2>\n<p>Ayudamos a alquilar salas para eventos, hoteles para conferencias y el programa social completo.<\/p>\n<h2 id=\"t-1613598795278\">Contacte con<\/h2>\n<ul>\n<li><span style=\"\"><strong>Direcci\u00f3n: <\/strong>Aeropuerto Par\u00eds Beauvais &#8211; Till\u00e9, Pont de Paris, BP 60250, 60002 Beauvais Cedex<\/span><\/li>\n<li><span style=\"\"><strong>Tel\u00e9fono:<\/strong> +33 892 68 20-66<\/span><\/li>\n<li><span style=\"\"><strong>IATA C\u00f3digo:<\/strong> BVA<\/span><\/li>\n<li><span style=\"\"><strong>ICAO:&nbsp;<\/strong>LFOB<\/span><\/li>\n<li><span style=\"\"><strong>P\u00e1gina web:&nbsp;<\/strong><a href=\"http:\/\/www.aeroportbeauvais.com\" target=\"_blank\" style=\"outline: none;\" rel=\"noopener nofollow\">Paris Beauvais &#8211; Till\u00e9<\/a><\/span><\/li>\n<\/ul>\n<h2 id=\"t-1613598795279\">Preguntas frecuentes<\/h2>\n<p style=\"text-align: center;\">Entradas relacionadas<\/p>\n<p><a href=\"https:\/\/www.paristouristinformation.fr\/es\/plan\/aeropuertos\/\" dynamic-postlink=\"tcb_post_the_permalink\" data-shortcode-id=\"5111\"><\/a><\/p>\n<h3 style=\"text-align: center; padding-top: 0px !important; margin-top: 0px !important;\"><span data-attr-link=\"1\" data-attr-rel=\"0\" data-attr-target=\"0\" data-extra_key=\"\" data-option-inline=\"1\" data-shortcode=\"tcb_post_title\" data-shortcode-name=\"Post title\" data-attr-css=\"\" data-attr-static-link=\"{&quot;className&quot;:&quot;&quot;,&quot;href&quot;:&quot;https:\/\/www.paristouristinformation.fr\/es\/plan\/aeropuertos\/&quot;,&quot;title&quot;:&quot;Informaci\u00f3n sobre los aeropuertos de Par\u00eds: Traslados, vuelos, terminales&quot;,&quot;class&quot;:&quot;&quot;}\"><a href=\"https:\/\/www.paristouristinformation.fr\/es\/plan\/aeropuertos\/\" title=\"Informaci\u00f3n sobre los aeropuertos de Par\u00eds: Traslados, vuelos, terminales\" data-css=\"\">Informaci\u00f3n sobre los aeropuertos de Par\u00eds: Traslados, vuelos, terminales<\/a><\/span><\/h3>\n<p><a href=\"https:\/\/www.paristouristinformation.fr\/es\/plan\/aeropuertos\/\"><span style=\"\"><span style=\"\">LEER M\u00c1S<\/span><\/span><\/a><a href=\"https:\/\/www.paristouristinformation.fr\/es\/plan\/3-dias\/\" dynamic-postlink=\"tcb_post_the_permalink\" data-shortcode-id=\"5111\"><\/a><\/p>\n<h3 style=\"text-align: center; padding-top: 0px !important; margin-top: 0px !important;\"><span data-attr-link=\"1\" data-attr-rel=\"0\" data-attr-target=\"0\" data-extra_key=\"\" data-option-inline=\"1\" data-shortcode=\"tcb_post_title\" data-shortcode-name=\"Post title\" data-attr-css=\"\" data-attr-static-link=\"{&quot;className&quot;:&quot;&quot;,&quot;href&quot;:&quot;https:\/\/www.paristouristinformation.fr\/es\/plan\/aeropuertos\/&quot;,&quot;title&quot;:&quot;Informaci\u00f3n sobre los aeropuertos de Par\u00eds: Traslados, vuelos, terminales&quot;,&quot;class&quot;:&quot;&quot;}\"><a href=\"https:\/\/www.paristouristinformation.fr\/es\/plan\/3-dias\/\" title=\"El mejor itinerario de 3 d\u00edas para principiantes en Par\u00eds\" data-css=\"\">El mejor itinerario de 3 d\u00edas para principiantes en Par\u00eds<\/a><\/span><\/h3>\n<p><a href=\"https:\/\/www.paristouristinformation.fr\/es\/plan\/3-dias\/\"><span style=\"\"><span style=\"\">LEER M\u00c1S<\/span><\/span><\/a><a href=\"https:\/\/www.paristouristinformation.fr\/es\/plan\/paris-orly\/\" dynamic-postlink=\"tcb_post_the_permalink\" data-shortcode-id=\"5111\"><\/a><\/p>\n<h3 style=\"text-align: center; padding-top: 0px !important; margin-top: 0px !important;\"><span data-attr-link=\"1\" data-attr-rel=\"0\" data-attr-target=\"0\" data-extra_key=\"\" data-option-inline=\"1\" data-shortcode=\"tcb_post_title\" data-shortcode-name=\"Post title\" data-attr-css=\"\" data-attr-static-link=\"{&quot;className&quot;:&quot;&quot;,&quot;href&quot;:&quot;https:\/\/www.paristouristinformation.fr\/es\/plan\/aeropuertos\/&quot;,&quot;title&quot;:&quot;Informaci\u00f3n sobre los aeropuertos de Par\u00eds: Traslados, vuelos, terminales&quot;,&quot;class&quot;:&quot;&quot;}\"><a href=\"https:\/\/www.paristouristinformation.fr\/es\/plan\/paris-orly\/\" title=\"Gu\u00eda del aeropuerto de Orly [ORY]: Tiendas, vuelos, traslados\" data-css=\"\">Gu\u00eda del aeropuerto de Orly [ORY]: Tiendas, vuelos, traslados<\/a><\/span><\/h3>\n<p><a href=\"https:\/\/www.paristouristinformation.fr\/es\/plan\/paris-orly\/\"><span style=\"\"><span style=\"\">LEER M\u00c1S<\/span><\/span><\/a><a href=\"https:\/\/www.paristouristinformation.fr\/es\/plan\/charles-de-gaulle\/\" dynamic-postlink=\"tcb_post_the_permalink\" data-shortcode-id=\"5111\"><\/a><\/p>\n<h3 style=\"text-align: center; padding-top: 0px !important; margin-top: 0px !important;\"><span data-attr-link=\"1\" data-attr-rel=\"0\" data-attr-target=\"0\" data-extra_key=\"\" data-option-inline=\"1\" data-shortcode=\"tcb_post_title\" data-shortcode-name=\"Post title\" data-attr-css=\"\" data-attr-static-link=\"{&quot;className&quot;:&quot;&quot;,&quot;href&quot;:&quot;https:\/\/www.paristouristinformation.fr\/es\/plan\/aeropuertos\/&quot;,&quot;title&quot;:&quot;Informaci\u00f3n sobre los aeropuertos de Par\u00eds: Traslados, vuelos, terminales&quot;,&quot;class&quot;:&quot;&quot;}\"><a href=\"https:\/\/www.paristouristinformation.fr\/es\/plan\/charles-de-gaulle\/\" title=\"Gu\u00eda del aeropuerto Charles de Gaulle [CDG]: Tiendas, vuelos, traslados\" data-css=\"\">Gu\u00eda del aeropuerto Charles de Gaulle [CDG]: Tiendas, vuelos, traslados<\/a><\/span><\/h3>\n<p><a href=\"https:\/\/www.paristouristinformation.fr\/es\/plan\/charles-de-gaulle\/\"><span style=\"\"><span style=\"\">LEER M\u00c1S<\/span><\/span><\/a><a href=\"https:\/\/www.paristouristinformation.fr\/es\/cosas-que-hacer\/disneyland\/\" dynamic-postlink=\"tcb_post_the_permalink\" data-shortcode-id=\"5111\"><\/a><\/p>\n<h3 style=\"text-align: center; padding-top: 0px !important; margin-top: 0px !important;\"><span data-attr-link=\"1\" data-attr-rel=\"0\" data-attr-target=\"0\" data-extra_key=\"\" data-option-inline=\"1\" data-shortcode=\"tcb_post_title\" data-shortcode-name=\"Post title\" data-attr-css=\"\" data-attr-static-link=\"{&quot;className&quot;:&quot;&quot;,&quot;href&quot;:&quot;https:\/\/www.paristouristinformation.fr\/es\/plan\/aeropuertos\/&quot;,&quot;title&quot;:&quot;Informaci\u00f3n sobre los aeropuertos de Par\u00eds: Traslados, vuelos, terminales&quot;,&quot;class&quot;:&quot;&quot;}\"><a href=\"https:\/\/www.paristouristinformation.fr\/es\/cosas-que-hacer\/disneyland\/\" title=\"Disneyland Par\u00eds: Entradas, atracciones, hoteles y ofertas\" data-css=\"\">Disneyland Par\u00eds: Entradas, atracciones, hoteles y ofertas<\/a><\/span><\/h3>\n<p><a href=\"https:\/\/www.paristouristinformation.fr\/es\/cosas-que-hacer\/disneyland\/\"><span style=\"\"><span style=\"\">LEER M\u00c1S<\/span><\/span><\/a><a href=\"https:\/\/www.paristouristinformation.fr\/es\/cosas-que-hacer\/\" dynamic-postlink=\"tcb_post_the_permalink\" data-shortcode-id=\"5111\"><\/a><\/p>\n<h3 style=\"text-align: center; padding-top: 0px !important; margin-top: 0px !important;\"><span data-attr-link=\"1\" data-attr-rel=\"0\" data-attr-target=\"0\" data-extra_key=\"\" data-option-inline=\"1\" data-shortcode=\"tcb_post_title\" data-shortcode-name=\"Post title\" data-attr-css=\"\" data-attr-static-link=\"{&quot;className&quot;:&quot;&quot;,&quot;href&quot;:&quot;https:\/\/www.paristouristinformation.fr\/es\/plan\/aeropuertos\/&quot;,&quot;title&quot;:&quot;Informaci\u00f3n sobre los aeropuertos de Par\u00eds: Traslados, vuelos, terminales&quot;,&quot;class&quot;:&quot;&quot;}\"><a href=\"https:\/\/www.paristouristinformation.fr\/es\/cosas-que-hacer\/\" title=\"100 Cosas que hacer en Par\u00eds\" data-css=\"\">100 Cosas que hacer en Par\u00eds<\/a><\/span><\/h3>\n<p><a href=\"https:\/\/www.paristouristinformation.fr\/es\/cosas-que-hacer\/\"><span style=\"\"><span style=\"\">LEER M\u00c1S<\/span><\/span><\/a><a href=\"javascript:void(0)\"><span style=\"\"><span style=\"\">Load More<\/span><\/span><\/a><\/p>\n","protected":false},"excerpt":{"rendered":"<p>Gu\u00eda del aeropuerto de Par\u00eds Beauvais-Till\u00e9 [BVA] Lea nuestra gu\u00eda completa del aeropuerto de Beauvais-Till\u00e9 en Par\u00eds: Terminales, traslados, vuelos, tiendas, ubicaci\u00f3n e informaci\u00f3n \u00fatil&#8230;. Conozca todo sobre este peque\u00f1o aeropuerto cercano a Par\u00eds. Descripci\u00f3n del aeropuerto de Beauvais-Till\u00e9 Beauvais-Till\u00e9 se inaugur\u00f3 en 1954 para la aviaci\u00f3n civil. Hoy en d\u00eda, se ha convertido en [&hellip;]<\/p>\n","protected":false},"author":10,"featured_media":4624,"parent":5111,"menu_order":0,"comment_status":"closed","ping_status":"closed","template":"","meta":{"footnotes":""},"tags":[],"class_list":["post-3311","page","type-page","status-publish","has-post-thumbnail","hentry","post-wrapper","thrv_wrapper"],"wp-worthy-pixel":{"ignored":false,"public":null,"server":null,"url":null},"wp-worthy-type":"normal","_links":{"self":[{"href":"https:\/\/www.paristouristinformation.fr\/es\/wp-json\/wp\/v2\/pages\/3311","targetHints":{"allow":["GET"]}}],"collection":[{"href":"https:\/\/www.paristouristinformation.fr\/es\/wp-json\/wp\/v2\/pages"}],"about":[{"href":"https:\/\/www.paristouristinformation.fr\/es\/wp-json\/wp\/v2\/types\/page"}],"author":[{"embeddable":true,"href":"https:\/\/www.paristouristinformation.fr\/es\/wp-json\/wp\/v2\/users\/10"}],"replies":[{"embeddable":true,"href":"https:\/\/www.paristouristinformation.fr\/es\/wp-json\/wp\/v2\/comments?post=3311"}],"version-history":[{"count":0,"href":"https:\/\/www.paristouristinformation.fr\/es\/wp-json\/wp\/v2\/pages\/3311\/revisions"}],"up":[{"embeddable":true,"href":"https:\/\/www.paristouristinformation.fr\/es\/wp-json\/wp\/v2\/pages\/5111"}],"wp:featuredmedia":[{"embeddable":true,"href":"https:\/\/www.paristouristinformation.fr\/es\/wp-json\/wp\/v2\/media\/4624"}],"wp:attachment":[{"href":"https:\/\/www.paristouristinformation.fr\/es\/wp-json\/wp\/v2\/media?parent=3311"}],"wp:term":[{"taxonomy":"post_tag","embeddable":true,"href":"https:\/\/www.paristouristinformation.fr\/es\/wp-json\/wp\/v2\/tags?post=3311"}],"curies":[{"name":"wp","href":"https:\/\/api.w.org\/{rel}","templated":true}]}}