{"id":3352,"date":"2020-12-21T19:43:05","date_gmt":"2020-12-21T19:43:05","guid":{"rendered":"http:\/\/paristouristinformation.fr\/es\/?page_id=3352"},"modified":"2023-05-12T06:46:56","modified_gmt":"2023-05-12T06:46:56","slug":"museo-de-cluny","status":"publish","type":"page","link":"https:\/\/www.paristouristinformation.fr\/es\/cosas-que-hacer\/museo\/museo-de-cluny\/","title":{"rendered":"Gu\u00eda del Museo de Cluny en Par\u00eds: Entradas &#038; Consejo"},"content":{"rendered":"<p>El Museo de Cluny, tambi\u00e9n llamado Museo Nacional de la Edad Media, es un museo medieval situado en el coraz\u00f3n de Par\u00eds, en el Barrio Latino. Si siente curiosidad por la \u00e9poca medieval, las costumbres de la gente de la Edad Media, su cultura, su forma de vida y su arte, este museo es el lugar perfecto para aprender.En este art\u00edculo, le ayudaremos a conocer toda la informaci\u00f3n importante para el visitante del Museo de Cluny en Par\u00eds, incluyendo los aspectos m\u00e1s destacados de la exposici\u00f3n, la historia, las entradas, las visitas y la informaci\u00f3n \u00fatil sobre c\u00f3mo llegar.<\/p>\n<h2 id=\"t-1612272189680\" data-alt-text=\"What can I do at the Museum ?\">\u00bfQu\u00e9 puedo hacer en el Museo de Cluny?<\/h2>\n<p>Con su rica colecci\u00f3n, el Museo de Cluny traslada al visitante al mundo de la Edad Media.Numerosas obras de arte y utensilios de la Edad Media proporcionan informaci\u00f3n sobre la vida cotidiana y el arte de la \u00e9poca.Se trata de objetos cotidianos, pero tambi\u00e9n de vidrieras, pinturas, esculturas, estatuas y obras de orfebrer\u00eda medieval. Tambi\u00e9n merece la pena ver la amplia colecci\u00f3n de vidrieras emplomadas.El coraz\u00f3n de la colecci\u00f3n es el tapiz La dama del unicornio. La serie de seis tapices data del siglo XIV.Las cinco primeras partes representan los cinco sentidos, mientras que la sexta, con la inscripci\u00f3n \u00abMon seul d\u00e9sir\u00bb (en espa\u00f1ol: Mi \u00fanico deseo), simboliza la superaci\u00f3n de las alegr\u00edas.Otras piezas dignas de menci\u00f3n son el pilar de los Nautae Parisiaci, del siglo I d.C., que muestra varios dioses de la mitolog\u00eda romana y gala, el ropaje de altar de 120 cm de altura del Antependium de Basler, que fue donado por el emperador Heinrich II, y las cabezas de la galer\u00eda real, que colgaron sobre las puertas de Notre-Dame hasta la Revoluci\u00f3n Francesa.<\/p>\n<ul>\n<li><span style=\"\"><strong>Consejo: <\/strong>\u00bfEst\u00e1 planeando su viaje a Par\u00eds? Descubra todas las <a href=\"https:\/\/paristouristinformation.fr\/es\/cosas-que-hacer\/districts\/barrio-latino\/\" target=\"_blank\" rel=\"noopener\"><strong>cosas que no se puede perder en el Barrio Latino<\/strong><\/a>, uno de los barrios m\u00e1s visitados de Par\u00eds.<\/span><\/li>\n<\/ul>\n<h3>El edificio del Museo de Cluny<\/h3>\n<p><span><img decoding=\"async\" alt=\"\" data-id=\"4700\" width=\"702\" data-init-width=\"1000\" height=\"534\" data-init-height=\"760\" title=\"hotel cluny museum tower in paris in france\" src=\"http:\/\/paristouristinformation.fr\/es\/wp-content\/uploads\/2020\/12\/hotel-cluny-museum-tower-in-paris-in-france.jpg\" data-width=\"702\" data-height=\"534\" style=\"\" data-pinpro-key=\"u8lxcqgh5\" loading=\"lazy\"><\/span><\/p>\n<p>El imponente edificio del Museo de Cluny es tambi\u00e9n muy importante y merece una visita.Consta de tres edificios de diferentes \u00e9pocas. Se trata de las Thermes de Cluny (ruinas de las termas galo-romanas de la antigua Lutecia), el H\u00f4tel de Cluny (una casa municipal de estilo g\u00f3tico tard\u00edo de los abades de Cluny del siglo XV) y el nuevo edificio de recepci\u00f3n del arquitecto Bernard Desmoulin de 2018.<\/p>\n<h3>Museo del Jard\u00edn de Cluny<\/h3>\n<p>El jard\u00edn medieval, con una superficie de unos 5.000 metros cuadrados, invita a los visitantes a pasear. Hay un jard\u00edn con hierbas medicinales, una zona con verduras y un jard\u00edn id\u00edlico con flores de colores.<\/p>\n<h3>Exposiciones temporales del Museo de Cluny<\/h3>\n<p>En el museo se organizan regularmente exposiciones temporales. Para conocer la actualidad de las exposiciones temporales, visite el <a href=\"https:\/\/www.musee-moyenage.fr\" target=\"_blank\" style=\"outline: none;\" rel=\"noopener nofollow\">sitio web oficial del Museo de Cluny.<\/a>.<\/p>\n<h3>Eventos en el Museo de Cluny<\/h3>\n<p>La oferta muse\u00edstica del museo de Cluny se enriquece con eventos especiales, conferencias, presentaciones y conciertos de m\u00fasica medieval.<\/p>\n<h3>Librer\u00eda y tienda del Museo de Cluny<\/h3>\n<p>El museo cuenta con una librer\u00eda y una tienda de art\u00edculos diversos.<\/p>\n<div class=\"tcb-post-list tve-content-list thrv_wrapper\" data-type=\"grid\" data-pagination-type=\"none\" data-pages_near_current=\"2\" data-css=\"tve-u-177111da12b\" data-total_post_count=\"2\" data-total_sticky_count=\"0\" data-no_posts_text=\"There are no posts to display.\"><article id=\"post-998\" class=\"post-998 page type-page status-publish has-post-thumbnail hentry post-wrapper thrv_wrapper thrive-animated-item \" tcb_hover_state_parent=\"\" shortcode=\"tcb_post_list\" data-id=\"998\" data-selector=\".post-wrapper\"><style class=\"tcb-post-list-dynamic-style\" type=\"text\/css\"><\/style><\/p>\n<h3>Las 12 iglesias m\u00e1s visitadas de Par\u00eds [con entradas].<\/h3>\n<p><\/article><article id=\"post-5137\" class=\"post-5137 page type-page status-publish has-post-thumbnail hentry post-wrapper thrv_wrapper thrive-animated-item \" tcb_hover_state_parent=\"\" shortcode=\"tcb_post_list\" data-id=\"5137\" data-selector=\".post-wrapper\"><style class=\"tcb-post-list-dynamic-style\" type=\"text\/css\"><\/style><\/p>\n<h3>Las 12 iglesias m\u00e1s visitadas de Par\u00eds [con entradas].<\/h3>\n<p><\/article><\/div>\n<h2 id=\"t-1612272189681\" data-alt-text=\"Entrance, Tickets and Tours \">Entrada, billetes y visitas al Museo de Cluny<\/h2>\n<p><span><img decoding=\"async\" alt=\"\" data-id=\"750\" width=\"730\" data-init-width=\"1000\" height=\"487\" data-init-height=\"667\" title=\"Medieval Museum Cluny in Paris in France\" src=\"http:\/\/paristouristinformation.fr\/es\/wp-content\/uploads\/2020\/06\/Medieval-Museum-Cluny-in-Paris-in-France.jpg\" data-width=\"730\" data-height=\"487\" data-pinpro-key=\"xcw2sv94d\" loading=\"lazy\"><\/span><\/p>\n<ul>\n<li><span style=\"\"><strong>Entrada: <\/strong>Los visitantes menores de 18 a\u00f1os y los ciudadanos de la UE menores de 26 a\u00f1os pueden acceder gratuitamente a la exposici\u00f3n permanente. Para ver toda la informaci\u00f3n, consulte el sitio web oficial del museo.<\/span><\/li>\n<li style=\"\"><span style=\"\"><strong>Entradas:<\/strong> El Museo de Cluny ofrece dos entradas diferentes: una entrada fuera de las exposiciones temporales y una entrada cuando hay exposiciones temporales.<\/span><\/li>\n<li><span style=\"\"><strong>Consejo: <\/strong>La entrada al Museo de Cluny es gratuita para todos los visitantes el primer domingo de cada mes.<\/span><\/li>\n<\/ul>\n<ul>\n<li><span style=\"\">Para ahorrar tiempo y dinero, y evitarle problemas, puede preparar su viaje comprando por adelantado todos los billetes online que necesite en nuestra tienda oficial de <em><strong>billetes de Par\u00eds.<\/strong><\/em><\/span><\/li>\n<\/ul>\n<p>__CONFIG_colors_palette__{\u00abactive_palette\u00bb:0,\u00bbconfig\u00bb:{\u00abcolors\u00bb:{\u00abf8570\u00bb:{\u00abname\u00bb:\u00bbMain Accent\u00bb,\u00bbparent\u00bb:-1}},\u00bbgradients\u00bb:[]},\u00bbpalettes\u00bb:[{\u00abname\u00bb:\u00bbDefault Palette\u00bb,\u00bbvalue\u00bb:{\u00abcolors\u00bb:{\u00abf8570\u00bb:{\u00abval\u00bb:\u00bbvar(&#8211;tcb-skin-color-0)\u00bb}},\u00bbgradients\u00bb:[]},\u00bboriginal\u00bb:{\u00abcolors\u00bb:{\u00abf8570\u00bb:{\u00abval\u00bb:\u00bbrgb(19, 114, 211)\u00bb,\u00bbhsl\u00bb:{\u00abh\u00bb:210,\u00bbs\u00bb:0.83,\u00bbl\u00bb:0.45}}},\u00bbgradients\u00bb:[]}}]}__CONFIG_colors_palette__ <a href=\"http:\/\/paristouristinformation.fr\/es\/tours-and-tickets\/\"> <span><span style=\"\">Ir a la tienda de entradas de Par\u00eds<\/span><\/span> <\/a><\/p>\n<h2 id=\"t-1612272189682\" data-alt-text=\"How to get there ?\">\u00bfC\u00f3mo llegar al Museo de Cluny?<\/h2>\n<p>El c\u00e9ntrico Museo de Cluny est\u00e1 situado en el Barrio Latino, en el distrito 5 de Par\u00eds.<\/p>\n<p>La forma m\u00e1s f\u00e1cil de llegar es la l\u00ednea 10 de metro hasta \u00abCluny-La Sorbonne\u00bb o la l\u00ednea 4 hasta \u00abSaint-Michel\u00bb u \u00abOd\u00e9on\u00bb.Tambi\u00e9n puede tomar los trenes RER C (a \u00abSaint-Michel\u00bb) o B (a \u00abCluny-La Sorbonne\u00bb). Tambi\u00e9n hay numerosos autobuses, como las l\u00edneas 21, 27, 38, 63, 85, 86 y 87, que circulan cerca del museo.<\/p>\n<h2 id=\"t-1612272189683\" data-alt-text=\"FAQ (Frequently Asked Questions)\">Preguntas frecuentes<\/h2>\n<p><span><img decoding=\"async\" alt=\"\" data-id=\"4701\" width=\"730\" data-init-width=\"1000\" height=\"493\" data-init-height=\"675\" title=\"cluny museum old picture in paris\" src=\"http:\/\/paristouristinformation.fr\/es\/wp-content\/uploads\/2020\/12\/cluny-museum-old-picture-in-paris.jpg\" data-width=\"730\" data-height=\"493\" style=\"\" data-pinpro-key=\"70mco7enm\" loading=\"lazy\"><\/span><\/p>\n<h2 id=\"t-1612272189684\">Historia del Museo de Cluny<\/h2>\n<p>La colecci\u00f3n del arque\u00f3logo y coleccionista de arte Alexandre Du Sommerard impuls\u00f3 la fundaci\u00f3n del Museo de Cluny.Cuando viv\u00eda en la mansi\u00f3n H\u00f4tel de Cluny, residencia de la Abad\u00eda de Cluny de Borgo\u00f1a, reuni\u00f3 una extensa colecci\u00f3n de obras y objetos de arte medieval.Tras la muerte de Du Sommerard en 1842, el Estado adquiri\u00f3 esta colecci\u00f3n as\u00ed como el edificio, lo que dio lugar a la fundaci\u00f3n del museo en 1843.Por este motivo, el H\u00f4tel de Cluny, que la abad\u00eda benedictina de Cluny adquiri\u00f3 originalmente en 1330, se convirti\u00f3 en un edificio muse\u00edstico.Dado que el H\u00f4tel de Cluny se construy\u00f3 sobre los restos de unas termas galo-romanas del siglo II (Thermes de Cluny), el edificio del museo actual abarca un periodo que va desde la antig\u00fcedad, pasando por la Edad Media, hasta la \u00e9poca moderna.Un jard\u00edn medieval forma parte del museo desde el a\u00f1o 2000. En la actualidad, el Museo de Cluny est\u00e1 considerado como uno de los monumentos m\u00e1s importantes de Par\u00eds.Debido a las extensas renovaciones, el museo permanecer\u00e1 cerrado desde septiembre de 2020 hasta probablemente el oto\u00f1o de 2022.Museo<\/p>\n<ul>\n<li><span style=\"\">\u00bfBusca ideas de actividades para hacer en Par\u00eds? Consulte nuestra lista de las <a href=\"https:\/\/paristouristinformation.fr\/es\/cosas-que-hacer\/iluvioso\/\" target=\"_blank\" rel=\"noopener\"><strong>15 mejores atracciones de Par\u00eds<\/strong><\/a>. Es la cr\u00e8me de la cr\u00e8me de Par\u00eds&#8230;<\/span><\/li>\n<\/ul>\n<h2 id=\"t-1612272189685\" data-alt-text=\"Contact\">Contacto y mapa<\/h2>\n<ul>\n<li><span style=\"\"><strong>Direcci\u00f3n:<\/strong> Mus\u00e9e national du Moyen \u00c2ge, 28 rue Du Sommerard 75005 Par\u00eds<\/span><\/li>\n<li><span style=\"\"><strong>Horario de apertura: <\/strong>Para obtener la \u00faltima informaci\u00f3n sobre los horarios de apertura, consulte el <a href=\"https:\/\/www.musee-moyenage.fr\/visiter\/english.html\" target=\"_blank\" style=\"outline: none;\" rel=\"noopener nofollow\">sitio web oficial del museo.<\/a>.<\/span><\/li>\n<li><span style=\"\"><strong>Transporte p\u00fablico: <\/strong>Metro l\u00ednea 10 hasta \u00abCluny-La Sorbonne\u00bb o l\u00ednea 4 hasta \u00abSaint-Michel\u00bb u \u00abOd\u00e9on\u00bb<\/span><\/li>\n<li style=\"\"><span style=\"\"><strong>P\u00e1gina web:&nbsp;<\/strong><a href=\"https:\/\/www.musee-moyenage.fr\/en\/home.html\" style=\"outline: none;\" rel=\"nofollow noopener\" target=\"_blank\">www.musee-moyenage.fr<\/a><\/span><\/li>\n<\/ul>\n<p>__CONFIG_colors_palette__{\u00abactive_palette\u00bb:0,\u00bbconfig\u00bb:{\u00abcolors\u00bb:{\u00ab50ce5\u00bb:{\u00abname\u00bb:\u00bbMain Accent\u00bb,\u00bbparent\u00bb:-1}},\u00bbgradients\u00bb:[]},\u00bbpalettes\u00bb:[{\u00abname\u00bb:\u00bbDefault Palette\u00bb,\u00bbvalue\u00bb:{\u00abcolors\u00bb:{\u00ab50ce5\u00bb:{\u00abval\u00bb:\u00bbvar(&#8211;tcb-skin-color-0)\u00bb,\u00bbhsl\u00bb:{\u00abh\u00bb:350,\u00bbs\u00bb:0.94,\u00bbl\u00bb:0.47,\u00bba\u00bb:1}}},\u00bbgradients\u00bb:[]},\u00bboriginal\u00bb:{\u00abcolors\u00bb:{\u00ab50ce5\u00bb:{\u00abval\u00bb:\u00bbrgb(19, 114, 211)\u00bb,\u00bbhsl\u00bb:{\u00abh\u00bb:210,\u00bbs\u00bb:0.83,\u00bbl\u00bb:0.45,\u00bba\u00bb:1}}},\u00bbgradients\u00bb:[]}}]}__CONFIG_colors_palette__ <a href=\"http:\/\/paristouristinformation.fr\/es\/things-to-do\/\" style=\"\"> <span><span style=\"\">M\u00e1s cosas que hacer en Par\u00eds<\/span><\/span> <\/a><\/p>\n<h2 style=\"\" id=\"t-1643289902423\">Art\u00edculos relacionados:<\/h2>\n<div class=\"tcb-post-list tve-content-list thrv_wrapper\" data-type=\"grid\" data-pagination-type=\"none\" data-pages_near_current=\"2\" data-css=\"tve-u-17dddb83d31\" data-total_post_count=\"4\" data-total_sticky_count=\"0\" data-no_posts_text=\"There are no posts to display.\"><article id=\"post-68\" class=\"post-68 page type-page status-publish has-post-thumbnail hentry post-wrapper thrv_wrapper thrive-animated-item  tve_evt_manager_listen tve_ea_thrive_animation tve_et_mouseover tve_anim_grow\" tcb_hover_state_parent=\"\" class=\"tve_evt_manager_listen tve_ea_thrive_animation tve_et_mouseover tve_anim_grow\" data-id=\"68\" data-selector=\".post-wrapper\"><style class=\"tcb-post-list-dynamic-style\" type=\"text\/css\">@media (min-width: 300px){[].tcb-post-list #post-68 []{background-image: url(\u00abhttps:\/\/www.paristouristinformation.fr\/es\/wp-content\/uploads\/2021\/02\/Top-30-Best-Museums-to-Visit-in-Paris-1024x538.jpg\u00ab) !important;}[].tcb-post-list #post-68 []:hover []{background-image: url(\u00abhttps:\/\/www.paristouristinformation.fr\/es\/wp-content\/uploads\/2021\/02\/Top-30-Best-Museums-to-Visit-in-Paris-1024x538.jpg\u00ab) !important;}}<\/style><a href=\"https:\/\/www.paristouristinformation.fr\/es\/cosas-que-hacer\/museo\/\" dynamic-postlink=\"tcb_post_the_permalink\" data-shortcode-id=\"68\"><\/a><\/p>\n<h3 style=\"text-align: center; padding-top: 0px !important; margin-top: 0px !important;\"><span data-attr-link=\"1\" data-attr-rel=\"0\" data-attr-target=\"0\" data-extra_key=\"\" data-option-inline=\"1\" data-shortcode=\"tcb_post_title\" data-shortcode-name=\"Post title\" data-attr-css=\"\" data-attr-static-link=\"{&quot;className&quot;:&quot;tve-froala fr-basic&quot;,&quot;href&quot;:&quot;https:\/\/paristouristinformation.fr\/es\/cosas-que-hacer\/museo\/&quot;,&quot;title&quot;:&quot;Los 30 mejores museos para visitar en Par\u00eds: Entradas, ubicaci\u00f3n &amp; Consejos&quot;,&quot;class&quot;:&quot;tve-froala fr-basic&quot;}\" style=\"\"><a href=\"https:\/\/www.paristouristinformation.fr\/es\/cosas-que-hacer\/museo\/\" title=\"30 Mejores museos para visitar en Par\u00eds: Entradas, ubicaci\u00f3n &amp; Consejos\" data-css=\"\" class=\"tve-froala fr-basic\">30 Mejores museos para visitar en Par\u00eds: Entradas, ubicaci\u00f3n &amp; Consejos<\/a><\/span><\/h3>\n<p><\/article><article id=\"post-1633\" class=\"post-1633 page type-page status-publish has-post-thumbnail hentry post-wrapper thrv_wrapper thrive-animated-item  tve_evt_manager_listen tve_ea_thrive_animation tve_et_mouseover tve_anim_grow\" tcb_hover_state_parent=\"\" class=\"tve_evt_manager_listen tve_ea_thrive_animation tve_et_mouseover tve_anim_grow\" data-id=\"1633\" data-selector=\".post-wrapper\"><style class=\"tcb-post-list-dynamic-style\" type=\"text\/css\">@media (min-width: 300px){[].tcb-post-list #post-1633 []{background-image: url(\u00abhttps:\/\/www.paristouristinformation.fr\/es\/wp-content\/uploads\/2021\/01\/Latin-Quarters-top-attractions-in-Paris-1024x538.jpg\u00ab) !important;}[].tcb-post-list #post-1633 []:hover []{background-image: url(\u00abhttps:\/\/www.paristouristinformation.fr\/es\/wp-content\/uploads\/2021\/01\/Latin-Quarters-top-attractions-in-Paris-1024x538.jpg\u00ab) !important;}}<\/style><a href=\"https:\/\/www.paristouristinformation.fr\/es\/cosas-que-hacer\/distritos\/barrio-latino\/\" dynamic-postlink=\"tcb_post_the_permalink\" data-shortcode-id=\"68\"><\/a><\/p>\n<h3 style=\"text-align: center; padding-top: 0px !important; margin-top: 0px !important;\"><span data-attr-link=\"1\" data-attr-rel=\"0\" data-attr-target=\"0\" data-extra_key=\"\" data-option-inline=\"1\" data-shortcode=\"tcb_post_title\" data-shortcode-name=\"Post title\" data-attr-css=\"\" data-attr-static-link=\"{&quot;className&quot;:&quot;tve-froala fr-basic&quot;,&quot;href&quot;:&quot;https:\/\/paristouristinformation.fr\/es\/cosas-que-hacer\/museo\/&quot;,&quot;title&quot;:&quot;Los 30 mejores museos para visitar en Par\u00eds: Entradas, ubicaci\u00f3n &amp; Consejos&quot;,&quot;class&quot;:&quot;tve-froala fr-basic&quot;}\" style=\"\"><a href=\"https:\/\/www.paristouristinformation.fr\/es\/cosas-que-hacer\/distritos\/barrio-latino\/\" title=\"Las principales atracciones del Barrio Latino en Par\u00eds\" data-css=\"\" class=\"tve-froala fr-basic\">Las principales atracciones del Barrio Latino en Par\u00eds<\/a><\/span><\/h3>\n<p><\/article><article id=\"post-3264\" class=\"post-3264 page type-page status-publish has-post-thumbnail hentry post-wrapper thrv_wrapper thrive-animated-item  tve_evt_manager_listen tve_ea_thrive_animation tve_et_mouseover tve_anim_grow\" tcb_hover_state_parent=\"\" class=\"tve_evt_manager_listen tve_ea_thrive_animation tve_et_mouseover tve_anim_grow\" data-id=\"3264\" data-selector=\".post-wrapper\"><style class=\"tcb-post-list-dynamic-style\" type=\"text\/css\">@media (min-width: 300px){[].tcb-post-list #post-3264 []{background-image: url(\u00abhttps:\/\/www.paristouristinformation.fr\/es\/wp-content\/uploads\/2021\/01\/A-Guide-to-Carnavalet-Museum-in-Paris-in-France-1024x538.jpg\u00ab) !important;}[].tcb-post-list #post-3264 []:hover []{background-image: url(\u00abhttps:\/\/www.paristouristinformation.fr\/es\/wp-content\/uploads\/2021\/01\/A-Guide-to-Carnavalet-Museum-in-Paris-in-France-1024x538.jpg\u00ab) !important;}}<\/style><a href=\"https:\/\/www.paristouristinformation.fr\/es\/cosas-que-hacer\/museo\/musee-carnavalet\/\" dynamic-postlink=\"tcb_post_the_permalink\" data-shortcode-id=\"68\"><\/a><\/p>\n<h3 style=\"text-align: center; padding-top: 0px !important; margin-top: 0px !important;\"><span data-attr-link=\"1\" data-attr-rel=\"0\" data-attr-target=\"0\" data-extra_key=\"\" data-option-inline=\"1\" data-shortcode=\"tcb_post_title\" data-shortcode-name=\"Post title\" data-attr-css=\"\" data-attr-static-link=\"{&quot;className&quot;:&quot;tve-froala fr-basic&quot;,&quot;href&quot;:&quot;https:\/\/paristouristinformation.fr\/es\/cosas-que-hacer\/museo\/&quot;,&quot;title&quot;:&quot;Los 30 mejores museos para visitar en Par\u00eds: Entradas, ubicaci\u00f3n &amp; Consejos&quot;,&quot;class&quot;:&quot;tve-froala fr-basic&quot;}\" style=\"\"><a href=\"https:\/\/www.paristouristinformation.fr\/es\/cosas-que-hacer\/museo\/musee-carnavalet\/\" title=\"Gu\u00eda del Museo Carnavalet de Par\u00eds: Historia &amp; Consejos\" data-css=\"\" class=\"tve-froala fr-basic\">Gu\u00eda del Museo Carnavalet de Par\u00eds: Historia &amp; Consejos<\/a><\/span><\/h3>\n<p><\/article><article id=\"post-1521\" class=\"post-1521 page type-page status-publish has-post-thumbnail hentry post-wrapper thrv_wrapper thrive-animated-item  tve_evt_manager_listen tve_ea_thrive_animation tve_et_mouseover tve_anim_grow\" tcb_hover_state_parent=\"\" class=\"tve_evt_manager_listen tve_ea_thrive_animation tve_et_mouseover tve_anim_grow\" data-id=\"1521\" data-selector=\".post-wrapper\"><style class=\"tcb-post-list-dynamic-style\" type=\"text\/css\">@media (min-width: 300px){[].tcb-post-list #post-1521 []{background-image: url(\u00abhttps:\/\/www.paristouristinformation.fr\/es\/wp-content\/uploads\/2020\/07\/Paris-Landscape-Notre-Dame-Bridge-Sihouette-1024x684.jpg\u00ab) !important;}[].tcb-post-list #post-1521 []:hover []{background-image: url(\u00abhttps:\/\/www.paristouristinformation.fr\/es\/wp-content\/uploads\/2020\/07\/Paris-Landscape-Notre-Dame-Bridge-Sihouette-1024x684.jpg\u00ab) !important;}}<\/style><a href=\"https:\/\/www.paristouristinformation.fr\/es\/cosas-que-hacer\/iglesia\/notre-dame\/\" dynamic-postlink=\"tcb_post_the_permalink\" data-shortcode-id=\"68\"><\/a><\/p>\n<h3 style=\"text-align: center; padding-top: 0px !important; margin-top: 0px !important;\"><span data-attr-link=\"1\" data-attr-rel=\"0\" data-attr-target=\"0\" data-extra_key=\"\" data-option-inline=\"1\" data-shortcode=\"tcb_post_title\" data-shortcode-name=\"Post title\" data-attr-css=\"\" data-attr-static-link=\"{&quot;className&quot;:&quot;tve-froala fr-basic&quot;,&quot;href&quot;:&quot;https:\/\/paristouristinformation.fr\/es\/cosas-que-hacer\/museo\/&quot;,&quot;title&quot;:&quot;Los 30 mejores museos para visitar en Par\u00eds: Entradas, ubicaci\u00f3n &amp; Consejos&quot;,&quot;class&quot;:&quot;tve-froala fr-basic&quot;}\" style=\"\"><a href=\"https:\/\/www.paristouristinformation.fr\/es\/cosas-que-hacer\/iglesia\/notre-dame\/\" title=\"Sobre la Catedral Notre-Dame de Par\u00eds: Incendio, Reapertura, entradas, historia, datos\u2026\" data-css=\"\" class=\"tve-froala fr-basic\">Sobre la Catedral Notre-Dame de Par\u00eds: Incendio, Reapertura, entradas, historia, datos\u2026<\/a><\/span><\/h3>\n<p><\/article><\/div>\n","protected":false},"excerpt":{"rendered":"<p>El Museo de Cluny, tambi\u00e9n llamado Museo Nacional de la Edad Media, es un museo medieval situado en el coraz\u00f3n de Par\u00eds, en el Barrio Latino. Si siente curiosidad por la \u00e9poca medieval, las costumbres de la gente de la Edad Media, su cultura, su forma de vida y su arte, este museo es el [&hellip;]<\/p>\n","protected":false},"author":9,"featured_media":6649,"parent":68,"menu_order":0,"comment_status":"closed","ping_status":"closed","template":"","meta":{"footnotes":""},"tags":[],"class_list":{"0":"post-3352","1":"page","2":"type-page","3":"status-publish","4":"has-post-thumbnail","5":"hentry","6":"post-wrapper","7":"thrv_wrapper","10":"thrive-animated-item"},"wp-worthy-pixel":{"ignored":false,"public":null,"server":null,"url":null},"wp-worthy-type":"normal","_links":{"self":[{"href":"https:\/\/www.paristouristinformation.fr\/es\/wp-json\/wp\/v2\/pages\/3352","targetHints":{"allow":["GET"]}}],"collection":[{"href":"https:\/\/www.paristouristinformation.fr\/es\/wp-json\/wp\/v2\/pages"}],"about":[{"href":"https:\/\/www.paristouristinformation.fr\/es\/wp-json\/wp\/v2\/types\/page"}],"author":[{"embeddable":true,"href":"https:\/\/www.paristouristinformation.fr\/es\/wp-json\/wp\/v2\/users\/9"}],"replies":[{"embeddable":true,"href":"https:\/\/www.paristouristinformation.fr\/es\/wp-json\/wp\/v2\/comments?post=3352"}],"version-history":[{"count":0,"href":"https:\/\/www.paristouristinformation.fr\/es\/wp-json\/wp\/v2\/pages\/3352\/revisions"}],"up":[{"embeddable":true,"href":"https:\/\/www.paristouristinformation.fr\/es\/wp-json\/wp\/v2\/pages\/68"}],"wp:featuredmedia":[{"embeddable":true,"href":"https:\/\/www.paristouristinformation.fr\/es\/wp-json\/wp\/v2\/media\/6649"}],"wp:attachment":[{"href":"https:\/\/www.paristouristinformation.fr\/es\/wp-json\/wp\/v2\/media?parent=3352"}],"wp:term":[{"taxonomy":"post_tag","embeddable":true,"href":"https:\/\/www.paristouristinformation.fr\/es\/wp-json\/wp\/v2\/tags?post=3352"}],"curies":[{"name":"wp","href":"https:\/\/api.w.org\/{rel}","templated":true}]}}