{"id":3384,"date":"2020-12-23T00:20:51","date_gmt":"2020-12-23T00:20:51","guid":{"rendered":"http:\/\/paristouristinformation.fr\/es\/?page_id=3384"},"modified":"2023-05-12T06:55:28","modified_gmt":"2023-05-12T06:55:28","slug":"musee-de-larmee","status":"publish","type":"page","link":"https:\/\/www.paristouristinformation.fr\/es\/cosas-que-hacer\/museo\/musee-de-larmee\/","title":{"rendered":"Gu\u00eda del Museo del Ej\u00e9rcito en Par\u00eds: Exposici\u00f3n &#038; Historia"},"content":{"rendered":"<p>El Museo del Ej\u00e9rcito, \u00abMus\u00e9e de l&#8217;Arm\u00e9e\u00bb en franc\u00e9s, es el museo militar nacional de Francia. Se encuentra en el hermoso H\u00f4tel national des Invalides y alberga una de las mayores colecciones de historia y arte militar del mundo. Es un museo importante entre los museos de Par\u00eds.Francia tiene una importante historia y ha reunido una gran cantidad de uniformes, armas, dibujos, pinturas y objetos cotidianos que la ilustran, desde la prehistoria hasta la actualidad.Descubramos toda la informaci\u00f3n completa para el visitante del Museo del Ej\u00e9rcito de Par\u00eds, incluyendo los aspectos m\u00e1s destacados de la exposici\u00f3n, la historia, las entradas, las visitas y la informaci\u00f3n \u00fatil sobre c\u00f3mo llegar.<\/p>\n<h2 id=\"t-1612273150004\" data-alt-text=\"What can I do at the Army Museum ?\">\u00bfQu\u00e9 puedo hacer en el Museo del Ej\u00e9rcito de Par\u00eds?<\/h2>\n<p><span><img decoding=\"async\" alt=\"\" data-id=\"4858\" width=\"702\" data-init-width=\"1000\" height=\"469\" data-init-height=\"668\" title=\"alexandre III bridge &amp; military museum in paris france\" src=\"http:\/\/paristouristinformation.fr\/es\/wp-content\/uploads\/2020\/12\/alexandre-III-bridge-military-museum-in-paris-france.jpg\" data-width=\"702\" data-height=\"469\" data-pinpro-key=\"qfhea3msu\" loading=\"lazy\"><\/span><\/p>\n<p>Como uno de los mayores museos de armas del mundo, el Mus\u00e9e de l&#8217;Arm\u00e9e alberga una amplia colecci\u00f3n sobre la historia militar de Francia.Los fondos del museo incluyen m\u00e1s de 500.000 objetos que abarcan un periodo que va desde la Prehistoria hasta la actualidad.En una superficie de unos 8.000 metros cuadrados, los visitantes pueden explorar las salas de exposici\u00f3n estructuradas tem\u00e1ticamente y ver objetos militares como armas, armaduras, uniformes, fotograf\u00edas, cuadros y objetos personales de personalidades importantes como Luis XIV y Charles de Gaulle.Lo m\u00e1s destacado del museo es la colecci\u00f3n de armas y armaduras antiguas, que es la tercera m\u00e1s grande del mundo, as\u00ed como modelos de artiller\u00eda \u00fanicos. Tambi\u00e9n merece la pena ver el \u00abMonumento a Charles de Gaulle\u00bb, una sala multimedia interactiva dedicada al presidente franc\u00e9s Charles de Gaulle.La pieza central, sin embargo, es el D\u00f4me des Invalides con la tumba de Napole\u00f3n I. Junto con el museo, forma parte del complejo de edificios Les Invalides y es una de <a href=\"https:\/\/paristouristinformation.fr\/es\/cosas-que-hacer\/atracciones\/\" target=\"_blank\" rel=\"noopener\"><strong>las atracciones m\u00e1s populares de Par\u00eds.<\/strong><\/a><\/p>\n<p><b>El museo puede dividirse en las siguientes \u00e1reas de exposici\u00f3n:<\/b><\/p>\n<ul>\n<li>Patio principal y las colecciones de artiller\u00eda<\/li>\n<li>Departamento antiguo, armaduras y armas antiguas, siglos XIII &#8211; XVII<\/li>\n<li>Departamento moderno, de Luis XIV a Napole\u00f3n III, 1643 &#8211; 1870<\/li>\n<li>Salas especiales de exposici\u00f3n<\/li>\n<li>D\u00f4me des Invalides, Tumba de Napole\u00f3n I.<\/li>\n<li>Departamento Contempor\u00e1neo, las dos guerras mundiales, 1871-1945<\/li>\n<li>El monumento a Charles de Gaulle<\/li>\n<li>Catedral de San Luis de los Inv\u00e1lidos<\/li>\n<\/ul>\n<h3>Exposiciones temporales<\/h3>\n<p>Dos veces al a\u00f1o, en primavera y en oto\u00f1o, el programa del museo se enriquece con una notable exposici\u00f3n hist\u00f3rico-cultural. Para obtener una visi\u00f3n actualizada de las exposiciones temporales, consulte el <a href=\"https:\/\/www.musee-armee.fr\/en\/programme.html\" target=\"_blank\" style=\"outline: none;\" rel=\"noopener nofollow\">sitio web oficial del Museo del Ej\u00e9rcito.<\/a>.<\/p>\n<h3>Conciertos<\/h3>\n<p>El Museo del Ej\u00e9rcito acoge conciertos de m\u00fasica cl\u00e1sica varias veces al a\u00f1o. Se presentan con prioridad conjuntos famosos como la Orquesta Sinf\u00f3nica de la Guardia Republicana, el Coro del Ej\u00e9rcito Franc\u00e9s, la Orquesta de Armon\u00eda del Ej\u00e9rcito del Aire o la orquesta del Conservatorio de Par\u00eds.&nbsp;<\/p>\n<h3>Cine en el Museo<\/h3>\n<p>En el auditorio del museo se proyectan regularmente pel\u00edculas gratuitas.&nbsp;<\/p>\n<h3>Eventos y conferencias<\/h3>\n<p>Como parte del programa cultural, en el Museo del Ej\u00e9rcito se presentan diversos actos y conferencias. La entrada a estos eventos es gratuita, pero es necesario reservar.&nbsp;<\/p>\n<h3>Librer\u00eda<\/h3>\n<p>En la recepci\u00f3n de la entrada de la plaza Vauban se encuentra una librer\u00eda que vende recuerdos y postales, as\u00ed como una amplia selecci\u00f3n de libros sobre las colecciones del Museo del Ej\u00e9rcito.<\/p>\n<h3>Caf\u00e9 en el museo<\/h3>\n<p>El caf\u00e9-restaurante \u00abLe carr\u00e9 des Invalides\u00bb, situado en la entrada de la plaza Vauban, ofrece a los visitantes la posibilidad de relajarse y comer en un ambiente agradable.<\/p>\n<div class=\"tcb-post-list tve-content-list thrv_wrapper\" data-type=\"grid\" data-pagination-type=\"none\" data-pages_near_current=\"2\" data-css=\"tve-u-177202f6fa5\" data-total_post_count=\"2\" data-total_sticky_count=\"0\" data-no_posts_text=\"There are no posts to display.\"><article id=\"post-426\" class=\"post-426 page type-page status-publish has-post-thumbnail hentry post-wrapper thrv_wrapper thrive-animated-item \" tcb_hover_state_parent=\"\" shortcode=\"tcb_post_list\" data-id=\"426\" data-selector=\".post-wrapper\"><style class=\"tcb-post-list-dynamic-style\" type=\"text\/css\"><\/style><\/p>\n<h3 style=\"\"><span data-attr-link=\"1\" data-attr-rel=\"0\" data-attr-target=\"0\" data-extra_key=\"\" data-option-inline=\"1\" data-shortcode=\"tcb_post_title\" data-shortcode-name=\"Post title\" data-attr-css=\"\" style=\"\" data-attr-static-link=\"{&quot;className&quot;:&quot;tve-froala fr-basic&quot;,&quot;href&quot;:&quot;https:\/\/paristouristinformation.fr\/es\/cosas-que-hacer\/gratis\/&quot;,&quot;title&quot;:&quot;Las 10 mejores cosas que hacer gratis en Par\u00eds&quot;,&quot;class&quot;:&quot;tve-froala fr-basic&quot;}\"><a href=\"https:\/\/www.paristouristinformation.fr\/es\/compras\/centro\/\" title=\"10 Mejores centros comerciales de Par\u00eds\" data-css=\"\" class=\"tve-froala fr-basic\">10 Mejores centros comerciales de Par\u00eds<\/a><\/span><\/h3>\n<p><\/article><article id=\"post-73\" class=\"post-73 page type-page status-publish has-post-thumbnail hentry post-wrapper thrv_wrapper thrive-animated-item \" tcb_hover_state_parent=\"\" shortcode=\"tcb_post_list\" data-id=\"73\" data-selector=\".post-wrapper\"><style class=\"tcb-post-list-dynamic-style\" type=\"text\/css\"><\/style><\/p>\n<h3 style=\"\"><span data-attr-link=\"1\" data-attr-rel=\"0\" data-attr-target=\"0\" data-extra_key=\"\" data-option-inline=\"1\" data-shortcode=\"tcb_post_title\" data-shortcode-name=\"Post title\" data-attr-css=\"\" style=\"\" data-attr-static-link=\"{&quot;className&quot;:&quot;tve-froala fr-basic&quot;,&quot;href&quot;:&quot;https:\/\/paristouristinformation.fr\/es\/cosas-que-hacer\/gratis\/&quot;,&quot;title&quot;:&quot;Las 10 mejores cosas que hacer gratis en Par\u00eds&quot;,&quot;class&quot;:&quot;tve-froala fr-basic&quot;}\"><a href=\"https:\/\/www.paristouristinformation.fr\/es\/cosas-que-hacer\/gratis\/\" title=\"10 Mejores cosas que hacer gratis en Par\u00eds\" data-css=\"\" class=\"tve-froala fr-basic\">10 Mejores cosas que hacer gratis en Par\u00eds<\/a><\/span><\/h3>\n<p><\/article><\/div>\n<h2 id=\"t-1612273150005\">Entrada, billetes y visitas<\/h2>\n<p><span><img decoding=\"async\" alt=\"\" data-id=\"4860\" width=\"702\" data-init-width=\"1000\" height=\"468\" data-init-height=\"667\" title=\"military museum interior in paris in france\" src=\"http:\/\/paristouristinformation.fr\/es\/wp-content\/uploads\/2020\/12\/military-museum-interior-in-paris-in-france.jpg\" data-width=\"702\" data-height=\"468\" data-pinpro-key=\"x80whjtet\" loading=\"lazy\"><\/span><\/p>\n<ul>\n<li><span style=\"\"><strong>Entrada:<\/strong> Los visitantes menores de 18 a\u00f1os tienen entrada gratuita.<\/span><\/li>\n<li style=\"\"><span style=\"\"><strong>Entradas para museos: <\/strong>Consiga su entrada al Museo del Ej\u00e9rcito en Par\u00eds. La entrada al Museo le da acceso a las colecciones permanentes, a la Iglesia de la C\u00fapula, a la Tumba de Napole\u00f3n I y a la exposici\u00f3n temporal, junto con el Museo de la Orden de la Liberaci\u00f3n y el Museo de los Mapas en Relieve.<\/span><\/li>\n<li><span style=\"\"><strong>Entradas para conciertos:<\/strong> Los visitantes que deseen asistir a un concierto en el museo deben comprar una entrada por separado.<\/span><\/li>\n<li><span style=\"\"><strong>Visitas: <\/strong>Los visitantes interesados en conocer mejor las exposiciones del Museo del Ej\u00e9rcito y la historia de Francia pueden participar en una de las distintas visitas tem\u00e1ticas.<\/span><\/li>\n<\/ul>\n<ul>\n<li><span style=\"\">Para ahorrar tiempo y dinero, y evitarle problemas, puede preparar su viaje comprando por adelantado todos los billetes online que necesite en nuestra tienda <em><strong>oficial de billetes de Par\u00eds.<\/strong><\/em><\/span><\/li>\n<\/ul>\n<p>__CONFIG_colors_palette__{\u00abactive_palette\u00bb:0,\u00bbconfig\u00bb:{\u00abcolors\u00bb:{\u00abf8570\u00bb:{\u00abname\u00bb:\u00bbMain Accent\u00bb,\u00bbparent\u00bb:-1}},\u00bbgradients\u00bb:[]},\u00bbpalettes\u00bb:[{\u00abname\u00bb:\u00bbDefault Palette\u00bb,\u00bbvalue\u00bb:{\u00abcolors\u00bb:{\u00abf8570\u00bb:{\u00abval\u00bb:\u00bbvar(&#8211;tcb-skin-color-0)\u00bb}},\u00bbgradients\u00bb:[]},\u00bboriginal\u00bb:{\u00abcolors\u00bb:{\u00abf8570\u00bb:{\u00abval\u00bb:\u00bbrgb(19, 114, 211)\u00bb,\u00bbhsl\u00bb:{\u00abh\u00bb:210,\u00bbs\u00bb:0.83,\u00bbl\u00bb:0.45}}},\u00bbgradients\u00bb:[]}}]}__CONFIG_colors_palette__ <a href=\"http:\/\/paristouristinformation.fr\/es\/tours-and-tickets\/\"> <span><span style=\"\">Ir a la tienda de entradas de Par\u00eds<\/span><\/span> <\/a><\/p>\n<h2 id=\"t-1612273150006\" data-alt-text=\"How to get there ?\">\u00bfC\u00f3mo llegar al Museo del Ej\u00e9rcito en Par\u00eds?<\/h2>\n<p><span><img decoding=\"async\" alt=\"\" data-id=\"4857\" width=\"702\" data-init-width=\"1000\" height=\"477\" data-init-height=\"680\" title=\"canons in military museum in paris in france\" src=\"http:\/\/paristouristinformation.fr\/es\/wp-content\/uploads\/2020\/12\/canons-in-military-museum-in-paris-in-france.jpg\" data-width=\"702\" data-height=\"477\" data-pinpro-key=\"qfm7zntg4\" loading=\"lazy\"><\/span><\/p>\n<p>El Museo del Ej\u00e9rcito de Par\u00eds se encuentra en el complejo de edificios del H\u00f4tel national des Invalides, en el distrito 7 de Par\u00eds.La forma m\u00e1s f\u00e1cil de llegar es en los autobuses 82 o 92 hasta la estaci\u00f3n \u00abVauban &#8211; H\u00f4tel des Invalides\u00bb y entrar por la plaza Vauban.Tambi\u00e9n puede tomar el metro 8 hasta la estaci\u00f3n \u00abLa Tour-Maubourg\u00bb y caminar 5 minutos hasta la entrada en la Esplanade des Invalides.<\/p>\n<h2 id=\"t-1612273150007\" data-alt-text=\"FAQ (Frequently Asked Questions)\">Preguntas frecuentes<\/h2>\n<h2 id=\"t-1612273150008\" data-alt-text=\"History of the Museum\">Historia del Museo del Ej\u00e9rcito en Par\u00eds<\/h2>\n<p><span><img decoding=\"async\" alt=\"\" data-id=\"4863\" width=\"702\" data-init-width=\"1000\" height=\"468\" data-init-height=\"667\" title=\"Napoleon Bonaparte at Military Museum in paris kopya\" src=\"http:\/\/paristouristinformation.fr\/es\/wp-content\/uploads\/2020\/12\/Napoleon-Bonaparte-at-Military-Museum-in-paris-kopya.jpg\" data-width=\"702\" data-height=\"468\" style=\"\" data-pinpro-key=\"soznvfxf5\" loading=\"lazy\"><\/span><\/p>\n<p>El Mus\u00e9e de l&#8217;Arm\u00e9e abri\u00f3 sus puertas en 1905 en el H\u00f4tel national des Invalides.La fundaci\u00f3n del Museo del Ej\u00e9rcito se remonta a la fusi\u00f3n de los dos museos de historia militar Mus\u00e9e d&#8217;Artillerie (el Museo de Artiller\u00eda fundado en 1795) y el Mus\u00e9e Historique de l&#8217;Arm\u00e9e (el Museo Hist\u00f3rico del Ej\u00e9rcito fundado en 1897).Con sus extensas colecciones y su variado programa cultural, el Museo del Ej\u00e9rcito es hoy uno de los museos m\u00e1s visitados de Par\u00eds.<\/p>\n<h2 id=\"t-1612273150009\" data-alt-text=\"Contact\">Contacto y mapa<\/h2>\n<ul>\n<li><span style=\"\"><strong>Direcci\u00f3n: <\/strong>H\u00f4tel national des Invalides 129 rue de Grenelle, 75007 Par\u00eds<\/span><\/li>\n<li><span style=\"\"><strong>Horario de apertura: <\/strong>De 10:00 a 18:00 todos los d\u00edas.<\/span><\/li>\n<li><span style=\"\"><strong>Transporte p\u00fablico: <\/strong>Autob\u00fas 82 o 92 hasta \u00abVauban &#8211; H\u00f4tel des Invalides\u00bb<\/span><\/li>\n<li style=\"\"><span style=\"\"><strong>P\u00e1gina web: <a href=\"https:\/\/www.musee-armee.fr\/en\/english-version.html\" style=\"outline: none;\" rel=\"nofollow noopener\" target=\"_blank\">www.musee-armee.fr\/en<\/a>&nbsp;<\/strong><\/span><\/li>\n<\/ul>\n<ul>\n<li><span style=\"\">\u00bfEst\u00e1 planeando su viaje a Par\u00eds? Te hemos preparado una lista con los <a href=\"https:\/\/paristouristinformation.fr\/es\/cosas-que-hacer\/museo\/\" target=\"_blank\" rel=\"noopener\"><strong>30 mejores museos que visitar en Par\u00eds<\/strong>.<\/a><\/span><\/li>\n<\/ul>\n<p>__CONFIG_colors_palette__{\u00abactive_palette\u00bb:0,\u00bbconfig\u00bb:{\u00abcolors\u00bb:{\u00ab50ce5\u00bb:{\u00abname\u00bb:\u00bbMain Accent\u00bb,\u00bbparent\u00bb:-1}},\u00bbgradients\u00bb:[]},\u00bbpalettes\u00bb:[{\u00abname\u00bb:\u00bbDefault Palette\u00bb,\u00bbvalue\u00bb:{\u00abcolors\u00bb:{\u00ab50ce5\u00bb:{\u00abval\u00bb:\u00bbvar(&#8211;tcb-skin-color-0)\u00bb}},\u00bbgradients\u00bb:[]},\u00bboriginal\u00bb:{\u00abcolors\u00bb:{\u00ab50ce5\u00bb:{\u00abval\u00bb:\u00bbrgb(19, 114, 211)\u00bb,\u00bbhsl\u00bb:{\u00abh\u00bb:210,\u00bbs\u00bb:0.83,\u00bbl\u00bb:0.45,\u00bba\u00bb:1}}},\u00bbgradients\u00bb:[]}}]}__CONFIG_colors_palette__ <a href=\"http:\/\/paristouristinformation.fr\/es\/things-to-do\/museum\/\"> <span><span>M\u00e1s museos que visitar en Par\u00eds<\/span><\/span> <\/a><\/p>\n<h2 style=\"\" id=\"t-1642417530718\">Visitas y entradas a Par\u00eds<\/h2>\n<p style=\"text-align: left;\">Descubra Par\u00eds hoy mismo con las visitas y entradas m\u00e1s preferidas sin tener que hacer cola.<\/p>\n<h2 style=\"\" id=\"t-1642417530719\">Art\u00edculos relacionados:<\/h2>\n<div class=\"tcb-post-list tve-content-list thrv_wrapper\" data-type=\"grid\" data-pagination-type=\"none\" data-pages_near_current=\"2\" data-css=\"tve-u-17dddb13fc8\" data-total_post_count=\"3\" data-total_sticky_count=\"0\" data-no_posts_text=\"There are no posts to display.\"><article id=\"post-68\" class=\"post-68 page type-page status-publish has-post-thumbnail hentry post-wrapper thrv_wrapper thrive-animated-item  tve_evt_manager_listen tve_ea_thrive_animation tve_et_mouseover tve_anim_grow\" tcb_hover_state_parent=\"\" class=\"tve_evt_manager_listen tve_ea_thrive_animation tve_et_mouseover tve_anim_grow\" data-id=\"68\" data-selector=\".post-wrapper\"><style class=\"tcb-post-list-dynamic-style\" type=\"text\/css\">@media (min-width: 300px){[].tcb-post-list #post-68 []{background-image: url(\u00abhttps:\/\/www.paristouristinformation.fr\/es\/wp-content\/uploads\/2021\/02\/Top-30-Best-Museums-to-Visit-in-Paris-1024x538.jpg\u00ab) !important;}[].tcb-post-list #post-68 []:hover []{background-image: url(\u00abhttps:\/\/www.paristouristinformation.fr\/es\/wp-content\/uploads\/2021\/02\/Top-30-Best-Museums-to-Visit-in-Paris-1024x538.jpg\u00ab) !important;}}<\/style><a href=\"https:\/\/www.paristouristinformation.fr\/es\/cosas-que-hacer\/museo\/\" dynamic-postlink=\"tcb_post_the_permalink\" data-shortcode-id=\"56\"><\/a><\/p>\n<h3 style=\"text-align: center; padding-top: 0px !important; margin-top: 0px !important;\"><span data-attr-link=\"1\" data-attr-rel=\"0\" data-attr-target=\"0\" data-extra_key=\"\" data-option-inline=\"1\" data-shortcode=\"tcb_post_title\" data-shortcode-name=\"Post title\" data-attr-css=\"\" data-attr-static-link=\"{&quot;className&quot;:&quot;tve-froala fr-basic&quot;,&quot;href&quot;:&quot;https:\/\/paristouristinformation.fr\/es\/cosas-que-hacer\/&quot;,&quot;title&quot;:&quot;100 cosas que hacer en Par\u00eds&quot;,&quot;class&quot;:&quot;tve-froala fr-basic&quot;}\" style=\"\"><a href=\"https:\/\/www.paristouristinformation.fr\/es\/cosas-que-hacer\/museo\/\" title=\"30 Mejores museos para visitar en Par\u00eds: Entradas, ubicaci\u00f3n &amp; Consejos\" data-css=\"\" class=\"tve-froala fr-basic\">30 Mejores museos para visitar en Par\u00eds: Entradas, ubicaci\u00f3n &amp; Consejos<\/a><\/span><\/h3>\n<p><\/article><article id=\"post-4203\" class=\"post-4203 page type-page status-publish has-post-thumbnail hentry post-wrapper thrv_wrapper thrive-animated-item  tve_evt_manager_listen tve_ea_thrive_animation tve_et_mouseover tve_anim_grow\" tcb_hover_state_parent=\"\" class=\"tve_evt_manager_listen tve_ea_thrive_animation tve_et_mouseover tve_anim_grow\" data-id=\"4203\" data-selector=\".post-wrapper\"><style class=\"tcb-post-list-dynamic-style\" type=\"text\/css\">@media (min-width: 300px){[].tcb-post-list #post-4203 []{background-image: url(\u00abhttps:\/\/www.paristouristinformation.fr\/es\/wp-content\/uploads\/2020\/12\/Arc-de-Triomphe-cover-1024x538.jpg\u00ab) !important;}[].tcb-post-list #post-4203 []:hover []{background-image: url(\u00abhttps:\/\/www.paristouristinformation.fr\/es\/wp-content\/uploads\/2020\/12\/Arc-de-Triomphe-cover-1024x538.jpg\u00ab) !important;}}<\/style><a href=\"https:\/\/www.paristouristinformation.fr\/es\/cosas-que-hacer\/atracciones\/arco-de-triunfo\/\" dynamic-postlink=\"tcb_post_the_permalink\" data-shortcode-id=\"56\"><\/a><\/p>\n<h3 style=\"text-align: center; padding-top: 0px !important; margin-top: 0px !important;\"><span data-attr-link=\"1\" data-attr-rel=\"0\" data-attr-target=\"0\" data-extra_key=\"\" data-option-inline=\"1\" data-shortcode=\"tcb_post_title\" data-shortcode-name=\"Post title\" data-attr-css=\"\" data-attr-static-link=\"{&quot;className&quot;:&quot;tve-froala fr-basic&quot;,&quot;href&quot;:&quot;https:\/\/paristouristinformation.fr\/es\/cosas-que-hacer\/&quot;,&quot;title&quot;:&quot;100 cosas que hacer en Par\u00eds&quot;,&quot;class&quot;:&quot;tve-froala fr-basic&quot;}\" style=\"\"><a href=\"https:\/\/www.paristouristinformation.fr\/es\/cosas-que-hacer\/atracciones\/arco-de-triunfo\/\" title=\"Visitar el Arco del Triunfo en Par\u00eds: Consejos &amp; Entradas\" data-css=\"\" class=\"tve-froala fr-basic\">Visitar el Arco del Triunfo en Par\u00eds: Consejos &amp; Entradas<\/a><\/span><\/h3>\n<p><\/article><article id=\"post-7624\" class=\"post-7624 page type-page status-publish has-post-thumbnail hentry post-wrapper thrv_wrapper thrive-animated-item  tve_evt_manager_listen tve_ea_thrive_animation tve_et_mouseover tve_anim_grow\" tcb_hover_state_parent=\"\" class=\"tve_evt_manager_listen tve_ea_thrive_animation tve_et_mouseover tve_anim_grow\" data-id=\"7624\" data-selector=\".post-wrapper\"><style class=\"tcb-post-list-dynamic-style\" type=\"text\/css\">@media (min-width: 300px){[].tcb-post-list #post-7624 []{background-image: url(\u00abhttps:\/\/www.paristouristinformation.fr\/es\/wp-content\/uploads\/2021\/02\/Musee-Jacquemart-Andre-in-Paris-in-France-1024x538.jpg\u00ab) !important;}[].tcb-post-list #post-7624 []:hover []{background-image: url(\u00abhttps:\/\/www.paristouristinformation.fr\/es\/wp-content\/uploads\/2021\/02\/Musee-Jacquemart-Andre-in-Paris-in-France-1024x538.jpg\u00ab) !important;}}<\/style><a href=\"https:\/\/www.paristouristinformation.fr\/es\/cosas-que-hacer\/museo\/musee-jacquemart-andre\/\" dynamic-postlink=\"tcb_post_the_permalink\" data-shortcode-id=\"56\"><\/a><\/p>\n<h3 style=\"text-align: center; padding-top: 0px !important; margin-top: 0px !important;\"><span data-attr-link=\"1\" data-attr-rel=\"0\" data-attr-target=\"0\" data-extra_key=\"\" data-option-inline=\"1\" data-shortcode=\"tcb_post_title\" data-shortcode-name=\"Post title\" data-attr-css=\"\" data-attr-static-link=\"{&quot;className&quot;:&quot;tve-froala fr-basic&quot;,&quot;href&quot;:&quot;https:\/\/paristouristinformation.fr\/es\/cosas-que-hacer\/&quot;,&quot;title&quot;:&quot;100 cosas que hacer en Par\u00eds&quot;,&quot;class&quot;:&quot;tve-froala fr-basic&quot;}\" style=\"\"><a href=\"https:\/\/www.paristouristinformation.fr\/es\/cosas-que-hacer\/museo\/musee-jacquemart-andre\/\" title=\"Gu\u00eda del Museo Jacquemart Andre en Par\u00eds: Exposici\u00f3n &amp; Entradas\" data-css=\"\" class=\"tve-froala fr-basic\">Gu\u00eda del Museo Jacquemart Andre en Par\u00eds: Exposici\u00f3n &amp; Entradas<\/a><\/span><\/h3>\n<p><\/article><\/div>\n","protected":false},"excerpt":{"rendered":"<p>El Museo del Ej\u00e9rcito, \u00abMus\u00e9e de l&#8217;Arm\u00e9e\u00bb en franc\u00e9s, es el museo militar nacional de Francia. Se encuentra en el hermoso H\u00f4tel national des Invalides y alberga una de las mayores colecciones de historia y arte militar del mundo. Es un museo importante entre los museos de Par\u00eds.Francia tiene una importante historia y ha reunido [&hellip;]<\/p>\n","protected":false},"author":9,"featured_media":6676,"parent":68,"menu_order":0,"comment_status":"closed","ping_status":"closed","template":"","meta":{"footnotes":""},"tags":[],"class_list":{"0":"post-3384","1":"page","2":"type-page","3":"status-publish","4":"has-post-thumbnail","5":"hentry","6":"post-wrapper","7":"thrv_wrapper","10":"thrive-animated-item"},"wp-worthy-pixel":{"ignored":false,"public":null,"server":null,"url":null},"wp-worthy-type":"normal","_links":{"self":[{"href":"https:\/\/www.paristouristinformation.fr\/es\/wp-json\/wp\/v2\/pages\/3384","targetHints":{"allow":["GET"]}}],"collection":[{"href":"https:\/\/www.paristouristinformation.fr\/es\/wp-json\/wp\/v2\/pages"}],"about":[{"href":"https:\/\/www.paristouristinformation.fr\/es\/wp-json\/wp\/v2\/types\/page"}],"author":[{"embeddable":true,"href":"https:\/\/www.paristouristinformation.fr\/es\/wp-json\/wp\/v2\/users\/9"}],"replies":[{"embeddable":true,"href":"https:\/\/www.paristouristinformation.fr\/es\/wp-json\/wp\/v2\/comments?post=3384"}],"version-history":[{"count":0,"href":"https:\/\/www.paristouristinformation.fr\/es\/wp-json\/wp\/v2\/pages\/3384\/revisions"}],"up":[{"embeddable":true,"href":"https:\/\/www.paristouristinformation.fr\/es\/wp-json\/wp\/v2\/pages\/68"}],"wp:featuredmedia":[{"embeddable":true,"href":"https:\/\/www.paristouristinformation.fr\/es\/wp-json\/wp\/v2\/media\/6676"}],"wp:attachment":[{"href":"https:\/\/www.paristouristinformation.fr\/es\/wp-json\/wp\/v2\/media?parent=3384"}],"wp:term":[{"taxonomy":"post_tag","embeddable":true,"href":"https:\/\/www.paristouristinformation.fr\/es\/wp-json\/wp\/v2\/tags?post=3384"}],"curies":[{"name":"wp","href":"https:\/\/api.w.org\/{rel}","templated":true}]}}