{"id":3544,"date":"2020-12-02T10:56:41","date_gmt":"2020-12-02T10:56:41","guid":{"rendered":"http:\/\/paristouristinformation.fr\/es\/clone-of-reiseplanung-paris\/"},"modified":"2023-05-12T10:55:13","modified_gmt":"2023-05-12T10:55:13","slug":"plan","status":"publish","type":"page","link":"https:\/\/www.paristouristinformation.fr\/es\/plan\/","title":{"rendered":"Planifique su viaje a Par\u00eds"},"content":{"rendered":"<p>En esta p\u00e1gina, lea todo lo que necesita saber antes de viajar a la Ciudad de las Luces.Esto incluye c\u00f3mo llegar a Par\u00eds, los distritos centrales, los lugares de inter\u00e9s, consejos generales de viaje y las preguntas m\u00e1s importantes. Con m\u00e1s de 30 millones de visitantes extranjeros al a\u00f1o, Par\u00eds es uno de los destinos m\u00e1s populares del mundo. Con sus emblem\u00e1ticos monumentos, sus museos de fama mundial, su deliciosa cocina francesa y sus pintorescos barrios, no es de extra\u00f1ar que miles de visitantes se enamoren cada d\u00eda de esta m\u00e1gica ciudad.A ello hay que a\u00f1adir el famoso estilo de vida parisino, las experiencias \u00fanicas y las fant\u00e1sticas opciones de compra, pero tambi\u00e9n las grandes oportunidades para los <a href=\"https:\/\/paristouristinformation.fr\/es\/viajes-en-grupo\/\" target=\"_blank\" rel=\"noopener\"><strong>viajes en grupo<\/strong><\/a><em><strong>&nbsp;<\/strong><\/em>y los eventos M.I.C.E. Empecemos por c\u00f3mo llegar a Par\u00eds.<\/p>\n<h2 style=\"text-align: center; font-size: 26px !important;\">C\u00f3mo visitar Par\u00eds<\/h2>\n<p><a href=\"https:\/\/www.paristouristinformation.fr\/es\/plan\/gare-du-nord\/\" dynamic-postlink=\"tcb_post_the_permalink\" data-shortcode-id=\"3170\"><\/a><\/p>\n<h3 style=\"text-align: center; padding-top: 0px !important; margin-top: 0px !important;\">Gu\u00eda de la estaci\u00f3n de tren Gare du Nord de Par\u00eds<\/h3>\n<p><a href=\"https:\/\/www.paristouristinformation.fr\/es\/plan\/charles-de-gaulle\/\" dynamic-postlink=\"tcb_post_the_permalink\" data-shortcode-id=\"3170\"><\/a><\/p>\n<h3 style=\"text-align: center; padding-top: 0px !important; margin-top: 0px !important;\">Gu\u00eda de la estaci\u00f3n de tren Gare du Nord de Par\u00eds<\/h3>\n<p><a href=\"https:\/\/www.paristouristinformation.fr\/es\/plan\/paris-orly\/\" dynamic-postlink=\"tcb_post_the_permalink\" data-shortcode-id=\"3170\"><\/a><\/p>\n<h3 style=\"text-align: center; padding-top: 0px !important; margin-top: 0px !important;\">Gu\u00eda de la estaci\u00f3n de tren Gare du Nord de Par\u00eds<\/h3>\n<p><a href=\"https:\/\/www.paristouristinformation.fr\/es\/plan\/aeropuertos\/beauvais-tille\/\" dynamic-postlink=\"tcb_post_the_permalink\" data-shortcode-id=\"3170\"><\/a><\/p>\n<h3 style=\"text-align: center; padding-top: 0px !important; margin-top: 0px !important;\">Gu\u00eda de la estaci\u00f3n de tren Gare du Nord de Par\u00eds<\/h3>\n<p><a href=\"https:\/\/www.paristouristinformation.fr\/es\/plan\/transporte-publico\/\" dynamic-postlink=\"tcb_post_the_permalink\" data-shortcode-id=\"3170\"><\/a><\/p>\n<h3 style=\"text-align: center; padding-top: 0px !important; margin-top: 0px !important;\">Gu\u00eda de la estaci\u00f3n de tren Gare du Nord de Par\u00eds<\/h3>\n<p><a href=\"https:\/\/www.paristouristinformation.fr\/es\/plan\/transporte-publico\/metro\/\" dynamic-postlink=\"tcb_post_the_permalink\" data-shortcode-id=\"3170\"><\/a><\/p>\n<h3 style=\"text-align: center; padding-top: 0px !important; margin-top: 0px !important;\">Gu\u00eda de la estaci\u00f3n de tren Gare du Nord de Par\u00eds<\/h3>\n<p><span lang=\"EN-US\">Hay tres aeropuertos internacionales en Par\u00eds, a los que llega una amplia gama de compa\u00f1\u00edas a\u00e9reas. <\/span><a href=\"https:\/\/paristouristinformation.fr\/es\/plan\/charles-de-gaulle\/\" target=\"_blank\" rel=\"noopener\"><span lang=\"EN-US\"><strong>El aeropuerto Charles de Gaulle<\/strong><\/span><\/a><span lang=\"EN-US\"> est\u00e1 a unos 23 kil\u00f3metros al norte de Par\u00eds. Es el principal aeropuerto y ofrece buenas conexiones de transporte p\u00fablico con la ciudad. <\/span><\/p>\n<p><a href=\"https:\/\/paristouristinformation.fr\/es\/plan\/paris-orly\/\" target=\"_blank\" style=\"outline: none;\" rel=\"noopener\"><strong><span lang=\"EN-US\">El aeropuerto de Orly&nbsp;<\/span><\/strong><\/a><span lang=\"EN-US\">es otro de los principales aeropuertos de Par\u00eds. Con una distancia de 9 kil\u00f3metros, es el m\u00e1s cercano a la ciudad. Al igual que el Charles de Gaulle, est\u00e1 bien comunicado por transporte p\u00fablico.<\/span><\/p>\n<p><a href=\"https:\/\/paristouristinformation.fr\/es\/plan\/airports\/beauvais-tille\/\" target=\"_blank\" rel=\"noopener\"><strong><span lang=\"EN-US\">El aeropuerto de Beauvais-Till\u00e9<\/span><\/strong><\/a><em><strong><span lang=\"EN-US\">,&nbsp;<\/span><\/strong><\/em><span lang=\"EN-US\">en cambio, es el m\u00e1s lejano. Puede llegar a este peque\u00f1o aeropuerto, a 84 kil\u00f3metros de Par\u00eds, en autob\u00fas, taxi o servicio de transporte.Otra opci\u00f3n popular para viajar a Par\u00eds es el tren o el autob\u00fas. Hay muchas conexiones directas regulares desde numerosas ciudades europeas. En Par\u00eds, las principales estaciones de tren est\u00e1n situadas en el centro de la ciudad y est\u00e1n conectadas con la red de metro de Par\u00eds.Si decide viajar a Par\u00eds en coche, tenga en cuenta que necesitar\u00e1 una pegatina Crit&#8217;Air para conducir su veh\u00edculo en Par\u00eds. Para aparcar, puede dirigirse a los aparcamientos de varias plantas o a los aparcamientos Park&amp;Ride situados junto a algunas estaciones de metro. M\u00e1s informaci\u00f3n<\/span><strong><span lang=\"EN-US\">&nbsp;<\/span><\/strong><a href=\"https:\/\/paristouristinformation.fr\/es\/plan\/transporte-publico\/aparcamiento\/\" target=\"_blank\" rel=\"noopener\"><strong><span lang=\"EN-US\">sobre los aparcamientos en Par\u00eds<\/span><\/strong><\/a><strong><span lang=\"EN-US\"><em>.<\/em><\/span><\/strong><\/p>\n<h3 style=\"\" id=\"t-1601911056464\">YourMobileGuide de Par\u00eds<\/h3>\n<p>Descargue su aplicaci\u00f3n m\u00f3vil y escuche las \u00faltimas gu\u00edas de los mejores barrios de Par\u00eds. \u00a1Es hora de descubrir de verdad el coraz\u00f3n de Par\u00eds!<\/p>\n<h2 style=\"text-align: center;\" id=\"t-1601911056483\">\u00bfD\u00f3nde debo alojarme en Par\u00eds?<\/h2>\n<p style=\"text-align: center;\">Barrios, hoteles, pisos y m\u00e1s&#8230;<\/p>\n<p style=\"padding: 0px !important; margin: 0px !important; text-align: center;\">12,2&nbsp;<\/p>\n<p style=\"padding: 0px !important; margin: 0px !important; text-align: center;\">Millones de residentes<\/p>\n<p style=\"padding: 0px !important; margin: 0px !important; line-height: 1.4em !important; text-align: center;\">20<\/p>\n<p style=\"padding: 0px !important; margin: 0px !important; text-align: center;\">Distritos o Arrondissements<\/p>\n<p style=\"padding: 0px !important; margin: 0px !important; line-height: 1.4em !important; text-align: center;\">80<\/p>\n<p style=\"padding: 0px !important; margin: 0px !important; text-align: center;\">Distritos o barrios urbanos<\/p>\n<p style=\"padding: 0px !important; margin: 0px !important; line-height: 1.4em !important; text-align: center;\">72.000+<\/p>\n<p style=\"padding: 0px !important; margin: 0px !important; text-align: center;\">Camas de hotel<\/p>\n<p><a href=\"https:\/\/www.paristouristinformation.fr\/es\/plan\/donde-alojarse\/\" dynamic-postlink=\"tcb_post_the_permalink\" data-shortcode-id=\"1457\"><\/a><\/p>\n<h2 style=\"\"><span data-shortcode=\"tcb_post_title\" data-shortcode-name=\"Post title\" data-extra_key=\"\" data-attr-link=\"1\" data-attr-target=\"0\" data-attr-rel=\"0\" data-option-inline=\"1\" data-attr-static-link=\"{&quot;className&quot;:&quot;tve-froala fr-basic&quot;,&quot;href&quot;:&quot;https:\/\/www.paristouristinformation.fr\/es\/plan\/donde-alojarse\/&quot;,&quot;title&quot;:&quot;Las mejores zonas para alojarse en Par\u00eds&quot;,&quot;class&quot;:&quot;tve-froala fr-basic&quot;}\" data-attr-css=\"\"><a href=\"https:\/\/www.paristouristinformation.fr\/es\/plan\/donde-alojarse\/\" title=\"Las mejores zonas para alojarse en Par\u00eds\" data-css=\"\">Las mejores zonas para alojarse en Par\u00eds<\/a><\/span><\/h2>\n<p>No hay duda de que la ubicaci\u00f3n que elija para reservar su hotel en Par\u00eds afectar\u00e1 a toda su experiencia de viaje. Las condiciones de la habitaci\u00f3n y las actividades de los alrededores son los aspectos m\u00e1s importantes a tener en cuenta a la hora de preparar su viaje, especialmente <a href=\"https:\/\/www.paristouristinformation.fr\/es\/plan\/donde-alojarse\/#more-1457\"><\/a><\/p>\n<p><a href=\"https:\/\/www.paristouristinformation.fr\/es\/plan\/donde-alojarse\/\"><span><\/span><span><span>Read More<\/span><\/span><\/a><a href=\"https:\/\/www.paristouristinformation.fr\/es\/hotel\/luna-de-miel\/\" dynamic-postlink=\"tcb_post_the_permalink\" data-shortcode-id=\"5472\"><\/a><\/p>\n<h3 style=\"text-align: center; padding-top: 0px !important; margin-top: 0px !important;\"><span data-attr-link=\"1\" data-attr-rel=\"0\" data-attr-target=\"0\" data-extra_key=\"\" data-option-inline=\"1\" data-shortcode=\"tcb_post_title\" data-shortcode-name=\"Post title\" data-attr-css=\"\" data-attr-static-link=\"{&quot;className&quot;:&quot;tve-froala fr-basic&quot;,&quot;href&quot;:&quot;https:\/\/www.paristouristinformation.fr\/es\/hotel\/luna-de-miel\/&quot;,&quot;title&quot;:&quot;15 hoteles para la luna de miel en Par\u00eds&quot;,&quot;class&quot;:&quot;tve-froala fr-basic&quot;}\" style=\"\"><a href=\"https:\/\/www.paristouristinformation.fr\/es\/hotel\/luna-de-miel\/\" title=\"15 hoteles para la luna de miel en Par\u00eds\" data-css=\"\">15 hoteles para la luna de miel en Par\u00eds<\/a><\/span><\/h3>\n<p><a href=\"https:\/\/www.paristouristinformation.fr\/es\/hotel\/3-estrellas\/\" dynamic-postlink=\"tcb_post_the_permalink\" data-shortcode-id=\"5472\"><\/a><\/p>\n<h3 style=\"text-align: center; padding-top: 0px !important; margin-top: 0px !important;\"><span data-attr-link=\"1\" data-attr-rel=\"0\" data-attr-target=\"0\" data-extra_key=\"\" data-option-inline=\"1\" data-shortcode=\"tcb_post_title\" data-shortcode-name=\"Post title\" data-attr-css=\"\" data-attr-static-link=\"{&quot;className&quot;:&quot;tve-froala fr-basic&quot;,&quot;href&quot;:&quot;https:\/\/www.paristouristinformation.fr\/es\/hotel\/luna-de-miel\/&quot;,&quot;title&quot;:&quot;15 hoteles para la luna de miel en Par\u00eds&quot;,&quot;class&quot;:&quot;tve-froala fr-basic&quot;}\" style=\"\"><a href=\"https:\/\/www.paristouristinformation.fr\/es\/hotel\/3-estrellas\/\" title=\"25 hoteles econ\u00f3micos de 3 estrellas en Par\u00eds\" data-css=\"\">25 hoteles econ\u00f3micos de 3 estrellas en Par\u00eds<\/a><\/span><\/h3>\n<p><a href=\"https:\/\/www.paristouristinformation.fr\/es\/hotel\/disneyland\/\" dynamic-postlink=\"tcb_post_the_permalink\" data-shortcode-id=\"5472\"><\/a><\/p>\n<h3 style=\"text-align: center; padding-top: 0px !important; margin-top: 0px !important;\"><span data-attr-link=\"1\" data-attr-rel=\"0\" data-attr-target=\"0\" data-extra_key=\"\" data-option-inline=\"1\" data-shortcode=\"tcb_post_title\" data-shortcode-name=\"Post title\" data-attr-css=\"\" data-attr-static-link=\"{&quot;className&quot;:&quot;tve-froala fr-basic&quot;,&quot;href&quot;:&quot;https:\/\/www.paristouristinformation.fr\/es\/hotel\/luna-de-miel\/&quot;,&quot;title&quot;:&quot;15 hoteles para la luna de miel en Par\u00eds&quot;,&quot;class&quot;:&quot;tve-froala fr-basic&quot;}\" style=\"\"><a href=\"https:\/\/www.paristouristinformation.fr\/es\/hotel\/disneyland\/\" title=\"Los 15 mejores hoteles de Disneylandia en Par\u00eds\" data-css=\"\">Los 15 mejores hoteles de Disneylandia en Par\u00eds<\/a><\/span><\/h3>\n<p><a href=\"javascript:void(0)\"><span style=\"\"><span style=\"\">Load More<\/span><\/span><\/a><\/p>\n<h2 style=\"text-align: center; font-size: 26px !important;\">Cosas que hacer en Par\u00eds<\/h2>\n<p><a href=\"https:\/\/www.paristouristinformation.fr\/es\/cosas-que-hacer\/\" dynamic-postlink=\"tcb_post_the_permalink\" data-shortcode-id=\"56\"><\/a><\/p>\n<h3 style=\"text-align: center; padding-top: 0px !important; margin-top: 0px !important;\"><span data-attr-link=\"1\" data-attr-rel=\"0\" data-attr-target=\"0\" data-extra_key=\"\" data-option-inline=\"1\" data-shortcode=\"tcb_post_title\" data-shortcode-name=\"Post title\" data-attr-css=\"\" data-attr-static-link=\"{&quot;className&quot;:&quot;tve-froala fr-basic&quot;,&quot;href&quot;:&quot;https:\/\/www.paristouristinformation.fr\/es\/cosas-que-hacer\/&quot;,&quot;title&quot;:&quot;100 cosas que hacer en Par\u00eds&quot;,&quot;class&quot;:&quot;tve-froala fr-basic&quot;}\"><a href=\"https:\/\/www.paristouristinformation.fr\/es\/cosas-que-hacer\/\" title=\"100 cosas que hacer en Par\u00eds\" data-css=\"\">100 cosas que hacer en Par\u00eds<\/a><\/span><\/h3>\n<p><a href=\"https:\/\/www.paristouristinformation.fr\/es\/cosas-que-hacer\/museo\/\" dynamic-postlink=\"tcb_post_the_permalink\" data-shortcode-id=\"56\"><\/a><\/p>\n<h3 style=\"text-align: center; padding-top: 0px !important; margin-top: 0px !important;\"><span data-attr-link=\"1\" data-attr-rel=\"0\" data-attr-target=\"0\" data-extra_key=\"\" data-option-inline=\"1\" data-shortcode=\"tcb_post_title\" data-shortcode-name=\"Post title\" data-attr-css=\"\" data-attr-static-link=\"{&quot;className&quot;:&quot;tve-froala fr-basic&quot;,&quot;href&quot;:&quot;https:\/\/www.paristouristinformation.fr\/es\/cosas-que-hacer\/&quot;,&quot;title&quot;:&quot;100 cosas que hacer en Par\u00eds&quot;,&quot;class&quot;:&quot;tve-froala fr-basic&quot;}\"><a href=\"https:\/\/www.paristouristinformation.fr\/es\/cosas-que-hacer\/museo\/\" title=\"Los 30 mejores museos para visitar en Par\u00eds: Entradas, ubicaci\u00f3n &amp; Consejos\" data-css=\"\">Los 30 mejores museos para visitar en Par\u00eds: Entradas, ubicaci\u00f3n &amp; Consejos<\/a><\/span><\/h3>\n<p><a href=\"https:\/\/www.paristouristinformation.fr\/es\/cosas-que-hacer\/disneyland\/\" dynamic-postlink=\"tcb_post_the_permalink\" data-shortcode-id=\"56\"><\/a><\/p>\n<h3 style=\"text-align: center; padding-top: 0px !important; margin-top: 0px !important;\"><span data-attr-link=\"1\" data-attr-rel=\"0\" data-attr-target=\"0\" data-extra_key=\"\" data-option-inline=\"1\" data-shortcode=\"tcb_post_title\" data-shortcode-name=\"Post title\" data-attr-css=\"\" data-attr-static-link=\"{&quot;className&quot;:&quot;tve-froala fr-basic&quot;,&quot;href&quot;:&quot;https:\/\/www.paristouristinformation.fr\/es\/cosas-que-hacer\/&quot;,&quot;title&quot;:&quot;100 cosas que hacer en Par\u00eds&quot;,&quot;class&quot;:&quot;tve-froala fr-basic&quot;}\"><a href=\"https:\/\/www.paristouristinformation.fr\/es\/cosas-que-hacer\/disneyland\/\" title=\"Disneyland Par\u00eds: Entradas, atracciones, hoteles y ofertas\" data-css=\"\">Disneyland Par\u00eds: Entradas, atracciones, hoteles y ofertas<\/a><\/span><\/h3>\n<p><a href=\"https:\/\/www.paristouristinformation.fr\/es\/cosas-que-hacer\/parques\/\" dynamic-postlink=\"tcb_post_the_permalink\" data-shortcode-id=\"56\"><\/a><\/p>\n<h3 style=\"text-align: center; padding-top: 0px !important; margin-top: 0px !important;\"><span data-attr-link=\"1\" data-attr-rel=\"0\" data-attr-target=\"0\" data-extra_key=\"\" data-option-inline=\"1\" data-shortcode=\"tcb_post_title\" data-shortcode-name=\"Post title\" data-attr-css=\"\" data-attr-static-link=\"{&quot;className&quot;:&quot;tve-froala fr-basic&quot;,&quot;href&quot;:&quot;https:\/\/www.paristouristinformation.fr\/es\/cosas-que-hacer\/&quot;,&quot;title&quot;:&quot;100 cosas que hacer en Par\u00eds&quot;,&quot;class&quot;:&quot;tve-froala fr-basic&quot;}\"><a href=\"https:\/\/www.paristouristinformation.fr\/es\/cosas-que-hacer\/parques\/\" title=\"Los 10 mejores parques y jardines de Par\u00eds\" data-css=\"\">Los 10 mejores parques y jardines de Par\u00eds<\/a><\/span><\/h3>\n<p><a href=\"https:\/\/www.paristouristinformation.fr\/es\/cosas-que-hacer\/puntos-de-vista\/\" dynamic-postlink=\"tcb_post_the_permalink\" data-shortcode-id=\"56\"><\/a><\/p>\n<h3 style=\"text-align: center; padding-top: 0px !important; margin-top: 0px !important;\"><span data-attr-link=\"1\" data-attr-rel=\"0\" data-attr-target=\"0\" data-extra_key=\"\" data-option-inline=\"1\" data-shortcode=\"tcb_post_title\" data-shortcode-name=\"Post title\" data-attr-css=\"\" data-attr-static-link=\"{&quot;className&quot;:&quot;tve-froala fr-basic&quot;,&quot;href&quot;:&quot;https:\/\/www.paristouristinformation.fr\/es\/cosas-que-hacer\/&quot;,&quot;title&quot;:&quot;100 cosas que hacer en Par\u00eds&quot;,&quot;class&quot;:&quot;tve-froala fr-basic&quot;}\"><a href=\"https:\/\/www.paristouristinformation.fr\/es\/cosas-que-hacer\/puntos-de-vista\/\" title=\"Las 7 mejores vistas panor\u00e1micas del horizonte de Par\u00eds\" data-css=\"\">Las 7 mejores vistas panor\u00e1micas del horizonte de Par\u00eds<\/a><\/span><\/h3>\n<p><a href=\"https:\/\/www.paristouristinformation.fr\/es\/cosas-que-hacer\/para-ninos\/\" dynamic-postlink=\"tcb_post_the_permalink\" data-shortcode-id=\"56\"><\/a><\/p>\n<h3 style=\"text-align: center; padding-top: 0px !important; margin-top: 0px !important;\"><span data-attr-link=\"1\" data-attr-rel=\"0\" data-attr-target=\"0\" data-extra_key=\"\" data-option-inline=\"1\" data-shortcode=\"tcb_post_title\" data-shortcode-name=\"Post title\" data-attr-css=\"\" data-attr-static-link=\"{&quot;className&quot;:&quot;tve-froala fr-basic&quot;,&quot;href&quot;:&quot;https:\/\/www.paristouristinformation.fr\/es\/cosas-que-hacer\/&quot;,&quot;title&quot;:&quot;100 cosas que hacer en Par\u00eds&quot;,&quot;class&quot;:&quot;tve-froala fr-basic&quot;}\"><a href=\"https:\/\/www.paristouristinformation.fr\/es\/cosas-que-hacer\/para-ninos\/\" title=\"27 cosas que hacer con ni\u00f1os en Par\u00eds\" data-css=\"\">27 cosas que hacer con ni\u00f1os en Par\u00eds<\/a><\/span><\/h3>\n<p><a href=\"https:\/\/www.paristouristinformation.fr\/es\/restaurantes\/tejado\/\" dynamic-postlink=\"tcb_post_the_permalink\" data-shortcode-id=\"56\"><\/a><\/p>\n<h3 style=\"text-align: center; padding-top: 0px !important; margin-top: 0px !important;\"><span data-attr-link=\"1\" data-attr-rel=\"0\" data-attr-target=\"0\" data-extra_key=\"\" data-option-inline=\"1\" data-shortcode=\"tcb_post_title\" data-shortcode-name=\"Post title\" data-attr-css=\"\" data-attr-static-link=\"{&quot;className&quot;:&quot;tve-froala fr-basic&quot;,&quot;href&quot;:&quot;https:\/\/www.paristouristinformation.fr\/es\/cosas-que-hacer\/&quot;,&quot;title&quot;:&quot;100 cosas que hacer en Par\u00eds&quot;,&quot;class&quot;:&quot;tve-froala fr-basic&quot;}\"><a href=\"https:\/\/www.paristouristinformation.fr\/es\/restaurantes\/tejado\/\" title=\"10 bares y restaurantes con vistas en Par\u00eds\" data-css=\"\">10 bares y restaurantes con vistas en Par\u00eds<\/a><\/span><\/h3>\n<p><a href=\"https:\/\/www.paristouristinformation.fr\/es\/cosas-que-hacer\/gratis\/\" dynamic-postlink=\"tcb_post_the_permalink\" data-shortcode-id=\"56\"><\/a><\/p>\n<h3 style=\"text-align: center; padding-top: 0px !important; margin-top: 0px !important;\"><span data-attr-link=\"1\" data-attr-rel=\"0\" data-attr-target=\"0\" data-extra_key=\"\" data-option-inline=\"1\" data-shortcode=\"tcb_post_title\" data-shortcode-name=\"Post title\" data-attr-css=\"\" data-attr-static-link=\"{&quot;className&quot;:&quot;tve-froala fr-basic&quot;,&quot;href&quot;:&quot;https:\/\/www.paristouristinformation.fr\/es\/cosas-que-hacer\/&quot;,&quot;title&quot;:&quot;100 cosas que hacer en Par\u00eds&quot;,&quot;class&quot;:&quot;tve-froala fr-basic&quot;}\"><a href=\"https:\/\/www.paristouristinformation.fr\/es\/cosas-que-hacer\/gratis\/\" title=\"Las 10 mejores cosas que hacer gratis en Par\u00eds\" data-css=\"\">Las 10 mejores cosas que hacer gratis en Par\u00eds<\/a><\/span><\/h3>\n<p><a href=\"https:\/\/www.paristouristinformation.fr\/es\/cosas-que-hacer\/iglesia\/\" dynamic-postlink=\"tcb_post_the_permalink\" data-shortcode-id=\"56\"><\/a><\/p>\n<h3 style=\"text-align: center; padding-top: 0px !important; margin-top: 0px !important;\"><span data-attr-link=\"1\" data-attr-rel=\"0\" data-attr-target=\"0\" data-extra_key=\"\" data-option-inline=\"1\" data-shortcode=\"tcb_post_title\" data-shortcode-name=\"Post title\" data-attr-css=\"\" data-attr-static-link=\"{&quot;className&quot;:&quot;tve-froala fr-basic&quot;,&quot;href&quot;:&quot;https:\/\/www.paristouristinformation.fr\/es\/cosas-que-hacer\/&quot;,&quot;title&quot;:&quot;100 cosas que hacer en Par\u00eds&quot;,&quot;class&quot;:&quot;tve-froala fr-basic&quot;}\"><a href=\"https:\/\/www.paristouristinformation.fr\/es\/cosas-que-hacer\/iglesia\/\" title=\"Las 12 iglesias m\u00e1s visitadas de Par\u00eds [con entradas].\" data-css=\"\">Las 12 iglesias m\u00e1s visitadas de Par\u00eds [con entradas].<\/a><\/span><\/h3>\n<p><span lang=\"EN-US\">Par\u00eds es mundialmente conocida por su riqueza en atracciones tur\u00edsticas. <\/span><\/p>\n<p><span lang=\"EN-US\">Lugares emblem\u00e1ticos como la <\/span><a href=\"https:\/\/paristouristinformation.fr\/es\/cosas-que-hacer\/torre-eiffel\/\" target=\"_blank\" style=\"outline: none;\" rel=\"noopener\"><span lang=\"EN-US\">Torre Eiffel<\/span><\/a><span lang=\"EN-US\">&nbsp;o el <\/span><a href=\"https:\/\/paristouristinformation.fr\/es\/cosas-que-hacer\/atracciones\/arco-de-triunfo\/\" target=\"_blank\" style=\"outline: none;\" rel=\"noopener\"><span lang=\"EN-US\">Arco del Triunfo<\/span><\/a><span lang=\"EN-US\"> est\u00e1n en lo m\u00e1s alto de cualquier lista de deseos, al igual que los museos de categor\u00eda mundial, sobre todo el Louvre o el Museo de Orsay.<\/span><\/p>\n<p><span lang=\"EN-US\">Planifique una visita a <\/span><a href=\"https:\/\/paristouristinformation.fr\/es\/cosas-que-hacer\/disneyland\/\" target=\"_blank\" style=\"outline: none;\" rel=\"noopener\"><span lang=\"EN-US\">Disneyland <\/span><\/a><span lang=\"EN-US\">Par\u00eds, viva la vida nocturna parisina en un espect\u00e1culo de cabaret y rel\u00e1jese en los maravillosos parques y jardines de la ciudad. <\/span><\/p>\n<p><span lang=\"EN-US\">No hay que perderse los hermosos <\/span><a href=\"https:\/\/paristouristinformation.fr\/es\/cosas-que-hacer\/versailles\/\" target=\"_blank\" style=\"outline: none;\" rel=\"noopener\"><span lang=\"EN-US\">castillos<\/span><\/a><span lang=\"EN-US\">,&nbsp;<\/span><a href=\"https:\/\/paristouristinformation.fr\/es\/cosas-que-hacer\/iglesia\/\" target=\"_blank\" style=\"outline: none;\" rel=\"noopener\"><span lang=\"EN-US\">iglesias y catedrales <\/span><\/a><span lang=\"EN-US\">de Par\u00eds, como <\/span><a href=\"https:\/\/paristouristinformation.fr\/es\/cosas-que-hacer\/iglesia\/notre-dame\/\" target=\"_blank\" rel=\"noopener\"><span lang=\"EN-US\">Notre-Dame<\/span><\/a><span lang=\"EN-US\">&nbsp;y <\/span><a href=\"https:\/\/paristouristinformation.fr\/es\/cosas-que-hacer\/iglesia\/sacre-coeur-basilica\/\" target=\"_blank\" style=\"outline: none;\" rel=\"noopener\"><span lang=\"EN-US\">Sacr\u00e9-Coeur<\/span><\/a><span lang=\"EN-US\">. <\/span><\/p>\n<p><span lang=\"EN-US\">Hay tantas <\/span><a href=\"https:\/\/paristouristinformation.fr\/es\/cosas-que-hacer\/\" target=\"_blank\" rel=\"noopener\"><span lang=\"EN-US\">cosas que hacer en Par\u00eds<\/span><\/a><span lang=\"EN-US\"> que definitivamente no se aburrir\u00e1. Prep\u00e1rese para sorprenderse.<\/span><\/p>\n<h3 style=\"\" id=\"t-1601911056477\"><span style=\"\">Ticket Shop<\/span><\/h3>\n","protected":false},"excerpt":{"rendered":"<p>En esta p\u00e1gina, lea todo lo que necesita saber antes de viajar a la Ciudad de las Luces.Esto incluye c\u00f3mo llegar a Par\u00eds, los distritos centrales, los lugares de inter\u00e9s, consejos generales de viaje y las preguntas m\u00e1s importantes. Con m\u00e1s de 30 millones de visitantes extranjeros al a\u00f1o, Par\u00eds es uno de los destinos [&hellip;]<\/p>\n","protected":false},"author":9,"featured_media":4703,"parent":0,"menu_order":0,"comment_status":"closed","ping_status":"closed","template":"","meta":{"footnotes":""},"tags":[],"class_list":["post-3544","page","type-page","status-publish","has-post-thumbnail","hentry","post-wrapper","thrv_wrapper"],"wp-worthy-pixel":{"ignored":false,"public":null,"server":null,"url":null},"wp-worthy-type":"normal","_links":{"self":[{"href":"https:\/\/www.paristouristinformation.fr\/es\/wp-json\/wp\/v2\/pages\/3544","targetHints":{"allow":["GET"]}}],"collection":[{"href":"https:\/\/www.paristouristinformation.fr\/es\/wp-json\/wp\/v2\/pages"}],"about":[{"href":"https:\/\/www.paristouristinformation.fr\/es\/wp-json\/wp\/v2\/types\/page"}],"author":[{"embeddable":true,"href":"https:\/\/www.paristouristinformation.fr\/es\/wp-json\/wp\/v2\/users\/9"}],"replies":[{"embeddable":true,"href":"https:\/\/www.paristouristinformation.fr\/es\/wp-json\/wp\/v2\/comments?post=3544"}],"version-history":[{"count":0,"href":"https:\/\/www.paristouristinformation.fr\/es\/wp-json\/wp\/v2\/pages\/3544\/revisions"}],"wp:featuredmedia":[{"embeddable":true,"href":"https:\/\/www.paristouristinformation.fr\/es\/wp-json\/wp\/v2\/media\/4703"}],"wp:attachment":[{"href":"https:\/\/www.paristouristinformation.fr\/es\/wp-json\/wp\/v2\/media?parent=3544"}],"wp:term":[{"taxonomy":"post_tag","embeddable":true,"href":"https:\/\/www.paristouristinformation.fr\/es\/wp-json\/wp\/v2\/tags?post=3544"}],"curies":[{"name":"wp","href":"https:\/\/api.w.org\/{rel}","templated":true}]}}