{"id":3563,"date":"2020-12-02T16:36:41","date_gmt":"2020-12-02T16:36:41","guid":{"rendered":"http:\/\/paristouristinformation.fr\/es\/clone-of-empfohlene-hotels\/"},"modified":"2023-05-12T09:14:37","modified_gmt":"2023-05-12T09:14:37","slug":"hotel","status":"publish","type":"page","link":"https:\/\/www.paristouristinformation.fr\/es\/hotel\/","title":{"rendered":"Hoteles recomendados en Par\u00eds"},"content":{"rendered":"<h1>\u00bfD\u00f3nde puedo dormir en Par\u00eds?<\/h1>\n<p>Contacte con nosotros y consiga el mejor precio para una estancia en un hotel en el coraz\u00f3n de Par\u00eds. Servicio de reservas fiable y asistencia 24 horas al d\u00eda, 7 d\u00edas a la semana.<\/p>\n<h4>Reserva de grupos<\/h4>\n<p style=\"\">Podemos conseguirle el mejor precio para una reserva de grupo en un c\u00f3modo hotel en el centro de Par\u00eds.<\/p>\n<h4>Ofertas de pareja<\/h4>\n<p style=\"\">\u00bfLuna de miel o escapada rom\u00e1ntica en Par\u00eds? P\u00eddanos un presupuesto gratuito para los mejores hoteles para parejas en la capital del amor.<\/p>\n<h4>Estancia individual<\/h4>\n<p style=\"\">Le encontraremos la ubicaci\u00f3n perfecta y el precio del hotel perfecto seg\u00fan sus necesidades y deseos.<\/p>\n<p style=\"text-align: center;\">Hoteles recomendados en Par\u00eds<\/p>\n<p style=\"text-align: center;\">Hoteles c\u00e9ntricos de 3 a 5 estrellas<\/p>\n<p><a href=\"https:\/\/www.paristouristinformation.fr\/es\/hotel\/4-estrellas\/\" dynamic-postlink=\"tcb_post_the_permalink\" data-shortcode-id=\"5610\"><\/a><\/p>\n<h3 style=\"text-align: center; padding-top: 0px !important; margin-top: 0px !important;\">Los 25 mejores hoteles de 4 estrellas de Par\u00eds<\/h3>\n<p>En esta p\u00e1gina encontrar\u00e1 los mejores hoteles de <a href=\"https:\/\/www.paristouristinformation.fr\/es\/hotel\/4-estrellas\/#more-5608\">&#8230;<\/a><\/p>\n<p><a href=\"https:\/\/www.paristouristinformation.fr\/es\/hotel\/4-estrellas\/\"><span style=\"\"><span style=\"\">Leer m\u00e1s<\/span><\/span><\/a><a href=\"https:\/\/www.paristouristinformation.fr\/es\/hotel\/5-estrellas\/\" dynamic-postlink=\"tcb_post_the_permalink\" data-shortcode-id=\"5610\"><\/a><\/p>\n<h3 style=\"text-align: center; padding-top: 0px !important; margin-top: 0px !important;\">Los 25 mejores hoteles de 4 estrellas de Par\u00eds<\/h3>\n<p>En esta p\u00e1gina encontrar\u00e1 los mejores hoteles de <a href=\"https:\/\/www.paristouristinformation.fr\/es\/hotel\/5-estrellas\/#more-5610\">&#8230;<\/a><\/p>\n<p><a href=\"https:\/\/www.paristouristinformation.fr\/es\/hotel\/5-estrellas\/\"><span style=\"\"><span style=\"\">Leer m\u00e1s<\/span><\/span><\/a><a href=\"https:\/\/www.paristouristinformation.fr\/es\/hotel\/3-estrellas\/\" dynamic-postlink=\"tcb_post_the_permalink\" data-shortcode-id=\"5610\"><\/a><\/p>\n<h3 style=\"text-align: center; padding-top: 0px !important; margin-top: 0px !important;\">Los 25 mejores hoteles de 4 estrellas de Par\u00eds<\/h3>\n<p>En esta p\u00e1gina encontrar\u00e1 los mejores hoteles de <a href=\"https:\/\/www.paristouristinformation.fr\/es\/hotel\/3-estrellas\/#more-5469\">&#8230;<\/a><\/p>\n<p><a href=\"https:\/\/www.paristouristinformation.fr\/es\/hotel\/3-estrellas\/\"><span style=\"\"><span style=\"\">Leer m\u00e1s<\/span><\/span><\/a><a href=\"javascript:void(0)\"><span style=\"\"><span style=\"\">Load More<\/span><\/span><\/a><\/p>\n<p style=\"text-align: center;\">Hoteles para Disneylandia<\/p>\n<p style=\"text-align: center;\">Los mejores complejos para reservar con nosotros<\/p>\n<p><a href=\"https:\/\/www.paristouristinformation.fr\/es\/hotel\/disneyland\/\" dynamic-postlink=\"tcb_post_the_permalink\" data-shortcode-id=\"4999\"><\/a><\/p>\n<h3 style=\"text-align: center; padding-top: 0px !important; margin-top: 0px !important;\">Los 25 mejores hoteles de 4 estrellas de Par\u00eds<\/h3>\n<p>Est\u00e1 a punto de recibir consejos sobre el <a href=\"https:\/\/www.paristouristinformation.fr\/es\/hotel\/disneyland\/#more-4999\">&#8230;<\/a><\/p>\n<p><a href=\"https:\/\/www.paristouristinformation.fr\/es\/hotel\/disneyland\/\"><span style=\"\"><span style=\"\">Leer m\u00e1s<\/span><\/span><\/a><a href=\"javascript:void(0)\"><span style=\"\"><span style=\"\">Load More<\/span><\/span><\/a><\/p>\n<h2 style=\"text-align: center;\">Obtenga un presupuesto gratuito para los mejores hoteles de Par\u00eds<\/h2>\n<p style=\"text-align: center;\">Estaremos encantados de hablar de sus expectativas. Obtenga un presupuesto de varios hoteles de Par\u00eds seg\u00fan sus necesidades en 24 horas.<\/p>\n<p style=\"text-align: center;\">Hoteles en el centro de Par\u00eds<\/p>\n<p style=\"text-align: center;\">\u00bfDistritos para una visita a la ciudad?<\/p>\n<p><a href=\"https:\/\/www.paristouristinformation.fr\/es\/cosas-que-hacer\/distritos\/barrio-latino\/\" dynamic-postlink=\"tcb_post_the_permalink\" data-shortcode-id=\"1633\"><\/a><\/p>\n<h3 style=\"text-align: center; padding-top: 0px !important; margin-top: 0px !important;\">Las principales atracciones del Barrio Latino en Par\u00eds<\/h3>\n<p><a href=\"https:\/\/www.paristouristinformation.fr\/es\/cosas-que-hacer\/distritos\/montmartre\/\" dynamic-postlink=\"tcb_post_the_permalink\" data-shortcode-id=\"1633\"><\/a><\/p>\n<h3 style=\"text-align: center; padding-top: 0px !important; margin-top: 0px !important;\">Las principales atracciones del Barrio Latino en Par\u00eds<\/h3>\n<p><a href=\"https:\/\/www.paristouristinformation.fr\/es\/cosas-que-hacer\/distritos\/\" dynamic-postlink=\"tcb_post_the_permalink\" data-shortcode-id=\"1633\"><\/a><\/p>\n<h3 style=\"text-align: center; padding-top: 0px !important; margin-top: 0px !important;\">Las principales atracciones del Barrio Latino en Par\u00eds<\/h3>\n<p><a href=\"https:\/\/www.paristouristinformation.fr\/es\/cosas-que-hacer\/distritos\/ile-de-la-cite\/\" dynamic-postlink=\"tcb_post_the_permalink\" data-shortcode-id=\"1633\"><\/a><\/p>\n<h3 style=\"text-align: center; padding-top: 0px !important; margin-top: 0px !important;\">Las principales atracciones del Barrio Latino en Par\u00eds<\/h3>\n<p><a href=\"https:\/\/www.paristouristinformation.fr\/es\/plan\/donde-alojarse\/\" dynamic-postlink=\"tcb_post_the_permalink\" data-shortcode-id=\"1633\"><\/a><\/p>\n<h3 style=\"text-align: center; padding-top: 0px !important; margin-top: 0px !important;\">Las principales atracciones del Barrio Latino en Par\u00eds<\/h3>\n<p><a href=\"https:\/\/www.paristouristinformation.fr\/es\/cosas-que-hacer\/distritos\/le-marais\/\" dynamic-postlink=\"tcb_post_the_permalink\" data-shortcode-id=\"1633\"><\/a><\/p>\n<h3 style=\"text-align: center; padding-top: 0px !important; margin-top: 0px !important;\">Las principales atracciones del Barrio Latino en Par\u00eds<\/h3>\n<p><a href=\"javascript:void(0)\"><span style=\"\"><span style=\"\">Load More<\/span><\/span><\/a><\/p>\n<h3 style=\"\" id=\"t-1601911056464\">YourMobileGuide de Par\u00eds<\/h3>\n<p>Descargue su aplicaci\u00f3n m\u00f3vil y escuche las \u00faltimas gu\u00edas de los mejores barrios de Par\u00eds. \u00a1Es hora de descubrir de verdad el coraz\u00f3n de Par\u00eds!<\/p>\n<h2 style=\"text-align: center;\">Hable ahora con un agente de viajes<\/h2>\n<ul>\n<li style=\"\"><span style=\"\"><span><strong>A medida: <\/strong>Planificaci\u00f3n de viajes a medida para sus vacaciones ideales en Francia.<\/span><\/span><\/li>\n<li><span><span><strong>Privilegios en Francia: <\/strong>Traslados VIP gratuitos para los viajeros de paquetes vacacionales de m\u00e1s de 350 \u20ac de valor de reserva, ventajas en determinados centros tur\u00edsticos y lugares de Par\u00eds.<\/span><\/span><\/li>\n<li><span><span><strong>Con soporte de WhatsApp 24\/7: <\/strong>Estamos aqu\u00ed para nuestros viajeros de paquetes 24 \/ 7 todos los d\u00edas del a\u00f1o.<\/span><\/span><\/li>\n<\/ul>\n<h2 style=\"\">Servicio de reservas<\/h2>\n<p>Reservar hoteles con la Oficina de Turismo de Par\u00eds en l\u00ednea o a trav\u00e9s del formulario de contacto.<\/p>\n","protected":false},"excerpt":{"rendered":"<p>\u00bfD\u00f3nde puedo dormir en Par\u00eds? Contacte con nosotros y consiga el mejor precio para una estancia en un hotel en el coraz\u00f3n de Par\u00eds. Servicio de reservas fiable y asistencia 24 horas al d\u00eda, 7 d\u00edas a la semana. Reserva de grupos Podemos conseguirle el mejor precio para una reserva de grupo en un c\u00f3modo [&hellip;]<\/p>\n","protected":false},"author":10,"featured_media":9710,"parent":0,"menu_order":0,"comment_status":"closed","ping_status":"closed","template":"","meta":{"footnotes":""},"tags":[],"class_list":["post-3563","page","type-page","status-publish","has-post-thumbnail","hentry","post-wrapper","thrv_wrapper"],"wp-worthy-pixel":{"ignored":false,"public":null,"server":null,"url":null},"wp-worthy-type":"normal","_links":{"self":[{"href":"https:\/\/www.paristouristinformation.fr\/es\/wp-json\/wp\/v2\/pages\/3563","targetHints":{"allow":["GET"]}}],"collection":[{"href":"https:\/\/www.paristouristinformation.fr\/es\/wp-json\/wp\/v2\/pages"}],"about":[{"href":"https:\/\/www.paristouristinformation.fr\/es\/wp-json\/wp\/v2\/types\/page"}],"author":[{"embeddable":true,"href":"https:\/\/www.paristouristinformation.fr\/es\/wp-json\/wp\/v2\/users\/10"}],"replies":[{"embeddable":true,"href":"https:\/\/www.paristouristinformation.fr\/es\/wp-json\/wp\/v2\/comments?post=3563"}],"version-history":[{"count":0,"href":"https:\/\/www.paristouristinformation.fr\/es\/wp-json\/wp\/v2\/pages\/3563\/revisions"}],"wp:featuredmedia":[{"embeddable":true,"href":"https:\/\/www.paristouristinformation.fr\/es\/wp-json\/wp\/v2\/media\/9710"}],"wp:attachment":[{"href":"https:\/\/www.paristouristinformation.fr\/es\/wp-json\/wp\/v2\/media?parent=3563"}],"wp:term":[{"taxonomy":"post_tag","embeddable":true,"href":"https:\/\/www.paristouristinformation.fr\/es\/wp-json\/wp\/v2\/tags?post=3563"}],"curies":[{"name":"wp","href":"https:\/\/api.w.org\/{rel}","templated":true}]}}