{"id":3573,"date":"2020-12-02T17:52:29","date_gmt":"2020-12-02T17:52:29","guid":{"rendered":"http:\/\/paristouristinformation.fr\/es\/clone-of-kontakt\/"},"modified":"2023-05-12T07:32:48","modified_gmt":"2023-05-12T07:32:48","slug":"contact","status":"publish","type":"page","link":"https:\/\/www.paristouristinformation.fr\/es\/contact\/","title":{"rendered":"Contact"},"content":{"rendered":"<h1 style=\"text-align: left; font-size: 18px !important;\"><span style=\"font-weight: normal;\">\u00bfVIAJE A PAR\u00cdS PLANEADO?<\/span><\/h1>\n<h1 style=\"text-align: left;\">Contacto de la Oficina de Turismo de Par\u00eds<\/h1>\n<p style=\"text-align: left;\">Ayudamos a los viajeros en Par\u00eds siempre que sea posible. El contacto B2B est\u00e1 aqu\u00ed.&nbsp;<\/p>\n<p><span style=\"\"><a href=\"https:\/\/viennatouristinformation.com\/wp-content\/uploads\/2020\/10\/Influencers-1.jpg\" rel=\"nofollow noopener\" target=\"_blank\"><img decoding=\"async\" alt=\"Museo del Louvre en Par\u00eds en Francia (Editorial)\" data-id=\"6864\" title=\"Museo del Louvre en Par\u00eds en Francia (Editorial)\" src=\"\/\/paristouristinformation.fr\/es\/wp-content\/uploads\/2021\/01\/Louvre-Museum-in-Paris-in-France.jpg\" style=\"\" ml-d=\"0\" data-width=\"480\" data-height=\"252\" data-init-width=\"1200\" data-init-height=\"630\" mt-d=\"0\" width=\"480\" height=\"252\" data-link-wrap=\"true\" loading=\"lazy\"><\/a><\/span><\/p>\n<p style=\"text-align: center;\">P\u00f3ngase en contacto con nosotros en <strong>support@paristouristinformation.fr<\/strong> o utilice nuestro formulario de contacto.<\/p>\n<p>__CONFIG_colors_palette__{\u00abactive_palette\u00bb:0,\u00bbconfig\u00bb:{\u00abcolors\u00bb:{\u00ab49fd8\u00bb:{\u00abname\u00bb:\u00bbMain Accent\u00bb,\u00bbparent\u00bb:-1}},\u00bbgradients\u00bb:[]},\u00bbpalettes\u00bb:[{\u00abname\u00bb:\u00bbDefault\u00bb,\u00bbvalue\u00bb:{\u00abcolors\u00bb:{\u00ab49fd8\u00bb:{\u00abval\u00bb:\u00bbvar(&#8211;tcb-skin-color-0)\u00bb}},\u00bbgradients\u00bb:[]},\u00bboriginal\u00bb:{\u00abcolors\u00bb:{\u00ab49fd8\u00bb:{\u00abval\u00bb:\u00bbrgb(47, 138, 229)\u00bb,\u00bbhsl\u00bb:{\u00abh\u00bb:210,\u00bbs\u00bb:0.77,\u00bbl\u00bb:0.54,\u00bba\u00bb:1}}},\u00bbgradients\u00bb:[]}}]}__CONFIG_colors_palette__    <strong>Name <span style=\"color: var(--tcb-skin-color-0);\">*<\/span><\/strong>   <strong>E-Mail-Adress <span style=\"color: var(--tcb-skin-color-0);\">*<\/span><\/strong>   Phone (Optional)  <strong>Your Message&nbsp;<span style=\"color: var(--tcb-skin-color-0);\">*<\/span><\/strong>   <span>0 of 1000<\/span>  More space to write:   <span>0 of 1000<\/span>  __CONFIG_colors_palette__{\u00abactive_palette\u00bb:0,\u00bbconfig\u00bb:{\u00abcolors\u00bb:{\u00ab17ee7\u00bb:{\u00abname\u00bb:\u00bbMain Accent\u00bb,\u00bbparent\u00bb:-1}},\u00bbgradients\u00bb:[]},\u00bbpalettes\u00bb:[{\u00abname\u00bb:\u00bbDefault Palette\u00bb,\u00bbvalue\u00bb:{\u00abcolors\u00bb:{\u00ab17ee7\u00bb:{\u00abval\u00bb:\u00bbvar(&#8211;tcb-local-color-a779b)\u00bb,\u00bbhsl\u00bb:{\u00abh\u00bb:210,\u00bbs\u00bb:0.78,\u00bbl\u00bb:0.01}}},\u00bbgradients\u00bb:[]},\u00bboriginal\u00bb:{\u00abcolors\u00bb:{\u00ab17ee7\u00bb:{\u00abval\u00bb:\u00bbrgb(19, 114, 211)\u00bb,\u00bbhsl\u00bb:{\u00abh\u00bb:210,\u00bbs\u00bb:0.83,\u00bbl\u00bb:0.45}}},\u00bbgradients\u00bb:[]}}]}__CONFIG_colors_palette__ <a href=\"#\"><span style=\"\">  <\/span> <span style=\"\"><span style=\"\">Send Message<\/span><\/span> <\/a><\/p>\n<h2 style=\"\">como podemos ayudarte?<\/h2>\n<h3 style=\"\">1. Servicio de informaci\u00f3n<\/h3>\n<p style=\"\">Respuestas a preguntas sobre viajes planificados a Par\u00eds o durante su estancia.&nbsp;<\/p>\n<h3 style=\"\">2. Servicio de reserva<\/h3>\n<p style=\"\">Reserva de Hoteles, Entradas, Tour, Hoteles de Congresos y Viajes de Grupo<span style=\"font-size: 16px;\"><\/span>. Reserva de Restaurantes.&nbsp;<\/p>\n<h3 style=\"\">3. B2B y MICE<\/h3>\n<p style=\"\">Cooperaci\u00f3n con Paris Tourist Information en el sector de los viajes, desde proveedores locales hasta operadores tur\u00edsticos.&nbsp;<\/p>\n<h2 style=\"text-align: center;\">Contacto para otras solicitudes<\/h2>\n<p style=\"text-align: center;\">Requests for co-operations of media, tour operators, airlines, media, TV, newspapers and companies are possible with our contact form.&nbsp;<\/p>\n","protected":false},"excerpt":{"rendered":"<p>\u00bfVIAJE A PAR\u00cdS PLANEADO? Contacto de la Oficina de Turismo de Par\u00eds Ayudamos a los viajeros en Par\u00eds siempre que sea posible. El contacto B2B est\u00e1 aqu\u00ed.&nbsp; P\u00f3ngase en contacto con nosotros en support@paristouristinformation.fr o utilice nuestro formulario de contacto. __CONFIG_colors_palette__{\u00abactive_palette\u00bb:0,\u00bbconfig\u00bb:{\u00abcolors\u00bb:{\u00ab49fd8\u00bb:{\u00abname\u00bb:\u00bbMain Accent\u00bb,\u00bbparent\u00bb:-1}},\u00bbgradients\u00bb:[]},\u00bbpalettes\u00bb:[{\u00abname\u00bb:\u00bbDefault\u00bb,\u00bbvalue\u00bb:{\u00abcolors\u00bb:{\u00ab49fd8\u00bb:{\u00abval\u00bb:\u00bbvar(&#8211;tcb-skin-color-0)\u00bb}},\u00bbgradients\u00bb:[]},\u00bboriginal\u00bb:{\u00abcolors\u00bb:{\u00ab49fd8\u00bb:{\u00abval\u00bb:\u00bbrgb(47, 138, 229)\u00bb,\u00bbhsl\u00bb:{\u00abh\u00bb:210,\u00bbs\u00bb:0.77,\u00bbl\u00bb:0.54,\u00bba\u00bb:1}}},\u00bbgradients\u00bb:[]}}]}__CONFIG_colors_palette__ Name * E-Mail-Adress * Phone (Optional) Your Message&nbsp;* 0 of 1000 [&hellip;]<\/p>\n","protected":false},"author":10,"featured_media":6864,"parent":0,"menu_order":0,"comment_status":"closed","ping_status":"closed","template":"","meta":{"footnotes":""},"tags":[],"class_list":["post-3573","page","type-page","status-publish","has-post-thumbnail","hentry","post-wrapper","thrv_wrapper"],"wp-worthy-pixel":{"ignored":false,"public":null,"server":null,"url":null},"wp-worthy-type":"normal","_links":{"self":[{"href":"https:\/\/www.paristouristinformation.fr\/es\/wp-json\/wp\/v2\/pages\/3573","targetHints":{"allow":["GET"]}}],"collection":[{"href":"https:\/\/www.paristouristinformation.fr\/es\/wp-json\/wp\/v2\/pages"}],"about":[{"href":"https:\/\/www.paristouristinformation.fr\/es\/wp-json\/wp\/v2\/types\/page"}],"author":[{"embeddable":true,"href":"https:\/\/www.paristouristinformation.fr\/es\/wp-json\/wp\/v2\/users\/10"}],"replies":[{"embeddable":true,"href":"https:\/\/www.paristouristinformation.fr\/es\/wp-json\/wp\/v2\/comments?post=3573"}],"version-history":[{"count":0,"href":"https:\/\/www.paristouristinformation.fr\/es\/wp-json\/wp\/v2\/pages\/3573\/revisions"}],"wp:featuredmedia":[{"embeddable":true,"href":"https:\/\/www.paristouristinformation.fr\/es\/wp-json\/wp\/v2\/media\/6864"}],"wp:attachment":[{"href":"https:\/\/www.paristouristinformation.fr\/es\/wp-json\/wp\/v2\/media?parent=3573"}],"wp:term":[{"taxonomy":"post_tag","embeddable":true,"href":"https:\/\/www.paristouristinformation.fr\/es\/wp-json\/wp\/v2\/tags?post=3573"}],"curies":[{"name":"wp","href":"https:\/\/api.w.org\/{rel}","templated":true}]}}