{"id":3676,"date":"2020-12-04T07:58:46","date_gmt":"2020-12-04T07:58:46","guid":{"rendered":"http:\/\/paristouristinformation.fr\/es\/?page_id=3676"},"modified":"2023-05-11T12:31:51","modified_gmt":"2023-05-11T12:31:51","slug":"stade-de-france","status":"publish","type":"page","link":"https:\/\/www.paristouristinformation.fr\/es\/cosas-que-hacer\/atracciones\/stade-de-france\/","title":{"rendered":"Visitar el Stade de France en Par\u00eds Saint-Denis"},"content":{"rendered":"<p>Durante su viaje a Par\u00eds, si quiere participar en un evento impresionante, rodeado de miles de personas animando a todos juntos, el Stade de France es el lugar indicado. El Stade de France es el mayor estadio de f\u00fatbol y rugby de Francia y el quinto de Europa, con 80.698 localidades. En el Stade de France, podr\u00e1 asistir a los mayores acontecimientos de Francia, incluyendo obras de f\u00fatbol y rugby, pero tambi\u00e9n conciertos y eventos musicales.Si quiere saberlo todo sobre este m\u00e1gico lugar situado en el norte de Par\u00eds, siga leyendo. Le proporcionaremos una gu\u00eda completa del Stade de France con informaci\u00f3n \u00fatil e historia sobre el mismo.<\/p>\n<h2 id=\"t-1612210567039\" data-alt-text=\"What can I do ?\" style=\"\">\u00bfQu\u00e9 puedo hacer en el Stade de France de Par\u00eds?<\/h2>\n<p>Puede visitar el mayor estadio de Francia con un gu\u00eda profesional o a su propio ritmo.Como se ha dicho anteriormente, el estadio se utiliza para conciertos de m\u00fasica internacionales, otros eventos deportivos y espect\u00e1culos.Algunos m\u00fasicos que han actuado en el estadio son Madonna, Rihanna, Coldplay, ACDC, Beyonce, Jay Z, Red Hot Chilli Peppers, Metallica, Guns&#8217;n Roses, U2, The Rolling Stones, Eminem y muchos otros.Lo mejor que puede hacer en el Stade De France es participar en un evento que le guste, ya sea deportivo o de entretenimiento. Para ello, deber\u00e1 planificarlo con antelaci\u00f3n y reservar su entrada r\u00e1pidamente.<\/p>\n<p><span><img decoding=\"async\" alt=\"Stade de France in Paris\" data-id=\"6716\" width=\"680\" data-init-width=\"1000\" height=\"454\" data-init-height=\"667\" title=\"Stade de France in Paris\" src=\"http:\/\/paristouristinformation.fr\/es\/wp-content\/uploads\/2021\/01\/Stade-de-France-in-Paris.jpg\" data-width=\"680\" data-height=\"454\" data-pin-media=\"http:\/\/paristouristinformation.fr\/es\/wp-content\/uploads\/2021\/03\/prag_50_sehenswuerdigkeiten_pinterest-32.jpg\" data-pin-description=\"Amazing sport or entertainment event in Paris. Visit the Stade de France in Paris Saint-Denis, the biggest stadium of France. Tickets and Guided Tours.\" data-pin-url=\"http:\/\/paristouristinformation.fr\/es\/things-to-do\/attractions\/stade-de-france\/?tve=true&amp;tcbf=e9aa5eae8a\" data-pinpro-key=\"61lu5sobq\" loading=\"lazy\"><\/span><\/p>\n<h2 id=\"t-1612210567040\" data-alt-text=\"Entrance, Tickets and Tours\" style=\"\">Entradas y visitas al Stade de France ?<\/h2>\n<ul>\n<li style=\"\"><span style=\"\"><strong>Entradas : <\/strong>Las entradas para los eventos se facilitan en plataformas especiales y seguras, enlazadas a continuaci\u00f3n. Si no ha tenido tiempo de planearlo con antelaci\u00f3n, el estadio tambi\u00e9n ofrece un mercado de reventa seguro para comprar entradas a personas que han cambiado de opini\u00f3n y ya no pueden ir a un evento.<\/span><\/li>\n<li><span><a href=\"https:\/\/www.ticketmaster.fr\/fr\/salle\/stade-de-france\" style=\"outline: none;\" target=\"_blank\" rel=\"nofollow noopener\">Entradas para el Stade de France<\/a><\/span><\/li>\n<li><span><a href=\"https:\/\/www.stadefrance.com\/en\/practical-information\/official-ticket-exchange\" target=\"_blank\" style=\"outline: none;\" rel=\"nofollow noopener\">Mercado de reventa de entradas<\/a><\/span><\/li>\n<li><span style=\"\"><strong>Visitas : <\/strong>Puede visitar el estadio con un gu\u00eda profesional para conocer la informaci\u00f3n arquitect\u00f3nica, ver los lugares privados y el museo del legendario estadio. La duraci\u00f3n es de 1,5 horas con opciones en franc\u00e9s e ingl\u00e9s.<\/span><\/li>\n<li><span><a href=\"https:\/\/www.getyourguide.com\/activity\/paris-l16\/stade-de-france-legendary-behind-the-scenes-tour-t69880?utm_force=0\" target=\"_blank\" style=\"outline: none;\" rel=\"noopener nofollow\">Tour del Stade de France<\/a><\/span><\/li>\n<\/ul>\n<div class=\"tcb-post-list tve-content-list thrv_wrapper\" data-type=\"grid\" data-pagination-type=\"none\" data-pages_near_current=\"2\" data-css=\"tve-u-17740889f17\" data-total_post_count=\"4\" data-total_sticky_count=\"0\" data-no_posts_text=\"There are no posts to display.\"><article id=\"post-78\" class=\"post-78 page type-page status-publish has-post-thumbnail hentry post-wrapper thrv_wrapper thrive-animated-item \" tcb_hover_state_parent=\"\" shortcode=\"tcb_post_list\" data-id=\"78\" data-selector=\".post-wrapper\"><style class=\"tcb-post-list-dynamic-style\" type=\"text\/css\"><\/style><\/p>\n<h3 style=\"\"><span data-attr-link=\"1\" data-attr-rel=\"0\" data-attr-target=\"0\" data-extra_key=\"\" data-option-inline=\"1\" data-shortcode=\"tcb_post_title\" data-shortcode-name=\"Post title\" data-attr-css=\"\" style=\"\" data-attr-static-link=\"{&quot;className&quot;:&quot;tve-froala fr-basic&quot;,&quot;href&quot;:&quot;https:\/\/paristouristinformation.fr\/es\/cosas-que-hacer\/&quot;,&quot;title&quot;:&quot;100 cosas que hacer en Par\u00eds&quot;,&quot;class&quot;:&quot;tve-froala fr-basic&quot;}\"><a href=\"https:\/\/www.paristouristinformation.fr\/es\/cosas-que-hacer\/para-ninos\/\" title=\"27 Cosas que hacer con ni\u00f1os en Par\u00eds\" data-css=\"\" class=\"tve-froala fr-basic\">27 Cosas que hacer con ni\u00f1os en Par\u00eds<\/a><\/span><\/h3>\n<p><\/article><article id=\"post-426\" class=\"post-426 page type-page status-publish has-post-thumbnail hentry post-wrapper thrv_wrapper thrive-animated-item \" tcb_hover_state_parent=\"\" shortcode=\"tcb_post_list\" data-id=\"426\" data-selector=\".post-wrapper\"><style class=\"tcb-post-list-dynamic-style\" type=\"text\/css\"><\/style><\/p>\n<h3 style=\"\"><span data-attr-link=\"1\" data-attr-rel=\"0\" data-attr-target=\"0\" data-extra_key=\"\" data-option-inline=\"1\" data-shortcode=\"tcb_post_title\" data-shortcode-name=\"Post title\" data-attr-css=\"\" style=\"\" data-attr-static-link=\"{&quot;className&quot;:&quot;tve-froala fr-basic&quot;,&quot;href&quot;:&quot;https:\/\/paristouristinformation.fr\/es\/cosas-que-hacer\/&quot;,&quot;title&quot;:&quot;100 cosas que hacer en Par\u00eds&quot;,&quot;class&quot;:&quot;tve-froala fr-basic&quot;}\"><a href=\"https:\/\/www.paristouristinformation.fr\/es\/compras\/centro\/\" title=\"10 Mejores centros comerciales de Par\u00eds\" data-css=\"\" class=\"tve-froala fr-basic\">10 Mejores centros comerciales de Par\u00eds<\/a><\/span><\/h3>\n<p><\/article><article id=\"post-1457\" class=\"post-1457 page type-page status-publish has-post-thumbnail hentry post-wrapper thrv_wrapper thrive-animated-item \" tcb_hover_state_parent=\"\" shortcode=\"tcb_post_list\" data-id=\"1457\" data-selector=\".post-wrapper\"><style class=\"tcb-post-list-dynamic-style\" type=\"text\/css\"><\/style><\/p>\n<h3 style=\"\"><span data-attr-link=\"1\" data-attr-rel=\"0\" data-attr-target=\"0\" data-extra_key=\"\" data-option-inline=\"1\" data-shortcode=\"tcb_post_title\" data-shortcode-name=\"Post title\" data-attr-css=\"\" style=\"\" data-attr-static-link=\"{&quot;className&quot;:&quot;tve-froala fr-basic&quot;,&quot;href&quot;:&quot;https:\/\/paristouristinformation.fr\/es\/cosas-que-hacer\/&quot;,&quot;title&quot;:&quot;100 cosas que hacer en Par\u00eds&quot;,&quot;class&quot;:&quot;tve-froala fr-basic&quot;}\"><a href=\"https:\/\/www.paristouristinformation.fr\/es\/plan\/donde-alojarse\/\" title=\"Las mejores zonas para alojarse en Par\u00eds\" data-css=\"\" class=\"tve-froala fr-basic\">Las mejores zonas para alojarse en Par\u00eds<\/a><\/span><\/h3>\n<p><\/article><article id=\"post-8395\" class=\"post-8395 page type-page status-publish has-post-thumbnail hentry post-wrapper thrv_wrapper thrive-animated-item \" tcb_hover_state_parent=\"\" shortcode=\"tcb_post_list\" data-id=\"8395\" data-selector=\".post-wrapper\"><style class=\"tcb-post-list-dynamic-style\" type=\"text\/css\"><\/style><\/p>\n<h3 style=\"\"><span data-attr-link=\"1\" data-attr-rel=\"0\" data-attr-target=\"0\" data-extra_key=\"\" data-option-inline=\"1\" data-shortcode=\"tcb_post_title\" data-shortcode-name=\"Post title\" data-attr-css=\"\" style=\"\" data-attr-static-link=\"{&quot;className&quot;:&quot;tve-froala fr-basic&quot;,&quot;href&quot;:&quot;https:\/\/paristouristinformation.fr\/es\/cosas-que-hacer\/&quot;,&quot;title&quot;:&quot;100 cosas que hacer en Par\u00eds&quot;,&quot;class&quot;:&quot;tve-froala fr-basic&quot;}\"><a href=\"https:\/\/www.paristouristinformation.fr\/es\/cosas-que-hacer\/atracciones\/parc-asterix\/\" title=\"Parque tem\u00e1tico Ast\u00e9rix en Par\u00eds: Entradas, atracciones e informaci\u00f3n\" data-css=\"\" class=\"tve-froala fr-basic\">Parque tem\u00e1tico Ast\u00e9rix en Par\u00eds: Entradas, atracciones e informaci\u00f3n<\/a><\/span><\/h3>\n<p><\/article><\/div>\n<h2 id=\"t-1612210567041\" data-alt-text=\"How to get there ?\" style=\"\">\u00bfC\u00f3mo llegar al Stade de France?<\/h2>\n<p>El Stade de France est\u00e1 situado en el suburbio parisino de Saint-Denis, al norte de Par\u00eds, que tiene f\u00e1cil acceso a la ciudad.El aparcamiento es un problema si no se tiene una plaza reservada. Hay un n\u00famero limitado de plazas de aparcamiento con capacidad para unos 3.000 coches. La mayor\u00eda de los espectadores utilizan el transporte p\u00fablico para llegar. Se puede llegar f\u00e1cilmente desde las estaciones de RER-B y RER-D Stade de France. Los trenes RER se fletan especialmente para los partidos.<strong>Metro : <\/strong>(M) (13) y (T) (8), por la estaci\u00f3n Saint-Denis &#8211; Porte de Paris &#8211; RER : L\u00ednea B, estaci\u00f3n La Plaine Stade de France, L\u00ednea D, estaci\u00f3n Stade de France<\/p>\n<ul>\n<li><strong>Consejo: T<\/strong>ambi\u00e9n puede echar un vistazo al Estadio del <a href=\"https:\/\/paristouristinformation.fr\/es\/cosas-que-hacer\/parc-des-princes\/\" target=\"_blank\" rel=\"noopener\">Parque de los Pr\u00edncipes de Par\u00eds<\/a><\/li>\n<\/ul>\n<h2 id=\"t-1612210567042\" style=\"\">Preguntas frecuentes<\/h2>\n<h2 id=\"t-1612210567043\" style=\"\">Historia del Stade de France<\/h2>\n<p><span><img decoding=\"async\" alt=\"Stade de France in Paris in France\" data-id=\"4101\" width=\"680\" data-init-width=\"1200\" height=\"357\" data-init-height=\"630\" title=\"Stade de France in Paris in France\" src=\"http:\/\/paristouristinformation.fr\/es\/wp-content\/uploads\/2020\/12\/Stade-de-France-in-Paris-in-Francecover.jpg\" data-width=\"680\" data-height=\"357\" data-pin-media=\"http:\/\/paristouristinformation.fr\/es\/wp-content\/uploads\/2021\/03\/prag_50_sehenswuerdigkeiten_pinterest-32.jpg\" data-pin-description=\"Amazing sport or entertainment event in Paris. Visit the Stade de France in Paris Saint-Denis, the biggest stadium of France. Tickets and Guided Tours.\" data-pin-url=\"http:\/\/paristouristinformation.fr\/es\/things-to-do\/attractions\/stade-de-france\/?tve=true&amp;tcbf=e9aa5eae8a\" data-pinpro-key=\"uiaqj9gzr\" style=\"\" loading=\"lazy\"><\/span><\/p>\n<p>Se construy\u00f3 en 1995, cuando Francia era candidata a organizar la Copa Mundial de la FIFA de 1998. Fue inaugurado el 28 de enero de 1998 por Jacques Chirac, Presidente de la Rep\u00fablica. El primer partido fue entre Francia y Espa\u00f1a.El Stade de France es el mayor estadio modulable del mundo, dise\u00f1ado por un grupo de arquitectos llamado Michel Macary, Michel Regembal, Claude Constantini y Aymeric Zublena. Tiene un estilo \u00fanico con su techo en forma de elipse que simboliza la universalidad del deporte.Alberg\u00f3 las finales de la Liga de Campeones de la UEFA en 2000 y 2006. El Lille OSC jug\u00f3 aqu\u00ed todos los partidos de la Copa de Europa en 2005-2006.<\/p>\n<p>Perm\u00edtanos recordarle que si est\u00e1 planeando su viaje a Par\u00eds ahora mismo, puede beneficiarse de nuestras ofertas en nuestra tienda oficial de <em><strong>entradas de Par\u00eds<\/strong><\/em>. Tenemos grandes y pr\u00e1cticas ofertas con entradas sin colas a todos los museos importantes de Par\u00eds. Disfrute de un viaje f\u00e1cil a Par\u00eds.<\/p>\n<h2 id=\"t-1612210567044\" data-alt-text=\"Contact \" style=\"\">Contacto y mapa<\/h2>\n<ul>\n<li><span style=\"\"><strong>Direcci\u00f3n : <\/strong>Stade de France, 93200 Saint-Denis, Francia<\/span><\/li>\n<li><span style=\"\"><strong>Horarios de apertura : <\/strong>Cons\u00faltelos aqu\u00ed : <a href=\"https:\/\/www.stadefrance.com\/en\/practical-information\/e-tickets\" target=\"_blank\" style=\"outline: none;\" rel=\"noopener nofollow\">Sitio web oficial del Stade de France<\/a>&nbsp;<\/span><\/li>\n<li><span style=\"\"><strong>Transporte p\u00fablico: <\/strong>metro 13 y tranv\u00eda 8, RER l\u00ednea B, estaci\u00f3n La Plaine Stade de France, l\u00ednea D, estaci\u00f3n Stade de France.<\/span><\/li>\n<li style=\"\"><span style=\"\"><strong>P\u00e1gina web:&nbsp;<\/strong><a href=\"https:\/\/www.stadefrance.com\/\" target=\"_blank\" style=\"outline: none;\" rel=\"noopener nofollow\">stadefrance.com<\/a><\/span><\/li>\n<\/ul>\n<h2 style=\"\" id=\"t-1640072581641\">Visitas y entradas a Par\u00eds<\/h2>\n<p style=\"text-align: left;\">Descubra Par\u00eds hoy mismo con las visitas y entradas m\u00e1s preferidas sin tener que hacer cola.<\/p>\n<h2 style=\"\" id=\"t-1640072581642\" data-hide=\"true\">Art\u00edculos relacionados:<\/h2>\n<div class=\"tcb-post-list tve-content-list thrv_wrapper\" data-type=\"grid\" data-pagination-type=\"none\" data-pages_near_current=\"2\" data-css=\"tve-u-17ddbf73d7b\" data-total_post_count=\"4\" data-total_sticky_count=\"0\" data-no_posts_text=\"There are no posts to display.\"><article id=\"post-3930\" class=\"post-3930 page type-page status-publish has-post-thumbnail hentry post-wrapper thrv_wrapper thrive-animated-item  tve_evt_manager_listen tve_ea_thrive_animation tve_et_mouseover tve_anim_grow\" tcb_hover_state_parent=\"\" class=\"tve_evt_manager_listen tve_ea_thrive_animation tve_et_mouseover tve_anim_grow\" data-id=\"3930\" data-selector=\".post-wrapper\"><style class=\"tcb-post-list-dynamic-style\" type=\"text\/css\">@media (min-width: 300px){[].tcb-post-list #post-3930 []{background-image: url(\u00abhttps:\/\/www.paristouristinformation.fr\/es\/wp-content\/uploads\/2020\/12\/parc-des-princes-cover-1024x538.jpg\u00ab) !important;}[].tcb-post-list #post-3930 []:hover []{background-image: url(\u00abhttps:\/\/www.paristouristinformation.fr\/es\/wp-content\/uploads\/2020\/12\/parc-des-princes-cover-1024x538.jpg\u00ab) !important;}}<\/style><a href=\"https:\/\/www.paristouristinformation.fr\/es\/cosas-que-hacer\/parc-des-princes\/\" dynamic-postlink=\"tcb_post_the_permalink\" data-shortcode-id=\"3930\"><\/a><\/p>\n<h3 style=\"text-align: center; padding-top: 0px !important; margin-top: 0px !important;\"><span data-attr-link=\"1\" data-attr-rel=\"0\" data-attr-target=\"0\" data-extra_key=\"\" data-option-inline=\"1\" data-shortcode=\"tcb_post_title\" data-shortcode-name=\"Post title\" data-attr-css=\"\" data-attr-static-link=\"{&quot;className&quot;:&quot;tve-froala fr-basic&quot;,&quot;href&quot;:&quot;https:\/\/paristouristinformation.fr\/es\/cosas-que-hacer\/parc-des-princes\/&quot;,&quot;title&quot;:&quot;Estadio del Parque de los Pr\u00edncipes de Par\u00eds (PSG): Entradas y recorridos&quot;,&quot;class&quot;:&quot;tve-froala fr-basic&quot;}\" style=\"\"><a href=\"https:\/\/www.paristouristinformation.fr\/es\/cosas-que-hacer\/parc-des-princes\/\" title=\"Estadio del Parque de los Pr\u00edncipes de Par\u00eds (PSG): Entradas y recorridos\" data-css=\"\" class=\"tve-froala fr-basic\">Estadio del Parque de los Pr\u00edncipes de Par\u00eds (PSG): Entradas y recorridos<\/a><\/span><\/h3>\n<p><\/article><article id=\"post-8399\" class=\"post-8399 page type-page status-publish has-post-thumbnail hentry post-wrapper thrv_wrapper thrive-animated-item  tve_evt_manager_listen tve_ea_thrive_animation tve_et_mouseover tve_anim_grow\" tcb_hover_state_parent=\"\" class=\"tve_evt_manager_listen tve_ea_thrive_animation tve_et_mouseover tve_anim_grow\" data-id=\"8399\" data-selector=\".post-wrapper\"><style class=\"tcb-post-list-dynamic-style\" type=\"text\/css\">@media (min-width: 300px){[].tcb-post-list #post-8399 []{background-image: url(\u00abhttps:\/\/www.paristouristinformation.fr\/es\/wp-content\/uploads\/2021\/03\/TOP-12-Best-Apps-to-Visit-Paris-Transport-Discovery-Tips-1024x538.jpg\u00ab) !important;}[].tcb-post-list #post-8399 []:hover []{background-image: url(\u00abhttps:\/\/www.paristouristinformation.fr\/es\/wp-content\/uploads\/2021\/03\/TOP-12-Best-Apps-to-Visit-Paris-Transport-Discovery-Tips-1024x538.jpg\u00ab) !important;}}<\/style><a href=\"https:\/\/www.paristouristinformation.fr\/es\/faq\/aplicaciones\/\" dynamic-postlink=\"tcb_post_the_permalink\" data-shortcode-id=\"3930\"><\/a><\/p>\n<h3 style=\"text-align: center; padding-top: 0px !important; margin-top: 0px !important;\"><span data-attr-link=\"1\" data-attr-rel=\"0\" data-attr-target=\"0\" data-extra_key=\"\" data-option-inline=\"1\" data-shortcode=\"tcb_post_title\" data-shortcode-name=\"Post title\" data-attr-css=\"\" data-attr-static-link=\"{&quot;className&quot;:&quot;tve-froala fr-basic&quot;,&quot;href&quot;:&quot;https:\/\/paristouristinformation.fr\/es\/cosas-que-hacer\/parc-des-princes\/&quot;,&quot;title&quot;:&quot;Estadio del Parque de los Pr\u00edncipes de Par\u00eds (PSG): Entradas y recorridos&quot;,&quot;class&quot;:&quot;tve-froala fr-basic&quot;}\" style=\"\"><a href=\"https:\/\/www.paristouristinformation.fr\/es\/faq\/aplicaciones\/\" title=\"Las 12 mejores aplicaciones de viaje para visitar Par\u00eds: Transporte, descubrimiento, consejos\" data-css=\"\" class=\"tve-froala fr-basic\">Las 12 mejores aplicaciones de viaje para visitar Par\u00eds: Transporte, descubrimiento, consejos<\/a><\/span><\/h3>\n<p><\/article><article id=\"post-8121\" class=\"post-8121 page type-page status-publish has-post-thumbnail hentry post-wrapper thrv_wrapper thrive-animated-item  tve_evt_manager_listen tve_ea_thrive_animation tve_et_mouseover tve_anim_grow\" tcb_hover_state_parent=\"\" class=\"tve_evt_manager_listen tve_ea_thrive_animation tve_et_mouseover tve_anim_grow\" data-id=\"8121\" data-selector=\".post-wrapper\"><style class=\"tcb-post-list-dynamic-style\" type=\"text\/css\">@media (min-width: 300px){[].tcb-post-list #post-8121 []{background-image: url(\u00abhttps:\/\/www.paristouristinformation.fr\/es\/wp-content\/uploads\/2021\/07\/velib-bike-in-Paris-in-France-1024x538.jpg\u00ab) !important;}[].tcb-post-list #post-8121 []:hover []{background-image: url(\u00abhttps:\/\/www.paristouristinformation.fr\/es\/wp-content\/uploads\/2021\/07\/velib-bike-in-Paris-in-France-1024x538.jpg\u00ab) !important;}}<\/style><a href=\"https:\/\/www.paristouristinformation.fr\/es\/alquiler-de-bicicletas-en-paris\/\" dynamic-postlink=\"tcb_post_the_permalink\" data-shortcode-id=\"3930\"><\/a><\/p>\n<h3 style=\"text-align: center; padding-top: 0px !important; margin-top: 0px !important;\"><span data-attr-link=\"1\" data-attr-rel=\"0\" data-attr-target=\"0\" data-extra_key=\"\" data-option-inline=\"1\" data-shortcode=\"tcb_post_title\" data-shortcode-name=\"Post title\" data-attr-css=\"\" data-attr-static-link=\"{&quot;className&quot;:&quot;tve-froala fr-basic&quot;,&quot;href&quot;:&quot;https:\/\/paristouristinformation.fr\/es\/cosas-que-hacer\/parc-des-princes\/&quot;,&quot;title&quot;:&quot;Estadio del Parque de los Pr\u00edncipes de Par\u00eds (PSG): Entradas y recorridos&quot;,&quot;class&quot;:&quot;tve-froala fr-basic&quot;}\" style=\"\"><a href=\"https:\/\/www.paristouristinformation.fr\/es\/alquiler-de-bicicletas-en-paris\/\" title=\"Alquilar una bicicleta en Par\u00eds: \u00bfC\u00f3mo funciona?\" data-css=\"\" class=\"tve-froala fr-basic\">Alquilar una bicicleta en Par\u00eds: \u00bfC\u00f3mo funciona?<\/a><\/span><\/h3>\n<p><\/article><article id=\"post-8889\" class=\"post-8889 page type-page status-publish has-post-thumbnail hentry post-wrapper thrv_wrapper thrive-animated-item  tve_evt_manager_listen tve_ea_thrive_animation tve_et_mouseover tve_anim_grow\" tcb_hover_state_parent=\"\" class=\"tve_evt_manager_listen tve_ea_thrive_animation tve_et_mouseover tve_anim_grow\" data-id=\"8889\" data-selector=\".post-wrapper\"><style class=\"tcb-post-list-dynamic-style\" type=\"text\/css\">@media (min-width: 300px){[].tcb-post-list #post-8889 []{background-image: url(\u00abhttps:\/\/www.paristouristinformation.fr\/es\/wp-content\/uploads\/2021\/07\/pickpockets-in-Paris-in-France-1024x538.jpg\u00ab) !important;}[].tcb-post-list #post-8889 []:hover []{background-image: url(\u00abhttps:\/\/www.paristouristinformation.fr\/es\/wp-content\/uploads\/2021\/07\/pickpockets-in-Paris-in-France-1024x538.jpg\u00ab) !important;}}<\/style><a href=\"https:\/\/www.paristouristinformation.fr\/es\/faq\/evitar-carteristas-paris\/\" dynamic-postlink=\"tcb_post_the_permalink\" data-shortcode-id=\"3930\"><\/a><\/p>\n<h3 style=\"text-align: center; padding-top: 0px !important; margin-top: 0px !important;\"><span data-attr-link=\"1\" data-attr-rel=\"0\" data-attr-target=\"0\" data-extra_key=\"\" data-option-inline=\"1\" data-shortcode=\"tcb_post_title\" data-shortcode-name=\"Post title\" data-attr-css=\"\" data-attr-static-link=\"{&quot;className&quot;:&quot;tve-froala fr-basic&quot;,&quot;href&quot;:&quot;https:\/\/paristouristinformation.fr\/es\/cosas-que-hacer\/parc-des-princes\/&quot;,&quot;title&quot;:&quot;Estadio del Parque de los Pr\u00edncipes de Par\u00eds (PSG): Entradas y recorridos&quot;,&quot;class&quot;:&quot;tve-froala fr-basic&quot;}\" style=\"\"><a href=\"https:\/\/www.paristouristinformation.fr\/es\/faq\/evitar-carteristas-paris\/\" title=\"\u00bfC\u00f3mo evitar a los carteristas en Par\u00eds? Consejos sencillos pero \u00fatiles\" data-css=\"\" class=\"tve-froala fr-basic\">\u00bfC\u00f3mo evitar a los carteristas en Par\u00eds? Consejos sencillos pero \u00fatiles<\/a><\/span><\/h3>\n<p><\/article><\/div>\n","protected":false},"excerpt":{"rendered":"<p>Durante su viaje a Par\u00eds, si quiere participar en un evento impresionante, rodeado de miles de personas animando a todos juntos, el Stade de France es el lugar indicado. El Stade de France es el mayor estadio de f\u00fatbol y rugby de Francia y el quinto de Europa, con 80.698 localidades. En el Stade de [&hellip;]<\/p>\n","protected":false},"author":10,"featured_media":6715,"parent":2930,"menu_order":0,"comment_status":"closed","ping_status":"closed","template":"","meta":{"footnotes":""},"tags":[],"class_list":{"0":"post-3676","1":"page","2":"type-page","3":"status-publish","4":"has-post-thumbnail","5":"hentry","6":"post-wrapper","7":"thrv_wrapper","10":"thrive-animated-item"},"wp-worthy-pixel":{"ignored":false,"public":null,"server":null,"url":null},"wp-worthy-type":"normal","_links":{"self":[{"href":"https:\/\/www.paristouristinformation.fr\/es\/wp-json\/wp\/v2\/pages\/3676","targetHints":{"allow":["GET"]}}],"collection":[{"href":"https:\/\/www.paristouristinformation.fr\/es\/wp-json\/wp\/v2\/pages"}],"about":[{"href":"https:\/\/www.paristouristinformation.fr\/es\/wp-json\/wp\/v2\/types\/page"}],"author":[{"embeddable":true,"href":"https:\/\/www.paristouristinformation.fr\/es\/wp-json\/wp\/v2\/users\/10"}],"replies":[{"embeddable":true,"href":"https:\/\/www.paristouristinformation.fr\/es\/wp-json\/wp\/v2\/comments?post=3676"}],"version-history":[{"count":0,"href":"https:\/\/www.paristouristinformation.fr\/es\/wp-json\/wp\/v2\/pages\/3676\/revisions"}],"up":[{"embeddable":true,"href":"https:\/\/www.paristouristinformation.fr\/es\/wp-json\/wp\/v2\/pages\/2930"}],"wp:featuredmedia":[{"embeddable":true,"href":"https:\/\/www.paristouristinformation.fr\/es\/wp-json\/wp\/v2\/media\/6715"}],"wp:attachment":[{"href":"https:\/\/www.paristouristinformation.fr\/es\/wp-json\/wp\/v2\/media?parent=3676"}],"wp:term":[{"taxonomy":"post_tag","embeddable":true,"href":"https:\/\/www.paristouristinformation.fr\/es\/wp-json\/wp\/v2\/tags?post=3676"}],"curies":[{"name":"wp","href":"https:\/\/api.w.org\/{rel}","templated":true}]}}