{"id":3690,"date":"2020-12-04T09:21:49","date_gmt":"2020-12-04T09:21:49","guid":{"rendered":"http:\/\/paristouristinformation.fr\/es\/?page_id=3690"},"modified":"2023-10-05T08:26:59","modified_gmt":"2023-10-05T08:26:59","slug":"sacre-coeur-basilica","status":"publish","type":"page","link":"https:\/\/www.paristouristinformation.fr\/es\/cosas-que-hacer\/iglesia\/sacre-coeur-basilica\/","title":{"rendered":"Gu\u00eda de la Bas\u00edlica del Sacr\u00e9-C\u0153ur de Par\u00eds: \u00bfNecesita una entrada?"},"content":{"rendered":"<p>Al entrar en la iglesia de la Bas\u00edlica del Sacr\u00e9-C\u0153ur, quedar\u00e1 encantado por su atm\u00f3sfera m\u00edstica. El enorme mosaico bajo el altar que describe a Cristo en la Gloria es el mayor mosaico de Francia y uno de los mayores del mundo.Las primeras vidrieras se instalaron entre 1903 y 1920, pero durante la guerra fueron destruidas por los bombardeos de 1944. Las vidrieras que vemos hoy se volvieron a instalar en 1946.No hay entrada para acceder, pero es posible esperar un poco en la cola para el control de seguridad. No est\u00e1 permitido hacer fotos en el interior de la bas\u00edlica.El gran \u00f3rgano de la bas\u00edlica, construido en 1989 por el famoso Aristide Cavaille-Coll, est\u00e1 considerado como uno de los m\u00e1s notables de Europa. M\u00e1s detalles sobre la bas\u00edlica a continuaci\u00f3n.<\/p>\n<h3 data-block=\"6cbc0c36-b04c-41eb-9e25-0037444e6d18\" data-title=\"Heading\" data-type=\"core\/heading\" tabindex=\"0\" style=\"\">View of Paris from Sacr\u00e9-C\u0153ur Terrace<\/h3>\n<p><span><img decoding=\"async\" alt=\"\" data-id=\"4598\" width=\"702\" data-init-width=\"1000\" height=\"459\" data-init-height=\"653\" title=\"view from sacre coeur on montmartre in paris\" src=\"http:\/\/paristouristinformation.fr\/es\/wp-content\/uploads\/2020\/12\/view-from-sacre-coeur-on-montmartre-in-paris.jpg\" data-width=\"702\" data-height=\"459\" data-pin-media=\"http:\/\/paristouristinformation.fr\/es\/wp-content\/uploads\/2021\/03\/prag_50_sehenswuerdigkeiten_pinterest-41.jpg\" data-pin-description=\"Discover the basilica Sacr\u00e9-Coeur in Paris, the most impressive and visited Church of the city. We give you all information : Entrance, Tours, History...\" data-pin-url=\"http:\/\/paristouristinformation.fr\/es\/things-to-do\/church\/sacre-coeur-basilica\/?tve=true&amp;tcbf=332f412a3c\" data-pinpro-key=\"evz3atpo7\" loading=\"lazy\" style=\"aspect-ratio: auto 1000 \/ 653;\"><\/span><\/p>\n<p>La c\u00fapula ofrece una vista espectacular de Par\u00eds y del <a href=\"https:\/\/paristouristinformation.fr\/es\/cosas-que-hacer\/atracciones\/torre-montparnasse\/\" target=\"_blank\" rel=\"noopener\"><strong>barrio de Montmartre<\/strong><\/a>. Para subir a ella, hay que salir de la bas\u00edlica y sacar una entrada. Es el segundo punto m\u00e1s alto de Par\u00eds despu\u00e9s de la Torre Eiffel. Ser\u00e1 una experiencia \u00fanica ver Par\u00eds y sus alrededores desde all\u00ed.<\/p>\n<h2 data-block=\"8ae6fa0f-7090-4f94-88d6-7d5d7070fe5c\" data-title=\"Heading\" data-type=\"core\/heading\" tabindex=\"0\" id=\"t-1612278340999\" data-alt-text=\"What can I do in Montmarte Quarter ?\" style=\"\">\u00bfQu\u00e9 puedo hacer en el barrio de Montmarte de Par\u00eds?<\/h2>\n<p><span><img decoding=\"async\" alt=\"Montmartre in Paris in France\" data-id=\"4117\" width=\"702\" data-init-width=\"1000\" height=\"468\" data-init-height=\"667\" title=\"Montmartre in Paris in France\" src=\"http:\/\/paristouristinformation.fr\/es\/wp-content\/uploads\/2020\/12\/montmartre.jpg\" data-width=\"702\" data-height=\"468\" data-pin-media=\"http:\/\/paristouristinformation.fr\/es\/wp-content\/uploads\/2021\/03\/prag_50_sehenswuerdigkeiten_pinterest-41.jpg\" data-pin-description=\"Discover the basilica Sacr\u00e9-Coeur in Paris, the most impressive and visited Church of the city. We give you all information : Entrance, Tours, History...\" data-pin-url=\"http:\/\/paristouristinformation.fr\/es\/things-to-do\/church\/sacre-coeur-basilica\/?tve=true&amp;tcbf=332f412a3c\" data-pinpro-key=\"chbbjo166\" loading=\"lazy\" style=\"aspect-ratio: auto 1000 \/ 667;\"><\/span><\/p>\n<p>El nombre \u00abMontmartre\u00bb deriva de \u00abMons Martis\u00bb, que significa \u00abMonte de Marte\u00bb. En la colina hab\u00eda dos templos dedicados a los dioses romanos Marte y Mercurio mucho antes del cristianismo.Montmartre era un peque\u00f1o pueblo habitado principalmente por agricultores antes de que se construyera el Sacre-C\u0153ur en la cima de la colina en 1873. Se convirti\u00f3 en un lugar que atrajo a artistas y estudiantes de arte de todo el mundo en el siglo XIX. Picasso, Salvador Dal\u00ed, Claude Monet, Vincent van Gogh y Amedeo Modigliani son algunos de los pintores que trabajaron en la Place du Tertre, que era la plaza principal de Montmartre.Hoy en d\u00eda es un barrio muy concurrido y popular con su nost\u00e1lgica textura cultural. Es famoso por sus pintores, retratistas, acogedores caf\u00e9s, estrechas calles empedradas, museos y galer\u00edas de arte.<\/p>\n<ul>\n<li><span style=\"\">Hemos creado un art\u00edculo completo sobre las principales atracciones <a href=\"https:\/\/paristouristinformation.fr\/es\/cosas-que-hacer\/distritos\/montmartre\/\" target=\"_blank\" style=\"outline: none;\" rel=\"noopener\"><strong>p<\/strong><strong>ara hacer en el barrio de Montmartre en Par\u00eds<\/strong><\/a><em><strong>.<\/strong><\/em> No dude en consultarlo para obtener m\u00e1s ideas.<\/span><\/li>\n<\/ul>\n<h2 id=\"t-1612278341000\" data-alt-text=\"Entrance, Tickets and Tours\" style=\"\">Entrada, billetes y visitas a la Bas\u00edlica del Sacr\u00e9-Coeur<\/h2>\n<p><span><img decoding=\"async\" alt=\"Sacre Coeur Basilica in Paris in France\" data-id=\"4104\" width=\"702\" data-init-width=\"1200\" height=\"368\" data-init-height=\"630\" title=\"Sacre Coeur Basilica in Paris in France\" src=\"http:\/\/paristouristinformation.fr\/es\/wp-content\/uploads\/2020\/12\/shutterstock_1134719483.jpg\" data-width=\"702\" data-height=\"368\" data-pin-media=\"http:\/\/paristouristinformation.fr\/es\/wp-content\/uploads\/2021\/03\/prag_50_sehenswuerdigkeiten_pinterest-41.jpg\" data-pin-description=\"Discover the basilica Sacr\u00e9-Coeur in Paris, the most impressive and visited Church of the city. We give you all information : Entrance, Tours, History...\" data-pin-url=\"http:\/\/paristouristinformation.fr\/es\/things-to-do\/church\/sacre-coeur-basilica\/?tve=true&amp;tcbf=332f412a3c\" data-pinpro-key=\"27dvhllf8\" loading=\"lazy\" style=\"aspect-ratio: auto 1200 \/ 630;\"><\/span><\/p>\n<ul>\n<li><span style=\"\"><strong>Entrada :<\/strong> La entrada a la bas\u00edlica es gratuita.<\/span><\/li>\n<li><span style=\"\"><strong>Audiogu\u00eda : <\/strong>Consiga su <a href=\"https:\/\/web.yourmobileguide.com\/tours\/france\/paris\/paris-montmartre\" target=\"_blank\" style=\"outline: none;\" rel=\"noopener nofollow\"><strong>audiogu\u00eda de Montmartre<\/strong><\/a>, el barrio bohemio de Par\u00eds, y disfrute del lugar a su ritmo.<\/span><\/li>\n<li style=\"\"><span style=\"\"><strong>Entradas : <\/strong>Hay entradas para la C\u00fapula del Sagrado Coraz\u00f3n y la cripta. El campanario no est\u00e1 abierto para los visitantes. El acceso a la c\u00fapula se realiza desde la parte exterior e izquierda de la entrada de la Bas\u00edlica. No hay ascensor y hay que subir 300 escalones.<\/span><\/li>\n<li><span style=\"\"><strong>Visitas : <\/strong>No hay visitas guiadas al interior de la bas\u00edlica para mantener el silencio. La iglesia tiene sus audios descargables y libros oficiales en su tienda.<\/span><\/li>\n<\/ul>\n<h2 id=\"t-1601911056464\" style=\"text-align: center;\" data-alt-text=\"Get YourMobileGuide App\">Una gu\u00eda local en el bolsillo<\/h2>\n<p><span><img decoding=\"async\" alt=\"\" data-id=\"9833\" width=\"500\" data-init-width=\"1132\" height=\"225\" data-init-height=\"510\" title=\"yourmobileguide red logo\" src=\"http:\/\/paristouristinformation.fr\/es\/wp-content\/uploads\/2021\/09\/yourmobileguide-red-logo.png\" data-width=\"500\" data-height=\"225\" loading=\"lazy\" data-pin-media=\"http:\/\/paristouristinformation.fr\/es\/wp-content\/uploads\/2021\/03\/prag_50_sehenswuerdigkeiten_pinterest-41.jpg\" data-pin-description=\"Discover the basilica Sacr\u00e9-Coeur in Paris, the most impressive and visited Church of the city. We give you all information : Entrance, Tours, History...\" data-pin-url=\"http:\/\/paristouristinformation.fr\/es\/things-to-do\/church\/sacre-coeur-basilica\/?tve=true&amp;tcbf=19d03afb1a\" data-pinpro-key=\"hq3icveyp\" style=\"aspect-ratio: auto 1132 \/ 510;\"><\/span><\/p>\n<p>Descubra Par\u00eds a su ritmo con nuestra aplicaci\u00f3n. Benef\u00edciese de las gu\u00edas de la ciudad y de las entradas con descuento.<\/p>\n<ul>\n<li><span style=\"\">Para ahorrar tiempo y dinero, y evitarle problemas, puede preparar su viaje comprando por adelantado todos los billetes online que necesite en nuestra tienda oficial de<em><strong> billetes de Par\u00eds.<\/strong><\/em><\/span><\/li>\n<\/ul>\n<p>__CONFIG_colors_palette__{\u00abactive_palette\u00bb:0,\u00bbconfig\u00bb:{\u00abcolors\u00bb:{\u00abf8570\u00bb:{\u00abname\u00bb:\u00bbMain Accent\u00bb,\u00bbparent\u00bb:-1}},\u00bbgradients\u00bb:[]},\u00bbpalettes\u00bb:[{\u00abname\u00bb:\u00bbDefault Palette\u00bb,\u00bbvalue\u00bb:{\u00abcolors\u00bb:{\u00abf8570\u00bb:{\u00abval\u00bb:\u00bbvar(&#8211;tcb-skin-color-0)\u00bb}},\u00bbgradients\u00bb:[]},\u00bboriginal\u00bb:{\u00abcolors\u00bb:{\u00abf8570\u00bb:{\u00abval\u00bb:\u00bbrgb(19, 114, 211)\u00bb,\u00bbhsl\u00bb:{\u00abh\u00bb:210,\u00bbs\u00bb:0.83,\u00bbl\u00bb:0.45}}},\u00bbgradients\u00bb:[]}}]}__CONFIG_colors_palette__ <a href=\"http:\/\/paristouristinformation.fr\/es\/tours-and-tickets\/\"> <span><span style=\"\">Ir a la tienda de entradas de Par\u00eds<\/span><\/span> <\/a> <\/p>\n<h2 id=\"t-1612278341001\" data-alt-text=\"How to get to the Sacr\u00e9-C\u0153ur\" style=\"\">\u00bfC\u00f3mo llegar al Sacr\u00e9-C\u0153ur en Par\u00eds?<\/h2>\n<p><strong>Metro : <\/strong>No hay metro hasta la colina. Las estaciones de metro m\u00e1s cercanas son \u00abAnvers\u00bb y \u00abPigalle\u00bb de la l\u00ednea 2. Tambi\u00e9n se pueden utilizar las estaciones \u00abJules-Joffrin\u00bb y \u00abAbbesses\u00bb de la l\u00ednea 12.Tras un breve paseo, llegar\u00e1 a las escaleras. All\u00ed puede decidir si tomar el funicular o subir a la colina.Funicular : El Funiculaire de Montmartre transporta a 2 millones de personas al a\u00f1o.Los billetes del funicular son del mismo tipo que los del metro, el autob\u00fas o el RER. El trayecto dura menos de 2 minutos, pero en d\u00edas de gran afluencia, la espera en la l\u00ednea del funicular puede ser m\u00e1s larga que la de las escaleras.<\/p>\n<p><span><img decoding=\"async\" alt=\"Montmartre Funicular in Paris in France\" data-id=\"4109\" width=\"702\" data-init-width=\"1000\" height=\"468\" data-init-height=\"667\" title=\"Montmartre Funicular in Paris in France\" src=\"http:\/\/paristouristinformation.fr\/es\/wp-content\/uploads\/2020\/12\/Sacre-Coeur-Basilica-in-Paris-in-France-Funicular.jpg\" data-width=\"702\" data-height=\"468\" data-pin-media=\"http:\/\/paristouristinformation.fr\/es\/wp-content\/uploads\/2021\/03\/prag_50_sehenswuerdigkeiten_pinterest-41.jpg\" data-pin-description=\"Discover the basilica Sacr\u00e9-Coeur in Paris, the most impressive and visited Church of the city. We give you all information : Entrance, Tours, History...\" data-pin-url=\"http:\/\/paristouristinformation.fr\/es\/things-to-do\/church\/sacre-coeur-basilica\/?tve=true&amp;tcbf=332f412a3c\" data-pinpro-key=\"o74sj72wz\" loading=\"lazy\" style=\"aspect-ratio: auto 1000 \/ 667;\"><\/span><\/p>\n<ul>\n<li><span style=\"\">Si est\u00e1 planeando su viaje a Par\u00eds, no se pierda el art\u00edculo sobre las <em><strong>100 cosas que hacer en Par\u00eds.<\/strong><\/em> \u00a1Ver\u00e1 que esta ciudad tiene un sinf\u00edn de posibilidades!<\/span><\/li>\n<\/ul>\n<h2 id=\"t-1612278341002\" data-alt-text=\"FAQ (Frequently Asked Questions)\" style=\"\">Preguntas frecuentes<\/h2>\n<h2 id=\"t-1612278341003\" data-alt-text=\"History of the Sacr\u00e9-C\u0153ur Basilica\" style=\"\">Historia de la bas\u00edlica del Sacr\u00e9-C\u0153ur de Par\u00eds<\/h2>\n<p><span><img decoding=\"async\" alt=\"\" data-id=\"1738\" width=\"702\" data-init-width=\"1200\" height=\"501\" data-init-height=\"857\" title=\"Paris Montmartre SAcre Coeur Inside kopya\" src=\"http:\/\/paristouristinformation.fr\/es\/wp-content\/uploads\/2020\/10\/Paris-Montmartre-SAcre-Coeur-Inside-kopya.jpg\" data-width=\"702\" data-height=\"501\" data-pin-media=\"http:\/\/paristouristinformation.fr\/es\/wp-content\/uploads\/2021\/03\/prag_50_sehenswuerdigkeiten_pinterest-41.jpg\" data-pin-description=\"Discover the basilica Sacr\u00e9-Coeur in Paris, the most impressive and visited Church of the city. We give you all information : Entrance, Tours, History...\" data-pin-url=\"http:\/\/paristouristinformation.fr\/es\/things-to-do\/church\/sacre-coeur-basilica\/?tve=true&amp;tcbf=332f412a3c\" data-pinpro-key=\"5h4pxys6a\" loading=\"lazy\" style=\"aspect-ratio: auto 1200 \/ 857;\"><\/span><\/p>\n<p>El lugar de culto donde se construy\u00f3 la bas\u00edlica era muy antiguo y pertenec\u00eda a los galos, pueblo celta que viv\u00eda aqu\u00ed antes de la llegada del Imperio Romano.Construida en el periodo posterior a la guerra franco-prusiana de 1870, se convirti\u00f3 inicialmente en un s\u00edmbolo del orden neoconservador en Francia tras su derrota. La intenci\u00f3n de su construcci\u00f3n, declarada por el arzobispo de Par\u00eds, fue \u00abla expiaci\u00f3n de los cr\u00edmenes de la Comuna\u00bb. Hoy en d\u00eda, la bas\u00edlica del Sacr\u00e9-C\u0153ur tiene un valor diferente, dedicado a las 58.000 personas que perdieron la vida durante la guerra.Tras el turbulento periodo b\u00e9lico, se decidi\u00f3 construir la bas\u00edlica mediante una ley presentada por la Asamblea Nacional francesa en 1873. Se convoc\u00f3 un concurso para construir una magn\u00edfica bas\u00edlica fiel a las tradiciones cristianas. El arquitecto Paul Abadie fue el ganador de este concurso.La construcci\u00f3n comenz\u00f3 en 1875 y se termin\u00f3 en 1914. La mayor parte de sus gastos fueron cubiertos por las donaciones del pueblo franc\u00e9s. El edificio se inaugur\u00f3 oficialmente en 1923.<\/p>\n<ul>\n<li><span style=\"\"><strong data-rich-text-format-boundary=\"true\">Construido : <\/strong>Tras la muerte del arquitecto Paul Abadie en 1884, fue completado por los siguientes arquitectos ; Pierre G\u00e9r\u00f4me Honor\u00e9 Daumet ,<strong data-rich-text-format-boundary=\"true\">&nbsp;<\/strong>Charles Laisn\u00e9 , Henri Pierre Marie Rauline , y finalmente Lucien Magne.<\/span><\/li>\n<li style=\"\"><span style=\"\"><strong data-rich-text-format-boundary=\"true\">Estilo arquitect\u00f3nico :<\/strong> Se diferencia de otras iglesias emblem\u00e1ticas de Par\u00eds por su estilo predominantemente romano-bizantino, inspirado en Santa Sof\u00eda de Estambul y en San Marcos de Venecia.<\/span><\/li>\n<li><span style=\"\"><strong data-rich-text-format-boundary=\"true\">Campanas : <\/strong>Su campana \u00abSavoyarde\u00bb es una de las m\u00e1s pesadas del mundo que pesa unas 18,5 toneladas. Fue un regalo de los habitantes de la Saboya.<\/span><\/li>\n<li><span><strong data-rich-text-format-boundary=\"true\">Bas\u00edlica blanca: <\/strong>el Sacr\u00e9-C\u0153ur, construido hace un siglo, parece todav\u00eda blanco debido al material utilizado para el exterior, que es piedra de construcci\u00f3n de Ch\u00e2teau-Landon que contiene gran cantidad de caliza.<\/span><\/li>\n<\/ul>\n<h2 id=\"t-1612278341004\" data-alt-text=\"Contact\" style=\"\">Contacte con<\/h2>\n<ul>\n<li><span style=\"\"><strong>Direcci\u00f3n : <\/strong>35, rue du Chevalier de la Barre 75018 Par\u00eds<\/span><\/li>\n<li><span style=\"\"><strong>Direcci\u00f3n : <\/strong>35, rue du Chevalier de la Barre 75018 Par\u00eds<\/span><\/li>\n<li><span style=\"\"><strong>Transporte p\u00fablico :<\/strong> Metro : \u00abAnvers\u00bb y \u00abPigalle\u00bb en la l\u00ednea 2. \u00abJules-Joffrin\u00bb y \u00abAbbesses\u00bb en la l\u00ednea 12 + Funiculaire de Montmartre<\/span><\/li>\n<li style=\"\"><span style=\"\"><strong>P\u00e1gina web :&nbsp;<\/strong><a data-id=\"http:\/\/www.sacre-coeur-montmartre.com\" data-rich-text-format-boundary=\"true\" data-type=\"URL\" href=\"http:\/\/www.sacre-coeur-montmartre.com\/\" style=\"outline: none;\" rel=\"nofollow noopener\" target=\"_blank\">http:\/\/www.sacre-coeur-montmartre.com<\/a><\/span><\/li>\n<\/ul>\n<p>__CONFIG_colors_palette__{\u00abactive_palette\u00bb:0,\u00bbconfig\u00bb:{\u00abcolors\u00bb:{\u00ab50ce5\u00bb:{\u00abname\u00bb:\u00bbMain Accent\u00bb,\u00bbparent\u00bb:-1}},\u00bbgradients\u00bb:[]},\u00bbpalettes\u00bb:[{\u00abname\u00bb:\u00bbDefault Palette\u00bb,\u00bbvalue\u00bb:{\u00abcolors\u00bb:{\u00ab50ce5\u00bb:{\u00abval\u00bb:\u00bbvar(&#8211;tcb-skin-color-0)\u00bb,\u00bbhsl\u00bb:{\u00abh\u00bb:350,\u00bbs\u00bb:0.94,\u00bbl\u00bb:0.47,\u00bba\u00bb:1}}},\u00bbgradients\u00bb:[]},\u00bboriginal\u00bb:{\u00abcolors\u00bb:{\u00ab50ce5\u00bb:{\u00abval\u00bb:\u00bbrgb(19, 114, 211)\u00bb,\u00bbhsl\u00bb:{\u00abh\u00bb:210,\u00bbs\u00bb:0.83,\u00bbl\u00bb:0.45,\u00bba\u00bb:1}}},\u00bbgradients\u00bb:[]}}]}__CONFIG_colors_palette__ <a href=\"http:\/\/paristouristinformation.fr\/es\/things-to-do\/\" style=\"\"> <span><span style=\"\">M\u00e1s cosas que hacer en Par\u00eds<\/span><\/span> <\/a> <\/p>\n<h2 style=\"\" id=\"t-1639656931457\">Visitas y entradas a Par\u00eds<\/h2>\n<p style=\"text-align: left;\">Descubra Par\u00eds hoy mismo con las visitas y entradas m\u00e1s preferidas sin tener que hacer cola.<\/p>\n<h2 style=\"\">Art\u00edculos relacionados:<\/h2>\n<p><a href=\"https:\/\/www.paristouristinformation.fr\/es\/cosas-que-hacer\/puntos-de-vista\/\" dynamic-postlink=\"tcb_post_the_permalink\" data-shortcode-id=\"2975\"><\/a><\/p>\n<h3 style=\"text-align: center; padding-top: 0px !important; margin-top: 0px !important;\"><span data-attr-link=\"1\" data-attr-rel=\"0\" data-attr-target=\"0\" data-extra_key=\"\" data-option-inline=\"1\" data-shortcode=\"tcb_post_title\" data-shortcode-name=\"Post title\" data-attr-css=\"\" data-attr-static-link=\"{&quot;className&quot;:&quot;&quot;,&quot;href&quot;:&quot;https:\/\/www.paristouristinformation.fr\/es\/cosas-que-hacer\/puntos-de-vista\/&quot;,&quot;title&quot;:&quot;7 Mejores vistas panor\u00e1micas del horizonte de Par\u00eds&quot;,&quot;class&quot;:&quot;&quot;}\" style=\"\"><a href=\"https:\/\/www.paristouristinformation.fr\/es\/cosas-que-hacer\/puntos-de-vista\/\" title=\"7 Mejores vistas panor\u00e1micas del horizonte de Par\u00eds\" data-css=\"\">7 Mejores vistas panor\u00e1micas del horizonte de Par\u00eds<\/a><\/span><\/h3>\n<p><a href=\"https:\/\/www.paristouristinformation.fr\/es\/restaurantes\/tejado\/\" dynamic-postlink=\"tcb_post_the_permalink\" data-shortcode-id=\"2975\"><\/a><\/p>\n<h3 style=\"text-align: center; padding-top: 0px !important; margin-top: 0px !important;\"><span data-attr-link=\"1\" data-attr-rel=\"0\" data-attr-target=\"0\" data-extra_key=\"\" data-option-inline=\"1\" data-shortcode=\"tcb_post_title\" data-shortcode-name=\"Post title\" data-attr-css=\"\" data-attr-static-link=\"{&quot;className&quot;:&quot;&quot;,&quot;href&quot;:&quot;https:\/\/www.paristouristinformation.fr\/es\/cosas-que-hacer\/puntos-de-vista\/&quot;,&quot;title&quot;:&quot;7 Mejores vistas panor\u00e1micas del horizonte de Par\u00eds&quot;,&quot;class&quot;:&quot;&quot;}\" style=\"\"><a href=\"https:\/\/www.paristouristinformation.fr\/es\/restaurantes\/tejado\/\" title=\"10 Bares y restaurantes con vistas en Par\u00eds\" data-css=\"\">10 Bares y restaurantes con vistas en Par\u00eds<\/a><\/span><\/h3>\n<p><a href=\"https:\/\/www.paristouristinformation.fr\/es\/cosas-que-hacer\/iglesia\/\" dynamic-postlink=\"tcb_post_the_permalink\" data-shortcode-id=\"2975\"><\/a><\/p>\n<h3 style=\"text-align: center; padding-top: 0px !important; margin-top: 0px !important;\"><span data-attr-link=\"1\" data-attr-rel=\"0\" data-attr-target=\"0\" data-extra_key=\"\" data-option-inline=\"1\" data-shortcode=\"tcb_post_title\" data-shortcode-name=\"Post title\" data-attr-css=\"\" data-attr-static-link=\"{&quot;className&quot;:&quot;&quot;,&quot;href&quot;:&quot;https:\/\/www.paristouristinformation.fr\/es\/cosas-que-hacer\/puntos-de-vista\/&quot;,&quot;title&quot;:&quot;7 Mejores vistas panor\u00e1micas del horizonte de Par\u00eds&quot;,&quot;class&quot;:&quot;&quot;}\" style=\"\"><a href=\"https:\/\/www.paristouristinformation.fr\/es\/cosas-que-hacer\/iglesia\/\" title=\"12 Iglesias m\u00e1s visitadas de Par\u00eds [con entradas].\" data-css=\"\">12 Iglesias m\u00e1s visitadas de Par\u00eds [con entradas].<\/a><\/span><\/h3>\n<p><a href=\"https:\/\/www.paristouristinformation.fr\/es\/cosas-que-hacer\/teatros\/opera-garnier\/\" dynamic-postlink=\"tcb_post_the_permalink\" data-shortcode-id=\"2975\"><\/a><\/p>\n<h3 style=\"text-align: center; padding-top: 0px !important; margin-top: 0px !important;\"><span data-attr-link=\"1\" data-attr-rel=\"0\" data-attr-target=\"0\" data-extra_key=\"\" data-option-inline=\"1\" data-shortcode=\"tcb_post_title\" data-shortcode-name=\"Post title\" data-attr-css=\"\" data-attr-static-link=\"{&quot;className&quot;:&quot;&quot;,&quot;href&quot;:&quot;https:\/\/www.paristouristinformation.fr\/es\/cosas-que-hacer\/puntos-de-vista\/&quot;,&quot;title&quot;:&quot;7 Mejores vistas panor\u00e1micas del horizonte de Par\u00eds&quot;,&quot;class&quot;:&quot;&quot;}\" style=\"\"><a href=\"https:\/\/www.paristouristinformation.fr\/es\/cosas-que-hacer\/teatros\/opera-garnier\/\" title=\"Visite la \u00d3pera Garnier de Par\u00eds: Entradas, visitas e historia\" data-css=\"\">Visite la \u00d3pera Garnier de Par\u00eds: Entradas, visitas e historia<\/a><\/span><\/h3>\n","protected":false},"excerpt":{"rendered":"<p>Al entrar en la iglesia de la Bas\u00edlica del Sacr\u00e9-C\u0153ur, quedar\u00e1 encantado por su atm\u00f3sfera m\u00edstica. El enorme mosaico bajo el altar que describe a Cristo en la Gloria es el mayor mosaico de Francia y uno de los mayores del mundo.Las primeras vidrieras se instalaron entre 1903 y 1920, pero durante la guerra fueron [&hellip;]<\/p>\n","protected":false},"author":10,"featured_media":6684,"parent":5137,"menu_order":0,"comment_status":"closed","ping_status":"closed","template":"","meta":{"footnotes":""},"tags":[],"class_list":["post-3690","page","type-page","status-publish","has-post-thumbnail","hentry","post-wrapper","thrv_wrapper"],"wp-worthy-pixel":{"ignored":false,"public":null,"server":null,"url":null},"wp-worthy-type":"normal","_links":{"self":[{"href":"https:\/\/www.paristouristinformation.fr\/es\/wp-json\/wp\/v2\/pages\/3690","targetHints":{"allow":["GET"]}}],"collection":[{"href":"https:\/\/www.paristouristinformation.fr\/es\/wp-json\/wp\/v2\/pages"}],"about":[{"href":"https:\/\/www.paristouristinformation.fr\/es\/wp-json\/wp\/v2\/types\/page"}],"author":[{"embeddable":true,"href":"https:\/\/www.paristouristinformation.fr\/es\/wp-json\/wp\/v2\/users\/10"}],"replies":[{"embeddable":true,"href":"https:\/\/www.paristouristinformation.fr\/es\/wp-json\/wp\/v2\/comments?post=3690"}],"version-history":[{"count":0,"href":"https:\/\/www.paristouristinformation.fr\/es\/wp-json\/wp\/v2\/pages\/3690\/revisions"}],"up":[{"embeddable":true,"href":"https:\/\/www.paristouristinformation.fr\/es\/wp-json\/wp\/v2\/pages\/5137"}],"wp:featuredmedia":[{"embeddable":true,"href":"https:\/\/www.paristouristinformation.fr\/es\/wp-json\/wp\/v2\/media\/6684"}],"wp:attachment":[{"href":"https:\/\/www.paristouristinformation.fr\/es\/wp-json\/wp\/v2\/media?parent=3690"}],"wp:term":[{"taxonomy":"post_tag","embeddable":true,"href":"https:\/\/www.paristouristinformation.fr\/es\/wp-json\/wp\/v2\/tags?post=3690"}],"curies":[{"name":"wp","href":"https:\/\/api.w.org\/{rel}","templated":true}]}}