{"id":3753,"date":"2020-12-05T07:53:09","date_gmt":"2020-12-05T07:53:09","guid":{"rendered":"http:\/\/paristouristinformation.fr\/es\/?page_id=3753"},"modified":"2023-05-12T07:11:46","modified_gmt":"2023-05-12T07:11:46","slug":"musee-rodin","status":"publish","type":"page","link":"https:\/\/www.paristouristinformation.fr\/es\/cosas-que-hacer\/museo\/musee-rodin\/","title":{"rendered":"Gu\u00eda del Museo Rodin de Par\u00eds: Entradas &#038; Consejos"},"content":{"rendered":"<p>El Museo Rodin cuenta con una enorme colecci\u00f3n de esculturas, dibujos y fotograf\u00edas. Cerca de 300 obras de Rodin est\u00e1n expuestas en el museo. Tambi\u00e9n hay obras de otros artistas.El edificio donde se encuentra el Museo Rodin no s\u00f3lo es una casa privada que refleja la arquitectura de principios del siglo XVIII, sino que tambi\u00e9n es patrimonio de Francia, vestigio del Antiguo R\u00e9gimen. Auguste Rodin sol\u00eda alquilar las habitaciones de la planta baja de este edificio para utilizarlas como estudio y residencia. Descubramos lo que ofrece a los visitantes este precioso museo t\u00edpico de Par\u00eds. A continuaci\u00f3n encontrar\u00e1 toda la informaci\u00f3n importante sobre el Museo Rodin.<\/p>\n<h2 id=\"t-1612277413546\" data-alt-text=\"What can I do at Rodin Museum ?\" style=\"\">\u00bfQu\u00e9 puedo hacer en el Museo Rodin de Par\u00eds?<\/h2>\n<p><span><img decoding=\"async\" alt=\"\" data-id=\"765\" width=\"736\" data-init-width=\"1000\" height=\"491\" data-init-height=\"667\" title=\"Rodin Museum in Paris in France\" src=\"http:\/\/paristouristinformation.fr\/es\/wp-content\/uploads\/2020\/06\/Rodin-Museum-in-Paris-in-France.jpg\" data-width=\"736\" data-height=\"491\" data-pinpro-key=\"moie676tp\" loading=\"lazy\"><\/span><\/p>\n<p>Las obras de Rodin fueron pioneras en su \u00e9poca con un estilo realista, que influy\u00f3 mucho en la escultura moderna. He aqu\u00ed los aspectos m\u00e1s destacados del lugar:<\/p>\n<h3><strong data-rich-text-format-boundary=\"true\">Jard\u00edn de Orfeo y Jard\u00edn de los Manantiales<\/strong><\/h3>\n<p>Los hermosos jardines del museo son perfectos para encontrar la paz, donde se pueden ver las renombradas esculturas de Rodin como \u00abEl pensador\u00bb, \u00abLas puertas del infierno\u00bb y \u00abLos burgueses de Calais\u00bb.<\/p>\n<h3 style=\"\"><strong data-rich-text-format-boundary=\"true\">El pensador (Le Penseur)<\/strong><\/h3>\n<p><span><img decoding=\"async\" alt=\"The Thinker in Paris in France\" data-id=\"6680\" width=\"680\" data-init-width=\"1000\" height=\"454\" data-init-height=\"667\" title=\"The Thinker in Paris in France\" src=\"http:\/\/paristouristinformation.fr\/es\/wp-content\/uploads\/2021\/01\/The-Thinker-in-Paris-in-France.jpg\" data-width=\"680\" data-height=\"454\" data-pinpro-key=\"l5j99qzij\" loading=\"lazy\"><\/span><\/p>\n<p>Rodin eligi\u00f3 esta obra como l\u00e1pida. La figura de bronce sentada parece profundamente concentrada en sus pensamientos representando a Dante, el escritor de la Divina Comedia.&nbsp;<\/p>\n<h3><strong data-rich-text-format-boundary=\"true\">Las puertas del infierno (La Porte de l&#8217;Enfer)<\/strong><\/h3>\n<p>Se dice que al crear esta obra, Rodin se inspir\u00f3 en dos fuentes literarias: la Divina Comedia de Dante Alighieri y Las flores del mal de Charles Baudelaire. En esta obra hay 180 figuras.<\/p>\n<h3><strong data-rich-text-format-boundary=\"true\">Retrato del Padre Tanguy (Vincent Van Gogh)<\/strong><\/h3>\n<p>Fue pintado por Vincent Van Gogh en 1887. Realiz\u00f3 tres retratos de Julien Tanguy. Este retrato del museo Rodin es el \u00faltimo de la serie y el m\u00e1s avanzado en la t\u00e9cnica. Van Gogh estuvo influenciado por el movimiento japon\u00e9s Ukiyo-e. En este cuadro se puede ver un dibujo Ukiyo-e en el fondo.<\/p>\n<h3><strong data-rich-text-format-boundary=\"true\">Sala Camille Claudel<\/strong><\/h3>\n<p>Rodin y Camille Claudel mantuvieron una relaci\u00f3n apasionada y tormentosa que influy\u00f3 en su arte. Claudel era tambi\u00e9n una escultora de talento y alumna de Rodin. Puede ver algunas de sus obras en la sala Camille Claudel.<\/p>\n<h2 id=\"t-1612277413547\" data-alt-text=\"Entrance, Tickets and Tours\" style=\"\">Entrada, billetes y visitas<\/h2>\n<p><span><img decoding=\"async\" alt=\"Rodin Museum- The Thinker in Paris in France\" data-id=\"4122\" width=\"680\" data-init-width=\"1000\" height=\"454\" data-init-height=\"667\" title=\"Rodin Museum- The Thinker in Paris in France\" src=\"http:\/\/paristouristinformation.fr\/es\/wp-content\/uploads\/2020\/12\/the-thinker-rodin.jpg\" data-width=\"680\" data-height=\"454\" data-pinpro-key=\"vv10es0a5\" loading=\"lazy\"><\/span><\/p>\n<ul>\n<li style=\"\"><span style=\"\"><strong>Entradas: <\/strong>Esta entrada es v\u00e1lida para la Colecci\u00f3n Permanente, las Exposiciones Temporales y el Jard\u00edn de Esculturas.<\/span><\/li>\n<li><span>Consiga sus <a href=\"https:\/\/www.tiqets.com\/en\/paris-attractions-c66746\/tickets-for-musee-rodin-skip-the-line-p978005\/?partner=checkfortrip\" style=\"outline: none;\" target=\"_blank\" rel=\"noopener nofollow\">entradas en l\u00ednea para el Museo Rodin<\/a> y s\u00e1ltese la cola.<\/span><\/li>\n<li><span style=\"\"><strong>Visitas:<\/strong> Las visitas est\u00e1n limitadas a 8 participantes. Es posible conocer los detalles de algunas obras de Rodin de la mano de un gu\u00eda profesional. Puede obtener informaci\u00f3n en la p\u00e1gina web oficial del museo.<\/span><\/li>\n<\/ul>\n<ul>\n<li><span style=\"\">Para ahorrar tiempo y dinero, y evitar complicaciones, puede preparar su viaje comprando el <em><strong>Paris Museum Pass<\/strong><\/em>. Permite acceder a m\u00e1s de 50 museos de Par\u00eds. Un producto imprescindible.<\/span><\/li>\n<\/ul>\n<h2 id=\"t-1612277413548\" data-alt-text=\"How to get there ?\" style=\"\">C\u00f3mo llegar al Museo Rodin<\/h2>\n<p><strong data-rich-text-format-boundary=\"true\">Metro: <\/strong>La estaci\u00f3n m\u00e1s cercana es \u00abVarenne\u00bb de la l\u00ednea 13 del metro. Al salir de la estaci\u00f3n, las esculturas de Rodin le dan la bienvenida.<\/p>\n<h2 id=\"t-1627475006144\" style=\"\">Preguntas frecuentes<\/h2>\n<h2 id=\"t-1612277413549\" data-alt-text=\"History of the Rodin Museum\" style=\"\">Historia del Museo Rodin de Par\u00eds<\/h2>\n<p style=\"\">Auguste R\u00e8ne Rodin est\u00e1 considerado como el antecesor de la escultura moderna. Cre\u00f3 algunas de las esculturas m\u00e1s conocidas de la historia, como El pensador, El beso y Las puertas del infierno.El edificio del museo se llamaba Hotel Biron, donde Rodin residi\u00f3 desde 1908 hasta su muerte en 1917. En la d\u00e9cada de 1900, muchos artistas de renombre residieron aqu\u00ed, como Henri Matisse, Jean Cocteau o Isadora Duncan.El artista estaba muy interesado en la colecci\u00f3n de arte. Un a\u00f1o antes de su muerte, don\u00f3 al Estado franc\u00e9s toda su colecci\u00f3n de esculturas y muchos cuadros importantes de Van Gogh, Claude Mon\u00e9t y R\u00e9noir para crear un museo. Desde 1919 funciona como museo.<\/p>\n<div class=\"tcb-post-list tve-content-list thrv_wrapper\" data-type=\"grid\" data-pagination-type=\"none\" data-pages_near_current=\"2\" data-css=\"tve-u-17720a6ec0c\" data-total_post_count=\"3\" data-total_sticky_count=\"0\" data-no_posts_text=\"There are no posts to display.\"><article id=\"post-3461\" class=\"post-3461 page type-page status-publish has-post-thumbnail hentry post-wrapper thrv_wrapper thrive-animated-item \" tcb_hover_state_parent=\"\" shortcode=\"tcb_post_list\" data-id=\"3461\" data-selector=\".post-wrapper\"><style class=\"tcb-post-list-dynamic-style\" type=\"text\/css\"><\/style><\/p>\n<h3 style=\"\"><span data-attr-link=\"1\" data-attr-rel=\"0\" data-attr-target=\"0\" data-extra_key=\"\" data-option-inline=\"1\" data-shortcode=\"tcb_post_title\" data-shortcode-name=\"Post title\" data-attr-css=\"\" style=\"\" data-attr-static-link=\"{&quot;className&quot;:&quot;tve-froala fr-basic&quot;,&quot;href&quot;:&quot;https:\/\/paristouristinformation.fr\/es\/cosas-que-hacer\/museo\/musee-du-quai-branly\/&quot;,&quot;title&quot;:&quot;Gu\u00eda del Museo Quai Branly de Par\u00eds&quot;,&quot;class&quot;:&quot;tve-froala fr-basic&quot;}\"><a href=\"https:\/\/www.paristouristinformation.fr\/es\/cosas-que-hacer\/museo\/musee-du-quai-branly\/\" title=\"Gu\u00eda del Museo Quai Branly de Par\u00eds\" data-css=\"\" class=\"tve-froala fr-basic\">Gu\u00eda del Museo Quai Branly de Par\u00eds<\/a><\/span><\/h3>\n<p><\/article><article id=\"post-3917\" class=\"post-3917 page type-page status-publish has-post-thumbnail hentry post-wrapper thrv_wrapper thrive-animated-item \" tcb_hover_state_parent=\"\" shortcode=\"tcb_post_list\" data-id=\"3917\" data-selector=\".post-wrapper\"><style class=\"tcb-post-list-dynamic-style\" type=\"text\/css\"><\/style><\/p>\n<h3 style=\"\"><span data-attr-link=\"1\" data-attr-rel=\"0\" data-attr-target=\"0\" data-extra_key=\"\" data-option-inline=\"1\" data-shortcode=\"tcb_post_title\" data-shortcode-name=\"Post title\" data-attr-css=\"\" style=\"\" data-attr-static-link=\"{&quot;className&quot;:&quot;tve-froala fr-basic&quot;,&quot;href&quot;:&quot;https:\/\/paristouristinformation.fr\/es\/cosas-que-hacer\/museo\/musee-du-quai-branly\/&quot;,&quot;title&quot;:&quot;Gu\u00eda del Museo Quai Branly de Par\u00eds&quot;,&quot;class&quot;:&quot;tve-froala fr-basic&quot;}\"><a href=\"https:\/\/www.paristouristinformation.fr\/es\/cosas-que-hacer\/torre-eiffel\/\" title=\"Prepare su visita a la Torre Eiffel: entradas, visitas y consejos\" data-css=\"\" class=\"tve-froala fr-basic\">Prepare su visita a la Torre Eiffel: entradas, visitas y consejos<\/a><\/span><\/h3>\n<p><\/article><article id=\"post-3690\" class=\"post-3690 page type-page status-publish has-post-thumbnail hentry post-wrapper thrv_wrapper thrive-animated-item \" tcb_hover_state_parent=\"\" shortcode=\"tcb_post_list\" data-id=\"3690\" data-selector=\".post-wrapper\"><style class=\"tcb-post-list-dynamic-style\" type=\"text\/css\"><\/style><\/p>\n<h3 style=\"\"><span data-attr-link=\"1\" data-attr-rel=\"0\" data-attr-target=\"0\" data-extra_key=\"\" data-option-inline=\"1\" data-shortcode=\"tcb_post_title\" data-shortcode-name=\"Post title\" data-attr-css=\"\" style=\"\" data-attr-static-link=\"{&quot;className&quot;:&quot;tve-froala fr-basic&quot;,&quot;href&quot;:&quot;https:\/\/paristouristinformation.fr\/es\/cosas-que-hacer\/museo\/musee-du-quai-branly\/&quot;,&quot;title&quot;:&quot;Gu\u00eda del Museo Quai Branly de Par\u00eds&quot;,&quot;class&quot;:&quot;tve-froala fr-basic&quot;}\"><a href=\"https:\/\/www.paristouristinformation.fr\/es\/cosas-que-hacer\/iglesia\/sacre-coeur-basilica\/\" title=\"Gu\u00eda de la Bas\u00edlica del Sacr\u00e9-C\u0153ur de Par\u00eds: \u00bfNecesita una entrada?\" data-css=\"\" class=\"tve-froala fr-basic\">Gu\u00eda de la Bas\u00edlica del Sacr\u00e9-C\u0153ur de Par\u00eds: \u00bfNecesita una entrada?<\/a><\/span><\/h3>\n<p><\/article><\/div>\n<h2 id=\"t-1612277413550\" data-alt-text=\"Contact\" style=\"\">Contacte con<\/h2>\n<ul>\n<li><span style=\"\"><strong>Direcci\u00f3n:<\/strong> 79 Rue de Varenne, 75007 Par\u00eds<\/span><\/li>\n<li><span style=\"\"><strong>Horario de apertura:&nbsp;<\/strong><a data-id=\"http:\/\/www.musee-rodin.fr\/en\/musee-rodin\" data-rich-text-format-boundary=\"true\" data-type=\"URL\" href=\"http:\/\/www.musee-rodin.fr\/en\/musee-rodin\" style=\"outline: none;\" rel=\"nofollow noopener\" target=\"_blank\">&nbsp;www.musee-rodin.fr\/en<\/a><\/span><\/li>\n<li><span style=\"\"><strong>Transporte p\u00fablico:<\/strong> \u00abVarenne\u00bb en la l\u00ednea 13 del metro.<\/span><\/li>\n<li style=\"\"><span style=\"\"><strong>P\u00e1gina web:&nbsp;<\/strong><a data-id=\"http:\/\/www.musee-rodin.fr\/en\/musee-rodin\" data-rich-text-format-boundary=\"true\" data-type=\"URL\" href=\"http:\/\/www.musee-rodin.fr\/en\/musee-rodin\" style=\"outline: none;\" rel=\"nofollow noopener\" target=\"_blank\">www.musee-rodin.fr\/en<\/a><\/span><\/li>\n<\/ul>\n<ul>\n<li><span style=\"\">\u00bfEst\u00e1 planeando su viaje a Par\u00eds? Te hemos preparado una lista con los <a href=\"https:\/\/paristouristinformation.fr\/es\/cosas-que-hacer\/museo\/\" target=\"_blank\" rel=\"noopener\"><strong>30 mejores museos que visitar en Par\u00eds.<\/strong><\/a><\/span><\/li>\n<\/ul>\n<p>__CONFIG_colors_palette__{\u00abactive_palette\u00bb:0,\u00bbconfig\u00bb:{\u00abcolors\u00bb:{\u00ab50ce5\u00bb:{\u00abname\u00bb:\u00bbMain Accent\u00bb,\u00bbparent\u00bb:-1}},\u00bbgradients\u00bb:[]},\u00bbpalettes\u00bb:[{\u00abname\u00bb:\u00bbDefault Palette\u00bb,\u00bbvalue\u00bb:{\u00abcolors\u00bb:{\u00ab50ce5\u00bb:{\u00abval\u00bb:\u00bbvar(&#8211;tcb-skin-color-0)\u00bb}},\u00bbgradients\u00bb:[]},\u00bboriginal\u00bb:{\u00abcolors\u00bb:{\u00ab50ce5\u00bb:{\u00abval\u00bb:\u00bbrgb(19, 114, 211)\u00bb,\u00bbhsl\u00bb:{\u00abh\u00bb:210,\u00bbs\u00bb:0.83,\u00bbl\u00bb:0.45,\u00bba\u00bb:1}}},\u00bbgradients\u00bb:[]}}]}__CONFIG_colors_palette__ <a href=\"http:\/\/paristouristinformation.fr\/es\/things-to-do\/museum\/\"> <span><span>M\u00e1s museos que visitar en Par\u00eds<\/span><\/span> <\/a><\/p>\n<h2 style=\"\">Art\u00edculos relacionados:<\/h2>\n<div class=\"tcb-post-list tve-content-list thrv_wrapper\" data-type=\"grid\" data-pagination-type=\"none\" data-pages_near_current=\"2\" data-css=\"tve-u-17de12ec9fc\" data-total_post_count=\"4\" data-total_sticky_count=\"0\" data-no_posts_text=\"There are no posts to display.\"><article id=\"post-68\" class=\"post-68 page type-page status-publish has-post-thumbnail hentry post-wrapper thrv_wrapper thrive-animated-item  tve_evt_manager_listen tve_ea_thrive_animation tve_et_mouseover tve_anim_grow\" tcb_hover_state_parent=\"\" class=\"tve_evt_manager_listen tve_ea_thrive_animation tve_et_mouseover tve_anim_grow\" data-id=\"68\" data-selector=\".post-wrapper\"><style class=\"tcb-post-list-dynamic-style\" type=\"text\/css\">@media (min-width: 300px){[].tcb-post-list #post-68 []{background-image: url(\u00abhttps:\/\/www.paristouristinformation.fr\/es\/wp-content\/uploads\/2021\/02\/Top-30-Best-Museums-to-Visit-in-Paris-1024x538.jpg\u00ab) !important;}[].tcb-post-list #post-68 []:hover []{background-image: url(\u00abhttps:\/\/www.paristouristinformation.fr\/es\/wp-content\/uploads\/2021\/02\/Top-30-Best-Museums-to-Visit-in-Paris-1024x538.jpg\u00ab) !important;}}<\/style><a href=\"https:\/\/www.paristouristinformation.fr\/es\/cosas-que-hacer\/museo\/\" dynamic-postlink=\"tcb_post_the_permalink\" data-shortcode-id=\"68\"><\/a><\/p>\n<h3 style=\"text-align: center; padding-top: 0px !important; margin-top: 0px !important;\"><span data-attr-link=\"1\" data-attr-rel=\"0\" data-attr-target=\"0\" data-extra_key=\"\" data-option-inline=\"1\" data-shortcode=\"tcb_post_title\" data-shortcode-name=\"Post title\" data-attr-css=\"\" data-attr-static-link=\"{&quot;className&quot;:&quot;tve-froala fr-basic&quot;,&quot;href&quot;:&quot;https:\/\/paristouristinformation.fr\/es\/cosas-que-hacer\/museo\/&quot;,&quot;title&quot;:&quot;Los 30 mejores museos para visitar en Par\u00eds: Entradas, ubicaci\u00f3n &amp; Consejos&quot;,&quot;class&quot;:&quot;tve-froala fr-basic&quot;}\" style=\"\"><a href=\"https:\/\/www.paristouristinformation.fr\/es\/cosas-que-hacer\/museo\/\" title=\"30 Mejores museos para visitar en Par\u00eds: Entradas, ubicaci\u00f3n &amp; Consejos\" data-css=\"\" class=\"tve-froala fr-basic\">30 Mejores museos para visitar en Par\u00eds: Entradas, ubicaci\u00f3n &amp; Consejos<\/a><\/span><\/h3>\n<p><\/article><article id=\"post-4015\" class=\"post-4015 page type-page status-publish has-post-thumbnail hentry post-wrapper thrv_wrapper thrive-animated-item  tve_evt_manager_listen tve_ea_thrive_animation tve_et_mouseover tve_anim_grow\" tcb_hover_state_parent=\"\" class=\"tve_evt_manager_listen tve_ea_thrive_animation tve_et_mouseover tve_anim_grow\" data-id=\"4015\" data-selector=\".post-wrapper\"><style class=\"tcb-post-list-dynamic-style\" type=\"text\/css\">@media (min-width: 300px){[].tcb-post-list #post-4015 []{background-image: url(\u00abhttps:\/\/www.paristouristinformation.fr\/es\/wp-content\/uploads\/2021\/01\/A-Guide-to-the-Orangerie-Museum-in-Paris-in-France-1024x538.jpg\u00ab) !important;}[].tcb-post-list #post-4015 []:hover []{background-image: url(\u00abhttps:\/\/www.paristouristinformation.fr\/es\/wp-content\/uploads\/2021\/01\/A-Guide-to-the-Orangerie-Museum-in-Paris-in-France-1024x538.jpg\u00ab) !important;}}<\/style><a href=\"https:\/\/www.paristouristinformation.fr\/es\/cosas-que-hacer\/museo\/musee-de-lorangerie\/\" dynamic-postlink=\"tcb_post_the_permalink\" data-shortcode-id=\"68\"><\/a><\/p>\n<h3 style=\"text-align: center; padding-top: 0px !important; margin-top: 0px !important;\"><span data-attr-link=\"1\" data-attr-rel=\"0\" data-attr-target=\"0\" data-extra_key=\"\" data-option-inline=\"1\" data-shortcode=\"tcb_post_title\" data-shortcode-name=\"Post title\" data-attr-css=\"\" data-attr-static-link=\"{&quot;className&quot;:&quot;tve-froala fr-basic&quot;,&quot;href&quot;:&quot;https:\/\/paristouristinformation.fr\/es\/cosas-que-hacer\/museo\/&quot;,&quot;title&quot;:&quot;Los 30 mejores museos para visitar en Par\u00eds: Entradas, ubicaci\u00f3n &amp; Consejos&quot;,&quot;class&quot;:&quot;tve-froala fr-basic&quot;}\" style=\"\"><a href=\"https:\/\/www.paristouristinformation.fr\/es\/cosas-que-hacer\/museo\/musee-de-lorangerie\/\" title=\"Gu\u00eda del Museo de la Orangerie de Par\u00eds: Entradas &amp; Exposiciones\" data-css=\"\" class=\"tve-froala fr-basic\">Gu\u00eda del Museo de la Orangerie de Par\u00eds: Entradas &amp; Exposiciones<\/a><\/span><\/h3>\n<p><\/article><article id=\"post-8391\" class=\"post-8391 page type-page status-publish has-post-thumbnail hentry post-wrapper thrv_wrapper thrive-animated-item  tve_evt_manager_listen tve_ea_thrive_animation tve_et_mouseover tve_anim_grow\" tcb_hover_state_parent=\"\" class=\"tve_evt_manager_listen tve_ea_thrive_animation tve_et_mouseover tve_anim_grow\" data-id=\"8391\" data-selector=\".post-wrapper\"><style class=\"tcb-post-list-dynamic-style\" type=\"text\/css\">@media (min-width: 300px){[].tcb-post-list #post-8391 []{background-image: url(\u00abhttps:\/\/www.paristouristinformation.fr\/es\/wp-content\/uploads\/2021\/02\/Top-30-Best-Museums-to-Visit-in-Paris-1024x538.jpg\u00ab) !important;}[].tcb-post-list #post-8391 []:hover []{background-image: url(\u00abhttps:\/\/www.paristouristinformation.fr\/es\/wp-content\/uploads\/2021\/02\/Top-30-Best-Museums-to-Visit-in-Paris-1024x538.jpg\u00ab) !important;}}<\/style><a href=\"https:\/\/www.paristouristinformation.fr\/es\/cosas-que-hacer\/museo\/musee-dorsay\/\" dynamic-postlink=\"tcb_post_the_permalink\" data-shortcode-id=\"68\"><\/a><\/p>\n<h3 style=\"text-align: center; padding-top: 0px !important; margin-top: 0px !important;\"><span data-attr-link=\"1\" data-attr-rel=\"0\" data-attr-target=\"0\" data-extra_key=\"\" data-option-inline=\"1\" data-shortcode=\"tcb_post_title\" data-shortcode-name=\"Post title\" data-attr-css=\"\" data-attr-static-link=\"{&quot;className&quot;:&quot;tve-froala fr-basic&quot;,&quot;href&quot;:&quot;https:\/\/paristouristinformation.fr\/es\/cosas-que-hacer\/museo\/&quot;,&quot;title&quot;:&quot;Los 30 mejores museos para visitar en Par\u00eds: Entradas, ubicaci\u00f3n &amp; Consejos&quot;,&quot;class&quot;:&quot;tve-froala fr-basic&quot;}\" style=\"\"><a href=\"https:\/\/www.paristouristinformation.fr\/es\/cosas-que-hacer\/museo\/musee-dorsay\/\" title=\"Gu\u00eda del Museo de Orsay en Par\u00eds: Consejos, historia y entradas\" data-css=\"\" class=\"tve-froala fr-basic\">Gu\u00eda del Museo de Orsay en Par\u00eds: Consejos, historia y entradas<\/a><\/span><\/h3>\n<p><\/article><article id=\"post-8641\" class=\"post-8641 page type-page status-publish has-post-thumbnail hentry post-wrapper thrv_wrapper thrive-animated-item  tve_evt_manager_listen tve_ea_thrive_animation tve_et_mouseover tve_anim_grow\" tcb_hover_state_parent=\"\" class=\"tve_evt_manager_listen tve_ea_thrive_animation tve_et_mouseover tve_anim_grow\" data-id=\"8641\" data-selector=\".post-wrapper\"><style class=\"tcb-post-list-dynamic-style\" type=\"text\/css\">@media (min-width: 300px){[].tcb-post-list #post-8641 []{background-image: url(\u00abhttps:\/\/www.paristouristinformation.fr\/es\/wp-content\/uploads\/2021\/07\/chateau-des-vincennes-in-Paris-in-France-4-1024x538.jpg\u00ab) !important;}[].tcb-post-list #post-8641 []:hover []{background-image: url(\u00abhttps:\/\/www.paristouristinformation.fr\/es\/wp-content\/uploads\/2021\/07\/chateau-des-vincennes-in-Paris-in-France-4-1024x538.jpg\u00ab) !important;}}<\/style><a href=\"https:\/\/www.paristouristinformation.fr\/es\/cosas-que-hacer\/museo\/vincennes\/\" dynamic-postlink=\"tcb_post_the_permalink\" data-shortcode-id=\"68\"><\/a><\/p>\n<h3 style=\"text-align: center; padding-top: 0px !important; margin-top: 0px !important;\"><span data-attr-link=\"1\" data-attr-rel=\"0\" data-attr-target=\"0\" data-extra_key=\"\" data-option-inline=\"1\" data-shortcode=\"tcb_post_title\" data-shortcode-name=\"Post title\" data-attr-css=\"\" data-attr-static-link=\"{&quot;className&quot;:&quot;tve-froala fr-basic&quot;,&quot;href&quot;:&quot;https:\/\/paristouristinformation.fr\/es\/cosas-que-hacer\/museo\/&quot;,&quot;title&quot;:&quot;Los 30 mejores museos para visitar en Par\u00eds: Entradas, ubicaci\u00f3n &amp; Consejos&quot;,&quot;class&quot;:&quot;tve-froala fr-basic&quot;}\" style=\"\"><a href=\"https:\/\/www.paristouristinformation.fr\/es\/cosas-que-hacer\/museo\/vincennes\/\" title=\"Gu\u00eda del Castillo de Vincennes en Par\u00eds\" data-css=\"\" class=\"tve-froala fr-basic\">Gu\u00eda del Castillo de Vincennes en Par\u00eds<\/a><\/span><\/h3>\n<p><\/article><\/div>\n","protected":false},"excerpt":{"rendered":"<p>El Museo Rodin cuenta con una enorme colecci\u00f3n de esculturas, dibujos y fotograf\u00edas. Cerca de 300 obras de Rodin est\u00e1n expuestas en el museo. Tambi\u00e9n hay obras de otros artistas.El edificio donde se encuentra el Museo Rodin no s\u00f3lo es una casa privada que refleja la arquitectura de principios del siglo XVIII, sino que tambi\u00e9n [&hellip;]<\/p>\n","protected":false},"author":10,"featured_media":4119,"parent":68,"menu_order":0,"comment_status":"closed","ping_status":"closed","template":"","meta":{"footnotes":""},"tags":[],"class_list":{"0":"post-3753","1":"page","2":"type-page","3":"status-publish","4":"has-post-thumbnail","5":"hentry","6":"post-wrapper","7":"thrv_wrapper","10":"thrive-animated-item"},"wp-worthy-pixel":{"ignored":false,"public":null,"server":null,"url":null},"wp-worthy-type":"normal","_links":{"self":[{"href":"https:\/\/www.paristouristinformation.fr\/es\/wp-json\/wp\/v2\/pages\/3753","targetHints":{"allow":["GET"]}}],"collection":[{"href":"https:\/\/www.paristouristinformation.fr\/es\/wp-json\/wp\/v2\/pages"}],"about":[{"href":"https:\/\/www.paristouristinformation.fr\/es\/wp-json\/wp\/v2\/types\/page"}],"author":[{"embeddable":true,"href":"https:\/\/www.paristouristinformation.fr\/es\/wp-json\/wp\/v2\/users\/10"}],"replies":[{"embeddable":true,"href":"https:\/\/www.paristouristinformation.fr\/es\/wp-json\/wp\/v2\/comments?post=3753"}],"version-history":[{"count":0,"href":"https:\/\/www.paristouristinformation.fr\/es\/wp-json\/wp\/v2\/pages\/3753\/revisions"}],"up":[{"embeddable":true,"href":"https:\/\/www.paristouristinformation.fr\/es\/wp-json\/wp\/v2\/pages\/68"}],"wp:featuredmedia":[{"embeddable":true,"href":"https:\/\/www.paristouristinformation.fr\/es\/wp-json\/wp\/v2\/media\/4119"}],"wp:attachment":[{"href":"https:\/\/www.paristouristinformation.fr\/es\/wp-json\/wp\/v2\/media?parent=3753"}],"wp:term":[{"taxonomy":"post_tag","embeddable":true,"href":"https:\/\/www.paristouristinformation.fr\/es\/wp-json\/wp\/v2\/tags?post=3753"}],"curies":[{"name":"wp","href":"https:\/\/api.w.org\/{rel}","templated":true}]}}