{"id":3762,"date":"2020-12-05T10:34:36","date_gmt":"2020-12-05T10:34:36","guid":{"rendered":"http:\/\/paristouristinformation.fr\/es\/clone-of-paris-restaurant-guide\/"},"modified":"2023-05-12T08:53:12","modified_gmt":"2023-05-12T08:53:12","slug":"restaurantes","status":"publish","type":"page","link":"https:\/\/www.paristouristinformation.fr\/es\/restaurantes\/","title":{"rendered":"Gu\u00eda completa de restaurantes en Par\u00eds: Platos, Caf\u00e9s, Comida Francesa&#8230;"},"content":{"rendered":"<h2 style=\"text-align: center;\" id=\"t-1613756542508\">Gente y comida francesa<\/h2>\n<p>Es bien sabido que la cocina francesa tiene una reputaci\u00f3n especial en el mundo. Se dice que la cocina francesa es delicada, sabrosa e innovadora. Se supone que los franceses son personas bien educadas y que comen sano. Pero, \u00bfson los franceses realmente gourmets? \u00bfO es un mito? \u00bfLes gusta cocinar a los franceses? \u00bfCon qu\u00e9 frecuencia van al restaurante? Efectivamente, los franceses tienen una relaci\u00f3n muy particular con la comida. Les apasiona lo que hay en su plato y no dudan en pasar horas en la cocina para cocinar un plato. Comer bien forma parte de su cultura. Tambi\u00e9n les encanta recibir a la gente en casa y preparar comidas para todos. Siempre hay un buen motivo para comer&#8230; \u00a1y beber vino!Probablemente por eso su cocina es tan rica y llena de sabor. De hecho, los mejores chefs del mundo son franceses o han estudiado el arte de la cocina en Francia con famosos cocineros franceses como Paul Bocuse, Jo\u00ebl Robuchon, Gaston Len\u00f4tre, Guy Savoy o Pierre Herm\u00e9. Ir al restaurante varias veces al mes es un verdadero placer y una actividad para los franceses, especialmente los de las grandes ciudades como Par\u00eds. A los franceses les gusta descubrir nuevos sabores con sus amigos y seres queridos y mantener largas conversaciones hasta el cierre del restaurante.<\/p>\n<h3 style=\"\">Una comida francesa<\/h3>\n<p><span style=\"color: var(--tcb-skin-color-3); font-family: inherit;\">La \u00abcomida gastron\u00f3mica de los franceses\u00bb fue reconocida por la UNESCO en 2010 como patrimonio cultural inmaterial. No en vano se dice que en Francia se come como Dios manda&#8230; \u00bfC\u00f3mo es exactamente esta comida francesa? Durante las reuniones, los franceses pasan largas horas en la mesa, comiendo numerosos platos en orden :<\/span><\/p>\n<ul>\n<li><span><strong>Ap\u00e9ritif<\/strong> : com\u00fanmente llamado \u00abap\u00e9ro\u00bb, es una bebida con alcohol para empezar la comida<\/span><\/li>\n<li><span><strong>Entr\u00e9e<\/strong> : el arranque<\/span><\/li>\n<li><span><strong>Plat<\/strong> : el plato principal, ya sea un trozo de carne o un pescado con verduras, ensalada o patatas fritas<\/span><\/li>\n<li><span><strong>Fromage&nbsp;<\/strong>: un poco de queso<\/span><\/li>\n<li><span><strong>Dessert<\/strong> : algo dulce para terminar la comida<\/span><\/li>\n<li><span><strong>Digestif<\/strong> : Una bebida con alcohol para terminar la comida<\/span><\/li>\n<\/ul>\n<p>Evidentemente, cada comida no se compone de tantos platos, sino s\u00f3lo de los especiales. Para el almuerzo, los restaurantes franceses suelen ofrecer las opciones de Entr\u00e9 + Plat o Plat + Postre. Para la cena, a\u00f1adir\u00e1n el queso y el vino. Si se trata de una reuni\u00f3n con amigos o familiares, el aperitivo y el digestivo son imprescindibles.<\/p>\n<p><span style=\"\"><img loading=\"lazy\" decoding=\"async\" alt=\"\" data-id=\"4499\" width=\"1080\" data-init-width=\"1000\" height=\"720\" data-init-height=\"667\" title=\"food michelin fish in paris in france\" src=\"http:\/\/paristouristinformation.fr\/es\/wp-content\/uploads\/2020\/12\/food-michelin-fish-in-paris-in-france.jpg\" data-width=\"1080\" data-height=\"720\" mt-d=\"-144.0780000000001\" style=\"\" mt-t=\"0\"><\/span><\/p>\n<h2 id=\"t-1613756542503\">\u00bfQu\u00e9 comer en Par\u00eds?<\/h2>\n<p style=\"text-align: justify;\">La oferta de restaurantes en Par\u00eds es muy amplia. De hecho, s\u00f3lo en la regi\u00f3n de Par\u00eds hay m\u00e1s de 15 000 restaurantes y m\u00e1s de 50 variedades de cocina. Entonces&#8230; \u00bfqu\u00e9 elegir y comer con todas estas opciones?<\/p>\n<h3 style=\"text-align: justify;\">Cocina tradicional francesa<\/h3>\n<p style=\"text-align: justify;\">La cocina francesa es mundialmente conocida tanto por su calidad como por su riqueza. Un viaje a Par\u00eds puede combinarse f\u00e1cilmente con una visita gastron\u00f3mica a los mejores restaurantes, un recorrido gastron\u00f3mico por los cl\u00e1sicos restaurantes tradicionales de Par\u00eds.Una sopa de cebolla, un queso franc\u00e9s con baguette y un vino tinto son tan propios de Par\u00eds como visitar uno de los muchos bistr\u00f3s de Saint-Germain o <a href=\"https:\/\/paristouristinformation.fr\/es\/cosas-que-hacer\/distritos\/le-marais\/\" target=\"_blank\" rel=\"noopener\"><strong>Le Marais<\/strong><\/a><em><strong>.<\/strong><\/em> Adem\u00e1s, un croque-monsieur como tentempi\u00e9 es una buena opci\u00f3n en los <a href=\"https:\/\/paristouristinformation.fr\/es\/restaurantes\/cafe\/\" target=\"_blank\" rel=\"noopener\"><strong>caf\u00e9s de Par\u00eds.<\/strong><\/a><\/p>\n<p style=\"text-align: justify;\">\n<p style=\"text-align: justify;\">Durante su viaje a Par\u00eds, merece la pena probar algunos platos tradicionales franceses muy famosos. Aqu\u00ed se nombran algunos:<\/p>\n<ul>\n<li style=\"text-align: left;\">Foie Gras<\/li>\n<li style=\"text-align: left;\">Escargots (Snails)<\/li>\n<li style=\"text-align: left;\">Steak Tartare (Raw Steak)<\/li>\n<li style=\"text-align: left;\">Canard \u00e0 l&#8217;Orange (Duck)<\/li>\n<li style=\"text-align: left;\">Coq-au-vin&nbsp;<\/li>\n<li style=\"text-align: left;\">B\u0153uf Bourguignon (Beef Bourguignon)<\/li>\n<\/ul>\n<p style=\"text-align: left;\">La cocina francesa original es chic y elegante. Puedes encontrarla en la <a href=\"https:\/\/paristouristinformation.fr\/es\/cosas-que-hacer\/torre-eiffel\/\" target=\"_blank\" rel=\"noopener\"><strong>Torre Eiffel<\/strong> <\/a>o en la <a href=\"https:\/\/paristouristinformation.fr\/es\/cosas-que-hacer\/avenue-des-champs-elysees\/\" target=\"_blank\" style=\"outline: none;\" rel=\"noopener\"><strong>Avenida de los Campos El\u00edseos<\/strong><\/a>, en los restaurantes con<a href=\"https:\/\/paristouristinformation.fr\/es\/restaurantes\/michelin-estrella\/\" target=\"_blank\" style=\"outline: none;\" rel=\"noopener\"> <strong>estrellas Michelin<\/strong><\/a> o en los mejores <a href=\"https:\/\/paristouristinformation.fr\/es\/restaurantes\/cafe\/\" target=\"_blank\" rel=\"noopener\"><strong>caf\u00e9s de Par\u00eds<\/strong><\/a>&#8230; pero ten en cuenta: la buena comida francesa no es barata.<\/p>\n<h3 style=\"text-align: left;\">La comida imprescindible \u00abs\u00f3lo en Par\u00eds\u00bb<\/h3>\n<p style=\"text-align: left;\">Incluso en un <a href=\"https:\/\/paristouristinformation.fr\/es\/plan\/3-dias\/\" target=\"_blank\" rel=\"noopener\"><strong>viaje muy corto a Par\u00eds<\/strong><\/a>, hay algunos alimentos que no deber\u00eda probar porque s\u00f3lo los encontrar\u00e1 en Par\u00eds. Estos son algunos ejemplos:<\/p>\n<ul>\n<li style=\"\"><span style=\"\">Baguette, el t\u00edpico pan franc\u00e9s que puedes encontrar en cualquier panader\u00eda<\/span><\/li>\n<li><span>Pasteles de la panader\u00eda<\/span><\/li>\n<li><span><strong><span style=\"font-weight: normal;\">Un plato sofisticado en un restaurante de ambiente<\/span><\/strong><\/span><\/li>\n<li><span>Macarons, \u00a1toma m\u00e1s para llevar a casa!<\/span><\/li>\n<li><span>El cl\u00e1sico Steak-Frite con un poco de vino tinto, en cualquier bristrot de la ciudad, a la hora del almuerzo. Te sentir\u00e1s como un completo parisino&#8230;<\/span><\/li>\n<li><span>Cr\u00eapes, \u00a1las mejores est\u00e1n en la calle Mouffetard!<\/span><\/li>\n<\/ul>\n<p><span style=\"\"><img loading=\"lazy\" decoding=\"async\" alt=\"\" data-id=\"4500\" width=\"1080\" data-init-width=\"1000\" height=\"720\" data-init-height=\"667\" title=\"michelin star restaurants in paris in france\" src=\"http:\/\/paristouristinformation.fr\/es\/wp-content\/uploads\/2020\/12\/food-gambas-mishelin-star-in-paris-in-france.jpg\" data-width=\"1080\" data-height=\"720\" mt-d=\"-144.0780000000001\" style=\"\" ml-t=\"0\" mt-t=\"0\"><\/span><\/p>\n<h3 style=\"text-align: left;\">Otros tipos de comida que puede encontrar en Par\u00eds<\/h3>\n<ul>\n<li><span>Tambi\u00e9n puede comer un buen filete con patatas fritas o algo de comida francesa sencilla en cualquier bistrot.<\/span><\/li>\n<li><span>La Place d&#8217;Italie y el Quartier asiatique, el barrio asi\u00e1tico del distrito 13, ofrecen muchas opciones asi\u00e1ticas. Otros restaurantes asi\u00e1ticos m\u00e1s sofisticados est\u00e1n repartidos por toda la ciudad. Consejo: \u00a1los mejores restaurantes vietnamitas est\u00e1n en Par\u00eds!<\/span><\/li>\n<li><span><strong><span style=\"font-weight: normal;\">Le Marais re\u00fane todos los restaurantes de moda con sabrosa comida innovadora (muchas opciones veganas). El lugar m\u00e1s popular es \u00abLes Philosophese\u00bb.<\/span><\/strong><\/span><\/li>\n<li><span>El Canal Saint Martin es popular por su comida africana o \u00abcantine\u00bb. Ambiente sencillo y relajado.<\/span><\/li>\n<li><span><strong>\u00bfComida \u00e1rabe? <\/strong>Muchos parisinos \u00e1rabes viven en el barrio de Barb\u00e8s. Aqu\u00ed tambi\u00e9n se pueden conseguir comestibles \u00e1rabes y t\u00e9 dulce oriental.<\/span><\/li>\n<\/ul>\n<p><span><img loading=\"lazy\" decoding=\"async\" alt=\"falafel street food in paris\" data-id=\"4802\" width=\"1080\" data-init-width=\"1000\" height=\"525\" data-init-height=\"486\" title=\"falafel street food in paris\" src=\"http:\/\/paristouristinformation.fr\/es\/wp-content\/uploads\/2020\/12\/falafel-street-food-in-paris.jpg\" data-width=\"1080\" data-height=\"525\" style=\"\"><\/span><\/p>\n<p><strong><span style=\"color: var(--tcb-skin-color-0);\">La panader\u00eda francesa :&nbsp;<\/span><\/strong>La panader\u00eda es un lugar precioso para los franceses. Todas las ma\u00f1anas pasan por all\u00ed para desayunar una bebida caliente y un croissant. Durante un ajetreado almuerzo, compran un jambon-beurre (bocadillo con jam\u00f3n y mantequilla) y un refresco. Y antes de volver a casa por la noche, hacen una \u00faltima parada para comprar una baguette para cenar.&nbsp;<\/p>\n<p><strong><span style=\"color: var(--tcb-skin-color-0);\">Tendencia vegetariana :&nbsp;<\/span><\/strong><span style=\"text-decoration: underline;\">algunas cantinas elegantes y modernas y caf\u00e9s convencionales est\u00e1n apareciendo por los barrios famosos de Par\u00eds. El concepto de cocina exclusivamente vegetariana se ha hecho m\u00e1s visible en Par\u00eds. Incluso los no vegetarianos disfrutan tambi\u00e9n de estos platos y lugares. As\u00ed que merecen ser vistos como puntos gastron\u00f3micos bastante buenos de la ciudad.<\/span><\/p>\n<h2 style=\"text-align: center;\" id=\"t-1613756542505\">Comida t\u00edpicamente francesa<\/h2>\n<h3 id=\"t-1613756542509\" style=\"text-align: left;\">Le vin (vino)<\/h3>\n<p>Todo el mundo sabe que el vino es una parte esencial de la cocina francesa. Los mejores lugares para perfeccionarse en enolog\u00eda son los llamados \u00abBar \u00e0 Vin\u00bb o \u00abLa Cave\u00bb en Francia. Los locales \u00abLa Cave\u00bb se dedican exclusivamente al vino, pero con una gran variedad de tipos y regiones. Los locales \u00abBar A Vin\u00bb sirven otras bebidas pero se centran sobre todo en el vino. Estos bares suelen servir peque\u00f1os pero sabrosos platillos con comida local que se asemejan al estilo de las tapas espa\u00f1olas.Por ejemplo, Le Barav, entre el Marais y la plaza de la Rep\u00fablica, es uno de los favoritos de los locales si se busca un lugar en la orilla derecha. Al otro lado del r\u00edo, en la zona de Saint-Germain, en la Orilla Izquierda, el Bar Etna es una vinoteca boutique que sirve de forma personalizada seg\u00fan sus preferencias. Sus platos de marisco son especialmente recomendables. Cerca del r\u00edo, Le 5e Cru tiene un ambiente fant\u00e1stico y una gran selecci\u00f3n de vinos y quesos.<\/p>\n<h3 style=\"text-align: left;\">Fromage (Queso)<\/h3>\n<p>El queso es un plato precioso para los franceses. Consumen 30 kg de queso al a\u00f1o y, entre los m\u00e1s de 1.000 tipos, el camembert, el queso de cabra, el comt\u00e9 y el roquefort son los favoritos. Muchos restaurantes sofisticados de Par\u00eds le ofrecer\u00e1n un men\u00fa con una gran variedad de quesos disponibles.El plato de queso, \u00abPlateau de Fromage\u00bb en franc\u00e9s, suele ser la forma que eligen los franceses para comer en los restaurantes con amigos. De hecho, antes del postre, se puede elegir un plato especial de su elecci\u00f3n y el vino correspondiente. Es un momento amistoso para compartir y descubrir nuevos sabores en peque\u00f1as porciones.Tenga cuidado, algunos quesos, llamados azules como el roquefort, son muy olorosos y salados. Son los preferidos de los lugare\u00f1os, pero si eres sensible a ellos, puedes pedir al camarero que los retire de tu plato.<\/p>\n<h3 style=\"text-align: left;\">Charcuter\u00eda (embutidos)<\/h3>\n<p><strong>\u00bfSab\u00eda lo que es la charcuter\u00eda? <\/strong>Francia cuenta con m\u00e1s de 450 especialidades de charcuter\u00eda. No deber\u00eda perder la oportunidad de probar estos productos c\u00e1rnicos preparados por los chefs franceses. Entre los tipos de charcuter\u00eda m\u00e1s conocidos, encontrar\u00e1 bacon, jam\u00f3n, terrinas, pat\u00e9s o salchichas, principalmente de cerdo. Originalmente concebidos como una forma de conservar la carne antes de la llegada de la refrigeraci\u00f3n, hoy se preparan por su sabor.Se dice incluso que la charcuter\u00eda \u00abha evolucionado desde su tradicional apreciaci\u00f3n francesa de las carnes cocidas hasta convertirse en una forma de arte culinario centrada en el sabor, el maridaje y el atractivo visual\u00bb.Encontrar\u00e1 algunas opciones en cualquier buen restaurante franc\u00e9s o incluso en algunos bistrots.<\/p>\n<p><span style=\"\"><img loading=\"lazy\" decoding=\"async\" alt=\"\" data-id=\"948\" width=\"1080\" data-init-width=\"1285\" height=\"720\" data-init-height=\"857\" title=\"Paris Food Wine Cheese Bread2\" src=\"http:\/\/paristouristinformation.fr\/es\/wp-content\/uploads\/2020\/09\/Paris-Food-Wine-Cheese-Bread2.jpg\" data-width=\"1080\" data-height=\"720\" mt-d=\"-144.063\" style=\"\" mt-t=\"0\"><\/span><\/p>\n<h2 id=\"t-1613756542504\" style=\"text-align: center;\">\u00bfD\u00f3nde comer en Par\u00eds?<\/h2>\n<p>En Par\u00eds, encontrar\u00e1 muchos tipos de restaurantes.&nbsp;<\/p>\n<ul>\n<li>Los m\u00e1s elegantes y caros son los restaurantes con estrellas Michelin y aquellos en los que los chefs son famosos. Estos restaurantes con clase sirven la mejor cocina de Par\u00eds y son bastante caros.&nbsp;<\/li>\n<li>Luego est\u00e1n los t\u00edpicos bistrots y caf\u00e9s parisinos, que sirven comida t\u00edpica francesa. En los bistrots, cada d\u00eda hay un men\u00fa diferente, escrito en una pizarra. Los caf\u00e9s tienen un men\u00fa m\u00e1s estricto.<\/li>\n<li>Tambi\u00e9n hay cantinas, lugares muy acogedores y de moda donde el men\u00fa se compone de comida casera, sencilla pero sabrosa. Los precios son bastante asequibles.&nbsp;<\/li>\n<li><strong>Las hamburgueser\u00edas <\/strong>tambi\u00e9n son muy populares, especialmente las veganas.<\/li>\n<li>En Par\u00eds, podr\u00e1 degustar todo tipo de comida \u00e9tnica, desde la turca hasta la india, pasando por la iran\u00ed o la costarricense.&nbsp;<\/li>\n<li>Como se ha dicho anteriormente, puede comer un s\u00e1ndwich recogido en una panader\u00eda de un lugar listo para llevar como Pr\u00eat \u00e0 Manger, Cojean o Exxi.<\/li>\n<\/ul>\n<p>En general, se puede encontrar todo tipo de comida en Par\u00eds, ya que es una ciudad muy cosmopolita y llena de diversidad.<\/p>\n<p>Aqu\u00ed tienes los art\u00edculos que te hemos preparado con las mejores direcciones de restaurantes y caf\u00e9s que puedes encontrar en Par\u00eds:<\/p>\n<p><a href=\"https:\/\/www.paristouristinformation.fr\/es\/restaurantes\/vegetariano\/\" dynamic-postlink=\"tcb_post_the_permalink\" data-shortcode-id=\"6038\"><\/a><\/p>\n<p style=\"text-align: center;\"><span data-attr-date-format=\"F j, Y\" data-attr-date-format-select=\"F j, Y\" data-attr-show-time=\"0\" data-attr-time-format=\"\" data-attr-time-format-select=\"g:i a\" data-attr-type=\"published\" data-extra_key=\"\" data-option-inline=\"1\" data-shortcode=\"tcb_post_published_date\" data-shortcode-name=\"Post date\">January 15, 2021 <\/span><\/p>\n<h3><span data-attr-css=\"\" data-attr-link=\"1\" data-attr-rel=\"0\" data-attr-static-link=\"{&quot;className&quot;:&quot;tve-froala fr-basic&quot;,&quot;href&quot;:&quot;https:\/\/paristouristinformation.fr\/restaurants\/vegetarian\/&quot;,&quot;title&quot;:&quot;7 Best Vegetarians and Vegans Restaurants in Paris&quot;,&quot;class&quot;:&quot;tve-froala fr-basic&quot;}\" data-attr-target=\"0\" data-extra_key=\"\" data-option-inline=\"1\" data-shortcode=\"tcb_post_title\" data-shortcode-name=\"Post title\"><a href=\"https:\/\/paristouristinformation.fr\/restaurants\/vegetarian\/\" title=\"7 Best Vegetarians and Vegans Restaurants in Paris\" style=\"outline: none;\">7 restaurantes rom\u00e1nticos para una cita en Par\u00eds<\/a><\/span><\/h3>\n<p><a href=\"https:\/\/www.paristouristinformation.fr\/es\/restaurantes\/cafe\/\" dynamic-postlink=\"tcb_post_the_permalink\" data-shortcode-id=\"6038\"><\/a><\/p>\n<p style=\"text-align: center;\"><span data-attr-date-format=\"F j, Y\" data-attr-date-format-select=\"F j, Y\" data-attr-show-time=\"0\" data-attr-time-format=\"\" data-attr-time-format-select=\"g:i a\" data-attr-type=\"published\" data-extra_key=\"\" data-option-inline=\"1\" data-shortcode=\"tcb_post_published_date\" data-shortcode-name=\"Post date\">January 13, 2021 <\/span><\/p>\n<h3><span data-attr-css=\"\" data-attr-link=\"1\" data-attr-rel=\"0\" data-attr-static-link=\"{&quot;className&quot;:&quot;tve-froala fr-basic&quot;,&quot;href&quot;:&quot;https:\/\/paristouristinformation.fr\/restaurants\/vegetarian\/&quot;,&quot;title&quot;:&quot;7 Best Vegetarians and Vegans Restaurants in Paris&quot;,&quot;class&quot;:&quot;tve-froala fr-basic&quot;}\" data-attr-target=\"0\" data-extra_key=\"\" data-option-inline=\"1\" data-shortcode=\"tcb_post_title\" data-shortcode-name=\"Post title\"><a href=\"https:\/\/paristouristinformation.fr\/restaurants\/vegetarian\/\" title=\"7 Best Vegetarians and Vegans Restaurants in Paris\" style=\"outline: none;\">7 restaurantes rom\u00e1nticos para una cita en Par\u00eds<\/a><\/span><\/h3>\n<p><a href=\"https:\/\/www.paristouristinformation.fr\/es\/restaurantes\/romantico\/\" dynamic-postlink=\"tcb_post_the_permalink\" data-shortcode-id=\"6038\"><\/a><\/p>\n<p style=\"text-align: center;\"><span data-attr-date-format=\"F j, Y\" data-attr-date-format-select=\"F j, Y\" data-attr-show-time=\"0\" data-attr-time-format=\"\" data-attr-time-format-select=\"g:i a\" data-attr-type=\"published\" data-extra_key=\"\" data-option-inline=\"1\" data-shortcode=\"tcb_post_published_date\" data-shortcode-name=\"Post date\">December 26, 2020 <\/span><\/p>\n<h3><span data-attr-css=\"\" data-attr-link=\"1\" data-attr-rel=\"0\" data-attr-static-link=\"{&quot;className&quot;:&quot;tve-froala fr-basic&quot;,&quot;href&quot;:&quot;https:\/\/paristouristinformation.fr\/restaurants\/vegetarian\/&quot;,&quot;title&quot;:&quot;7 Best Vegetarians and Vegans Restaurants in Paris&quot;,&quot;class&quot;:&quot;tve-froala fr-basic&quot;}\" data-attr-target=\"0\" data-extra_key=\"\" data-option-inline=\"1\" data-shortcode=\"tcb_post_title\" data-shortcode-name=\"Post title\"><a href=\"https:\/\/paristouristinformation.fr\/restaurants\/vegetarian\/\" title=\"7 Best Vegetarians and Vegans Restaurants in Paris\" style=\"outline: none;\">7 restaurantes rom\u00e1nticos para una cita en Par\u00eds<\/a><\/span><\/h3>\n<p><a href=\"https:\/\/www.paristouristinformation.fr\/es\/restaurantes\/cocina-francesa\/\" dynamic-postlink=\"tcb_post_the_permalink\" data-shortcode-id=\"6038\"><\/a><\/p>\n<p style=\"text-align: center;\"><span data-attr-date-format=\"F j, Y\" data-attr-date-format-select=\"F j, Y\" data-attr-show-time=\"0\" data-attr-time-format=\"\" data-attr-time-format-select=\"g:i a\" data-attr-type=\"published\" data-extra_key=\"\" data-option-inline=\"1\" data-shortcode=\"tcb_post_published_date\" data-shortcode-name=\"Post date\">December 22, 2020 <\/span><\/p>\n<h3><span data-attr-css=\"\" data-attr-link=\"1\" data-attr-rel=\"0\" data-attr-static-link=\"{&quot;className&quot;:&quot;tve-froala fr-basic&quot;,&quot;href&quot;:&quot;https:\/\/paristouristinformation.fr\/restaurants\/vegetarian\/&quot;,&quot;title&quot;:&quot;7 Best Vegetarians and Vegans Restaurants in Paris&quot;,&quot;class&quot;:&quot;tve-froala fr-basic&quot;}\" data-attr-target=\"0\" data-extra_key=\"\" data-option-inline=\"1\" data-shortcode=\"tcb_post_title\" data-shortcode-name=\"Post title\"><a href=\"https:\/\/paristouristinformation.fr\/restaurants\/vegetarian\/\" title=\"7 Best Vegetarians and Vegans Restaurants in Paris\" style=\"outline: none;\">7 restaurantes rom\u00e1nticos para una cita en Par\u00eds<\/a><\/span><\/h3>\n<p><a href=\"https:\/\/www.paristouristinformation.fr\/es\/restaurantes\/michelin-estrella\/\" dynamic-postlink=\"tcb_post_the_permalink\" data-shortcode-id=\"6038\"><\/a><\/p>\n<p style=\"text-align: center;\"><span data-attr-date-format=\"F j, Y\" data-attr-date-format-select=\"F j, Y\" data-attr-show-time=\"0\" data-attr-time-format=\"\" data-attr-time-format-select=\"g:i a\" data-attr-type=\"published\" data-extra_key=\"\" data-option-inline=\"1\" data-shortcode=\"tcb_post_published_date\" data-shortcode-name=\"Post date\">December 19, 2020 <\/span><\/p>\n<h3><span data-attr-css=\"\" data-attr-link=\"1\" data-attr-rel=\"0\" data-attr-static-link=\"{&quot;className&quot;:&quot;tve-froala fr-basic&quot;,&quot;href&quot;:&quot;https:\/\/paristouristinformation.fr\/restaurants\/vegetarian\/&quot;,&quot;title&quot;:&quot;7 Best Vegetarians and Vegans Restaurants in Paris&quot;,&quot;class&quot;:&quot;tve-froala fr-basic&quot;}\" data-attr-target=\"0\" data-extra_key=\"\" data-option-inline=\"1\" data-shortcode=\"tcb_post_title\" data-shortcode-name=\"Post title\"><a href=\"https:\/\/paristouristinformation.fr\/restaurants\/vegetarian\/\" title=\"7 Best Vegetarians and Vegans Restaurants in Paris\" style=\"outline: none;\">7 restaurantes rom\u00e1nticos para una cita en Par\u00eds<\/a><\/span><\/h3>\n<h2 style=\"color: var(--tcb-skin-color-4)  !important; --tcb-applied-color:  var$(--tcb-skin-color-4)  !important;\" id=\"t-1613756542510\">Reservar una mesa en Par\u00eds<\/h2>\n<p style=\"\">Para reservar una mesa f\u00e1cilmente en Par\u00eds, desc\u00e1rgate la app El Tenedor. Incluso tienes una secci\u00f3n con descuentos especiales del d\u00eda. \u00a1Buen provecho!<\/p>\n<h2 style=\"\" id=\"t-1613756542506\" data-hide=\"true\">Catering<\/h2>\n<p style=\"\">Para eventos de empresa, ferias y grandes eventos privados, nos encargamos con mucho gusto del catering en Par\u00eds.Aqu\u00ed puede leer m\u00e1s sobre nuestra oferta para viajes en grupo.<\/p>\n<ul>\n<li style=\"\"><span style=\"\">+ 33 7 68 21 05 27<\/span><\/li>\n<li style=\"\"><span style=\"\">support@paristouristinformation.fr<\/span><\/li>\n<\/ul>\n<h2 style=\"text-align: center;\" id=\"t-1613756542507\">PREGUNTAS FRECUENTES SOBRE RESTAURANTES<\/h2>\n<h2 style=\"text-align: center;\" id=\"t-1643803982671\">Obtenga una consulta gratuita<\/h2>\n<p style=\"text-align: center;\">Puede ponerse en contacto con nosotros por tel\u00e9fono en el <strong><span style=\"color: rgb(233, 7, 45);\">+ 33 7 68 21 05 27<\/span><\/strong>, por correo electr\u00f3nico en el <strong><span style=\"color: rgb(233, 7, 45);\">support@paristouristinformation.fr<\/span><\/strong> o mediante el formulario de contacto.<\/p>\n","protected":false},"excerpt":{"rendered":"<p>Gente y comida francesa Es bien sabido que la cocina francesa tiene una reputaci\u00f3n especial en el mundo. Se dice que la cocina francesa es delicada, sabrosa e innovadora. Se supone que los franceses son personas bien educadas y que comen sano. Pero, \u00bfson los franceses realmente gourmets? \u00bfO es un mito? \u00bfLes gusta cocinar [&hellip;]<\/p>\n","protected":false},"author":10,"featured_media":945,"parent":0,"menu_order":0,"comment_status":"closed","ping_status":"closed","template":"","meta":{"footnotes":""},"tags":[],"class_list":["post-3762","page","type-page","status-publish","has-post-thumbnail","hentry","post-wrapper","thrv_wrapper"],"wp-worthy-pixel":{"ignored":false,"public":null,"server":null,"url":null},"wp-worthy-type":"normal","_links":{"self":[{"href":"https:\/\/www.paristouristinformation.fr\/es\/wp-json\/wp\/v2\/pages\/3762","targetHints":{"allow":["GET"]}}],"collection":[{"href":"https:\/\/www.paristouristinformation.fr\/es\/wp-json\/wp\/v2\/pages"}],"about":[{"href":"https:\/\/www.paristouristinformation.fr\/es\/wp-json\/wp\/v2\/types\/page"}],"author":[{"embeddable":true,"href":"https:\/\/www.paristouristinformation.fr\/es\/wp-json\/wp\/v2\/users\/10"}],"replies":[{"embeddable":true,"href":"https:\/\/www.paristouristinformation.fr\/es\/wp-json\/wp\/v2\/comments?post=3762"}],"version-history":[{"count":0,"href":"https:\/\/www.paristouristinformation.fr\/es\/wp-json\/wp\/v2\/pages\/3762\/revisions"}],"wp:featuredmedia":[{"embeddable":true,"href":"https:\/\/www.paristouristinformation.fr\/es\/wp-json\/wp\/v2\/media\/945"}],"wp:attachment":[{"href":"https:\/\/www.paristouristinformation.fr\/es\/wp-json\/wp\/v2\/media?parent=3762"}],"wp:term":[{"taxonomy":"post_tag","embeddable":true,"href":"https:\/\/www.paristouristinformation.fr\/es\/wp-json\/wp\/v2\/tags?post=3762"}],"curies":[{"name":"wp","href":"https:\/\/api.w.org\/{rel}","templated":true}]}}