{"id":3879,"date":"2020-12-05T15:12:35","date_gmt":"2020-12-05T15:12:35","guid":{"rendered":"http:\/\/paristouristinformation.fr\/es\/clone-of-paris-nightlife-guide\/"},"modified":"2023-05-12T10:42:14","modified_gmt":"2023-05-12T10:42:14","slug":"vida-nocturna","status":"publish","type":"page","link":"https:\/\/www.paristouristinformation.fr\/es\/vida-nocturna\/","title":{"rendered":"La gu\u00eda completa de la vida nocturna en Par\u00eds: Bares, discotecas, espect\u00e1culos&#8230;"},"content":{"rendered":"<p>\u00bfQuiere disfrutar de sus noches como un aut\u00e9ntico parisino durante su viaje a Par\u00eds? Conozca los barrios de moda de la vida nocturna de Par\u00eds, pero tambi\u00e9n los bares, discotecas, restaurantes y consejos generales para disfrutar de una noche vibrante en la escena parisina. \u00a1Que aproveche!<\/p>\n<h2 style=\"text-align: left;\" id=\"t-1613653559814\">\u00bfQu\u00e9 debo saber?<\/h2>\n<p dir=\"ltr\">\u00a1Par\u00eds es una ciudad mundial! La capital francesa, tambi\u00e9n conocida como la Ciudad de la Luz, ofrece a sus visitantes una amplia gama de instalaciones, desde bares hasta nobles cabarets y casinos.Detr\u00e1s de su patrimonio art\u00edstico y cultural, Par\u00eds tambi\u00e9n esconde un alma joven, que se refleja en su vibrante vida nocturna. La vida nocturna suele comenzar a las 10 de la noche y contin\u00faa hasta el amanecer.Hay lugares para salir para todos los bolsillos: desde pubs acogedores y con precios razonables, pasando por nobles bares de moda, hasta clubes nocturnos y discotecas pecaminosamente caros. Aqu\u00ed hay que prestar atenci\u00f3n al c\u00f3digo de vestimenta, porque muchos tienen una estricta pol\u00edtica de puertas. La mayor\u00eda de los locales abren a diario durante todo el a\u00f1o, pero algunos clubes al aire libre s\u00f3lo abren en verano.Desde hace varios a\u00f1os, los clubes de electro est\u00e1n en auge tambi\u00e9n en Par\u00eds. La calidad es de primera, algunos incluso abren las 24 horas del d\u00eda. A los que no les gusta la m\u00fasica disco van a un pub, a un bistr\u00f3, visitan un cabaret o un concierto de m\u00fasica cl\u00e1sica o prueban suerte en el casino.<\/p>\n<h3>Consejos para la vida nocturna<\/h3>\n<ul>\n<li><span style=\"\"><strong>Horario de apertura: <\/strong>\u00a1Par\u00eds nunca duerme! Desde la puesta de sol hasta las primeras horas de la ma\u00f1ana. Por lo general, un club comienza a llenarse a la 1 de la madrugada, cuando los bares cierran&#8230;<\/span><\/li>\n<li><span style=\"\"><strong>Barrios de vida nocturna : <\/strong>Montmartre, Saint-Germain, Le Marais, Bastille y Operkampf<\/span><\/li>\n<li><span style=\"\"><strong>Precios :<\/strong> Se aplican los precios europeos.<\/span><\/li>\n<\/ul>\n<p style=\"\"><strong><span style=\"color: var(--tcb-skin-color-0);\">Casino : <\/span><\/strong><span>Hay varios casinos que ofrecen p\u00f3quer, bacar\u00e1 y blackjack. En lugar de la ruleta, se juega a Le Multicolore, las m\u00e1quinas tragaperras s\u00f3lo est\u00e1n disponibles en la Barri\u00e8re, a 20 minutos de Par\u00eds. Las tarifas de entrada var\u00edan, los casinos est\u00e1n abiertos hasta al menos las 4 de la ma\u00f1ana. El m\u00e1s popular de Par\u00eds es el Cercle Haussman, cerca de la <em><strong>\u00d3pera Garnier.<\/strong><\/em><\/span><\/p>\n<p><span><a href=\"https:\/\/viennatouristinformation.com\/wp-content\/uploads\/2020\/09\/Beyoglu-at-Night-Itanbul-Turkey.jpg\" rel=\"nofollow noopener\" target=\"_blank\"><img loading=\"lazy\" decoding=\"async\" alt=\"\" data-id=\"4651\" data-init-width=\"1000\" data-init-height=\"694\" title=\"montmartre place tertre at night in paris\" src=\"http:\/\/paristouristinformation.fr\/es\/wp-content\/uploads\/2020\/12\/montmartre-place-tertre-at-night-in-paris.jpg\" data-width=\"1080\" data-height=\"750\" data-link-wrap=\"true\" style=\"\" width=\"1080\" height=\"750\"><\/a><\/span><\/p>\n<h2 style=\"text-align: left;\" id=\"t-1613653559815\">1. Montmartre para un espect\u00e1culo<\/h2>\n<p>Con sus calles empedradas, sus artistas y sus bares, Montmartre desprende un encanto incre\u00edble. En lo alto de la colina del distrito 18, el barrio m\u00e1s famoso de Par\u00eds no ha perdido nada de la aldea que tanto gustaba a los artistas de los siglos XIX y XX.Hoy en d\u00eda, esta zona es muy animada y, gracias a los numerosos clubes y pubs con buen vino, cocina local y m\u00fasica en vivo, es frecuentada hasta altas horas de la noche por locales y turistas, que disfrutan de la vista de la<a href=\"https:\/\/paristouristinformation.fr\/es\/cosas-que-hacer\/iglesia\/sacre-coeur-basilica\/\" target=\"_blank\" style=\"outline: none;\" rel=\"noopener\"><em> <strong>Bas\u00edlica del Sacr\u00e9-Coeur<\/strong><\/em><\/a> mientras salen.En las afueras de Montmartre se encuentra el famoso Moulin Rouge.En las inmediaciones se encuentra el barrio de atracciones del mismo nombre, alrededor de la plaza Pigalle, que goza de una reputaci\u00f3n bastante dudosa.<\/p>\n<ul>\n<li><span style=\"\">Conozca las <a href=\"https:\/\/paristouristinformation.fr\/es\/cosas-que-hacer\/museo\/museo-montmarte\/\" target=\"_blank\" style=\"outline: none;\" rel=\"noopener\"><strong>principales atracciones del barrio de Montmartre<\/strong><\/a><\/span><\/li>\n<li style=\"\"><span style=\"\">Consiga su audiogu\u00eda <a href=\"https:\/\/yourmobileguide.com\/en\/audioguides\/france\/paris\/montmartre-walking-tour\" target=\"_blank\" rel=\"noopener nofollow\"><strong>descargable de Montmartre<\/strong> <\/a>y descubra los misterios del lugar.<\/span><\/li>\n<li><span style=\"\">Consiga sus <a href=\"https:\/\/www.tiqets.com\/en\/paris-attractions-c66746\/tickets-for-moulin-rouge-p983815\/?partner=checkfortrip\" target=\"_blank\" style=\"outline: none;\" rel=\"noopener nofollow\">e<strong>ntradas para el <\/strong><strong>espect\u00e1culo del Moulin Rouge<\/strong><\/a> y disfrute de una noche inolvidable.<\/span><\/li>\n<\/ul>\n<p><span><a href=\"https:\/\/viennatouristinformation.com\/wp-content\/uploads\/2020\/09\/Istanbul-Kadikoy-at-Night.jpg\" rel=\"nofollow noopener\" target=\"_blank\"><img loading=\"lazy\" decoding=\"async\" alt=\"\" data-id=\"4650\" data-init-width=\"1000\" data-init-height=\"667\" title=\"saint germain at night in paris in france\" src=\"http:\/\/paristouristinformation.fr\/es\/wp-content\/uploads\/2020\/12\/saint-germain-at-night-in-paris-in-france.jpg\" data-width=\"1080\" data-height=\"720\" data-link-wrap=\"true\" style=\"\" width=\"1080\" height=\"720\"><\/a><\/span><\/p>\n<h2 id=\"t-1613653559816\">2. Saint-Germain para cenar<\/h2>\n<p>Saint-Germain es el barrio de ambiente acogedor que, a pesar de las boutiques de lujo, sigue siendo popular entre los estudiantes que acuden a uno de los numerosos bares de la esquina para tomar una copa.Adem\u00e1s de peque\u00f1os bares con precios moderados, tambi\u00e9n encontrar\u00e1 otros tantos locales de moday restaurantes gastron\u00f3micos, varios de los cuales merecen la pena.Adem\u00e1s de los restaurantes que ofrecen especialidades italianas, espa\u00f1olas, portuguesas y, por supuesto, francesas, hay numerosas bodegas, pescader\u00edas y restaurantes de moda, as\u00ed como elegantes bares, comedores y restaurantes gourmet que invitan a cenar.<\/p>\n<ul>\n<li><span style=\"\"><strong>Consejo: <\/strong>El restaurante y caf\u00e9 Les Deux Magots es el caf\u00e9\/restaurante m\u00e1s popular del barrio y uno de los m\u00e1s antiguos de la zona. Consulte otros <a href=\"https:\/\/paristouristinformation.fr\/es\/restaurantes\/romantico\/\" target=\"_blank\" rel=\"noopener\"><strong>restaurantes rom\u00e1nticos de Par\u00eds.<\/strong><\/a><\/span><\/li>\n<\/ul>\n<p><span><a href=\"https:\/\/viennatouristinformation.com\/wp-content\/uploads\/2020\/09\/Istanbul-Bosphorus-Night-Cruise-Turkey.jpg\" rel=\"nofollow noopener\" target=\"_blank\"><img loading=\"lazy\" decoding=\"async\" alt=\"\" data-id=\"4653\" data-init-width=\"1000\" data-init-height=\"686\" title=\"seine river at night in paris in france\" src=\"http:\/\/paristouristinformation.fr\/es\/wp-content\/uploads\/2020\/12\/seine-river-at-night-in-paris-in-france.jpg\" data-width=\"1080\" data-height=\"741\" data-link-wrap=\"true\" width=\"1080\" height=\"741\" style=\"\"><\/a><\/span><\/p>\n<h2 id=\"t-1613653559817\">3. Crucero por el Sena<\/h2>\n<p>El punto de embarque se encuentra al pie de la Torre Eiffel, de donde salen la mayor\u00eda de los barcos. La Ciudad de las Luces, como tambi\u00e9n se llama a Par\u00eds, es a\u00fan m\u00e1s impresionante e imponente de noche desde el agua. Un paseo en barco por el Sena a trav\u00e9s del Par\u00eds iluminado es una experiencia inolvidable.El viaje dura unas 2,5 horas. Mientras famosos monumentos como la Torre Eiffel, el Louvre y la Isla de la Cit\u00e9 se deslizan por la ventanilla del barco de cristal, el cliente puede disfrutar de su comida sin ser molestado.El champ\u00e1n y la m\u00fasica en directo est\u00e1n incluidos, los franceses saben disfrutar en directo&#8230;<\/p>\n<ul>\n<li><span style=\"\"><strong>Sugerencia: <\/strong>Consiga su b<a href=\"https:\/\/paristouristinformation.fr\/es\/restaurantes\/romantico\/\" target=\"_blank\" style=\"outline: none;\" rel=\"noopener\">illete de crucero por el Sena<\/a> con audiogu\u00eda gratuita con antelaci\u00f3n y disfrute del viaje m\u00e1s incre\u00edble por Par\u00eds. Tambi\u00e9n puede obtener un billete de crucero por el <a href=\"https:\/\/www.tiqets.com\/en\/paris-attractions-c66746\/tickets-for-hop-on-hop-off-open-bus-boat-p974812\/?partner=checkfortrip\" target=\"_blank\" rel=\"noopener nofollow\">Sena con el sistema Hop on Hop off<\/a>. M\u00e1s informaci\u00f3n en nuestra tienda oficial:<\/span><\/li>\n<\/ul>\n<p><span><a href=\"https:\/\/viennatouristinformation.com\/wp-content\/uploads\/2020\/09\/Istanbul-Bosphorus-Night-Cruise-Turkey.jpg\" rel=\"nofollow noopener\" target=\"_blank\"><img loading=\"lazy\" decoding=\"async\" alt=\"\" data-id=\"4652\" data-init-width=\"1000\" data-init-height=\"667\" title=\"moulin rouge at night in paris\" src=\"http:\/\/paristouristinformation.fr\/es\/wp-content\/uploads\/2020\/12\/moulin-rouge-at-night-in-paris.jpg\" data-width=\"1080\" data-height=\"720\" data-link-wrap=\"true\" width=\"1080\" height=\"720\" style=\"\"><\/a><\/span><\/p>\n<h2 id=\"t-1613653559818\">4. Espect\u00e1culo en el Moulin Rouge, Lido y Crazy Horse<\/h2>\n<p>Los impresionantes espect\u00e1culos de cabaret y revistas de Par\u00eds son mundialmente conocidos. Uno de los m\u00e1s famosos es sin duda el Moulin Rouge, fundado en 1889 en el barrio de Montmartre, en la plaza Pigalle. Con sus n\u00fameros de baile del Can Can, fue el modelo de otros muchos cabarets.El Crazy Horse, en la avenida George V, es m\u00e1s una variedad que un cabaret, que se hizo famoso por sus permisivas bailarinas. Tambi\u00e9n act\u00faan all\u00ed pantomimas, malabaristas y magos.El teatro de revista Lido se fund\u00f3 en 1946 y est\u00e1 instalado en una antigua piscina de la avenida de los Campos El\u00edseos. El auditorio tiene capacidad para 1.150 espectadores, y en \u00e9l act\u00faan una y otra vez estrellas internacionales.Puede conseguir entradas para estos espect\u00e1culos con antelaci\u00f3n gracias a nuestra tienda de entradas de Par\u00eds aqu\u00ed :<\/p>\n<p><span><a href=\"https:\/\/viennatouristinformation.com\/wp-content\/uploads\/2020\/09\/Istanbul-Bosphorus-Night-Cruise-Turkey.jpg\" rel=\"nofollow noopener\" target=\"_blank\"><img loading=\"lazy\" decoding=\"async\" alt=\"Klassische Konzerte, Theater und Oper\" data-id=\"2701\" data-init-width=\"1200\" data-init-height=\"630\" title=\"Klassische Konzerte, Theater und Oper\" src=\"http:\/\/paristouristinformation.fr\/es\/wp-content\/uploads\/2020\/11\/Klassische-Konzerte-Theater-und-Oper.jpg\" data-width=\"1080\" data-height=\"567\" data-link-wrap=\"true\" width=\"1080\" height=\"567\" style=\"\"><\/a><\/span><\/p>\n<h2 id=\"t-1613653559819\">5. Conciertos de m\u00fasica cl\u00e1sica, teatro y \u00f3pera<\/h2>\n<p style=\"\">La oferta de m\u00fasica cl\u00e1sica en Par\u00eds es tambi\u00e9n enorme.Las \u00f3peras, operetas y tragedias m\u00e1s famosas de la historia se representan en la legendaria sala de la <a href=\"https:\/\/paristouristinformation.fr\/es\/cosas-que-hacer\/teatros\/opera-garnier\/\" target=\"_blank\" style=\"outline: none;\" rel=\"noopener\"><strong>\u00d3pera Garnier<\/strong><\/a><em><strong>,<\/strong><\/em> construida en 1875 por Charles Garnier. La moderna \u00d3pera Bastilla, inaugurada en 1989, tiene un interior \u00fanico con 2.700 asientos e impresiona por su perfecta ac\u00fastica.La Op\u00e9ra-Comique se centra especialmente en el g\u00e9nero de la \u00f3pera c\u00f3mica, el teatro hablado, interrumpido ocasionalmente por canciones.Si quiere escuchar un concierto de m\u00fasica cl\u00e1sica, vaya a la Philharmonie de Par\u00eds, al Th\u00e9\u00e2tre des Champs-Elys\u00e9es, al Seine Musicale, al Auditorium du Louvre o a la Maison de la Radio, todas ellas salas con una ac\u00fastica de primera.Numerosas iglesias tambi\u00e9n organizan regularmente conciertos de m\u00fasica cl\u00e1sica, como la iglesia de Saint-Germain, la catedral de los Inv\u00e1lidos o<em><strong>&nbsp;<\/strong><\/em><a href=\"https:\/\/paristouristinformation.fr\/es\/cosas-que-hacer\/iglesia\/notre-dame\/\" target=\"_blank\" style=\"outline: none;\" rel=\"noopener\"><strong>Notre-Dame.<\/strong><\/a>Adem\u00e1s, existen otros muchos escenarios que ofrecen una programaci\u00f3n tan cualitativa como variada.<\/p>\n<ul>\n<li><span style=\"\">Consiga <em><strong>s<\/strong><\/em><a href=\"https:\/\/www.tiqets.com\/en\/paris-attractions-c66746\/tickets-for-opera-garnier-self-guided-tour-p974598\/?partner=checkfortrip\" target=\"_blank\" style=\"outline: none;\" rel=\"noopener nofollow\"><strong>us entradas para la \u00d3pera Garnier&nbsp;<\/strong><\/a>en nuestra tienda y obtenga una visita autoguiada.<\/span><\/li>\n<li><span style=\"\">Conozca todo sobre los mejores <a href=\"https:\/\/paristouristinformation.fr\/es\/cosas-que-hacer\/teatros\/\" target=\"_blank\" rel=\"noopener\"><strong>teatros y espect\u00e1culos de cabaret de Par\u00eds.<\/strong><\/a><\/span><\/li>\n<\/ul>\n<p><span><a href=\"https:\/\/viennatouristinformation.com\/wp-content\/uploads\/2020\/09\/Istanbul-Bosphorus-Night-Cruise-Turkey.jpg\" rel=\"nofollow noopener\" target=\"_blank\"><img loading=\"lazy\" decoding=\"async\" alt=\"\" data-id=\"4658\" data-init-width=\"1000\" data-init-height=\"667\" title=\"bar at night in paris in france\" src=\"http:\/\/paristouristinformation.fr\/es\/wp-content\/uploads\/2020\/12\/bar-at-night-in-paris-in-france.jpg\" data-width=\"1080\" data-height=\"720\" data-link-wrap=\"true\" width=\"1080\" height=\"720\" style=\"\"><\/a><\/span><\/p>\n<h2 id=\"t-1613653559820\">6. Bares, clubes y pubs de la Bastilla<\/h2>\n<p style=\"\">Situado en el cruce de los distritos 4, 11 y 12, el barrio de la Bastilla tiene muchas caras,popular, boh\u00e8me o arty. Con sus innumerables caf\u00e9s, bares y restaurantes, hay para todos los gustos.Ambiente de bistr\u00f3, un bar escondido tras la nevera de una pizzer\u00eda, bares al estilo de los a\u00f1os 50 o un bar donde cortarse el pelo&#8230;Paralelamente, existen, por supuesto, los cl\u00e1sicos bares y bistr\u00f3s en las aceras, donde podr\u00e1 simplemente relajarse.Si le entra hambre, vaya a uno de los restaurantes gourmet o pida una baguette, queso y vino tinto en un bistr\u00f3.<\/p>\n<ul>\n<li><span style=\"\">Conozca <a href=\"https:\/\/paristouristinformation.fr\/es\/restaurantes\/tejado\/\" target=\"_blank\" style=\"outline: none;\" rel=\"noopener\"><strong>l<\/strong><strong>as mejores azoteas de Par\u00eds<\/strong><\/a> gracias a nuestra lista y participe en aut\u00e9nticas fiestas parisinas.<\/span><\/li>\n<\/ul>\n<p><span><img loading=\"lazy\" decoding=\"async\" alt=\"\" data-id=\"5903\" width=\"1080\" data-init-width=\"1000\" height=\"720\" data-init-height=\"667\" title=\"French-Wine-in-Paris-in-France\" src=\"http:\/\/paristouristinformation.fr\/es\/wp-content\/uploads\/2021\/01\/French-Wine-in-Paris-in-France.jpg\" data-width=\"1080\" data-height=\"720\" style=\"\"><\/span><\/p>\n<h2 id=\"t-1613653559821\">7. Bares de vino<\/h2>\n<p style=\"\">En la Francia vin\u00edcola, el vino est\u00e1 presente en todos los caf\u00e9s y bares. Los bares especializados en vino han empezado a surgir recientemente en todos los distritos.Presentan una selecci\u00f3n casi completa de los 1001 sabores diferentes de vino, vinos raros y excelentes, regiones vin\u00edcolas mediterr\u00e1neas o vi\u00f1edos de Borgo\u00f1a, blancos, tintos o rosados.La divina bebida suele ir acompa\u00f1ada de cocina ligera, tapas, jam\u00f3n, embutidos y especialidades de queso.Muchos bares de vinos tambi\u00e9n ofrecen la oportunidad de probar diversas especialidades de champ\u00e1n.Y si no bebe alcohol, acuda a uno de los bares de agua que se han modernizado recientemente y pruebe los diferentes sabores de las aguas minerales de todo el mundo, tranquilas, con gas o aromatizadas&#8230;<\/p>\n<ul>\n<li><span style=\"\">\u00bfQuiere comer en los mejores restaurantes de Par\u00eds? Descubra los <a href=\"https:\/\/paristouristinformation.fr\/es\/restaurantes\/michelin-estrella\/\" target=\"_blank\" style=\"outline: none;\" rel=\"noopener\"><strong>1<\/strong><strong>5 mejores restaurantes con estrellas Michelin de Par\u00eds.<\/strong><\/a><\/span><\/li>\n<\/ul>\n<p><span><img loading=\"lazy\" decoding=\"async\" alt=\"\" data-id=\"4655\" width=\"1080\" data-init-width=\"1000\" height=\"720\" data-init-height=\"667\" title=\"champs elysee night arc de triomph in paris\" src=\"http:\/\/paristouristinformation.fr\/es\/wp-content\/uploads\/2020\/12\/champs-elysee-night-arc-de-triomph-in-paris.jpg\" data-width=\"1080\" data-height=\"720\" style=\"\"><\/span><\/p>\n<h2 style=\"text-align: left;\" id=\"t-1613653559822\">Trampas para turistas<\/h2>\n<p>Par\u00eds puede enorgullecerse de ser una de las pocas grandes ciudades en las que no son frecuentes las trampas para turistas. Al igual que en cualquier otra gran ciudad, hay que vigilar las pertenencias en las aglomeraciones, porque los carteristas est\u00e1n por todas partes, y evitar las calles solitarias por la noche.Algunos hu\u00e9spedes se quejan de que est\u00e1 demasiado lleno de gente o de que es demasiado caro, pero es decisi\u00f3n individual de cada persona evitar o visitar estos lugares y no se puede decir que sea una trampa para turistas.Como turista en Par\u00eds, puede sentirse completamente c\u00f3modo y no debe temer las trampas para turistas.<\/p>\n<ul>\n<li><span style=\"\"><strong>Consejo: <\/strong>El metro de Par\u00eds se detendr\u00e1 a las 0:30 am (1:30 am durante los fines de semana). Al igual que los parisinos, le recomendamos que utilice las aplicaciones de Taxi despu\u00e9s de una larga noche en Par\u00eds. Consulte nuestro art\u00edculo sobre c\u00f3mo reservar un <a href=\"https:\/\/paristouristinformation.fr\/es\/plan\/transporte-publico\/taxi\/\" target=\"_blank\" style=\"outline: none;\" rel=\"noopener\"><strong>taxi en Par\u00eds<\/strong><\/a> (incluyendo Uber, Bolt, etc.) y \u00a1est\u00e9 seguro!<\/span><\/li>\n<\/ul>\n<h2 style=\"text-align: center;\" id=\"t-1613653559823\">Preguntas frecuentes<\/h2>\n<h2 style=\"text-align: center;\" id=\"t-1643807473993\">Obtenga una consulta gratuita<\/h2>\n<p style=\"text-align: center;\">Puede ponerse en contacto con nosotros por tel\u00e9fono en el <strong><span style=\"color: rgb(233, 7, 45);\">+ 33 7 68 21 05 27<\/span><\/strong>, por correo electr\u00f3nico en el <strong><span style=\"color: rgb(233, 7, 45);\">support@paristouristinformation.fr<\/span><\/strong> o mediante el formulario de contacto.<\/p>\n<h2 id=\"t-1613770986707\" style=\"text-align: center;\">M\u00e1s ideas<\/h2>\n<p style=\"text-align: center;\">\u00bfQu\u00e9 m\u00e1s puedo hacer en Par\u00eds? Aqu\u00ed tienes un mont\u00f3n de ideas:<\/p>\n<p><a href=\"https:\/\/www.paristouristinformation.fr\/es\/cosas-que-hacer\/teatros\/\" dynamic-postlink=\"tcb_post_the_permalink\" data-shortcode-id=\"5613\"><\/a><\/p>\n<h3 style=\"text-align: center; padding-top: 0px !important; margin-top: 0px !important;\">What else can I do in Paris? Here are a lot of ideas:<\/h3>\n<p><a href=\"https:\/\/www.paristouristinformation.fr\/es\/cosas-que-hacer\/iglesia\/\" dynamic-postlink=\"tcb_post_the_permalink\" data-shortcode-id=\"5613\"><\/a><\/p>\n<h3 style=\"text-align: center; padding-top: 0px !important; margin-top: 0px !important;\">What else can I do in Paris? Here are a lot of ideas:<\/h3>\n<p><a href=\"https:\/\/www.paristouristinformation.fr\/es\/compras\/centro\/\" dynamic-postlink=\"tcb_post_the_permalink\" data-shortcode-id=\"5613\"><\/a><\/p>\n<h3 style=\"text-align: center; padding-top: 0px !important; margin-top: 0px !important;\">What else can I do in Paris? Here are a lot of ideas:<\/h3>\n<p><a href=\"https:\/\/www.paristouristinformation.fr\/es\/cosas-que-hacer\/para-ninos\/\" dynamic-postlink=\"tcb_post_the_permalink\" data-shortcode-id=\"5613\"><\/a><\/p>\n<h3 style=\"text-align: center; padding-top: 0px !important; margin-top: 0px !important;\">What else can I do in Paris? Here are a lot of ideas:<\/h3>\n<p><a href=\"https:\/\/www.paristouristinformation.fr\/es\/cosas-que-hacer\/atracciones\/\" dynamic-postlink=\"tcb_post_the_permalink\" data-shortcode-id=\"5613\"><\/a><\/p>\n<h3 style=\"text-align: center; padding-top: 0px !important; margin-top: 0px !important;\">What else can I do in Paris? Here are a lot of ideas:<\/h3>\n<p><a href=\"https:\/\/www.paristouristinformation.fr\/es\/cosas-que-hacer\/iluvioso\/\" dynamic-postlink=\"tcb_post_the_permalink\" data-shortcode-id=\"5613\"><\/a><\/p>\n<h3 style=\"text-align: center; padding-top: 0px !important; margin-top: 0px !important;\">What else can I do in Paris? Here are a lot of ideas:<\/h3>\n<p><a href=\"https:\/\/www.paristouristinformation.fr\/es\/cosas-que-hacer\/museo\/\" dynamic-postlink=\"tcb_post_the_permalink\" data-shortcode-id=\"5613\"><\/a><\/p>\n<h3 style=\"text-align: center; padding-top: 0px !important; margin-top: 0px !important;\">What else can I do in Paris? Here are a lot of ideas:<\/h3>\n<p><a href=\"https:\/\/www.paristouristinformation.fr\/es\/cosas-que-hacer\/\" dynamic-postlink=\"tcb_post_the_permalink\" data-shortcode-id=\"5613\"><\/a><\/p>\n<h3 style=\"text-align: center; padding-top: 0px !important; margin-top: 0px !important;\">What else can I do in Paris? Here are a lot of ideas:<\/h3>\n","protected":false},"excerpt":{"rendered":"<p>\u00bfQuiere disfrutar de sus noches como un aut\u00e9ntico parisino durante su viaje a Par\u00eds? Conozca los barrios de moda de la vida nocturna de Par\u00eds, pero tambi\u00e9n los bares, discotecas, restaurantes y consejos generales para disfrutar de una noche vibrante en la escena parisina. \u00a1Que aproveche! \u00bfQu\u00e9 debo saber? \u00a1Par\u00eds es una ciudad mundial! La [&hellip;]<\/p>\n","protected":false},"author":10,"featured_media":4656,"parent":0,"menu_order":0,"comment_status":"closed","ping_status":"closed","template":"","meta":{"footnotes":""},"tags":[],"class_list":["post-3879","page","type-page","status-publish","has-post-thumbnail","hentry","post-wrapper","thrv_wrapper"],"wp-worthy-pixel":{"ignored":false,"public":null,"server":null,"url":null},"wp-worthy-type":"normal","_links":{"self":[{"href":"https:\/\/www.paristouristinformation.fr\/es\/wp-json\/wp\/v2\/pages\/3879","targetHints":{"allow":["GET"]}}],"collection":[{"href":"https:\/\/www.paristouristinformation.fr\/es\/wp-json\/wp\/v2\/pages"}],"about":[{"href":"https:\/\/www.paristouristinformation.fr\/es\/wp-json\/wp\/v2\/types\/page"}],"author":[{"embeddable":true,"href":"https:\/\/www.paristouristinformation.fr\/es\/wp-json\/wp\/v2\/users\/10"}],"replies":[{"embeddable":true,"href":"https:\/\/www.paristouristinformation.fr\/es\/wp-json\/wp\/v2\/comments?post=3879"}],"version-history":[{"count":0,"href":"https:\/\/www.paristouristinformation.fr\/es\/wp-json\/wp\/v2\/pages\/3879\/revisions"}],"wp:featuredmedia":[{"embeddable":true,"href":"https:\/\/www.paristouristinformation.fr\/es\/wp-json\/wp\/v2\/media\/4656"}],"wp:attachment":[{"href":"https:\/\/www.paristouristinformation.fr\/es\/wp-json\/wp\/v2\/media?parent=3879"}],"wp:term":[{"taxonomy":"post_tag","embeddable":true,"href":"https:\/\/www.paristouristinformation.fr\/es\/wp-json\/wp\/v2\/tags?post=3879"}],"curies":[{"name":"wp","href":"https:\/\/api.w.org\/{rel}","templated":true}]}}