{"id":3930,"date":"2020-12-08T08:59:29","date_gmt":"2020-12-08T08:59:29","guid":{"rendered":"http:\/\/paristouristinformation.fr\/es\/?page_id=3930"},"modified":"2023-08-18T07:00:32","modified_gmt":"2023-08-18T07:00:32","slug":"parc-des-princes","status":"publish","type":"page","link":"https:\/\/www.paristouristinformation.fr\/es\/cosas-que-hacer\/parc-des-princes\/","title":{"rendered":"Estadio del Parque de los Pr\u00edncipes de Par\u00eds (PSG): Entradas y recorridos"},"content":{"rendered":"<p>El Parque de los Pr\u00edncipes es uno de los estadios de f\u00fatbol m\u00e1s conocidos que alberga al famoso equipo Par\u00eds Saint-Germain (PSG) en Par\u00eds. Junto con el <a href=\"https:\/\/paristouristinformation.fr\/es\/cosas-que-hacer\/atracciones\/stade-de-france\/\" target=\"_blank\" rel=\"noopener\"><strong>Stade De France<\/strong><\/a>, este estadio est\u00e1 considerado el m\u00e1s popular de Francia. Construido en 1897, es el m\u00e1s antiguo y fue el estadio m\u00e1s importante de Francia hasta 1998.En la actualidad, es el quinto estadio m\u00e1s grande de Francia, con una capacidad de 48 712 asientos. Tiene la posibilidad de visitar el estadio o participar en un evento. A continuaci\u00f3n le ofrecemos toda la informaci\u00f3n sobre el estadio, las entradas y las visitas al mismo.<\/p>\n<h2 id=\"t-1612426812612\">\u00bfQu\u00e9 puedo hacer en el Parque de los Pr\u00edncipes?<\/h2>\n<p>El estadio ocupa un lugar muy importante en el coraz\u00f3n de los parisinos y sin duda merece la pena visitarlo. Puede organizar una visita al estadio con acceso al muro de trofeos y ver la sala de exposiciones hist\u00f3ricas. Si es usted aficionado al f\u00fatbol, le encantar\u00e1 ver los bastidores de un lugar deportivo m\u00edtico como \u00e9ste.Si tienes tiempo y reservas con antelaci\u00f3n, tambi\u00e9n puedes seguir los pr\u00f3ximos eventos deportivos en el Parque de los Pr\u00edncipes y reservar una entrada online durante tu viaje. Vivir\u00e1 el momento m\u00e1s incre\u00edble con los fan\u00e1ticos parisinos que vienen a ver a su equipo en acci\u00f3n. \u00a1El ambiente futbol\u00edstico parisino no le dejar\u00e1 indiferente!<\/p>\n<p><span><img decoding=\"async\" alt=\"Stade de France in Paris (Editorial)\" data-id=\"6716\" width=\"702\" data-init-width=\"1000\" height=\"468\" data-init-height=\"667\" title=\"Stade de France in Paris (Editorial)\" src=\"http:\/\/paristouristinformation.fr\/es\/wp-content\/uploads\/2021\/01\/Stade-de-France-in-Paris.jpg\" data-width=\"702\" data-height=\"468\" data-pin-media=\"http:\/\/paristouristinformation.fr\/es\/wp-content\/uploads\/2021\/03\/prag_50_sehenswuerdigkeiten_pinterest-32.jpg\" data-pin-description=\"Know everything about le Parc des Princes stadium experience, the stadium of PSG in Paris : Tickets and Tours, Entrance and History.\" data-pin-url=\"http:\/\/paristouristinformation.fr\/es\/things-to-do\/parc-des-princes\/?tve=true&amp;tcbf=e9aa5eae8a\" data-pinpro-key=\"z1536y2a8\" loading=\"lazy\"><\/span><\/p>\n<h2 id=\"t-1612426812613\">Entrada, billetes y visitas<\/h2>\n<ul>\n<li style=\"\"><span style=\"\"><strong>Entradas para eventos : <\/strong>Consulte los pr\u00f3ximos eventos\/partidos y reserve una entrada para el evento del Parque de los Pr\u00edncipes.<\/span><\/li>\n<li><span style=\"\"><strong>Visitas al estadio : <\/strong>Por menos de 20 \u20ac, recorra la sala de trofeos, el vestuario, el t\u00fanel y camine junto al terreno de juego. Obtenga su billete de visita al Parque de los Pr\u00edncipes.<\/span><\/li>\n<\/ul>\n<p>Perm\u00edtanos recordarle que si est\u00e1 planeando su viaje a Par\u00eds ahora mismo, puede beneficiarse de nuestras ofertas en nuestra tienda oficial de <em><strong>entradas de Par\u00eds<\/strong><\/em>. Tenemos grandes y pr\u00e1cticas ofertas con entradas sin colas a todos los <a href=\"https:\/\/paristouristinformation.fr\/es\/cosas-que-hacer\/museo\/\" target=\"_blank\" rel=\"noopener\">museos importantes de Par\u00eds<\/a>. Disfrute de un viaje f\u00e1cil a Par\u00eds.<\/p>\n<h2 id=\"t-1612426812614\">C\u00f3mo llegar al Parque de los Pr\u00edncipes<\/h2>\n<p>El estadio est\u00e1 situado en el distrito 16 de Par\u00eds, cerca de la carretera de circunvalaci\u00f3n de la ciudad (P\u00e9riph\u00e9rique), en Boulogne, a las afueras de Par\u00eds. Se encuentra a 9 km de la Torre Eiffel. <strong>Metro:<\/strong> La estaci\u00f3n m\u00e1s cercana es Porte de Saint-Cloud de la l\u00ednea 9. Est\u00e1 a s\u00f3lo 5 minutos a pie de la estaci\u00f3n.<strong>Autob\u00fas:<\/strong> 22, 62, 72<\/p>\n<div class=\"tcb-post-list tve-content-list empty-list thrv_wrapper\" data-type=\"grid\" data-pagination-type=\"none\" data-pages_near_current=\"2\" data-css=\"tve-u-1776c428e3b\" data-total_post_count=\"0\" data-total_sticky_count=\"0\" data-no_posts_text=\"There are no posts to display.\"><article id=\"post-3930\" class=\"post-3930 page type-page status-publish has-post-thumbnail hentry post-wrapper thrv_wrapper thrive-animated-item \" tcb_hover_state_parent=\"\" shortcode=\"tcb_post_list\" data-id=\"3930\" data-selector=\".post-wrapper\"><style class=\"tcb-post-list-dynamic-style\" type=\"text\/css\"><\/style><\/p>\n<h3 style=\"\"><span data-attr-link=\"1\" data-attr-rel=\"0\" data-attr-target=\"0\" data-extra_key=\"\" data-option-inline=\"1\" data-shortcode=\"tcb_post_title\" data-shortcode-name=\"Post title\" data-attr-css=\"\" style=\"\" data-attr-static-link=\"{&quot;className&quot;:&quot;tve-froala fr-basic&quot;,&quot;href&quot;:&quot;#&quot;,&quot;title&quot;:&quot;Estadio del Parque de los Pr\u00edncipes de Par\u00eds (PSG): Entradas y recorridos&quot;,&quot;class&quot;:&quot;tve-froala fr-basic&quot;}\"><a href=\"https:\/\/www.paristouristinformation.fr\/es\/cosas-que-hacer\/parc-des-princes\/\" title=\"Estadio del Parque de los Pr\u00edncipes de Par\u00eds (PSG): Entradas y recorridos\" data-css=\"\" class=\"tve-froala fr-basic\">Estadio del Parque de los Pr\u00edncipes de Par\u00eds (PSG): Entradas y recorridos<\/a><\/span><\/h3>\n<p><\/article><\/div>\n<h2 id=\"t-1612426812615\">Preguntas frecuentes<\/h2>\n<p><span><img decoding=\"async\" alt=\"psg flag in Paris in France\" data-id=\"4164\" width=\"702\" data-init-width=\"1000\" height=\"468\" data-init-height=\"667\" title=\"psg flag\" src=\"http:\/\/paristouristinformation.fr\/es\/wp-content\/uploads\/2020\/12\/psg-flag.jpg\" data-width=\"702\" data-height=\"468\" data-pin-media=\"http:\/\/paristouristinformation.fr\/es\/wp-content\/uploads\/2021\/03\/prag_50_sehenswuerdigkeiten_pinterest-32.jpg\" data-pin-description=\"Know everything about le Parc des Princes stadium experience, the stadium of PSG in Paris : Tickets and Tours, Entrance and History.\" data-pin-url=\"http:\/\/paristouristinformation.fr\/es\/things-to-do\/parc-des-princes\/?tve=true&amp;tcbf=e9aa5eae8a\" data-pinpro-key=\"9ij4kuk6q\" loading=\"lazy\"><\/span><\/p>\n<h2 id=\"t-1612426812616\">Historia del Parque de los Pr\u00edncipes<\/h2>\n<p>El estadio est\u00e1 situado en el <a href=\"https:\/\/paristouristinformation.fr\/es\/cosas-que-hacer\/distritos\/\" target=\"_blank\" style=\"outline: none;\" rel=\"noopener\">distrito <\/a>16 de Par\u00eds. Antes de la revoluci\u00f3n, los reyes y pr\u00edncipes reales utilizaban esta zona para cazar y relajarse en el siglo XVIII. Por este motivo se dio el nombre de \u00abParque de los Pr\u00edncipes\u00bb a los alrededores.Desde 1903 hasta 1967 fue una pista de ciclismo como meta del Tour de Francia.El primer partido se disput\u00f3 entre el Olympic de Marsella y el SC Bastia. El Parque de los Pr\u00edncipes fue inaugurado oficialmente el 25 de mayo de 1972 por el presidente franc\u00e9s Georges Pompidou.Constituy\u00f3 el estadio nacional m\u00e1s importante desde 1972, hasta la construcci\u00f3n del nuevo estadio, el Stade de France, para el Mundial de F\u00fatbol de 1998.<\/p>\n<h2 id=\"t-1612426812617\">Contacte con<\/h2>\n<ul>\n<li><span style=\"\"><strong>Direcci\u00f3n : <\/strong>24 Rue du Commandant Guilbaud, 75781 Paris Cedex 16<\/span><\/li>\n<li><span style=\"\"><strong>Horario de apertura :&nbsp;<\/strong><a href=\"https:\/\/www.psg.fr\" target=\"_blank\" style=\"outline: none;\" rel=\"noopener nofollow\">https:\/\/www.psg.fr<\/a><\/span><\/li>\n<li><span style=\"\"><strong>Transporte p\u00fablico: <\/strong>Metro : Porte de Saint-Cloud en la l\u00ednea 9. Autob\u00fas: 22, 62, 72<\/span><\/li>\n<li style=\"\"><span style=\"\"><strong>P\u00e1gina web:<a href=\"https:\/\/www.psg.fr\" target=\"_blank\" style=\"outline: none;\" rel=\"noopener nofollow\"><strong>&nbsp;<\/strong><\/a><\/strong><a href=\"https:\/\/www.psg.fr\" target=\"_blank\" style=\"outline: none;\" rel=\"noopener nofollow\">https:\/\/www.psg.fr<\/a><\/span><\/li>\n<\/ul>\n<h2 style=\"\" id=\"t-1641993141195\">Art\u00edculos relacionados:<\/h2>\n<div class=\"tcb-post-list tve-content-list thrv_wrapper\" data-type=\"list\" data-pagination-type=\"none\" data-pages_near_current=\"2\" data-css=\"tve-u-17ddd5f3da4\" data-total_post_count=\"1\" data-total_sticky_count=\"0\" data-no_posts_text=\"There are no posts to display.\"><article id=\"post-3676\" class=\"post-3676 page type-page status-publish has-post-thumbnail hentry post-wrapper thrv_wrapper thrive-animated-item  tve_evt_manager_listen tve_ea_thrive_animation tve_et_mouseover tve_anim_grow\" tcb_hover_state_parent=\"\" class=\"tve_evt_manager_listen tve_ea_thrive_animation tve_et_mouseover tve_anim_grow\" data-id=\"3676\" data-selector=\".post-wrapper\"><style class=\"tcb-post-list-dynamic-style\" type=\"text\/css\">@media (min-width: 300px){[].tcb-post-list #post-3676 []{background-image: url(\u00abhttps:\/\/www.paristouristinformation.fr\/es\/wp-content\/uploads\/2021\/01\/Stade-de-France-in-Paris-Saint-Denis-1024x538.jpg\u00ab) !important;}[].tcb-post-list #post-3676 []:hover []{background-image: url(\u00abhttps:\/\/www.paristouristinformation.fr\/es\/wp-content\/uploads\/2021\/01\/Stade-de-France-in-Paris-Saint-Denis-1024x538.jpg\u00ab) !important;}}<\/style><a href=\"https:\/\/www.paristouristinformation.fr\/es\/cosas-que-hacer\/atracciones\/stade-de-france\/\" dynamic-postlink=\"tcb_post_the_permalink\" data-shortcode-id=\"3676\"><\/a><\/p>\n<h3 style=\"text-align: center; padding-top: 0px !important; margin-top: 0px !important;\"><span data-attr-link=\"1\" data-attr-rel=\"0\" data-attr-target=\"0\" data-extra_key=\"\" data-option-inline=\"1\" data-shortcode=\"tcb_post_title\" data-shortcode-name=\"Post title\" data-attr-css=\"\" data-attr-static-link=\"{&quot;className&quot;:&quot;tve-froala fr-basic&quot;,&quot;href&quot;:&quot;https:\/\/paristouristinformation.fr\/es\/cosas-que-hacer\/atracciones\/stade-de-france\/&quot;,&quot;title&quot;:&quot;Visitar el Stade de France en Par\u00eds Saint-Denis&quot;,&quot;class&quot;:&quot;tve-froala fr-basic&quot;}\" style=\"\"><a href=\"https:\/\/www.paristouristinformation.fr\/es\/cosas-que-hacer\/atracciones\/stade-de-france\/\" title=\"Visitar el Stade de France en Par\u00eds Saint-Denis\" data-css=\"\" class=\"tve-froala fr-basic\">Visitar el Stade de France en Par\u00eds Saint-Denis<\/a><\/span><\/h3>\n<p><\/article><\/div>\n","protected":false},"excerpt":{"rendered":"<p>El Parque de los Pr\u00edncipes es uno de los estadios de f\u00fatbol m\u00e1s conocidos que alberga al famoso equipo Par\u00eds Saint-Germain (PSG) en Par\u00eds. Junto con el Stade De France, este estadio est\u00e1 considerado el m\u00e1s popular de Francia. Construido en 1897, es el m\u00e1s antiguo y fue el estadio m\u00e1s importante de Francia hasta [&hellip;]<\/p>\n","protected":false},"author":10,"featured_media":4161,"parent":11507,"menu_order":0,"comment_status":"closed","ping_status":"closed","template":"","meta":{"footnotes":""},"tags":[],"class_list":{"0":"post-3930","1":"page","2":"type-page","3":"status-publish","4":"has-post-thumbnail","5":"hentry","6":"post-wrapper","7":"thrv_wrapper","10":"thrive-animated-item"},"wp-worthy-pixel":{"ignored":false,"public":null,"server":null,"url":null},"wp-worthy-type":"normal","_links":{"self":[{"href":"https:\/\/www.paristouristinformation.fr\/es\/wp-json\/wp\/v2\/pages\/3930","targetHints":{"allow":["GET"]}}],"collection":[{"href":"https:\/\/www.paristouristinformation.fr\/es\/wp-json\/wp\/v2\/pages"}],"about":[{"href":"https:\/\/www.paristouristinformation.fr\/es\/wp-json\/wp\/v2\/types\/page"}],"author":[{"embeddable":true,"href":"https:\/\/www.paristouristinformation.fr\/es\/wp-json\/wp\/v2\/users\/10"}],"replies":[{"embeddable":true,"href":"https:\/\/www.paristouristinformation.fr\/es\/wp-json\/wp\/v2\/comments?post=3930"}],"version-history":[{"count":0,"href":"https:\/\/www.paristouristinformation.fr\/es\/wp-json\/wp\/v2\/pages\/3930\/revisions"}],"up":[{"embeddable":true,"href":"https:\/\/www.paristouristinformation.fr\/es\/wp-json\/wp\/v2\/pages\/11507"}],"wp:featuredmedia":[{"embeddable":true,"href":"https:\/\/www.paristouristinformation.fr\/es\/wp-json\/wp\/v2\/media\/4161"}],"wp:attachment":[{"href":"https:\/\/www.paristouristinformation.fr\/es\/wp-json\/wp\/v2\/media?parent=3930"}],"wp:term":[{"taxonomy":"post_tag","embeddable":true,"href":"https:\/\/www.paristouristinformation.fr\/es\/wp-json\/wp\/v2\/tags?post=3930"}],"curies":[{"name":"wp","href":"https:\/\/api.w.org\/{rel}","templated":true}]}}