{"id":3938,"date":"2020-12-08T09:40:23","date_gmt":"2020-12-08T09:40:23","guid":{"rendered":"http:\/\/paristouristinformation.fr\/es\/?page_id=3938"},"modified":"2023-10-05T08:35:37","modified_gmt":"2023-10-05T08:35:37","slug":"pantheon","status":"publish","type":"page","link":"https:\/\/www.paristouristinformation.fr\/es\/cosas-que-hacer\/iglesia\/pantheon\/","title":{"rendered":"Visita &#038; Reserva del Pante\u00f3n en Par\u00eds"},"content":{"rendered":"<p>Escondido tras las estrechas calles del <a href=\"https:\/\/paristouristinformation.fr\/es\/cosas-que-hacer\/districts\/barrio-latino\/\" target=\"_blank\" rel=\"noopener\"><strong>Barrio Latino de Par\u00eds<\/strong><\/a>, el Pante\u00f3n es un apreciado monumento de la capital francesa. Construido originalmente en el siglo XV como iglesia, tras la Revoluci\u00f3n Francesa se convirti\u00f3 en el lugar donde se celebraron los funerales de muchos artistas.De hecho, el Pante\u00f3n alberga ahora las tumbas de muchos intelectuales y escritores respetados, como Voltaire, Rousseau, Alexandre Dumas, as\u00ed como una copia exacta del p\u00e9ndulo de Foucault.Su fachada recuerda al pante\u00f3n de Roma e impresiona por su bello estilo neocl\u00e1sico.En este art\u00edculo, le contaremos m\u00e1s sobre la historia del Pante\u00f3n de Par\u00eds y le daremos informaci\u00f3n sobre c\u00f3mo visitar esta hermosa <a href=\"https:\/\/paristouristinformation.fr\/es\/cosas-que-hacer\/iglesia\/\" target=\"_blank\" style=\"outline: none;\" rel=\"noopener\"><strong>iglesia de Par\u00eds.<\/strong><\/a><\/p>\n<p><span><img decoding=\"async\" alt=\"Pantheon in Paris in France\" data-id=\"98\" width=\"702\" data-init-width=\"1000\" height=\"468\" data-init-height=\"667\" title=\"Pantheon in Paris in France\" src=\"http:\/\/paristouristinformation.fr\/es\/wp-content\/uploads\/2020\/06\/Pantheon-in-Paris-in-France.jpg\" data-width=\"702\" data-height=\"468\" data-pin-media=\"http:\/\/paristouristinformation.fr\/es\/wp-content\/uploads\/2021\/03\/prag_50_sehenswuerdigkeiten_pinterest-28.jpg\" data-pin-description=\"Discover one of the most famous mausoleum of the world, Pantheon of Paris. Know all the history and visit information of the monument : Tickets, Tours..\" data-pin-url=\"http:\/\/paristouristinformation.fr\/es\/things-to-do\/church\/pantheon\/?tve=true&amp;tcbf=332f412a3c\" data-pinpro-key=\"sulw5kafp\" loading=\"lazy\" style=\"aspect-ratio: auto 1000 \/ 667;\"><\/span><\/p>\n<h2 data-alt-text=\"Entrada, billetes y visitas\" id=\"t-1612280786281\" style=\"\">Entrada, billetes y visitas al Pante\u00f3n de Par\u00eds<\/h2>\n<ul>\n<li style=\"\"><span style=\"\"><strong>Entradas : <\/strong>Puede ahorrar tiempo comprando su entrada por adelantado y saltarse las colas. Esta entrada no cubre la c\u00fapula. Las entradas para la azotea deben comprarse en el lugar. Consiga su <a href=\"https:\/\/www.tiqets.com\/en\/paris-attractions-c66746\/tickets-for-pantheon-priority-entrance-p974682\/?partner=checkfortrip\" target=\"_blank\" style=\"outline: none;\" rel=\"noopener nofollow\"><strong>entrada prioritaria al Pante\u00f3n<\/strong><\/a> en nuestra tienda oficial.<\/span><\/li>\n<li><span style=\"\"><strong>Visitas : <\/strong>Si quiere que le gu\u00eden, puede reservar una <a href=\"https:\/\/yourmobileguide.com\/en\/audioguides\/france\/paris\/montmartre-walking-tour\" target=\"_blank\" style=\"outline: none;\" rel=\"noopener nofollow\"><strong>visita guiada a pie por el Barrio Latino<\/strong><\/a> y el Pante\u00f3n con un gu\u00eda experto. Le dar\u00e1 una mejor perspectiva de este barrio de Par\u00eds.<\/span><\/li>\n<li><span style=\"\"><strong>Audiogu\u00eda :<\/strong> Si prefiere pasar un rato a solas, puede conseguir su <a href=\"https:\/\/web.yourmobileguide.com\/tours\/france\/paris\/the-intellectual-paris\" target=\"_blank\" style=\"outline: none;\" rel=\"noopener nofollow\"><strong>Audiogu\u00eda del Barrio Latino<\/strong><\/a> en nuestra tienda y conocer los detalles del lugar a trav\u00e9s de sus auriculares.<\/span><\/li>\n<\/ul>\n<ul>\n<li><span style=\"\">El Paris Museum Pass cubre la visita al Pante\u00f3n. Tambi\u00e9n da acceso a m\u00e1s de 50 museos de Par\u00eds. Un producto imprescindible para su viaje a Par\u00eds.<\/span><\/li>\n<\/ul>\n<p>__CONFIG_colors_palette__{\u00abactive_palette\u00bb:0,\u00bbconfig\u00bb:{\u00abcolors\u00bb:{\u00abf8570\u00bb:{\u00abname\u00bb:\u00bbMain Accent\u00bb,\u00bbparent\u00bb:-1}},\u00bbgradients\u00bb:[]},\u00bbpalettes\u00bb:[{\u00abname\u00bb:\u00bbDefault Palette\u00bb,\u00bbvalue\u00bb:{\u00abcolors\u00bb:{\u00abf8570\u00bb:{\u00abval\u00bb:\u00bbvar(&#8211;tcb-skin-color-0)\u00bb}},\u00bbgradients\u00bb:[]},\u00bboriginal\u00bb:{\u00abcolors\u00bb:{\u00abf8570\u00bb:{\u00abval\u00bb:\u00bbrgb(19, 114, 211)\u00bb,\u00bbhsl\u00bb:{\u00abh\u00bb:210,\u00bbs\u00bb:0.83,\u00bbl\u00bb:0.45}}},\u00bbgradients\u00bb:[]}}]}__CONFIG_colors_palette__ <a href=\"http:\/\/paristouristinformation.fr\/es\/tours-and-tickets\/\"> <span><span style=\"\">Ir a la tienda de entradas de Par\u00eds<\/span><\/span> <\/a><\/p>\n<h2 id=\"t-1612280786279\" style=\"\">\u00bfQu\u00e9 puedo hacer en el Pante\u00f3n de Par\u00eds?<\/h2>\n<p><span><img decoding=\"async\" alt=\"Pantheon Marie Curie tomb\" data-id=\"4177\" width=\"702\" data-init-width=\"1000\" height=\"468\" data-init-height=\"667\" title=\"Pantheon Marie Curie tomb\" src=\"http:\/\/paristouristinformation.fr\/es\/wp-content\/uploads\/2020\/12\/Pantheon-Marie-Curie-tomb.jpg\" data-width=\"702\" data-height=\"468\" data-pin-media=\"http:\/\/paristouristinformation.fr\/es\/wp-content\/uploads\/2021\/03\/prag_50_sehenswuerdigkeiten_pinterest-28.jpg\" data-pin-description=\"Discover one of the most famous mausoleum of the world, Pantheon of Paris. Know all the history and visit information of the monument : Tickets, Tours..\" data-pin-url=\"http:\/\/paristouristinformation.fr\/es\/things-to-do\/church\/pantheon\/?tve=true&amp;tcbf=332f412a3c\" data-pinpro-key=\"8t6nl06v5\" loading=\"lazy\" style=\"aspect-ratio: auto 1000 \/ 667;\"><\/span><\/p>\n<p>El Pante\u00f3n es un edificio hist\u00f3rico que se construy\u00f3 inicialmente como santuario dedicado a Sainte-Genevi\u00e8ve, una de las santas patronas de Par\u00eds. Aunque su dise\u00f1o interior incluye elementos g\u00f3ticos, forma una cruz griega con columnas corintias y detallados suelos de m\u00e1rmol. En su programa decorativo hay espl\u00e9ndidas pinturas murales y esculturas.El Pante\u00f3n alberga en su cripta las tumbas de muchos autores, cient\u00edficos y pensadores que han dejado su huella en la historia, como V\u00edctor Hugo, Jean-Jacques Rousseau, Emile Zola, Voltaire, Marie Curie y Alejandro Dumas.<\/p>\n<p>La subida a la c\u00fapula del Pante\u00f3n se paga por separado. La c\u00fapula se conoce a menudo como el \u00abBalc\u00f3n de Par\u00eds\u00bb con su vista de 360 grados de Par\u00eds.<\/p>\n<h3 style=\"\">El p\u00e9ndulo de Foucault<\/h3>\n<p>Hab\u00eda gente que pensaba que la Tierra giraba alrededor de su eje, pero no hubo pruebas f\u00edsicas hasta el siglo XIX.La demostraci\u00f3n del f\u00edsico Le\u00f3n Foucault en el edificio del Pante\u00f3n conmocion\u00f3 al mundo en 1851. Construyendo un p\u00e9ndulo de 67 metros bajo la c\u00fapula del Pante\u00f3n, el experimento demostr\u00f3 la rotaci\u00f3n de la Tierra sobre su eje.Hoy existe una copia exacta del p\u00e9ndulo en el Pante\u00f3n. El p\u00e9ndulo original puede verse en el<em><strong>&nbsp;<\/strong><\/em><a href=\"https:\/\/paristouristinformation.fr\/es\/cosas-que-hacer\/museo\/musee-des-arts-et-metiers\/\" target=\"_blank\" style=\"outline: none;\" rel=\"noopener\"><strong>Museo de Artes y Oficios<\/strong><\/a>, donde fue trasladado en 1851.<\/p>\n<p><span><img decoding=\"async\" alt=\"Foucalult's Pendulum in Pantheon in Paris\" data-id=\"4179\" width=\"702\" data-init-width=\"1000\" height=\"468\" data-init-height=\"667\" title=\"Foucalult's Pendulum in Pantheon in Paris\" src=\"http:\/\/paristouristinformation.fr\/es\/wp-content\/uploads\/2020\/12\/Foucalults-Pendulum-in-Pantheon-in-Paris.jpg\" data-width=\"702\" data-height=\"468\" data-pin-media=\"http:\/\/paristouristinformation.fr\/es\/wp-content\/uploads\/2021\/03\/prag_50_sehenswuerdigkeiten_pinterest-28.jpg\" data-pin-description=\"Discover one of the most famous mausoleum of the world, Pantheon of Paris. Know all the history and visit information of the monument : Tickets, Tours..\" data-pin-url=\"http:\/\/paristouristinformation.fr\/es\/things-to-do\/church\/pantheon\/?tve=true&amp;tcbf=332f412a3c\" data-pinpro-key=\"lzanjozr8\" loading=\"lazy\" style=\"aspect-ratio: auto 1000 \/ 667;\"><\/span><\/p>\n<h2 id=\"t-1612280786280\" style=\"\">Datos sobre el Pante\u00f3n de Par\u00eds<\/h2>\n<ul>\n<li><span style=\"\">El edificio se considera uno de los primeros ejemplos del neoclasicismo.<\/span><\/li>\n<li style=\"\"><span style=\"\">El arquitecto del Pante\u00f3n es Jacques-Germain Soufflot, que muri\u00f3 antes de que se terminara esta obra. Soufflot pretend\u00eda combinar el estilo g\u00f3tico con la estructura cl\u00e1sica.<\/span><\/li>\n<li><span style=\"\">Su fachada se asemeja al Pante\u00f3n de Roma, con un p\u00f3rtico de columnas corintias y un gran front\u00f3n triangular.<\/span><\/li>\n<\/ul>\n<ul>\n<li><span style=\"\">La excelente estatua de Auguste Rodin llamada \u00abEl Pensador\u00bb estuvo expuesta aqu\u00ed a principios del siglo XX. En la actualidad, la estatua original se encuentra en el Museo Rodin.<\/span><\/li>\n<li style=\"\"><span style=\"\">Hubo algunas sospechas de que el cuerpo de Voltaire hab\u00eda sido robado del Pante\u00f3n por un grupo de fan\u00e1ticos religiosos. Estos rumores llevaron a los funcionarios a abrir su ata\u00fad en 1897 y as\u00ed qued\u00f3 claro que las dudas no eran ciertas.<\/span><\/li>\n<li><span style=\"\">La tumba de Marie Curie se encuentra en la cripta del Pante\u00f3n. Para evitar cualquier riesgo de contaminaci\u00f3n por radiaci\u00f3n, su ata\u00fad est\u00e1 protegido por varias capas de plomo.<\/span><\/li>\n<\/ul>\n<h2 id=\"t-1612280786282\" style=\"\">\u00bfC\u00f3mo llegar al Pante\u00f3n de Par\u00eds?<\/h2>\n<p>El Pante\u00f3n est\u00e1 situado en la orilla derecha del r\u00edo Sena, en el distrito 5. La Facultad de Derecho de la Universidad Sorborne y la Biblioteca de Santa Genoveva est\u00e1n cerca del Pante\u00f3n.La estaci\u00f3n de metro m\u00e1s cercana es \u00abCardinal Lemoine\u00bb, en la l\u00ednea 10. Desde esta estaci\u00f3n se puede llegar al edificio del Pante\u00f3n en 6 o 10 minutos a pie.Si no le importa caminar un poco m\u00e1s y ver algunas galer\u00edas de arte y librer\u00edas antiguas, puede elegir otra estaci\u00f3n de metro \u00abOd\u00e9on\u00bb, de las l\u00edneas 4 y 10.Puede llegar a Panth\u00e9on en autob\u00fas, metro, tren, RER o tren ligero.<\/p>\n<ul>\n<li><strong data-rich-text-format-boundary=\"true\">Tren:<\/strong> L, N, TER<\/li>\n<li><strong>RER :<\/strong> B<\/li>\n<li><strong>Metro :<\/strong> 1, 4, 7, 10<\/li>\n<li><strong>Autob\u00fas:<\/strong> 21, 27, 38, 82, 84, 85, 89<\/li>\n<\/ul>\n<h2 id=\"t-1627477971342\" style=\"\">Preguntas frecuentes<\/h2>\n<p><span><img decoding=\"async\" alt=\"Pantheon of Paris - Inside the monument\" data-id=\"4175\" width=\"702\" data-init-width=\"1000\" height=\"468\" data-init-height=\"667\" title=\"Pantheon Paris inside\" src=\"http:\/\/paristouristinformation.fr\/es\/wp-content\/uploads\/2020\/12\/Pantheon-Paris-inside.jpg\" data-width=\"702\" data-height=\"468\" data-pin-media=\"http:\/\/paristouristinformation.fr\/es\/wp-content\/uploads\/2021\/03\/prag_50_sehenswuerdigkeiten_pinterest-28.jpg\" data-pin-description=\"Discover one of the most famous mausoleum of the world, Pantheon of Paris. Know all the history and visit information of the monument : Tickets, Tours..\" data-pin-url=\"http:\/\/paristouristinformation.fr\/es\/things-to-do\/church\/pantheon\/?tve=true&amp;tcbf=332f412a3c\" data-pinpro-key=\"x0tdze0lc\" loading=\"lazy\" style=\"aspect-ratio: auto 1000 \/ 667;\"><\/span><\/p>\n<h2 id=\"t-1612280786283\" style=\"\">Historia del Pante\u00f3n<\/h2>\n<p>La historia del Pante\u00f3n se basa en la promesa del rey Luis XV, que declar\u00f3 construir una iglesia en el emplazamiento de una antigua abad\u00eda en ruinas dedicada a Santa Genoveva, si consegu\u00eda librarse del sufrimiento de su enfermedad.La construcci\u00f3n comenz\u00f3 por orden del rey Luis XV en 1758. Su finalizaci\u00f3n se retras\u00f3 debido a las dificultades econ\u00f3micas. Finalmente se inaugur\u00f3 en 1790. Tras la Revoluci\u00f3n Francesa, se convirti\u00f3 en el mausoleo de varios h\u00e9roes ilustres. Desde entonces, el Pante\u00f3n ha sido convertido en iglesia en dos ocasiones, pero desde entonces ha sido restaurado para funcionar como mausoleo.<\/p>\n<h2 id=\"t-1612280786284\" data-alt-text=\"Contact\" style=\"\">Contacte con<\/h2>\n<ul>\n<li><span style=\"\"><strong>Direcci\u00f3n: <\/strong>Place du Panth\u00e9on, 75005 Par\u00eds<\/span><\/li>\n<li><span style=\"\"><strong>Horario de apertura: <\/strong>de 10:30 a 18:00 todos los d\u00edas<\/span><\/li>\n<li><span><strong>Transporte p\u00fablico : Tren <\/strong>: L, N, TER RER : B Metro : 1, 4, 7, 10 Autob\u00fas : 21, 27, 38, 82, 84, 85, 89<\/span><\/li>\n<li style=\"\"><span style=\"\"><strong>P\u00e1gina web:&nbsp;<\/strong><a href=\"http:\/\/www.paris-pantheon.fr\/en\/\" style=\"outline: none;\" data-lt-tmp-id=\"lt-387076\" spellcheck=\"false\" target=\"_blank\" rel=\"noopener nofollow\">Paris-pantheon.fr\/en\/<\/a>&nbsp;<\/span><\/li>\n<\/ul>\n<ul>\n<li><span style=\"\">\u00bfEst\u00e1 planeando su viaje a Par\u00eds? Le hemos preparado una lista de los<a href=\"https:\/\/paristouristinformation.fr\/es\/cosas-que-hacer\/museo\/\" target=\"_blank\" rel=\"noopener\"> 30 mejores museos para visitar en Par\u00eds<\/a>. Elija sus favoritos y cree su viaje perfecto a la historia y la cultura francesas.<\/span><\/li>\n<\/ul>\n<p>__CONFIG_colors_palette__{\u00abactive_palette\u00bb:0,\u00bbconfig\u00bb:{\u00abcolors\u00bb:{\u00ab50ce5\u00bb:{\u00abname\u00bb:\u00bbMain Accent\u00bb,\u00bbparent\u00bb:-1}},\u00bbgradients\u00bb:[]},\u00bbpalettes\u00bb:[{\u00abname\u00bb:\u00bbDefault Palette\u00bb,\u00bbvalue\u00bb:{\u00abcolors\u00bb:{\u00ab50ce5\u00bb:{\u00abval\u00bb:\u00bbvar(&#8211;tcb-skin-color-0)\u00bb,\u00bbhsl\u00bb:{\u00abh\u00bb:350,\u00bbs\u00bb:0.94,\u00bbl\u00bb:0.47,\u00bba\u00bb:1}}},\u00bbgradients\u00bb:[]},\u00bboriginal\u00bb:{\u00abcolors\u00bb:{\u00ab50ce5\u00bb:{\u00abval\u00bb:\u00bbrgb(19, 114, 211)\u00bb,\u00bbhsl\u00bb:{\u00abh\u00bb:210,\u00bbs\u00bb:0.83,\u00bbl\u00bb:0.45,\u00bba\u00bb:1}}},\u00bbgradients\u00bb:[]}}]}__CONFIG_colors_palette__ <a href=\"http:\/\/paristouristinformation.fr\/es\/things-to-do\/\" style=\"\"> <span><span style=\"\">M\u00e1s cosas que hacer en Par\u00eds<\/span><\/span> <\/a><\/p>\n<h2 style=\"\" id=\"t-1684919708784\">Visitas y entradas a Par\u00eds<\/h2>\n<p style=\"text-align: left;\">Descubra Par\u00eds hoy mismo con las visitas y entradas m\u00e1s preferidas sin tener que hacer cola.<\/p>\n<h2 style=\"\" id=\"t-1684919708785\">Art\u00edculos relacionados:<\/h2>\n<p><a href=\"https:\/\/www.paristouristinformation.fr\/es\/cosas-que-hacer\/iluvioso\/\" dynamic-postlink=\"tcb_post_the_permalink\" data-shortcode-id=\"4282\"><\/a><\/p>\n<h3 style=\"text-align: center; padding-top: 0px !important; margin-top: 0px !important;\"><span data-attr-link=\"1\" data-attr-rel=\"0\" data-attr-target=\"0\" data-extra_key=\"\" data-option-inline=\"1\" data-shortcode=\"tcb_post_title\" data-shortcode-name=\"Post title\" data-attr-css=\"\" data-attr-static-link=\"{&quot;className&quot;:&quot;&quot;,&quot;href&quot;:&quot;https:\/\/www.paristouristinformation.fr\/es\/cosas-que-hacer\/iluvioso\/&quot;,&quot;title&quot;:&quot;15 Cosas que hacer cuando llueve en Par\u00eds ((con mapa))&quot;,&quot;class&quot;:&quot;&quot;}\" style=\"\"><a href=\"https:\/\/www.paristouristinformation.fr\/es\/cosas-que-hacer\/iluvioso\/\" title=\"15 Cosas que hacer cuando llueve en Par\u00eds [con mapa]\" data-css=\"\">15 Cosas que hacer cuando llueve en Par\u00eds [con mapa]<\/a><\/span><\/h3>\n<p><a href=\"https:\/\/www.paristouristinformation.fr\/es\/plan\/3-dias\/\" dynamic-postlink=\"tcb_post_the_permalink\" data-shortcode-id=\"4282\"><\/a><\/p>\n<h3 style=\"text-align: center; padding-top: 0px !important; margin-top: 0px !important;\"><span data-attr-link=\"1\" data-attr-rel=\"0\" data-attr-target=\"0\" data-extra_key=\"\" data-option-inline=\"1\" data-shortcode=\"tcb_post_title\" data-shortcode-name=\"Post title\" data-attr-css=\"\" data-attr-static-link=\"{&quot;className&quot;:&quot;&quot;,&quot;href&quot;:&quot;https:\/\/www.paristouristinformation.fr\/es\/cosas-que-hacer\/iluvioso\/&quot;,&quot;title&quot;:&quot;15 Cosas que hacer cuando llueve en Par\u00eds ((con mapa))&quot;,&quot;class&quot;:&quot;&quot;}\" style=\"\"><a href=\"https:\/\/www.paristouristinformation.fr\/es\/plan\/3-dias\/\" title=\"El mejor itinerario de 3 d\u00edas para principiantes en Par\u00eds\" data-css=\"\">El mejor itinerario de 3 d\u00edas para principiantes en Par\u00eds<\/a><\/span><\/h3>\n<p><a href=\"https:\/\/www.paristouristinformation.fr\/es\/cosas-que-hacer\/distritos\/\" dynamic-postlink=\"tcb_post_the_permalink\" data-shortcode-id=\"4282\"><\/a><\/p>\n<h3 style=\"text-align: center; padding-top: 0px !important; margin-top: 0px !important;\"><span data-attr-link=\"1\" data-attr-rel=\"0\" data-attr-target=\"0\" data-extra_key=\"\" data-option-inline=\"1\" data-shortcode=\"tcb_post_title\" data-shortcode-name=\"Post title\" data-attr-css=\"\" data-attr-static-link=\"{&quot;className&quot;:&quot;&quot;,&quot;href&quot;:&quot;https:\/\/www.paristouristinformation.fr\/es\/cosas-que-hacer\/iluvioso\/&quot;,&quot;title&quot;:&quot;15 Cosas que hacer cuando llueve en Par\u00eds ((con mapa))&quot;,&quot;class&quot;:&quot;&quot;}\" style=\"\"><a href=\"https:\/\/www.paristouristinformation.fr\/es\/cosas-que-hacer\/distritos\/\" title=\"Gu\u00eda de los 20 distritos de Par\u00eds\" data-css=\"\">Gu\u00eda de los 20 distritos de Par\u00eds<\/a><\/span><\/h3>\n<p><a href=\"https:\/\/www.paristouristinformation.fr\/es\/cosas-que-hacer\/iglesia\/notre-dame\/\" dynamic-postlink=\"tcb_post_the_permalink\" data-shortcode-id=\"4282\"><\/a><\/p>\n<h3 style=\"text-align: center; padding-top: 0px !important; margin-top: 0px !important;\"><span data-attr-link=\"1\" data-attr-rel=\"0\" data-attr-target=\"0\" data-extra_key=\"\" data-option-inline=\"1\" data-shortcode=\"tcb_post_title\" data-shortcode-name=\"Post title\" data-attr-css=\"\" data-attr-static-link=\"{&quot;className&quot;:&quot;&quot;,&quot;href&quot;:&quot;https:\/\/www.paristouristinformation.fr\/es\/cosas-que-hacer\/iluvioso\/&quot;,&quot;title&quot;:&quot;15 Cosas que hacer cuando llueve en Par\u00eds ((con mapa))&quot;,&quot;class&quot;:&quot;&quot;}\" style=\"\"><a href=\"https:\/\/www.paristouristinformation.fr\/es\/cosas-que-hacer\/iglesia\/notre-dame\/\" title=\"Sobre la Catedral Notre-Dame de Par\u00eds: Incendio, entradas, historia, datos\u2026 [2023]\" data-css=\"\">Sobre la Catedral Notre-Dame de Par\u00eds: Incendio, entradas, historia, datos\u2026 [2023]<\/a><\/span><\/h3>\n","protected":false},"excerpt":{"rendered":"<p>Escondido tras las estrechas calles del Barrio Latino de Par\u00eds, el Pante\u00f3n es un apreciado monumento de la capital francesa. Construido originalmente en el siglo XV como iglesia, tras la Revoluci\u00f3n Francesa se convirti\u00f3 en el lugar donde se celebraron los funerales de muchos artistas.De hecho, el Pante\u00f3n alberga ahora las tumbas de muchos intelectuales [&hellip;]<\/p>\n","protected":false},"author":10,"featured_media":4173,"parent":5137,"menu_order":0,"comment_status":"closed","ping_status":"closed","template":"","meta":{"footnotes":""},"tags":[],"class_list":["post-3938","page","type-page","status-publish","has-post-thumbnail","hentry","post-wrapper","thrv_wrapper"],"wp-worthy-pixel":{"ignored":false,"public":null,"server":null,"url":null},"wp-worthy-type":"normal","_links":{"self":[{"href":"https:\/\/www.paristouristinformation.fr\/es\/wp-json\/wp\/v2\/pages\/3938","targetHints":{"allow":["GET"]}}],"collection":[{"href":"https:\/\/www.paristouristinformation.fr\/es\/wp-json\/wp\/v2\/pages"}],"about":[{"href":"https:\/\/www.paristouristinformation.fr\/es\/wp-json\/wp\/v2\/types\/page"}],"author":[{"embeddable":true,"href":"https:\/\/www.paristouristinformation.fr\/es\/wp-json\/wp\/v2\/users\/10"}],"replies":[{"embeddable":true,"href":"https:\/\/www.paristouristinformation.fr\/es\/wp-json\/wp\/v2\/comments?post=3938"}],"version-history":[{"count":0,"href":"https:\/\/www.paristouristinformation.fr\/es\/wp-json\/wp\/v2\/pages\/3938\/revisions"}],"up":[{"embeddable":true,"href":"https:\/\/www.paristouristinformation.fr\/es\/wp-json\/wp\/v2\/pages\/5137"}],"wp:featuredmedia":[{"embeddable":true,"href":"https:\/\/www.paristouristinformation.fr\/es\/wp-json\/wp\/v2\/media\/4173"}],"wp:attachment":[{"href":"https:\/\/www.paristouristinformation.fr\/es\/wp-json\/wp\/v2\/media?parent=3938"}],"wp:term":[{"taxonomy":"post_tag","embeddable":true,"href":"https:\/\/www.paristouristinformation.fr\/es\/wp-json\/wp\/v2\/tags?post=3938"}],"curies":[{"name":"wp","href":"https:\/\/api.w.org\/{rel}","templated":true}]}}