{"id":4004,"date":"2020-12-11T12:03:20","date_gmt":"2020-12-11T12:03:20","guid":{"rendered":"http:\/\/paristouristinformation.fr\/es\/?page_id=4004"},"modified":"2023-05-12T06:59:06","modified_gmt":"2023-05-12T06:59:06","slug":"musee-picasso","status":"publish","type":"page","link":"https:\/\/www.paristouristinformation.fr\/es\/cosas-que-hacer\/museo\/musee-picasso\/","title":{"rendered":"Gu\u00eda del Museo Picasso de Par\u00eds: Consejos &#038; Entradas"},"content":{"rendered":"<p>Cuando cree su lista de <a href=\"https:\/\/paristouristinformation.fr\/es\/cosas-que-hacer\/museo\/\" target=\"_blank\" rel=\"noopener\"><strong>museos que visitar en Par\u00eds<\/strong><\/a>, aseg\u00farese de incluir el Museo Picasso, que concentra la mayor colecci\u00f3n del mundo del artista espa\u00f1ol Pablo Picasso.Encontrar\u00e1 dibujos, pinturas, esculturas, grabados, todo ello parte de su desarrollo art\u00edstico con m\u00e1s de 5000 piezas.En esta p\u00e1gina, le proporcionaremos toda la informaci\u00f3n que necesita saber sobre el Museo Picasso de Par\u00eds. Aqu\u00ed tiene la gu\u00eda completa con todo lo que necesita saber sobre la entrada, las entradas, las visitas, la historia y mucho m\u00e1s.<\/p>\n<h2 id=\"t-1612227620161\" data-alt-text=\"What can I do ?\" style=\"\">\u00bfQu\u00e9 puedo hacer en el Museo Picasso de Par\u00eds?<\/h2>\n<p><span><img decoding=\"async\" alt=\"\" data-id=\"4488\" width=\"702\" data-init-width=\"1000\" height=\"437\" data-init-height=\"623\" title=\"picasso eiffel cubist souvenir from paris france\" src=\"http:\/\/paristouristinformation.fr\/es\/wp-content\/uploads\/2020\/12\/picasso-eiffel-cubist-souvenir-from-paris-france.jpg\" data-width=\"702\" data-height=\"437\" data-pinpro-key=\"pejl7adhs\" loading=\"lazy\"><\/span><\/p>\n<p>Al visitar el museo, es posible ver el proceso creativo art\u00edstico de Picasso y sus influencias a trav\u00e9s de los a\u00f1os de formaci\u00f3n. Los historiadores del arte llaman a estas etapas de su obra per\u00edodo azul, per\u00edodo rosa y per\u00edodo cubista.El propio museo es una de las mansiones hist\u00f3ricas m\u00e1s bellas del <em><\/em><a href=\"https:\/\/paristouristinformation.fr\/es\/cosas-que-hacer\/distritos\/le-marais\/\" target=\"_blank\" style=\"outline: none;\" rel=\"noopener\"><strong>barrio de Le Marais<\/strong><\/a>. Se llama \u00abHotel Sal\u00e9\u00bb, que significa \u00abedificio de la sal\u00bb, ya que su primer propietario, Pierre Aubert, gan\u00f3 una gran fortuna con los impuestos sobre la sal. Se entiende mejor el esplendor del edificio del siglo XVII paseando por su interior.Adem\u00e1s de las obras del propio Picasso, se pueden ver en el \u00e1tico algunos cuadros de su colecci\u00f3n personal pertenecientes a muchos maestros importantes del siglo XX, como Renoir, C\u00e9zanne , Braque, Matisse y Gaugin. Tambi\u00e9n se pueden ver m\u00e1scaras de Nueva Guinea, objetos ib\u00e9ricos, africanos y oce\u00e1nicos de su colecci\u00f3n privada.Hay carteles informativos en la mayor\u00eda de las salas de exposici\u00f3n. Se puede contratar una audiogu\u00eda para conocer m\u00e1s detalles sobre las obras.<\/p>\n<h3 data-block=\"8f0b41b7-f692-49ca-9fb2-8a154936bfce\" data-title=\"Heading\" data-type=\"core\/heading\" tabindex=\"0\">Exposici\u00f3n permanente<\/h3>\n<p>Hay m\u00e1s de treinta salas con colecciones \u00fanicas siguiendo un orden cronol\u00f3gico, as\u00ed como algunas obras tem\u00e1ticas. S\u00f3lo en este museo hay miles de obras de Picasso. El artista es una verdadera inspiraci\u00f3n que ha dejado innumerables obras \u00fanicas de muy diversos \u00e1mbitos.\u00a1Veamos 3 de las obras m\u00e1s destacadas de la colecci\u00f3n permanente!<\/p>\n<h4 style=\"\">1. Retrato de Dora Maar &#8211; 1937<\/h4>\n<blockquote data-instgrm-permalink=\"https:\/\/www.instagram.com\/p\/B9eOeuyBrik\/?utm_source=ig_embed&amp;utm_campaign=loading\" data-instgrm-version=\"13\" style=\" background:#FFF; border:0; border-radius:3px; box-shadow:0 0 1px 0 rgba(0,0,0,0.5),0 1px 10px 0 rgba(0,0,0,0.15); margin: 1px; max-width:540px; min-width:326px; padding:0; width:99.375%; width:-webkit-calc(100% - 2px); width:calc(100% - 2px);\"><p> <a href=\"https:\/\/www.instagram.com\/p\/B9eOeuyBrik\/?utm_source=ig_embed&amp;utm_campaign=loading\" style=\" background:#FFFFFF; line-height:0; padding:0 0; text-align:center; text-decoration:none; width:100%;\" target=\"_blank\" rel=\"noopener nofollow\">        Bu g\u00f6nderiyi Instagram&#8217;da g\u00f6r            <\/a><\/p>\n<p style=\" color:#c9c8cd; font-family:Arial,sans-serif; font-size:14px; line-height:17px; margin-bottom:0; margin-top:8px; overflow:hidden; padding:8px 0 7px; text-align:center; text-overflow:ellipsis; white-space:nowrap;\"><a href=\"https:\/\/www.instagram.com\/p\/B9eOeuyBrik\/?utm_source=ig_embed&amp;utm_campaign=loading\" style=\" color:#c9c8cd; font-family:Arial,sans-serif; font-size:14px; font-style:normal; font-weight:normal; line-height:17px; text-decoration:none;\" target=\"_blank\" rel=\"noopener nofollow\">Mus\u00e9e national Picasso-Paris (@museepicassoparis)&#8217;in payla\u015ft\u0131\u011f\u0131 bir g\u00f6nderi<\/a><\/p>\n<\/blockquote>\n<p>[tcb-script async=\u00bb\u00bb src=\u00bb\/\/www.instagram.com\/embed.js\u00bb][\/tcb-script]<\/p>\n<p>Dora Maar fue una fot\u00f3grafa, pintora y poeta francesa que se convirti\u00f3 en una verdadera inspiraci\u00f3n para Pablo Picasso. Aunque hoy la gente la conoce por este cuadro de Picasso, ya era conocida por sus fotograf\u00edas en Francia antes de conocer a Picasso en 1935. Les present\u00f3 su amigo com\u00fan Paul Eluard y ella se convirti\u00f3 en una de las amantes de Picasso durante mucho tiempo.En este retrato, el rostro de Dora est\u00e1 pintado desde dos \u00e1ngulos diferentes, tanto de lado como de frente. Picasso combin\u00f3 el arte cl\u00e1sico del retrato con el cubismo, lo que provoc\u00f3 un profundo efecto visual en el p\u00fablico.<\/p>\n<h4><strong data-rich-text-format-boundary=\"true\">2. Maya con mu\u00f1eca &#8211; 1938<\/strong><\/h4>\n<blockquote data-instgrm-permalink=\"https:\/\/www.instagram.com\/p\/CEwQrytBlAU\/?utm_source=ig_embed&amp;utm_campaign=loading\" data-instgrm-version=\"13\" style=\" background:#FFF; border:0; border-radius:3px; box-shadow:0 0 1px 0 rgba(0,0,0,0.5),0 1px 10px 0 rgba(0,0,0,0.15); margin: 1px; max-width:540px; min-width:326px; padding:0; width:99.375%; width:-webkit-calc(100% - 2px); width:calc(100% - 2px);\"><p> <a href=\"https:\/\/www.instagram.com\/p\/CEwQrytBlAU\/?utm_source=ig_embed&amp;utm_campaign=loading\" style=\" background:#FFFFFF; line-height:0; padding:0 0; text-align:center; text-decoration:none; width:100%;\" target=\"_blank\" rel=\"noopener nofollow\">        Bu g\u00f6nderiyi Instagram&#8217;da g\u00f6r            <\/a><\/p>\n<p style=\" color:#c9c8cd; font-family:Arial,sans-serif; font-size:14px; line-height:17px; margin-bottom:0; margin-top:8px; overflow:hidden; padding:8px 0 7px; text-align:center; text-overflow:ellipsis; white-space:nowrap;\"><a href=\"https:\/\/www.instagram.com\/p\/CEwQrytBlAU\/?utm_source=ig_embed&amp;utm_campaign=loading\" style=\" color:#c9c8cd; font-family:Arial,sans-serif; font-size:14px; font-style:normal; font-weight:normal; line-height:17px; text-decoration:none;\" target=\"_blank\" rel=\"noopener nofollow\">Mus\u00e9e national Picasso-Paris (@museepicassoparis)&#8217;in payla\u015ft\u0131\u011f\u0131 bir g\u00f6nderi<\/a><\/p>\n<\/blockquote>\n<p>[tcb-script async=\u00bb\u00bb src=\u00bb\/\/www.instagram.com\/embed.js\u00bb][\/tcb-script]<\/p>\n<p>Maya Picasso fue la primera hija de Picasso. Ten\u00eda 3 a\u00f1os cuando se realiz\u00f3 este retrato. Los detalles del cuadro, como su mu\u00f1eca, su pelo y su ropa, dejan una sensaci\u00f3n de calidez en el coraz\u00f3n del espectador al ver la interpretaci\u00f3n que el artista hace de sus seres queridos.<\/p>\n<h4 style=\"\"><strong data-rich-text-format-boundary=\"true\">3. Masacre en Corea &#8211; 1951<\/strong><\/h4>\n<blockquote data-instgrm-permalink=\"https:\/\/www.instagram.com\/p\/y8whnkNeBS\/?utm_source=ig_embed&amp;utm_campaign=loading\" data-instgrm-version=\"13\" style=\" background:#FFF; border:0; border-radius:3px; box-shadow:0 0 1px 0 rgba(0,0,0,0.5),0 1px 10px 0 rgba(0,0,0,0.15); margin: 1px; max-width:750px; min-width:326px; padding:0; width:99.375%; width:-webkit-calc(100% - 2px); width:calc(100% - 2px);\"><p> <a href=\"https:\/\/www.instagram.com\/p\/y8whnkNeBS\/?utm_source=ig_embed&amp;utm_campaign=loading\" style=\" background:#FFFFFF; line-height:0; padding:0 0; text-align:center; text-decoration:none; width:100%;\" target=\"_blank\" rel=\"noopener nofollow\">        Bu g\u00f6nderiyi Instagram&#8217;da g\u00f6r            <\/a><\/p>\n<p style=\" color:#c9c8cd; font-family:Arial,sans-serif; font-size:14px; line-height:17px; margin-bottom:0; margin-top:8px; overflow:hidden; padding:8px 0 7px; text-align:center; text-overflow:ellipsis; white-space:nowrap;\"><a href=\"https:\/\/www.instagram.com\/p\/y8whnkNeBS\/?utm_source=ig_embed&amp;utm_campaign=loading\" style=\" color:#c9c8cd; font-family:Arial,sans-serif; font-size:14px; font-style:normal; font-weight:normal; line-height:17px; text-decoration:none;\" target=\"_blank\" rel=\"noopener nofollow\">im_stvwonder (@im_stvwonder)&#8217;in payla\u015ft\u0131\u011f\u0131 bir g\u00f6nderi<\/a><\/p>\n<\/blockquote>\n<p>[tcb-script async=\u00bb\u00bb src=\u00bb\/\/www.instagram.com\/embed.js\u00bb][\/tcb-script]<\/p>\n<p>Esta es una de las obras m\u00e1s conocidas de Picasso, pintada en estilo expresionista. En este cuadro los soldados de Napole\u00f3n est\u00e1n matando a civiles espa\u00f1oles. En el lado izquierdo se ve un grupo de ni\u00f1os y mujeres coreanos desnudos. Se hizo para protestar contra la pol\u00edtica de EE.UU. en la Guerra de Corea.<\/p>\n<p style=\"\">Ver tambi\u00e9n :<\/p>\n<ul>\n<li>Les Demoiselles d\u2019Avignon<\/li>\n<li>Portrait d&#8217;Olga dans un fauteuil (Olga en un sill\u00f3n)<\/li>\n<li>Escultura de cabeza de toro<\/li>\n<\/ul>\n<h2 id=\"t-1612227620162\" data-alt-text=\"Entrance, Tickets and Tours\">Entrada, billetes y visitas al Museo Picasso de Par\u00eds<\/h2>\n<ul>\n<li style=\"\"><span style=\"\"><strong>Entradas : <\/strong>Entradas al Museo Picasso de Par\u00eds<\/span><\/li>\n<li><span>Se recomienda encarecidamente reservar las entradas por Internet, ya que se trata de una galer\u00eda muy popular. Hay otra cola m\u00e1s peque\u00f1a para los poseedores de entradas online.<\/span><\/li>\n<li><span style=\"\"><strong>Tours :&nbsp;<\/strong><a href=\"https:\/\/www.getyourguide.com\/activity\/paris-l16\/paris-picasso-muezesi-2-saatlik-oezel-rehberli-tur-t49038?utm_force=0\" target=\"_blank\" style=\"outline: none;\" rel=\"noopener nofollow\">Visita guiada de 2 horas en ingl\u00e9s, franc\u00e9s, croata y serbio<\/a><\/span><\/li>\n<li><span>Se trata de una peque\u00f1a visita privada con gu\u00edas oficiales que dura 2 horas en el Museo Picasso. Se saltar\u00e1 las colas a trav\u00e9s de una entrada separada y escuchar\u00e1 los detalles de las obras del artista.<\/span><\/li>\n<\/ul>\n<p>__CONFIG_colors_palette__{\u00abactive_palette\u00bb:0,\u00bbconfig\u00bb:{\u00abcolors\u00bb:{\u00abf8570\u00bb:{\u00abname\u00bb:\u00bbMain Accent\u00bb,\u00bbparent\u00bb:-1}},\u00bbgradients\u00bb:[]},\u00bbpalettes\u00bb:[{\u00abname\u00bb:\u00bbDefault Palette\u00bb,\u00bbvalue\u00bb:{\u00abcolors\u00bb:{\u00abf8570\u00bb:{\u00abval\u00bb:\u00bbvar(&#8211;tcb-skin-color-0)\u00bb}},\u00bbgradients\u00bb:[]},\u00bboriginal\u00bb:{\u00abcolors\u00bb:{\u00abf8570\u00bb:{\u00abval\u00bb:\u00bbrgb(19, 114, 211)\u00bb,\u00bbhsl\u00bb:{\u00abh\u00bb:210,\u00bbs\u00bb:0.83,\u00bbl\u00bb:0.45}}},\u00bbgradients\u00bb:[]}}]}__CONFIG_colors_palette__ <a href=\"http:\/\/paristouristinformation.fr\/es\/tours-and-tickets\/\"> <span><span style=\"\">Ir a la tienda de entradas de Par\u00eds<\/span><\/span> <\/a><\/p>\n<ul>\n<li style=\"\"><span style=\"\"><strong>Consejo: <\/strong>Si quiere disfrutar de esta visita sin esperar en la cola, consiga su <em><strong>Paris Museum Pass<\/strong><\/em> online con acceso a m\u00e1s de 50 museos de Par\u00eds.<\/span><\/li>\n<\/ul>\n<h2 id=\"t-1612227620163\" data-alt-text=\"How to get there ?\" style=\"\">\u00bfC\u00f3mo llegar al Museo Picasso de Par\u00eds?<\/h2>\n<ul>\n<li><strong data-rich-text-format-boundary=\"true\">Metro: <\/strong>La estaci\u00f3n m\u00e1s cercana es \u00abSaint Paul\u00bb de la l\u00ednea 1<\/li>\n<li><strong>Autob\u00fas: <\/strong>20, 29, 65, 75, 69 y 96.<\/li>\n<\/ul>\n<h2 id=\"t-1612227620164\" data-alt-text=\"FAQ (Frequently Asked Questions)\" style=\"\">Preguntas frecuentes<\/h2>\n<h2 id=\"t-1612227620165\" data-alt-text=\"History of the Paris Picasso Museum\" style=\"\">Historia del Museo Picasso de Par\u00eds<\/h2>\n<p><span><img decoding=\"async\" alt=\"Picasso National Museum in Paris in France\" data-id=\"121\" width=\"702\" data-init-width=\"1000\" height=\"468\" data-init-height=\"667\" title=\"Picasso National Museum in Paris in France\" src=\"http:\/\/paristouristinformation.fr\/es\/wp-content\/uploads\/2020\/06\/Picasso-National-Museum-in-Paris-in-France.jpg\" data-width=\"702\" data-height=\"468\" data-pinpro-key=\"sx9r9tonn\" loading=\"lazy\"><\/span><\/p>\n<p>Jean Boullier es el arquitecto de esta elegante mansi\u00f3n hist\u00f3rica que alberga este museo y que fue utilizada para diversos fines desde el siglo XVII.El Ayuntamiento de Par\u00eds compr\u00f3 el edificio que fue declarado monumento hist\u00f3rico y lo restaur\u00f3 entre los a\u00f1os 1974 y 1980.A su muerte, Picasso dej\u00f3 unas 40.000 obras en sus diferentes propiedades. Tras la muerte de Picasso en 1973, su familia don\u00f3 las obras del maestro al Estado franc\u00e9s.Las donaciones de su familia, amigos y parientes iniciaron la creaci\u00f3n del museo. Se inaugur\u00f3 en 1985 y con las compras adicionales fue ampliando su colecci\u00f3n.Tras un largo trabajo de restauraci\u00f3n, el museo fue reabierto en octubre de 2014.<\/p>\n<h2 id=\"t-1612227620166\" data-alt-text=\"Contact \" style=\"\">Contacto y mapa<\/h2>\n<ul>\n<li><span style=\"\"><strong>Direcci\u00f3n: <\/strong>5 rue de Thorigny | H\u00f4tel Sal\u00e9, Marais, 75003 Par\u00eds, Francia<\/span><\/li>\n<li><span style=\"\"><strong>Horario de apertura:<\/strong> 10:30 &#8211; 18:00 (hora de cierre 17:00)<a href=\"https:\/\/www.museepicassoparis.fr\" target=\"_blank\" style=\"outline: none;\" rel=\"noopener nofollow\"><\/a><\/span><\/li>\n<li><span style=\"\"><strong>Transporte p\u00fablico: Metro \u00abSaint Paul\u00bb <\/strong>en la l\u00ednea 1 del metro Autobuses 20, 29, 65, 75, 69, 96<\/span><\/li>\n<li style=\"\"><span style=\"\"><strong>P\u00e1gina web:&nbsp;<\/strong><a href=\"https:\/\/www.museepicassoparis.fr\" target=\"_blank\" style=\"outline: none;\" rel=\"noopener nofollow\">www.museepicassoparis.fr<\/a><\/span><\/li>\n<\/ul>\n<p>__CONFIG_colors_palette__{\u00abactive_palette\u00bb:0,\u00bbconfig\u00bb:{\u00abcolors\u00bb:{\u00ab50ce5\u00bb:{\u00abname\u00bb:\u00bbMain Accent\u00bb,\u00bbparent\u00bb:-1}},\u00bbgradients\u00bb:[]},\u00bbpalettes\u00bb:[{\u00abname\u00bb:\u00bbDefault Palette\u00bb,\u00bbvalue\u00bb:{\u00abcolors\u00bb:{\u00ab50ce5\u00bb:{\u00abval\u00bb:\u00bbvar(&#8211;tcb-skin-color-0)\u00bb}},\u00bbgradients\u00bb:[]},\u00bboriginal\u00bb:{\u00abcolors\u00bb:{\u00ab50ce5\u00bb:{\u00abval\u00bb:\u00bbrgb(19, 114, 211)\u00bb,\u00bbhsl\u00bb:{\u00abh\u00bb:210,\u00bbs\u00bb:0.83,\u00bbl\u00bb:0.45,\u00bba\u00bb:1}}},\u00bbgradients\u00bb:[]}}]}__CONFIG_colors_palette__ <a href=\"http:\/\/paristouristinformation.fr\/es\/things-to-do\/museum\/\"> <span><span>M\u00e1s museos que visitar en Par\u00eds<\/span><\/span> <\/a><\/p>\n<h2 style=\"\" id=\"t-1642409962375\">Art\u00edculos relacionados:<\/h2>\n<div class=\"tcb-post-list tve-content-list thrv_wrapper\" data-type=\"grid\" data-pagination-type=\"none\" data-pages_near_current=\"2\" data-css=\"tve-u-17de118ed63\" data-total_post_count=\"4\" data-total_sticky_count=\"0\" data-no_posts_text=\"There are no posts to display.\"><article id=\"post-68\" class=\"post-68 page type-page status-publish has-post-thumbnail hentry post-wrapper thrv_wrapper thrive-animated-item  tve_evt_manager_listen tve_ea_thrive_animation tve_et_mouseover tve_anim_grow\" tcb_hover_state_parent=\"\" class=\"tve_evt_manager_listen tve_ea_thrive_animation tve_et_mouseover tve_anim_grow\" data-id=\"68\" data-selector=\".post-wrapper\"><style class=\"tcb-post-list-dynamic-style\" type=\"text\/css\">@media (min-width: 300px){[].tcb-post-list #post-68 []{background-image: url(\u00abhttps:\/\/www.paristouristinformation.fr\/es\/wp-content\/uploads\/2021\/02\/Top-30-Best-Museums-to-Visit-in-Paris-1024x538.jpg\u00ab) !important;}[].tcb-post-list #post-68 []:hover []{background-image: url(\u00abhttps:\/\/www.paristouristinformation.fr\/es\/wp-content\/uploads\/2021\/02\/Top-30-Best-Museums-to-Visit-in-Paris-1024x538.jpg\u00ab) !important;}}<\/style><a href=\"https:\/\/www.paristouristinformation.fr\/es\/cosas-que-hacer\/museo\/\" dynamic-postlink=\"tcb_post_the_permalink\" data-shortcode-id=\"68\"><\/a><\/p>\n<h3 style=\"text-align: center; padding-top: 0px !important; margin-top: 0px !important;\"><span data-attr-link=\"1\" data-attr-rel=\"0\" data-attr-target=\"0\" data-extra_key=\"\" data-option-inline=\"1\" data-shortcode=\"tcb_post_title\" data-shortcode-name=\"Post title\" data-attr-css=\"\" data-attr-static-link=\"{&quot;className&quot;:&quot;tve-froala fr-basic&quot;,&quot;href&quot;:&quot;https:\/\/paristouristinformation.fr\/es\/cosas-que-hacer\/museo\/&quot;,&quot;title&quot;:&quot;Los 30 mejores museos para visitar en Par\u00eds: Entradas, ubicaci\u00f3n &amp; Consejos&quot;,&quot;class&quot;:&quot;tve-froala fr-basic&quot;}\" style=\"\"><a href=\"https:\/\/www.paristouristinformation.fr\/es\/cosas-que-hacer\/museo\/\" title=\"30 Mejores museos para visitar en Par\u00eds: Entradas, ubicaci\u00f3n &amp; Consejos\" data-css=\"\" class=\"tve-froala fr-basic\">30 Mejores museos para visitar en Par\u00eds: Entradas, ubicaci\u00f3n &amp; Consejos<\/a><\/span><\/h3>\n<p><\/article><article id=\"post-4015\" class=\"post-4015 page type-page status-publish has-post-thumbnail hentry post-wrapper thrv_wrapper thrive-animated-item  tve_evt_manager_listen tve_ea_thrive_animation tve_et_mouseover tve_anim_grow\" tcb_hover_state_parent=\"\" class=\"tve_evt_manager_listen tve_ea_thrive_animation tve_et_mouseover tve_anim_grow\" data-id=\"4015\" data-selector=\".post-wrapper\"><style class=\"tcb-post-list-dynamic-style\" type=\"text\/css\">@media (min-width: 300px){[].tcb-post-list #post-4015 []{background-image: url(\u00abhttps:\/\/www.paristouristinformation.fr\/es\/wp-content\/uploads\/2021\/01\/A-Guide-to-the-Orangerie-Museum-in-Paris-in-France-1024x538.jpg\u00ab) !important;}[].tcb-post-list #post-4015 []:hover []{background-image: url(\u00abhttps:\/\/www.paristouristinformation.fr\/es\/wp-content\/uploads\/2021\/01\/A-Guide-to-the-Orangerie-Museum-in-Paris-in-France-1024x538.jpg\u00ab) !important;}}<\/style><a href=\"https:\/\/www.paristouristinformation.fr\/es\/cosas-que-hacer\/museo\/musee-de-lorangerie\/\" dynamic-postlink=\"tcb_post_the_permalink\" data-shortcode-id=\"68\"><\/a><\/p>\n<h3 style=\"text-align: center; padding-top: 0px !important; margin-top: 0px !important;\"><span data-attr-link=\"1\" data-attr-rel=\"0\" data-attr-target=\"0\" data-extra_key=\"\" data-option-inline=\"1\" data-shortcode=\"tcb_post_title\" data-shortcode-name=\"Post title\" data-attr-css=\"\" data-attr-static-link=\"{&quot;className&quot;:&quot;tve-froala fr-basic&quot;,&quot;href&quot;:&quot;https:\/\/paristouristinformation.fr\/es\/cosas-que-hacer\/museo\/&quot;,&quot;title&quot;:&quot;Los 30 mejores museos para visitar en Par\u00eds: Entradas, ubicaci\u00f3n &amp; Consejos&quot;,&quot;class&quot;:&quot;tve-froala fr-basic&quot;}\" style=\"\"><a href=\"https:\/\/www.paristouristinformation.fr\/es\/cosas-que-hacer\/museo\/musee-de-lorangerie\/\" title=\"Gu\u00eda del Museo de la Orangerie de Par\u00eds: Entradas &amp; Exposiciones\" data-css=\"\" class=\"tve-froala fr-basic\">Gu\u00eda del Museo de la Orangerie de Par\u00eds: Entradas &amp; Exposiciones<\/a><\/span><\/h3>\n<p><\/article><article id=\"post-3509\" class=\"post-3509 page type-page status-publish has-post-thumbnail hentry post-wrapper thrv_wrapper thrive-animated-item  tve_evt_manager_listen tve_ea_thrive_animation tve_et_mouseover tve_anim_grow\" tcb_hover_state_parent=\"\" class=\"tve_evt_manager_listen tve_ea_thrive_animation tve_et_mouseover tve_anim_grow\" data-id=\"3509\" data-selector=\".post-wrapper\"><style class=\"tcb-post-list-dynamic-style\" type=\"text\/css\">@media (min-width: 300px){[].tcb-post-list #post-3509 []{background-image: url(\u00abhttps:\/\/www.paristouristinformation.fr\/es\/wp-content\/uploads\/2020\/12\/Centre-Pompidou-in-Paris-in-France-1024x538.jpg\u00ab) !important;}[].tcb-post-list #post-3509 []:hover []{background-image: url(\u00abhttps:\/\/www.paristouristinformation.fr\/es\/wp-content\/uploads\/2020\/12\/Centre-Pompidou-in-Paris-in-France-1024x538.jpg\u00ab) !important;}}<\/style><a href=\"https:\/\/www.paristouristinformation.fr\/es\/cosas-que-hacer\/museo\/musee-national-dart-moderne\/\" dynamic-postlink=\"tcb_post_the_permalink\" data-shortcode-id=\"68\"><\/a><\/p>\n<h3 style=\"text-align: center; padding-top: 0px !important; margin-top: 0px !important;\"><span data-attr-link=\"1\" data-attr-rel=\"0\" data-attr-target=\"0\" data-extra_key=\"\" data-option-inline=\"1\" data-shortcode=\"tcb_post_title\" data-shortcode-name=\"Post title\" data-attr-css=\"\" data-attr-static-link=\"{&quot;className&quot;:&quot;tve-froala fr-basic&quot;,&quot;href&quot;:&quot;https:\/\/paristouristinformation.fr\/es\/cosas-que-hacer\/museo\/&quot;,&quot;title&quot;:&quot;Los 30 mejores museos para visitar en Par\u00eds: Entradas, ubicaci\u00f3n &amp; Consejos&quot;,&quot;class&quot;:&quot;tve-froala fr-basic&quot;}\" style=\"\"><a href=\"https:\/\/www.paristouristinformation.fr\/es\/cosas-que-hacer\/museo\/musee-national-dart-moderne\/\" title=\"Gu\u00eda del Museo Nacional de Arte Moderno de Par\u00eds: Exposici\u00f3n &amp; Consejos\" data-css=\"\" class=\"tve-froala fr-basic\">Gu\u00eda del Museo Nacional de Arte Moderno de Par\u00eds: Exposici\u00f3n &amp; Consejos<\/a><\/span><\/h3>\n<p><\/article><article id=\"post-73\" class=\"post-73 page type-page status-publish has-post-thumbnail hentry post-wrapper thrv_wrapper thrive-animated-item  tve_evt_manager_listen tve_ea_thrive_animation tve_et_mouseover tve_anim_grow\" tcb_hover_state_parent=\"\" class=\"tve_evt_manager_listen tve_ea_thrive_animation tve_et_mouseover tve_anim_grow\" data-id=\"73\" data-selector=\".post-wrapper\"><style class=\"tcb-post-list-dynamic-style\" type=\"text\/css\">@media (min-width: 300px){[].tcb-post-list #post-73 []{background-image: url(\u00abhttps:\/\/www.paristouristinformation.fr\/es\/wp-content\/uploads\/2021\/01\/10-Best-Free-Things-To-Do-in-Paris-1024x538.jpg\u00ab) !important;}[].tcb-post-list #post-73 []:hover []{background-image: url(\u00abhttps:\/\/www.paristouristinformation.fr\/es\/wp-content\/uploads\/2021\/01\/10-Best-Free-Things-To-Do-in-Paris-1024x538.jpg\u00ab) !important;}}<\/style><a href=\"https:\/\/www.paristouristinformation.fr\/es\/cosas-que-hacer\/gratis\/\" dynamic-postlink=\"tcb_post_the_permalink\" data-shortcode-id=\"68\"><\/a><\/p>\n<h3 style=\"text-align: center; padding-top: 0px !important; margin-top: 0px !important;\"><span data-attr-link=\"1\" data-attr-rel=\"0\" data-attr-target=\"0\" data-extra_key=\"\" data-option-inline=\"1\" data-shortcode=\"tcb_post_title\" data-shortcode-name=\"Post title\" data-attr-css=\"\" data-attr-static-link=\"{&quot;className&quot;:&quot;tve-froala fr-basic&quot;,&quot;href&quot;:&quot;https:\/\/paristouristinformation.fr\/es\/cosas-que-hacer\/museo\/&quot;,&quot;title&quot;:&quot;Los 30 mejores museos para visitar en Par\u00eds: Entradas, ubicaci\u00f3n &amp; Consejos&quot;,&quot;class&quot;:&quot;tve-froala fr-basic&quot;}\" style=\"\"><a href=\"https:\/\/www.paristouristinformation.fr\/es\/cosas-que-hacer\/gratis\/\" title=\"10 Mejores cosas que hacer gratis en Par\u00eds\" data-css=\"\" class=\"tve-froala fr-basic\">10 Mejores cosas que hacer gratis en Par\u00eds<\/a><\/span><\/h3>\n<p><\/article><\/div>\n","protected":false},"excerpt":{"rendered":"<p>Cuando cree su lista de museos que visitar en Par\u00eds, aseg\u00farese de incluir el Museo Picasso, que concentra la mayor colecci\u00f3n del mundo del artista espa\u00f1ol Pablo Picasso.Encontrar\u00e1 dibujos, pinturas, esculturas, grabados, todo ello parte de su desarrollo art\u00edstico con m\u00e1s de 5000 piezas.En esta p\u00e1gina, le proporcionaremos toda la informaci\u00f3n que necesita saber sobre [&hellip;]<\/p>\n","protected":false},"author":10,"featured_media":4181,"parent":68,"menu_order":0,"comment_status":"closed","ping_status":"closed","template":"","meta":{"footnotes":""},"tags":[],"class_list":{"0":"post-4004","1":"page","2":"type-page","3":"status-publish","4":"has-post-thumbnail","5":"hentry","6":"post-wrapper","7":"thrv_wrapper","10":"thrive-animated-item"},"wp-worthy-pixel":{"ignored":false,"public":null,"server":null,"url":null},"wp-worthy-type":"normal","_links":{"self":[{"href":"https:\/\/www.paristouristinformation.fr\/es\/wp-json\/wp\/v2\/pages\/4004","targetHints":{"allow":["GET"]}}],"collection":[{"href":"https:\/\/www.paristouristinformation.fr\/es\/wp-json\/wp\/v2\/pages"}],"about":[{"href":"https:\/\/www.paristouristinformation.fr\/es\/wp-json\/wp\/v2\/types\/page"}],"author":[{"embeddable":true,"href":"https:\/\/www.paristouristinformation.fr\/es\/wp-json\/wp\/v2\/users\/10"}],"replies":[{"embeddable":true,"href":"https:\/\/www.paristouristinformation.fr\/es\/wp-json\/wp\/v2\/comments?post=4004"}],"version-history":[{"count":0,"href":"https:\/\/www.paristouristinformation.fr\/es\/wp-json\/wp\/v2\/pages\/4004\/revisions"}],"up":[{"embeddable":true,"href":"https:\/\/www.paristouristinformation.fr\/es\/wp-json\/wp\/v2\/pages\/68"}],"wp:featuredmedia":[{"embeddable":true,"href":"https:\/\/www.paristouristinformation.fr\/es\/wp-json\/wp\/v2\/media\/4181"}],"wp:attachment":[{"href":"https:\/\/www.paristouristinformation.fr\/es\/wp-json\/wp\/v2\/media?parent=4004"}],"wp:term":[{"taxonomy":"post_tag","embeddable":true,"href":"https:\/\/www.paristouristinformation.fr\/es\/wp-json\/wp\/v2\/tags?post=4004"}],"curies":[{"name":"wp","href":"https:\/\/api.w.org\/{rel}","templated":true}]}}