{"id":4035,"date":"2020-12-11T13:13:08","date_gmt":"2020-12-11T13:13:08","guid":{"rendered":"http:\/\/paristouristinformation.fr\/es\/gruppenreisen\/clone-of-executive-transfer-limousinen-vip-transfer\/"},"modified":"2023-05-12T08:52:27","modified_gmt":"2023-05-12T08:52:27","slug":"ejecutivo-traslado","status":"publish","type":"page","link":"https:\/\/www.paristouristinformation.fr\/es\/viajes-en-grupo\/ejecutivo-traslado\/","title":{"rendered":"Traslados ejecutivos, limusinas &#038; traslados VIP"},"content":{"rendered":"<h1>Traslado ejecutivo desde los aeropuertos de Par\u00eds<\/h1>\n<p>Servicio de limusina 24\/7 con tarifas fijas desde los aeropuertos de Par\u00eds-Charles-de-Gaulle, Par\u00eds-Orly, Par\u00eds-Beauvais-Till\u00e9 y Le Bourget.<\/p>\n<h2>Est\u00e1 en buenas manos con nosotros<\/h2>\n<p>Lo que distingue a las empresas es el trato que reciben sus empleados.Estaremos encantados de organizar su traslado desde los aeropuertos Par\u00eds-Charles-de-Gaulle [CDG], Par\u00eds-Orly [ORY], Par\u00eds-Beauvais-Till\u00e9 [BVA], el aeropuerto privado Le Bourget [LBG], la estaci\u00f3n de tren, el servicio de larga distancia, el servicio de negocios o un lugar seleccionado individualmente.Garantizar un proceso sin problemas es la m\u00e1xima prioridad de nuestro servicio de limusinas 24\/7 en Par\u00eds.Como agencia de servicios completos, Paris Tourist Information se ocupa de todos los asuntos relacionados con los viajes de negocios. Nos encargamos del traslado de los ejecutivos hasta el programa de acompa\u00f1amiento incluyendo el hotel de la conferencia.<\/p>\n<h3>Servicio personal, limusinas exclusivas<\/h3>\n<p>Nuestros fiables conductores trajeados le recibir\u00e1n frente a la salida del aeropuerto, llevando un cartel con su nombre.Su conductor llevar\u00e1 su equipaje a nuestras limusinas equipadas con WIFI.<\/p>\n<ul>\n<li><span style=\"\"><strong><span style=\"\">Tarifas fijas<\/span><\/strong><\/span><\/li>\n<li style=\"\"><span style=\"\"><strong><span style=\"\">Atenci\u00f3n al cliente 24 horas al d\u00eda, 7 d\u00edas a la semana<\/span><\/strong><\/span><\/li>\n<li style=\"\"><span style=\"\"><strong><span style=\"\"><strong><span>Transferencia fiable<\/span><\/strong><\/span><\/strong><\/span><\/li>\n<\/ul>\n<h2>Preguntas frecuentes:<\/h2>\n<h2 style=\"text-align: center;\">Nuestro Bestseller<\/h2>\n<p><a href=\"#\"><span><span>Instance 1<\/span><\/span><\/a><\/p>\n<h5 style=\"\">FURGONETA DE NEGOCIOS<\/h5>\n<p>&nbsp;<span><img decoding=\"async\" alt=\"Business Van\" data-id=\"2919\" width=\"284\" data-init-width=\"1000\" height=\"189\" data-init-height=\"667\" title=\"Business Van\" src=\"http:\/\/paristouristinformation.fr\/es\/wp-content\/uploads\/2020\/11\/Business-Van.jpg\" data-width=\"284\" data-height=\"189\" style=\"\" loading=\"lazy\"><\/span><\/p>\n<p><em>Grupo empresarial<\/em><\/p>\n<p>A partir de<\/p>\n<p>\u20ac 79.00<\/p>\n<ul>\n<li><span>24 horas al d\u00eda<\/span><\/li>\n<li><span>m\u00e1x. 8 pasajeros<\/span><\/li>\n<li><span>m\u00e1x. 10 piezas de equipaje<\/span><\/li>\n<li><span>cristales tintados<\/span><\/li>\n<li><span>distancia entre ejes extra larga<\/span><\/li>\n<\/ul>\n<h5>Mercedes e-class<\/h5>\n<p><span><img decoding=\"async\" alt=\"Mercedes E\" data-id=\"2921\" width=\"284\" data-init-width=\"1000\" height=\"189\" data-init-height=\"667\" title=\"Mercedes E\" src=\"http:\/\/paristouristinformation.fr\/es\/wp-content\/uploads\/2020\/11\/Mercedes-E.jpg\" data-width=\"284\" data-height=\"189\" style=\"\" loading=\"lazy\"><\/span><\/p>\n<p><em>Clase Business<\/em><\/p>\n<p>A partir de<\/p>\n<p>&nbsp;<\/p>\n<p>\u20ac 79.00<\/p>\n<ul>\n<li><span>24 horas al d\u00eda<\/span><\/li>\n<li><span>m\u00e1x. 4 pasajeros<\/span><\/li>\n<li><span>m\u00e1x. 3 piezas de equipaje<\/span><\/li>\n<li><span>cristales tintados<\/span><\/li>\n<li><span>4-matic, distancia entre ejes larga<\/span><\/li>\n<li><span>Climatronic<\/span><\/li>\n<\/ul>\n<h5 style=\"\">BMW 7 Series<\/h5>\n<p>&nbsp;<span><img decoding=\"async\" alt=\"7ER BMW\" data-id=\"2922\" width=\"284\" data-init-width=\"1000\" height=\"189\" data-init-height=\"667\" title=\"7ER BMW\" src=\"http:\/\/paristouristinformation.fr\/es\/wp-content\/uploads\/2020\/11\/7ER-BMW.jpg\" data-width=\"284\" data-height=\"189\" style=\"\" loading=\"lazy\"><\/span><\/p>\n<p><em>Primera clase<\/em><\/p>\n<p>A partir de<\/p>\n<p>\u20ac 99.00<\/p>\n<ul>\n<li><span>24 horas al d\u00eda<\/span><\/li>\n<li><span>m\u00e1x. 4 pasajeros<\/span><\/li>\n<li><span>m\u00e1x. 3 piezas de equipaje<\/span><\/li>\n<li><span>cristales tintados<\/span><\/li>\n<li><span>Ejecutivo-Conductor-Pro<\/span><\/li>\n<\/ul>\n<h2 style=\"text-align: center;\">\u00bfQu\u00e9 tipos de transferencias hay?<\/h2>\n<p style=\"text-align: center;\">Desde limusinas hasta veh\u00edculos blindados o autobuses para grupos, proporcionamos el veh\u00edculo adecuado para sus fines. Adem\u00e1s, muchos de nuestros conductores trabajan como guardaespaldas.<\/p>\n<h3 style=\"\">1. Servicio de limusina<\/h3>\n<p style=\"\">Disponemos de limusinas exclusivas, desde Mercedes-Benz Clase E hasta BMW Serie 5, pasando por veh\u00edculos ecol\u00f3gicos con motor el\u00e9ctrico.<\/p>\n<p style=\"\">Ninguno de los veh\u00edculos tiene m\u00e1s de tres a\u00f1os. Los veh\u00edculos est\u00e1n totalmente equipados y son de color oscuro. Seg\u00fan sus preferencias, pueden ser llamativos o conservadores. Nos adaptamos completamente a sus necesidades.<\/p>\n<h3 style=\"\">2. Veh\u00edculos blindados<\/h3>\n<p style=\"\">Trabajamos con conductores que tambi\u00e9n trabajan como guardaespaldas en Par\u00eds.<\/p>\n<p style=\"\">Si lo desea, organizamos los veh\u00edculos de acuerdo con los requisitos de seguridad, as\u00ed como la protecci\u00f3n personal adicional.<\/p>\n<h3 style=\"\">3. Autobuses exclusivos o furgonetas de empresa para grupos<\/h3>\n<p style=\"\">Para las delegaciones, organizamos traslados en grupo con autobuses o minibuses exclusivos. Adem\u00e1s, los compa\u00f1eros pueden explorar Par\u00eds con nuestro traslado en autob\u00fas exclusivo.<\/p>\n<p style=\"\">A la hora de elegir un autob\u00fas, satisfacemos plenamente sus deseos y necesidades, por ejemplo, autobuses con cristales tintados y asientos de cuero.<\/p>\n<h2>Proceso fluido con experiencia VIP<\/h2>\n<p>Llegar a tiempo es de suma importancia para los VIP.Este factor es crucial para el buen desarrollo de reuniones, eventos y congresos. Nuestros experimentados ch\u00f3feres en Par\u00eds tambi\u00e9n dan gran importancia a la puntualidad.Como agencia de servicios completos, Paris Tourist Information se encarga de todo el proceso en Par\u00eds. Con nosotros, puede coordinar reuniones, eventos y viajes de negocios con una persona de contacto in situ. \u00bfSu vuelo se retrasa? No hay problema. Nos encargamos del lugar de celebraci\u00f3n o de los incentivos previstos y posponemos el catering.Por supuesto, tambi\u00e9n es posible reservar los traslados y los servicios de limusina por separado.Los veh\u00edculos se cobran a una tarifa fija por hora o d\u00eda. Hay autobuses exclusivos para el traslado de grupos en la ciudad.Si tiene peticiones especiales, p\u00f3ngase en contacto con nosotros para una primera consulta gratuita en la que analizaremos sus deseos y necesidades.<\/p>\n<h3>Servicio completo de una sola fuente:<\/h3>\n<ul>\n<li style=\"\"><span style=\"\"><strong>Atenci\u00f3n al cliente 24\/7: <\/strong>L\u00ednea directa disponible las 24 horas del d\u00eda, por ejemplo, en caso de retraso de un vuelo.<\/span><\/li>\n<li><span><strong>De una sola fuente: <\/strong>Con nosotros tiene una sola persona de contacto en Par\u00eds que se encarga de todos los pasos posteriores. \u00bfSe pospone la conferencia? \u00bfSe retrasa el vuelo? \u00bfSe necesita el traslado antes? No hay problema. Nosotros nos encargamos de la tramitaci\u00f3n in situ sin problemas.<\/span><\/li>\n<li><span><strong>Consulta inicial gratuita: <\/strong>\u00bfBusca un traslado especial en Par\u00eds o desea una oferta completa individual para la gesti\u00f3n de su evento? El primer paso es una consulta inicial gratuita con un examen de sus necesidades.<\/span><\/li>\n<\/ul>\n<h2 style=\"text-align: center;\">Consulta inicial gratuita<\/h2>\n<p style=\"text-align: center;\">Estaremos encantados de hablar sobre sus expectativas. Puede ponerse en contacto con nosotros a trav\u00e9s del n\u00famero de tel\u00e9fono de la [empresa] MICE, por correo electr\u00f3nico a la [empresa] MICE o mediante el formulario de contacto.<\/p>\n","protected":false},"excerpt":{"rendered":"<p>Traslado ejecutivo desde los aeropuertos de Par\u00eds Servicio de limusina 24\/7 con tarifas fijas desde los aeropuertos de Par\u00eds-Charles-de-Gaulle, Par\u00eds-Orly, Par\u00eds-Beauvais-Till\u00e9 y Le Bourget. Est\u00e1 en buenas manos con nosotros Lo que distingue a las empresas es el trato que reciben sus empleados.Estaremos encantados de organizar su traslado desde los aeropuertos Par\u00eds-Charles-de-Gaulle [CDG], Par\u00eds-Orly [ORY], [&hellip;]<\/p>\n","protected":false},"author":9,"featured_media":0,"parent":3970,"menu_order":0,"comment_status":"closed","ping_status":"closed","template":"","meta":{"footnotes":""},"tags":[],"class_list":["post-4035","page","type-page","status-publish","hentry","post-wrapper","thrv_wrapper"],"wp-worthy-pixel":{"ignored":false,"public":null,"server":null,"url":null},"wp-worthy-type":"normal","_links":{"self":[{"href":"https:\/\/www.paristouristinformation.fr\/es\/wp-json\/wp\/v2\/pages\/4035","targetHints":{"allow":["GET"]}}],"collection":[{"href":"https:\/\/www.paristouristinformation.fr\/es\/wp-json\/wp\/v2\/pages"}],"about":[{"href":"https:\/\/www.paristouristinformation.fr\/es\/wp-json\/wp\/v2\/types\/page"}],"author":[{"embeddable":true,"href":"https:\/\/www.paristouristinformation.fr\/es\/wp-json\/wp\/v2\/users\/9"}],"replies":[{"embeddable":true,"href":"https:\/\/www.paristouristinformation.fr\/es\/wp-json\/wp\/v2\/comments?post=4035"}],"version-history":[{"count":0,"href":"https:\/\/www.paristouristinformation.fr\/es\/wp-json\/wp\/v2\/pages\/4035\/revisions"}],"up":[{"embeddable":true,"href":"https:\/\/www.paristouristinformation.fr\/es\/wp-json\/wp\/v2\/pages\/3970"}],"wp:attachment":[{"href":"https:\/\/www.paristouristinformation.fr\/es\/wp-json\/wp\/v2\/media?parent=4035"}],"wp:term":[{"taxonomy":"post_tag","embeddable":true,"href":"https:\/\/www.paristouristinformation.fr\/es\/wp-json\/wp\/v2\/tags?post=4035"}],"curies":[{"name":"wp","href":"https:\/\/api.w.org\/{rel}","templated":true}]}}