{"id":4049,"date":"2020-12-13T09:51:22","date_gmt":"2020-12-13T09:51:22","guid":{"rendered":"http:\/\/paristouristinformation.fr\/es\/?page_id=4049"},"modified":"2023-05-12T06:51:40","modified_gmt":"2023-05-12T06:51:40","slug":"museo-montmarte","status":"publish","type":"page","link":"https:\/\/www.paristouristinformation.fr\/es\/cosas-que-hacer\/museo\/museo-montmarte\/","title":{"rendered":"Gu\u00eda del Museo de Montmartre en Par\u00eds: Consejos &#038; Historia"},"content":{"rendered":"<p>Durante su visita a la ciudad de Par\u00eds, no podr\u00e1 dejar de visitar el barrio de los artistas llamado <a href=\"https:\/\/paristouristinformation.fr\/es\/cosas-que-hacer\/distritos\/montmartre\/\" target=\"_blank\" style=\"outline: none;\" rel=\"noopener\">Barrio de Montmartre<\/a>. Montmartre es el barrio de Par\u00eds dedicado a la bohemia, el arte, los sue\u00f1os y las colas de hadas.El Museo de Montmartre es un lugar perfecto para conocer la historia del barrio de Montmartre, que tambi\u00e9n fue el entorno de trabajo de los numerosos artistas impresionistas que vivieron en los siglos XIX y XX.En este art\u00edculo, vamos a descubrir toda la informaci\u00f3n importante que debe conocer antes de visitar el Museo de Montmartre.<\/p>\n<h2 id=\"t-1612272670079\" data-alt-text=\"What can I do at the Museum ?\">\u00bfQu\u00e9 puedo hacer en el Museo de Montmartre?<\/h2>\n<p><span><img decoding=\"async\" alt=\"\" data-id=\"1740\" width=\"702\" data-init-width=\"1200\" height=\"456\" data-init-height=\"779\" title=\"Paris Montmartre Souvenir Shop\" src=\"http:\/\/paristouristinformation.fr\/es\/wp-content\/uploads\/2020\/10\/Paris-Montmartre-Souvenir-Shop.jpg\" data-width=\"702\" data-height=\"456\" loading=\"lazy\" data-pinpro-key=\"y6fiaaqt8\"><\/span><\/p>\n<p>La visita al Museo de Montmartre, con su edificio hist\u00f3rico, sus jardines y sus exposiciones, permite apreciar mejor la colina que domina Par\u00eds.Podr\u00e1 ver las fotos antiguas de las personas que vivieron aqu\u00ed y leer sobre los recuerdos del barrio.Le espera una presentaci\u00f3n tem\u00e1tica que muestra la cronolog\u00eda de Montmartre, desde los tiempos en que era una peque\u00f1a aldea en las afueras de Par\u00eds hasta la actualidad como popular destino tur\u00edstico. El museo alberga a menudo exposiciones temporales, adem\u00e1s de su singular colecci\u00f3n permanente.El Museo de Montmartre cuenta con hermosos jardines y patios renovados seg\u00fan las pinturas de Renoir, as\u00ed como con un encantador vi\u00f1edo donde podr\u00e1 degustar y comprar vino de Montmartre.<\/p>\n<h3 data-block=\"f4f678cb-771d-429a-b36b-253ed3b5b398\" data-title=\"Heading\" data-type=\"core\/heading\" tabindex=\"0\">Caf\u00e9 Renoir<\/h3>\n<p>Cuenta con un peque\u00f1o caf\u00e9 donde podr\u00e1 tomar un ligero y sabroso almuerzo en su visita a Montmartre con la vista de los encantadores vi\u00f1edos.<\/p>\n<h2 id=\"t-1612272670080\" data-alt-text=\"Entrance, Tickets and Tours \">Entrada, billetes y visitas en el Museo de Montmartre<\/h2>\n<ul>\n<li><strong>El Museo<\/strong> est\u00e1 abierto de 11:00 a 18:00 los d\u00edas laborables y de 11:00 a 19:00 los fines de semana.<\/li>\n<li><strong>El Caf\u00e9 Renoir <\/strong>est\u00e1 abierto de 11:30 a 17:00 entre semana y de 11:30 a 18:00 los fines de semana<\/li>\n<\/ul>\n<ul>\n<li style=\"\"><span style=\"\"><strong>Entradas: <\/strong>Las entradas al Museo de Montmartre est\u00e1n disponibles en el <a href=\"https:\/\/museedemontmartre.tickeasy.com\/en-GB\/home\" target=\"_blank\" style=\"outline: none;\" rel=\"noopener nofollow\">sitio web oficial.<\/a>.La entrada online incluye una audiogu\u00eda en ingl\u00e9s, franc\u00e9s, alem\u00e1n, italiano, espa\u00f1ol, ruso y japon\u00e9s. La audiogu\u00eda dura unos 90 minutos.<\/span><\/li>\n<\/ul>\n<ul>\n<li><span style=\"\">Para ahorrar tiempo y dinero, y evitarle problemas, puede preparar su viaje comprando por adelantado todos los billetes online que necesite en nuestra tienda <em><strong>oficial de billetes de Par\u00eds.<\/strong><\/em><\/span><\/li>\n<\/ul>\n<p>__CONFIG_colors_palette__{\u00abactive_palette\u00bb:0,\u00bbconfig\u00bb:{\u00abcolors\u00bb:{\u00abf8570\u00bb:{\u00abname\u00bb:\u00bbMain Accent\u00bb,\u00bbparent\u00bb:-1}},\u00bbgradients\u00bb:[]},\u00bbpalettes\u00bb:[{\u00abname\u00bb:\u00bbDefault Palette\u00bb,\u00bbvalue\u00bb:{\u00abcolors\u00bb:{\u00abf8570\u00bb:{\u00abval\u00bb:\u00bbvar(&#8211;tcb-skin-color-0)\u00bb}},\u00bbgradients\u00bb:[]},\u00bboriginal\u00bb:{\u00abcolors\u00bb:{\u00abf8570\u00bb:{\u00abval\u00bb:\u00bbrgb(19, 114, 211)\u00bb,\u00bbhsl\u00bb:{\u00abh\u00bb:210,\u00bbs\u00bb:0.83,\u00bbl\u00bb:0.45}}},\u00bbgradients\u00bb:[]}}]}__CONFIG_colors_palette__ <a href=\"http:\/\/paristouristinformation.fr\/es\/tours-and-tickets\/\"> <span><span style=\"\">Ir a la tienda de entradas de Par\u00eds<\/span><\/span> <\/a><\/p>\n<h2 id=\"t-1612272670081\" data-alt-text=\"How to get to&nbsp;the Museum\">\u00bfC\u00f3mo llegar al Museo de Montmartre?<\/h2>\n<p><span><img decoding=\"async\" alt=\"Montmartre Funicular in Paris in France\" data-id=\"4107\" width=\"702\" data-init-width=\"1000\" height=\"468\" data-init-height=\"667\" title=\"Montmartre Funicular in Paris in France\" src=\"http:\/\/paristouristinformation.fr\/es\/wp-content\/uploads\/2020\/12\/shutterstock_1104835676.jpg\" data-width=\"702\" data-height=\"468\" loading=\"lazy\" data-pinpro-key=\"nzh188biu\"><\/span><\/p>\n<p><strong data-rich-text-format-boundary=\"true\">Metro: <\/strong>No hay metro para subir a la colina. Puede bajarse en la estaci\u00f3n \u00abAnvers\u00bb y tomar el Funicular de Montmartre para subir. Otra opci\u00f3n es bajarse en la estaci\u00f3n \u00abPigalle\u00bb de la l\u00ednea 2 , tomar el Montmartobus y parar en Saules-Cortot.<\/p>\n<p>__CONFIG_colors_palette__{\u00abactive_palette\u00bb:0,\u00bbconfig\u00bb:{\u00abcolors\u00bb:{\u00ab50ce5\u00bb:{\u00abname\u00bb:\u00bbMain Accent\u00bb,\u00bbparent\u00bb:-1}},\u00bbgradients\u00bb:[]},\u00bbpalettes\u00bb:[{\u00abname\u00bb:\u00bbDefault Palette\u00bb,\u00bbvalue\u00bb:{\u00abcolors\u00bb:{\u00ab50ce5\u00bb:{\u00abval\u00bb:\u00bbvar(&#8211;tcb-skin-color-0)\u00bb}},\u00bbgradients\u00bb:[]},\u00bboriginal\u00bb:{\u00abcolors\u00bb:{\u00ab50ce5\u00bb:{\u00abval\u00bb:\u00bbrgb(19, 114, 211)\u00bb,\u00bbhsl\u00bb:{\u00abh\u00bb:210,\u00bbs\u00bb:0.83,\u00bbl\u00bb:0.45,\u00bba\u00bb:1}}},\u00bbgradients\u00bb:[]}}]}__CONFIG_colors_palette__ <a href=\"http:\/\/paristouristinformation.fr\/es\/plan\/public-transport\"> <span><span style=\"\">Gu\u00eda de transporte p\u00fablico en Par\u00eds<\/span><\/span> <\/a><\/p>\n<h2 id=\"t-1612272670082\">Preguntas frecuentes<\/h2>\n<h2 id=\"t-1612272670083\" data-alt-text=\"History of the Museum\">Historia del Museo de Montmartre<\/h2>\n<p><span><img decoding=\"async\" alt=\"\" data-id=\"1737\" width=\"702\" data-init-width=\"1200\" height=\"468\" data-init-height=\"800\" title=\"Paris Montmartre Museum Water Tower\" src=\"http:\/\/paristouristinformation.fr\/es\/wp-content\/uploads\/2020\/10\/Paris-Montmartre-Museum-Water-Tower.jpg\" data-width=\"702\" data-height=\"468\" loading=\"lazy\" data-pinpro-key=\"5086qlkr1\"><\/span><\/p>\n<p>El edificio del museo hist\u00f3rico, llamado \u00abCasa de Bel Air\u00bb, erigido en el siglo XVII, es la casa m\u00e1s antigua del barrio.Muchos artistas encontraron un entorno que les permit\u00eda la alegr\u00eda, el humor y la creatividad al llegar a Montmartre.A principios del siglo XX, la Casa de Bel Air se convirti\u00f3 en un lugar de escape para los artistas ante el ascenso de la clase burguesa que dedicaba su vida a grandes ideales y la abrumadora presi\u00f3n de la sociedad.Fue utilizada como residencia o estudio por muchos artistas de renombre, como Auguste Renoir, Suzanne Valadon o Maurice Utrillo.Auguste Renoir alquil\u00f3 aqu\u00ed un taller entre los a\u00f1os 1875 y 1877. Durante su estancia pint\u00f3 algunos de sus famosos cuadros, como \u00abLa cuna\u00bb, una escena en el jard\u00edn de la casa, y \u00abEl baile en el Moulin de la Galette\u00bb.El Museo de Montmartre se fund\u00f3 en 1960. En 2014 se llev\u00f3 a cabo una amplia renovaci\u00f3n y se abrieron nuevos espacios, como el apartamento de Suzanne Valadon y Maurice Utrillo, el Hotel Demarne para las exposiciones temporales.<\/p>\n<h2 id=\"t-1612272670084\" data-alt-text=\"Contact\">Contacto y mapa<\/h2>\n<ul>\n<li><span style=\"\"><strong>Direcci\u00f3n:<\/strong> 12, rue Cortot 75018 Par\u00eds &#8211; Francia<\/span><\/li>\n<li><span style=\"\"><strong>Horario de apertura:<\/strong> Todos los d\u00edas de 11 a 18 horas entre semana, hasta las 19 horas los fines de semana. Cerrado los martes.<\/span><\/li>\n<li><span style=\"\"><strong>Transporte p\u00fablico: <\/strong>Se puede bajar en la estaci\u00f3n de metro \u00abAnvers\u00bb y tomar el Funicular de Montmartre para subir.<\/span><\/li>\n<li style=\"\"><span style=\"\"><strong>P\u00e1gina web:&nbsp;<\/strong><a href=\"https:\/\/museedemontmartre.fr\/en\/le-musee\/\" target=\"_blank\" style=\"outline: none;\" rel=\"noopener nofollow\">www.museedemontmartre.fr\/en\/<\/a><\/span><\/li>\n<\/ul>\n<ul>\n<li><span style=\"\">\u00bfBusca otros museos que visitar en Par\u00eds? Consulta nuestra lista de los <a href=\"https:\/\/paristouristinformation.fr\/es\/cosas-que-hacer\/museo\/\" target=\"_blank\" rel=\"noopener\"><strong>30 mejores museos para visitar en Par\u00eds.<\/strong><\/a><\/span><\/li>\n<\/ul>\n<p>__CONFIG_colors_palette__{\u00abactive_palette\u00bb:0,\u00bbconfig\u00bb:{\u00abcolors\u00bb:{\u00ab50ce5\u00bb:{\u00abname\u00bb:\u00bbMain Accent\u00bb,\u00bbparent\u00bb:-1}},\u00bbgradients\u00bb:[]},\u00bbpalettes\u00bb:[{\u00abname\u00bb:\u00bbDefault Palette\u00bb,\u00bbvalue\u00bb:{\u00abcolors\u00bb:{\u00ab50ce5\u00bb:{\u00abval\u00bb:\u00bbvar(&#8211;tcb-skin-color-0)\u00bb}},\u00bbgradients\u00bb:[]},\u00bboriginal\u00bb:{\u00abcolors\u00bb:{\u00ab50ce5\u00bb:{\u00abval\u00bb:\u00bbrgb(19, 114, 211)\u00bb,\u00bbhsl\u00bb:{\u00abh\u00bb:210,\u00bbs\u00bb:0.83,\u00bbl\u00bb:0.45,\u00bba\u00bb:1}}},\u00bbgradients\u00bb:[]}}]}__CONFIG_colors_palette__ <a href=\"http:\/\/paristouristinformation.fr\/es\/things-to-do\/museum\/\"> <span><span>M\u00e1s museos que visitar en Par\u00eds<\/span><\/span> <\/a><\/p>\n<h2 id=\"t-1601911056464\" style=\"text-align: center;\" data-alt-text=\"Get YourMobileGuide App\">Una gu\u00eda local en el bolsillo<\/h2>\n<p><span><img decoding=\"async\" alt=\"\" data-id=\"9833\" width=\"500\" data-init-width=\"1132\" height=\"225\" data-init-height=\"510\" title=\"yourmobileguide red logo\" src=\"http:\/\/paristouristinformation.fr\/es\/wp-content\/uploads\/2021\/09\/yourmobileguide-red-logo.png\" data-width=\"500\" data-height=\"225\" loading=\"lazy\" data-pinpro-key=\"p51jkne5n\"><\/span><\/p>\n<p>Descubra Par\u00eds a su ritmo con nuestra aplicaci\u00f3n. Benef\u00edciese de las gu\u00edas de la ciudad y de las entradas con descuento.<\/p>\n<h2 style=\"\">Art\u00edculos relacionados:<\/h2>\n<div class=\"tcb-post-list tve-content-list thrv_wrapper\" data-type=\"grid\" data-pagination-type=\"none\" data-pages_near_current=\"2\" data-css=\"tve-u-17de0f16c93\" data-total_post_count=\"4\" data-total_sticky_count=\"0\" data-no_posts_text=\"There are no posts to display.\"><article id=\"post-68\" class=\"post-68 page type-page status-publish has-post-thumbnail hentry post-wrapper thrv_wrapper thrive-animated-item  tve_evt_manager_listen tve_ea_thrive_animation tve_et_mouseover tve_anim_grow\" tcb_hover_state_parent=\"\" class=\"tve_evt_manager_listen tve_ea_thrive_animation tve_et_mouseover tve_anim_grow\" data-id=\"68\" data-selector=\".post-wrapper\"><style class=\"tcb-post-list-dynamic-style\" type=\"text\/css\">@media (min-width: 300px){[].tcb-post-list #post-68 []{background-image: url(\u00abhttps:\/\/www.paristouristinformation.fr\/es\/wp-content\/uploads\/2021\/02\/Top-30-Best-Museums-to-Visit-in-Paris-1024x538.jpg\u00ab) !important;}[].tcb-post-list #post-68 []:hover []{background-image: url(\u00abhttps:\/\/www.paristouristinformation.fr\/es\/wp-content\/uploads\/2021\/02\/Top-30-Best-Museums-to-Visit-in-Paris-1024x538.jpg\u00ab) !important;}}<\/style><a href=\"https:\/\/www.paristouristinformation.fr\/es\/cosas-que-hacer\/museo\/\" dynamic-postlink=\"tcb_post_the_permalink\" data-shortcode-id=\"68\"><\/a><\/p>\n<h3 style=\"text-align: center; padding-top: 0px !important; margin-top: 0px !important;\"><span data-attr-link=\"1\" data-attr-rel=\"0\" data-attr-target=\"0\" data-extra_key=\"\" data-option-inline=\"1\" data-shortcode=\"tcb_post_title\" data-shortcode-name=\"Post title\" data-attr-css=\"\" data-attr-static-link=\"{&quot;className&quot;:&quot;tve-froala fr-basic&quot;,&quot;href&quot;:&quot;https:\/\/paristouristinformation.fr\/es\/cosas-que-hacer\/museo\/&quot;,&quot;title&quot;:&quot;Los 30 mejores museos para visitar en Par\u00eds: Entradas, ubicaci\u00f3n &amp; Consejos&quot;,&quot;class&quot;:&quot;tve-froala fr-basic&quot;}\" style=\"\"><a href=\"https:\/\/www.paristouristinformation.fr\/es\/cosas-que-hacer\/museo\/\" title=\"30 Mejores museos para visitar en Par\u00eds: Entradas, ubicaci\u00f3n &amp; Consejos\" data-css=\"\" class=\"tve-froala fr-basic\">30 Mejores museos para visitar en Par\u00eds: Entradas, ubicaci\u00f3n &amp; Consejos<\/a><\/span><\/h3>\n<p><\/article><article id=\"post-1665\" class=\"post-1665 page type-page status-publish has-post-thumbnail hentry post-wrapper thrv_wrapper thrive-animated-item  tve_evt_manager_listen tve_ea_thrive_animation tve_et_mouseover tve_anim_grow\" tcb_hover_state_parent=\"\" class=\"tve_evt_manager_listen tve_ea_thrive_animation tve_et_mouseover tve_anim_grow\" data-id=\"1665\" data-selector=\".post-wrapper\"><style class=\"tcb-post-list-dynamic-style\" type=\"text\/css\">@media (min-width: 300px){[].tcb-post-list #post-1665 []{background-image: url(\u00abhttps:\/\/www.paristouristinformation.fr\/es\/wp-content\/uploads\/2021\/02\/Montmartres-top-attractions-in-Paris-1024x538.jpg\u00ab) !important;}[].tcb-post-list #post-1665 []:hover []{background-image: url(\u00abhttps:\/\/www.paristouristinformation.fr\/es\/wp-content\/uploads\/2021\/02\/Montmartres-top-attractions-in-Paris-1024x538.jpg\u00ab) !important;}}<\/style><a href=\"https:\/\/www.paristouristinformation.fr\/es\/cosas-que-hacer\/distritos\/montmartre\/\" dynamic-postlink=\"tcb_post_the_permalink\" data-shortcode-id=\"68\"><\/a><\/p>\n<h3 style=\"text-align: center; padding-top: 0px !important; margin-top: 0px !important;\"><span data-attr-link=\"1\" data-attr-rel=\"0\" data-attr-target=\"0\" data-extra_key=\"\" data-option-inline=\"1\" data-shortcode=\"tcb_post_title\" data-shortcode-name=\"Post title\" data-attr-css=\"\" data-attr-static-link=\"{&quot;className&quot;:&quot;tve-froala fr-basic&quot;,&quot;href&quot;:&quot;https:\/\/paristouristinformation.fr\/es\/cosas-que-hacer\/museo\/&quot;,&quot;title&quot;:&quot;Los 30 mejores museos para visitar en Par\u00eds: Entradas, ubicaci\u00f3n &amp; Consejos&quot;,&quot;class&quot;:&quot;tve-froala fr-basic&quot;}\" style=\"\"><a href=\"https:\/\/www.paristouristinformation.fr\/es\/cosas-que-hacer\/distritos\/montmartre\/\" title=\"El barrio de Montmartre\u2019las principales atracciones de Par\u00eds\" data-css=\"\" class=\"tve-froala fr-basic\">El barrio de Montmartre\u2019las principales atracciones de Par\u00eds<\/a><\/span><\/h3>\n<p><\/article><article id=\"post-4254\" class=\"post-4254 page type-page status-publish has-post-thumbnail hentry post-wrapper thrv_wrapper thrive-animated-item  tve_evt_manager_listen tve_ea_thrive_animation tve_et_mouseover tve_anim_grow\" tcb_hover_state_parent=\"\" class=\"tve_evt_manager_listen tve_ea_thrive_animation tve_et_mouseover tve_anim_grow\" data-id=\"4254\" data-selector=\".post-wrapper\"><style class=\"tcb-post-list-dynamic-style\" type=\"text\/css\">@media (min-width: 300px){[].tcb-post-list #post-4254 []{background-image: url(\u00abhttps:\/\/www.paristouristinformation.fr\/es\/wp-content\/uploads\/2020\/12\/Concorde-Square-at-Sunrise-in-Paris-in-France-cover-1024x538.jpg\u00ab) !important;}[].tcb-post-list #post-4254 []:hover []{background-image: url(\u00abhttps:\/\/www.paristouristinformation.fr\/es\/wp-content\/uploads\/2020\/12\/Concorde-Square-at-Sunrise-in-Paris-in-France-cover-1024x538.jpg\u00ab) !important;}}<\/style><a href=\"https:\/\/www.paristouristinformation.fr\/es\/cosas-que-hacer\/plazas\/\" dynamic-postlink=\"tcb_post_the_permalink\" data-shortcode-id=\"68\"><\/a><\/p>\n<h3 style=\"text-align: center; padding-top: 0px !important; margin-top: 0px !important;\"><span data-attr-link=\"1\" data-attr-rel=\"0\" data-attr-target=\"0\" data-extra_key=\"\" data-option-inline=\"1\" data-shortcode=\"tcb_post_title\" data-shortcode-name=\"Post title\" data-attr-css=\"\" data-attr-static-link=\"{&quot;className&quot;:&quot;tve-froala fr-basic&quot;,&quot;href&quot;:&quot;https:\/\/paristouristinformation.fr\/es\/cosas-que-hacer\/museo\/&quot;,&quot;title&quot;:&quot;Los 30 mejores museos para visitar en Par\u00eds: Entradas, ubicaci\u00f3n &amp; Consejos&quot;,&quot;class&quot;:&quot;tve-froala fr-basic&quot;}\" style=\"\"><a href=\"https:\/\/www.paristouristinformation.fr\/es\/cosas-que-hacer\/plazas\/\" title=\"7 Mejores plazas para ver en Par\u00eds\" data-css=\"\" class=\"tve-froala fr-basic\">7 Mejores plazas para ver en Par\u00eds<\/a><\/span><\/h3>\n<p><\/article><article id=\"post-8635\" class=\"post-8635 page type-page status-publish has-post-thumbnail hentry post-wrapper thrv_wrapper thrive-animated-item  tve_evt_manager_listen tve_ea_thrive_animation tve_et_mouseover tve_anim_grow\" tcb_hover_state_parent=\"\" class=\"tve_evt_manager_listen tve_ea_thrive_animation tve_et_mouseover tve_anim_grow\" data-id=\"8635\" data-selector=\".post-wrapper\"><style class=\"tcb-post-list-dynamic-style\" type=\"text\/css\">@media (min-width: 300px){[].tcb-post-list #post-8635 []{background-image: url(\u00abhttps:\/\/www.paristouristinformation.fr\/es\/wp-content\/uploads\/2021\/07\/Guide-to-Grevin-Museum-in-Paris-1024x538.jpg\u00ab) !important;}[].tcb-post-list #post-8635 []:hover []{background-image: url(\u00abhttps:\/\/www.paristouristinformation.fr\/es\/wp-content\/uploads\/2021\/07\/Guide-to-Grevin-Museum-in-Paris-1024x538.jpg\u00ab) !important;}}<\/style><a href=\"https:\/\/www.paristouristinformation.fr\/es\/cosas-que-hacer\/museo\/grevin\/\" dynamic-postlink=\"tcb_post_the_permalink\" data-shortcode-id=\"68\"><\/a><\/p>\n<h3 style=\"text-align: center; padding-top: 0px !important; margin-top: 0px !important;\"><span data-attr-link=\"1\" data-attr-rel=\"0\" data-attr-target=\"0\" data-extra_key=\"\" data-option-inline=\"1\" data-shortcode=\"tcb_post_title\" data-shortcode-name=\"Post title\" data-attr-css=\"\" data-attr-static-link=\"{&quot;className&quot;:&quot;tve-froala fr-basic&quot;,&quot;href&quot;:&quot;https:\/\/paristouristinformation.fr\/es\/cosas-que-hacer\/museo\/&quot;,&quot;title&quot;:&quot;Los 30 mejores museos para visitar en Par\u00eds: Entradas, ubicaci\u00f3n &amp; Consejos&quot;,&quot;class&quot;:&quot;tve-froala fr-basic&quot;}\" style=\"\"><a href=\"https:\/\/www.paristouristinformation.fr\/es\/cosas-que-hacer\/museo\/grevin\/\" title=\"Gu\u00eda del Museo Gr\u00e9vin de Par\u00eds: Exposiciones y entradas\" data-css=\"\" class=\"tve-froala fr-basic\">Gu\u00eda del Museo Gr\u00e9vin de Par\u00eds: Exposiciones y entradas<\/a><\/span><\/h3>\n<p><\/article><\/div>\n","protected":false},"excerpt":{"rendered":"<p>Durante su visita a la ciudad de Par\u00eds, no podr\u00e1 dejar de visitar el barrio de los artistas llamado Barrio de Montmartre. Montmartre es el barrio de Par\u00eds dedicado a la bohemia, el arte, los sue\u00f1os y las colas de hadas.El Museo de Montmartre es un lugar perfecto para conocer la historia del barrio de [&hellip;]<\/p>\n","protected":false},"author":10,"featured_media":6652,"parent":68,"menu_order":0,"comment_status":"closed","ping_status":"closed","template":"","meta":{"footnotes":""},"tags":[],"class_list":{"0":"post-4049","1":"page","2":"type-page","3":"status-publish","4":"has-post-thumbnail","5":"hentry","6":"post-wrapper","7":"thrv_wrapper","10":"thrive-animated-item"},"wp-worthy-pixel":{"ignored":false,"public":null,"server":null,"url":null},"wp-worthy-type":"normal","_links":{"self":[{"href":"https:\/\/www.paristouristinformation.fr\/es\/wp-json\/wp\/v2\/pages\/4049","targetHints":{"allow":["GET"]}}],"collection":[{"href":"https:\/\/www.paristouristinformation.fr\/es\/wp-json\/wp\/v2\/pages"}],"about":[{"href":"https:\/\/www.paristouristinformation.fr\/es\/wp-json\/wp\/v2\/types\/page"}],"author":[{"embeddable":true,"href":"https:\/\/www.paristouristinformation.fr\/es\/wp-json\/wp\/v2\/users\/10"}],"replies":[{"embeddable":true,"href":"https:\/\/www.paristouristinformation.fr\/es\/wp-json\/wp\/v2\/comments?post=4049"}],"version-history":[{"count":0,"href":"https:\/\/www.paristouristinformation.fr\/es\/wp-json\/wp\/v2\/pages\/4049\/revisions"}],"up":[{"embeddable":true,"href":"https:\/\/www.paristouristinformation.fr\/es\/wp-json\/wp\/v2\/pages\/68"}],"wp:featuredmedia":[{"embeddable":true,"href":"https:\/\/www.paristouristinformation.fr\/es\/wp-json\/wp\/v2\/media\/6652"}],"wp:attachment":[{"href":"https:\/\/www.paristouristinformation.fr\/es\/wp-json\/wp\/v2\/media?parent=4049"}],"wp:term":[{"taxonomy":"post_tag","embeddable":true,"href":"https:\/\/www.paristouristinformation.fr\/es\/wp-json\/wp\/v2\/tags?post=4049"}],"curies":[{"name":"wp","href":"https:\/\/api.w.org\/{rel}","templated":true}]}}