{"id":4058,"date":"2020-12-13T13:42:33","date_gmt":"2020-12-13T13:42:33","guid":{"rendered":"http:\/\/paristouristinformation.fr\/es\/?page_id=4058"},"modified":"2023-05-11T13:19:16","modified_gmt":"2023-05-11T13:19:16","slug":"cimetiere-du-pere-lachaise","status":"publish","type":"page","link":"https:\/\/www.paristouristinformation.fr\/es\/cosas-que-hacer\/parques\/cimetiere-du-pere-lachaise\/","title":{"rendered":"Visite el cementerio m\u00e1s famoso del mundo, el P\u00e8re Lachaise de Par\u00eds"},"content":{"rendered":"<p>Aunque pueda parecer inapropiado visitar un cementerio con otros fines que no sean la visita a un ser querido, el mundialmente conocido Cementerio del P\u00e8re Lachaise es una excepci\u00f3n.De hecho, es el cementerio m\u00e1s visitado del mundo y forma parte de la larga lista de <a href=\"https:\/\/paristouristinformation.fr\/es\/cosas-que-hacer\/\" target=\"_blank\" rel=\"noopener\"><strong>las mejores atracciones que hacer en Par\u00eds<\/strong><\/a><em><strong>.<\/strong><\/em>Llamado simplemente P\u00e8re Lachaise por los lugare\u00f1os, este m\u00edstico lugar que se extiende por 43 hect\u00e1reas es el mayor espacio verde de la capital francesa y contiene m\u00e1s de 70 000 parcelas de enterramiento, entre las que se encuentran muchas celebridades que inspiraron al mundo con sus obras o inventos.En este art\u00edculo, le guiaremos a trav\u00e9s de toda la informaci\u00f3n \u00fatil que debe conocer sobre el Cementerio del P\u00e8re Lachaise.<\/p>\n<h2 id=\"t-1612205347760\" data-alt-text=\"What can I do ?\" style=\"\">\u00bfQu\u00e9 puedo hacer en el Cimeti\u00e8re du P\u00e8re Lachaise?<\/h2>\n<p>Pasear por el mayor parque y el mayor cementerio de Par\u00eds bajo m\u00e1s de 5.000 \u00e1rboles no es s\u00f3lo un paseo, sino un viaje interior. Da una sensaci\u00f3n de museo al aire libre a los visitantes, con encantadoras esculturas en las tumbas. Hay muchos estilos de arte funerario diferentes, como tumbas g\u00f3ticas, mousoleums antiguos y b\u00f3vedas de estilo haussmaniano.Estar tan cerca del lugar de descanso final de estas personas que han dejado obras tan valiosas al mundo en diferentes campos, hace que uno piense en la vida, la muerte, la creaci\u00f3n, la inspiraci\u00f3n. Esta visita puede ser una buena oportunidad para meditar, rezar, enviar intenciones, dibujar algo, escribir un poema o reflexionar sobre su vida&#8230;Si tiene \u00absuerte\u00bb, podr\u00e1 presenciar una de las 3.000 operaciones de enterramiento que se realizan cada a\u00f1o en este activo cementerio.<\/p>\n<p><span><img decoding=\"async\" alt=\"Pere Lachaise Cemetery cover\" data-id=\"4198\" width=\"702\" data-init-width=\"1200\" height=\"368\" data-init-height=\"630\" title=\"Pere Lachaise Cemetery cover\" src=\"http:\/\/paristouristinformation.fr\/es\/wp-content\/uploads\/2020\/12\/Pere-Lachaise-Cemetery-cover.jpg\" data-width=\"702\" data-height=\"368\" data-pin-media=\"http:\/\/paristouristinformation.fr\/es\/wp-content\/uploads\/2021\/03\/prag_50_sehenswuerdigkeiten_pinterest-7.jpg\" data-pin-description=\"Discover the P\u00e8re Lachaise Cemetery of Paris, the most visited cemetery of the world. Who is buried in it? How much is the entrance? Can you get a tour?\" data-pin-url=\"http:\/\/paristouristinformation.fr\/es\/things-to-do\/parks\/cimetiere-du-pere-lachaise\/?tve=true&amp;tcbf=851cd45bdd\" data-pinpro-key=\"bjw8x72w2\" loading=\"lazy\"><\/span><\/p>\n<h2 id=\"t-1612205347761\" data-alt-text=\"Which Famous People are Buried in the Cemetery ?\">\u00bfQu\u00e9 personajes famosos est\u00e1n enterrados en el cementerio del P\u00e8re Lachaise?<\/h2>\n<p style=\"text-align: center;\"><strong data-rich-text-format-boundary=\"true\">\u00abLa vida es algo demasiado importante como para hablar seriamente de ella\u00bb.<\/strong><\/p>\n<p style=\"text-align: center;\">Oscar Wilde<\/p>\n<ul>\n<li>Los escritores y poetas famosos como Oscar Wilde, Marcel Proust, Moliere, Victor Hugo, Allen Kardec, Apollinaire, La Fontaine, Balzac, Colette<\/li>\n<li>Los preminentes acad\u00e9micos como Pierre Bourdieu, Auguste Comte,<\/li>\n<li>Los m\u00fasicos de renombre: Frederic Chopin, Edith Piaf, Jim Morrison, Emmanuel Cabut, Gilbert Becaud<\/li>\n<li>Los maestros de la pintura, como Camille Pissaro, Jacques-Louis David, Eug\u00e8ne Delacroix y Modigliani,<\/li>\n<li>Los cineastas como Claude Chabrol&#8230; son algunos de los personajes de renombre que descansan aqu\u00ed.<\/li>\n<\/ul>\n<p>Consulte aqu\u00ed la larga lista de <a href=\"https:\/\/pere-lachaise.com\/en\/grave\/\" target=\"_blank\" style=\"outline: none;\" rel=\"noopener nofollow\">entierros famosos en Pere Lachaise<\/a><\/p>\n<p>La inscripci\u00f3n en griego antiguo que aparece en la placa de la tumba de Jim Morrison \u00ab\u039a\u03b1\u03c4\u03ac \u03a4\u03bf\u03bd \u0394\u03b1\u03af\u03bc\u03bf\u03bd\u03b1 \u0395\u03b1\u03c5\u03c4\u03bf\u03cd\u00bb puede traducirse como \u00abfiel a su propia alma \/ esp\u00edritu). Esta inscripci\u00f3n se prepar\u00f3 a petici\u00f3n del padre del cantante, que ten\u00eda gran inter\u00e9s en la lengua y los textos del griego antiguo.<\/p>\n<p>Si est\u00e1 planeando su viaje a Par\u00eds ahora mismo, puede beneficiarse de nuestras ofertas en nuestra tienda oficial de <em><strong>entradas de Par\u00eds<\/strong><\/em>. Tenemos grandes y pr\u00e1cticas ofertas con entradas sin cola para todos los <a href=\"https:\/\/paristouristinformation.fr\/es\/cosas-que-hacer\/museo\/\" target=\"_blank\" rel=\"noopener\"><strong>museos importantes de Par\u00eds<\/strong><\/a>. Disfrute de un viaje f\u00e1cil a Par\u00eds.<\/p>\n<p><span><img decoding=\"async\" alt=\"Jim Morrison grave at Pere Lachaise Cemetery\" data-id=\"4201\" width=\"702\" data-init-width=\"1000\" height=\"475\" data-init-height=\"677\" title=\"Jim Morrison grave at Pere Lachaise Cemetery\" src=\"http:\/\/paristouristinformation.fr\/es\/wp-content\/uploads\/2020\/12\/Jim-Morrison-grave-at-Pere-Lachaise-Cemetery.jpg\" data-width=\"702\" data-height=\"475\" data-pin-media=\"http:\/\/paristouristinformation.fr\/es\/wp-content\/uploads\/2021\/03\/prag_50_sehenswuerdigkeiten_pinterest-7.jpg\" data-pin-description=\"Discover the P\u00e8re Lachaise Cemetery of Paris, the most visited cemetery of the world. Who is buried in it? How much is the entrance? Can you get a tour?\" data-pin-url=\"http:\/\/paristouristinformation.fr\/es\/things-to-do\/parks\/cimetiere-du-pere-lachaise\/?tve=true&amp;tcbf=851cd45bdd\" data-pinpro-key=\"nt4dhs6ei\" loading=\"lazy\"><\/span><\/p>\n<h2 id=\"t-1612205347762\" data-alt-text=\"Entrance, Tickets and Tours\" style=\"\">Entrada, billetes y visitas al cementerio del P\u00e8re Lachaise<\/h2>\n<ul>\n<li><span style=\"\"><strong>Entrada : <\/strong>La entrada es gratuita. Es posible obtener un plano del cementerio que muestra la ubicaci\u00f3n de las tumbas famosas desde la entrada. <a href=\"https:\/\/pere-lachaise.com\/en\/useful-informations\/\" style=\"outline: none;\" target=\"_blank\" rel=\"noopener nofollow\">Hay 5 entradas en el cementerio. Haga clic aqu\u00ed para ver las 5 entradas.<\/a><\/span><\/li>\n<li><span><strong>Audiogu\u00eda : <\/strong>Obtenga una <em><strong>audiogu\u00eda descargable del cementerio del P\u00e8re Lachais<\/strong><\/em>e y descubra los misterios del lugar a su ritmo.<\/span><\/li>\n<li><span style=\"\"><strong>Excursiones : <\/strong>Puede unirse a una visita <a href=\"https:\/\/www.getyourguide.com\/discovery\/-l16\/-tc3\/?utm_force=0\" target=\"_blank\" rel=\"noopener nofollow\">guiada de 2 horas a P\u00e8re Lachaise para explorar el cementerio<\/a>. Sin duda, le resultar\u00e1 m\u00e1s f\u00e1cil encontrar los lugares imprescindibles de este gran recinto.<\/span><\/li>\n<\/ul>\n<div class=\"tcb-post-list tve-content-list thrv_wrapper\" data-type=\"grid\" data-pagination-type=\"none\" data-pages_near_current=\"2\" data-css=\"tve-u-1773f617ef8\" data-total_post_count=\"3\" data-total_sticky_count=\"0\" data-no_posts_text=\"There are no posts to display.\"><article id=\"post-2930\" class=\"post-2930 page type-page status-publish has-post-thumbnail hentry post-wrapper thrv_wrapper thrive-animated-item \" tcb_hover_state_parent=\"\" shortcode=\"tcb_post_list\" data-id=\"2930\" data-selector=\".post-wrapper\"><style class=\"tcb-post-list-dynamic-style\" type=\"text\/css\"><\/style><\/p>\n<h3><span><span data-attr-css=\"\" data-attr-link=\"1\" data-attr-rel=\"0\" data-attr-static-link=\"{&quot;className&quot;:&quot;tve-froala fr-basic&quot;,&quot;href&quot;:&quot;http:\/\/paristouristinformation.fr\/es\/things-to-do\/attractions\/&quot;,&quot;title&quot;:&quot;15 Top-Rated Attractions in Paris&quot;,&quot;class&quot;:&quot;tve-froala fr-basic&quot;}\" data-attr-target=\"0\" data-extra_key=\"\" data-option-inline=\"1\" data-shortcode=\"tcb_post_title\" data-shortcode-name=\"Post title\"><a href=\"https:\/\/paristouristinformation.fr\/es\/cosas-que-hacer\/attractions\/\" title=\"15 Top-Rated Attractions in Paris\" style=\"outline: none;\">15 atracciones mejor valoradas de Par\u00eds<\/a><\/span><\/span><\/h3>\n<p><\/article><article id=\"post-5613\" class=\"post-5613 page type-page status-publish has-post-thumbnail hentry post-wrapper thrv_wrapper thrive-animated-item \" tcb_hover_state_parent=\"\" shortcode=\"tcb_post_list\" data-id=\"5613\" data-selector=\".post-wrapper\"><style class=\"tcb-post-list-dynamic-style\" type=\"text\/css\"><\/style><\/p>\n<h3><span><span data-attr-css=\"\" data-attr-link=\"1\" data-attr-rel=\"0\" data-attr-static-link=\"{&quot;className&quot;:&quot;tve-froala fr-basic&quot;,&quot;href&quot;:&quot;http:\/\/paristouristinformation.fr\/es\/things-to-do\/attractions\/&quot;,&quot;title&quot;:&quot;15 Top-Rated Attractions in Paris&quot;,&quot;class&quot;:&quot;tve-froala fr-basic&quot;}\" data-attr-target=\"0\" data-extra_key=\"\" data-option-inline=\"1\" data-shortcode=\"tcb_post_title\" data-shortcode-name=\"Post title\"><a href=\"https:\/\/paristouristinformation.fr\/es\/cosas-que-hacer\/attractions\/\" title=\"15 Top-Rated Attractions in Paris\" style=\"outline: none;\">15 atracciones mejor valoradas de Par\u00eds<\/a><\/span><\/span><\/h3>\n<p><\/article><article id=\"post-5137\" class=\"post-5137 page type-page status-publish has-post-thumbnail hentry post-wrapper thrv_wrapper thrive-animated-item \" tcb_hover_state_parent=\"\" shortcode=\"tcb_post_list\" data-id=\"5137\" data-selector=\".post-wrapper\"><style class=\"tcb-post-list-dynamic-style\" type=\"text\/css\"><\/style><\/p>\n<h3><span><span data-attr-css=\"\" data-attr-link=\"1\" data-attr-rel=\"0\" data-attr-static-link=\"{&quot;className&quot;:&quot;tve-froala fr-basic&quot;,&quot;href&quot;:&quot;http:\/\/paristouristinformation.fr\/es\/things-to-do\/attractions\/&quot;,&quot;title&quot;:&quot;15 Top-Rated Attractions in Paris&quot;,&quot;class&quot;:&quot;tve-froala fr-basic&quot;}\" data-attr-target=\"0\" data-extra_key=\"\" data-option-inline=\"1\" data-shortcode=\"tcb_post_title\" data-shortcode-name=\"Post title\"><a href=\"https:\/\/paristouristinformation.fr\/es\/cosas-que-hacer\/attractions\/\" title=\"15 Top-Rated Attractions in Paris\" style=\"outline: none;\">15 atracciones mejor valoradas de Par\u00eds<\/a><\/span><\/span><\/h3>\n<p><\/article><\/div>\n<h2 id=\"t-1612205347763\" data-alt-text=\"How to get there ?\" style=\"\">\u00bfC\u00f3mo llegar al cementerio del P\u00e8re Lachaise en Par\u00eds?<\/h2>\n<p style=\"\">El Cimeti\u00e8re du P\u00e8re Lachaise se encuentra en el distrito 20 de Par\u00eds.<\/p>\n<ul>\n<li><strong>Metro : <\/strong>La estaci\u00f3n de metro m\u00e1s cercana es Philippe Auguste, de la l\u00ednea 2. Otra opci\u00f3n es la estaci\u00f3n Gambetta de la l\u00ednea 3. Si se baja en la estaci\u00f3n de Gembetta, se camina cuesta abajo para la entrada que es bastante f\u00e1cil.<\/li>\n<li><strong>Autob\u00fas :<\/strong> Puede tomar los n\u00fameros 26, 60, 61, 69 y 102.<\/li>\n<\/ul>\n<h2 id=\"t-1612205347764\" data-alt-text=\"FAQ (Frequently Asked Questions)\" style=\"\">Preguntas frecuentes<\/h2>\n<h2 id=\"t-1612205347765\" data-alt-text=\"History of the Cemetery\" style=\"\">Historia del Cimeti\u00e8re du P\u00e8re Lachaise<\/h2>\n<p><span><img decoding=\"async\" alt=\"History of the Cimeti\u00e8re du P\u00e8re Lachaise in Paris\" data-id=\"6712\" width=\"702\" data-init-width=\"1000\" height=\"468\" data-init-height=\"667\" title=\"History of the Cimeti\u00e8re du P\u00e8re Lachaise in Paris\" src=\"http:\/\/paristouristinformation.fr\/es\/wp-content\/uploads\/2021\/01\/History-of-the-Cimetiere-du-Pere-Lachaise-in-Paris.jpg\" data-width=\"702\" data-height=\"468\" data-pin-media=\"http:\/\/paristouristinformation.fr\/es\/wp-content\/uploads\/2021\/03\/prag_50_sehenswuerdigkeiten_pinterest-7.jpg\" data-pin-description=\"Discover the P\u00e8re Lachaise Cemetery of Paris, the most visited cemetery of the world. Who is buried in it? How much is the entrance? Can you get a tour?\" data-pin-url=\"http:\/\/paristouristinformation.fr\/es\/things-to-do\/parks\/cimetiere-du-pere-lachaise\/?tve=true&amp;tcbf=851cd45bdd\" data-pinpro-key=\"u1tm6130m\" loading=\"lazy\"><\/span><\/p>\n<p>El cementerio se extiende en la ladera de una colina conocida en su d\u00eda como Champ Ev\u00eaque. All\u00ed vivi\u00f3 un pr\u00f3spero comerciante durante el siglo XV. En el siglo XVII, los jesuitas pose\u00edan una casa que les serv\u00eda de refugio. El nombre del cementerio fue dado por Nicolas Frochot, prefecto del Sena, como \u00abP\u00e8re La Chaise\u00bb que resid\u00eda en esta zona. El Padre La Chaise fue un jesuita confesor real del Rey Sol, Luis XIV.Napole\u00f3n el Grande orden\u00f3 la construcci\u00f3n del cementerio en 1804 y 17 hect\u00e1reas de la colina fueron adquiridas por la ciudad de Par\u00eds. El urbanista Alexandre-Th\u00e9odore Brongniart se convirti\u00f3 en el ganador del concurso al presentar el mejor plan para solucionar la superpoblaci\u00f3n de cementerios en el centro de la ciudad.Al principio, los ciudadanos no estaban dispuestos a enterrar a los muertos en este cementerio en esta colina silenciosa y alejada de la vista. Fue dif\u00edcil convencer a los parisinos, especialmente a la clase alta, de que se les enterrara aqu\u00ed. Hicieron una excelente labor de relaciones p\u00fablicas subiendo el precio de las parcelas aqu\u00ed para que s\u00f3lo los ricos pudieran pagarlas. Los esfuerzos del gobernador Nicolas Frochot dieron sus frutos y el inter\u00e9s del p\u00fablico aument\u00f3 con el enterramiento de personajes nobles en poco tiempo. Napole\u00f3n hizo trasladar los restos de Luisa de Lorena, esposa de Enrique III, al nuevo cementerio. Actualmente hay m\u00e1s de un mill\u00f3n de cuerpos enterrados en P\u00e8re Lachaise . Tambi\u00e9n hay restos de muchas personas en el columbario. La secci\u00f3n del crematorio tiene su propia administraci\u00f3n.<\/p>\n<ul>\n<li><span style=\"\">\u00bfNecesita m\u00e1s ideas de actividades divertidas para hacer en Par\u00eds? Consulte nuestra lista de las <a href=\"https:\/\/paristouristinformation.fr\/es\/cosas-que-hacer\/\" target=\"_blank\" rel=\"noopener\"><strong>100 cosas que hay que hacer en Par\u00eds<\/strong><\/a> y no se quede sin descubrimientos incre\u00edbles en Par\u00eds.<\/span><\/li>\n<\/ul>\n<h2 id=\"t-1612205347766\" data-hide=\"true\" style=\"\">Contacte con<\/h2>\n<ul>\n<li><span style=\"\"><strong>Direcci\u00f3n:<\/strong> Porte des Amandiers, boulevard de M\u00e9nilmontant, 16 rue du Repos, 75020 Par\u00eds, Francia<\/span><\/li>\n<li><span style=\"\"><strong>Horario de apertura : <\/strong>De 9:00 a 17:30 (18:00 en verano)<\/span><\/li>\n<li><span style=\"\"><strong>Transporte p\u00fablico :<\/strong><\/span><\/li>\n<li><span><strong>Metro : <\/strong>Philippe Auguste en la l\u00ednea 2. Otra opci\u00f3n es la estaci\u00f3n Gambetta de la l\u00ednea 3.<\/span><\/li>\n<li><span><strong>Autob\u00fas : <\/strong>Puede tomar los n\u00fameros 26, 60, 61, 69 y 102.<\/span><\/li>\n<li style=\"\"><span style=\"\"><strong>P\u00e1gina web: <a href=\"https:\/\/pere-lachaise.com\" target=\"_blank\" style=\"outline: none;\" rel=\"noopener nofollow\">pere-lachaise.com<\/a><\/strong><\/span><\/li>\n<\/ul>\n<h2 style=\"\" id=\"t-1641824898469\">Visitas y entradas a Par\u00eds<\/h2>\n<p style=\"text-align: left;\">Descubra Par\u00eds hoy mismo con las visitas y entradas m\u00e1s preferidas sin tener que hacer cola.<\/p>\n<h2 style=\"\" id=\"t-1641824898470\">Art\u00edculos relacionados:<\/h2>\n<div class=\"tcb-post-list tve-content-list thrv_wrapper\" data-type=\"grid\" data-pagination-type=\"none\" data-pages_near_current=\"2\" data-css=\"tve-u-17dc36177d4\" data-total_post_count=\"8\" data-total_sticky_count=\"0\" data-no_posts_text=\"There are no posts to display.\"><article id=\"post-5613\" class=\"post-5613 page type-page status-publish has-post-thumbnail hentry post-wrapper thrv_wrapper thrive-animated-item  tve_evt_manager_listen tve_ea_thrive_animation tve_et_mouseover tve_anim_grow\" tcb_hover_state_parent=\"\" class=\"tve_evt_manager_listen tve_ea_thrive_animation tve_et_mouseover tve_anim_grow\" data-id=\"5613\" data-selector=\".post-wrapper\"><style class=\"tcb-post-list-dynamic-style\" type=\"text\/css\">@media (min-width: 300px){[].tcb-post-list #post-5613 []{background-image: url(\u00abhttps:\/\/www.paristouristinformation.fr\/es\/wp-content\/uploads\/2021\/01\/12-Theatre-Cabaret-in-Paris-1024x538.jpg\u00ab) !important;}[].tcb-post-list #post-5613 []:hover []{background-image: url(\u00abhttps:\/\/www.paristouristinformation.fr\/es\/wp-content\/uploads\/2021\/01\/12-Theatre-Cabaret-in-Paris-1024x538.jpg\u00ab) !important;}}<\/style><a href=\"https:\/\/www.paristouristinformation.fr\/es\/cosas-que-hacer\/teatros\/\" dynamic-postlink=\"tcb_post_the_permalink\" data-shortcode-id=\"5613\"><\/a><\/p>\n<h3 style=\"text-align: center; padding-top: 0px !important; margin-top: 0px !important;\"><span data-attr-link=\"1\" data-attr-rel=\"0\" data-attr-target=\"0\" data-extra_key=\"\" data-option-inline=\"1\" data-shortcode=\"tcb_post_title\" data-shortcode-name=\"Post title\" data-attr-css=\"\" data-attr-static-link=\"{&quot;className&quot;:&quot;tve-froala fr-basic&quot;,&quot;href&quot;:&quot;https:\/\/paristouristinformation.fr\/es\/cosas-que-hacer\/teatros\/&quot;,&quot;title&quot;:&quot;12 teatros y cabarets para espect\u00e1culos en Par\u00eds ((con entradas))&quot;,&quot;class&quot;:&quot;tve-froala fr-basic&quot;}\" style=\"\"><a href=\"https:\/\/www.paristouristinformation.fr\/es\/cosas-que-hacer\/teatros\/\" title=\"12 Teatros y cabarets para espect\u00e1culos en Par\u00eds [con entradas]\" data-css=\"\" class=\"tve-froala fr-basic\">12 Teatros y cabarets para espect\u00e1culos en Par\u00eds [con entradas]<\/a><\/span><\/h3>\n<p><\/article><article id=\"post-5137\" class=\"post-5137 page type-page status-publish has-post-thumbnail hentry post-wrapper thrv_wrapper thrive-animated-item  tve_evt_manager_listen tve_ea_thrive_animation tve_et_mouseover tve_anim_grow\" tcb_hover_state_parent=\"\" class=\"tve_evt_manager_listen tve_ea_thrive_animation tve_et_mouseover tve_anim_grow\" data-id=\"5137\" data-selector=\".post-wrapper\"><style class=\"tcb-post-list-dynamic-style\" type=\"text\/css\">@media (min-width: 300px){[].tcb-post-list #post-5137 []{background-image: url(\u00abhttps:\/\/www.paristouristinformation.fr\/es\/wp-content\/uploads\/2021\/01\/12-most-visited-Churches-in-Paris-in-France-1024x538.jpg\u00ab) !important;}[].tcb-post-list #post-5137 []:hover []{background-image: url(\u00abhttps:\/\/www.paristouristinformation.fr\/es\/wp-content\/uploads\/2021\/01\/12-most-visited-Churches-in-Paris-in-France-1024x538.jpg\u00ab) !important;}}<\/style><a href=\"https:\/\/www.paristouristinformation.fr\/es\/cosas-que-hacer\/iglesia\/\" dynamic-postlink=\"tcb_post_the_permalink\" data-shortcode-id=\"5613\"><\/a><\/p>\n<h3 style=\"text-align: center; padding-top: 0px !important; margin-top: 0px !important;\"><span data-attr-link=\"1\" data-attr-rel=\"0\" data-attr-target=\"0\" data-extra_key=\"\" data-option-inline=\"1\" data-shortcode=\"tcb_post_title\" data-shortcode-name=\"Post title\" data-attr-css=\"\" data-attr-static-link=\"{&quot;className&quot;:&quot;tve-froala fr-basic&quot;,&quot;href&quot;:&quot;https:\/\/paristouristinformation.fr\/es\/cosas-que-hacer\/teatros\/&quot;,&quot;title&quot;:&quot;12 teatros y cabarets para espect\u00e1culos en Par\u00eds ((con entradas))&quot;,&quot;class&quot;:&quot;tve-froala fr-basic&quot;}\" style=\"\"><a href=\"https:\/\/www.paristouristinformation.fr\/es\/cosas-que-hacer\/iglesia\/\" title=\"12 Iglesias m\u00e1s visitadas de Par\u00eds [con entradas].\" data-css=\"\" class=\"tve-froala fr-basic\">12 Iglesias m\u00e1s visitadas de Par\u00eds [con entradas].<\/a><\/span><\/h3>\n<p><\/article><article id=\"post-426\" class=\"post-426 page type-page status-publish has-post-thumbnail hentry post-wrapper thrv_wrapper thrive-animated-item  tve_evt_manager_listen tve_ea_thrive_animation tve_et_mouseover tve_anim_grow\" tcb_hover_state_parent=\"\" class=\"tve_evt_manager_listen tve_ea_thrive_animation tve_et_mouseover tve_anim_grow\" data-id=\"426\" data-selector=\".post-wrapper\"><style class=\"tcb-post-list-dynamic-style\" type=\"text\/css\">@media (min-width: 300px){[].tcb-post-list #post-426 []{background-image: url(\u00abhttps:\/\/www.paristouristinformation.fr\/es\/wp-content\/uploads\/2021\/01\/10-Best-Shopping-Centers-in-Paris-EN-1024x538.jpg\u00ab) !important;}[].tcb-post-list #post-426 []:hover []{background-image: url(\u00abhttps:\/\/www.paristouristinformation.fr\/es\/wp-content\/uploads\/2021\/01\/10-Best-Shopping-Centers-in-Paris-EN-1024x538.jpg\u00ab) !important;}}<\/style><a href=\"https:\/\/www.paristouristinformation.fr\/es\/compras\/centro\/\" dynamic-postlink=\"tcb_post_the_permalink\" data-shortcode-id=\"5613\"><\/a><\/p>\n<h3 style=\"text-align: center; padding-top: 0px !important; margin-top: 0px !important;\"><span data-attr-link=\"1\" data-attr-rel=\"0\" data-attr-target=\"0\" data-extra_key=\"\" data-option-inline=\"1\" data-shortcode=\"tcb_post_title\" data-shortcode-name=\"Post title\" data-attr-css=\"\" data-attr-static-link=\"{&quot;className&quot;:&quot;tve-froala fr-basic&quot;,&quot;href&quot;:&quot;https:\/\/paristouristinformation.fr\/es\/cosas-que-hacer\/teatros\/&quot;,&quot;title&quot;:&quot;12 teatros y cabarets para espect\u00e1culos en Par\u00eds ((con entradas))&quot;,&quot;class&quot;:&quot;tve-froala fr-basic&quot;}\" style=\"\"><a href=\"https:\/\/www.paristouristinformation.fr\/es\/compras\/centro\/\" title=\"10 Mejores centros comerciales de Par\u00eds\" data-css=\"\" class=\"tve-froala fr-basic\">10 Mejores centros comerciales de Par\u00eds<\/a><\/span><\/h3>\n<p><\/article><article id=\"post-78\" class=\"post-78 page type-page status-publish has-post-thumbnail hentry post-wrapper thrv_wrapper thrive-animated-item  tve_evt_manager_listen tve_ea_thrive_animation tve_et_mouseover tve_anim_grow\" tcb_hover_state_parent=\"\" class=\"tve_evt_manager_listen tve_ea_thrive_animation tve_et_mouseover tve_anim_grow\" data-id=\"78\" data-selector=\".post-wrapper\"><style class=\"tcb-post-list-dynamic-style\" type=\"text\/css\">@media (min-width: 300px){[].tcb-post-list #post-78 []{background-image: url(\u00abhttps:\/\/www.paristouristinformation.fr\/es\/wp-content\/uploads\/2021\/01\/27-Things-to-do-with-Kids-in-Paris-in-France-1024x538.jpg\u00ab) !important;}[].tcb-post-list #post-78 []:hover []{background-image: url(\u00abhttps:\/\/www.paristouristinformation.fr\/es\/wp-content\/uploads\/2021\/01\/27-Things-to-do-with-Kids-in-Paris-in-France-1024x538.jpg\u00ab) !important;}}<\/style><a href=\"https:\/\/www.paristouristinformation.fr\/es\/cosas-que-hacer\/para-ninos\/\" dynamic-postlink=\"tcb_post_the_permalink\" data-shortcode-id=\"5613\"><\/a><\/p>\n<h3 style=\"text-align: center; padding-top: 0px !important; margin-top: 0px !important;\"><span data-attr-link=\"1\" data-attr-rel=\"0\" data-attr-target=\"0\" data-extra_key=\"\" data-option-inline=\"1\" data-shortcode=\"tcb_post_title\" data-shortcode-name=\"Post title\" data-attr-css=\"\" data-attr-static-link=\"{&quot;className&quot;:&quot;tve-froala fr-basic&quot;,&quot;href&quot;:&quot;https:\/\/paristouristinformation.fr\/es\/cosas-que-hacer\/teatros\/&quot;,&quot;title&quot;:&quot;12 teatros y cabarets para espect\u00e1culos en Par\u00eds ((con entradas))&quot;,&quot;class&quot;:&quot;tve-froala fr-basic&quot;}\" style=\"\"><a href=\"https:\/\/www.paristouristinformation.fr\/es\/cosas-que-hacer\/para-ninos\/\" title=\"27 Cosas que hacer con ni\u00f1os en Par\u00eds\" data-css=\"\" class=\"tve-froala fr-basic\">27 Cosas que hacer con ni\u00f1os en Par\u00eds<\/a><\/span><\/h3>\n<p><\/article><\/div>\n","protected":false},"excerpt":{"rendered":"<p>Aunque pueda parecer inapropiado visitar un cementerio con otros fines que no sean la visita a un ser querido, el mundialmente conocido Cementerio del P\u00e8re Lachaise es una excepci\u00f3n.De hecho, es el cementerio m\u00e1s visitado del mundo y forma parte de la larga lista de las mejores atracciones que hacer en Par\u00eds.Llamado simplemente P\u00e8re Lachaise [&hellip;]<\/p>\n","protected":false},"author":10,"featured_media":6710,"parent":4347,"menu_order":0,"comment_status":"closed","ping_status":"closed","template":"","meta":{"footnotes":""},"tags":[],"class_list":{"0":"post-4058","1":"page","2":"type-page","3":"status-publish","4":"has-post-thumbnail","5":"hentry","6":"post-wrapper","7":"thrv_wrapper","10":"thrive-animated-item"},"wp-worthy-pixel":{"ignored":false,"public":null,"server":null,"url":null},"wp-worthy-type":"normal","_links":{"self":[{"href":"https:\/\/www.paristouristinformation.fr\/es\/wp-json\/wp\/v2\/pages\/4058","targetHints":{"allow":["GET"]}}],"collection":[{"href":"https:\/\/www.paristouristinformation.fr\/es\/wp-json\/wp\/v2\/pages"}],"about":[{"href":"https:\/\/www.paristouristinformation.fr\/es\/wp-json\/wp\/v2\/types\/page"}],"author":[{"embeddable":true,"href":"https:\/\/www.paristouristinformation.fr\/es\/wp-json\/wp\/v2\/users\/10"}],"replies":[{"embeddable":true,"href":"https:\/\/www.paristouristinformation.fr\/es\/wp-json\/wp\/v2\/comments?post=4058"}],"version-history":[{"count":0,"href":"https:\/\/www.paristouristinformation.fr\/es\/wp-json\/wp\/v2\/pages\/4058\/revisions"}],"up":[{"embeddable":true,"href":"https:\/\/www.paristouristinformation.fr\/es\/wp-json\/wp\/v2\/pages\/4347"}],"wp:featuredmedia":[{"embeddable":true,"href":"https:\/\/www.paristouristinformation.fr\/es\/wp-json\/wp\/v2\/media\/6710"}],"wp:attachment":[{"href":"https:\/\/www.paristouristinformation.fr\/es\/wp-json\/wp\/v2\/media?parent=4058"}],"wp:term":[{"taxonomy":"post_tag","embeddable":true,"href":"https:\/\/www.paristouristinformation.fr\/es\/wp-json\/wp\/v2\/tags?post=4058"}],"curies":[{"name":"wp","href":"https:\/\/api.w.org\/{rel}","templated":true}]}}