{"id":4140,"date":"2020-12-15T09:23:23","date_gmt":"2020-12-15T09:23:23","guid":{"rendered":"http:\/\/paristouristinformation.fr\/es\/gruppenreisen\/clone-of-teambuilding\/"},"modified":"2023-05-12T08:40:28","modified_gmt":"2023-05-12T08:40:28","slug":"creacion-de-equipos","status":"publish","type":"page","link":"https:\/\/www.paristouristinformation.fr\/es\/viajes-en-grupo\/creacion-de-equipos\/","title":{"rendered":"Team Building en Par\u00eds: las mejores ideas y consejos de organizaci\u00f3n"},"content":{"rendered":"<h1>Team Building en Par\u00eds: 10 mejores ideas y consejos de organizaci\u00f3n<\/h1>\n<p>Team Building en Par\u00eds: Las mejores ideas y consejos de organizaci\u00f3n. \u00bfC\u00f3mo planearlo? \u00bfD\u00f3nde planearlo y qu\u00e9 actividades realizar? En esta p\u00e1gina encontrar\u00e1 toda la informaci\u00f3n que necesita para planificar f\u00e1cilmente sus eventos en la capital francesa.<\/p>\n<ul>\n<li style=\"\"><span style=\"\">+43 614 233 066 70<\/span><\/li>\n<li style=\"\"><span style=\"\"><span data-attr-id=\"17\" data-extra_key=\"1\" data-option-inline=\"1\" data-shortcode=\"thrive_global_fields\" data-shortcode-name=\"[Company] MICE E-Mail\" style=\"\"><\/span><\/span><\/li>\n<\/ul>\n<h2 style=\"text-align: center;\">\u00bfQu\u00e9 evento de Team Building me conviene?<\/h2>\n<p>Un buen evento de equipo recompensa a los empleados, los relaja e integra a los nuevos compa\u00f1eros en la empresa.La comunicaci\u00f3n personal es importante en tiempos de r\u00e1pido cambio. Tambi\u00e9n desempe\u00f1a un papel especialmente importante para los empleados que trabajan desde casa o sufren de estr\u00e9s.Junto con nuestros expertos, analizaremos sus necesidades y le enviaremos una oferta sin compromiso en un plazo de 24 a 48 horas. Se pueden organizar eventos adecuados para grupos de todos los tama\u00f1os, incluidas las reuniones.<\/p>\n<h3>Agencia de servicios completos<\/h3>\n<p>Con nosotros, en la Oficina de Turismo de Par\u00eds, todo el programa de acompa\u00f1amiento es posible de una sola mano. Desde el autob\u00fas del aeropuerto hasta el hotel de la conferencia y el catering, podemos encargarnos de todo el proceso.<\/p>\n<ul>\n<li style=\"\"><span><strong>Atenci\u00f3n al cliente 24 horas al d\u00eda, 7 d\u00edas a la semana<\/strong><\/span><\/li>\n<li style=\"\"><span><strong>Consulta individual<\/strong><\/span><\/li>\n<li style=\"\"><span><strong>Todo el programa de acompa\u00f1amiento<\/strong><\/span><\/li>\n<\/ul>\n<h2 style=\"\">Preguntas frecuentes:<\/h2>\n<h2 style=\"text-align: center;\">\u00bfCl\u00e1sico o individual?<\/h2>\n<p style=\"text-align: center;\">Aqu\u00ed est\u00e1n nuestras 10 actividades m\u00e1s vendidas en Par\u00eds :<\/p>\n<h3 style=\"\">1. B\u00fasqueda del tesoro<\/h3>\n<p style=\"\">En medio del bullicio de Par\u00eds, siga las pistas, trabaje en equipo y descubra Par\u00eds y sus atracciones especiales en el proceso. \u00bfQu\u00e9 equipo llegar\u00e1 primero a la meta y ser\u00e1 elegido como ganador?<\/p>\n<h3 style=\"\">2. Casino del Vino<\/h3>\n<p style=\"\">Esta prestigiosa actividad permitir\u00e1 a su equipo disfrutar de la degustaci\u00f3n de vino, cerveza y chocolates de forma l\u00fadica e interactiva. Especialmente adecuada para una cena de gala.<\/p>\n<h3 style=\"\">3. Habitaci\u00f3n virtual Par\u00eds<\/h3>\n<p style=\"\">Esta aventura de realidad virtual, en la que hay que salvar el mundo, promueve la cooperaci\u00f3n, la comunicaci\u00f3n y el apoyo mutuo. \u00a1La m\u00e1xima emoci\u00f3n con un factor sorpresa!<\/p>\n<h3 style=\"\">4. Taller de perfumer\u00eda<\/h3>\n<p style=\"\">Cree su propio perfume en este evento creativo en grupo. \u00bfQu\u00e9 mejor lugar para sumergirse en el mundo de las fragancias que Par\u00eds?<\/p>\n<h3 style=\"\">5. Tour gastron\u00f3mico por Par\u00eds<\/h3>\n<p style=\"\">Un gu\u00eda local muestra al grupo los mejores restaurantes de la ciudad. La visita a pie no s\u00f3lo permite conocer la cocina francesa y el propio Par\u00eds, sino que tambi\u00e9n crea recuerdos duraderos.<\/p>\n<h3 style=\"\">6. L\u00e1ser Tag<\/h3>\n<p style=\"\">\u00a1Un evento de team building con un alto factor de diversi\u00f3n! Adem\u00e1s, se refuerza el trabajo en equipo, la comunicaci\u00f3n y el apoyo.<\/p>\n<h3 style=\"\">7. Taller de danza del vientre<\/h3>\n<p style=\"\">Por supuesto, tambi\u00e9n es adecuado para los hombres, para que tambi\u00e9n puedan rodar sus caderas. Las risas, las carcajadas y la diversi\u00f3n est\u00e1n garantizadas. \u00bfQui\u00e9n se atreve primero? El evento tambi\u00e9n es posible en sus propias salas de conferencias.<\/p>\n<h3 style=\"\">8. Escape Room<\/h3>\n<p style=\"\">Para encontrar la salida de tu Escape Room en Par\u00eds, es necesaria la cooperaci\u00f3n. Los dif\u00edciles rompecabezas y la carrera contra el tiempo hacen que la fuga sea bastante dif\u00edcil.<\/p>\n<h3 style=\"\">9. P\u00e9tanque<\/h3>\n<p style=\"\">Este deporte de precisi\u00f3n franc\u00e9s, similar al juego de la petanca, es una divertida experiencia de grupo. Haga que varios equipos compitan entre s\u00ed en un torneo. La pista puede instalarse en cualquier lugar llano.<\/p>\n<h3 style=\"\">10. Los cl\u00e1sicos<\/h3>\n<p style=\"\">\u00bfConstruir una balsa? \u00bfCaminata sobre el fuego? \u00bfJuegos de las Tierras Altas? \u00bfKaraoke? Por supuesto, tambi\u00e9n podemos organizar eventos cl\u00e1sicos. Adem\u00e1s, hay muchas otras posibilidades de eventos individuales de team building.<\/p>\n<h2 style=\"text-align: center;\">El prop\u00f3sito de los eventos de Team Buildingm.<\/h2>\n<p>Debido a la rapidez de los tiempos, el trabajo diario y el trabajo desde casa, a menudo no hay tiempo suficiente para conocer a los compa\u00f1eros.Hay que cultivar las relaciones.Los eventos de creaci\u00f3n de equipos crean momentos inolvidables de creatividad y disfrute mutuos. El esp\u00edritu de equipo garantiza una buena comunicaci\u00f3n. Con el evento adecuado, incluso los empleados t\u00edmidos se integran en el grupo.\u00bfQuiz\u00e1s esto cree una nueva base de discusi\u00f3n en la empresa? Un evento tambi\u00e9n hace m\u00e1s llevaderas las largas reuniones.Estaremos encantados de ayudarle a elegir el evento de team building adecuado.<\/p>\n<h3>De una sola fuente:<\/h3>\n<ul>\n<li style=\"\"><span style=\"\"><strong>Todo el programa de acompa\u00f1amiento: <\/strong>Desde el autob\u00fas del aeropuerto a los lugares del evento y los hoteles hasta el catering, todo es posible.<\/span><\/li>\n<li><span><strong>Todo el programa de acompa\u00f1amiento: <\/strong>Desde el autob\u00fas del aeropuerto a los lugares del evento y los hoteles hasta el catering, todo es posible.<\/span><\/li>\n<li><span><strong>Consulta individual: <\/strong>Tras recibir su consulta, analizaremos sus requisitos y le enviaremos una oferta adaptada a sus necesidades en un plazo de 24 a 48 horas.<\/span><\/li>\n<\/ul>\n<h2 style=\"text-align: center;\">Consulta inicial gratuita<\/h2>\n<p style=\"text-align: center;\">Estaremos encantados de hablar sobre sus expectativas. Puede ponerse en contacto con nosotros por tel\u00e9fono en [Empresa] MICE Telefon, por correo electr\u00f3nico en [Empresa] MICE E-Mail o mediante el formulario de contacto.<\/p>\n","protected":false},"excerpt":{"rendered":"<p>Team Building en Par\u00eds: 10 mejores ideas y consejos de organizaci\u00f3n Team Building en Par\u00eds: Las mejores ideas y consejos de organizaci\u00f3n. \u00bfC\u00f3mo planearlo? \u00bfD\u00f3nde planearlo y qu\u00e9 actividades realizar? En esta p\u00e1gina encontrar\u00e1 toda la informaci\u00f3n que necesita para planificar f\u00e1cilmente sus eventos en la capital francesa. +43 614 233 066 70 \u00bfQu\u00e9 evento [&hellip;]<\/p>\n","protected":false},"author":9,"featured_media":4783,"parent":3970,"menu_order":0,"comment_status":"closed","ping_status":"closed","template":"","meta":{"footnotes":""},"tags":[],"class_list":["post-4140","page","type-page","status-publish","has-post-thumbnail","hentry","post-wrapper","thrv_wrapper"],"wp-worthy-pixel":{"ignored":false,"public":null,"server":null,"url":null},"wp-worthy-type":"normal","_links":{"self":[{"href":"https:\/\/www.paristouristinformation.fr\/es\/wp-json\/wp\/v2\/pages\/4140","targetHints":{"allow":["GET"]}}],"collection":[{"href":"https:\/\/www.paristouristinformation.fr\/es\/wp-json\/wp\/v2\/pages"}],"about":[{"href":"https:\/\/www.paristouristinformation.fr\/es\/wp-json\/wp\/v2\/types\/page"}],"author":[{"embeddable":true,"href":"https:\/\/www.paristouristinformation.fr\/es\/wp-json\/wp\/v2\/users\/9"}],"replies":[{"embeddable":true,"href":"https:\/\/www.paristouristinformation.fr\/es\/wp-json\/wp\/v2\/comments?post=4140"}],"version-history":[{"count":0,"href":"https:\/\/www.paristouristinformation.fr\/es\/wp-json\/wp\/v2\/pages\/4140\/revisions"}],"up":[{"embeddable":true,"href":"https:\/\/www.paristouristinformation.fr\/es\/wp-json\/wp\/v2\/pages\/3970"}],"wp:featuredmedia":[{"embeddable":true,"href":"https:\/\/www.paristouristinformation.fr\/es\/wp-json\/wp\/v2\/media\/4783"}],"wp:attachment":[{"href":"https:\/\/www.paristouristinformation.fr\/es\/wp-json\/wp\/v2\/media?parent=4140"}],"wp:term":[{"taxonomy":"post_tag","embeddable":true,"href":"https:\/\/www.paristouristinformation.fr\/es\/wp-json\/wp\/v2\/tags?post=4140"}],"curies":[{"name":"wp","href":"https:\/\/api.w.org\/{rel}","templated":true}]}}