{"id":416,"date":"2020-12-26T01:04:14","date_gmt":"2020-12-26T01:04:14","guid":{"rendered":"http:\/\/paristouristinformation.fr\/es\/?page_id=416"},"modified":"2023-05-12T09:00:01","modified_gmt":"2023-05-12T09:00:01","slug":"romantico","status":"publish","type":"page","link":"https:\/\/www.paristouristinformation.fr\/es\/restaurantes\/romantico\/","title":{"rendered":"7 Restaurantes rom\u00e1nticos para una cita en Par\u00eds"},"content":{"rendered":"<p style=\"\">Par\u00eds es conocida como la ciudad de las luces, el arte, la historia y el amor. Hay muchos rincones especiales de Par\u00eds que hacen que los momentos de las parejas viajeras sean memorables.El escenario puede ser una vista perfecta desde un lugar elevado o una calle vintage con cierto car\u00e1cter. Pero, sin duda, un restaurante franc\u00e9s es el mejor fen\u00f3meno para combinar con el romance en Par\u00eds.Por ello, hemos elaborado una lista para que se haga una idea de las posibilidades mientras busca un lugar agradable para comer con su pareja.\u00a1Divi\u00e9rtase!<\/p>\n<p>Antes de empezar, le recordamos nuestra lista de los <a href=\"https:\/\/paristouristinformation.fr\/es\/hotel\/luna-de-miel\/\" target=\"_blank\" rel=\"noopener\"><strong><span style=\"text-decoration: underline;\">15 hoteles para una luna de miel perfecta en Par\u00eds<\/span><\/strong>.<\/a> Esta lista le dejar\u00e1 boquiabierto&#8230; \u00a1Que la disfruten!<\/p>\n<h2 id=\"t-1612198614190\" style=\"\">1. La Terrasse at H\u00f4tel Raphael<\/h2>\n<blockquote data-instgrm-permalink=\"https:\/\/www.instagram.com\/p\/BziZq5SIYth\/?utm_source=ig_embed&amp;utm_campaign=loading\" data-instgrm-version=\"13\" style=\" background:#FFF; border:0; border-radius:3px; box-shadow:0 0 1px 0 rgba(0,0,0,0.5),0 1px 10px 0 rgba(0,0,0,0.15); margin: 1px; max-width:750px; min-width:326px; padding:0; width:99.375%; width:-webkit-calc(100% - 2px); width:calc(100% - 2px);\"><p> <a href=\"https:\/\/www.instagram.com\/p\/BziZq5SIYth\/?utm_source=ig_embed&amp;utm_campaign=loading\" target=\"_blank\" rel=\"noopener nofollow\">        Bu g\u00f6nderiyi Instagram&#8217;da g\u00f6r            <\/a><\/p>\n<p style=\" color:#c9c8cd; font-family:Arial,sans-serif; font-size:14px; line-height:17px; margin-bottom:0; margin-top:8px; overflow:hidden; padding:8px 0 7px; text-align:center; text-overflow:ellipsis; white-space:nowrap;\"><a href=\"https:\/\/www.instagram.com\/p\/BziZq5SIYth\/?utm_source=ig_embed&amp;utm_campaign=loading\" target=\"_blank\" rel=\"noopener nofollow\">Hotel Raphael Paris (@hotelraphaelparis)&#8217;in payla\u015ft\u0131\u011f\u0131 bir g\u00f6nderi<\/a><\/p>\n<\/blockquote>\n<p>[tcb-script async=\u00bb\u00bb src=\u00bb\/\/www.instagram.com\/embed.js\u00bb][\/tcb-script]<\/p>\n<p>El Hotel Raphael es casi vecino del <a href=\"https:\/\/paristouristinformation.fr\/es\/cosas-que-hacer\/atracciones\/arco-de-triunfo\/\" target=\"_blank\" rel=\"noopener\"><strong>Arco del Triunfo<\/strong><\/a> en la <a href=\"https:\/\/paristouristinformation.fr\/es\/cosas-que-hacer\/avenue-des-champs-elysees\/\" target=\"_blank\" rel=\"noopener\"><strong>Avenida de los Campos El\u00edseos<\/strong><\/a>. Su 7\u00aa planta alberga uno de los mejores lugares de la azotea. Es un jard\u00edn verde con vistas desde la <a href=\"https:\/\/paristouristinformation.fr\/es\/cosas-que-hacer\/torre-eiffel\/\" target=\"_blank\" rel=\"noopener\"><strong>Torre Eiffel<\/strong> <\/a>hasta la <a href=\"https:\/\/paristouristinformation.fr\/es\/cosas-que-hacer\/iglesia\/sacre-coeur-basilica\/\" target=\"_blank\" rel=\"noopener\"><strong>Bas\u00edlica del Sacr\u00e9-Coeur.<\/strong><\/a><\/p>\n<p>El bar de champ\u00e1n y el restaurante suelen abrir entre abril y septiembre. En resumen, La Terrasse es una buena opci\u00f3n cuando hace buen tiempo. Este lugar ofrece diversas especialidades de la cocina francesa cl\u00e1sica en un ambiente a la vez acogedor y lujoso.<\/p>\n<h2 id=\"t-1612198614191\" style=\"\">2. Les Ombres<\/h2>\n<blockquote data-instgrm-permalink=\"https:\/\/www.instagram.com\/p\/BurUdAEHgTI\/?utm_source=ig_embed&amp;utm_campaign=loading\" data-instgrm-version=\"13\" style=\" background:#FFF; border:0; border-radius:3px; box-shadow:0 0 1px 0 rgba(0,0,0,0.5),0 1px 10px 0 rgba(0,0,0,0.15); margin: 1px; max-width:750px; min-width:326px; padding:0; width:99.375%; width:-webkit-calc(100% - 2px); width:calc(100% - 2px);\"><p> <a href=\"https:\/\/www.instagram.com\/p\/BurUdAEHgTI\/?utm_source=ig_embed&amp;utm_campaign=loading\" target=\"_blank\" rel=\"noopener nofollow\">        Bu g\u00f6nderiyi Instagram&#8217;da g\u00f6r            <\/a><\/p>\n<p style=\" color:#c9c8cd; font-family:Arial,sans-serif; font-size:14px; line-height:17px; margin-bottom:0; margin-top:8px; overflow:hidden; padding:8px 0 7px; text-align:center; text-overflow:ellipsis; white-space:nowrap;\"><a href=\"https:\/\/www.instagram.com\/p\/BurUdAEHgTI\/?utm_source=ig_embed&amp;utm_campaign=loading\" target=\"_blank\" rel=\"noopener nofollow\">travelhouse (@travelhousecy)&#8217;in payla\u015ft\u0131\u011f\u0131 bir g\u00f6nderi<\/a><\/p>\n<\/blockquote>\n<p>[tcb-script async=\u00bb\u00bb src=\u00bb\/\/www.instagram.com\/embed.js\u00bb][\/tcb-script]<\/p>\n<p>Les Ombres est\u00e1 en nuestra lista para los viajeros que buscan una opci\u00f3n con una perfecta vista de la Torre Eiffel desde el otro lado del r\u00edo. Est\u00e1 dentro del <a href=\"https:\/\/paristouristinformation.fr\/es\/cosas-que-hacer\/museo\/musee-du-quai-branly\/\" target=\"_blank\" rel=\"noopener\"><strong>Museo Quai Branly<\/strong><\/a>, que alberga la mejor colecci\u00f3n de objetos no europeos de todo el mundo. Esta terraza est\u00e1 abierta todo el d\u00eda, independientemente de la apertura o el cierre del Museo. Les Ombres presenta una cocina mundial contempor\u00e1nea de la mano de un maestro franc\u00e9s.<\/p>\n<h2 id=\"t-1612198614192\">3. Les Deux Magots<\/h2>\n<blockquote data-instgrm-permalink=\"https:\/\/www.instagram.com\/p\/CJCBHxBhCf-\/?utm_source=ig_embed&amp;utm_campaign=loading\" data-instgrm-version=\"13\" style=\" background:#FFF; border:0; border-radius:3px; box-shadow:0 0 1px 0 rgba(0,0,0,0.5),0 1px 10px 0 rgba(0,0,0,0.15); margin: 1px; max-width:750px; min-width:326px; padding:0; width:99.375%; width:-webkit-calc(100% - 2px); width:calc(100% - 2px);\"><p> <a href=\"https:\/\/www.instagram.com\/p\/CJCBHxBhCf-\/?utm_source=ig_embed&amp;utm_campaign=loading\" target=\"_blank\" rel=\"noopener nofollow\">        Bu g\u00f6nderiyi Instagram&#8217;da g\u00f6r            <\/a><\/p>\n<p style=\" color:#c9c8cd; font-family:Arial,sans-serif; font-size:14px; line-height:17px; margin-bottom:0; margin-top:8px; overflow:hidden; padding:8px 0 7px; text-align:center; text-overflow:ellipsis; white-space:nowrap;\"><a href=\"https:\/\/www.instagram.com\/p\/CJCBHxBhCf-\/?utm_source=ig_embed&amp;utm_campaign=loading\" target=\"_blank\" rel=\"noopener nofollow\">Matthieu (@checkmatt59)&#8217;in payla\u015ft\u0131\u011f\u0131 bir g\u00f6nderi<\/a><\/p>\n<\/blockquote>\n<p>[tcb-script async=\u00bb\u00bb src=\u00bb\/\/www.instagram.com\/embed.js\u00bb][\/tcb-script]<\/p>\n<p>Les Deux Magots ha sido el templo de intelectuales, artistas y fil\u00f3sofos de fama mundial en Par\u00eds. Entre ellos, una pareja ha dejado su huella como s\u00edmbolo del amor bohemio en Par\u00eds: Simone de Beauvoir y Jean Paul Sartre. Oscar Wilde y Albert Camus tambi\u00e9n figuraban entre los frecuentadores del lugar.Si va a visitar Saint Germain o el<em><strong>&nbsp;<\/strong><\/em><a href=\"https:\/\/paristouristinformation.fr\/es\/cosas-que-hacer\/districts\/barrio-latino\/\" target=\"_blank\" rel=\"noopener\"><strong>Quartier Latin<\/strong>,<\/a> es muy recomendable tomar un caf\u00e9 o almorzar como una fenomenal pareja rom\u00e1ntica de Par\u00eds en este caf\u00e9 de lo m\u00e1s tradicional de la ciudad. Adem\u00e1s, si asiste a una actuaci\u00f3n de jazz, podr\u00e1 ser testigo de una perfecta velada parisina. Por \u00faltimo, pero no por ello menos importante, la calidad de la comida es tambi\u00e9n muy buena.<\/p>\n<h2 id=\"t-1612198614193\" style=\"\">4. Le Valentin<\/h2>\n<blockquote data-instgrm-permalink=\"https:\/\/www.instagram.com\/p\/CIyPJnGhZWw\/?utm_source=ig_embed&amp;utm_campaign=loading\" data-instgrm-version=\"13\" style=\" background:#FFF; border:0; border-radius:3px; box-shadow:0 0 1px 0 rgba(0,0,0,0.5),0 1px 10px 0 rgba(0,0,0,0.15); margin: 1px; max-width:750px; min-width:326px; padding:0; width:99.375%; width:-webkit-calc(100% - 2px); width:calc(100% - 2px);\"><p> <a href=\"https:\/\/www.instagram.com\/p\/CIyPJnGhZWw\/?utm_source=ig_embed&amp;utm_campaign=loading\" target=\"_blank\" rel=\"noopener nofollow\">        Bu g\u00f6nderiyi Instagram&#8217;da g\u00f6r            <\/a><\/p>\n<p style=\" color:#c9c8cd; font-family:Arial,sans-serif; font-size:14px; line-height:17px; margin-bottom:0; margin-top:8px; overflow:hidden; padding:8px 0 7px; text-align:center; text-overflow:ellipsis; white-space:nowrap;\"><a href=\"https:\/\/www.instagram.com\/p\/CIyPJnGhZWw\/?utm_source=ig_embed&amp;utm_campaign=loading\" target=\"_blank\" rel=\"noopener nofollow\">Le Valentin Jouffroy Vivienne (@levalentin.paris)&#8217;in payla\u015ft\u0131\u011f\u0131 bir g\u00f6nderi<\/a><\/p>\n<\/blockquote>\n<p>[tcb-script async=\u00bb\u00bb src=\u00bb\/\/www.instagram.com\/embed.js\u00bb][\/tcb-script]<\/p>\n<p>Los pasajes cubiertos o los soportales est\u00e1n llenos de lindas sorpresas. Siempre son una opci\u00f3n genuina para hacer diferentes cosas como compras, recuerdos e incluso gastronom\u00eda. Tambi\u00e9n son buenos para un paseo rom\u00e1ntico entre el <a href=\"https:\/\/paristouristinformation.fr\/es\/cosas-que-hacer\/museo\/louvre\/\" target=\"_blank\" style=\"outline: none;\" rel=\"noopener\"><strong>Louvre<\/strong><\/a><em><strong>&nbsp;<\/strong><\/em>y <a href=\"https:\/\/paristouristinformation.fr\/es\/cosas-que-hacer\/museo\/museo-montmarte\/\" target=\"_blank\" rel=\"noopener\"><strong>Montmartre<\/strong><\/a>. En el interior del Passage Jouffroy, Le Valentin es un cl\u00e1sico caf\u00e9 franc\u00e9s en el que se pueden tomar t\u00e9s,<em><strong>&nbsp;<\/strong><\/em><a href=\"https:\/\/paristouristinformation.fr\/es\/restaurantes\/cafe\/\" target=\"_blank\" rel=\"noopener\"><strong>caf\u00e9s<\/strong> <\/a>o cacaos muy agradables mientras se degustan bocados franceses de calidad, especialmente dulces.<\/p>\n<h2 id=\"t-1612198614194\" style=\"\">5. Jules Verne<\/h2>\n<blockquote data-instgrm-permalink=\"https:\/\/www.instagram.com\/p\/CBkmzQrpJ4s\/?utm_source=ig_embed&amp;utm_campaign=loading\" data-instgrm-version=\"13\" style=\" background:#FFF; border:0; border-radius:3px; box-shadow:0 0 1px 0 rgba(0,0,0,0.5),0 1px 10px 0 rgba(0,0,0,0.15); margin: 1px; max-width:750px; min-width:326px; padding:0; width:99.375%; width:-webkit-calc(100% - 2px); width:calc(100% - 2px);\"><p> <a href=\"https:\/\/www.instagram.com\/p\/CBkmzQrpJ4s\/?utm_source=ig_embed&amp;utm_campaign=loading\" target=\"_blank\" rel=\"noopener nofollow\">        Bu g\u00f6nderiyi Instagram&#8217;da g\u00f6r            <\/a><\/p>\n<p style=\" color:#c9c8cd; font-family:Arial,sans-serif; font-size:14px; line-height:17px; margin-bottom:0; margin-top:8px; overflow:hidden; padding:8px 0 7px; text-align:center; text-overflow:ellipsis; white-space:nowrap;\"><a href=\"https:\/\/www.instagram.com\/p\/CBkmzQrpJ4s\/?utm_source=ig_embed&amp;utm_campaign=loading\" target=\"_blank\" rel=\"noopener nofollow\">Le Jules Verne (@lejulesverneparis)&#8217;in payla\u015ft\u0131\u011f\u0131 bir g\u00f6nderi<\/a><\/p>\n<\/blockquote>\n<p>[tcb-script async=\u00bb\u00bb src=\u00bb\/\/www.instagram.com\/embed.js\u00bb][\/tcb-script]<\/p>\n<p>\u00bfQu\u00e9 hay m\u00e1s rom\u00e1ntico que almorzar en la <a href=\"https:\/\/paristouristinformation.fr\/es\/cosas-que-hacer\/torre-eiffel\/\" target=\"_blank\" rel=\"noopener\"><strong>Torre Eiffel<\/strong><\/a>, tambi\u00e9n llamada la Dama de Hierro? El restaurante Le Jules Verne, situado en la segunda planta de este monumento, es un <a href=\"https:\/\/paristouristinformation.fr\/es\/restaurantes\/michelin-estrella\/\" target=\"_blank\" rel=\"noopener\"><strong>restaurante con estrella Michelin<\/strong><\/a>. Donde la comida exclusiva y la vid se encuentran con la vista panor\u00e1mica de todo Par\u00eds, surge una de las combinaciones m\u00e1s rom\u00e1nticas.<\/p>\n<h2 id=\"t-1612198614195\" style=\"\">6. Caff\u00e9 Stern<\/h2>\n<blockquote data-instgrm-permalink=\"https:\/\/www.instagram.com\/p\/CDnu68clmrq\/?utm_source=ig_embed&amp;utm_campaign=loading\" data-instgrm-version=\"13\" style=\" background:#FFF; border:0; border-radius:3px; box-shadow:0 0 1px 0 rgba(0,0,0,0.5),0 1px 10px 0 rgba(0,0,0,0.15); margin: 1px; max-width:750px; min-width:326px; padding:0; width:99.375%; width:-webkit-calc(100% - 2px); width:calc(100% - 2px);\"><p> <a href=\"https:\/\/www.instagram.com\/p\/CDnu68clmrq\/?utm_source=ig_embed&amp;utm_campaign=loading\" target=\"_blank\" rel=\"noopener nofollow\">        Bu g\u00f6nderiyi Instagram&#8217;da g\u00f6r            <\/a><\/p>\n<p style=\" color:#c9c8cd; font-family:Arial,sans-serif; font-size:14px; line-height:17px; margin-bottom:0; margin-top:8px; overflow:hidden; padding:8px 0 7px; text-align:center; text-overflow:ellipsis; white-space:nowrap;\"><a href=\"https:\/\/www.instagram.com\/p\/CDnu68clmrq\/?utm_source=ig_embed&amp;utm_campaign=loading\" target=\"_blank\" rel=\"noopener nofollow\">ITALIAN CULINARY EXPERIENCES (@alajmo)&#8217;in payla\u015ft\u0131\u011f\u0131 bir g\u00f6nderi<\/a><\/p>\n<\/blockquote>\n<p>[tcb-script async=\u00bb\u00bb src=\u00bb\/\/www.instagram.com\/embed.js\u00bb][\/tcb-script]<\/p>\n<p>El Passage de Panoramas tiene m\u00e1s de 200 siglos y es la galer\u00eda comercial m\u00e1s antigua de Par\u00eds. En su interior hay un \u00abristoranti e caffee\u00bb italiano de la vieja escuela, llamado Stern. El local es una antigua tienda de grabados que te hace sentir completamente como un viajero del tiempo. Adem\u00e1s, sus men\u00fas, caf\u00e9s y pasteles tradicionales italianos son perfectos.<\/p>\n<h2 id=\"t-1612198614196\" style=\"\">7. Le Grand V\u00e9four<\/h2>\n<blockquote data-instgrm-permalink=\"https:\/\/www.instagram.com\/p\/CJp8SHVhJut\/?utm_source=ig_embed&amp;utm_campaign=loading\" data-instgrm-version=\"13\" style=\" background:#FFF; border:0; border-radius:3px; box-shadow:0 0 1px 0 rgba(0,0,0,0.5),0 1px 10px 0 rgba(0,0,0,0.15); margin: 1px; max-width:750px; min-width:326px; padding:0; width:99.375%; width:-webkit-calc(100% - 2px); width:calc(100% - 2px);\"><p> <a href=\"https:\/\/www.instagram.com\/p\/CJp8SHVhJut\/?utm_source=ig_embed&amp;utm_campaign=loading\" target=\"_blank\" rel=\"noopener nofollow\">        Bu g\u00f6nderiyi Instagram&#8217;da g\u00f6r            <\/a><\/p>\n<p style=\" color:#c9c8cd; font-family:Arial,sans-serif; font-size:14px; line-height:17px; margin-bottom:0; margin-top:8px; overflow:hidden; padding:8px 0 7px; text-align:center; text-overflow:ellipsis; white-space:nowrap;\"><a href=\"https:\/\/www.instagram.com\/p\/CJp8SHVhJut\/?utm_source=ig_embed&amp;utm_campaign=loading\" target=\"_blank\" rel=\"noopener nofollow\">Annalee &amp; Tommy (@inseparable.couple)&#8217;in payla\u015ft\u0131\u011f\u0131 bir g\u00f6nderi<\/a><\/p>\n<\/blockquote>\n<p>[tcb-script async=\u00bb\u00bb src=\u00bb\/\/www.instagram.com\/embed.js\u00bb][\/tcb-script]<\/p>\n<p>Un restaurante centenario en la residencia que rodea el antiguo jard\u00edn real, \u00a1en definitiva el Palais Royal! Cuando la realeza se traslad\u00f3 a Versalles, \u00e9ste era el coraz\u00f3n de la vida social de Par\u00eds. Y es el restaurante donde Napole\u00f3n Bonaparte le propuso matrimonio a Josefina. Si quiere combinar lujo y romanticismo, Le Grand V\u00e9four puede ser la elecci\u00f3n marcada por las estrellas Michelin.<\/p>\n<p style=\"text-align: center;\"><a href=\"https:\/\/www.google.com\/maps\/d\/u\/2\/viewer?hl=tr&amp;mid=1MA_R3bOcuN8RuYJgiH-PDa7e4EeFEsA9&amp;ll=48.863200335979464%2C2.3179139499999923&amp;z=15\" target=\"_blank\" style=\"outline: none;\" rel=\"noopener nofollow\">(Enlace al mapa)<\/a><\/p>\n<h2 style=\"\" id=\"t-1669970722289\">Las mejores experiencias en pareja para hacer en Par\u00eds<\/h2>\n<p>[tcb-script async=\u00bb\u00bb src=\u00bbhttps:\/\/www.viator.com\/orion\/partner\/widget.js\u00bb][\/tcb-script]<\/p>\n<p style=\"\">Despu\u00e9s de su cena rom\u00e1ntica, podr\u00e1 elegir entre visitar uno de los espect\u00e1culos de <a href=\"https:\/\/paristouristinformation.fr\/es\/cosas-que-hacer\/teatros\/\" target=\"_blank\" style=\"outline: none;\" rel=\"noopener\"><strong>cabaret m\u00e1s populares de Par\u00eds <\/strong><\/a>o terminar la noche en su <a href=\"https:\/\/paristouristinformation.fr\/es\/hotel\/5-estrellas\/\" target=\"_blank\" style=\"outline: none;\" rel=\"noopener\"><strong>hotel de 5 estrellas en Par\u00eds.<\/strong><\/a><\/p>\n<h2 style=\"\" id=\"t-1641555399636\">Visitas y entradas a Par\u00eds<\/h2>\n<p style=\"text-align: left;\">Descubra Par\u00eds hoy mismo con las visitas y entradas m\u00e1s preferidas sin tener que hacer cola.<\/p>\n<h2 style=\"\" id=\"t-1641555399637\">Art\u00edculos relacionados:<\/h2>\n<p><a href=\"https:\/\/www.paristouristinformation.fr\/es\/restaurantes\/michelin-estrella\/\" dynamic-postlink=\"tcb_post_the_permalink\" data-shortcode-id=\"422\"><\/a><\/p>\n<h3 style=\"text-align: center; padding-top: 0px !important; margin-top: 0px !important;\"><span data-attr-link=\"1\" data-attr-rel=\"0\" data-attr-target=\"0\" data-extra_key=\"\" data-option-inline=\"1\" data-shortcode=\"tcb_post_title\" data-shortcode-name=\"Post title\" data-attr-css=\"\" data-attr-static-link=\"{&quot;className&quot;:&quot;&quot;,&quot;href&quot;:&quot;https:\/\/www.paristouristinformation.fr\/es\/restaurantes\/michelin-estrella\/&quot;,&quot;title&quot;:&quot;Los 15 mejores restaurantes con estrellas Michelin de Par\u00eds&quot;,&quot;class&quot;:&quot;&quot;}\" style=\"\"><a href=\"https:\/\/www.paristouristinformation.fr\/es\/restaurantes\/michelin-estrella\/\" title=\"Los 15 mejores restaurantes con estrellas Michelin de Par\u00eds\" data-css=\"\">Los 15 mejores restaurantes con estrellas Michelin de Par\u00eds<\/a><\/span><\/h3>\n<p><a href=\"https:\/\/www.paristouristinformation.fr\/es\/restaurantes\/cocina-francesa\/\" dynamic-postlink=\"tcb_post_the_permalink\" data-shortcode-id=\"422\"><\/a><\/p>\n<h3 style=\"text-align: center; padding-top: 0px !important; margin-top: 0px !important;\"><span data-attr-link=\"1\" data-attr-rel=\"0\" data-attr-target=\"0\" data-extra_key=\"\" data-option-inline=\"1\" data-shortcode=\"tcb_post_title\" data-shortcode-name=\"Post title\" data-attr-css=\"\" data-attr-static-link=\"{&quot;className&quot;:&quot;&quot;,&quot;href&quot;:&quot;https:\/\/www.paristouristinformation.fr\/es\/restaurantes\/michelin-estrella\/&quot;,&quot;title&quot;:&quot;Los 15 mejores restaurantes con estrellas Michelin de Par\u00eds&quot;,&quot;class&quot;:&quot;&quot;}\" style=\"\"><a href=\"https:\/\/www.paristouristinformation.fr\/es\/restaurantes\/cocina-francesa\/\" title=\"8 platos de la cocina francesa que hay que probar en Par\u00eds\" data-css=\"\">8 platos de la cocina francesa que hay que probar en Par\u00eds<\/a><\/span><\/h3>\n<p><a href=\"https:\/\/www.paristouristinformation.fr\/es\/restaurantes\/tejado\/\" dynamic-postlink=\"tcb_post_the_permalink\" data-shortcode-id=\"422\"><\/a><\/p>\n<h3 style=\"text-align: center; padding-top: 0px !important; margin-top: 0px !important;\"><span data-attr-link=\"1\" data-attr-rel=\"0\" data-attr-target=\"0\" data-extra_key=\"\" data-option-inline=\"1\" data-shortcode=\"tcb_post_title\" data-shortcode-name=\"Post title\" data-attr-css=\"\" data-attr-static-link=\"{&quot;className&quot;:&quot;&quot;,&quot;href&quot;:&quot;https:\/\/www.paristouristinformation.fr\/es\/restaurantes\/michelin-estrella\/&quot;,&quot;title&quot;:&quot;Los 15 mejores restaurantes con estrellas Michelin de Par\u00eds&quot;,&quot;class&quot;:&quot;&quot;}\" style=\"\"><a href=\"https:\/\/www.paristouristinformation.fr\/es\/restaurantes\/tejado\/\" title=\"10 bares y restaurantes con vistas en Par\u00eds\" data-css=\"\">10 bares y restaurantes con vistas en Par\u00eds<\/a><\/span><\/h3>\n<p><a href=\"https:\/\/www.paristouristinformation.fr\/es\/restaurantes\/vegetariano\/\" dynamic-postlink=\"tcb_post_the_permalink\" data-shortcode-id=\"422\"><\/a><\/p>\n<h3 style=\"text-align: center; padding-top: 0px !important; margin-top: 0px !important;\"><span data-attr-link=\"1\" data-attr-rel=\"0\" data-attr-target=\"0\" data-extra_key=\"\" data-option-inline=\"1\" data-shortcode=\"tcb_post_title\" data-shortcode-name=\"Post title\" data-attr-css=\"\" data-attr-static-link=\"{&quot;className&quot;:&quot;&quot;,&quot;href&quot;:&quot;https:\/\/www.paristouristinformation.fr\/es\/restaurantes\/michelin-estrella\/&quot;,&quot;title&quot;:&quot;Los 15 mejores restaurantes con estrellas Michelin de Par\u00eds&quot;,&quot;class&quot;:&quot;&quot;}\" style=\"\"><a href=\"https:\/\/www.paristouristinformation.fr\/es\/restaurantes\/vegetariano\/\" title=\"7 mejores restaurantes para vegetarianos y veganos en Par\u00eds\" data-css=\"\">7 mejores restaurantes para vegetarianos y veganos en Par\u00eds<\/a><\/span><\/h3>\n","protected":false},"excerpt":{"rendered":"<p>Par\u00eds es conocida como la ciudad de las luces, el arte, la historia y el amor. Hay muchos rincones especiales de Par\u00eds que hacen que los momentos de las parejas viajeras sean memorables.El escenario puede ser una vista perfecta desde un lugar elevado o una calle vintage con cierto car\u00e1cter. Pero, sin duda, un restaurante [&hellip;]<\/p>\n","protected":false},"author":10,"featured_media":6368,"parent":3762,"menu_order":0,"comment_status":"closed","ping_status":"closed","template":"","meta":{"footnotes":""},"tags":[],"class_list":["post-416","page","type-page","status-publish","has-post-thumbnail","hentry","post-wrapper","thrv_wrapper"],"wp-worthy-pixel":{"ignored":false,"public":null,"server":null,"url":null},"wp-worthy-type":"normal","_links":{"self":[{"href":"https:\/\/www.paristouristinformation.fr\/es\/wp-json\/wp\/v2\/pages\/416","targetHints":{"allow":["GET"]}}],"collection":[{"href":"https:\/\/www.paristouristinformation.fr\/es\/wp-json\/wp\/v2\/pages"}],"about":[{"href":"https:\/\/www.paristouristinformation.fr\/es\/wp-json\/wp\/v2\/types\/page"}],"author":[{"embeddable":true,"href":"https:\/\/www.paristouristinformation.fr\/es\/wp-json\/wp\/v2\/users\/10"}],"replies":[{"embeddable":true,"href":"https:\/\/www.paristouristinformation.fr\/es\/wp-json\/wp\/v2\/comments?post=416"}],"version-history":[{"count":0,"href":"https:\/\/www.paristouristinformation.fr\/es\/wp-json\/wp\/v2\/pages\/416\/revisions"}],"up":[{"embeddable":true,"href":"https:\/\/www.paristouristinformation.fr\/es\/wp-json\/wp\/v2\/pages\/3762"}],"wp:featuredmedia":[{"embeddable":true,"href":"https:\/\/www.paristouristinformation.fr\/es\/wp-json\/wp\/v2\/media\/6368"}],"wp:attachment":[{"href":"https:\/\/www.paristouristinformation.fr\/es\/wp-json\/wp\/v2\/media?parent=416"}],"wp:term":[{"taxonomy":"post_tag","embeddable":true,"href":"https:\/\/www.paristouristinformation.fr\/es\/wp-json\/wp\/v2\/tags?post=416"}],"curies":[{"name":"wp","href":"https:\/\/api.w.org\/{rel}","templated":true}]}}