{"id":4203,"date":"2020-12-15T21:57:55","date_gmt":"2020-12-15T21:57:55","guid":{"rendered":"http:\/\/paristouristinformation.fr\/es\/?page_id=4203"},"modified":"2023-05-24T09:37:14","modified_gmt":"2023-05-24T09:37:14","slug":"arco-de-triunfo","status":"publish","type":"page","link":"https:\/\/www.paristouristinformation.fr\/es\/cosas-que-hacer\/atracciones\/arco-de-triunfo\/","title":{"rendered":"Visitar el Arco del Triunfo en Par\u00eds: Consejos &#038; Entradas"},"content":{"rendered":"<p>El Arco del Triunfo de Par\u00eds, l&#8217;Arc de Triomphe, es un monumento de estilo neocl\u00e1sico inspirado en los arcos de triunfo romanos. Est\u00e1 situado en lo alto de la avenida de los <a href=\"https:\/\/paristouristinformation.fr\/es\/cosas-que-hacer\/avenue-des-champs-elysees\/\" target=\"_blank\" rel=\"noopener\"><strong>Campos El\u00edseos<\/strong><\/a>, en medio de la plaza de la \u00c9toile, en el centro de Par\u00eds. Por eso su nombre completo es en realidad L&#8217;Arc de Triomphe de l&#8217;\u00c9toile.Este famoso arco es uno de los m\u00e1s conocidos del mundo. Fue iniciado por Napole\u00f3n Bonaparte y construido entre 1806 y 1836. Hoy en d\u00eda, el Arco del Triunfo es uno de los monumentos m\u00e1s visitados de Par\u00eds, pero requiere una s\u00f3lida condici\u00f3n f\u00edsica. En efecto, para llegar al museo y a la vista en la cima, tendr\u00e1 que subir m\u00e1s de 280 escaleras.Para saber m\u00e1s sobre este m\u00edtico monumento de Par\u00eds, su historia, <a href=\"#t-1612280523249\" jump-animation=\"smooth\">c\u00f3mo conseguir las entradas <\/a>y c\u00f3mo llegar hasta \u00e9l y realizar una visita en condiciones, \u00a1siga leyendo!<\/p>\n<h2 data-alt-text=\"Entrada, billetes y visitas \" id=\"t-1612280523249\" style=\"\">Entrada, billetes y visitas en el Arco del Triunfo<\/h2>\n<p>El Arco del Triunfo abre todos los d\u00edas de 10:00 a 22:00 horas. La entrada final es 30 minutos antes del cierre.<\/p>\n<ul>\n<li><span style=\"\"><strong>Entrada : <\/strong>Las entradas NO est\u00e1n disponibles in situ. S\u00f3lo se pueden reservar entradas con antelaci\u00f3n en franjas horarias espec\u00edficas.<\/span><\/li>\n<li style=\"\"><span style=\"\"><strong>Entradas : <\/strong>Puede conseguir sus <a href=\"https:\/\/www.tiqets.com\/en\/paris-attractions-c66746\/tickets-for-arc-de-triomphe-rooftop-access-p974146\/?partner=checkfortrip\" target=\"_blank\" style=\"outline: none;\" rel=\"noopener nofollow\"><strong>entradas Skip The Line Arc de Triomphe<\/strong><\/a><em><strong>&nbsp;<\/strong><\/em>en nuestra tienda oficial<\/span><\/li>\n<\/ul>\n<h2 id=\"t-1612280523245\" data-alt-text=\"\u00bfQu\u00e9 puedo hacer en el Arco del Triunfo de Par\u00eds?\" style=\"\">\u00bfQu\u00e9 puedo hacer en el Arco del Triunfo de Par\u00eds?<\/h2>\n<p><span><img decoding=\"async\" alt=\"\" data-id=\"4601\" width=\"680\" data-init-width=\"1000\" height=\"383\" data-init-height=\"563\" title=\"view from la defense arch paris\" src=\"http:\/\/paristouristinformation.fr\/es\/wp-content\/uploads\/2020\/12\/view-from-la-defense-arch-paris.jpg\" data-width=\"680\" data-height=\"383\" data-pin-media=\"http:\/\/paristouristinformation.fr\/es\/wp-content\/uploads\/2021\/03\/prag_50_sehenswuerdigkeiten_pinterest-38.jpg\" data-pin-description=\"The Arc de Triomphe is one of the most important monuments of Paris and the world. Discover all the important information to visit it : History, Tickets, Tours.\" data-pin-url=\"http:\/\/paristouristinformation.fr\/es\/things-to-do\/attractions\/arc-de-triomphe\/?tve=true&amp;tcbf=ae90f012bb\" data-pinpro-key=\"qhccp6oxz\" loading=\"lazy\"><\/span><\/p>\n<p>El arco es un recuerdo permanente de la cita del h\u00e9roe nacional Napole\u00f3n Bonaparte en la que llamaba al ej\u00e9rcito franc\u00e9s que obtuvo una gloriosa victoria en la batalla de Austerlitz: \u00abVolver\u00e9is a casa por los arcos del triunfo\u00bb.Su impresionante dise\u00f1o y elegancia atrae cada a\u00f1o a m\u00e1s de 1,5 millones de visitantes. Hay entradas para acceder a la azotea, desde donde se pueden contemplar vistas de 360 grados de Par\u00eds.<\/p>\n<p>El <em><strong>Paris Museum Pass<\/strong><\/em> es v\u00e1lido en el Arco del Triunfo. Tambi\u00e9n puede obtener un <a href=\"https:\/\/www.tiqets.com\/en\/paris-attractions-c66746\/tickets-for-arc-de-triomphe-rooftop-access-p974146\/?partner=checkfortrip\" target=\"_blank\" style=\"outline: none;\" rel=\"noopener nofollow\"><strong>billete sencillo de Arc de Triomphe Skip The Line<\/strong><\/a> en nuestra tienda. No es necesario un billete si s\u00f3lo quiere ver el arco desde el exterior, sin subir a las terrazas.<\/p>\n<h2 data-block=\"d6f96e1f-6ac0-417a-9b4d-ccb1b669fc28\" data-title=\"Heading\" data-type=\"core\/heading\" tabindex=\"0\" id=\"t-1612280523246\" style=\"\">Datos sobre el Arco del Triunfo<\/h2>\n<ul>\n<li><strong data-rich-text-format-boundary=\"true\">Construido : <\/strong>La construcci\u00f3n comenz\u00f3 en 1806 y se termin\u00f3 en 1836<\/li>\n<li><strong>Tama\u00f1o :<\/strong> Tiene 45 metros de largo, 22 de ancho y 49 de alto.<\/li>\n<li><strong>Ocasiones especiales :<\/strong> Cada a\u00f1o, el 14 de julio, el desfile militar del D\u00eda de la Bastilla pasa por el Arco del Triunfo.<\/li>\n<li><strong>Tumba del Soldado Desconocido :<\/strong> Frente al monumento, se coloc\u00f3 en 1921 la tumba de un soldado que perdi\u00f3 la vida en la Primera Guerra Mundial. Desde entonces, cada tarde, a las 18.30 horas, se celebra una ceremonia con la llama eterna para honrar a los que lucharon por Francia.<\/li>\n<\/ul>\n<h2 data-block=\"8c1db30e-9c89-410f-b0c0-175bde7c875d\" data-title=\"Heading\" data-type=\"core\/heading\" tabindex=\"0\" id=\"t-1612280523247\" style=\"\">La vista desde el Arco del Triunfo<\/h2>\n<p><span><img decoding=\"async\" alt=\"\" data-id=\"372\" width=\"680\" data-init-width=\"1200\" height=\"454\" data-init-height=\"800\" title=\"Champs Elysees Avenue in Paris in France\" src=\"http:\/\/paristouristinformation.fr\/es\/wp-content\/uploads\/2020\/07\/Champs-Elysees-from-Arc-X.jpg\" data-width=\"680\" data-height=\"454\" data-pin-media=\"http:\/\/paristouristinformation.fr\/es\/wp-content\/uploads\/2021\/03\/prag_50_sehenswuerdigkeiten_pinterest-38.jpg\" data-pin-description=\"The Arc de Triomphe is one of the most important monuments of Paris and the world. Discover all the important information to visit it : History, Tickets, Tours.\" data-pin-url=\"http:\/\/paristouristinformation.fr\/es\/things-to-do\/attractions\/arc-de-triomphe\/?tve=true&amp;tcbf=ae90f012bb\" data-pinpro-key=\"bo6q0ml8b\" loading=\"lazy\"><\/span><\/p>\n<p>\u00bfQuieres ver esta incre\u00edble vista? Tendr\u00e1 que llegar a la terraza subiendo 284 escalones, tras el control de seguridad, para merecer este paisaje tan gratificante.Hay un ascensor disponible para personas con discapacidad y carritos de beb\u00e9. En la \u00faltima planta, antes de la terraza, podr\u00e1 ver una peque\u00f1a maqueta del Arco del Triunfo, as\u00ed como placas informativas sobre la historia. Desde la terraza es posible ver muchos edificios emblem\u00e1ticos como la <a href=\"https:\/\/paristouristinformation.fr\/es\/cosas-que-hacer\/torre-eiffel\/\" target=\"_blank\" style=\"outline: none;\" rel=\"noopener\"><strong>Torre Eiffel<\/strong>,<\/a> el <a href=\"https:\/\/paristouristinformation.fr\/es\/cosas-que-hacer\/iglesia\/sacre-coeur-basilica\/\" target=\"_blank\" rel=\"noopener\"><strong>Sacr\u00e9-Coeur<\/strong><\/a> y la D\u00e9fense.<\/p>\n<h2 data-block=\"ee957ab8-15fd-4e54-a692-ab3c8fcd1b86\" data-title=\"Heading\" data-type=\"core\/heading\" tabindex=\"0\" id=\"t-1612280523248\" style=\"\">Glorieta del Arco del Triunfo<\/h2>\n<p>Est\u00e1 situado en una conjunci\u00f3n en la que desembocan 12 avenidas principales en el coraz\u00f3n de Par\u00eds. El monumento se encuentra en el centro de los 12 puntos de entrada, tambi\u00e9n llamado \u00abArco del Triunfo de la Estrella\u00bb, ya que desde arriba forma una estrella (\u00e9toile). Esta avenida conecta dos de las plazas m\u00e1s transitadas de Par\u00eds, la Plaza de la Concordia y la Plaza Charles-de-Gaulle.<\/p>\n<h2 id=\"t-1612280523250\" style=\"\">\u00bfC\u00f3mo llegar al Arco del Triunfo?<\/h2>\n<p>Se encuentra en la actual plaza Charles de Gaulle (su antiguo nombre era Place de l&#8217;\u00c9toile), entre los distritos 16, 17 y 18 de Par\u00eds.Hay pasarelas subterr\u00e1neas que atraviesan el monumento. Esta es la \u00fanica manera de llegar, ya que no hay pasos de peatones.<\/p>\n<ul>\n<li><strong data-rich-text-format-boundary=\"true\">Metro: <\/strong>La estaci\u00f3n m\u00e1s cercana es \u00abCharles de Gaulle-\u00c9toile\u00bb en la l\u00ednea M1, M2 y M3.<\/li>\n<li><strong>RER: <\/strong>L\u00edneas A<\/li>\n<li><strong>BUS: <\/strong>L\u00edneas 22, 30, 31, 52, 73, 924<\/li>\n<\/ul>\n<h2 id=\"t-1627506349233\" style=\"\">Preguntas frecuentes<\/h2>\n<h2 id=\"t-1612280523251\" style=\"\">Historia del Arco del Triunfo<\/h2>\n<p><span><img decoding=\"async\" alt=\"Arc de Triomphe in Paris in France\" data-id=\"107\" width=\"680\" data-init-width=\"1000\" height=\"454\" data-init-height=\"667\" title=\"Arc de Triomphe in Paris in France\" src=\"http:\/\/paristouristinformation.fr\/es\/wp-content\/uploads\/2020\/06\/Arc-de-Triomphe-in-Paris-in-France.jpg\" data-width=\"680\" data-height=\"454\" data-pin-media=\"http:\/\/paristouristinformation.fr\/es\/wp-content\/uploads\/2021\/03\/prag_50_sehenswuerdigkeiten_pinterest-38.jpg\" data-pin-description=\"The Arc de Triomphe is one of the most important monuments of Paris and the world. Discover all the important information to visit it : History, Tickets, Tours.\" data-pin-url=\"http:\/\/paristouristinformation.fr\/es\/things-to-do\/attractions\/arc-de-triomphe\/?tve=true&amp;tcbf=ae90f012bb\" data-pinpro-key=\"jtydaaa10\" loading=\"lazy\"><\/span><\/p>\n<p>El Arco de Triunfo de la Estrella significa \u00abArco de Triunfo de la Estrella\u00bb. Es uno de los mayores monumentos del mundo. Napole\u00f3n Bonaparte, considerado un genio de la estrategia y un l\u00edder con gran influencia sobre los soldados, encarg\u00f3 el Arco del Triunfo para honrar las victorias de su Gran Ej\u00e9rcito.Se inspir\u00f3 mucho en la historia, la arquitectura y los h\u00e9roes romanos. As\u00ed que orden\u00f3 la construcci\u00f3n del arco de triunfo de estilo romano que deb\u00eda mostrar el prestigio y el ascenso del imperio el 18 de febrero de 1806.La construcci\u00f3n del monumento corri\u00f3 a cargo del arquitecto franc\u00e9s Jean-Fran\u00e7ois-Th\u00e9r\u00e8se Chalgrin. La primera piedra se coloc\u00f3 el 15 de agosto de 1806, d\u00eda del cumplea\u00f1os del Emperador. La construcci\u00f3n dur\u00f3 30 a\u00f1os, de 1805 a 1835, con retrasos y varias modificaciones.Napole\u00f3n Bonaparte muri\u00f3 en 1821 y no pudo ver el monumento terminado. Su carroza f\u00fanebre pas\u00f3 por debajo del Arco del Triunfo para ser transportada al mausoleo de Les Invalides, donde se encuentra el <a href=\"https:\/\/paristouristinformation.fr\/es\/cosas-que-hacer\/museo\/musee-de-larmee\/\" target=\"_blank\" rel=\"noopener\"><strong>Museo del Ej\u00e9rcit<\/strong><strong>o<\/strong><\/a>. El 15 de diciembre de 1840, una gran multitud recibi\u00f3 las cenizas al grito de \u00abVive l&#8217;Empereur\u00bb.Hoy es uno de los monumentos m\u00e1s importantes de Par\u00eds, visitado por m\u00e1s de 1,5 millones de personas al a\u00f1o.<\/p>\n<h3 style=\"\"><span data-attr-link=\"1\" data-attr-rel=\"0\" data-attr-target=\"0\" data-extra_key=\"\" data-option-inline=\"1\" data-shortcode=\"tcb_post_title\" data-shortcode-name=\"Post title\" data-attr-css=\"\" style=\"\" data-attr-static-link=\"{&quot;className&quot;:&quot;&quot;,&quot;href&quot;:&quot;https:\/\/www.paristouristinformation.fr\/es\/cosas-que-hacer\/crucero-por-el-sena\/&quot;,&quot;title&quot;:&quot;Crucero por el Sena en Par\u00eds: Reservas &amp; Consejos&quot;,&quot;class&quot;:&quot;&quot;}\"><a href=\"https:\/\/www.paristouristinformation.fr\/es\/cosas-que-hacer\/crucero-por-el-sena\/\" title=\"Crucero por el Sena en Par\u00eds: Reservas &amp; Consejos\" data-css=\"\">Crucero por el Sena en Par\u00eds: Reservas &amp; Consejos<\/a><\/span><\/h3>\n<h2 id=\"t-1612280523252\" data-alt-text=\"Contact \" style=\"\">Contacto y mapa<\/h2>\n<ul>\n<li><span style=\"\"><strong>Direcci\u00f3n: <\/strong>Place Charles de Gaulle, 75008 Par\u00eds, Francia<\/span><\/li>\n<li><span style=\"\"><strong>Horario de apertura : <\/strong>Abierto todos los d\u00edas de 10:00 a 22:00<\/span><\/li>\n<li><span style=\"\"><strong>Transporte p\u00fablico: Metro: <\/strong>La estaci\u00f3n m\u00e1s cercana es \u00abCharles de Gaulle-\u00c9toile\u00bb en la l\u00ednea M1, M2 y M3. RER: L\u00ednea A BUS: L\u00edneas 22, 30, 31, 52, 73, 924<\/span><\/li>\n<li style=\"\"><span style=\"\"><strong>P\u00e1gina web:&nbsp;<\/strong><a href=\"http:\/\/paris-arc-de-triomphe.fr\" target=\"_blank\" style=\"outline: none;\" rel=\"nofollow noopener\">http:\/\/www.paris-arc-de-triomphe.fr\/en\/<\/a><\/span><\/li>\n<\/ul>\n<p>__CONFIG_colors_palette__{\u00abactive_palette\u00bb:0,\u00bbconfig\u00bb:{\u00abcolors\u00bb:{\u00abf8570\u00bb:{\u00abname\u00bb:\u00bbMain Accent\u00bb,\u00bbparent\u00bb:-1}},\u00bbgradients\u00bb:[]},\u00bbpalettes\u00bb:[{\u00abname\u00bb:\u00bbDefault Palette\u00bb,\u00bbvalue\u00bb:{\u00abcolors\u00bb:{\u00abf8570\u00bb:{\u00abval\u00bb:\u00bbvar(&#8211;tcb-skin-color-0)\u00bb}},\u00bbgradients\u00bb:[]},\u00bboriginal\u00bb:{\u00abcolors\u00bb:{\u00abf8570\u00bb:{\u00abval\u00bb:\u00bbrgb(19, 114, 211)\u00bb,\u00bbhsl\u00bb:{\u00abh\u00bb:210,\u00bbs\u00bb:0.83,\u00bbl\u00bb:0.45}}},\u00bbgradients\u00bb:[]}}]}__CONFIG_colors_palette__ <a href=\"http:\/\/paristouristinformation.fr\/es\/plan\/\"> <span><span>Planifique su viaje a Par\u00eds<\/span><\/span> <\/a> __CONFIG_colors_palette__{\u00abactive_palette\u00bb:0,\u00bbconfig\u00bb:{\u00abcolors\u00bb:{\u00abf8570\u00bb:{\u00abname\u00bb:\u00bbMain Accent\u00bb,\u00bbparent\u00bb:-1}},\u00bbgradients\u00bb:[]},\u00bbpalettes\u00bb:[{\u00abname\u00bb:\u00bbDefault Palette\u00bb,\u00bbvalue\u00bb:{\u00abcolors\u00bb:{\u00abf8570\u00bb:{\u00abval\u00bb:\u00bbvar(&#8211;tcb-skin-color-0)\u00bb}},\u00bbgradients\u00bb:[]},\u00bboriginal\u00bb:{\u00abcolors\u00bb:{\u00abf8570\u00bb:{\u00abval\u00bb:\u00bbrgb(19, 114, 211)\u00bb,\u00bbhsl\u00bb:{\u00abh\u00bb:210,\u00bbs\u00bb:0.83,\u00bbl\u00bb:0.45}}},\u00bbgradients\u00bb:[]}}]}__CONFIG_colors_palette__ <a href=\"http:\/\/paristouristinformation.fr\/es\/hotel\/\"> <span><span>Reserve su estancia en Par\u00eds<\/span><\/span> <\/a> <\/p>\n<h2 style=\"\" id=\"t-1642147346968\">Visitas y entradas a Par\u00eds<\/h2>\n<p style=\"text-align: left;\">Descubra Par\u00eds hoy mismo con las visitas y entradas m\u00e1s preferidas sin tener que hacer cola.<\/p>\n<h2 style=\"\" id=\"t-1642147346969\">Art\u00edculos relacionados:<\/h2>\n<p><a href=\"https:\/\/www.paristouristinformation.fr\/es\/cosas-que-hacer\/distritos\/\" dynamic-postlink=\"tcb_post_the_permalink\" data-shortcode-id=\"2950\"><\/a><\/p>\n<h3 style=\"text-align: center; padding-top: 0px !important; margin-top: 0px !important;\"><span data-attr-link=\"1\" data-attr-rel=\"0\" data-attr-target=\"0\" data-extra_key=\"\" data-option-inline=\"1\" data-shortcode=\"tcb_post_title\" data-shortcode-name=\"Post title\" data-attr-css=\"\" data-attr-static-link=\"{&quot;className&quot;:&quot;&quot;,&quot;href&quot;:&quot;https:\/\/www.paristouristinformation.fr\/es\/cosas-que-hacer\/distritos\/&quot;,&quot;title&quot;:&quot;Gu\u00eda de los 20 distritos de Par\u00eds&quot;,&quot;class&quot;:&quot;&quot;}\" style=\"\"><a href=\"https:\/\/www.paristouristinformation.fr\/es\/cosas-que-hacer\/distritos\/\" title=\"Gu\u00eda de los 20 distritos de Par\u00eds\" data-css=\"\">Gu\u00eda de los 20 distritos de Par\u00eds<\/a><\/span><\/h3>\n<p><a href=\"https:\/\/www.paristouristinformation.fr\/es\/cultura\/\" dynamic-postlink=\"tcb_post_the_permalink\" data-shortcode-id=\"2950\"><\/a><\/p>\n<h3 style=\"text-align: center; padding-top: 0px !important; margin-top: 0px !important;\"><span data-attr-link=\"1\" data-attr-rel=\"0\" data-attr-target=\"0\" data-extra_key=\"\" data-option-inline=\"1\" data-shortcode=\"tcb_post_title\" data-shortcode-name=\"Post title\" data-attr-css=\"\" data-attr-static-link=\"{&quot;className&quot;:&quot;&quot;,&quot;href&quot;:&quot;https:\/\/www.paristouristinformation.fr\/es\/cosas-que-hacer\/distritos\/&quot;,&quot;title&quot;:&quot;Gu\u00eda de los 20 distritos de Par\u00eds&quot;,&quot;class&quot;:&quot;&quot;}\" style=\"\"><a href=\"https:\/\/www.paristouristinformation.fr\/es\/cultura\/\" title=\"La gu\u00eda completa de la cultura francesa: Arte, Cocina, Moda\u2026\" data-css=\"\">La gu\u00eda completa de la cultura francesa: Arte, Cocina, Moda\u2026<\/a><\/span><\/h3>\n<p><a href=\"https:\/\/www.paristouristinformation.fr\/es\/cosas-que-hacer\/hop-on-hop-off\/\" dynamic-postlink=\"tcb_post_the_permalink\" data-shortcode-id=\"2950\"><\/a><\/p>\n<h3 style=\"text-align: center; padding-top: 0px !important; margin-top: 0px !important;\"><span data-attr-link=\"1\" data-attr-rel=\"0\" data-attr-target=\"0\" data-extra_key=\"\" data-option-inline=\"1\" data-shortcode=\"tcb_post_title\" data-shortcode-name=\"Post title\" data-attr-css=\"\" data-attr-static-link=\"{&quot;className&quot;:&quot;&quot;,&quot;href&quot;:&quot;https:\/\/www.paristouristinformation.fr\/es\/cosas-que-hacer\/distritos\/&quot;,&quot;title&quot;:&quot;Gu\u00eda de los 20 distritos de Par\u00eds&quot;,&quot;class&quot;:&quot;&quot;}\" style=\"\"><a href=\"https:\/\/www.paristouristinformation.fr\/es\/cosas-que-hacer\/hop-on-hop-off\/\" title=\"Hop on Hop off Tours Barco y Bus en Par\u00eds\" data-css=\"\">Hop on Hop off Tours Barco y Bus en Par\u00eds<\/a><\/span><\/h3>\n<p><a href=\"https:\/\/www.paristouristinformation.fr\/es\/cosas-que-hacer\/museo\/petit-palais\/\" dynamic-postlink=\"tcb_post_the_permalink\" data-shortcode-id=\"2950\"><\/a><\/p>\n<h3 style=\"text-align: center; padding-top: 0px !important; margin-top: 0px !important;\"><span data-attr-link=\"1\" data-attr-rel=\"0\" data-attr-target=\"0\" data-extra_key=\"\" data-option-inline=\"1\" data-shortcode=\"tcb_post_title\" data-shortcode-name=\"Post title\" data-attr-css=\"\" data-attr-static-link=\"{&quot;className&quot;:&quot;&quot;,&quot;href&quot;:&quot;https:\/\/www.paristouristinformation.fr\/es\/cosas-que-hacer\/distritos\/&quot;,&quot;title&quot;:&quot;Gu\u00eda de los 20 distritos de Par\u00eds&quot;,&quot;class&quot;:&quot;&quot;}\" style=\"\"><a href=\"https:\/\/www.paristouristinformation.fr\/es\/cosas-que-hacer\/museo\/petit-palais\/\" title=\"Gu\u00eda del Petit Palais de Par\u00eds: Exposiciones, entradas e informaci\u00f3n\" data-css=\"\">Gu\u00eda del Petit Palais de Par\u00eds: Exposiciones, entradas e informaci\u00f3n<\/a><\/span><\/h3>\n","protected":false},"excerpt":{"rendered":"<p>El Arco del Triunfo de Par\u00eds, l&#8217;Arc de Triomphe, es un monumento de estilo neocl\u00e1sico inspirado en los arcos de triunfo romanos. Est\u00e1 situado en lo alto de la avenida de los Campos El\u00edseos, en medio de la plaza de la \u00c9toile, en el centro de Par\u00eds. Por eso su nombre completo es en realidad [&hellip;]<\/p>\n","protected":false},"author":10,"featured_media":4214,"parent":2930,"menu_order":0,"comment_status":"closed","ping_status":"closed","template":"","meta":{"footnotes":""},"tags":[],"class_list":["post-4203","page","type-page","status-publish","has-post-thumbnail","hentry","post-wrapper","thrv_wrapper"],"wp-worthy-pixel":{"ignored":false,"public":null,"server":null,"url":null},"wp-worthy-type":"normal","_links":{"self":[{"href":"https:\/\/www.paristouristinformation.fr\/es\/wp-json\/wp\/v2\/pages\/4203","targetHints":{"allow":["GET"]}}],"collection":[{"href":"https:\/\/www.paristouristinformation.fr\/es\/wp-json\/wp\/v2\/pages"}],"about":[{"href":"https:\/\/www.paristouristinformation.fr\/es\/wp-json\/wp\/v2\/types\/page"}],"author":[{"embeddable":true,"href":"https:\/\/www.paristouristinformation.fr\/es\/wp-json\/wp\/v2\/users\/10"}],"replies":[{"embeddable":true,"href":"https:\/\/www.paristouristinformation.fr\/es\/wp-json\/wp\/v2\/comments?post=4203"}],"version-history":[{"count":0,"href":"https:\/\/www.paristouristinformation.fr\/es\/wp-json\/wp\/v2\/pages\/4203\/revisions"}],"up":[{"embeddable":true,"href":"https:\/\/www.paristouristinformation.fr\/es\/wp-json\/wp\/v2\/pages\/2930"}],"wp:featuredmedia":[{"embeddable":true,"href":"https:\/\/www.paristouristinformation.fr\/es\/wp-json\/wp\/v2\/media\/4214"}],"wp:attachment":[{"href":"https:\/\/www.paristouristinformation.fr\/es\/wp-json\/wp\/v2\/media?parent=4203"}],"wp:term":[{"taxonomy":"post_tag","embeddable":true,"href":"https:\/\/www.paristouristinformation.fr\/es\/wp-json\/wp\/v2\/tags?post=4203"}],"curies":[{"name":"wp","href":"https:\/\/api.w.org\/{rel}","templated":true}]}}