{"id":4332,"date":"2020-12-16T12:05:56","date_gmt":"2020-12-16T12:05:56","guid":{"rendered":"http:\/\/paristouristinformation.fr\/es\/?page_id=4332"},"modified":"2025-03-25T06:27:14","modified_gmt":"2025-03-25T06:27:14","slug":"centre-pompidou","status":"publish","type":"page","link":"https:\/\/www.paristouristinformation.fr\/es\/cosas-que-hacer\/museo\/centre-pompidou\/","title":{"rendered":"Gu\u00eda del Centro Pompidou de Par\u00eds: Entradas &#038; Exposiciones"},"content":{"rendered":"<p>El Centro Nacional de Arte y Cultura Georges-Pompidou (CNAC), com\u00fanmente conocido como \u00abCentro Pompidou\u00bb, es un establecimiento deseado por el ex presidente de Francia Georges Pompidou, un apasionado del arte moderno.Quiso crear una instituci\u00f3n cultural original dedicada por completo a la creaci\u00f3n moderna y contempor\u00e1nea.Situado en el popular barrio parisino de Le Marais, el Centro Pompidou es una instituci\u00f3n cultural que llama la atenci\u00f3n por su singular arquitectura. De hecho, \u00a1cerca de 4 millones de visitantes entran en el centro cada a\u00f1o!Descubramos toda la informaci\u00f3n \u00fatil sobre el Centro Pompidou con nuestra gu\u00eda a continuaci\u00f3n.<\/p>\n<h3 data-end=\"194\" data-start=\"116\" style=\"\"><strong data-end=\"192\" data-start=\"120\">Actualizaci\u00f3n importante: Renovaci\u00f3n del Centre Pompidou (2025\u20132030)<\/strong><\/h3>\n<p data-end=\"532\" data-start=\"196\">El <strong data-end=\"218\" data-start=\"199\">Centre Pompidou<\/strong> se prepara para un <strong data-end=\"274\" data-start=\"238\">ambicioso proyecto de renovaci\u00f3n<\/strong>, lo que implicar\u00e1 su <strong data-end=\"360\" data-start=\"296\">cierre temporal desde el 22 de septiembre de 2025 hasta 2030<\/strong>. Esta transformaci\u00f3n integral tiene como objetivo <strong data-end=\"436\" data-start=\"411\">restaurar el edificio<\/strong>, mejorar su <strong data-end=\"466\" data-start=\"449\">accesibilidad<\/strong> y ofrecer una experiencia de visita <strong data-end=\"531\" data-start=\"503\">m\u00e1s moderna y sostenible<\/strong>.<\/p>\n<h4 data-end=\"579\" data-start=\"534\"><strong data-end=\"577\" data-start=\"539\">\u00bfSigue abierto el Centre Pompidou?<\/strong><\/h4>\n<p data-end=\"810\" data-start=\"580\">S\u00ed, el museo <strong data-end=\"639\" data-start=\"593\">permanece abierto hasta septiembre de 2025<\/strong>, con acceso a las <strong data-end=\"685\" data-start=\"658\">exposiciones temporales<\/strong> y a la <strong data-end=\"715\" data-start=\"693\">terraza panor\u00e1mica<\/strong>. Sin embargo, la <strong data-end=\"809\" data-start=\"733\">colecci\u00f3n permanente cerrar\u00e1 al p\u00fablico a partir del 11 de marzo de 2025<\/strong>.<\/p>\n<p data-end=\"1069\" data-start=\"812\">Los visitantes todav\u00eda pueden disfrutar de exposiciones destacadas, como <em data-end=\"902\" data-start=\"885\">Suzanne Valadon<\/em> (del 15 de enero al 26 de mayo de 2025). Las entradas para las exposiciones en curso y el acceso a la terraza est\u00e1n disponibles a trav\u00e9s de <a href=\"https:\/\/www.tiqets.com\/es\/atracciones-paris-c66746\/entradas-para-centro-pompidou-exposicion-acceso-a-la-azotea-p984871\/?partner=paristouristinformation&amp;tq_campaign=CentrePompidouArticle\" target=\"_blank\" rel=\"nofollow noopener\"><strong data-end=\"1068\" data-start=\"1043\">proveedores oficiales<\/strong>.<\/a><\/p>\n<p data-end=\"1381\" data-start=\"1071\">Durante el cierre, partes de la colecci\u00f3n se exhibir\u00e1n en <strong data-end=\"1186\" data-start=\"1129\">otros espacios dentro de Francia e internacionalmente<\/strong>. Para m\u00e1s informaci\u00f3n sobre la renovaci\u00f3n y futuras exposiciones, visita la <strong data-end=\"1380\" data-start=\"1263\"><a data-end=\"1378\" data-start=\"1265\" href=\"https:\/\/www.centrepompidou.fr\/en\/the-centre-pompidou-is-transforming-itself\" target=\"_blank\" style=\"outline: none;\" data-lt-tmp-id=\"lt-912613\" spellcheck=\"false\" rel=\"noopener nofollow\">p\u00e1gina oficial del Centre Pompidou<\/a><\/strong>.<\/p>\n<h2 id=\"t-1612277890343\" data-alt-text=\"What can I do at the center ?\">\u00bfQu\u00e9 puedo hacer en el Centre Pompidou?<\/h2>\n<p>No cabe duda de que Par\u00eds es el para\u00edso de los aficionados al arte. Cientos de personas comienzan su recorrido por el arte con el <a href=\"https:\/\/paristouristinformation.fr\/es\/cosas-que-hacer\/museo\/louvre\/\" target=\"_blank\" style=\"outline: none;\" rel=\"noopener\"><strong>Museo del Louvre<\/strong><\/a><\/p>\n<p>&nbsp;y tal vez contin\u00faen con el <a href=\"https:\/\/paristouristinformation.fr\/es\/cosas-que-hacer\/museo\/musee-dorsay\/\" target=\"_blank\" rel=\"noopener\"><strong>Museo de Orsay.<\/strong><\/a>Recomendamos situar el Centro Pompidou en la tercera posici\u00f3n, ya que es uno de los museos m\u00e1s importantes del mundo en arte moderno.En efecto, es posible ver la segunda mayor colecci\u00f3n de arte moderno del mundo (despu\u00e9s de la de Nueva York) y piezas muy importantes de la historia del arte en orden cronol\u00f3gico.Adem\u00e1s del museo de arte moderno, incluye dos salas de cine, una zona de espect\u00e1culos, un anfiteatro y dos bibliotecas.<\/p>\n<h3 data-block=\"c20d418d-81dc-4a6e-8172-5fb8713c5fd3\" data-title=\"Heading\" data-type=\"core\/heading\" tabindex=\"0\">Biblioteca Kandinsky<\/h3>\n<p>La colecci\u00f3n de la biblioteca ofrece un gran archivo para los investigadores, especialmente de los siglos XX y XXI.<\/p>\n<h3>Biblioteca P\u00fablica de Informaci\u00f3n<\/h3>\n<p>La p\u00fablica Biblioth\u00e8que publique d&#8217;information (BPI) es una impresionante biblioteca que ocupa una <strong>superficie<\/strong> <strong>de m\u00e1s de 10.000 m2<\/strong> y cuenta con una colecci\u00f3n de <strong>400.000 obras actuales.<\/strong>Adem\u00e1s, la biblioteca ofrece una variada gama de talleres y<strong> programas culturales sobre temas de actualidad,<\/strong> incluidas conferencias los lunes por la noche sobre literatura, ciencia, periodismo, geopol\u00edtica, ecolog\u00eda y mucho m\u00e1s. La biblioteca acoge exposiciones sobre temas literarios y ofrece visitas guiadas a las 5 de la tarde (excepto los martes, fines de semana y festivos).Tambi\u00e9n destaca el amplio programa de documentales y dos <strong>festivales anuales:<\/strong> Press Start, un festival de videojuegos, y Effractions, un festival de literatura contempor\u00e1nea. Toda la oferta, a excepci\u00f3n de la biblioteca de documentales, es gratuita.<\/p>\n<h3 data-block=\"0dbdfcbc-355b-485b-aef0-2a0bb92fa41b\" data-title=\"Heading\" data-type=\"core\/heading\" tabindex=\"0\">Plaza Georges Pompidou<\/h3>\n<p>Es una zona muy animada frente al museo, con varios artistas callejeros, patinadores, carnavales temporales en miniatura y otras atracciones culturales.<\/p>\n<p><span><img decoding=\"async\" alt=\"The Pompidou Art Center in Paris in France\" data-id=\"145\" width=\"702\" data-init-width=\"1000\" height=\"468\" data-init-height=\"667\" title=\"The Pompidou Art Center in Paris in France\" src=\"http:\/\/paristouristinformation.fr\/es\/wp-content\/uploads\/2020\/06\/The-Pompidou-Art-Center-in-Paris-in-France.jpg\" data-width=\"702\" data-height=\"468\" data-pinpro-key=\"on5yq8hk7\" loading=\"lazy\" style=\"aspect-ratio: auto 1000 \/ 667;\"><\/span><\/p>\n<h3 data-block=\"70689be6-3933-4216-ac3f-69c54b912173\" data-title=\"Heading\" data-type=\"core\/heading\" tabindex=\"0\">El dise\u00f1o del edificio<\/h3>\n<p>El dise\u00f1o exterior del edificio llama la atenci\u00f3n sobre todo por el eficaz uso de cuatro colores en las tuber\u00edas.El color azul se utiliza para la circulaci\u00f3n del aire, el amarillo para la electricidad, el verde para la circulaci\u00f3n del agua y el rojo para las escaleras mec\u00e1nicas y los ascensores.En todo el edificio se utilizan elementos de acero. Con una superficie de m\u00e1s de 100.000 m2, el edificio tiene 10 plantas.<\/p>\n<h3 data-block=\"ef838575-fbde-4639-aeec-0ead4509507d\" data-title=\"Heading\" data-type=\"core\/heading\" tabindex=\"0\">El Museo<\/h3>\n<p><em><strong>El Museo Nacional de Arte Moderno<\/strong><\/em>, situado en las plantas cuarta y quinta, contiene 50.000 obras de arte y unas 2.000 en exposici\u00f3n para los visitantes.El museo combina colecciones modernas (de 1905 a 1965) y contempor\u00e1neas (de los a\u00f1os 60) presentando a los visitantes los movimientos del arte desde la \u00e9poca moderna hasta la actualidad.<\/p>\n<ul>\n<li><span style=\"\">\u00bfEst\u00e1 planeando su viaje a Par\u00eds? Descubra todas las <a href=\"https:\/\/paristouristinformation.fr\/es\/cosas-que-hacer\/distritos\/le-marais\/\" target=\"_blank\" style=\"outline: none;\" rel=\"noopener\"><strong>cosas que no se puede perder en el barrio de Le Marais<\/strong><\/a>, uno de los barrios m\u00e1s visitados de Par\u00eds.<\/span><\/li>\n<\/ul>\n<h2 id=\"t-1612277890344\" data-alt-text=\"Entrance, Tickets and Tours \">Entrada, billetes y visitas al Centro Pompidou<\/h2>\n<ul>\n<li style=\"\"><span style=\"\"><strong>Entradas : <\/strong>Ahorre tiempo con la entrada Skip the Lines del Centro Pompidou y obtenga un acceso prioritario a la colecci\u00f3n permanente + a la exposici\u00f3n de Matisse. Disfrute de la espectacular vista de la azotea de Par\u00eds.<\/span><\/li>\n<\/ul>\n<p>Es posible conseguir una entrada espec\u00edfica para la azotea del Centro Pompidou para ver s\u00f3lo la vista de Par\u00eds desde el \u00faltimo piso sin visitar el museo. Desde all\u00ed se puede ver la bas\u00edlica del Sacr\u00e9-Coeur, la Torre Eiffel y muchos otros monumentos.<\/p>\n<ul>\n<li><span style=\"\">Para ahorrar tiempo y dinero, y evitarle problemas, puede preparar su viaje comprando por adelantado todos los billetes online que necesite en nuestra tienda <em><strong>oficial de billetes de Par\u00eds.<\/strong><\/em><\/span><\/li>\n<\/ul>\n<h2 id=\"t-1612277890345\" data-alt-text=\"How to get there ?\">\u00bfC\u00f3mo llegar al Centro Pompidou?<\/h2>\n<p>El Centro Pompidou est\u00e1 situado en el distrito de Beaubourg, en el 4\u00ba distrito de Par\u00eds.<\/p>\n<ul>\n<li><strong data-rich-text-format-boundary=\"true\">Metro : <\/strong>La estaci\u00f3n de metro m\u00e1s cercana es \u00abRambuteau\u00bb en la l\u00ednea 11<strong data-rich-text-format-boundary=\"true\"><\/strong>Tambi\u00e9n es posible bajar en la estaci\u00f3n \u00abCh\u00e2telet\u00bb con las l\u00edneas 1, 4, 7, 11, 12 y 14<\/li>\n<li><strong data-rich-text-format-boundary=\"true\">RER : <\/strong>La estaci\u00f3n de Chatelet &#8211; Les Halles del RER-A, RER-B y RER-D est\u00e1 a s\u00f3lo unos 5 a 10 minutos a pie.<\/li>\n<li><strong data-rich-text-format-boundary=\"true\">Autob\u00fas:&nbsp;<\/strong> 29, 38, 47 and 75<\/li>\n<\/ul>\n<p>__CONFIG_colors_palette__{\u00abactive_palette\u00bb:0,\u00bbconfig\u00bb:{\u00abcolors\u00bb:{\u00ab50ce5\u00bb:{\u00abname\u00bb:\u00bbMain Accent\u00bb,\u00bbparent\u00bb:-1}},\u00bbgradients\u00bb:[]},\u00bbpalettes\u00bb:[{\u00abname\u00bb:\u00bbDefault Palette\u00bb,\u00bbvalue\u00bb:{\u00abcolors\u00bb:{\u00ab50ce5\u00bb:{\u00abval\u00bb:\u00bbvar(&#8211;tcb-skin-color-0)\u00bb}},\u00bbgradients\u00bb:[]},\u00bboriginal\u00bb:{\u00abcolors\u00bb:{\u00ab50ce5\u00bb:{\u00abval\u00bb:\u00bbrgb(19, 114, 211)\u00bb,\u00bbhsl\u00bb:{\u00abh\u00bb:210,\u00bbs\u00bb:0.83,\u00bbl\u00bb:0.45,\u00bba\u00bb:1}}},\u00bbgradients\u00bb:[]}}]}__CONFIG_colors_palette__ <a href=\"http:\/\/paristouristinformation.fr\/es\/plan\/public-transport\"> <span><span style=\"\">Gu\u00eda de transporte p\u00fablico en Par\u00eds<\/span><\/span> <\/a> <\/p>\n<h2 id=\"t-1627473909659\" style=\"\">Preguntas frecuentes<\/h2>\n<h2 id=\"t-1612277890346\" style=\"\">Historia del Centro Pompidou<\/h2>\n<p><span><img decoding=\"async\" alt=\"\" data-id=\"4340\" width=\"702\" data-init-width=\"1000\" height=\"468\" data-init-height=\"667\" title=\"Centre Pompidou garden in Paris in France\" src=\"http:\/\/paristouristinformation.fr\/es\/wp-content\/uploads\/2020\/12\/Centre-Pompidou-garden-in-Paris-in-France.jpg\" data-width=\"702\" data-height=\"468\" data-pinpro-key=\"i42qwiyld\" loading=\"lazy\" style=\"aspect-ratio: auto 1000 \/ 667;\"><\/span><\/p>\n<p>Es una de las mayores colecciones de arte moderno y contempor\u00e1neo, con m\u00e1s de 100.000 obras de arte que datan de principios del siglo XX hasta la actualidad.El edificio, que lleva el nombre de Georges Pompidou, Presidente de Francia entre 1969 y 1974, fue iniciado por \u00e9l mismo, un amante del arte moderno que quer\u00eda crear una importante colecci\u00f3n de piezas importantes para el disfrute de los franceses y los visitantes.Durante la fase de creaci\u00f3n del edificio, se convoc\u00f3 un concurso para determinar el dise\u00f1o.La construcci\u00f3n comenz\u00f3 en abril de 1972 por los arquitectos Renzo Piano, Richard Rogers y Gianfranco Franchini. Se termin\u00f3 en 1977 y ha sido uno de los edificios emblem\u00e1ticos de Par\u00eds y de la arquitectura moderna a lo largo de los a\u00f1os.El Centro Pompidou es visitado por una media anual de entre 3,5 y 3,8 millones de personas.<\/p>\n<h2 id=\"t-1612277890347\" data-alt-text=\"Contact\">Contacto y mapa<\/h2>\n<ul>\n<li><span style=\"\"><strong>Direcci\u00f3n:<\/strong> Place Georges-Pompidou, 75004 Par\u00eds, Francia<\/span><\/li>\n<li><span style=\"\"><strong>Horario de apertura:&nbsp;<\/strong><a data-rich-text-format-boundary=\"true\" href=\"https:\/\/www.centrepompidou.fr\/\" target=\"_blank\" style=\"outline: none;\" rel=\"noopener nofollow\">centrepompidou.fr<\/a><\/span><\/li>\n<li><span style=\"\"><strong>Transporte p\u00fablico:<\/strong><\/span><\/li>\n<li><span><strong><strong data-rich-text-format-boundary=\"true\">Metro: <\/strong><\/strong>\u00abRambuteau\u00bb en la l\u00ednea 11o \u00abCh\u00e2telet\u00bb en las l\u00edneas 1, 4, 7, 11, 12 y 14<\/span><\/li>\n<li><span><strong data-rich-text-format-boundary=\"true\">RER:<\/strong> Chatelet &#8211; Les Halles station on the RER-A, RER-B and RER-D<\/span><\/li>\n<li><span><strong data-rich-text-format-boundary=\"true\">AUTOB\u00daS:&nbsp;<\/strong>29, 38, 47 and 75<\/span><\/li>\n<li style=\"\"><span style=\"\"><strong>P\u00e1gina web:&nbsp;<\/strong><a data-rich-text-format-boundary=\"true\" href=\"https:\/\/www.centrepompidou.fr\/\" target=\"_blank\" style=\"outline: none;\" rel=\"noopener nofollow\">centrepompidou.fr<\/a><\/span><\/li>\n<\/ul>\n<ul>\n<li><span style=\"\">Consulte nuestra lista de <em><strong>los 30 mejores museos para visitar en Par\u00eds<\/strong><\/em> y descubra lo mejor de lo que Par\u00eds puede ofrecer en t\u00e9rminos de cultura.<\/span><\/li>\n<\/ul>\n<p>__CONFIG_colors_palette__{\u00abactive_palette\u00bb:0,\u00bbconfig\u00bb:{\u00abcolors\u00bb:{\u00ab50ce5\u00bb:{\u00abname\u00bb:\u00bbMain Accent\u00bb,\u00bbparent\u00bb:-1}},\u00bbgradients\u00bb:[]},\u00bbpalettes\u00bb:[{\u00abname\u00bb:\u00bbDefault Palette\u00bb,\u00bbvalue\u00bb:{\u00abcolors\u00bb:{\u00ab50ce5\u00bb:{\u00abval\u00bb:\u00bbvar(&#8211;tcb-skin-color-0)\u00bb}},\u00bbgradients\u00bb:[]},\u00bboriginal\u00bb:{\u00abcolors\u00bb:{\u00ab50ce5\u00bb:{\u00abval\u00bb:\u00bbrgb(19, 114, 211)\u00bb,\u00bbhsl\u00bb:{\u00abh\u00bb:210,\u00bbs\u00bb:0.83,\u00bbl\u00bb:0.45,\u00bba\u00bb:1}}},\u00bbgradients\u00bb:[]}}]}__CONFIG_colors_palette__ <a href=\"http:\/\/paristouristinformation.fr\/es\/things-to-do\/museum\/\"> <span><span>M\u00e1s museos que visitar en Par\u00eds<\/span><\/span> <\/a> <\/p>\n<h2 style=\"\" id=\"t-1642426766796\">Art\u00edculos relacionados:<\/h2>\n<p><a href=\"https:\/\/www.paristouristinformation.fr\/es\/cosas-que-hacer\/iluvioso\/\" dynamic-postlink=\"tcb_post_the_permalink\" data-shortcode-id=\"4282\"><\/a><\/p>\n<h3 style=\"text-align: center; padding-top: 0px !important; margin-top: 0px !important;\"><span data-attr-link=\"1\" data-attr-rel=\"0\" data-attr-target=\"0\" data-extra_key=\"\" data-option-inline=\"1\" data-shortcode=\"tcb_post_title\" data-shortcode-name=\"Post title\" data-attr-css=\"\" data-attr-static-link=\"{&quot;className&quot;:&quot;&quot;,&quot;href&quot;:&quot;https:\/\/www.paristouristinformation.fr\/es\/cosas-que-hacer\/iluvioso\/&quot;,&quot;title&quot;:&quot;15 Cosas que hacer cuando llueve en Par\u00eds ((con mapa))&quot;,&quot;class&quot;:&quot;&quot;}\" style=\"\"><a href=\"https:\/\/www.paristouristinformation.fr\/es\/cosas-que-hacer\/iluvioso\/\" title=\"15 Cosas que hacer cuando llueve en Par\u00eds [con mapa]\" data-css=\"\">15 Cosas que hacer cuando llueve en Par\u00eds [con mapa]<\/a><\/span><\/h3>\n<p><a href=\"https:\/\/www.paristouristinformation.fr\/es\/cosas-que-hacer\/distritos\/\" dynamic-postlink=\"tcb_post_the_permalink\" data-shortcode-id=\"4282\"><\/a><\/p>\n<h3 style=\"text-align: center; padding-top: 0px !important; margin-top: 0px !important;\"><span data-attr-link=\"1\" data-attr-rel=\"0\" data-attr-target=\"0\" data-extra_key=\"\" data-option-inline=\"1\" data-shortcode=\"tcb_post_title\" data-shortcode-name=\"Post title\" data-attr-css=\"\" data-attr-static-link=\"{&quot;className&quot;:&quot;&quot;,&quot;href&quot;:&quot;https:\/\/www.paristouristinformation.fr\/es\/cosas-que-hacer\/iluvioso\/&quot;,&quot;title&quot;:&quot;15 Cosas que hacer cuando llueve en Par\u00eds ((con mapa))&quot;,&quot;class&quot;:&quot;&quot;}\" style=\"\"><a href=\"https:\/\/www.paristouristinformation.fr\/es\/cosas-que-hacer\/distritos\/\" title=\"Gu\u00eda de los 20 distritos de Par\u00eds\" data-css=\"\">Gu\u00eda de los 20 distritos de Par\u00eds<\/a><\/span><\/h3>\n<p><a href=\"https:\/\/www.paristouristinformation.fr\/es\/cosas-que-hacer\/museo\/musee-national-dart-moderne\/\" dynamic-postlink=\"tcb_post_the_permalink\" data-shortcode-id=\"4282\"><\/a><\/p>\n<h3 style=\"text-align: center; padding-top: 0px !important; margin-top: 0px !important;\"><span data-attr-link=\"1\" data-attr-rel=\"0\" data-attr-target=\"0\" data-extra_key=\"\" data-option-inline=\"1\" data-shortcode=\"tcb_post_title\" data-shortcode-name=\"Post title\" data-attr-css=\"\" data-attr-static-link=\"{&quot;className&quot;:&quot;&quot;,&quot;href&quot;:&quot;https:\/\/www.paristouristinformation.fr\/es\/cosas-que-hacer\/iluvioso\/&quot;,&quot;title&quot;:&quot;15 Cosas que hacer cuando llueve en Par\u00eds ((con mapa))&quot;,&quot;class&quot;:&quot;&quot;}\" style=\"\"><a href=\"https:\/\/www.paristouristinformation.fr\/es\/cosas-que-hacer\/museo\/musee-national-dart-moderne\/\" title=\"Gu\u00eda del Museo Nacional de Arte Moderno de Par\u00eds: Exposici\u00f3n &amp; Consejos\" data-css=\"\">Gu\u00eda del Museo Nacional de Arte Moderno de Par\u00eds: Exposici\u00f3n &amp; Consejos<\/a><\/span><\/h3>\n<p><a href=\"https:\/\/www.paristouristinformation.fr\/es\/cosas-que-hacer\/distritos\/le-marais\/\" dynamic-postlink=\"tcb_post_the_permalink\" data-shortcode-id=\"4282\"><\/a><\/p>\n<h3 style=\"text-align: center; padding-top: 0px !important; margin-top: 0px !important;\"><span data-attr-link=\"1\" data-attr-rel=\"0\" data-attr-target=\"0\" data-extra_key=\"\" data-option-inline=\"1\" data-shortcode=\"tcb_post_title\" data-shortcode-name=\"Post title\" data-attr-css=\"\" data-attr-static-link=\"{&quot;className&quot;:&quot;&quot;,&quot;href&quot;:&quot;https:\/\/www.paristouristinformation.fr\/es\/cosas-que-hacer\/iluvioso\/&quot;,&quot;title&quot;:&quot;15 Cosas que hacer cuando llueve en Par\u00eds ((con mapa))&quot;,&quot;class&quot;:&quot;&quot;}\" style=\"\"><a href=\"https:\/\/www.paristouristinformation.fr\/es\/cosas-que-hacer\/distritos\/le-marais\/\" title=\"El barrio de Le Marais\u2019Las principales atracciones de Par\u00eds\" data-css=\"\">El barrio de Le Marais\u2019Las principales atracciones de Par\u00eds<\/a><\/span><\/h3>\n","protected":false},"excerpt":{"rendered":"<p>El Centro Nacional de Arte y Cultura Georges-Pompidou (CNAC), com\u00fanmente conocido como \u00abCentro Pompidou\u00bb, es un establecimiento deseado por el ex presidente de Francia Georges Pompidou, un apasionado del arte moderno.Quiso crear una instituci\u00f3n cultural original dedicada por completo a la creaci\u00f3n moderna y contempor\u00e1nea.Situado en el popular barrio parisino de Le Marais, el Centro [&hellip;]<\/p>\n","protected":false},"author":10,"featured_media":4341,"parent":68,"menu_order":0,"comment_status":"closed","ping_status":"closed","template":"","meta":{"footnotes":""},"tags":[],"class_list":["post-4332","page","type-page","status-publish","has-post-thumbnail","hentry","post-wrapper","thrv_wrapper"],"wp-worthy-pixel":{"ignored":false,"public":null,"server":null,"url":null},"wp-worthy-type":"normal","_links":{"self":[{"href":"https:\/\/www.paristouristinformation.fr\/es\/wp-json\/wp\/v2\/pages\/4332","targetHints":{"allow":["GET"]}}],"collection":[{"href":"https:\/\/www.paristouristinformation.fr\/es\/wp-json\/wp\/v2\/pages"}],"about":[{"href":"https:\/\/www.paristouristinformation.fr\/es\/wp-json\/wp\/v2\/types\/page"}],"author":[{"embeddable":true,"href":"https:\/\/www.paristouristinformation.fr\/es\/wp-json\/wp\/v2\/users\/10"}],"replies":[{"embeddable":true,"href":"https:\/\/www.paristouristinformation.fr\/es\/wp-json\/wp\/v2\/comments?post=4332"}],"version-history":[{"count":2,"href":"https:\/\/www.paristouristinformation.fr\/es\/wp-json\/wp\/v2\/pages\/4332\/revisions"}],"predecessor-version":[{"id":12484,"href":"https:\/\/www.paristouristinformation.fr\/es\/wp-json\/wp\/v2\/pages\/4332\/revisions\/12484"}],"up":[{"embeddable":true,"href":"https:\/\/www.paristouristinformation.fr\/es\/wp-json\/wp\/v2\/pages\/68"}],"wp:featuredmedia":[{"embeddable":true,"href":"https:\/\/www.paristouristinformation.fr\/es\/wp-json\/wp\/v2\/media\/4341"}],"wp:attachment":[{"href":"https:\/\/www.paristouristinformation.fr\/es\/wp-json\/wp\/v2\/media?parent=4332"}],"wp:term":[{"taxonomy":"post_tag","embeddable":true,"href":"https:\/\/www.paristouristinformation.fr\/es\/wp-json\/wp\/v2\/tags?post=4332"}],"curies":[{"name":"wp","href":"https:\/\/api.w.org\/{rel}","templated":true}]}}