{"id":5160,"date":"2021-01-05T14:57:12","date_gmt":"2021-01-05T14:57:12","guid":{"rendered":"http:\/\/paristouristinformation.fr\/es\/?page_id=5160"},"modified":"2023-08-18T06:59:15","modified_gmt":"2023-08-18T06:59:15","slug":"puentes","status":"publish","type":"page","link":"https:\/\/www.paristouristinformation.fr\/es\/cosas-que-hacer\/puentes\/","title":{"rendered":"5 Puentes m\u00e1s famosos de Par\u00eds: Ubicaci\u00f3n &#038; Consejos"},"content":{"rendered":"<p>Par\u00eds es una de esas maravillosas ciudades llenas de incre\u00edbles restos de historia en cada rinc\u00f3n. Monumentos, plazas, edificios, museos, iglesias&#8230; pero tambi\u00e9n muchos puentes incre\u00edbles que dieron la vuelta al mundo. Cruzan el r\u00edo Sena y dan una bonita perspectiva de la ciudad. En Par\u00eds encontrar\u00e1 37 puentes. 5 de ellos s\u00f3lo son accesibles para los peatones, 8 permiten el acceso a <a href=\"https:\/\/paristouristinformation.fr\/es\/cosas-que-hacer\/districts\/ile-de-la-cite\/\" target=\"_blank\" rel=\"noopener\"><strong>l&#8217;\u00cele de la Cit\u00e9<\/strong>,<\/a> 4 a l&#8217;\u00cele Saint-Louis y 2 son puentes ferroviarios.No puede perd\u00e9rselos mientras realiza sus actividades en Par\u00eds, m\u00e1s vale que conozca los m\u00e1s populares y se tome un descanso para admirarlos de cerca. Por eso, en nuestra lista encontrar\u00e1 los 5 puentes m\u00e1s populares de Par\u00eds.Consejo: Le recomendamos que adquiera un<em><strong>&nbsp;<\/strong><\/em><a href=\"https:\/\/www.tiqets.com\/en\/paris-attractions-c66746\/tickets-for-seine-river-cruise-by-bateaux-mouches-p982823\/?partner=checkfortrip\" target=\"_blank\" rel=\"noopener nofollow\"><strong>billete de crucero por el Sena<\/strong><\/a> y disfrute de la sensaci\u00f3n \u00fanica de pasar por debajo de estos puentes.<\/p>\n<h2 id=\"t-1612280042332\" style=\"\">1. Pont Neuf<\/h2>\n<p><span><img decoding=\"async\" alt=\"\" data-id=\"6189\" width=\"680\" data-init-width=\"1200\" height=\"357\" data-init-height=\"630\" title=\"Pont Neuf cover\" src=\"http:\/\/paristouristinformation.fr\/es\/wp-content\/uploads\/2021\/01\/Pont-Neuf-cover.jpg\" data-width=\"680\" data-height=\"357\" data-pin-media=\"http:\/\/paristouristinformation.fr\/es\/wp-content\/uploads\/2021\/03\/prag_50_sehenswuerdigkeiten_pinterest-40.jpg\" data-pin-description=\"Which bridges are worth to see in Paris ? Check our list of the 5 most famous bridges of Paris and discover their history.\" data-pin-url=\"http:\/\/paristouristinformation.fr\/es\/things-to-do\/bridge\/?tve=true&amp;tcbf=e9aa5eae8a\" data-pinpro-key=\"rvtv4yee8\" loading=\"lazy\"><\/span><\/p>\n<p>El puente <a href=\"https:\/\/paristouristinformation.fr\/es\/cosas-que-hacer\/puentes\/pont-neuf\/\" target=\"_blank\" rel=\"noopener\"><strong>Pont Neuf <\/strong><\/a>se encuentra en el distrito 1 de Par\u00eds y fue construido en 1607. Un lugar perfecto para comenzar sus descubrimientos en Par\u00eds. Es una excelente idea para contemplar la puesta de sol sobre el r\u00edo Sena despu\u00e9s de un ajetreado d\u00eda en Par\u00eds. Se encuentra en la punta de<em><strong>&nbsp;<\/strong><\/em><a href=\"https:\/\/paristouristinformation.fr\/es\/cosas-que-hacer\/districts\/ile-de-la-cite\/\" target=\"_blank\" rel=\"noopener\"><strong>l&#8217;\u00cele de la Cit\u00e9<\/strong><\/a>, atraves\u00e1ndola por ambos lados.<\/p>\n<p>No olvide ver las 12 cornisas de arco redondo con mascarones tallados en piedra. Este tipo de ornamentaci\u00f3n utilizada en los antiguos edificios romanos se denomina \u00abgrotesco\u00bb en arquitectura. Hay 384 caras en total con extra\u00f1os rasgos que combinan dise\u00f1os humanos, animales y florales..Sit\u00faese en el puente, observe c\u00f3mo suben y bajan los barcos, espere a que oscurezca y vea los reflejos de las luces en el agua de los edificios hist\u00f3ricos. Es imposible no dejarse cautivar por los paisajes iluminados de <a href=\"https:\/\/paristouristinformation.fr\/es\/cosas-que-hacer\/iglesia\/notre-dame\/\" target=\"_blank\" style=\"outline: none;\" rel=\"noopener\"><strong>Notre-Dame<\/strong><\/a> y el <a href=\"https:\/\/paristouristinformation.fr\/es\/cosas-que-hacer\/museo\/louvre\/\" target=\"_blank\" rel=\"noopener\"><strong>Museo del Louvre.<\/strong><\/a><\/p>\n<ul>\n<li><strong>Direcci\u00f3n : <\/strong>Pont Neuf, 1er distrito de Par\u00eds &#8211; 75001<\/li>\n<\/ul>\n<h2 id=\"t-1612280042333\" style=\"\">2. Pont Alexandre III<\/h2>\n<p><span><img decoding=\"async\" alt=\"\" data-id=\"6192\" width=\"680\" data-init-width=\"1000\" height=\"454\" data-init-height=\"667\" title=\"Pont Alexandre III in Paris in France\" src=\"http:\/\/paristouristinformation.fr\/es\/wp-content\/uploads\/2021\/01\/Pont-Alexandre-III-in-Paris-in-France.jpg\" data-width=\"680\" data-height=\"454\" data-pin-media=\"http:\/\/paristouristinformation.fr\/es\/wp-content\/uploads\/2021\/03\/prag_50_sehenswuerdigkeiten_pinterest-40.jpg\" data-pin-description=\"Which bridges are worth to see in Paris ? Check our list of the 5 most famous bridges of Paris and discover their history.\" data-pin-url=\"http:\/\/paristouristinformation.fr\/es\/things-to-do\/bridge\/?tve=true&amp;tcbf=e9aa5eae8a\" data-pinpro-key=\"vt5o3fpsh\" loading=\"lazy\"><\/span><\/p>\n<p>El Puente Alejandro III es uno de los m\u00e1s magn\u00edficos de los 37 puentes sobre el r\u00edo Sena situados en el distrito 8 de Par\u00eds. Conecta la avenida de los <a href=\"https:\/\/paristouristinformation.fr\/es\/cosas-que-hacer\/avenue-des-champs-elysees\/\" target=\"_blank\" rel=\"noopener\"><strong>Campos El\u00edseos<\/strong><\/a> con el complejo hist\u00f3rico de los Inv\u00e1lidos.La construcci\u00f3n se termin\u00f3 en 1900. Lleva el nombre de Alejandro, el padre de Nicol\u00e1s II, el zar ruso de la \u00e9poca. El puente de acero arqueado tiene 107 metros de largo y 40 de ancho.Hay cuatro estatuas de leones en las entradas del puente. A continuaci\u00f3n, cuatro impresionantes estatuas de bronce dorado se elevan en lo alto de cuatro pilares a la derecha y a la izquierda. En el centro, a cada lado hay estatuas de bronce de ninfas (hadas del agua en la mitolog\u00eda griega), a un lado \u00abNinfas del r\u00edo Sena\u00bb y al otro \u00abNinfas del r\u00edo Neva\u00bb en San Petersburgo, en honor a la alianza franco-rusa.<\/p>\n<ul>\n<li><strong>Direcci\u00f3n:<\/strong> Pont Alexandre III, 75008 Par\u00eds<\/li>\n<\/ul>\n<ul>\n<li><span style=\"\">\u00bfEst\u00e1 planeando su viaje a Par\u00eds? Te hemos preparado una lista con los<a href=\"https:\/\/paristouristinformation.fr\/es\/cosas-que-hacer\/museo\/\" target=\"_blank\" rel=\"noopener\"><em> <strong>30 mejores museos que visitar en Par\u00eds.<\/strong><\/em><\/a><\/span><\/li>\n<\/ul>\n<h2 id=\"t-1612280042334\" style=\"\">3. Pont des Arts<\/h2>\n<p><span><img decoding=\"async\" alt=\"\" data-id=\"6194\" width=\"680\" data-init-width=\"1000\" height=\"454\" data-init-height=\"667\" title=\"Pont des Arts in Paris in France\" src=\"http:\/\/paristouristinformation.fr\/es\/wp-content\/uploads\/2021\/01\/Pont-des-Arts-in-Paris-in-France.jpg\" data-width=\"680\" data-height=\"454\" style=\"\" data-pin-media=\"http:\/\/paristouristinformation.fr\/es\/wp-content\/uploads\/2021\/03\/prag_50_sehenswuerdigkeiten_pinterest-40.jpg\" data-pin-description=\"Which bridges are worth to see in Paris ? Check our list of the 5 most famous bridges of Paris and discover their history.\" data-pin-url=\"http:\/\/paristouristinformation.fr\/es\/things-to-do\/bridge\/?tve=true&amp;tcbf=e9aa5eae8a\" data-pinpro-key=\"y9xsg9da4\" loading=\"lazy\"><\/span><\/p>\n<p>Le Pont Des Arts est\u00e1 situado entre el <a href=\"https:\/\/paristouristinformation.fr\/es\/cosas-que-hacer\/museo\/louvre\/\" target=\"_blank\" rel=\"noopener\"><strong>Museo del Louvre<\/strong> <\/a>y el Instituto de Francia. Fue construido en 1884, durante el reinado de Napole\u00f3n Bonaparte, como primer puente de hierro sobre el r\u00edo Sena. En 1984, fue reconstruido seg\u00fan sus planos originales por el alcalde de la \u00e9poca, Jacques Chirac.Se utiliza \u00fanicamente para el paso de peatones y es un lugar muy frecuentado a cualquier hora del d\u00eda. Despu\u00e9s de visitar el Museo del Louvre o de pasear por el barrio de St. Germain, puede dirigirse al Pont Des Arts y ver desde all\u00ed el hermoso Pont Neuf junto con otros muchos monumentos.Este puente tambi\u00e9n es conocido por el nombre de \u00abPuente de la Esclusa del Amor\u00bb. Parejas de todo el mundo acuden aqu\u00ed para colocar candados personalizados, aunque la ciudad los haya retirado todos y lo proh\u00edba desde 2015.<\/p>\n<ul>\n<li><strong>Direcci\u00f3n: <\/strong>Quai Fran\u00e7ois Mitterand, 75006 Par\u00eds<\/li>\n<li>Consiga sus <a href=\"https:\/\/www.tiqets.com\/en\/paris-attractions-c66746\/tickets-for-louvre-museum-e-ticket-p973698\/?partner=checkfortrip\" target=\"_blank\" rel=\"noopener nofollow\"><strong>entradas para el Museo del Louvre<\/strong><\/a>, cerca de este puente, y s\u00e1ltese la cola.<\/li>\n<\/ul>\n<h2 id=\"t-1612280042335\" style=\"\">4. Pont de l&#8217;Alma<\/h2>\n<p><span><img decoding=\"async\" alt=\"\" data-id=\"6241\" width=\"680\" data-init-width=\"1000\" height=\"454\" data-init-height=\"667\" title=\"Pont de l'Alma in Paris in France\" src=\"http:\/\/paristouristinformation.fr\/es\/wp-content\/uploads\/2021\/01\/Pont-de-lAlma-in-Paris-in-France.jpg\" data-width=\"680\" data-height=\"454\" data-pin-media=\"http:\/\/paristouristinformation.fr\/es\/wp-content\/uploads\/2021\/03\/prag_50_sehenswuerdigkeiten_pinterest-40.jpg\" data-pin-description=\"Which bridges are worth to see in Paris ? Check our list of the 5 most famous bridges of Paris and discover their history.\" data-pin-url=\"http:\/\/paristouristinformation.fr\/es\/things-to-do\/bridge\/?tve=true&amp;tcbf=e9aa5eae8a\" data-pinpro-key=\"vtabosgcc\" loading=\"lazy\"><\/span><\/p>\n<p>Fue construido entre 1854 y 1856 e inaugurado por Napole\u00f3n III. Posteriormente, fue objeto de una reconstrucci\u00f3n completa entre 1970 y 1974 debido a su estrechez. El nombre del puente como \u00abPont de l&#8217;Alma\u00bb fue dado para conmemorar la Batalla de Alma (1854) durante la Guerra de Crimea. El 31 de agosto de 1997 se produjo un accidente en el t\u00fanel del Pont de l&#8217;Alma, en el que perdieron la vida la princesa Diana, su amiga y el conductor. Sobre este t\u00fanel se alza la Llama de la Libertad, una r\u00e9plica a tama\u00f1o natural de la llama de la Estatua de la Libertad.<\/p>\n<ul>\n<li><strong>Direcci\u00f3n: <\/strong>Pont de l&#8217;Alma, 75008 Par\u00eds<\/li>\n<\/ul>\n<h2 id=\"t-1612280042336\" style=\"\">5. Pont de Bir-Hakeim<\/h2>\n<p><span><img decoding=\"async\" alt=\"\" data-id=\"6247\" width=\"680\" data-init-width=\"1000\" height=\"454\" data-init-height=\"667\" title=\"Pont de Bir-Hakeim in Paris in France\" src=\"http:\/\/paristouristinformation.fr\/es\/wp-content\/uploads\/2021\/01\/Pont-de-Bir-Hakeim-in-Paris-in-France.jpg\" data-width=\"680\" data-height=\"454\" data-pin-media=\"http:\/\/paristouristinformation.fr\/es\/wp-content\/uploads\/2021\/03\/prag_50_sehenswuerdigkeiten_pinterest-40.jpg\" data-pin-description=\"Which bridges are worth to see in Paris ? Check our list of the 5 most famous bridges of Paris and discover their history.\" data-pin-url=\"http:\/\/paristouristinformation.fr\/es\/things-to-do\/bridge\/?tve=true&amp;tcbf=e9aa5eae8a\" data-pinpro-key=\"a81t9c40x\" loading=\"lazy\"><\/span><\/p>\n<p>El puente de Bir-Hakeim est\u00e1 situado en el extremo norte de la isla de Cygnes. Es el segundo que se construy\u00f3 en la zona, de acero y piedra.El Pont de Bir-Hakeim se construy\u00f3 entre 1903 y 1905, sustituyendo a un puente anterior construido en 1878. Tiene 237 metros de largo y 24,7 de ancho. Est\u00e1 registrado como monumento hist\u00f3rico desde 1986.Fue rebautizado en 1948 para conmemorar la batalla de Bir Hakim, un punto estrat\u00e9gico en el desierto libio, donde las Fuerzas Francesas Libres lucharon contra las tropas alemanas en junio de 1942, durante la Segunda Guerra Mundial. Ofrece una gran vista de la Torre Eiffel.Es posible que haya visto este puente en varias pel\u00edculas, incluida Inception. \u00bfTe suena?<\/p>\n<ul>\n<li><strong>Direcci\u00f3n:<\/strong> Pont de Bir-Hakeim, 75015 Par\u00eds<\/li>\n<\/ul>\n<h2 id=\"t-1625481133494\" style=\"\">Mapa y ubicaci\u00f3n<\/h2>\n<p style=\"text-align: center;\"><a href=\"https:\/\/www.google.com\/maps\/d\/u\/1\/viewer?hl=tr&amp;mid=12CCH2REnXU2_mlJK3dSbvXPpgY39ou9Z&amp;ll=48.85974797218291%2C2.3144584500000143&amp;z=15\" target=\"_blank\" style=\"outline: none;\" rel=\"noopener nofollow\">(Enlace al mapa)<\/a><\/p>\n<ul>\n<li><span style=\"\">Si est\u00e1 preparando su viaje a Par\u00eds, ahorre tiempo, dinero y evite molestias comprando todos los billetes online por adelantado en nuestra tienda <em><strong>oficial de billetes de Par\u00eds.<\/strong><\/em><\/span><\/li>\n<\/ul>\n<p style=\"\">Ahora ya conoce los rom\u00e1nticos puentes famosos que no debe perderse en Par\u00eds. \u00bfCu\u00e1l es el puente parisino que m\u00e1s te apetece ver? \u00a1H\u00e1ganoslo saber en los comentarios m\u00e1s abajo!<\/p>\n<h2 style=\"\" id=\"t-1640080180875\">Visitas y entradas a Par\u00eds<\/h2>\n<p style=\"text-align: left;\">Descubra Par\u00eds hoy mismo con las visitas y entradas m\u00e1s preferidas sin tener que hacer cola.<\/p>\n<h2 style=\"\" id=\"t-1640080180876\">Art\u00edculos relacionados:<\/h2>\n<div class=\"tcb-post-list tve-content-list thrv_wrapper\" data-type=\"grid\" data-pagination-type=\"none\" data-pages_near_current=\"2\" data-css=\"tve-u-17ddc6bcaf3\" data-total_post_count=\"4\" data-total_sticky_count=\"0\" data-no_posts_text=\"There are no posts to display.\"><article id=\"post-8387\" class=\"post-8387 page type-page status-publish has-post-thumbnail hentry post-wrapper thrv_wrapper thrive-animated-item  tve_evt_manager_listen tve_ea_thrive_animation tve_et_mouseover tve_anim_grow\" tcb_hover_state_parent=\"\" class=\"tve_evt_manager_listen tve_ea_thrive_animation tve_et_mouseover tve_anim_grow\" data-id=\"8387\" data-selector=\".post-wrapper\"><style class=\"tcb-post-list-dynamic-style\" type=\"text\/css\">@media (min-width: 300px){[].tcb-post-list #post-8387 []{background-image: url(\u00abhttps:\/\/www.paristouristinformation.fr\/es\/wp-content\/uploads\/2021\/01\/Ile-de-la-Cite-of-Pariss-top-attractions-1024x538.jpg\u00ab) !important;}[].tcb-post-list #post-8387 []:hover []{background-image: url(\u00abhttps:\/\/www.paristouristinformation.fr\/es\/wp-content\/uploads\/2021\/01\/Ile-de-la-Cite-of-Pariss-top-attractions-1024x538.jpg\u00ab) !important;}}<\/style><a href=\"https:\/\/www.paristouristinformation.fr\/es\/cosas-que-hacer\/distritos\/ile-de-la-cite\/\" dynamic-postlink=\"tcb_post_the_permalink\" data-shortcode-id=\"8387\"><\/a><\/p>\n<h3 style=\"text-align: center; padding-top: 0px !important; margin-top: 0px !important;\"><span data-attr-link=\"1\" data-attr-rel=\"0\" data-attr-target=\"0\" data-extra_key=\"\" data-option-inline=\"1\" data-shortcode=\"tcb_post_title\" data-shortcode-name=\"Post title\" data-attr-css=\"\" data-attr-static-link=\"{&quot;className&quot;:&quot;tve-froala fr-basic&quot;,&quot;href&quot;:&quot;https:\/\/paristouristinformation.fr\/es\/cosas-que-hacer\/distritos\/ile-de-la-cite\/&quot;,&quot;title&quot;:&quot;El barrio de la \u00cele de la Cit\u00e9\u2019las principales atracciones de Par\u00eds&quot;,&quot;class&quot;:&quot;tve-froala fr-basic&quot;}\" style=\"\"><a href=\"https:\/\/www.paristouristinformation.fr\/es\/cosas-que-hacer\/distritos\/ile-de-la-cite\/\" title=\"El barrio de la \u00cele de la Cit\u00e9\u2019las principales atracciones de Par\u00eds\" data-css=\"\" class=\"tve-froala fr-basic\">El barrio de la \u00cele de la Cit\u00e9\u2019las principales atracciones de Par\u00eds<\/a><\/span><\/h3>\n<p><\/article><article id=\"post-1521\" class=\"post-1521 page type-page status-publish has-post-thumbnail hentry post-wrapper thrv_wrapper thrive-animated-item  tve_evt_manager_listen tve_ea_thrive_animation tve_et_mouseover tve_anim_grow\" tcb_hover_state_parent=\"\" class=\"tve_evt_manager_listen tve_ea_thrive_animation tve_et_mouseover tve_anim_grow\" data-id=\"1521\" data-selector=\".post-wrapper\"><style class=\"tcb-post-list-dynamic-style\" type=\"text\/css\">@media (min-width: 300px){[].tcb-post-list #post-1521 []{background-image: url(\u00abhttps:\/\/www.paristouristinformation.fr\/es\/wp-content\/uploads\/2020\/07\/Paris-Landscape-Notre-Dame-Bridge-Sihouette-1024x684.jpg\u00ab) !important;}[].tcb-post-list #post-1521 []:hover []{background-image: url(\u00abhttps:\/\/www.paristouristinformation.fr\/es\/wp-content\/uploads\/2020\/07\/Paris-Landscape-Notre-Dame-Bridge-Sihouette-1024x684.jpg\u00ab) !important;}}<\/style><a href=\"https:\/\/www.paristouristinformation.fr\/es\/cosas-que-hacer\/iglesia\/notre-dame\/\" dynamic-postlink=\"tcb_post_the_permalink\" data-shortcode-id=\"8387\"><\/a><\/p>\n<h3 style=\"text-align: center; padding-top: 0px !important; margin-top: 0px !important;\"><span data-attr-link=\"1\" data-attr-rel=\"0\" data-attr-target=\"0\" data-extra_key=\"\" data-option-inline=\"1\" data-shortcode=\"tcb_post_title\" data-shortcode-name=\"Post title\" data-attr-css=\"\" data-attr-static-link=\"{&quot;className&quot;:&quot;tve-froala fr-basic&quot;,&quot;href&quot;:&quot;https:\/\/paristouristinformation.fr\/es\/cosas-que-hacer\/distritos\/ile-de-la-cite\/&quot;,&quot;title&quot;:&quot;El barrio de la \u00cele de la Cit\u00e9\u2019las principales atracciones de Par\u00eds&quot;,&quot;class&quot;:&quot;tve-froala fr-basic&quot;}\" style=\"\"><a href=\"https:\/\/www.paristouristinformation.fr\/es\/cosas-que-hacer\/iglesia\/notre-dame\/\" title=\"Sobre la Catedral Notre-Dame de Par\u00eds: Incendio, Reapertura, entradas, historia, datos\u2026\" data-css=\"\" class=\"tve-froala fr-basic\">Sobre la Catedral Notre-Dame de Par\u00eds: Incendio, Reapertura, entradas, historia, datos\u2026<\/a><\/span><\/h3>\n<p><\/article><article id=\"post-8391\" class=\"post-8391 page type-page status-publish has-post-thumbnail hentry post-wrapper thrv_wrapper thrive-animated-item  tve_evt_manager_listen tve_ea_thrive_animation tve_et_mouseover tve_anim_grow\" tcb_hover_state_parent=\"\" class=\"tve_evt_manager_listen tve_ea_thrive_animation tve_et_mouseover tve_anim_grow\" data-id=\"8391\" data-selector=\".post-wrapper\"><style class=\"tcb-post-list-dynamic-style\" type=\"text\/css\">@media (min-width: 300px){[].tcb-post-list #post-8391 []{background-image: url(\u00abhttps:\/\/www.paristouristinformation.fr\/es\/wp-content\/uploads\/2021\/02\/Top-30-Best-Museums-to-Visit-in-Paris-1024x538.jpg\u00ab) !important;}[].tcb-post-list #post-8391 []:hover []{background-image: url(\u00abhttps:\/\/www.paristouristinformation.fr\/es\/wp-content\/uploads\/2021\/02\/Top-30-Best-Museums-to-Visit-in-Paris-1024x538.jpg\u00ab) !important;}}<\/style><a href=\"https:\/\/www.paristouristinformation.fr\/es\/cosas-que-hacer\/museo\/musee-dorsay\/\" dynamic-postlink=\"tcb_post_the_permalink\" data-shortcode-id=\"8387\"><\/a><\/p>\n<h3 style=\"text-align: center; padding-top: 0px !important; margin-top: 0px !important;\"><span data-attr-link=\"1\" data-attr-rel=\"0\" data-attr-target=\"0\" data-extra_key=\"\" data-option-inline=\"1\" data-shortcode=\"tcb_post_title\" data-shortcode-name=\"Post title\" data-attr-css=\"\" data-attr-static-link=\"{&quot;className&quot;:&quot;tve-froala fr-basic&quot;,&quot;href&quot;:&quot;https:\/\/paristouristinformation.fr\/es\/cosas-que-hacer\/distritos\/ile-de-la-cite\/&quot;,&quot;title&quot;:&quot;El barrio de la \u00cele de la Cit\u00e9\u2019las principales atracciones de Par\u00eds&quot;,&quot;class&quot;:&quot;tve-froala fr-basic&quot;}\" style=\"\"><a href=\"https:\/\/www.paristouristinformation.fr\/es\/cosas-que-hacer\/museo\/musee-dorsay\/\" title=\"Gu\u00eda del Museo de Orsay en Par\u00eds: Consejos, historia y entradas\" data-css=\"\" class=\"tve-froala fr-basic\">Gu\u00eda del Museo de Orsay en Par\u00eds: Consejos, historia y entradas<\/a><\/span><\/h3>\n<p><\/article><article id=\"post-7650\" class=\"post-7650 page type-page status-publish has-post-thumbnail hentry post-wrapper thrv_wrapper thrive-animated-item  tve_evt_manager_listen tve_ea_thrive_animation tve_et_mouseover tve_anim_grow\" tcb_hover_state_parent=\"\" class=\"tve_evt_manager_listen tve_ea_thrive_animation tve_et_mouseover tve_anim_grow\" data-id=\"7650\" data-selector=\".post-wrapper\"><style class=\"tcb-post-list-dynamic-style\" type=\"text\/css\">@media (min-width: 300px){[].tcb-post-list #post-7650 []{background-image: url(\u00abhttps:\/\/www.paristouristinformation.fr\/es\/wp-content\/uploads\/2020\/12\/Notre-Dame-Cruise-Seine-in-Paris-in-France.jpg\u00ab) !important;}[].tcb-post-list #post-7650 []:hover []{background-image: url(\u00abhttps:\/\/www.paristouristinformation.fr\/es\/wp-content\/uploads\/2020\/12\/Notre-Dame-Cruise-Seine-in-Paris-in-France.jpg\u00ab) !important;}}<\/style><a href=\"https:\/\/www.paristouristinformation.fr\/es\/cosas-que-hacer\/crucero-por-el-sena\/\" dynamic-postlink=\"tcb_post_the_permalink\" data-shortcode-id=\"8387\"><\/a><\/p>\n<h3 style=\"text-align: center; padding-top: 0px !important; margin-top: 0px !important;\"><span data-attr-link=\"1\" data-attr-rel=\"0\" data-attr-target=\"0\" data-extra_key=\"\" data-option-inline=\"1\" data-shortcode=\"tcb_post_title\" data-shortcode-name=\"Post title\" data-attr-css=\"\" data-attr-static-link=\"{&quot;className&quot;:&quot;tve-froala fr-basic&quot;,&quot;href&quot;:&quot;https:\/\/paristouristinformation.fr\/es\/cosas-que-hacer\/distritos\/ile-de-la-cite\/&quot;,&quot;title&quot;:&quot;El barrio de la \u00cele de la Cit\u00e9\u2019las principales atracciones de Par\u00eds&quot;,&quot;class&quot;:&quot;tve-froala fr-basic&quot;}\" style=\"\"><a href=\"https:\/\/www.paristouristinformation.fr\/es\/cosas-que-hacer\/crucero-por-el-sena\/\" title=\"Crucero por el Sena en Par\u00eds: Reservas &amp; Consejos\" data-css=\"\" class=\"tve-froala fr-basic\">Crucero por el Sena en Par\u00eds: Reservas &amp; Consejos<\/a><\/span><\/h3>\n<p><\/article><\/div>\n","protected":false},"excerpt":{"rendered":"<p>Par\u00eds es una de esas maravillosas ciudades llenas de incre\u00edbles restos de historia en cada rinc\u00f3n. Monumentos, plazas, edificios, museos, iglesias&#8230; pero tambi\u00e9n muchos puentes incre\u00edbles que dieron la vuelta al mundo. Cruzan el r\u00edo Sena y dan una bonita perspectiva de la ciudad. En Par\u00eds encontrar\u00e1 37 puentes. 5 de ellos s\u00f3lo son accesibles [&hellip;]<\/p>\n","protected":false},"author":10,"featured_media":6244,"parent":11507,"menu_order":0,"comment_status":"closed","ping_status":"closed","template":"","meta":{"footnotes":""},"tags":[],"class_list":{"0":"post-5160","1":"page","2":"type-page","3":"status-publish","4":"has-post-thumbnail","5":"hentry","6":"post-wrapper","7":"thrv_wrapper","10":"thrive-animated-item"},"wp-worthy-pixel":{"ignored":false,"public":null,"server":null,"url":null},"wp-worthy-type":"normal","_links":{"self":[{"href":"https:\/\/www.paristouristinformation.fr\/es\/wp-json\/wp\/v2\/pages\/5160","targetHints":{"allow":["GET"]}}],"collection":[{"href":"https:\/\/www.paristouristinformation.fr\/es\/wp-json\/wp\/v2\/pages"}],"about":[{"href":"https:\/\/www.paristouristinformation.fr\/es\/wp-json\/wp\/v2\/types\/page"}],"author":[{"embeddable":true,"href":"https:\/\/www.paristouristinformation.fr\/es\/wp-json\/wp\/v2\/users\/10"}],"replies":[{"embeddable":true,"href":"https:\/\/www.paristouristinformation.fr\/es\/wp-json\/wp\/v2\/comments?post=5160"}],"version-history":[{"count":0,"href":"https:\/\/www.paristouristinformation.fr\/es\/wp-json\/wp\/v2\/pages\/5160\/revisions"}],"up":[{"embeddable":true,"href":"https:\/\/www.paristouristinformation.fr\/es\/wp-json\/wp\/v2\/pages\/11507"}],"wp:featuredmedia":[{"embeddable":true,"href":"https:\/\/www.paristouristinformation.fr\/es\/wp-json\/wp\/v2\/media\/6244"}],"wp:attachment":[{"href":"https:\/\/www.paristouristinformation.fr\/es\/wp-json\/wp\/v2\/media?parent=5160"}],"wp:term":[{"taxonomy":"post_tag","embeddable":true,"href":"https:\/\/www.paristouristinformation.fr\/es\/wp-json\/wp\/v2\/tags?post=5160"}],"curies":[{"name":"wp","href":"https:\/\/api.w.org\/{rel}","templated":true}]}}