{"id":5187,"date":"2021-01-05T15:50:28","date_gmt":"2021-01-05T15:50:28","guid":{"rendered":"http:\/\/paristouristinformation.fr\/es\/?page_id=5187"},"modified":"2023-05-12T08:17:17","modified_gmt":"2023-05-12T08:17:17","slug":"experience","status":"publish","type":"page","link":"https:\/\/www.paristouristinformation.fr\/es\/experience\/","title":{"rendered":"Experiencia en Par\u00eds: \u00bfQu\u00e9 puedo hacer?"},"content":{"rendered":"<h2 style=\"text-align: center;\" id=\"t-1630094588388\">Atracciones populares en Par\u00eds<\/h2>\n<p style=\"text-align: center;\">experiencia<\/p>\n<h2 style=\"\" id=\"t-1630094588389\"><span data-attr-css=\"tve-u-178f53fdd16\" data-attr-link=\"1\" data-attr-rel=\"0\" data-attr-target=\"0\" data-extra_key=\"\" data-option-inline=\"1\" data-shortcode=\"tcb_post_title\" data-shortcode-name=\"Post title\" data-attr-static-link=\"{&quot;className&quot;:&quot;&quot;,&quot;href&quot;:&quot;https:\/\/www.paristouristinformation.fr\/es\/cosas-que-hacer\/atracciones\/&quot;,&quot;title&quot;:&quot;15 atracciones mejor valoradas de Par\u00eds&quot;,&quot;data-css&quot;:&quot;tve-u-178f53fdd16&quot;,&quot;class&quot;:&quot;&quot;}\"><a href=\"https:\/\/www.paristouristinformation.fr\/es\/cosas-que-hacer\/atracciones\/\" title=\"15 Atracciones mejor valoradas de Par\u00eds\">15 Atracciones mejor valoradas de Par\u00eds<\/a><\/span><\/h2>\n<p><a href=\"https:\/\/www.paristouristinformation.fr\/es\/cosas-que-hacer\/atracciones\/\"><span style=\"\"><span style=\"\">Leer m\u00e1s<\/span><\/span><\/a><a href=\"https:\/\/www.paristouristinformation.fr\/es\/?p=5501\" dynamic-postlink=\"tcb_post_the_permalink\" data-shortcode-id=\"5501\"><\/a><\/p>\n<p style=\"text-align: center;\"><span data-shortcode=\"tcb_post_published_date\" data-shortcode-name=\"Post date\" data-extra_key=\"\" data-attr-type=\"modified\" data-attr-date-format-select=\"j. F Y\" data-attr-date-format=\"F j, Y\" data-attr-show-time=\"0\" data-attr-time-format-select=\"G:i\" data-attr-time-format=\"\" data-attr-link=\"0\" data-attr-target=\"1\" data-attr-rel=\"0\" data-option-inline=\"1\">February 22, 2021 <\/span><\/p>\n<h3 style=\"text-align: center; padding-top: 0px !important; margin-top: 0px !important;\"><span data-attr-link=\"1\" data-attr-rel=\"0\" data-attr-target=\"0\" data-extra_key=\"\" data-option-inline=\"1\" data-shortcode=\"tcb_post_title\" data-shortcode-name=\"Post title\" data-attr-css=\"\" data-attr-static-link=\"{&quot;className&quot;:&quot;&quot;,&quot;href&quot;:&quot;https:\/\/www.paristouristinformation.fr\/es\/?p=5501&quot;,&quot;title&quot;:&quot;Crucero por el r\u00edo Sena: Bateaux Parisiens con audiogu\u00eda gratis&quot;,&quot;class&quot;:&quot;&quot;}\" style=\"\"><a href=\"https:\/\/www.paristouristinformation.fr\/es\/?p=5501\" title=\"Seine River Cruise: Bateaux Parisiens with Free Audioguide\" data-css=\"\">Seine River Cruise: Bateaux Parisiens with Free Audioguide<\/a><\/span><\/h3>\n<p><a href=\"https:\/\/www.paristouristinformation.fr\/es\/cosas-que-hacer\/disneyland\/\" dynamic-postlink=\"tcb_post_the_permalink\" data-shortcode-id=\"5501\"><\/a><\/p>\n<p style=\"text-align: center;\"><span data-shortcode=\"tcb_post_published_date\" data-shortcode-name=\"Post date\" data-extra_key=\"\" data-attr-type=\"modified\" data-attr-date-format-select=\"j. F Y\" data-attr-date-format=\"F j, Y\" data-attr-show-time=\"0\" data-attr-time-format-select=\"G:i\" data-attr-time-format=\"\" data-attr-link=\"0\" data-attr-target=\"1\" data-attr-rel=\"0\" data-option-inline=\"1\">May 11, 2023 <\/span><\/p>\n<h3 style=\"text-align: center; padding-top: 0px !important; margin-top: 0px !important;\"><span data-attr-link=\"1\" data-attr-rel=\"0\" data-attr-target=\"0\" data-extra_key=\"\" data-option-inline=\"1\" data-shortcode=\"tcb_post_title\" data-shortcode-name=\"Post title\" data-attr-css=\"\" data-attr-static-link=\"{&quot;className&quot;:&quot;&quot;,&quot;href&quot;:&quot;https:\/\/www.paristouristinformation.fr\/es\/?p=5501&quot;,&quot;title&quot;:&quot;Crucero por el r\u00edo Sena: Bateaux Parisiens con audiogu\u00eda gratis&quot;,&quot;class&quot;:&quot;&quot;}\" style=\"\"><a href=\"https:\/\/www.paristouristinformation.fr\/es\/cosas-que-hacer\/disneyland\/\" title=\"Disneyland Par\u00eds: Entradas, atracciones, hoteles y ofertas\" data-css=\"\">Disneyland Par\u00eds: Entradas, atracciones, hoteles y ofertas<\/a><\/span><\/h3>\n<p><a href=\"https:\/\/www.paristouristinformation.fr\/es\/restaurantes\/romantico\/\" dynamic-postlink=\"tcb_post_the_permalink\" data-shortcode-id=\"5501\"><\/a><\/p>\n<p style=\"text-align: center;\"><span data-shortcode=\"tcb_post_published_date\" data-shortcode-name=\"Post date\" data-extra_key=\"\" data-attr-type=\"modified\" data-attr-date-format-select=\"j. F Y\" data-attr-date-format=\"F j, Y\" data-attr-show-time=\"0\" data-attr-time-format-select=\"G:i\" data-attr-time-format=\"\" data-attr-link=\"0\" data-attr-target=\"1\" data-attr-rel=\"0\" data-option-inline=\"1\">December 2, 2022 <\/span><\/p>\n<h3 style=\"text-align: center; padding-top: 0px !important; margin-top: 0px !important;\"><span data-attr-link=\"1\" data-attr-rel=\"0\" data-attr-target=\"0\" data-extra_key=\"\" data-option-inline=\"1\" data-shortcode=\"tcb_post_title\" data-shortcode-name=\"Post title\" data-attr-css=\"\" data-attr-static-link=\"{&quot;className&quot;:&quot;&quot;,&quot;href&quot;:&quot;https:\/\/www.paristouristinformation.fr\/es\/?p=5501&quot;,&quot;title&quot;:&quot;Crucero por el r\u00edo Sena: Bateaux Parisiens con audiogu\u00eda gratis&quot;,&quot;class&quot;:&quot;&quot;}\" style=\"\"><a href=\"https:\/\/www.paristouristinformation.fr\/es\/restaurantes\/romantico\/\" title=\"7 restaurantes rom\u00e1nticos para una cita en Par\u00eds\" data-css=\"\">7 restaurantes rom\u00e1nticos para una cita en Par\u00eds<\/a><\/span><\/h3>\n<h2 style=\"text-align: center;\" id=\"t-1630094588390\">El estilo de vida \u00fanico de Par\u00eds<\/h2>\n<p style=\"text-align: center;\">experiencia<\/p>\n<h2 style=\"\" id=\"t-1630094588391\"><span data-attr-css=\"tve-u-178f542b091\" data-attr-link=\"1\" data-attr-rel=\"0\" data-attr-target=\"0\" data-extra_key=\"\" data-option-inline=\"1\" data-shortcode=\"tcb_post_title\" data-shortcode-name=\"Post title\" data-attr-static-link=\"{&quot;className&quot;:&quot;&quot;,&quot;href&quot;:&quot;https:\/\/www.paristouristinformation.fr\/es\/estilo-de-vida\/&quot;,&quot;title&quot;:&quot;La gu\u00eda completa del estilo de vida parisino&quot;,&quot;data-css&quot;:&quot;tve-u-178f542b091&quot;,&quot;class&quot;:&quot;&quot;}\"><a href=\"https:\/\/www.paristouristinformation.fr\/es\/estilo-de-vida\/\" title=\"La gu\u00eda completa del estilo de vida parisino\">La gu\u00eda completa del estilo de vida parisino<\/a><\/span><\/h2>\n<p><a href=\"https:\/\/www.paristouristinformation.fr\/es\/estilo-de-vida\/\"><span style=\"\"><span style=\"\">Leer m\u00e1s<\/span><\/span><\/a><a href=\"https:\/\/www.paristouristinformation.fr\/es\/restaurantes\/cafe\/\" dynamic-postlink=\"tcb_post_the_permalink\" data-shortcode-id=\"410\"><\/a><\/p>\n<p style=\"text-align: center;\"><span data-shortcode=\"tcb_post_published_date\" data-shortcode-name=\"Post date\" data-extra_key=\"\" data-attr-type=\"modified\" data-attr-date-format-select=\"j. F Y\" data-attr-date-format=\"F j, Y\" data-attr-show-time=\"0\" data-attr-time-format-select=\"G:i\" data-attr-time-format=\"\" data-attr-link=\"0\" data-attr-target=\"1\" data-attr-rel=\"0\" data-option-inline=\"1\">January 25, 2022 <\/span><\/p>\n<h3 style=\"text-align: center; padding-top: 0px !important; margin-top: 0px !important;\"><span data-attr-link=\"1\" data-attr-rel=\"0\" data-attr-target=\"0\" data-extra_key=\"\" data-option-inline=\"1\" data-shortcode=\"tcb_post_title\" data-shortcode-name=\"Post title\" data-attr-css=\"\" data-attr-static-link=\"{&quot;className&quot;:&quot;&quot;,&quot;href&quot;:&quot;https:\/\/www.paristouristinformation.fr\/es\/restaurantes\/cafe\/&quot;,&quot;title&quot;:&quot;Los 20 mejores caf\u00e9s parisinos de Par\u00eds&quot;,&quot;class&quot;:&quot;&quot;}\" style=\"\"><a href=\"https:\/\/www.paristouristinformation.fr\/es\/restaurantes\/cafe\/\" title=\"Los 20 mejores caf\u00e9s parisinos de Par\u00eds\" data-css=\"\">Los 20 mejores caf\u00e9s parisinos de Par\u00eds<\/a><\/span><\/h3>\n<p><a href=\"https:\/\/www.paristouristinformation.fr\/es\/restaurantes\/cocina-francesa\/\" dynamic-postlink=\"tcb_post_the_permalink\" data-shortcode-id=\"410\"><\/a><\/p>\n<p style=\"text-align: center;\"><span data-shortcode=\"tcb_post_published_date\" data-shortcode-name=\"Post date\" data-extra_key=\"\" data-attr-type=\"modified\" data-attr-date-format-select=\"j. F Y\" data-attr-date-format=\"F j, Y\" data-attr-show-time=\"0\" data-attr-time-format-select=\"G:i\" data-attr-time-format=\"\" data-attr-link=\"0\" data-attr-target=\"1\" data-attr-rel=\"0\" data-option-inline=\"1\">January 25, 2022 <\/span><\/p>\n<h3 style=\"text-align: center; padding-top: 0px !important; margin-top: 0px !important;\"><span data-attr-link=\"1\" data-attr-rel=\"0\" data-attr-target=\"0\" data-extra_key=\"\" data-option-inline=\"1\" data-shortcode=\"tcb_post_title\" data-shortcode-name=\"Post title\" data-attr-css=\"\" data-attr-static-link=\"{&quot;className&quot;:&quot;&quot;,&quot;href&quot;:&quot;https:\/\/www.paristouristinformation.fr\/es\/restaurantes\/cafe\/&quot;,&quot;title&quot;:&quot;Los 20 mejores caf\u00e9s parisinos de Par\u00eds&quot;,&quot;class&quot;:&quot;&quot;}\" style=\"\"><a href=\"https:\/\/www.paristouristinformation.fr\/es\/restaurantes\/cocina-francesa\/\" title=\"8 platos de la cocina francesa que hay que probar en Par\u00eds\" data-css=\"\">8 platos de la cocina francesa que hay que probar en Par\u00eds<\/a><\/span><\/h3>\n<p><a href=\"https:\/\/www.paristouristinformation.fr\/es\/cosas-que-hacer\/teatros\/\" dynamic-postlink=\"tcb_post_the_permalink\" data-shortcode-id=\"410\"><\/a><\/p>\n<p style=\"text-align: center;\"><span data-shortcode=\"tcb_post_published_date\" data-shortcode-name=\"Post date\" data-extra_key=\"\" data-attr-type=\"modified\" data-attr-date-format-select=\"j. F Y\" data-attr-date-format=\"F j, Y\" data-attr-show-time=\"0\" data-attr-time-format-select=\"G:i\" data-attr-time-format=\"\" data-attr-link=\"0\" data-attr-target=\"1\" data-attr-rel=\"0\" data-option-inline=\"1\">May 11, 2023 <\/span><\/p>\n<h3 style=\"text-align: center; padding-top: 0px !important; margin-top: 0px !important;\"><span data-attr-link=\"1\" data-attr-rel=\"0\" data-attr-target=\"0\" data-extra_key=\"\" data-option-inline=\"1\" data-shortcode=\"tcb_post_title\" data-shortcode-name=\"Post title\" data-attr-css=\"\" data-attr-static-link=\"{&quot;className&quot;:&quot;&quot;,&quot;href&quot;:&quot;https:\/\/www.paristouristinformation.fr\/es\/restaurantes\/cafe\/&quot;,&quot;title&quot;:&quot;Los 20 mejores caf\u00e9s parisinos de Par\u00eds&quot;,&quot;class&quot;:&quot;&quot;}\" style=\"\"><a href=\"https:\/\/www.paristouristinformation.fr\/es\/cosas-que-hacer\/teatros\/\" title=\"12 Teatros y cabarets para espect\u00e1culos en Par\u00eds [con entradas]\" data-css=\"\">12 Teatros y cabarets para espect\u00e1culos en Par\u00eds [con entradas]<\/a><\/span><\/h3>\n<h2 style=\"text-align: center;\" id=\"t-1630094588392\">\u00bfQu\u00e9 hacer con los ni\u00f1os en Par\u00eds?<\/h2>\n<p style=\"text-align: center;\">experiencia<\/p>\n<h2 style=\"\" id=\"t-1630094588393\"><span data-attr-css=\"tve-u-178f544310a\" data-attr-link=\"1\" data-attr-rel=\"0\" data-attr-target=\"0\" data-extra_key=\"\" data-option-inline=\"1\" data-shortcode=\"tcb_post_title\" data-shortcode-name=\"Post title\" data-attr-static-link=\"{&quot;className&quot;:&quot;&quot;,&quot;href&quot;:&quot;https:\/\/www.paristouristinformation.fr\/es\/cosas-que-hacer\/para-ninos\/&quot;,&quot;title&quot;:&quot;27 Cosas que hacer con ni\u00f1os en Par\u00eds&quot;,&quot;data-css&quot;:&quot;tve-u-178f544310a&quot;,&quot;class&quot;:&quot;&quot;}\"><a href=\"https:\/\/www.paristouristinformation.fr\/es\/cosas-que-hacer\/para-ninos\/\" title=\"27 Cosas que hacer con ni\u00f1os en Par\u00eds\">27 Cosas que hacer con ni\u00f1os en Par\u00eds<\/a><\/span><\/h2>\n<p><a href=\"https:\/\/www.paristouristinformation.fr\/es\/cosas-que-hacer\/para-ninos\/\"><span style=\"\"><span style=\"\">Leer m\u00e1s<\/span><\/span><\/a><\/p>\n<h2 style=\"text-align: center;\" id=\"t-1630094588394\">Comida, Vida Nocturna y Compras<\/h2>\n<p style=\"text-align: center;\">Experiencia<\/p>\n<h2 style=\"\" id=\"t-1630094588395\"><span data-attr-css=\"tve-u-178f540992d\" data-attr-link=\"1\" data-attr-rel=\"0\" data-attr-target=\"0\" data-extra_key=\"\" data-option-inline=\"1\" data-shortcode=\"tcb_post_title\" data-shortcode-name=\"Post title\" data-attr-static-link=\"{&quot;className&quot;:&quot;&quot;,&quot;href&quot;:&quot;https:\/\/www.paristouristinformation.fr\/es\/restaurantes\/&quot;,&quot;title&quot;:&quot;Gu\u00eda completa de restaurantes en Par\u00eds: Platos, Caf\u00e9s, Comida Francesa\u2026&quot;,&quot;data-css&quot;:&quot;tve-u-178f540992d&quot;,&quot;class&quot;:&quot;&quot;}\"><a href=\"https:\/\/www.paristouristinformation.fr\/es\/restaurantes\/\" title=\"Gu\u00eda completa de restaurantes en Par\u00eds: Platos, Caf\u00e9s, Comida Francesa\u2026\">Gu\u00eda completa de restaurantes en Par\u00eds: Platos, Caf\u00e9s, Comida Francesa\u2026<\/a><\/span><\/h2>\n<p><a href=\"https:\/\/www.paristouristinformation.fr\/es\/restaurantes\/\"><span style=\"\"><span style=\"\">Leer m\u00e1s<\/span><\/span><\/a><a href=\"https:\/\/www.paristouristinformation.fr\/es\/compras\/calles\/\" dynamic-postlink=\"tcb_post_the_permalink\" data-shortcode-id=\"3879\"><\/a><\/p>\n<p style=\"text-align: center;\"><span data-shortcode=\"tcb_post_published_date\" data-shortcode-name=\"Post date\" data-extra_key=\"\" data-attr-type=\"modified\" data-attr-date-format-select=\"j. F Y\" data-attr-date-format=\"F j, Y\" data-attr-show-time=\"0\" data-attr-time-format-select=\"G:i\" data-attr-time-format=\"\" data-attr-link=\"0\" data-attr-target=\"1\" data-attr-rel=\"0\" data-option-inline=\"1\">December 2, 2022 <\/span><\/p>\n<h3 style=\"text-align: center; padding-top: 0px !important; margin-top: 0px !important;\"><span data-attr-link=\"1\" data-attr-rel=\"0\" data-attr-target=\"0\" data-extra_key=\"\" data-option-inline=\"1\" data-shortcode=\"tcb_post_title\" data-shortcode-name=\"Post title\" data-attr-css=\"\" data-attr-static-link=\"{&quot;className&quot;:&quot;&quot;,&quot;href&quot;:&quot;https:\/\/www.paristouristinformation.fr\/es\/compras\/calles\/&quot;,&quot;title&quot;:&quot;Las 7 mejores calles comerciales de Par\u00eds&quot;,&quot;class&quot;:&quot;&quot;}\" style=\"\"><a href=\"https:\/\/www.paristouristinformation.fr\/es\/compras\/calles\/\" title=\"Las 7 mejores calles comerciales de Par\u00eds\" data-css=\"\">Las 7 mejores calles comerciales de Par\u00eds<\/a><\/span><\/h3>\n<p><a href=\"https:\/\/www.paristouristinformation.fr\/es\/vida-nocturna\/\" dynamic-postlink=\"tcb_post_the_permalink\" data-shortcode-id=\"3879\"><\/a><\/p>\n<p style=\"text-align: center;\"><span data-shortcode=\"tcb_post_published_date\" data-shortcode-name=\"Post date\" data-extra_key=\"\" data-attr-type=\"modified\" data-attr-date-format-select=\"j. F Y\" data-attr-date-format=\"F j, Y\" data-attr-show-time=\"0\" data-attr-time-format-select=\"G:i\" data-attr-time-format=\"\" data-attr-link=\"0\" data-attr-target=\"1\" data-attr-rel=\"0\" data-option-inline=\"1\">July 26, 2022 <\/span><\/p>\n<h3 style=\"text-align: center; padding-top: 0px !important; margin-top: 0px !important;\"><span data-attr-link=\"1\" data-attr-rel=\"0\" data-attr-target=\"0\" data-extra_key=\"\" data-option-inline=\"1\" data-shortcode=\"tcb_post_title\" data-shortcode-name=\"Post title\" data-attr-css=\"\" data-attr-static-link=\"{&quot;className&quot;:&quot;&quot;,&quot;href&quot;:&quot;https:\/\/www.paristouristinformation.fr\/es\/compras\/calles\/&quot;,&quot;title&quot;:&quot;Las 7 mejores calles comerciales de Par\u00eds&quot;,&quot;class&quot;:&quot;&quot;}\" style=\"\"><a href=\"https:\/\/www.paristouristinformation.fr\/es\/vida-nocturna\/\" title=\"La gu\u00eda completa de la vida nocturna en Par\u00eds: Bares, discotecas, espect\u00e1culos\u2026\" data-css=\"\">La gu\u00eda completa de la vida nocturna en Par\u00eds: Bares, discotecas, espect\u00e1culos\u2026<\/a><\/span><\/h3>\n<h2 style=\"text-align: center;\" id=\"t-1643800769726\">Ayude a planificar su viaje a Par\u00eds<\/h2>\n<p style=\"\">Disfrute de la ayuda de los mejores planificadores de viajes a Par\u00eds, con programas exclusivos a medida y experiencias \u00fanicas. Nuestro equipo se dedica a hacer que el viaje de los viajeros sea m\u00e1s barato, m\u00e1s f\u00e1cil y m\u00e1s divertido. Por favor, rellene este formulario y obtenga una respuesta en 24H.<\/p>\n<p>__CONFIG_colors_palette__{\u00abactive_palette\u00bb:0,\u00bbconfig\u00bb:{\u00abcolors\u00bb:{\u00ab493bf\u00bb:{\u00abname\u00bb:\u00bbMain Accent\u00bb,\u00bbparent\u00bb:-1},\u00bb076c1&#8243;:{\u00abname\u00bb:\u00bbMain Accent Light\u00bb,\u00bbparent\u00bb:\u00bb493bf\u00bb,\u00bblock\u00bb:{\u00ablightness\u00bb:1}}},\u00bbgradients\u00bb:[]},\u00bbpalettes\u00bb:[{\u00abname\u00bb:\u00bbDefault\u00bb,\u00bbvalue\u00bb:{\u00abcolors\u00bb:{\u00ab493bf\u00bb:{\u00abval\u00bb:\u00bbvar(&#8211;tcb-skin-color-0)\u00bb},\u00bb076c1&#8243;:{\u00abval\u00bb:\u00bbrgba(247, 29, 61, 0.6)\u00bb,\u00bbhsl_parent_dependency\u00bb:{\u00abh\u00bb:351,\u00bbl\u00bb:0.54,\u00bbs\u00bb:0.93}}},\u00bbgradients\u00bb:[]},\u00bboriginal\u00bb:{\u00abcolors\u00bb:{\u00ab493bf\u00bb:{\u00abval\u00bb:\u00bbrgb(47, 138, 229)\u00bb,\u00bbhsl\u00bb:{\u00abh\u00bb:210,\u00bbs\u00bb:0.77,\u00bbl\u00bb:0.54,\u00bba\u00bb:1}},\u00bb076c1&#8243;:{\u00abval\u00bb:\u00bbrgba(47, 138, 229, 0.6)\u00bb,\u00bbhsl_parent_dependency\u00bb:{\u00abh\u00bb:210,\u00bbs\u00bb:0.77,\u00bbl\u00bb:0.54,\u00bba\u00bb:0.6}}},\u00bbgradients\u00bb:[]}}]}__CONFIG_colors_palette__    Name      Preferred Contact   __CONFIG_colors_palette__{\u00abactive_palette\u00bb:0,\u00bbconfig\u00bb:{\u00abcolors\u00bb:{\u00ab30800\u00bb:{\u00abname\u00bb:\u00bbMain Accent\u00bb,\u00bbparent\u00bb:-1},\u00bbf2bba\u00bb:{\u00abname\u00bb:\u00bbMain Light 10&#8243;,\u00bbparent\u00bb:\u00bb30800&#8243;},\u00bbtrewq\u00bb:{\u00abname\u00bb:\u00bbMain Light 30&#8243;,\u00bbparent\u00bb:\u00bb30800&#8243;},\u00bbfrty6&#8243;:{\u00abname\u00bb:\u00bbMain Light 45&#8243;,\u00bbparent\u00bb:\u00bb30800&#8243;},\u00bbflktr\u00bb:{\u00abname\u00bb:\u00bbMain Light 80&#8243;,\u00bbparent\u00bb:\u00bb30800&#8243;}},\u00bbgradients\u00bb:[]},\u00bbpalettes\u00bb:[{\u00abname\u00bb:\u00bbDefault\u00bb,\u00bbvalue\u00bb:{\u00abcolors\u00bb:{\u00ab30800\u00bb:{\u00abval\u00bb:\u00bbhsla(350, 94%, 47%, 1)\u00bb,\u00bbhsl\u00bb:{\u00abh\u00bb:350,\u00bbs\u00bb:0.94,\u00bbl\u00bb:0.47,\u00bba\u00bb:1}},\u00bbf2bba\u00bb:{\u00abval\u00bb:\u00bbrgba(253, 59, 91, 0.1)\u00bb,\u00bbhsl_parent_dependency\u00bb:{\u00abh\u00bb:350.10309278350513,\u00bbs\u00bb:0.9797979797979799,\u00bbl\u00bb:0.611764705882353,\u00bba\u00bb:0.1}},\u00bbtrewq\u00bb:{\u00abval\u00bb:\u00bbrgba(253, 59, 91, 0.3)\u00bb,\u00bbhsl_parent_dependency\u00bb:{\u00abh\u00bb:350.10309278350513,\u00bbs\u00bb:0.9797979797979799,\u00bbl\u00bb:0.611764705882353,\u00bba\u00bb:0.3}},\u00bbfrty6&#8243;:{\u00abval\u00bb:\u00bbrgba(253, 59, 91, 0.45)\u00bb,\u00bbhsl_parent_dependency\u00bb:{\u00abh\u00bb:350.10309278350513,\u00bbs\u00bb:0.9797979797979799,\u00bbl\u00bb:0.611764705882353,\u00bba\u00bb:0.45}},\u00bbflktr\u00bb:{\u00abval\u00bb:\u00bbrgba(253, 59, 91, 0.8)\u00bb,\u00bbhsl_parent_dependency\u00bb:{\u00abh\u00bb:350.10309278350513,\u00bbs\u00bb:0.9797979797979799,\u00bbl\u00bb:0.611764705882353,\u00bba\u00bb:0.8}}},\u00bbgradients\u00bb:[]},\u00bboriginal\u00bb:{\u00abcolors\u00bb:{\u00ab30800\u00bb:{\u00abval\u00bb:\u00bbrgb(59, 136, 253)\u00bb,\u00bbhsl\u00bb:{\u00abh\u00bb:216,\u00bbs\u00bb:0.98,\u00bbl\u00bb:0.61}},\u00bbf2bba\u00bb:{\u00abval\u00bb:\u00bbrgba(59, 136, 253, 0.1)\u00bb,\u00bbhsl_parent_dependency\u00bb:{\u00abh\u00bb:216,\u00bbs\u00bb:0.98,\u00bbl\u00bb:0.61,\u00bba\u00bb:0.1}},\u00bbtrewq\u00bb:{\u00abval\u00bb:\u00bbrgba(59, 136, 253, 0.3)\u00bb,\u00bbhsl_parent_dependency\u00bb:{\u00abh\u00bb:216,\u00bbs\u00bb:0.98,\u00bbl\u00bb:0.61,\u00bba\u00bb:0.3}},\u00bbfrty6&#8243;:{\u00abval\u00bb:\u00bbrgba(59, 136, 253, 0.45)\u00bb,\u00bbhsl_parent_dependency\u00bb:{\u00abh\u00bb:216,\u00bbs\u00bb:0.98,\u00bbl\u00bb:0.61,\u00bba\u00bb:0.45}},\u00bbflktr\u00bb:{\u00abval\u00bb:\u00bbrgba(59, 136, 253, 0.8)\u00bb,\u00bbhsl_parent_dependency\u00bb:{\u00abh\u00bb:216,\u00bbs\u00bb:0.98,\u00bbl\u00bb:0.61,\u00bba\u00bb:0.8}}},\u00bbgradients\u00bb:[]}}]}__CONFIG_colors_palette__   <span style=\"\"><\/span> <span style=\"\">Callback<\/span>  __CONFIG_colors_palette__{\u00abactive_palette\u00bb:0,\u00bbconfig\u00bb:{\u00abcolors\u00bb:{\u00ab30800\u00bb:{\u00abname\u00bb:\u00bbMain Accent\u00bb,\u00bbparent\u00bb:-1},\u00bbf2bba\u00bb:{\u00abname\u00bb:\u00bbMain Light 10&#8243;,\u00bbparent\u00bb:\u00bb30800&#8243;},\u00bbtrewq\u00bb:{\u00abname\u00bb:\u00bbMain Light 30&#8243;,\u00bbparent\u00bb:\u00bb30800&#8243;},\u00bbfrty6&#8243;:{\u00abname\u00bb:\u00bbMain Light 45&#8243;,\u00bbparent\u00bb:\u00bb30800&#8243;},\u00bbflktr\u00bb:{\u00abname\u00bb:\u00bbMain Light 80&#8243;,\u00bbparent\u00bb:\u00bb30800&#8243;}},\u00bbgradients\u00bb:[]},\u00bbpalettes\u00bb:[{\u00abname\u00bb:\u00bbDefault\u00bb,\u00bbvalue\u00bb:{\u00abcolors\u00bb:{\u00ab30800\u00bb:{\u00abval\u00bb:\u00bbhsla(350, 94%, 47%, 1)\u00bb,\u00bbhsl\u00bb:{\u00abh\u00bb:350,\u00bbs\u00bb:0.94,\u00bbl\u00bb:0.47,\u00bba\u00bb:1}},\u00bbf2bba\u00bb:{\u00abval\u00bb:\u00bbrgba(253, 59, 91, 0.1)\u00bb,\u00bbhsl_parent_dependency\u00bb:{\u00abh\u00bb:350.10309278350513,\u00bbs\u00bb:0.9797979797979799,\u00bbl\u00bb:0.611764705882353,\u00bba\u00bb:0.1}},\u00bbtrewq\u00bb:{\u00abval\u00bb:\u00bbrgba(253, 59, 91, 0.3)\u00bb,\u00bbhsl_parent_dependency\u00bb:{\u00abh\u00bb:350.10309278350513,\u00bbs\u00bb:0.9797979797979799,\u00bbl\u00bb:0.611764705882353,\u00bba\u00bb:0.3}},\u00bbfrty6&#8243;:{\u00abval\u00bb:\u00bbrgba(253, 59, 91, 0.45)\u00bb,\u00bbhsl_parent_dependency\u00bb:{\u00abh\u00bb:350.10309278350513,\u00bbs\u00bb:0.9797979797979799,\u00bbl\u00bb:0.611764705882353,\u00bba\u00bb:0.45}},\u00bbflktr\u00bb:{\u00abval\u00bb:\u00bbrgba(253, 59, 91, 0.8)\u00bb,\u00bbhsl_parent_dependency\u00bb:{\u00abh\u00bb:350.10309278350513,\u00bbs\u00bb:0.9797979797979799,\u00bbl\u00bb:0.611764705882353,\u00bba\u00bb:0.8}}},\u00bbgradients\u00bb:[]},\u00bboriginal\u00bb:{\u00abcolors\u00bb:{\u00ab30800\u00bb:{\u00abval\u00bb:\u00bbrgb(59, 136, 253)\u00bb,\u00bbhsl\u00bb:{\u00abh\u00bb:216,\u00bbs\u00bb:0.98,\u00bbl\u00bb:0.61}},\u00bbf2bba\u00bb:{\u00abval\u00bb:\u00bbrgba(59, 136, 253, 0.1)\u00bb,\u00bbhsl_parent_dependency\u00bb:{\u00abh\u00bb:216,\u00bbs\u00bb:0.98,\u00bbl\u00bb:0.61,\u00bba\u00bb:0.1}},\u00bbtrewq\u00bb:{\u00abval\u00bb:\u00bbrgba(59, 136, 253, 0.3)\u00bb,\u00bbhsl_parent_dependency\u00bb:{\u00abh\u00bb:216,\u00bbs\u00bb:0.98,\u00bbl\u00bb:0.61,\u00bba\u00bb:0.3}},\u00bbfrty6&#8243;:{\u00abval\u00bb:\u00bbrgba(59, 136, 253, 0.45)\u00bb,\u00bbhsl_parent_dependency\u00bb:{\u00abh\u00bb:216,\u00bbs\u00bb:0.98,\u00bbl\u00bb:0.61,\u00bba\u00bb:0.45}},\u00bbflktr\u00bb:{\u00abval\u00bb:\u00bbrgba(59, 136, 253, 0.8)\u00bb,\u00bbhsl_parent_dependency\u00bb:{\u00abh\u00bb:216,\u00bbs\u00bb:0.98,\u00bbl\u00bb:0.61,\u00bba\u00bb:0.8}}},\u00bbgradients\u00bb:[]}}]}__CONFIG_colors_palette__   <span style=\"\"><\/span> <span style=\"\">E-Mail<\/span>   Message   <span style=\"\">0 of 3000<\/span> characters  __CONFIG_colors_palette__{\u00abactive_palette\u00bb:0,\u00bbconfig\u00bb:{\u00abcolors\u00bb:{\u00ab9bd08\u00bb:{\u00abname\u00bb:\u00bbMain Accent\u00bb,\u00bbparent\u00bb:-1}},\u00bbgradients\u00bb:[]},\u00bbpalettes\u00bb:[{\u00abname\u00bb:\u00bbDefault Palette\u00bb,\u00bbvalue\u00bb:{\u00abcolors\u00bb:{\u00ab9bd08\u00bb:{\u00abval\u00bb:\u00bbvar(&#8211;tcb-local-color-687c7)\u00bb}},\u00bbgradients\u00bb:[]},\u00bboriginal\u00bb:{\u00abcolors\u00bb:{\u00ab9bd08\u00bb:{\u00abval\u00bb:\u00bbrgb(19, 114, 211)\u00bb,\u00bbhsl\u00bb:{\u00abh\u00bb:210,\u00bbs\u00bb:0.83,\u00bbl\u00bb:0.45}}},\u00bbgradients\u00bb:[]}}]}__CONFIG_colors_palette__ <a href=\"#\"> <span style=\"\"><span style=\"\" data-tcb_hover_state_parent=\"\">Send Message<\/span><\/span> <\/a><\/p>\n","protected":false},"excerpt":{"rendered":"<p>Atracciones populares en Par\u00eds experiencia 15 Atracciones mejor valoradas de Par\u00eds Leer m\u00e1s February 22, 2021 Seine River Cruise: Bateaux Parisiens with Free Audioguide May 11, 2023 Disneyland Par\u00eds: Entradas, atracciones, hoteles y ofertas December 2, 2022 7 restaurantes rom\u00e1nticos para una cita en Par\u00eds El estilo de vida \u00fanico de Par\u00eds experiencia La gu\u00eda [&hellip;]<\/p>\n","protected":false},"author":10,"featured_media":9068,"parent":0,"menu_order":0,"comment_status":"closed","ping_status":"closed","template":"","meta":{"footnotes":""},"tags":[],"class_list":["post-5187","page","type-page","status-publish","has-post-thumbnail","hentry","post-wrapper","thrv_wrapper"],"wp-worthy-pixel":{"ignored":false,"public":null,"server":null,"url":null},"wp-worthy-type":"normal","_links":{"self":[{"href":"https:\/\/www.paristouristinformation.fr\/es\/wp-json\/wp\/v2\/pages\/5187","targetHints":{"allow":["GET"]}}],"collection":[{"href":"https:\/\/www.paristouristinformation.fr\/es\/wp-json\/wp\/v2\/pages"}],"about":[{"href":"https:\/\/www.paristouristinformation.fr\/es\/wp-json\/wp\/v2\/types\/page"}],"author":[{"embeddable":true,"href":"https:\/\/www.paristouristinformation.fr\/es\/wp-json\/wp\/v2\/users\/10"}],"replies":[{"embeddable":true,"href":"https:\/\/www.paristouristinformation.fr\/es\/wp-json\/wp\/v2\/comments?post=5187"}],"version-history":[{"count":0,"href":"https:\/\/www.paristouristinformation.fr\/es\/wp-json\/wp\/v2\/pages\/5187\/revisions"}],"wp:featuredmedia":[{"embeddable":true,"href":"https:\/\/www.paristouristinformation.fr\/es\/wp-json\/wp\/v2\/media\/9068"}],"wp:attachment":[{"href":"https:\/\/www.paristouristinformation.fr\/es\/wp-json\/wp\/v2\/media?parent=5187"}],"wp:term":[{"taxonomy":"post_tag","embeddable":true,"href":"https:\/\/www.paristouristinformation.fr\/es\/wp-json\/wp\/v2\/tags?post=5187"}],"curies":[{"name":"wp","href":"https:\/\/api.w.org\/{rel}","templated":true}]}}