{"id":5920,"date":"2021-01-13T12:27:59","date_gmt":"2021-01-13T12:27:59","guid":{"rendered":"http:\/\/paristouristinformation.fr\/es\/?page_id=5920"},"modified":"2023-09-05T09:51:39","modified_gmt":"2023-09-05T09:51:39","slug":"opera-garnier","status":"publish","type":"page","link":"https:\/\/www.paristouristinformation.fr\/es\/cosas-que-hacer\/teatros\/opera-garnier\/","title":{"rendered":"Visite la \u00d3pera Garnier de Par\u00eds: Entradas, visitas e historia"},"content":{"rendered":"<p>Bienvenido al edificio m\u00e1s magn\u00edfico de Par\u00eds: la \u00d3pera Garnier.La famosa \u00d3pera de Par\u00eds es uno de los ejemplos m\u00e1s importantes de la arquitectura barroca en el mundo, construida por Charles Garnier e inaugurada en 1875. Est\u00e1 considerada como una obra maestra de la arquitectura de la segunda mitad del siglo XIX.El edificio de la \u00f3pera est\u00e1 catalogado como monumento hist\u00f3rico de Francia desde 1923. Es uno de los s\u00edmbolos de Par\u00eds, junto con la <a href=\"https:\/\/paristouristinformation.fr\/es\/cosas-que-hacer\/iglesia\/notre-dame\/\" target=\"_blank\" rel=\"noopener\"><strong>Catedral de Notre Dame<\/strong><\/a>, el <a href=\"https:\/\/paristouristinformation.fr\/es\/cosas-que-hacer\/museo\/louvre\/\" target=\"_blank\" rel=\"noopener\"><strong>Museo del Louvre<\/strong> <\/a>y la<em><strong>&nbsp;<\/strong><\/em><a href=\"https:\/\/paristouristinformation.fr\/es\/cosas-que-hacer\/iglesia\/sacre-coeur-basilica\/\" target=\"_blank\" rel=\"noopener\"><strong>Bas\u00edlica del Sacr\u00e9 Coeur.<\/strong><\/a>Descubra toda la informaci\u00f3n tur\u00edstica importante sobre el Palacio Garnier de Par\u00eds: Ubicaci\u00f3n, historia, actividades y mucho m\u00e1s a continuaci\u00f3n.<\/p>\n<h2 id=\"t-1610539832044\" style=\"\">What can I do at Op\u00e9ra Garnier ?<\/h2>\n<p><span><img decoding=\"async\" alt=\"\" data-id=\"7511\" width=\"702\" data-init-width=\"1000\" height=\"470\" data-init-height=\"670\" title=\"Opera Garnier in Paris in France\" src=\"http:\/\/paristouristinformation.fr\/es\/wp-content\/uploads\/2021\/02\/Opera-Garnier-in-Paris-in-France.jpg\" data-width=\"702\" data-height=\"470\" style=\"aspect-ratio: auto 1000 \/ 670;\" data-pin-media=\"http:\/\/paristouristinformation.fr\/es\/wp-content\/uploads\/2021\/03\/prag_50_sehenswuerdigkeiten_pinterest-11.jpg\" data-pin-description=\"Learn information about visit and guide to The Op\u00e9ra Garnier in Paris : Entrance, Tickets, Tours and History about this prestigious building of Paris.\" data-pin-url=\"http:\/\/paristouristinformation.fr\/es\/things-to-do\/theaters\/opera-garnier\/?tve=true&amp;tcbf=cfc9853f62\" loading=\"lazy\"><\/span><\/p>\n<p>La \u00d3pera Garnier ocupa una superficie de 11.000 metros cuadrados y posee un vasto escenario con capacidad para 450 artistas. El <strong>interior<\/strong> de la \u00f3pera, adornado con una <strong>rica decoraci\u00f3n<\/strong>, es una obra maestra de opulencia y esplendor art\u00edstico, una visita obligada para los amantes de la belleza arquitect\u00f3nica.Al entrar, los visitantes son recibidos por el<strong> opulento Gran Vest\u00edbulo<\/strong>, adornado con brillantes detalles en pan de oro, exquisitas ara\u00f1as de cristal y una pl\u00e9tora de intrincados detalles que dejar\u00e1n una impresi\u00f3n duradera. La entrada tambi\u00e9n cuenta con una magn\u00edfica <strong>escalera de m\u00e1rmo<\/strong>l que aumenta la grandeza de la experiencia.<\/p>\n<p>El ilusorio techo de la \u00f3pera fue repintado en 1964 por Marc Chagall, un pintor jud\u00edo de origen ruso. Para la decoraci\u00f3n interior se utilizaron unos 30 tipos de m\u00e1rmol procedentes de 8 pa\u00edses diferentes.\u00daltimamente, las \u00f3peras se representan sobre todo en la \u00d3pera de la Bastilla, mientras que los espect\u00e1culos de ballet se representan principalmente en la \u00d3pera Garnier.<\/p>\n<ul>\n<li><strong>Nota: <\/strong>Es posible que los visitantes no siempre tengan acceso a la sala de representaciones debido a las operaciones en curso del teatro.<strong><\/strong><\/li>\n<\/ul>\n<h3 style=\"\">Espect\u00e1culos en la \u00d3pera Garnier<\/h3>\n<p style=\"\">\u00d3peras, espect\u00e1culos de ballet y recitales esperan al p\u00fablico en el legendario ambiente de la \u00d3pera Garnier.<\/p>\n<p><a href=\"https:\/\/www.operadeparis.fr\/en\/programme-and-tickets\" target=\"_blank\" style=\"outline: none;\" rel=\"noopener nofollow\">Vea los pr\u00f3ximos eventos en la \u00d3pera Garnier.<\/a><\/p>\n<h3 style=\"\">El fantasma de la \u00f3pera<\/h3>\n<p>La \u00d3pera Garnier inspir\u00f3 la famosa novela \u00abEl fantasma de la \u00d3pera\u00bb, escrita por el periodista y cr\u00edtico de \u00f3pera franc\u00e9s Gaston Leroux. Se trata de una historia ficticia sobre un fantasma que vive en el lago bajo la \u00d3pera. El fantasma tutela a Christine, la chica del coro en secreto y as\u00ed se convierte en una gran soprano. Finalmente, el fantasma se enamora de ella y sigue apareciendo en la \u00d3pera.La novela se ha representado con \u00e9xito muchas veces en el teatro y el cine, sobre todo la pel\u00edcula de 1925 con Lon Chaney y el musical de 1986 de Andrew Lloyd Webber.<\/p>\n<p><span><img decoding=\"async\" alt=\"\" data-id=\"7522\" width=\"702\" data-init-width=\"1000\" height=\"470\" data-init-height=\"670\" title=\"Opera Garnier ceiling in Paris in France\" src=\"http:\/\/paristouristinformation.fr\/es\/wp-content\/uploads\/2021\/02\/Opera-Garnier-ceiling-in-Paris-in-France.jpg\" data-width=\"702\" data-height=\"470\" style=\"aspect-ratio: auto 1000 \/ 670;\" data-pin-media=\"http:\/\/paristouristinformation.fr\/es\/wp-content\/uploads\/2021\/03\/prag_50_sehenswuerdigkeiten_pinterest-11.jpg\" data-pin-description=\"Learn information about visit and guide to The Op\u00e9ra Garnier in Paris : Entrance, Tickets, Tours and History about this prestigious building of Paris.\" data-pin-url=\"http:\/\/paristouristinformation.fr\/es\/things-to-do\/theaters\/opera-garnier\/?tve=true&amp;tcbf=cfc9853f62\" loading=\"lazy\"><\/span><\/p>\n<h2 id=\"t-1610539832045\" style=\"\">Entrada, billetes y visitas<\/h2>\n<p style=\"\">El interior del edificio de la \u00d3pera Garnier est\u00e1 abierto a las visitas tur\u00edsticas. Puede comprar las entradas para las visitas o los espect\u00e1culos en el sitio o en l\u00ednea.<\/p>\n<ul>\n<li><span style=\"\"><strong>Entrada : <\/strong>La \u00d3pera de Par\u00eds le ofrece la posibilidad de descubrir los tesoros de los espacios p\u00fablicos del Palacio Garnier, obra maestra de la arquitectura art\u00edstica teatral del siglo XIX. Esta entrada tambi\u00e9n le da acceso a las exposiciones actuales (cuando est\u00e1n disponibles).<\/span><\/li>\n<li style=\"\"><span style=\"\"><strong>Entradas:&nbsp;<\/strong>Se sugiere reservar las entradas para las visitas y los teatros con antelaci\u00f3n para que la entrada sea r\u00e1pida y f\u00e1cil. Aunque debe tener en cuenta que tambi\u00e9n hay m\u00e1quinas autom\u00e1ticas de venta de entradas para su uso. <a href=\"https:\/\/www.tiqets.com\/en\/paris-attractions-c66746\/tickets-for-opera-garnier-self-guided-tour-p974598\/?partner=checkfortrip\" style=\"outline: none;\" target=\"_blank\" rel=\"nofollow noopener\">Entrada para la visita autoguiada en la \u00d3pera Garnier.<\/a>.<\/span><\/li>\n<\/ul>\n<ul>\n<li><span style=\"\">Para ahorrar tiempo y dinero, y evitarle problemas, puede preparar su viaje comprando por adelantado todos los billetes online que necesite en nuestra tienda oficial de <em><strong>billetes de Par\u00eds.<\/strong><\/em><\/span><\/li>\n<\/ul>\n<p>__CONFIG_colors_palette__{\u00abactive_palette\u00bb:0,\u00bbconfig\u00bb:{\u00abcolors\u00bb:{\u00abf8570\u00bb:{\u00abname\u00bb:\u00bbMain Accent\u00bb,\u00bbparent\u00bb:-1}},\u00bbgradients\u00bb:[]},\u00bbpalettes\u00bb:[{\u00abname\u00bb:\u00bbDefault Palette\u00bb,\u00bbvalue\u00bb:{\u00abcolors\u00bb:{\u00abf8570\u00bb:{\u00abval\u00bb:\u00bbvar(&#8211;tcb-skin-color-0)\u00bb}},\u00bbgradients\u00bb:[]},\u00bboriginal\u00bb:{\u00abcolors\u00bb:{\u00abf8570\u00bb:{\u00abval\u00bb:\u00bbrgb(19, 114, 211)\u00bb,\u00bbhsl\u00bb:{\u00abh\u00bb:210,\u00bbs\u00bb:0.83,\u00bbl\u00bb:0.45}}},\u00bbgradients\u00bb:[]}}]}__CONFIG_colors_palette__ <a href=\"http:\/\/paristouristinformation.fr\/es\/tours-and-tickets\/\"> <span><span style=\"\">Ir a la tienda de entradas de Par\u00eds<\/span><\/span> <\/a> <span><img decoding=\"async\" alt=\"\" data-id=\"7517\" width=\"702\" data-init-width=\"1000\" height=\"470\" data-init-height=\"670\" title=\"Opera Garni\u00e9r in Paris in France\" src=\"http:\/\/paristouristinformation.fr\/es\/wp-content\/uploads\/2021\/02\/Opera-Garnier-in-Paris-in-France-1.jpg\" data-width=\"702\" data-height=\"470\" style=\"aspect-ratio: auto 1000 \/ 670;\" data-pin-media=\"http:\/\/paristouristinformation.fr\/es\/wp-content\/uploads\/2021\/03\/prag_50_sehenswuerdigkeiten_pinterest-11.jpg\" data-pin-description=\"Learn information about visit and guide to The Op\u00e9ra Garnier in Paris : Entrance, Tickets, Tours and History about this prestigious building of Paris.\" data-pin-url=\"http:\/\/paristouristinformation.fr\/es\/things-to-do\/theaters\/opera-garnier\/?tve=true&amp;tcbf=cfc9853f62\" loading=\"lazy\"><\/span><\/p>\n<h2 id=\"t-1610539832046\" style=\"\">\u00bfC\u00f3mo llegar a la \u00d3pera Garnier?<\/h2>\n<ul>\n<li><strong>Metro : <\/strong>La estaci\u00f3n \u00abOp\u00e9ra\u00bb es la m\u00e1s cercana a la \u00d3pera Garnier en las l\u00edneas de metro 3,7 y 8. (250 m.)<\/li>\n<li><strong>RER-A : <\/strong>\u00abAuber\u00bb estaci\u00f3n (150 m.)<\/li>\n<li><strong>Autob\u00fas:<\/strong> 20, 21, 22, 27, 29, 42, 52, 53, 66, 68, 81 y 95<\/li>\n<\/ul>\n<h3 style=\"\"><span data-attr-link=\"1\" data-attr-rel=\"0\" data-attr-target=\"0\" data-extra_key=\"\" data-option-inline=\"1\" data-shortcode=\"tcb_post_title\" data-shortcode-name=\"Post title\" data-attr-css=\"\" style=\"\" data-attr-static-link=\"{&quot;className&quot;:&quot;&quot;,&quot;href&quot;:&quot;https:\/\/www.paristouristinformation.fr\/es\/cosas-que-hacer\/atracciones\/&quot;,&quot;title&quot;:&quot;15 Atracciones mejor valoradas de Par\u00eds&quot;,&quot;class&quot;:&quot;&quot;}\"><a href=\"https:\/\/www.paristouristinformation.fr\/es\/cosas-que-hacer\/teatros\/\" title=\"12 Teatros y cabarets para espect\u00e1culos en Par\u00eds [con entradas]\" data-css=\"\">12 Teatros y cabarets para espect\u00e1culos en Par\u00eds [con entradas]<\/a><\/span><\/h3>\n<h3 style=\"\"><span data-attr-link=\"1\" data-attr-rel=\"0\" data-attr-target=\"0\" data-extra_key=\"\" data-option-inline=\"1\" data-shortcode=\"tcb_post_title\" data-shortcode-name=\"Post title\" data-attr-css=\"\" style=\"\" data-attr-static-link=\"{&quot;className&quot;:&quot;&quot;,&quot;href&quot;:&quot;https:\/\/www.paristouristinformation.fr\/es\/cosas-que-hacer\/atracciones\/&quot;,&quot;title&quot;:&quot;15 Atracciones mejor valoradas de Par\u00eds&quot;,&quot;class&quot;:&quot;&quot;}\"><a href=\"https:\/\/www.paristouristinformation.fr\/es\/cosas-que-hacer\/atracciones\/\" title=\"15 Atracciones mejor valoradas de Par\u00eds\" data-css=\"\">15 Atracciones mejor valoradas de Par\u00eds<\/a><\/span><\/h3>\n<h2 id=\"t-1610539832050\" style=\"\">Preguntas frecuentes<\/h2>\n<p><span><img decoding=\"async\" alt=\"\" data-id=\"7520\" width=\"702\" data-init-width=\"1000\" height=\"470\" data-init-height=\"670\" title=\"palais garnier exterior in Paris in France\" src=\"http:\/\/paristouristinformation.fr\/es\/wp-content\/uploads\/2021\/02\/palais-garnier-exterior-in-Paris-in-France.jpg\" data-width=\"702\" data-height=\"470\" style=\"aspect-ratio: auto 1000 \/ 670;\" data-pin-media=\"http:\/\/paristouristinformation.fr\/es\/wp-content\/uploads\/2021\/03\/prag_50_sehenswuerdigkeiten_pinterest-11.jpg\" data-pin-description=\"Learn information about visit and guide to The Op\u00e9ra Garnier in Paris : Entrance, Tickets, Tours and History about this prestigious building of Paris.\" data-pin-url=\"http:\/\/paristouristinformation.fr\/es\/things-to-do\/theaters\/opera-garnier\/?tve=true&amp;tcbf=cfc9853f62\" loading=\"lazy\"><\/span><\/p>\n<h2 id=\"t-1610539832048\" style=\"\">Historia de la \u00d3pera Garnier<\/h2>\n<p>Napole\u00f3n III y su esposa fueron atacados por un grupo de rebeldes italianos en la antigua \u00f3pera, cerca de la actual \u00d3pera Garnier, situada en la calle Peletier, el 14 de enero de 1858. Afortunadamente, Napole\u00f3n III y su esposa consiguieron escapar y sobrevivir. Pero 8 personas murieron y unas 150 resultaron heridas durante este intento. Tras este incidente, Napole\u00f3n III inici\u00f3 la construcci\u00f3n de un nuevo teatro de la \u00f3pera que fuera m\u00e1s seguro. Se construy\u00f3 entre 1862 y 1875, y recibi\u00f3 el nombre del joven arquitecto Charles Garnier. Es un hecho interesante que este edificio, con todos sus detalles y esplendor, sea en realidad la primera obra de Charles Garnier. S\u00f3lo ten\u00eda 35 a\u00f1os cuando su proyecto fue seleccionado en el concurso sobre la nueva \u00f3pera.Napole\u00f3n III nunca tuvo la oportunidad de asistir a ning\u00fan evento en la nueva \u00f3pera. Fue expulsado del pa\u00eds durante la Guerra Franco-Prusiana y permaneci\u00f3 en el extranjero hasta su muerte en 1873.La \u00d3pera Garnier se inaugur\u00f3 en 1875 y fue conocida como \u00ab\u00d3pera de Par\u00eds\u00bb durante mucho tiempo, ya que era el principal teatro de \u00f3pera de Par\u00eds. La Op\u00e9ra Bastille se inaugur\u00f3 en 1989 en el barrio de la Bastilla y desde entonces se llam\u00f3 \u00abOp\u00e9ra Garnier\u00bb o \u00abPalais Garnier\u00bb.<\/p>\n<h2 style=\"\" id=\"t-1610541996568\">Contacte con<\/h2>\n<ul>\n<li><span style=\"\"><strong>Direcci\u00f3n: <\/strong>Place de l&#8217;Op\u00e9ra, 75009 Par\u00eds<\/span><\/li>\n<li><span style=\"\"><strong>Horario de apertura :&nbsp;<\/strong><a href=\"https:\/\/www.operadeparis.fr\/en\/visits\/palais-garnier\" target=\"_blank\" style=\"outline: none;\" rel=\"noopener nofollow\">Sitio web oficial de la \u00d3pera de Par\u00eds<\/a><\/span><\/li>\n<li><span style=\"\"><strong>Transporte p\u00fablico :<\/strong> La estaci\u00f3n de metro \u00abOp\u00e9ra\u00bb es la m\u00e1s cercana a la \u00d3pera Garnier en las l\u00edneas de metro 3,7 y 8. RER-A : Estaci\u00f3n \u00abAuber\u00bb.<\/span><\/li>\n<li style=\"\"><span style=\"\"><strong>P\u00e1gina web:&nbsp;<\/strong><a href=\"https:\/\/www.operadeparis.fr\/en\/visits\/palais-garnier\" target=\"_blank\" style=\"outline: none;\" rel=\"noopener nofollow\">Opera de Paris Official Website<\/a><\/span><\/li>\n<\/ul>\n<p>__CONFIG_colors_palette__{\u00abactive_palette\u00bb:0,\u00bbconfig\u00bb:{\u00abcolors\u00bb:{\u00ab50ce5\u00bb:{\u00abname\u00bb:\u00bbMain Accent\u00bb,\u00bbparent\u00bb:-1}},\u00bbgradients\u00bb:[]},\u00bbpalettes\u00bb:[{\u00abname\u00bb:\u00bbDefault Palette\u00bb,\u00bbvalue\u00bb:{\u00abcolors\u00bb:{\u00ab50ce5\u00bb:{\u00abval\u00bb:\u00bbvar(&#8211;tcb-skin-color-0)\u00bb,\u00bbhsl\u00bb:{\u00abh\u00bb:350,\u00bbs\u00bb:0.94,\u00bbl\u00bb:0.47,\u00bba\u00bb:1}}},\u00bbgradients\u00bb:[]},\u00bboriginal\u00bb:{\u00abcolors\u00bb:{\u00ab50ce5\u00bb:{\u00abval\u00bb:\u00bbrgb(19, 114, 211)\u00bb,\u00bbhsl\u00bb:{\u00abh\u00bb:210,\u00bbs\u00bb:0.83,\u00bbl\u00bb:0.45,\u00bba\u00bb:1}}},\u00bbgradients\u00bb:[]}}]}__CONFIG_colors_palette__ <a href=\"http:\/\/paristouristinformation.fr\/es\/things-to-do\/\" style=\"\"> <span><span style=\"\">M\u00e1s cosas que hacer en Par\u00eds<\/span><\/span> <\/a> <\/p>\n<h2 style=\"\" id=\"t-1639736333224\">Visitas y entradas a Par\u00eds<\/h2>\n<p style=\"text-align: left;\">Descubra Par\u00eds hoy mismo con las visitas y entradas m\u00e1s preferidas sin tener que hacer cola.<\/p>\n<h2 style=\"\" id=\"t-1693899483083\">Art\u00edculos relacionados:<\/h2>\n<p><a href=\"https:\/\/www.paristouristinformation.fr\/es\/restaurantes\/tejado\/\" dynamic-postlink=\"tcb_post_the_permalink\" data-shortcode-id=\"8389\"><\/a><\/p>\n<h3 style=\"text-align: center; padding-top: 0px !important; margin-top: 0px !important;\"><span data-attr-link=\"1\" data-attr-rel=\"0\" data-attr-target=\"0\" data-extra_key=\"\" data-option-inline=\"1\" data-shortcode=\"tcb_post_title\" data-shortcode-name=\"Post title\" data-attr-css=\"\" data-attr-static-link=\"{&quot;className&quot;:&quot;&quot;,&quot;href&quot;:&quot;https:\/\/www.paristouristinformation.fr\/es\/restaurantes\/tejado\/&quot;,&quot;title&quot;:&quot;10 Bares y restaurantes con vistas en Par\u00eds&quot;,&quot;class&quot;:&quot;&quot;}\" style=\"\"><a href=\"https:\/\/www.paristouristinformation.fr\/es\/restaurantes\/tejado\/\" title=\"10 Bares y restaurantes con vistas en Par\u00eds\" data-css=\"\">10 Bares y restaurantes con vistas en Par\u00eds<\/a><\/span><\/h3>\n<p><a href=\"https:\/\/www.paristouristinformation.fr\/es\/cosas-que-hacer\/teatros\/\" dynamic-postlink=\"tcb_post_the_permalink\" data-shortcode-id=\"8389\"><\/a><\/p>\n<h3 style=\"text-align: center; padding-top: 0px !important; margin-top: 0px !important;\"><span data-attr-link=\"1\" data-attr-rel=\"0\" data-attr-target=\"0\" data-extra_key=\"\" data-option-inline=\"1\" data-shortcode=\"tcb_post_title\" data-shortcode-name=\"Post title\" data-attr-css=\"\" data-attr-static-link=\"{&quot;className&quot;:&quot;&quot;,&quot;href&quot;:&quot;https:\/\/www.paristouristinformation.fr\/es\/restaurantes\/tejado\/&quot;,&quot;title&quot;:&quot;10 Bares y restaurantes con vistas en Par\u00eds&quot;,&quot;class&quot;:&quot;&quot;}\" style=\"\"><a href=\"https:\/\/www.paristouristinformation.fr\/es\/cosas-que-hacer\/teatros\/\" title=\"12 Teatros y cabarets para espect\u00e1culos en Par\u00eds [con entradas]\" data-css=\"\">12 Teatros y cabarets para espect\u00e1culos en Par\u00eds [con entradas]<\/a><\/span><\/h3>\n<p><a href=\"https:\/\/www.paristouristinformation.fr\/es\/restaurantes\/cafe\/\" dynamic-postlink=\"tcb_post_the_permalink\" data-shortcode-id=\"8389\"><\/a><\/p>\n<h3 style=\"text-align: center; padding-top: 0px !important; margin-top: 0px !important;\"><span data-attr-link=\"1\" data-attr-rel=\"0\" data-attr-target=\"0\" data-extra_key=\"\" data-option-inline=\"1\" data-shortcode=\"tcb_post_title\" data-shortcode-name=\"Post title\" data-attr-css=\"\" data-attr-static-link=\"{&quot;className&quot;:&quot;&quot;,&quot;href&quot;:&quot;https:\/\/www.paristouristinformation.fr\/es\/restaurantes\/tejado\/&quot;,&quot;title&quot;:&quot;10 Bares y restaurantes con vistas en Par\u00eds&quot;,&quot;class&quot;:&quot;&quot;}\" style=\"\"><a href=\"https:\/\/www.paristouristinformation.fr\/es\/restaurantes\/cafe\/\" title=\"20 Mejores caf\u00e9s parisinos de Par\u00eds\" data-css=\"\">20 Mejores caf\u00e9s parisinos de Par\u00eds<\/a><\/span><\/h3>\n<p><a href=\"https:\/\/www.paristouristinformation.fr\/es\/cosas-que-hacer\/hop-on-hop-off\/\" dynamic-postlink=\"tcb_post_the_permalink\" data-shortcode-id=\"8389\"><\/a><\/p>\n<h3 style=\"text-align: center; padding-top: 0px !important; margin-top: 0px !important;\"><span data-attr-link=\"1\" data-attr-rel=\"0\" data-attr-target=\"0\" data-extra_key=\"\" data-option-inline=\"1\" data-shortcode=\"tcb_post_title\" data-shortcode-name=\"Post title\" data-attr-css=\"\" data-attr-static-link=\"{&quot;className&quot;:&quot;&quot;,&quot;href&quot;:&quot;https:\/\/www.paristouristinformation.fr\/es\/restaurantes\/tejado\/&quot;,&quot;title&quot;:&quot;10 Bares y restaurantes con vistas en Par\u00eds&quot;,&quot;class&quot;:&quot;&quot;}\" style=\"\"><a href=\"https:\/\/www.paristouristinformation.fr\/es\/cosas-que-hacer\/hop-on-hop-off\/\" title=\"Hop on Hop off Tours Barco y Bus en Par\u00eds\" data-css=\"\">Hop on Hop off Tours Barco y Bus en Par\u00eds<\/a><\/span><\/h3>\n","protected":false},"excerpt":{"rendered":"<p>Bienvenido al edificio m\u00e1s magn\u00edfico de Par\u00eds: la \u00d3pera Garnier.La famosa \u00d3pera de Par\u00eds es uno de los ejemplos m\u00e1s importantes de la arquitectura barroca en el mundo, construida por Charles Garnier e inaugurada en 1875. Est\u00e1 considerada como una obra maestra de la arquitectura de la segunda mitad del siglo XIX.El edificio de la [&hellip;]<\/p>\n","protected":false},"author":10,"featured_media":7515,"parent":5613,"menu_order":0,"comment_status":"closed","ping_status":"closed","template":"","meta":{"footnotes":""},"tags":[],"class_list":["post-5920","page","type-page","status-publish","has-post-thumbnail","hentry","post-wrapper","thrv_wrapper"],"wp-worthy-pixel":{"ignored":false,"public":null,"server":null,"url":null},"wp-worthy-type":"normal","_links":{"self":[{"href":"https:\/\/www.paristouristinformation.fr\/es\/wp-json\/wp\/v2\/pages\/5920","targetHints":{"allow":["GET"]}}],"collection":[{"href":"https:\/\/www.paristouristinformation.fr\/es\/wp-json\/wp\/v2\/pages"}],"about":[{"href":"https:\/\/www.paristouristinformation.fr\/es\/wp-json\/wp\/v2\/types\/page"}],"author":[{"embeddable":true,"href":"https:\/\/www.paristouristinformation.fr\/es\/wp-json\/wp\/v2\/users\/10"}],"replies":[{"embeddable":true,"href":"https:\/\/www.paristouristinformation.fr\/es\/wp-json\/wp\/v2\/comments?post=5920"}],"version-history":[{"count":0,"href":"https:\/\/www.paristouristinformation.fr\/es\/wp-json\/wp\/v2\/pages\/5920\/revisions"}],"up":[{"embeddable":true,"href":"https:\/\/www.paristouristinformation.fr\/es\/wp-json\/wp\/v2\/pages\/5613"}],"wp:featuredmedia":[{"embeddable":true,"href":"https:\/\/www.paristouristinformation.fr\/es\/wp-json\/wp\/v2\/media\/7515"}],"wp:attachment":[{"href":"https:\/\/www.paristouristinformation.fr\/es\/wp-json\/wp\/v2\/media?parent=5920"}],"wp:term":[{"taxonomy":"post_tag","embeddable":true,"href":"https:\/\/www.paristouristinformation.fr\/es\/wp-json\/wp\/v2\/tags?post=5920"}],"curies":[{"name":"wp","href":"https:\/\/api.w.org\/{rel}","templated":true}]}}