{"id":6034,"date":"2021-01-15T12:48:32","date_gmt":"2021-01-15T12:48:32","guid":{"rendered":"http:\/\/paristouristinformation.fr\/es\/?page_id=6034"},"modified":"2023-05-11T12:29:49","modified_gmt":"2023-05-11T12:29:49","slug":"aquarium-de-paris","status":"publish","type":"page","link":"https:\/\/www.paristouristinformation.fr\/es\/cosas-que-hacer\/atracciones\/aquarium-de-paris\/","title":{"rendered":"Visitar el Acuario de Par\u00eds: Entradas &#038; Consejos"},"content":{"rendered":"<p>\u00bfLe gusta el mundo acu\u00e1tico? Situado en el coraz\u00f3n de Par\u00eds, en los Jardines del Trocadero, justo enfrente de la <a href=\"https:\/\/paristouristinformation.fr\/es\/cosas-que-hacer\/torre-eiffel\/\" target=\"_blank\" rel=\"noopener\"><strong>Torre Eiffel<\/strong><\/a>, descubra el famoso Acuario de Par\u00eds. Le presentar\u00e1 miles de criaturas marinas, cuya existencia tal vez no conozca. Pase aqu\u00ed un d\u00eda memorable explorando la maravilla del oc\u00e9ano.Le recomendamos esta actividad tan agradable con ni\u00f1os o <a href=\"https:\/\/paristouristinformation.fr\/es\/cosas-que-hacer\/iluvioso\/\" target=\"_blank\" rel=\"noopener\"><strong>durante los d\u00edas de lluvia en Par\u00eds.<\/strong><\/a><\/p>\n<ul>\n<li><span style=\"\">\u00bfViaja a Par\u00eds con ni\u00f1os? Le hemos preparado una lista con las <em><\/em><a href=\"https:\/\/paristouristinformation.fr\/es\/cosas-que-hacer\/para-ninos\/\" target=\"_blank\" style=\"outline: none;\" rel=\"noopener\"><strong>27 mejores cosas que hacer con ni\u00f1os en Par\u00eds<\/strong><\/a>. \u00a1Elija sus favoritas y disfrute de un tiempo estupendo!<\/span><\/li>\n<\/ul>\n<h2 id=\"t-1610539832044\" data-alt-text=\"What can I do at the Aquarium ?\" style=\"\">\u00bfQu\u00e9 puedo hacer en el Acuario de Par\u00eds?<\/h2>\n<p><span><img decoding=\"async\" alt=\"\" data-id=\"6331\" width=\"680\" data-init-width=\"1000\" height=\"454\" data-init-height=\"667\" title=\"Aquarium de Paris in Paris in France\" src=\"http:\/\/paristouristinformation.fr\/es\/wp-content\/uploads\/2021\/01\/Aquarium-de-Paris-in-Paris-in-France.jpg\" data-width=\"680\" data-height=\"454\" data-pin-media=\"http:\/\/paristouristinformation.fr\/es\/wp-content\/uploads\/2021\/03\/prag_50_sehenswuerdigkeiten_pinterest-39.jpg\" data-pin-description=\"Do you like the aquatic world and beautiful creatures ? Visit the best Aquarium of Paris and get information about Tickets, Fishes, Visiting Hours\" data-pin-url=\"http:\/\/paristouristinformation.fr\/es\/things-to-do\/attractions\/aquarium-de-paris\/?tve=true&amp;tcbf=08e03bdb8f\" data-pinpro-key=\"cj1vdve84\" loading=\"lazy\"><\/span><\/p>\n<p>En el Acuario de Par\u00eds podr\u00e1 ver 7.500 animales oce\u00e1nicos y 700 colonias de coral. Sum\u00e9rjase en el mundo de los tiburones, los erizos de mar, las medusas y varias especies de peces. Es una oportunidad fant\u00e1stica para descubrir muchas cosas sobre lo que ocurre bajo el agua, tanto para ni\u00f1os como para adultos.Durante todo el d\u00eda se organizan actividades interactivas y espect\u00e1culos fascinantes junto con los v\u00eddeos educativos. Puede sentarse en las c\u00f3modas butacas del cine y ver los documentales relacionados cuando sienta la necesidad de tomarse un descanso.<\/p>\n<h3>Piscina de carpas koi<\/h3>\n<p>Aqu\u00ed podr\u00e1 acariciar a las carpas koi, conocidas por nadar r\u00edo arriba. El pez koi simboliza la buena fortuna y la prosperidad en la cultura japonesa. En este lugar no hay cristales entre usted y estos coloridos peces. Se permite sumergir las manos en el agua y darles de comer.<\/p>\n<h3>El M\u00e9dusarium<\/h3>\n<p>Prep\u00e1rate para ver m\u00e1s de 2500 medusas bailando en los tanques de alta tecnolog\u00eda, incluyendo la medusa m\u00e1s grande exhibida en Europa. Esta parte se puso en marcha en enero de 2019.<\/p>\n<h3>T\u00fanel del tibur\u00f3n<\/h3>\n<p>El Acuario de Par\u00eds cuenta con el mayor t\u00fanel de tiburones de Europa y presenta 38 grandes tiburones de 5 especies diferentes detr\u00e1s de los tanques brillantes. Estos depredadores est\u00e1n considerados en la cima de la cadena alimentaria del oc\u00e9ano. Se les alimenta tres veces a la semana y comen unos 2 kg de alimento en cada comida.<\/p>\n<h2 id=\"t-1610539832045\" data-alt-text=\"Entrance and Tickets \">Entrada y billetes para el Acuario de Par\u00eds<\/h2>\n<ul>\n<li><span style=\"\"><strong>Entrada: <\/strong>Abierto todos los d\u00edas de 10 a 19 horas, las \u00faltimas entradas se venden a las 18 horas.<\/span><\/li>\n<li style=\"\"><span style=\"\"><strong>Entradas:<\/strong> Consiga su <a href=\"https:\/\/www.tiqets.com\/en\/paris-attractions-c66746\/tickets-for-aquarium-de-paris-p974502\/?partner=checkfortrip\" target=\"_blank\" rel=\"noopener nofollow\">entrada para el Acuario de Par\u00eds<\/a> y ahorre tiempo.<\/span><\/li>\n<\/ul>\n<ul>\n<li><span style=\"\">Para ahorrar tiempo y dinero, y evitar complicaciones, puede preparar su viaje comprando el <em><strong>Paris Museum Pass<\/strong><\/em>. Da acceso a m\u00e1s de 50 museos de Par\u00eds, incluido el Acuario de Par\u00eds. Un producto imprescindible.<\/span><\/li>\n<\/ul>\n<h2 id=\"t-1610539832046\" data-alt-text=\"How to get there ?\">C\u00f3mo llegar al Aquarium de Par\u00eds<\/h2>\n<p>La estaci\u00f3n de metro m\u00e1s cercana es \u00abTrocad\u00e9ro\u00bb de las l\u00edneas 6 y 9 del metro. Se puede llegar en autob\u00fas con los n\u00fameros 22,30,32,63 desde la parada \u00abTrocad\u00e9ro\u00bb.<\/p>\n<h2 id=\"t-1640009717410\" style=\"\">Preguntas frecuentes<\/h2>\n<p><span><img decoding=\"async\" alt=\"\" data-id=\"6332\" width=\"680\" data-init-width=\"1000\" height=\"454\" data-init-height=\"667\" title=\"Aquarium de Paris anemones in Paris in France\" src=\"http:\/\/paristouristinformation.fr\/es\/wp-content\/uploads\/2021\/01\/Aquarium-de-Paris-anemones-in-Paris-in-France.jpg\" data-width=\"680\" data-height=\"454\" data-pin-media=\"http:\/\/paristouristinformation.fr\/es\/wp-content\/uploads\/2021\/03\/prag_50_sehenswuerdigkeiten_pinterest-39.jpg\" data-pin-description=\"Do you like the aquatic world and beautiful creatures ? Visit the best Aquarium of Paris and get information about Tickets, Fishes, Visiting Hours\" data-pin-url=\"http:\/\/paristouristinformation.fr\/es\/things-to-do\/attractions\/aquarium-de-paris\/?tve=true&amp;tcbf=08e03bdb8f\" data-pinpro-key=\"5x7q34g0p\" loading=\"lazy\"><\/span><\/p>\n<h2 id=\"t-1610539832048\" style=\"\">Historia del Aquarium de Par\u00eds<\/h2>\n<p>El primer acuario de este lugar se dise\u00f1\u00f3 en 1867 y se construy\u00f3 en 1879 en el terreno de las canteras no funcionales para la Exposici\u00f3n Universal. Con su primer nombre, \u00abAcuario del Trocadero\u00bb, fue el mayor acuario de Europa. Se cerr\u00f3 en 1985 debido a sus condiciones.El acuario fue reabierto en mayo de 2006 con una superficie de 3.500 m2, tras una gran reconversi\u00f3n. Se cambi\u00f3 el nombre por el de \u00abL&#8217;Aquarium de Paris o Cineaqua\u00bb. Los elementos de decoraci\u00f3n interior se inspiraron en la novela de Julio Verne \u00abVeinte mil millas bajo el mar\u00bb. En la actualidad, el Aquarium de Par\u00eds es la segunda cuenca artificial m\u00e1s grande de Francia, despu\u00e9s del Acuario Nausicaa.<\/p>\n<h2 id=\"t-1610539832049\" style=\"\" data-alt-text=\"Contact\">Contacte con<\/h2>\n<ul>\n<li><span style=\"\"><strong>Direcci\u00f3n:<\/strong> 5 Avenue Albert de Mun, 75016 Par\u00eds<\/span><\/li>\n<li><span style=\"\"><strong>Horario de apertura: <\/strong>Todos los d\u00edas de 10:00 a 19:00 (\u00faltima entrada 18:00)<\/span><\/li>\n<li><span style=\"\"><strong>Transporte p\u00fablico:<\/strong> Pr\u00f3xima estaci\u00f3n de metro \u00abTrocad\u00e9ro\u00bb o \u00abI\u00e9na\u00bb<\/span><\/li>\n<li style=\"\"><span style=\"\"><strong>P\u00e1gina web: <a href=\"https:\/\/www.aquariumdeparis.com\/decouvrir-laquarium\/\" target=\"_blank\" style=\"outline: none;\" rel=\"noopener nofollow\"><strong>www.aquariumdeparis.com<\/strong><\/a><\/strong><\/span><\/li>\n<\/ul>\n<h2 style=\"\" id=\"t-1642148015127\">Visitas y entradas a Par\u00eds<\/h2>\n<p style=\"text-align: left;\">Descubra Par\u00eds hoy mismo con las visitas y entradas m\u00e1s preferidas sin tener que hacer cola.<\/p>\n<h2 style=\"\" id=\"t-1642148015128\">Art\u00edculos relacionados:<\/h2>\n<div class=\"tcb-post-list tve-content-list thrv_wrapper\" data-type=\"grid\" data-pagination-type=\"none\" data-pages_near_current=\"2\" data-css=\"tve-u-17dd83897db\" data-total_post_count=\"8\" data-total_sticky_count=\"0\" data-no_posts_text=\"There are no posts to display.\"><article id=\"post-5613\" class=\"post-5613 page type-page status-publish has-post-thumbnail hentry post-wrapper thrv_wrapper thrive-animated-item  tve_evt_manager_listen tve_ea_thrive_animation tve_et_mouseover tve_anim_grow\" tcb_hover_state_parent=\"\" class=\"tve_evt_manager_listen tve_ea_thrive_animation tve_et_mouseover tve_anim_grow\" data-id=\"5613\" data-selector=\".post-wrapper\"><style class=\"tcb-post-list-dynamic-style\" type=\"text\/css\">@media (min-width: 300px){[].tcb-post-list #post-5613 []{background-image: url(\u00abhttps:\/\/www.paristouristinformation.fr\/es\/wp-content\/uploads\/2021\/01\/12-Theatre-Cabaret-in-Paris-1024x538.jpg\u00ab) !important;}[].tcb-post-list #post-5613 []:hover []{background-image: url(\u00abhttps:\/\/www.paristouristinformation.fr\/es\/wp-content\/uploads\/2021\/01\/12-Theatre-Cabaret-in-Paris-1024x538.jpg\u00ab) !important;}}<\/style><a href=\"https:\/\/www.paristouristinformation.fr\/es\/cosas-que-hacer\/teatros\/\" dynamic-postlink=\"tcb_post_the_permalink\" data-shortcode-id=\"5613\"><\/a><\/p>\n<h3 style=\"text-align: center; padding-top: 0px !important; margin-top: 0px !important;\"><span data-attr-link=\"1\" data-attr-rel=\"0\" data-attr-target=\"0\" data-extra_key=\"\" data-option-inline=\"1\" data-shortcode=\"tcb_post_title\" data-shortcode-name=\"Post title\" data-attr-css=\"\" data-attr-static-link=\"{&quot;className&quot;:&quot;tve-froala fr-basic&quot;,&quot;href&quot;:&quot;https:\/\/paristouristinformation.fr\/es\/cosas-que-hacer\/teatros\/&quot;,&quot;title&quot;:&quot;12 teatros y cabarets para espect\u00e1culos en Par\u00eds ((con entradas))&quot;,&quot;class&quot;:&quot;tve-froala fr-basic&quot;}\" style=\"\"><a href=\"https:\/\/www.paristouristinformation.fr\/es\/cosas-que-hacer\/teatros\/\" title=\"12 Teatros y cabarets para espect\u00e1culos en Par\u00eds [con entradas]\" data-css=\"\" class=\"tve-froala fr-basic\">12 Teatros y cabarets para espect\u00e1culos en Par\u00eds [con entradas]<\/a><\/span><\/h3>\n<p><\/article><article id=\"post-5137\" class=\"post-5137 page type-page status-publish has-post-thumbnail hentry post-wrapper thrv_wrapper thrive-animated-item  tve_evt_manager_listen tve_ea_thrive_animation tve_et_mouseover tve_anim_grow\" tcb_hover_state_parent=\"\" class=\"tve_evt_manager_listen tve_ea_thrive_animation tve_et_mouseover tve_anim_grow\" data-id=\"5137\" data-selector=\".post-wrapper\"><style class=\"tcb-post-list-dynamic-style\" type=\"text\/css\">@media (min-width: 300px){[].tcb-post-list #post-5137 []{background-image: url(\u00abhttps:\/\/www.paristouristinformation.fr\/es\/wp-content\/uploads\/2021\/01\/12-most-visited-Churches-in-Paris-in-France-1024x538.jpg\u00ab) !important;}[].tcb-post-list #post-5137 []:hover []{background-image: url(\u00abhttps:\/\/www.paristouristinformation.fr\/es\/wp-content\/uploads\/2021\/01\/12-most-visited-Churches-in-Paris-in-France-1024x538.jpg\u00ab) !important;}}<\/style><a href=\"https:\/\/www.paristouristinformation.fr\/es\/cosas-que-hacer\/iglesia\/\" dynamic-postlink=\"tcb_post_the_permalink\" data-shortcode-id=\"5613\"><\/a><\/p>\n<h3 style=\"text-align: center; padding-top: 0px !important; margin-top: 0px !important;\"><span data-attr-link=\"1\" data-attr-rel=\"0\" data-attr-target=\"0\" data-extra_key=\"\" data-option-inline=\"1\" data-shortcode=\"tcb_post_title\" data-shortcode-name=\"Post title\" data-attr-css=\"\" data-attr-static-link=\"{&quot;className&quot;:&quot;tve-froala fr-basic&quot;,&quot;href&quot;:&quot;https:\/\/paristouristinformation.fr\/es\/cosas-que-hacer\/teatros\/&quot;,&quot;title&quot;:&quot;12 teatros y cabarets para espect\u00e1culos en Par\u00eds ((con entradas))&quot;,&quot;class&quot;:&quot;tve-froala fr-basic&quot;}\" style=\"\"><a href=\"https:\/\/www.paristouristinformation.fr\/es\/cosas-que-hacer\/iglesia\/\" title=\"12 Iglesias m\u00e1s visitadas de Par\u00eds [con entradas].\" data-css=\"\" class=\"tve-froala fr-basic\">12 Iglesias m\u00e1s visitadas de Par\u00eds [con entradas].<\/a><\/span><\/h3>\n<p><\/article><article id=\"post-426\" class=\"post-426 page type-page status-publish has-post-thumbnail hentry post-wrapper thrv_wrapper thrive-animated-item  tve_evt_manager_listen tve_ea_thrive_animation tve_et_mouseover tve_anim_grow\" tcb_hover_state_parent=\"\" class=\"tve_evt_manager_listen tve_ea_thrive_animation tve_et_mouseover tve_anim_grow\" data-id=\"426\" data-selector=\".post-wrapper\"><style class=\"tcb-post-list-dynamic-style\" type=\"text\/css\">@media (min-width: 300px){[].tcb-post-list #post-426 []{background-image: url(\u00abhttps:\/\/www.paristouristinformation.fr\/es\/wp-content\/uploads\/2021\/01\/10-Best-Shopping-Centers-in-Paris-EN-1024x538.jpg\u00ab) !important;}[].tcb-post-list #post-426 []:hover []{background-image: url(\u00abhttps:\/\/www.paristouristinformation.fr\/es\/wp-content\/uploads\/2021\/01\/10-Best-Shopping-Centers-in-Paris-EN-1024x538.jpg\u00ab) !important;}}<\/style><a href=\"https:\/\/www.paristouristinformation.fr\/es\/compras\/centro\/\" dynamic-postlink=\"tcb_post_the_permalink\" data-shortcode-id=\"5613\"><\/a><\/p>\n<h3 style=\"text-align: center; padding-top: 0px !important; margin-top: 0px !important;\"><span data-attr-link=\"1\" data-attr-rel=\"0\" data-attr-target=\"0\" data-extra_key=\"\" data-option-inline=\"1\" data-shortcode=\"tcb_post_title\" data-shortcode-name=\"Post title\" data-attr-css=\"\" data-attr-static-link=\"{&quot;className&quot;:&quot;tve-froala fr-basic&quot;,&quot;href&quot;:&quot;https:\/\/paristouristinformation.fr\/es\/cosas-que-hacer\/teatros\/&quot;,&quot;title&quot;:&quot;12 teatros y cabarets para espect\u00e1culos en Par\u00eds ((con entradas))&quot;,&quot;class&quot;:&quot;tve-froala fr-basic&quot;}\" style=\"\"><a href=\"https:\/\/www.paristouristinformation.fr\/es\/compras\/centro\/\" title=\"10 Mejores centros comerciales de Par\u00eds\" data-css=\"\" class=\"tve-froala fr-basic\">10 Mejores centros comerciales de Par\u00eds<\/a><\/span><\/h3>\n<p><\/article><article id=\"post-78\" class=\"post-78 page type-page status-publish has-post-thumbnail hentry post-wrapper thrv_wrapper thrive-animated-item  tve_evt_manager_listen tve_ea_thrive_animation tve_et_mouseover tve_anim_grow\" tcb_hover_state_parent=\"\" class=\"tve_evt_manager_listen tve_ea_thrive_animation tve_et_mouseover tve_anim_grow\" data-id=\"78\" data-selector=\".post-wrapper\"><style class=\"tcb-post-list-dynamic-style\" type=\"text\/css\">@media (min-width: 300px){[].tcb-post-list #post-78 []{background-image: url(\u00abhttps:\/\/www.paristouristinformation.fr\/es\/wp-content\/uploads\/2021\/01\/27-Things-to-do-with-Kids-in-Paris-in-France-1024x538.jpg\u00ab) !important;}[].tcb-post-list #post-78 []:hover []{background-image: url(\u00abhttps:\/\/www.paristouristinformation.fr\/es\/wp-content\/uploads\/2021\/01\/27-Things-to-do-with-Kids-in-Paris-in-France-1024x538.jpg\u00ab) !important;}}<\/style><a href=\"https:\/\/www.paristouristinformation.fr\/es\/cosas-que-hacer\/para-ninos\/\" dynamic-postlink=\"tcb_post_the_permalink\" data-shortcode-id=\"5613\"><\/a><\/p>\n<h3 style=\"text-align: center; padding-top: 0px !important; margin-top: 0px !important;\"><span data-attr-link=\"1\" data-attr-rel=\"0\" data-attr-target=\"0\" data-extra_key=\"\" data-option-inline=\"1\" data-shortcode=\"tcb_post_title\" data-shortcode-name=\"Post title\" data-attr-css=\"\" data-attr-static-link=\"{&quot;className&quot;:&quot;tve-froala fr-basic&quot;,&quot;href&quot;:&quot;https:\/\/paristouristinformation.fr\/es\/cosas-que-hacer\/teatros\/&quot;,&quot;title&quot;:&quot;12 teatros y cabarets para espect\u00e1culos en Par\u00eds ((con entradas))&quot;,&quot;class&quot;:&quot;tve-froala fr-basic&quot;}\" style=\"\"><a href=\"https:\/\/www.paristouristinformation.fr\/es\/cosas-que-hacer\/para-ninos\/\" title=\"27 Cosas que hacer con ni\u00f1os en Par\u00eds\" data-css=\"\" class=\"tve-froala fr-basic\">27 Cosas que hacer con ni\u00f1os en Par\u00eds<\/a><\/span><\/h3>\n<p><\/article><\/div>\n","protected":false},"excerpt":{"rendered":"<p>\u00bfLe gusta el mundo acu\u00e1tico? Situado en el coraz\u00f3n de Par\u00eds, en los Jardines del Trocadero, justo enfrente de la Torre Eiffel, descubra el famoso Acuario de Par\u00eds. Le presentar\u00e1 miles de criaturas marinas, cuya existencia tal vez no conozca. Pase aqu\u00ed un d\u00eda memorable explorando la maravilla del oc\u00e9ano.Le recomendamos esta actividad tan agradable [&hellip;]<\/p>\n","protected":false},"author":10,"featured_media":6700,"parent":2930,"menu_order":0,"comment_status":"closed","ping_status":"closed","template":"","meta":{"footnotes":""},"tags":[],"class_list":{"0":"post-6034","1":"page","2":"type-page","3":"status-publish","4":"has-post-thumbnail","5":"hentry","6":"post-wrapper","7":"thrv_wrapper","10":"thrive-animated-item"},"wp-worthy-pixel":{"ignored":false,"public":null,"server":null,"url":null},"wp-worthy-type":"normal","_links":{"self":[{"href":"https:\/\/www.paristouristinformation.fr\/es\/wp-json\/wp\/v2\/pages\/6034","targetHints":{"allow":["GET"]}}],"collection":[{"href":"https:\/\/www.paristouristinformation.fr\/es\/wp-json\/wp\/v2\/pages"}],"about":[{"href":"https:\/\/www.paristouristinformation.fr\/es\/wp-json\/wp\/v2\/types\/page"}],"author":[{"embeddable":true,"href":"https:\/\/www.paristouristinformation.fr\/es\/wp-json\/wp\/v2\/users\/10"}],"replies":[{"embeddable":true,"href":"https:\/\/www.paristouristinformation.fr\/es\/wp-json\/wp\/v2\/comments?post=6034"}],"version-history":[{"count":0,"href":"https:\/\/www.paristouristinformation.fr\/es\/wp-json\/wp\/v2\/pages\/6034\/revisions"}],"up":[{"embeddable":true,"href":"https:\/\/www.paristouristinformation.fr\/es\/wp-json\/wp\/v2\/pages\/2930"}],"wp:featuredmedia":[{"embeddable":true,"href":"https:\/\/www.paristouristinformation.fr\/es\/wp-json\/wp\/v2\/media\/6700"}],"wp:attachment":[{"href":"https:\/\/www.paristouristinformation.fr\/es\/wp-json\/wp\/v2\/media?parent=6034"}],"wp:term":[{"taxonomy":"post_tag","embeddable":true,"href":"https:\/\/www.paristouristinformation.fr\/es\/wp-json\/wp\/v2\/tags?post=6034"}],"curies":[{"name":"wp","href":"https:\/\/api.w.org\/{rel}","templated":true}]}}