{"id":6038,"date":"2021-01-15T13:49:29","date_gmt":"2021-01-15T13:49:29","guid":{"rendered":"http:\/\/paristouristinformation.fr\/es\/restaurants\/clone-of-clone-of-7-best-vegetarians-and-vegans-restaurants-in-paris-de\/"},"modified":"2023-05-12T08:58:04","modified_gmt":"2023-05-12T08:58:04","slug":"vegetariano","status":"publish","type":"page","link":"https:\/\/www.paristouristinformation.fr\/es\/restaurantes\/vegetariano\/","title":{"rendered":"7 Mejores restaurantes para vegetarianos y veganos en Par\u00eds"},"content":{"rendered":"<p>Hay opciones vegetarianas en casi todos los restaurantes y bistr\u00f3s de Par\u00eds, y la proporci\u00f3n de platos vegetarianos en los men\u00fas crece r\u00e1pidamente. La diversidad geogr\u00e1fica de Francia permite a los cocineros franceses utilizar muchas legumbres, hierbas, verduras y aceitunas.Hay cantinas elegantes y modernas, caf\u00e9s convencionales que aparecen por los <a href=\"https:\/\/paristouristinformation.fr\/es\/cosas-que-hacer\/distritos\/\" target=\"_blank\" rel=\"noopener\"><strong>barrios famosos de Par\u00eds<\/strong><\/a>. El concepto de cocina exclusivamente vegetariana se ha hecho m\u00e1s visible tambi\u00e9n en Par\u00eds. Le hemos preparado una lista de las mejores opciones para vegetarianos y veganos en Par\u00eds para que disfrute, tanto si es vegetariano como si no lo es.<\/p>\n<h2 id=\"t-1612224789204\" style=\"\">1. Le Potager du Marais<\/h2>\n<blockquote data-instgrm-permalink=\"https:\/\/www.instagram.com\/p\/CEK6RPspNsh\/?utm_source=ig_embed&amp;utm_campaign=loading\" data-instgrm-version=\"13\" style=\" background:#FFF; border:0; border-radius:3px; box-shadow:0 0 1px 0 rgba(0,0,0,0.5),0 1px 10px 0 rgba(0,0,0,0.15); margin: 1px; max-width:750px; min-width:326px; padding:0; width:99.375%; width:-webkit-calc(100% - 2px); width:calc(100% - 2px);\"><p> <a href=\"https:\/\/www.instagram.com\/p\/CEK6RPspNsh\/?utm_source=ig_embed&amp;utm_campaign=loading\" style=\" background:#FFFFFF; line-height:0; padding:0 0; text-align:center; text-decoration:none; width:100%;\" target=\"_blank\" rel=\"noopener nofollow\">        Bu g\u00f6nderiyi Instagram&#8217;da g\u00f6r            <\/a><\/p>\n<p style=\" color:#c9c8cd; font-family:Arial,sans-serif; font-size:14px; line-height:17px; margin-bottom:0; margin-top:8px; overflow:hidden; padding:8px 0 7px; text-align:center; text-overflow:ellipsis; white-space:nowrap;\"><a href=\"https:\/\/www.instagram.com\/p\/CEK6RPspNsh\/?utm_source=ig_embed&amp;utm_campaign=loading\" style=\" color:#c9c8cd; font-family:Arial,sans-serif; font-size:14px; font-style:normal; font-weight:normal; line-height:17px; text-decoration:none;\" target=\"_blank\" rel=\"noopener nofollow\">Le Potager du Marais (@lepotagerdumarais)&#8217;in payla\u015ft\u0131\u011f\u0131 bir g\u00f6nderi<\/a><\/p>\n<\/blockquote>\n<p>[tcb-script async=\u00bb\u00bb src=\u00bb\/\/www.instagram.com\/embed.js\u00bb][\/tcb-script]<\/p>\n<p>El \u00abhuerto del Marais\u00bb, como traduce su nombre, es uno de los restaurantes vegetarianos m\u00e1s antiguos de Par\u00eds. La decoraci\u00f3n refleja su nombre: acogedoras vigas en el techo, una pared de piedra colgada con exuberantes plantas, grandes calabazas y peque\u00f1as fuentes de querubines, y delante de eso, mesas con candelabros&#8230; En total, este peque\u00f1o y encantador restaurante tiene capacidad para 26 personas.El men\u00fa de Le Potager du Marais es bastante limitado, pero la mayor\u00eda de los entrantes que se ofrecen, as\u00ed como siete de los once platos principales, son vegetarianos, en los que predominan las legumbres, el tofu, las verduras frescas y crujientes y las jud\u00edas. La cocina se centra en el uso de productos ecol\u00f3gicos y tambi\u00e9n ofrece platos sin gluten.<strong>Direcci\u00f3n: <\/strong>Le Potager du Marais, 22, Rue Rambuteau, 75003 Par\u00eds<\/p>\n<h2 id=\"t-1612224789205\" style=\"\">2. Restaurante Arpege<\/h2>\n<blockquote data-instgrm-permalink=\"https:\/\/www.instagram.com\/p\/B_BZ_2OJsjQ\/?utm_source=ig_embed&amp;utm_campaign=loading\" data-instgrm-version=\"13\" style=\" background:#FFF; border:0; border-radius:3px; box-shadow:0 0 1px 0 rgba(0,0,0,0.5),0 1px 10px 0 rgba(0,0,0,0.15); margin: 1px; max-width:750px; min-width:326px; padding:0; width:99.375%; width:-webkit-calc(100% - 2px); width:calc(100% - 2px);\"><p> <a href=\"https:\/\/www.instagram.com\/p\/B_BZ_2OJsjQ\/?utm_source=ig_embed&amp;utm_campaign=loading\" style=\" background:#FFFFFF; line-height:0; padding:0 0; text-align:center; text-decoration:none; width:100%;\" target=\"_blank\" rel=\"noopener nofollow\">        Bu g\u00f6nderiyi Instagram&#8217;da g\u00f6r            <\/a><\/p>\n<p style=\" color:#c9c8cd; font-family:Arial,sans-serif; font-size:14px; line-height:17px; margin-bottom:0; margin-top:8px; overflow:hidden; padding:8px 0 7px; text-align:center; text-overflow:ellipsis; white-space:nowrap;\"><a href=\"https:\/\/www.instagram.com\/p\/B_BZ_2OJsjQ\/?utm_source=ig_embed&amp;utm_campaign=loading\" style=\" color:#c9c8cd; font-family:Arial,sans-serif; font-size:14px; font-style:normal; font-weight:normal; line-height:17px; text-decoration:none;\" target=\"_blank\" rel=\"noopener nofollow\">little_meg_siu_meg (@little_meg_siu_meg)&#8217;in payla\u015ft\u0131\u011f\u0131 bir g\u00f6nderi<\/a><\/p>\n<\/blockquote>\n<p>[tcb-script async=\u00bb\u00bb src=\u00bb\/\/www.instagram.com\/embed.js\u00bb][\/tcb-script]<\/p>\n<p>Comida fina en vegetariano, prima de la piel en vegano. L&#8217;Arp\u00e8ge fue galardonado con una estrella Michelin en 1986, la segunda poco despu\u00e9s y ha mantenido constantemente 3 estrellas Michelin desde 1996. El World&#8217;s Best Restaurants lo vot\u00f3 como el octavo mejor restaurante del mundo en 2018.Hasta 2001, L&#8217;Arp\u00e8ge era un restaurante de carne, pero entonces el famoso chef estrella Alain Passard cambi\u00f3 fundamentalmente su concepto, prohibi\u00f3 la carne en el men\u00fa y compr\u00f3 una granja de la que se siguen entregando las verduras frescas cada d\u00eda.Aunque algunos platos de carne han vuelto a la carta, los men\u00fas vegetarianos y veganos de Alain Passard son mundialmente famosos. Se sirven creaciones innovadoras en 12 platos. Las variadas combinaciones destacan por sus interesantes condimentos y se modifican y redefinen h\u00e1bilmente al m\u00e1s alto nivel.El ambiente es apropiado, elegante, discreto pero acogedor, el servicio es tan cort\u00e9s-profesional como el precio es seguro de s\u00ed mismo.<strong>Direcci\u00f3n: <\/strong>L&#8217;Arp\u00e8ge, 84 Rue de Varenne, 75007 Par\u00eds<\/p>\n<ul>\n<li><span style=\"\">Descubra otros <em><strong>15 restaurantes franceses con estrellas Michelin en Par\u00eds <\/strong><\/em>y reg\u00e1lese una cena de lujo.<\/span><\/li>\n<\/ul>\n<h2 id=\"t-1612224789206\" style=\"\">3. Maoz Vegetarian<\/h2>\n<blockquote data-instgrm-permalink=\"https:\/\/www.instagram.com\/p\/CIy6QmlJJHy\/?utm_source=ig_embed&amp;utm_campaign=loading\" data-instgrm-version=\"13\" style=\" background:#FFF; border:0; border-radius:3px; box-shadow:0 0 1px 0 rgba(0,0,0,0.5),0 1px 10px 0 rgba(0,0,0,0.15); margin: 1px; max-width:750px; min-width:326px; padding:0; width:99.375%; width:-webkit-calc(100% - 2px); width:calc(100% - 2px);\"><p> <a href=\"https:\/\/www.instagram.com\/p\/CIy6QmlJJHy\/?utm_source=ig_embed&amp;utm_campaign=loading\" style=\" background:#FFFFFF; line-height:0; padding:0 0; text-align:center; text-decoration:none; width:100%;\" target=\"_blank\" rel=\"noopener nofollow\">        Bu g\u00f6nderiyi Instagram&#8217;da g\u00f6r            <\/a><\/p>\n<p style=\" color:#c9c8cd; font-family:Arial,sans-serif; font-size:14px; line-height:17px; margin-bottom:0; margin-top:8px; overflow:hidden; padding:8px 0 7px; text-align:center; text-overflow:ellipsis; white-space:nowrap;\"><a href=\"https:\/\/www.instagram.com\/p\/CIy6QmlJJHy\/?utm_source=ig_embed&amp;utm_campaign=loading\" style=\" color:#c9c8cd; font-family:Arial,sans-serif; font-size:14px; font-style:normal; font-weight:normal; line-height:17px; text-decoration:none;\" target=\"_blank\" rel=\"noopener nofollow\">Maoz Vegetarian (@maozvegetarian)&#8217;in payla\u015ft\u0131\u011f\u0131 bir g\u00f6nderi<\/a><\/p>\n<\/blockquote>\n<p>[tcb-script async=\u00bb\u00bb src=\u00bb\/\/www.instagram.com\/embed.js\u00bb][\/tcb-script]<\/p>\n<p>Maoz Vegeterian tiene dos sucursales en Par\u00eds, en la orilla izquierda del Sena. Forma parte de una cadena internacional de comida r\u00e1pida y est\u00e1 especializado en platos de Oriente Medio, como falafel y pita. Adem\u00e1s, hay hummus, patatas fritas y una barra de ensaladas con una gran selecci\u00f3n, entre otras cosas. Tambi\u00e9n se ofrecen platos veganos.El n\u00famero de asientos es muy limitado, y la mayor\u00eda de la gente come de pie. Sus precios moderados y los productos siempre frescos y deliciosamente preparados hacen que el restaurante sea muy popular.<strong>Direcci\u00f3n: <\/strong>Maoz Vegeterian, 8 Rue Xavier Privas, 75005 Par\u00eds \/\/ 36 Rue Saint-Andr\u00e9 des Arts, 75006 Par\u00eds<\/p>\n<h2 id=\"t-1612224789207\" style=\"\">4. Carmen Ragosta<\/h2>\n<blockquote data-instgrm-permalink=\"https:\/\/www.instagram.com\/p\/BKxqwVpDsrm\/?utm_source=ig_embed&amp;utm_campaign=loading\" data-instgrm-version=\"13\" style=\" background:#FFF; border:0; border-radius:3px; box-shadow:0 0 1px 0 rgba(0,0,0,0.5),0 1px 10px 0 rgba(0,0,0,0.15); margin: 1px; max-width:750px; min-width:326px; padding:0; width:99.375%; width:-webkit-calc(100% - 2px); width:calc(100% - 2px);\"><p> <a href=\"https:\/\/www.instagram.com\/p\/BKxqwVpDsrm\/?utm_source=ig_embed&amp;utm_campaign=loading\" style=\" background:#FFFFFF; line-height:0; padding:0 0; text-align:center; text-decoration:none; width:100%;\" target=\"_blank\" rel=\"noopener nofollow\">        Bu g\u00f6nderiyi Instagram&#8217;da g\u00f6r            <\/a><\/p>\n<p style=\" color:#c9c8cd; font-family:Arial,sans-serif; font-size:14px; line-height:17px; margin-bottom:0; margin-top:8px; overflow:hidden; padding:8px 0 7px; text-align:center; text-overflow:ellipsis; white-space:nowrap;\"><a href=\"https:\/\/www.instagram.com\/p\/BKxqwVpDsrm\/?utm_source=ig_embed&amp;utm_campaign=loading\" style=\" color:#c9c8cd; font-family:Arial,sans-serif; font-size:14px; font-style:normal; font-weight:normal; line-height:17px; text-decoration:none;\" target=\"_blank\" rel=\"noopener nofollow\">Carmen Ragosta (@carmen.ragosta)&#8217;in payla\u015ft\u0131\u011f\u0131 bir g\u00f6nderi<\/a><\/p>\n<\/blockquote>\n<p>[tcb-script async=\u00bb\u00bb src=\u00bb\/\/www.instagram.com\/embed.js\u00bb][\/tcb-script]<\/p>\n<p>Si no sabe que esta tienda de moda boutique de la zona del Canal Saint-Martin tiene tambi\u00e9n un peque\u00f1o restaurante, no lo encontrar\u00e1. Lo que parece una tienda normal desde el exterior sorprende a\u00fan m\u00e1s al visitante en el interior, porque aqu\u00ed no s\u00f3lo se puede comprar ropa dise\u00f1ada por su propietaria Carmen, sino tambi\u00e9n disfrutar de su comida.Carmen es dise\u00f1adora de ropa y cocinera y ha conseguido combinar ambas cosas de forma encantadora en su peque\u00f1a boutique.La selecci\u00f3n de platos es tan clara como buena y preparada con cari\u00f1o. La comida vegana o vegetariana a base de lentejas y prote\u00ednas se convierte en excelentes creaciones al m\u00e1s alto nivel. Carmen suele cocinar s\u00f3lo para el almuerzo, el brunch se ofrece los domingos. El aforo es muy limitado, por lo que se recomienda reservar.<strong>Direcci\u00f3n: <\/strong>Carmen Ragosta, 8 Rue de la Grange aux Belles, 75010 Par\u00eds<\/p>\n<h2 id=\"t-1612224789208\" style=\"\">5. Wild &amp; the Moon<\/h2>\n<blockquote data-instgrm-permalink=\"https:\/\/www.instagram.com\/p\/CI-htYcDw_Z\/?utm_source=ig_embed&amp;utm_campaign=loading\" data-instgrm-version=\"13\" style=\" background:#FFF; border:0; border-radius:3px; box-shadow:0 0 1px 0 rgba(0,0,0,0.5),0 1px 10px 0 rgba(0,0,0,0.15); margin: 1px; max-width:750px; min-width:326px; padding:0; width:99.375%; width:-webkit-calc(100% - 2px); width:calc(100% - 2px);\"><p> <a href=\"https:\/\/www.instagram.com\/p\/CI-htYcDw_Z\/?utm_source=ig_embed&amp;utm_campaign=loading\" style=\" background:#FFFFFF; line-height:0; padding:0 0; text-align:center; text-decoration:none; width:100%;\" target=\"_blank\" rel=\"noopener nofollow\">        Bu g\u00f6nderiyi Instagram&#8217;da g\u00f6r            <\/a><\/p>\n<p style=\" color:#c9c8cd; font-family:Arial,sans-serif; font-size:14px; line-height:17px; margin-bottom:0; margin-top:8px; overflow:hidden; padding:8px 0 7px; text-align:center; text-overflow:ellipsis; white-space:nowrap;\"><a href=\"https:\/\/www.instagram.com\/p\/CI-htYcDw_Z\/?utm_source=ig_embed&amp;utm_campaign=loading\" style=\" color:#c9c8cd; font-family:Arial,sans-serif; font-size:14px; font-style:normal; font-weight:normal; line-height:17px; text-decoration:none;\" target=\"_blank\" rel=\"noopener nofollow\">Wild &amp; The Moon (@wildandthemoon)&#8217;in payla\u015ft\u0131\u011f\u0131 bir g\u00f6nderi<\/a><\/p>\n<\/blockquote>\n<p>[tcb-script async=\u00bb\u00bb src=\u00bb\/\/www.instagram.com\/embed.js\u00bb][\/tcb-script]<\/p>\n<p>Wild &amp; The Moon tiene varias sucursales en la orilla derecha del Sena, en los distritos 2 y 3 de Par\u00eds. Los locales est\u00e1n decorados al estilo hipster. El concepto es completamente vegano, se da gran importancia a la sostenibilidad, no hay pl\u00e1stico. El objetivo es convencer al comensal con buen gusto y moral al mismo tiempo, el lema es: \u00abBueno para ti, bueno para el planeta, delicioso\u00bb.Se ofrecen zumos prensados en fr\u00edo, bebidas vegetales, batidos, ensaladas y peque\u00f1os aperitivos. Todos los productos son caseros y s\u00f3lo se utilizan ingredientes procedentes de la agricultura ecol\u00f3gica y local. Se evitan por completo el az\u00facar, los conservantes, el gluten o los productos l\u00e1cteos. Se ofrecen curas de zumos para una depuraci\u00f3n de 3, 5 o 7 d\u00edas, y los productos se pueden pedir y entregar a domicilio. Tienes que probar la hamburguesa vegetal, \u00a1es incre\u00edble!<strong>Direcci\u00f3n: <\/strong>Wild &amp; The Moon, 19 Place du March\u00e9 Saint-Honor\u00e9, 75001 Par\u00eds<\/p>\n<div class=\"tcb-post-list tve-content-list thrv_wrapper\" data-type=\"grid\" data-pagination-type=\"none\" data-pages_near_current=\"2\" data-css=\"tve-u-17a71ded5bd\" data-total_post_count=\"3\" data-total_sticky_count=\"0\" data-no_posts_text=\"There are no posts to display.\"><article id=\"post-416\" class=\"post-416 page type-page status-publish has-post-thumbnail hentry post-wrapper thrv_wrapper thrive-animated-item \" tcb_hover_state_parent=\"\" shortcode=\"tcb_post_list\" data-id=\"416\" data-selector=\".post-wrapper\"><style class=\"tcb-post-list-dynamic-style\" type=\"text\/css\"><\/style><\/p>\n<h3><span><span data-attr-css=\"\" data-attr-link=\"1\" data-attr-rel=\"0\" data-attr-static-link=\"{&quot;className&quot;:&quot;tve-froala fr-basic&quot;,&quot;href&quot;:&quot;http:\/\/paristouristinformation.fr\/es\/restaurants\/romantic\/&quot;,&quot;title&quot;:&quot;7 Romantic Restaurants for a Date in Paris&quot;,&quot;class&quot;:&quot;tve-froala fr-basic&quot;}\" data-attr-target=\"0\" data-extra_key=\"\" data-option-inline=\"1\" data-shortcode=\"tcb_post_title\" data-shortcode-name=\"Post title\"><a href=\"https:\/\/paristouristinformation.fr\/es\/restaurantes\/romantico\/\" title=\"7 restaurantes rom\u00e1nticos para una cita en Par\u00eds\" style=\"outline: none;\">7 restaurantes rom\u00e1nticos para una cita en Par\u00eds<\/a><\/span><\/span><\/h3>\n<p><\/article><article id=\"post-410\" class=\"post-410 page type-page status-publish has-post-thumbnail hentry post-wrapper thrv_wrapper thrive-animated-item \" tcb_hover_state_parent=\"\" shortcode=\"tcb_post_list\" data-id=\"410\" data-selector=\".post-wrapper\"><style class=\"tcb-post-list-dynamic-style\" type=\"text\/css\"><\/style><\/p>\n<h3><span><span data-attr-css=\"\" data-attr-link=\"1\" data-attr-rel=\"0\" data-attr-static-link=\"{&quot;className&quot;:&quot;tve-froala fr-basic&quot;,&quot;href&quot;:&quot;http:\/\/paristouristinformation.fr\/es\/restaurants\/romantic\/&quot;,&quot;title&quot;:&quot;7 Romantic Restaurants for a Date in Paris&quot;,&quot;class&quot;:&quot;tve-froala fr-basic&quot;}\" data-attr-target=\"0\" data-extra_key=\"\" data-option-inline=\"1\" data-shortcode=\"tcb_post_title\" data-shortcode-name=\"Post title\"><a href=\"https:\/\/paristouristinformation.fr\/es\/restaurantes\/romantico\/\" title=\"7 restaurantes rom\u00e1nticos para una cita en Par\u00eds\" style=\"outline: none;\">7 restaurantes rom\u00e1nticos para una cita en Par\u00eds<\/a><\/span><\/span><\/h3>\n<p><\/article><article id=\"post-3762\" class=\"post-3762 page type-page status-publish has-post-thumbnail hentry post-wrapper thrv_wrapper thrive-animated-item \" tcb_hover_state_parent=\"\" shortcode=\"tcb_post_list\" data-id=\"3762\" data-selector=\".post-wrapper\"><style class=\"tcb-post-list-dynamic-style\" type=\"text\/css\"><\/style><\/p>\n<h3><span><span data-attr-css=\"\" data-attr-link=\"1\" data-attr-rel=\"0\" data-attr-static-link=\"{&quot;className&quot;:&quot;tve-froala fr-basic&quot;,&quot;href&quot;:&quot;http:\/\/paristouristinformation.fr\/es\/restaurants\/romantic\/&quot;,&quot;title&quot;:&quot;7 Romantic Restaurants for a Date in Paris&quot;,&quot;class&quot;:&quot;tve-froala fr-basic&quot;}\" data-attr-target=\"0\" data-extra_key=\"\" data-option-inline=\"1\" data-shortcode=\"tcb_post_title\" data-shortcode-name=\"Post title\"><a href=\"https:\/\/paristouristinformation.fr\/es\/restaurantes\/romantico\/\" title=\"7 restaurantes rom\u00e1nticos para una cita en Par\u00eds\" style=\"outline: none;\">7 restaurantes rom\u00e1nticos para una cita en Par\u00eds<\/a><\/span><\/span><\/h3>\n<p><\/article><\/div>\n<h2 id=\"t-1612224789209\" style=\"\">6. Kitchen<\/h2>\n<blockquote data-instgrm-permalink=\"https:\/\/www.instagram.com\/p\/CGrglpeJJho\/?utm_source=ig_embed&amp;utm_campaign=loading\" data-instgrm-version=\"13\" style=\" background:#FFF; border:0; border-radius:3px; box-shadow:0 0 1px 0 rgba(0,0,0,0.5),0 1px 10px 0 rgba(0,0,0,0.15); margin: 1px; max-width:750px; min-width:326px; padding:0; width:99.375%; width:-webkit-calc(100% - 2px); width:calc(100% - 2px);\"><p> <a href=\"https:\/\/www.instagram.com\/p\/CGrglpeJJho\/?utm_source=ig_embed&amp;utm_campaign=loading\" style=\" background:#FFFFFF; line-height:0; padding:0 0; text-align:center; text-decoration:none; width:100%;\" target=\"_blank\" rel=\"noopener nofollow\">        Bu g\u00f6nderiyi Instagram&#8217;da g\u00f6r            <\/a><\/p>\n<p style=\" color:#c9c8cd; font-family:Arial,sans-serif; font-size:14px; line-height:17px; margin-bottom:0; margin-top:8px; overflow:hidden; padding:8px 0 7px; text-align:center; text-overflow:ellipsis; white-space:nowrap;\"><a href=\"https:\/\/www.instagram.com\/p\/CGrglpeJJho\/?utm_source=ig_embed&amp;utm_campaign=loading\" style=\" color:#c9c8cd; font-family:Arial,sans-serif; font-size:14px; font-style:normal; font-weight:normal; line-height:17px; text-decoration:none;\" target=\"_blank\" rel=\"noopener nofollow\">Kitchen (@kitchenparis)&#8217;in payla\u015ft\u0131\u011f\u0131 bir g\u00f6nderi<\/a><\/p>\n<\/blockquote>\n<p>[tcb-script async=\u00bb\u00bb src=\u00bb\/\/www.instagram.com\/embed.js\u00bb][\/tcb-script]<\/p>\n<p>Este peque\u00f1o y acogedor local cerca de <a href=\"https:\/\/paristouristinformation.fr\/es\/cosas-que-hacer\/distritos\/le-marais\/\" target=\"_blank\" rel=\"noopener\"><strong>Le Marais<\/strong><\/a><em><strong>,<\/strong><\/em> con su amable personal, sirve zumos, acai, batidos, bebidas con leche, tarta de manzana y pan de pl\u00e1tano veganos, tostadas vegetarianas, ensalada y sopa. El plato principal es un guiso hecho con varias verduras y granos.El ambiente es un poco de cantina, pero la comida es muy fresca y sabrosa. Hay una rica selecci\u00f3n de productos vegetarianos y tambi\u00e9n una gran cantidad de platos veganos. Las tortitas veganas sin gluten son muy recomendables.<strong>Direcci\u00f3n: <\/strong>Kitchen, 74, Rue des Gravilliers 75003 Par\u00eds<\/p>\n<h2 id=\"t-1612224789210\" style=\"\">7. Le Potager de Charlotte<\/h2>\n<blockquote data-instgrm-permalink=\"https:\/\/www.instagram.com\/p\/B4nPVg4CEzS\/?utm_source=ig_embed&amp;utm_campaign=loading\" data-instgrm-version=\"13\" style=\" background:#FFF; border:0; border-radius:3px; box-shadow:0 0 1px 0 rgba(0,0,0,0.5),0 1px 10px 0 rgba(0,0,0,0.15); margin: 1px; max-width:750px; min-width:326px; padding:0; width:99.375%; width:-webkit-calc(100% - 2px); width:calc(100% - 2px);\"><p> <a href=\"https:\/\/www.instagram.com\/p\/B4nPVg4CEzS\/?utm_source=ig_embed&amp;utm_campaign=loading\" style=\" background:#FFFFFF; line-height:0; padding:0 0; text-align:center; text-decoration:none; width:100%;\" target=\"_blank\" rel=\"noopener nofollow\">        Bu g\u00f6nderiyi Instagram&#8217;da g\u00f6r            <\/a><\/p>\n<p style=\" color:#c9c8cd; font-family:Arial,sans-serif; font-size:14px; line-height:17px; margin-bottom:0; margin-top:8px; overflow:hidden; padding:8px 0 7px; text-align:center; text-overflow:ellipsis; white-space:nowrap;\"><a href=\"https:\/\/www.instagram.com\/p\/B4nPVg4CEzS\/?utm_source=ig_embed&amp;utm_campaign=loading\" style=\" color:#c9c8cd; font-family:Arial,sans-serif; font-size:14px; font-style:normal; font-weight:normal; line-height:17px; text-decoration:none;\" target=\"_blank\" rel=\"noopener nofollow\">David Valentin (@lepotagerdecharlotte)&#8217;in payla\u015ft\u0131\u011f\u0131 bir g\u00f6nderi<\/a><\/p>\n<\/blockquote>\n<p>[tcb-script async=\u00bb\u00bb src=\u00bb\/\/www.instagram.com\/embed.js\u00bb][\/tcb-script]<\/p>\n<p>Traducido como \u00abel huerto de Charlotte\u00bb, este incre\u00edble restaurante creado por dos hermanos apasionados sirve opciones vegetarianas y veganas sofisticadas pero asequibles.De hecho, es bien conocido no s\u00f3lo por las grandes e inusuales recetas sino tambi\u00e9n por los coloridos platos decorados con amor, frutas y flores&#8230; No dude en probar los incre\u00edbles postres veganos, est\u00e1n entre los mejores de la ciudad.<strong>Direcci\u00f3n: <\/strong>12 Rue Louise-\u00c9milie de la Tour d&#8217;Auvergne, 75009 Par\u00eds<\/p>\n<p style=\"text-align: center;\"><a href=\"https:\/\/www.google.com\/maps\/d\/u\/2\/viewer?hl=tr&amp;mid=1uSN6spnc7sOy1Xtb_d54x-UsA7ojc7bo&amp;ll=48.87312873094433%2C2.3018965500000066&amp;z=13\" target=\"_blank\" rel=\"noopener nofollow\">(Enlace al mapa)<\/a><\/p>\n<p>\u00bfEn qu\u00e9 restaurante vegetariano franc\u00e9s quieres comer? \u00a1H\u00e1ganoslo saber en los comentarios!<\/p>\n<p>Si le ha gustado esta lista, no dude en consultar nuestras otras recomendaciones para comer, comprar y divertirse en Par\u00eds.<\/p>\n<ul>\n<li><span style=\"\"><a href=\"https:\/\/paristouristinformation.fr\/es\/restaurantes\/romantico\/\" target=\"_blank\" rel=\"noopener\"><strong>Las 7 mejores calles comerciales de Par\u00eds<\/strong><\/a><\/span><\/li>\n<li style=\"\"><span style=\"\"><a href=\"https:\/\/paristouristinformation.fr\/es\/cosas-que-hacer\/teatros\/\" target=\"_blank\" rel=\"noopener\"><strong>Los 15 mejores teatros y cabarets para un espect\u00e1culo en Par\u00eds<\/strong><\/a><\/span><\/li>\n<li><span style=\"\"><a href=\"https:\/\/paristouristinformation.fr\/es\/cosas-que-hacer\/museo\/\" target=\"_blank\" rel=\"noopener\"><strong>TOP 30 Mejores Museos <strong>de <\/strong>Par\u00eds<\/strong><\/a><\/span><\/li>\n<\/ul>\n","protected":false},"excerpt":{"rendered":"<p>Hay opciones vegetarianas en casi todos los restaurantes y bistr\u00f3s de Par\u00eds, y la proporci\u00f3n de platos vegetarianos en los men\u00fas crece r\u00e1pidamente. La diversidad geogr\u00e1fica de Francia permite a los cocineros franceses utilizar muchas legumbres, hierbas, verduras y aceitunas.Hay cantinas elegantes y modernas, caf\u00e9s convencionales que aparecen por los barrios famosos de Par\u00eds. El [&hellip;]<\/p>\n","protected":false},"author":10,"featured_media":6630,"parent":3762,"menu_order":0,"comment_status":"closed","ping_status":"closed","template":"","meta":{"footnotes":""},"tags":[],"class_list":{"0":"post-6038","1":"page","2":"type-page","3":"status-publish","4":"has-post-thumbnail","5":"hentry","6":"post-wrapper","7":"thrv_wrapper","10":"thrive-animated-item"},"wp-worthy-pixel":{"ignored":false,"public":null,"server":null,"url":null},"wp-worthy-type":"normal","_links":{"self":[{"href":"https:\/\/www.paristouristinformation.fr\/es\/wp-json\/wp\/v2\/pages\/6038","targetHints":{"allow":["GET"]}}],"collection":[{"href":"https:\/\/www.paristouristinformation.fr\/es\/wp-json\/wp\/v2\/pages"}],"about":[{"href":"https:\/\/www.paristouristinformation.fr\/es\/wp-json\/wp\/v2\/types\/page"}],"author":[{"embeddable":true,"href":"https:\/\/www.paristouristinformation.fr\/es\/wp-json\/wp\/v2\/users\/10"}],"replies":[{"embeddable":true,"href":"https:\/\/www.paristouristinformation.fr\/es\/wp-json\/wp\/v2\/comments?post=6038"}],"version-history":[{"count":0,"href":"https:\/\/www.paristouristinformation.fr\/es\/wp-json\/wp\/v2\/pages\/6038\/revisions"}],"up":[{"embeddable":true,"href":"https:\/\/www.paristouristinformation.fr\/es\/wp-json\/wp\/v2\/pages\/3762"}],"wp:featuredmedia":[{"embeddable":true,"href":"https:\/\/www.paristouristinformation.fr\/es\/wp-json\/wp\/v2\/media\/6630"}],"wp:attachment":[{"href":"https:\/\/www.paristouristinformation.fr\/es\/wp-json\/wp\/v2\/media?parent=6038"}],"wp:term":[{"taxonomy":"post_tag","embeddable":true,"href":"https:\/\/www.paristouristinformation.fr\/es\/wp-json\/wp\/v2\/tags?post=6038"}],"curies":[{"name":"wp","href":"https:\/\/api.w.org\/{rel}","templated":true}]}}