{"id":6225,"date":"2021-01-20T18:06:51","date_gmt":"2021-01-20T18:06:51","guid":{"rendered":"http:\/\/paristouristinformation.fr\/es\/?page_id=6225"},"modified":"2023-05-12T07:14:40","modified_gmt":"2023-05-12T07:14:40","slug":"cite-des-sciences-et-de-lindustrie","status":"publish","type":"page","link":"https:\/\/www.paristouristinformation.fr\/es\/cosas-que-hacer\/museo\/cite-des-sciences-et-de-lindustrie\/","title":{"rendered":"Visitar el Museo de la Ciudad de las Ciencias y de la Industria en Par\u00eds: Entradas &#038; Consejos"},"content":{"rendered":"<p>La Ciudad de las Ciencias y la Industria en ingl\u00e9s es el mayor museo de ciencias de Europa, y uno de los m\u00e1s visitados de Par\u00eds. Se encuentra en el Parque de la Vilette de Par\u00eds. \u00a1Es imposible no admirar la ciencia despu\u00e9s de pasar un d\u00eda divertido en la Cit\u00e9 des Sciences et de l&#8217;Industrie!La entrada al museo es muy asequible y, aunque pueda pensar que es un lugar s\u00f3lo para ni\u00f1os, se sorprender\u00e1 de que los adultos disfruten del lugar al menos tanto como sus hijos.En este art\u00edculo, le guiaremos por este museo y le informaremos sobre informaci\u00f3n \u00fatil como las entradas y las atracciones que hay en su interior.<\/p>\n<h2 id=\"t-1610539832044\" data-alt-text=\"What can I do at the museum ?\" style=\"\">\u00bfQu\u00e9 puedo hacer en la Cit\u00e9 des Sciences et de l&#8217;Industrie?<\/h2>\n<p>La Ciudad de la Ciencia y la Industria fue concebida como una instituci\u00f3n especializada en la promoci\u00f3n de la ciencia y la tecnolog\u00eda para todos, especialmente para los ni\u00f1os y los j\u00f3venes. Este es el lugar que apoya la informaci\u00f3n que los j\u00f3venes aprenden de los libros con temas como la f\u00edsica, la geograf\u00eda, la geometr\u00eda, los medios de comunicaci\u00f3n y la tecnolog\u00eda, la exploraci\u00f3n del espacio, la ingenier\u00eda y los inventos incre\u00edbles, y la anatom\u00eda humana de muchas maneras creativas.La visita a este lugar suele figurar en los programas de las escuelas primarias y secundarias francesas y se registra como excursi\u00f3n escolar.Hay salas con breves documentaciones sobre la gran historia de nuestro universo, el cerebro humano, el ADN, as\u00ed como otras exposiciones temporales.El museo contiene muchas atracciones tem\u00e1ticas. Entre ellas, hay un planetario, un submarino (Argonaute (S636)), un cine IMAX y un espacio de actividades para ni\u00f1os y adolescentes.<\/p>\n<h3>La cit\u00e9 des enfants (para ni\u00f1os)<\/h3>\n<p>La cit\u00e9 des enfants es la secci\u00f3n dedicada al despertar de los ni\u00f1os con actividades especiales.La secci\u00f3n para ni\u00f1os de entre <strong>2 y 7 a\u00f1os<\/strong> en 1700 m2 est\u00e1 dividida en cinco espacios tem\u00e1ticos : Me descubro, s\u00e9 c\u00f3mo, me identifico, experimento, todos juntos.La secci\u00f3n para ni\u00f1os de<strong> 5 a 12 a\u00f1os<\/strong> se compone de juegos, actividades y descubrimientos emocionantes en 6 espacios : el cuerpo, la comunicaci\u00f3n, el estudio de televisi\u00f3n, los juegos de agua, el jard\u00edn y la f\u00e1brica.<\/p>\n<div class=\"tcb-post-list tve-content-list empty-list thrv_wrapper\" data-type=\"grid\" data-pagination-type=\"none\" data-pages_near_current=\"2\" data-css=\"tve-u-1778c47377f\" data-total_post_count=\"0\" data-total_sticky_count=\"0\" data-no_posts_text=\"There are no posts to display.\"><article id=\"post-6225\" class=\"post-6225 page type-page status-publish has-post-thumbnail hentry post-wrapper thrv_wrapper thrive-animated-item \" tcb_hover_state_parent=\"\" shortcode=\"tcb_post_list\" data-id=\"6225\" data-selector=\".post-wrapper\"><style class=\"tcb-post-list-dynamic-style\" type=\"text\/css\"><\/style><\/p>\n<h3 style=\"\"><span data-attr-link=\"1\" data-attr-rel=\"0\" data-attr-target=\"0\" data-extra_key=\"\" data-option-inline=\"1\" data-shortcode=\"tcb_post_title\" data-shortcode-name=\"Post title\" data-attr-css=\"\" style=\"\" data-attr-static-link=\"{&quot;className&quot;:&quot;tve-froala fr-basic&quot;,&quot;href&quot;:&quot;#&quot;,&quot;title&quot;:&quot;Visitar el Museo de la Ciudad de las Ciencias y de la Industria en Par\u00eds: Entradas &amp; Consejos&quot;,&quot;class&quot;:&quot;tve-froala fr-basic&quot;}\"><a href=\"https:\/\/www.paristouristinformation.fr\/es\/cosas-que-hacer\/museo\/cite-des-sciences-et-de-lindustrie\/\" title=\"Visitar el Museo de la Ciudad de las Ciencias y de la Industria en Par\u00eds: Entradas &amp; Consejos\" data-css=\"\" class=\"tve-froala fr-basic\">Visitar el Museo de la Ciudad de las Ciencias y de la Industria en Par\u00eds: Entradas &amp; Consejos<\/a><\/span><\/h3>\n<p><\/article><\/div>\n<h2 id=\"t-1610539832045\">Entrada, billetes y visitas<\/h2>\n<p style=\"\">Se recomienda reservar en l\u00ednea para la Cit\u00e9 des enfants durante las vacaciones escolares. El museo est\u00e1 cerrado los lunes.<\/p>\n<ul>\n<li><span style=\"\"><strong>Entrada: <\/strong>La Cit\u00e9 des Sciences et de I&#8217;Industrie est\u00e1 abierta de martes a s\u00e1bado de 10:00 a 18:00 horas y los domingos de 10:00 a 19:00 horas.<\/span><\/li>\n<li style=\"\"><span style=\"\"><strong>Entradas:&nbsp;<\/strong>Consigue tusr <a href=\"https:\/\/www.tiqets.com\/en\/paris-attractions-c66746\/tickets-for-cite-des-sciences-et-de-l-industrie-p974746\/?partner=checkfortrip\" style=\"outline: none;\" target=\"_blank\" rel=\"noopener nofollow\">entradas para la Cit\u00e9 des Sciences et de l&#8217;Industrie<\/a><\/span><\/li>\n<li style=\"\"><span style=\"\"><strong>Consejos:<\/strong> Es posible utilizar el Paris Museum Pass en este museo. Consulte los precios del <em><strong>Paris Museum Pass.<\/strong><\/em><\/span><\/li>\n<\/ul>\n<p><span><img decoding=\"async\" alt=\"museum of science and industry in paris\" data-id=\"381\" width=\"680\" data-init-width=\"1200\" height=\"454\" data-init-height=\"800\" title=\"museum of science and industry in paris\" src=\"http:\/\/paristouristinformation.fr\/es\/wp-content\/uploads\/2020\/07\/museum-of-science-and-industry-in-paris.jpg\" data-width=\"680\" data-height=\"454\" data-pinpro-key=\"qdc9vtazg\" data-pin-media=\"http:\/\/paristouristinformation.fr\/es\/wp-content\/uploads\/2021\/03\/prag_50_sehenswuerdigkeiten_pinterest-24.jpg\" data-pin-description=\"Visit the Cit\u00e9 des Sciences et de l&amp;#039;Industrie, biggest science museum in Europe. Find useful information in this article about tickets and kids animations.\" data-pin-url=\"http:\/\/paristouristinformation.fr\/es\/things-to-do\/museum\/cite-des-sciences-et-de-lindustrie\/?tve=true&amp;tcbf=94bf7b1e79\" loading=\"lazy\"><\/span><\/p>\n<h2 id=\"t-1610539832046\" data-alt-text=\"How to get there ?\" style=\"\">\u00bfC\u00f3mo llegar a Cit\u00e9 des Sciences et de l&#8217;Industrie?<\/h2>\n<ul>\n<li><strong>Metro: <\/strong>\u00abPorte de la Villette\u00bb es la estaci\u00f3n m\u00e1s cercana de la l\u00ednea 7 del metro<\/li>\n<li><strong>Autob\u00fas:<\/strong> Puede tomar los n\u00fameros 139, 150 y 152 para llegar a la estaci\u00f3n \u00abPorte de la Villette\u00bb.<\/li>\n<\/ul>\n<h2 id=\"t-1627469397317\" style=\"\">Preguntas frecuentes<\/h2>\n<h2 id=\"t-1610539832048\" data-alt-text=\"History of the museum\" style=\"\">Historia de la Cit\u00e9 des Sciences et de l&#8217;Industrie<\/h2>\n<p>El \u00abPresidente Valerie Giscard d&#8217;Estaing\u00bb ten\u00eda previsto crear un museo de la ciencia, la tecnolog\u00eda y la industria.Se convoc\u00f3 un concurso para elegir el mejor proyecto adaptado al objetivo. El ganador fue el arquitecto \u00abAdrien Fainsilber\u00bb en 1980, que propuso utilizar para el museo el pabell\u00f3n comercial de los antiguos mataderos parisinos en el parque de La Villette.As\u00ed, la Ciudad de las Ciencias de Par\u00eds abri\u00f3 sus puertas el 13 de marzo de 1986, con motivo del encuentro entre la sonda astron\u00f3mica Giotto y el cometa Halley.Unos 5 millones de personas visitan la Ciudad Industrial cada a\u00f1o y hoy en d\u00eda se encuentra entre los 5 museos m\u00e1s populares de Par\u00eds.<\/p>\n<h2 id=\"t-1610539832049\" style=\"\" data-alt-text=\"Contact \">Contacto y mapa<\/h2>\n<ul>\n<li><span style=\"\"><strong>Direcci\u00f3n: <\/strong>30, av Corentin Cariou 75019 Par\u00eds<\/span><\/li>\n<li><span style=\"\"><strong>Horario de apertura:&nbsp;<\/strong><a href=\"http:\/\/www.cite-sciences.fr\/en\/home\/\" target=\"_blank\" style=\"outline: none;\" rel=\"noopener nofollow\">http:\/\/www.cite-sciences.fr\/en\/home\/<\/a><\/span><\/li>\n<li><span style=\"\"><strong>Transporte p\u00fablico: <\/strong>\u00abPorte de la Villette\u00bb en la l\u00ednea 7 del metro Autob\u00fas: 139, 150 y 152<\/span><\/li>\n<li style=\"\"><span style=\"\"><strong>P\u00e1gina web:&nbsp;<\/strong><a href=\"http:\/\/www.cite-sciences.fr\/en\/home\/\" target=\"_blank\" style=\"outline: none;\" rel=\"noopener nofollow\">www.cite-sciences.fr\/en\/home<\/a><\/span><\/li>\n<\/ul>\n<p>Antes de empezar, perm\u00edtanos recordarle que si est\u00e1 planeando su viaje a Par\u00eds ahora mismo, puede beneficiarse de nuestras ofertas en nuestra tienda oficial de<em><strong> entradas de Par\u00eds<\/strong><\/em>. Tenemos grandes y pr\u00e1cticas ofertas con entradas sin cola para todos <a href=\"https:\/\/paristouristinformation.fr\/es\/cosas-que-hacer\/museo\/\" target=\"_blank\" rel=\"noopener\"><strong>los museos importantes de Par\u00ed<\/strong><strong>s<\/strong>.<\/a> Disfrute de un viaje f\u00e1cil a Par\u00eds.<\/p>\n<h2 style=\"\">Art\u00edculos relacionados:<\/h2>\n<div class=\"tcb-post-list tve-content-list thrv_wrapper\" data-type=\"grid\" data-pagination-type=\"none\" data-pages_near_current=\"2\" data-css=\"tve-u-17de1520b37\" data-total_post_count=\"3\" data-total_sticky_count=\"0\" data-no_posts_text=\"There are no posts to display.\"><article id=\"post-2930\" class=\"post-2930 page type-page status-publish has-post-thumbnail hentry post-wrapper thrv_wrapper thrive-animated-item  tve_evt_manager_listen tve_ea_thrive_animation tve_et_mouseover tve_anim_grow\" tcb_hover_state_parent=\"\" class=\"tve_evt_manager_listen tve_ea_thrive_animation tve_et_mouseover tve_anim_grow\" data-id=\"2930\" data-selector=\".post-wrapper\"><style class=\"tcb-post-list-dynamic-style\" type=\"text\/css\">@media (min-width: 300px){[].tcb-post-list #post-2930 []{background-image: url(\u00abhttps:\/\/www.paristouristinformation.fr\/es\/wp-content\/uploads\/2021\/01\/15-Best-Attractions-in-Paris-in-France-1024x538.jpg\u00ab) !important;}[].tcb-post-list #post-2930 []:hover []{background-image: url(\u00abhttps:\/\/www.paristouristinformation.fr\/es\/wp-content\/uploads\/2021\/01\/15-Best-Attractions-in-Paris-in-France-1024x538.jpg\u00ab) !important;}}<\/style><a href=\"https:\/\/www.paristouristinformation.fr\/es\/cosas-que-hacer\/atracciones\/\" dynamic-postlink=\"tcb_post_the_permalink\" data-shortcode-id=\"56\"><\/a><\/p>\n<h3 style=\"text-align: center; padding-top: 0px !important; margin-top: 0px !important;\"><span data-attr-link=\"1\" data-attr-rel=\"0\" data-attr-target=\"0\" data-extra_key=\"\" data-option-inline=\"1\" data-shortcode=\"tcb_post_title\" data-shortcode-name=\"Post title\" data-attr-css=\"\" data-attr-static-link=\"{&quot;className&quot;:&quot;tve-froala fr-basic&quot;,&quot;href&quot;:&quot;https:\/\/paristouristinformation.fr\/es\/cosas-que-hacer\/&quot;,&quot;title&quot;:&quot;100 cosas que hacer en Par\u00eds&quot;,&quot;class&quot;:&quot;tve-froala fr-basic&quot;}\" style=\"\"><a href=\"https:\/\/www.paristouristinformation.fr\/es\/cosas-que-hacer\/atracciones\/\" title=\"15 Atracciones mejor valoradas de Par\u00eds\" data-css=\"\" class=\"tve-froala fr-basic\">15 Atracciones mejor valoradas de Par\u00eds<\/a><\/span><\/h3>\n<p><\/article><article id=\"post-78\" class=\"post-78 page type-page status-publish has-post-thumbnail hentry post-wrapper thrv_wrapper thrive-animated-item  tve_evt_manager_listen tve_ea_thrive_animation tve_et_mouseover tve_anim_grow\" tcb_hover_state_parent=\"\" class=\"tve_evt_manager_listen tve_ea_thrive_animation tve_et_mouseover tve_anim_grow\" data-id=\"78\" data-selector=\".post-wrapper\"><style class=\"tcb-post-list-dynamic-style\" type=\"text\/css\">@media (min-width: 300px){[].tcb-post-list #post-78 []{background-image: url(\u00abhttps:\/\/www.paristouristinformation.fr\/es\/wp-content\/uploads\/2021\/01\/27-Things-to-do-with-Kids-in-Paris-in-France-1024x538.jpg\u00ab) !important;}[].tcb-post-list #post-78 []:hover []{background-image: url(\u00abhttps:\/\/www.paristouristinformation.fr\/es\/wp-content\/uploads\/2021\/01\/27-Things-to-do-with-Kids-in-Paris-in-France-1024x538.jpg\u00ab) !important;}}<\/style><a href=\"https:\/\/www.paristouristinformation.fr\/es\/cosas-que-hacer\/para-ninos\/\" dynamic-postlink=\"tcb_post_the_permalink\" data-shortcode-id=\"56\"><\/a><\/p>\n<h3 style=\"text-align: center; padding-top: 0px !important; margin-top: 0px !important;\"><span data-attr-link=\"1\" data-attr-rel=\"0\" data-attr-target=\"0\" data-extra_key=\"\" data-option-inline=\"1\" data-shortcode=\"tcb_post_title\" data-shortcode-name=\"Post title\" data-attr-css=\"\" data-attr-static-link=\"{&quot;className&quot;:&quot;tve-froala fr-basic&quot;,&quot;href&quot;:&quot;https:\/\/paristouristinformation.fr\/es\/cosas-que-hacer\/&quot;,&quot;title&quot;:&quot;100 cosas que hacer en Par\u00eds&quot;,&quot;class&quot;:&quot;tve-froala fr-basic&quot;}\" style=\"\"><a href=\"https:\/\/www.paristouristinformation.fr\/es\/cosas-que-hacer\/para-ninos\/\" title=\"27 Cosas que hacer con ni\u00f1os en Par\u00eds\" data-css=\"\" class=\"tve-froala fr-basic\">27 Cosas que hacer con ni\u00f1os en Par\u00eds<\/a><\/span><\/h3>\n<p><\/article><article id=\"post-73\" class=\"post-73 page type-page status-publish has-post-thumbnail hentry post-wrapper thrv_wrapper thrive-animated-item  tve_evt_manager_listen tve_ea_thrive_animation tve_et_mouseover tve_anim_grow\" tcb_hover_state_parent=\"\" class=\"tve_evt_manager_listen tve_ea_thrive_animation tve_et_mouseover tve_anim_grow\" data-id=\"73\" data-selector=\".post-wrapper\"><style class=\"tcb-post-list-dynamic-style\" type=\"text\/css\">@media (min-width: 300px){[].tcb-post-list #post-73 []{background-image: url(\u00abhttps:\/\/www.paristouristinformation.fr\/es\/wp-content\/uploads\/2021\/01\/10-Best-Free-Things-To-Do-in-Paris-1024x538.jpg\u00ab) !important;}[].tcb-post-list #post-73 []:hover []{background-image: url(\u00abhttps:\/\/www.paristouristinformation.fr\/es\/wp-content\/uploads\/2021\/01\/10-Best-Free-Things-To-Do-in-Paris-1024x538.jpg\u00ab) !important;}}<\/style><a href=\"https:\/\/www.paristouristinformation.fr\/es\/cosas-que-hacer\/gratis\/\" dynamic-postlink=\"tcb_post_the_permalink\" data-shortcode-id=\"56\"><\/a><\/p>\n<h3 style=\"text-align: center; padding-top: 0px !important; margin-top: 0px !important;\"><span data-attr-link=\"1\" data-attr-rel=\"0\" data-attr-target=\"0\" data-extra_key=\"\" data-option-inline=\"1\" data-shortcode=\"tcb_post_title\" data-shortcode-name=\"Post title\" data-attr-css=\"\" data-attr-static-link=\"{&quot;className&quot;:&quot;tve-froala fr-basic&quot;,&quot;href&quot;:&quot;https:\/\/paristouristinformation.fr\/es\/cosas-que-hacer\/&quot;,&quot;title&quot;:&quot;100 cosas que hacer en Par\u00eds&quot;,&quot;class&quot;:&quot;tve-froala fr-basic&quot;}\" style=\"\"><a href=\"https:\/\/www.paristouristinformation.fr\/es\/cosas-que-hacer\/gratis\/\" title=\"10 Mejores cosas que hacer gratis en Par\u00eds\" data-css=\"\" class=\"tve-froala fr-basic\">10 Mejores cosas que hacer gratis en Par\u00eds<\/a><\/span><\/h3>\n<p><\/article><\/div>\n","protected":false},"excerpt":{"rendered":"<p>La Ciudad de las Ciencias y la Industria en ingl\u00e9s es el mayor museo de ciencias de Europa, y uno de los m\u00e1s visitados de Par\u00eds. Se encuentra en el Parque de la Vilette de Par\u00eds. \u00a1Es imposible no admirar la ciencia despu\u00e9s de pasar un d\u00eda divertido en la Cit\u00e9 des Sciences et de [&hellip;]<\/p>\n","protected":false},"author":10,"featured_media":8193,"parent":68,"menu_order":0,"comment_status":"closed","ping_status":"closed","template":"","meta":{"footnotes":""},"tags":[],"class_list":{"0":"post-6225","1":"page","2":"type-page","3":"status-publish","4":"has-post-thumbnail","5":"hentry","6":"post-wrapper","7":"thrv_wrapper","10":"thrive-animated-item"},"wp-worthy-pixel":{"ignored":false,"public":null,"server":null,"url":null},"wp-worthy-type":"normal","_links":{"self":[{"href":"https:\/\/www.paristouristinformation.fr\/es\/wp-json\/wp\/v2\/pages\/6225","targetHints":{"allow":["GET"]}}],"collection":[{"href":"https:\/\/www.paristouristinformation.fr\/es\/wp-json\/wp\/v2\/pages"}],"about":[{"href":"https:\/\/www.paristouristinformation.fr\/es\/wp-json\/wp\/v2\/types\/page"}],"author":[{"embeddable":true,"href":"https:\/\/www.paristouristinformation.fr\/es\/wp-json\/wp\/v2\/users\/10"}],"replies":[{"embeddable":true,"href":"https:\/\/www.paristouristinformation.fr\/es\/wp-json\/wp\/v2\/comments?post=6225"}],"version-history":[{"count":0,"href":"https:\/\/www.paristouristinformation.fr\/es\/wp-json\/wp\/v2\/pages\/6225\/revisions"}],"up":[{"embeddable":true,"href":"https:\/\/www.paristouristinformation.fr\/es\/wp-json\/wp\/v2\/pages\/68"}],"wp:featuredmedia":[{"embeddable":true,"href":"https:\/\/www.paristouristinformation.fr\/es\/wp-json\/wp\/v2\/media\/8193"}],"wp:attachment":[{"href":"https:\/\/www.paristouristinformation.fr\/es\/wp-json\/wp\/v2\/media?parent=6225"}],"wp:term":[{"taxonomy":"post_tag","embeddable":true,"href":"https:\/\/www.paristouristinformation.fr\/es\/wp-json\/wp\/v2\/tags?post=6225"}],"curies":[{"name":"wp","href":"https:\/\/api.w.org\/{rel}","templated":true}]}}