{"id":6884,"date":"2021-01-29T12:04:58","date_gmt":"2021-01-29T12:04:58","guid":{"rendered":"http:\/\/paristouristinformation.fr\/es\/?page_id=6884"},"modified":"2023-05-12T06:35:05","modified_gmt":"2023-05-12T06:35:05","slug":"grand-palais","status":"publish","type":"page","link":"https:\/\/www.paristouristinformation.fr\/es\/cosas-que-hacer\/museo\/grand-palais\/","title":{"rendered":"Gu\u00eda del Grand Palais de Par\u00eds: Exposiciones, entradas e informaci\u00f3n"},"content":{"rendered":"<p>El Grand Palais, con m\u00e1s de 100 a\u00f1os de historia, se utiliza hoy en d\u00eda como sede h\u00edbrida de diversas exposiciones y eventos.De hecho, el Grand Palais, que significa \u00abGran Palacio\u00bb en ingl\u00e9s, es uno de los monumentos m\u00e1s magn\u00edficos de Par\u00eds, muy popular entre los aficionados y profesionales de la moda del mundo por las exposiciones de moda que se celebran cada a\u00f1o y que se denominan \u00abLa Fashion Week Parisienne\u00bb.Este prestigioso lugar es uno de los edificios que hay que ver al menos desde fuera, y si tiene la suerte de asistir a un desfile, desde dentro.En este art\u00edculo, le guiaremos a trav\u00e9s de la informaci\u00f3n \u00fatil que debe conocer sobre el Grand Palais: exposiciones, eventos, entradas e historia.<\/p>\n<p><span><img decoding=\"async\" alt=\"\" data-id=\"7200\" width=\"702\" data-init-width=\"1000\" height=\"468\" data-init-height=\"667\" title=\"Grand Palais interior in Paris in France\" src=\"http:\/\/paristouristinformation.fr\/es\/wp-content\/uploads\/2021\/02\/Grand-Palais-interior-in-Paris-in-France.jpg\" data-width=\"702\" data-height=\"468\" data-pinpro-key=\"0vw3johmw\" data-pin-media=\"http:\/\/paristouristinformation.fr\/es\/wp-content\/uploads\/2021\/03\/prag_50_sehenswuerdigkeiten_pinterest-19.jpg\" data-pin-description=\"Visit the Grand Palais monument, a landmark of Paris, thanks to our guide filled with useful information about exhibitions, events, tickets...\" data-pin-url=\"http:\/\/paristouristinformation.fr\/es\/things-to-do\/museum\/grand-palais\/?tve=true&amp;tcbf=4a45f62508\" loading=\"lazy\"><\/span><\/p>\n<h2 id=\"t-1610539832044\">\u00bfQu\u00e9 puedo hacer en el Grand Palais?<\/h2>\n<p>El Grand Palais destaca por su fachada de inspiraci\u00f3n cl\u00e1sica en el exterior, decorada con estatuas realizadas por Paul Gasq y Alfred Boucher. El Grand Palais cuenta con tres grandes recintos: el principal, las Galer\u00edas Nacionales y el Palacio de la Corte.El recinto principal es un espacio gigantesco de unos 240 metros de superficie. Aqu\u00ed se celebran eventos como cabalgatas anuales, exposiciones de fotograf\u00eda, moda y arte. Caminar bajo el techo de cristal y acero de 6.000 toneladas hace que uno comprenda mejor el vasto espacio. El Palais de la Decourt funciona como museo y centro cultural que alberga colecciones permanentes y temporales. Hay actividades educativas cient\u00edficas y divertidas para los ni\u00f1os.<\/p>\n<h3>Eventos en el Grand Palais<\/h3>\n<p>En el Grand Palais se celebran numerosos eventos, como los desfiles de la Semana de la Moda, la FIAC, Paris Photo, el evento ecuestre Saut Herm\u00e8s, etc., que re\u00fanen a miles de personas cada a\u00f1o.<\/p>\n<p><span><img decoding=\"async\" alt=\"\" data-id=\"7203\" width=\"702\" data-init-width=\"1000\" height=\"468\" data-init-height=\"667\" title=\"Grand Palais architectural details in Paris in France\" src=\"http:\/\/paristouristinformation.fr\/es\/wp-content\/uploads\/2021\/02\/Grand-Palais-architectural-details-in-Paris-in-France.jpg\" data-width=\"702\" data-height=\"468\" data-pinpro-key=\"5a4p93quh\" data-pin-media=\"http:\/\/paristouristinformation.fr\/es\/wp-content\/uploads\/2021\/03\/prag_50_sehenswuerdigkeiten_pinterest-19.jpg\" data-pin-description=\"Visit the Grand Palais monument, a landmark of Paris, thanks to our guide filled with useful information about exhibitions, events, tickets...\" data-pin-url=\"http:\/\/paristouristinformation.fr\/es\/things-to-do\/museum\/grand-palais\/?tve=true&amp;tcbf=4a45f62508\" loading=\"lazy\"><\/span><\/p>\n<h2 id=\"t-1610539832045\">Entrada, billetes y visitas<\/h2>\n<p>Se trata de un centro de exposiciones con eventos temporales, que suele albergar grandes muestras de arte que cambian peri\u00f3dicamente. Por ello, es mejor consultar los detalles sobre los horarios de apertura y el programa actual en la p\u00e1gina web oficial.Est\u00e1 cerrado los martes, como muchos otros museos de Par\u00eds. Es muy recomendable conseguir las entradas con antelaci\u00f3n para las exposiciones temporales, ya que las plazas son limitadas por d\u00eda.<\/p>\n<ul>\n<li style=\"\"><span style=\"\"><strong>Entradas:<\/strong> Haga clic aqu\u00ed y consiga sus<a href=\"https:\/\/www.tiqets.com\/en\/paris-attractions-c66746\/tickets-for-grand-palais-skip-the-line-p983717\/?partner=checkfortrip\" style=\"outline: none;\" target=\"_blank\" rel=\"noopener nofollow\">entradas Skip the Line Grand Palais<\/a><\/span><\/li>\n<\/ul>\n<p><span><img decoding=\"async\" alt=\"\" data-id=\"7198\" width=\"702\" data-init-width=\"1000\" height=\"468\" data-init-height=\"667\" title=\"Grand Palais aerial in Paris in France\" src=\"http:\/\/paristouristinformation.fr\/es\/wp-content\/uploads\/2021\/02\/Grand-Palais-aerial-in-Paris-in-France.jpg\" data-width=\"702\" data-height=\"468\" style=\"\" data-pinpro-key=\"tx0vb5y5i\" data-pin-media=\"http:\/\/paristouristinformation.fr\/es\/wp-content\/uploads\/2021\/03\/prag_50_sehenswuerdigkeiten_pinterest-19.jpg\" data-pin-description=\"Visit the Grand Palais monument, a landmark of Paris, thanks to our guide filled with useful information about exhibitions, events, tickets...\" data-pin-url=\"http:\/\/paristouristinformation.fr\/es\/things-to-do\/museum\/grand-palais\/?tve=true&amp;tcbf=4a45f62508\" loading=\"lazy\"><\/span><\/p>\n<h2 id=\"t-1610539832046\">C\u00f3mo llegar al Grand Palais<\/h2>\n<ul>\n<li><strong>Metro: \u00abChamps-\u00c9lys\u00e9es-Clemenceau\u00bb <\/strong>es la estaci\u00f3n m\u00e1s cercana para llegar al Grand Palais en la L\u00ednea 1 y la L\u00ednea 13. Tambi\u00e9n est\u00e1 cerca la estaci\u00f3n \u00abFranklin D. Roosevelt\u00bb de la l\u00ednea 1 y 9 del metro.<\/li>\n<li><strong>Autob\u00fas:&nbsp;<\/strong>28 42, 52, 63, 72, 73, 80, 83 and 93<\/li>\n<\/ul>\n<h2 id=\"t-1627466532194\">Preguntas frecuentes<\/h2>\n<p><span><img decoding=\"async\" alt=\"\" data-id=\"7204\" width=\"702\" data-init-width=\"1000\" height=\"468\" data-init-height=\"667\" title=\"Gr Palace in Paris in France\" src=\"http:\/\/paristouristinformation.fr\/es\/wp-content\/uploads\/2021\/02\/Gr-Palace-in-Paris-in-France.jpg\" data-width=\"702\" data-height=\"468\" data-pinpro-key=\"783jy1d53\" data-pin-media=\"http:\/\/paristouristinformation.fr\/es\/wp-content\/uploads\/2021\/03\/prag_50_sehenswuerdigkeiten_pinterest-19.jpg\" data-pin-description=\"Visit the Grand Palais monument, a landmark of Paris, thanks to our guide filled with useful information about exhibitions, events, tickets...\" data-pin-url=\"http:\/\/paristouristinformation.fr\/es\/things-to-do\/museum\/grand-palais\/?tve=true&amp;tcbf=4a45f62508\" loading=\"lazy\"><\/span><\/p>\n<h2 id=\"t-1610539832048\">Historia del Grand Palais<\/h2>\n<p>La construcci\u00f3n del Grand Palais comenz\u00f3 en 1897 y se inaugur\u00f3 el 1 de mayo de 1900. Se construy\u00f3 para preparar la Exposici\u00f3n Universal de 1900, al igual que muchos otros edificios.Tras la inauguraci\u00f3n, se convirti\u00f3 en sede de diversos tipos de exposiciones, como las competiciones ecuestres que se celebraron anualmente desde 1901 hasta 1957. Tambi\u00e9n se exhibieron exposiciones sobre innovaci\u00f3n y modernizaci\u00f3n, incluyendo autom\u00f3viles, aviaci\u00f3n, nuevos inventos, etc. Tras la muerte del famoso artista Henri Matisse, el Grand Palais alberg\u00f3 su primera exposici\u00f3n retrospectiva.El Grand Palais se utiliz\u00f3 como hospital militar durante la Primera Guerra Mundial. Los nazis ocuparon el lugar durante la ocupaci\u00f3n de Francia en la Segunda Guerra Mundial. El Grand Palais es visitado por m\u00e1s de 2 millones de personas cada a\u00f1o y se celebran aproximadamente 40 eventos al a\u00f1o.<\/p>\n<h2 id=\"t-1610539832049\" style=\"\">Contacto y mapa<\/h2>\n<ul>\n<li><span style=\"\"><strong>Direcci\u00f3n: <\/strong>3, avenue du G\u00e9n\u00e9ral Eisenhower75008 Par\u00eds<\/span><\/li>\n<li><span style=\"\"><strong>Horario de apertura:<a href=\"https:\/\/www.grandpalais.fr\/en\/grand-palais-public-entrances-0\" target=\"_blank\" style=\"outline: none;\" rel=\"noopener nofollow\">Sitio web oficial del Grand Palais<\/a><\/strong><\/span><\/li>\n<li><span style=\"\"><strong>Transporte p\u00fablico: <\/strong>Champs-\u00c9lys\u00e9es-Clemenceau es la estaci\u00f3n m\u00e1s cercana de las l\u00edneas 1 y 13<\/span><\/li>\n<li style=\"\"><span style=\"\"><strong>P\u00e1gina web:&nbsp;<\/strong><a href=\"https:\/\/www.grandpalais.fr\/en\/\" target=\"_blank\" style=\"outline: none;\" rel=\"noopener nofollow\">www.grandpalais.fr\/en<\/a><\/span><\/li>\n<\/ul>\n<p>Antes de empezar, perm\u00edtanos recordarle que si est\u00e1 planeando su viaje a Par\u00eds ahora mismo, puede beneficiarse de nuestras ofertas en nuestra tienda oficial de <em><strong>entradas de Par\u00eds<\/strong><\/em>. Tenemos grandes y pr\u00e1cticas ofertas con entradas sin cola para todos <a href=\"https:\/\/paristouristinformation.fr\/es\/cosas-que-hacer\/museo\/\" target=\"_blank\" style=\"outline: none;\" rel=\"noopener\"><strong>los museos importantes de Par\u00ed<\/strong><strong>s<\/strong><\/a>. Disfrute de un viaje f\u00e1cil a Par\u00eds.<\/p>\n<h2 style=\"\" id=\"t-1642429187152\">Art\u00edculos relacionados:<\/h2>\n<div class=\"tcb-post-list tve-content-list thrv_wrapper\" data-type=\"grid\" data-pagination-type=\"none\" data-pages_near_current=\"2\" data-css=\"tve-u-17dddbc3c5f\" data-total_post_count=\"4\" data-total_sticky_count=\"0\" data-no_posts_text=\"There are no posts to display.\"><article id=\"post-7624\" class=\"post-7624 page type-page status-publish has-post-thumbnail hentry post-wrapper thrv_wrapper thrive-animated-item  tve_evt_manager_listen tve_ea_thrive_animation tve_et_mouseover tve_anim_grow\" tcb_hover_state_parent=\"\" class=\"tve_evt_manager_listen tve_ea_thrive_animation tve_et_mouseover tve_anim_grow\" data-id=\"7624\" data-selector=\".post-wrapper\"><style class=\"tcb-post-list-dynamic-style\" type=\"text\/css\">@media (min-width: 300px){[].tcb-post-list #post-7624 []{background-image: url(\u00abhttps:\/\/www.paristouristinformation.fr\/es\/wp-content\/uploads\/2021\/02\/Musee-Jacquemart-Andre-in-Paris-in-France-1024x538.jpg\u00ab) !important;}[].tcb-post-list #post-7624 []:hover []{background-image: url(\u00abhttps:\/\/www.paristouristinformation.fr\/es\/wp-content\/uploads\/2021\/02\/Musee-Jacquemart-Andre-in-Paris-in-France-1024x538.jpg\u00ab) !important;}}<\/style><a href=\"https:\/\/www.paristouristinformation.fr\/es\/cosas-que-hacer\/museo\/musee-jacquemart-andre\/\" dynamic-postlink=\"tcb_post_the_permalink\" data-shortcode-id=\"7624\"><\/a><\/p>\n<h3 style=\"text-align: center; padding-top: 0px !important; margin-top: 0px !important;\"><span data-attr-link=\"1\" data-attr-rel=\"0\" data-attr-target=\"0\" data-extra_key=\"\" data-option-inline=\"1\" data-shortcode=\"tcb_post_title\" data-shortcode-name=\"Post title\" data-attr-css=\"\" data-attr-static-link=\"{&quot;className&quot;:&quot;tve-froala fr-basic&quot;,&quot;href&quot;:&quot;https:\/\/paristouristinformation.fr\/es\/cosas-que-hacer\/museo\/musee-jacquemart-andre\/&quot;,&quot;title&quot;:&quot;Gu\u00eda del Museo Jacquemart Andre en Par\u00eds: Exposici\u00f3n &amp; Entradas&quot;,&quot;class&quot;:&quot;tve-froala fr-basic&quot;}\" style=\"\"><a href=\"https:\/\/www.paristouristinformation.fr\/es\/cosas-que-hacer\/museo\/musee-jacquemart-andre\/\" title=\"Gu\u00eda del Museo Jacquemart Andre en Par\u00eds: Exposici\u00f3n &amp; Entradas\" data-css=\"\" class=\"tve-froala fr-basic\">Gu\u00eda del Museo Jacquemart Andre en Par\u00eds: Exposici\u00f3n &amp; Entradas<\/a><\/span><\/h3>\n<p><\/article><article id=\"post-7650\" class=\"post-7650 page type-page status-publish has-post-thumbnail hentry post-wrapper thrv_wrapper thrive-animated-item  tve_evt_manager_listen tve_ea_thrive_animation tve_et_mouseover tve_anim_grow\" tcb_hover_state_parent=\"\" class=\"tve_evt_manager_listen tve_ea_thrive_animation tve_et_mouseover tve_anim_grow\" data-id=\"7650\" data-selector=\".post-wrapper\"><style class=\"tcb-post-list-dynamic-style\" type=\"text\/css\">@media (min-width: 300px){[].tcb-post-list #post-7650 []{background-image: url(\u00abhttps:\/\/www.paristouristinformation.fr\/es\/wp-content\/uploads\/2020\/12\/Notre-Dame-Cruise-Seine-in-Paris-in-France.jpg\u00ab) !important;}[].tcb-post-list #post-7650 []:hover []{background-image: url(\u00abhttps:\/\/www.paristouristinformation.fr\/es\/wp-content\/uploads\/2020\/12\/Notre-Dame-Cruise-Seine-in-Paris-in-France.jpg\u00ab) !important;}}<\/style><a href=\"https:\/\/www.paristouristinformation.fr\/es\/cosas-que-hacer\/crucero-por-el-sena\/\" dynamic-postlink=\"tcb_post_the_permalink\" data-shortcode-id=\"7624\"><\/a><\/p>\n<h3 style=\"text-align: center; padding-top: 0px !important; margin-top: 0px !important;\"><span data-attr-link=\"1\" data-attr-rel=\"0\" data-attr-target=\"0\" data-extra_key=\"\" data-option-inline=\"1\" data-shortcode=\"tcb_post_title\" data-shortcode-name=\"Post title\" data-attr-css=\"\" data-attr-static-link=\"{&quot;className&quot;:&quot;tve-froala fr-basic&quot;,&quot;href&quot;:&quot;https:\/\/paristouristinformation.fr\/es\/cosas-que-hacer\/museo\/musee-jacquemart-andre\/&quot;,&quot;title&quot;:&quot;Gu\u00eda del Museo Jacquemart Andre en Par\u00eds: Exposici\u00f3n &amp; Entradas&quot;,&quot;class&quot;:&quot;tve-froala fr-basic&quot;}\" style=\"\"><a href=\"https:\/\/www.paristouristinformation.fr\/es\/cosas-que-hacer\/crucero-por-el-sena\/\" title=\"Crucero por el Sena en Par\u00eds: Reservas &amp; Consejos\" data-css=\"\" class=\"tve-froala fr-basic\">Crucero por el Sena en Par\u00eds: Reservas &amp; Consejos<\/a><\/span><\/h3>\n<p><\/article><article id=\"post-8125\" class=\"post-8125 page type-page status-publish has-post-thumbnail hentry post-wrapper thrv_wrapper thrive-animated-item  tve_evt_manager_listen tve_ea_thrive_animation tve_et_mouseover tve_anim_grow\" tcb_hover_state_parent=\"\" class=\"tve_evt_manager_listen tve_ea_thrive_animation tve_et_mouseover tve_anim_grow\" data-id=\"8125\" data-selector=\".post-wrapper\"><style class=\"tcb-post-list-dynamic-style\" type=\"text\/css\">@media (min-width: 300px){[].tcb-post-list #post-8125 []{background-image: url(\u00abhttps:\/\/www.paristouristinformation.fr\/es\/wp-content\/uploads\/2021\/07\/hop-on-hop-off-bus-in-Paris-in-France-1024x538.jpg\u00ab) !important;}[].tcb-post-list #post-8125 []:hover []{background-image: url(\u00abhttps:\/\/www.paristouristinformation.fr\/es\/wp-content\/uploads\/2021\/07\/hop-on-hop-off-bus-in-Paris-in-France-1024x538.jpg\u00ab) !important;}}<\/style><a href=\"https:\/\/www.paristouristinformation.fr\/es\/cosas-que-hacer\/hop-on-hop-off\/\" dynamic-postlink=\"tcb_post_the_permalink\" data-shortcode-id=\"7624\"><\/a><\/p>\n<h3 style=\"text-align: center; padding-top: 0px !important; margin-top: 0px !important;\"><span data-attr-link=\"1\" data-attr-rel=\"0\" data-attr-target=\"0\" data-extra_key=\"\" data-option-inline=\"1\" data-shortcode=\"tcb_post_title\" data-shortcode-name=\"Post title\" data-attr-css=\"\" data-attr-static-link=\"{&quot;className&quot;:&quot;tve-froala fr-basic&quot;,&quot;href&quot;:&quot;https:\/\/paristouristinformation.fr\/es\/cosas-que-hacer\/museo\/musee-jacquemart-andre\/&quot;,&quot;title&quot;:&quot;Gu\u00eda del Museo Jacquemart Andre en Par\u00eds: Exposici\u00f3n &amp; Entradas&quot;,&quot;class&quot;:&quot;tve-froala fr-basic&quot;}\" style=\"\"><a href=\"https:\/\/www.paristouristinformation.fr\/es\/cosas-que-hacer\/hop-on-hop-off\/\" title=\"Hop on Hop off Tours Barco y Bus en Par\u00eds\" data-css=\"\" class=\"tve-froala fr-basic\">Hop on Hop off Tours Barco y Bus en Par\u00eds<\/a><\/span><\/h3>\n<p><\/article><article id=\"post-8629\" class=\"post-8629 page type-page status-publish has-post-thumbnail hentry post-wrapper thrv_wrapper thrive-animated-item  tve_evt_manager_listen tve_ea_thrive_animation tve_et_mouseover tve_anim_grow\" tcb_hover_state_parent=\"\" class=\"tve_evt_manager_listen tve_ea_thrive_animation tve_et_mouseover tve_anim_grow\" data-id=\"8629\" data-selector=\".post-wrapper\"><style class=\"tcb-post-list-dynamic-style\" type=\"text\/css\">@media (min-width: 300px){[].tcb-post-list #post-8629 []{background-image: url(\u00abhttps:\/\/www.paristouristinformation.fr\/es\/wp-content\/uploads\/2021\/06\/petit-palais-in-paris-in-france-1024x538.jpg\u00ab) !important;}[].tcb-post-list #post-8629 []:hover []{background-image: url(\u00abhttps:\/\/www.paristouristinformation.fr\/es\/wp-content\/uploads\/2021\/06\/petit-palais-in-paris-in-france-1024x538.jpg\u00ab) !important;}}<\/style><a href=\"https:\/\/www.paristouristinformation.fr\/es\/cosas-que-hacer\/museo\/petit-palais\/\" dynamic-postlink=\"tcb_post_the_permalink\" data-shortcode-id=\"7624\"><\/a><\/p>\n<h3 style=\"text-align: center; padding-top: 0px !important; margin-top: 0px !important;\"><span data-attr-link=\"1\" data-attr-rel=\"0\" data-attr-target=\"0\" data-extra_key=\"\" data-option-inline=\"1\" data-shortcode=\"tcb_post_title\" data-shortcode-name=\"Post title\" data-attr-css=\"\" data-attr-static-link=\"{&quot;className&quot;:&quot;tve-froala fr-basic&quot;,&quot;href&quot;:&quot;https:\/\/paristouristinformation.fr\/es\/cosas-que-hacer\/museo\/musee-jacquemart-andre\/&quot;,&quot;title&quot;:&quot;Gu\u00eda del Museo Jacquemart Andre en Par\u00eds: Exposici\u00f3n &amp; Entradas&quot;,&quot;class&quot;:&quot;tve-froala fr-basic&quot;}\" style=\"\"><a href=\"https:\/\/www.paristouristinformation.fr\/es\/cosas-que-hacer\/museo\/petit-palais\/\" title=\"Gu\u00eda del Petit Palais de Par\u00eds: Exposiciones, entradas e informaci\u00f3n\" data-css=\"\" class=\"tve-froala fr-basic\">Gu\u00eda del Petit Palais de Par\u00eds: Exposiciones, entradas e informaci\u00f3n<\/a><\/span><\/h3>\n<p><\/article><\/div>\n","protected":false},"excerpt":{"rendered":"<p>El Grand Palais, con m\u00e1s de 100 a\u00f1os de historia, se utiliza hoy en d\u00eda como sede h\u00edbrida de diversas exposiciones y eventos.De hecho, el Grand Palais, que significa \u00abGran Palacio\u00bb en ingl\u00e9s, es uno de los monumentos m\u00e1s magn\u00edficos de Par\u00eds, muy popular entre los aficionados y profesionales de la moda del mundo por [&hellip;]<\/p>\n","protected":false},"author":10,"featured_media":8198,"parent":68,"menu_order":0,"comment_status":"closed","ping_status":"closed","template":"","meta":{"footnotes":""},"tags":[],"class_list":{"0":"post-6884","1":"page","2":"type-page","3":"status-publish","4":"has-post-thumbnail","5":"hentry","6":"post-wrapper","7":"thrv_wrapper","10":"thrive-animated-item"},"wp-worthy-pixel":{"ignored":false,"public":null,"server":null,"url":null},"wp-worthy-type":"normal","_links":{"self":[{"href":"https:\/\/www.paristouristinformation.fr\/es\/wp-json\/wp\/v2\/pages\/6884","targetHints":{"allow":["GET"]}}],"collection":[{"href":"https:\/\/www.paristouristinformation.fr\/es\/wp-json\/wp\/v2\/pages"}],"about":[{"href":"https:\/\/www.paristouristinformation.fr\/es\/wp-json\/wp\/v2\/types\/page"}],"author":[{"embeddable":true,"href":"https:\/\/www.paristouristinformation.fr\/es\/wp-json\/wp\/v2\/users\/10"}],"replies":[{"embeddable":true,"href":"https:\/\/www.paristouristinformation.fr\/es\/wp-json\/wp\/v2\/comments?post=6884"}],"version-history":[{"count":0,"href":"https:\/\/www.paristouristinformation.fr\/es\/wp-json\/wp\/v2\/pages\/6884\/revisions"}],"up":[{"embeddable":true,"href":"https:\/\/www.paristouristinformation.fr\/es\/wp-json\/wp\/v2\/pages\/68"}],"wp:featuredmedia":[{"embeddable":true,"href":"https:\/\/www.paristouristinformation.fr\/es\/wp-json\/wp\/v2\/media\/8198"}],"wp:attachment":[{"href":"https:\/\/www.paristouristinformation.fr\/es\/wp-json\/wp\/v2\/media?parent=6884"}],"wp:term":[{"taxonomy":"post_tag","embeddable":true,"href":"https:\/\/www.paristouristinformation.fr\/es\/wp-json\/wp\/v2\/tags?post=6884"}],"curies":[{"name":"wp","href":"https:\/\/api.w.org\/{rel}","templated":true}]}}