{"id":6886,"date":"2021-01-29T12:05:43","date_gmt":"2021-01-29T12:05:43","guid":{"rendered":"http:\/\/paristouristinformation.fr\/es\/?page_id=6886"},"modified":"2023-05-11T12:26:22","modified_gmt":"2023-05-11T12:26:22","slug":"torre-montparnasse","status":"publish","type":"page","link":"https:\/\/www.paristouristinformation.fr\/es\/cosas-que-hacer\/atracciones\/torre-montparnasse\/","title":{"rendered":"Torre de Montparnasse en Par\u00eds: historia, datos y entradas a la cima"},"content":{"rendered":"<p>La Torre Montparnasse, LaTour Montparnasse en franc\u00e9s, es un rascacielos de 59 plantas situado en Montparnasse, en el distrito 15 de Par\u00eds.Est\u00e1 en la lista de los edificios m\u00e1s altos de Europa y es la \u00fanica torre de sal\u00f3n en el centro de Par\u00eds. De hecho, la mayor\u00eda de las torres altas de la ciudad se concentran en el distrito financiero de La D\u00e9fense, pero esta en especial no.La Torre Montparnasse no es un edificio extraordinario, sin embargo, es una gran atracci\u00f3n ya que ofrece la vista m\u00e1s incre\u00edble de Par\u00eds (especialmente la <em><strong>Torre Eiffel<\/strong><\/em>) y de los monumentos parisinos importantes desde su \u00faltimo piso. En este art\u00edculo, le daremos toda la informaci\u00f3n que necesita saber sobre la torre, incluso sobre las entradas a la cima.<\/p>\n<ul>\n<li><span style=\"\">\u00bfEst\u00e1 planeando su viaje a Par\u00eds? Te hemos preparado una lista con los <a href=\"https:\/\/paristouristinformation.fr\/es\/cosas-que-hacer\/museo\/\" target=\"_blank\" style=\"outline: none;\" rel=\"noopener\"><strong>30 mejores museos que visitar en Par\u00eds.<\/strong><\/a><\/span><\/li>\n<\/ul>\n<h2 id=\"t-1610539832044\" data-alt-text=\"What can I do at the tower ?\" style=\"\">\u00bfQu\u00e9 puedo hacer en la Torre Montparnasse?<\/h2>\n<p><span><img decoding=\"async\" alt=\"\" data-id=\"7053\" width=\"680\" data-init-width=\"1000\" height=\"454\" data-init-height=\"667\" title=\"Montparnasse Tower view in Paris in France\" src=\"http:\/\/paristouristinformation.fr\/es\/wp-content\/uploads\/2021\/02\/Montparnasse-Tower-view-in-Paris-in-France.jpg\" data-width=\"680\" data-height=\"454\" data-pinpro-key=\"45nbl7jha\" data-pin-media=\"http:\/\/paristouristinformation.fr\/es\/wp-content\/uploads\/2021\/03\/prag_50_sehenswuerdigkeiten_pinterest-13.jpg\" data-pin-description=\"Visit Montparnasse Tower in Paris and learn about the History, Facts and Tickets to the Top in this article.\" data-pin-url=\"http:\/\/paristouristinformation.fr\/es\/things-to-do\/attractions\/montparnasse-tower\/?tve=true&amp;tcbf=e9aa5eae8a\" loading=\"lazy\"><\/span><\/p>\n<p>La Torre Montparnasse es un rascacielos de 210 m de altura que tiene una maravillosa vista desde su planta 56 para observar los edificios m\u00e1s emblem\u00e1ticos de Par\u00eds, incluida la Torre Eiffel. En la planta 56 hay un restaurante, un espacio de exposiciones y un cine.Montparnasse es un barrio muy animado con muchos restaurantes, zonas comerciales, caf\u00e9s, teatros y cines. A vista de p\u00e1jaro desde la Torre Montparnasse, podr\u00e1 descubrir muchas cosas en este barrio. El cementerio de Montparnasse (Cimeti\u00e8re du Montparnasse) se encuentra muy cerca de la torre.Atrae a un gran n\u00famero de turistas, ya que en \u00e9l se encuentran las tumbas de muchas personalidades, como Serge Gainsbourg, Jean-Paul Sartre, Simone de Beauvoir y Charles Baudelaire.<\/p>\n<h3 style=\"\">Le Cilel de Paris<\/h3>\n<p>Le Cilel de Paris es un restaurante situado en la planta 56 de la Torre Montparnasse. Se accede a \u00e9l por un ascensor independiente. El restaurante ofrece una vista espectacular de la ciudad.El restaurante est\u00e1 abierto de martes a domingo de 8 a 22:30 horas (el restaurante abrir\u00e1 el martes 14 de julio).El bar est\u00e1 abierto de 8 a 24 horas.<\/p>\n<p><span><img decoding=\"async\" alt=\"\" data-id=\"7059\" width=\"680\" data-init-width=\"1000\" height=\"454\" data-init-height=\"667\" title=\"tour de Montparnasse birdeye in Paris in France\" src=\"http:\/\/paristouristinformation.fr\/es\/wp-content\/uploads\/2021\/02\/tour-de-Montparnasse-birdeye-in-Paris-in-France.jpg\" data-width=\"680\" data-height=\"454\" data-pinpro-key=\"0n42s9b96\" data-pin-media=\"http:\/\/paristouristinformation.fr\/es\/wp-content\/uploads\/2021\/03\/prag_50_sehenswuerdigkeiten_pinterest-13.jpg\" data-pin-description=\"Visit Montparnasse Tower in Paris and learn about the History, Facts and Tickets to the Top in this article.\" data-pin-url=\"http:\/\/paristouristinformation.fr\/es\/things-to-do\/attractions\/montparnasse-tower\/?tve=true&amp;tcbf=e9aa5eae8a\" loading=\"lazy\"><\/span><\/p>\n<h2 id=\"t-1610539832045\" style=\"\">Entrada, billetes y visitas<\/h2>\n<p style=\"\">Se recomienda reservar la entrada con antelaci\u00f3n para evitar las largas colas de entrada. El billete permite la entrada dos veces en un plazo de 48 horas. Esto significa que puede ver la extraordinaria vista de Par\u00eds de d\u00eda y de noche.<\/p>\n<ul>\n<li><span style=\"\"><strong>Entrada: <\/strong>Entrada v\u00e1lida 48 horas para 2 visitas a partir de la fecha elegida.<\/span><\/li>\n<li style=\"\"><span style=\"\"><strong>Tickets:<\/strong> Obtenga su <a href=\"https:\/\/www.tiqets.com\/en\/paris-attractions-c66746\/tickets-for-montparnasse-tower-56th-floor-panoramic-terrace-p973821\/?partner=checkfortrip\" style=\"outline: none;\" target=\"_blank\" rel=\"nofollow noopener\">entrada a la planta superior de la Torre Montparnasse<\/a> con su terraza panor\u00e1mica.<\/span><\/li>\n<\/ul>\n<ul>\n<li><span style=\"\">Para ahorrar tiempo y dinero, y evitarle problemas, puede preparar su viaje comprando por adelantado todos los billetes online que necesite en nuestra tienda oficial de <em><strong>billetes de Par\u00eds.<\/strong><\/em><\/span><\/li>\n<\/ul>\n<p><span><img decoding=\"async\" alt=\"\" data-id=\"7060\" width=\"680\" data-init-width=\"1000\" height=\"454\" data-init-height=\"667\" title=\"Montparnasse Neihgbourhood and Tower in Paris in France\" src=\"http:\/\/paristouristinformation.fr\/es\/wp-content\/uploads\/2021\/02\/Montparnasse-Neihgbourhood-and-Tower-in-Paris-in-France.jpg\" data-width=\"680\" data-height=\"454\" data-pinpro-key=\"l1k9glkfd\" data-pin-media=\"http:\/\/paristouristinformation.fr\/es\/wp-content\/uploads\/2021\/03\/prag_50_sehenswuerdigkeiten_pinterest-13.jpg\" data-pin-description=\"Visit Montparnasse Tower in Paris and learn about the History, Facts and Tickets to the Top in this article.\" data-pin-url=\"http:\/\/paristouristinformation.fr\/es\/things-to-do\/attractions\/montparnasse-tower\/?tve=true&amp;tcbf=e9aa5eae8a\" loading=\"lazy\"><\/span><\/p>\n<h2 id=\"t-1610539832046\" data-alt-text=\"How to get to the Montparnasse Tower\" style=\"\">C\u00f3mo llegar a la Torre Montparnasse<\/h2>\n<ul>\n<li>Puede llegar f\u00e1cilmente a la Torre Montparnasse desde la estaci\u00f3n de metro \u00abMontparnasse-Bienven\u00fce\u00bb en las l\u00edneas 4, 6, 12 y 13.&nbsp;<\/li>\n<li>Tambi\u00e9n puede tomar los autobuses 28, 58, 82, 88, 89, 91, 92, 94, 95 y 96.<\/li>\n<li>En Par\u00eds hay una zona de <a href=\"https:\/\/paristouristinformation.fr\/es\/plan\/transporte-publico\/aparcamiento\/\" target=\"_blank\" rel=\"noopener\"><strong>aparcamiento <\/strong><\/a>de pago, si llega con su propio veh\u00edculo.<\/li>\n<\/ul>\n<div class=\"tcb-post-list tve-content-list thrv_wrapper\" data-type=\"grid\" data-pagination-type=\"none\" data-pages_near_current=\"2\" data-css=\"tve-u-1778cd4ca59\" data-total_post_count=\"4\" data-total_sticky_count=\"0\" data-no_posts_text=\"There are no posts to display.\"><article id=\"post-426\" class=\"post-426 page type-page status-publish has-post-thumbnail hentry post-wrapper thrv_wrapper thrive-animated-item \" tcb_hover_state_parent=\"\" shortcode=\"tcb_post_list\" data-id=\"426\" data-selector=\".post-wrapper\"><style class=\"tcb-post-list-dynamic-style\" type=\"text\/css\"><\/style><\/p>\n<h3 style=\"\"><span data-attr-link=\"1\" data-attr-rel=\"0\" data-attr-target=\"0\" data-extra_key=\"\" data-option-inline=\"1\" data-shortcode=\"tcb_post_title\" data-shortcode-name=\"Post title\" data-attr-css=\"\" style=\"\" data-attr-static-link=\"{&quot;className&quot;:&quot;tve-froala fr-basic&quot;,&quot;href&quot;:&quot;https:\/\/paristouristinformation.fr\/es\/compras\/centro\/&quot;,&quot;title&quot;:&quot;Los 10 mejores centros comerciales de Par\u00eds&quot;,&quot;class&quot;:&quot;tve-froala fr-basic&quot;}\"><a href=\"https:\/\/www.paristouristinformation.fr\/es\/compras\/centro\/\" title=\"10 Mejores centros comerciales de Par\u00eds\" data-css=\"\" class=\"tve-froala fr-basic\">10 Mejores centros comerciales de Par\u00eds<\/a><\/span><\/h3>\n<p><\/article><article id=\"post-8389\" class=\"post-8389 page type-page status-publish has-post-thumbnail hentry post-wrapper thrv_wrapper thrive-animated-item \" tcb_hover_state_parent=\"\" shortcode=\"tcb_post_list\" data-id=\"8389\" data-selector=\".post-wrapper\"><style class=\"tcb-post-list-dynamic-style\" type=\"text\/css\"><\/style><\/p>\n<h3 style=\"\"><span data-attr-link=\"1\" data-attr-rel=\"0\" data-attr-target=\"0\" data-extra_key=\"\" data-option-inline=\"1\" data-shortcode=\"tcb_post_title\" data-shortcode-name=\"Post title\" data-attr-css=\"\" style=\"\" data-attr-static-link=\"{&quot;className&quot;:&quot;tve-froala fr-basic&quot;,&quot;href&quot;:&quot;https:\/\/paristouristinformation.fr\/es\/compras\/centro\/&quot;,&quot;title&quot;:&quot;Los 10 mejores centros comerciales de Par\u00eds&quot;,&quot;class&quot;:&quot;tve-froala fr-basic&quot;}\"><a href=\"https:\/\/www.paristouristinformation.fr\/es\/restaurantes\/tejado\/\" title=\"10 Bares y restaurantes con vistas en Par\u00eds\" data-css=\"\" class=\"tve-froala fr-basic\">10 Bares y restaurantes con vistas en Par\u00eds<\/a><\/span><\/h3>\n<p><\/article><article id=\"post-2930\" class=\"post-2930 page type-page status-publish has-post-thumbnail hentry post-wrapper thrv_wrapper thrive-animated-item \" tcb_hover_state_parent=\"\" shortcode=\"tcb_post_list\" data-id=\"2930\" data-selector=\".post-wrapper\"><style class=\"tcb-post-list-dynamic-style\" type=\"text\/css\"><\/style><\/p>\n<h3 style=\"\"><span data-attr-link=\"1\" data-attr-rel=\"0\" data-attr-target=\"0\" data-extra_key=\"\" data-option-inline=\"1\" data-shortcode=\"tcb_post_title\" data-shortcode-name=\"Post title\" data-attr-css=\"\" style=\"\" data-attr-static-link=\"{&quot;className&quot;:&quot;tve-froala fr-basic&quot;,&quot;href&quot;:&quot;https:\/\/paristouristinformation.fr\/es\/compras\/centro\/&quot;,&quot;title&quot;:&quot;Los 10 mejores centros comerciales de Par\u00eds&quot;,&quot;class&quot;:&quot;tve-froala fr-basic&quot;}\"><a href=\"https:\/\/www.paristouristinformation.fr\/es\/cosas-que-hacer\/atracciones\/\" title=\"15 Atracciones mejor valoradas de Par\u00eds\" data-css=\"\" class=\"tve-froala fr-basic\">15 Atracciones mejor valoradas de Par\u00eds<\/a><\/span><\/h3>\n<p><\/article><article id=\"post-4282\" class=\"post-4282 page type-page status-publish has-post-thumbnail hentry post-wrapper thrv_wrapper thrive-animated-item \" tcb_hover_state_parent=\"\" shortcode=\"tcb_post_list\" data-id=\"4282\" data-selector=\".post-wrapper\"><style class=\"tcb-post-list-dynamic-style\" type=\"text\/css\"><\/style><\/p>\n<h3 style=\"\"><span data-attr-link=\"1\" data-attr-rel=\"0\" data-attr-target=\"0\" data-extra_key=\"\" data-option-inline=\"1\" data-shortcode=\"tcb_post_title\" data-shortcode-name=\"Post title\" data-attr-css=\"\" style=\"\" data-attr-static-link=\"{&quot;className&quot;:&quot;tve-froala fr-basic&quot;,&quot;href&quot;:&quot;https:\/\/paristouristinformation.fr\/es\/compras\/centro\/&quot;,&quot;title&quot;:&quot;Los 10 mejores centros comerciales de Par\u00eds&quot;,&quot;class&quot;:&quot;tve-froala fr-basic&quot;}\"><a href=\"https:\/\/www.paristouristinformation.fr\/es\/cosas-que-hacer\/iluvioso\/\" title=\"15 Cosas que hacer cuando llueve en Par\u00eds [con mapa]\" data-css=\"\" class=\"tve-froala fr-basic\">15 Cosas que hacer cuando llueve en Par\u00eds [con mapa]<\/a><\/span><\/h3>\n<p><\/article><\/div>\n<h2 id=\"t-1627505145227\" style=\"\">Preguntas frecuentes<\/h2>\n<h2 id=\"t-1610539832048\" style=\"\">Historia de la Torre Montparnasse<\/h2>\n<p><span><img decoding=\"async\" alt=\"\" data-id=\"7050\" width=\"680\" data-init-width=\"1000\" height=\"454\" data-init-height=\"667\" title=\"Montparnasse Tower \u0130n Paris in France\" src=\"http:\/\/paristouristinformation.fr\/es\/wp-content\/uploads\/2021\/02\/Montparnasse-Tower-In-Paris-in-France.jpg\" data-width=\"680\" data-height=\"454\" data-pinpro-key=\"fy6go42uf\" data-pin-media=\"http:\/\/paristouristinformation.fr\/es\/wp-content\/uploads\/2021\/03\/prag_50_sehenswuerdigkeiten_pinterest-13.jpg\" data-pin-description=\"Visit Montparnasse Tower in Paris and learn about the History, Facts and Tickets to the Top in this article.\" data-pin-url=\"http:\/\/paristouristinformation.fr\/es\/things-to-do\/attractions\/montparnasse-tower\/?tve=true&amp;tcbf=e9aa5eae8a\" loading=\"lazy\"><\/span><\/p>\n<p>La Tour de Montparnasse toma su nombre del distrito donde se encuentra. Montparnasse es un importante barrio donde se encuentra la Gare Montparnasse. Fue construida entre los a\u00f1os 1969 y 1973 en el emplazamiento de la antigua estaci\u00f3n de Montparnasse por el arquitecto Robert Saubot. La Torre Montparnasse fue el rascacielos m\u00e1s alto de Francia hasta 2011, pero fue superada por la Tour First con 231 m. Tras las cr\u00edticas masivas por la destrucci\u00f3n del paisaje parisino, se prohibi\u00f3 la construcci\u00f3n de rascacielos en el centro de Par\u00eds.Es visitado por m\u00e1s de un mill\u00f3n de personas al a\u00f1o.<\/p>\n<h2 id=\"t-1610539832049\" style=\"\">Contacto y mapa<\/h2>\n<ul>\n<li><span style=\"\"><strong>Direcci\u00f3n:&nbsp;<\/strong>33 avenue du Maine75015 Paris, France<\/span><\/li>\n<li><span style=\"\"><strong>Horario de apertura :&nbsp;<\/strong><a href=\"https:\/\/www.tourmontparnasse56.com\/en\/\" target=\"_blank\" style=\"outline: none;\" rel=\"noopener nofollow\">Sitio oficial del Tour de Montparnasse<\/a>&nbsp;<\/span><\/li>\n<li><span><\/span><\/li>\n<li><span><strong>Transporte p\u00fablico : <\/strong>Estaci\u00f3n de metro : \u00abMontparnasse-Bienven\u00fce\u00bb en las l\u00edneas 4, 6, 12 y 13.<\/span><\/li>\n<li><span><strong>Autob\u00fas&nbsp;<\/strong>: 28, 58, 82, 88, 89, 91, 92, 94, 95 and 96.<\/span><\/li>\n<li style=\"\"><span style=\"\"><strong>P\u00e1gina web:&nbsp;<\/strong><a href=\"https:\/\/www.tourmontparnasse56.com\/en\/\" target=\"_blank\" style=\"outline: none;\" rel=\"noopener nofollow\">Sitio oficial del Tour de Montparnasse<\/a><\/span><\/li>\n<\/ul>\n<h2 style=\"\" id=\"t-1640004830463\">Visitas y entradas a Par\u00eds<\/h2>\n<p style=\"text-align: left;\">Descubra Par\u00eds hoy mismo con las visitas y entradas m\u00e1s preferidas sin tener que hacer cola.<\/p>\n<h2 style=\"\" id=\"t-1641996283012\">Art\u00edculos relacionados:<\/h2>\n<div class=\"tcb-post-list tve-content-list thrv_wrapper\" data-type=\"grid\" data-pagination-type=\"none\" data-pages_near_current=\"2\" data-css=\"tve-u-17dd7ed6fb2\" data-total_post_count=\"4\" data-total_sticky_count=\"0\" data-no_posts_text=\"There are no posts to display.\"><article id=\"post-2975\" class=\"post-2975 page type-page status-publish has-post-thumbnail hentry post-wrapper thrv_wrapper thrive-animated-item  tve_evt_manager_listen tve_ea_thrive_animation tve_et_mouseover tve_anim_grow\" tcb_hover_state_parent=\"\" class=\"tve_evt_manager_listen tve_ea_thrive_animation tve_et_mouseover tve_anim_grow\" data-id=\"2975\" data-selector=\".post-wrapper\"><style class=\"tcb-post-list-dynamic-style\" type=\"text\/css\">@media (min-width: 300px){[].tcb-post-list #post-2975 []{background-image: url(\u00abhttps:\/\/www.paristouristinformation.fr\/es\/wp-content\/uploads\/2021\/01\/7-best-Panoramic-Views-of-Paris-Skyline-1024x538.jpg\u00ab) !important;}[].tcb-post-list #post-2975 []:hover []{background-image: url(\u00abhttps:\/\/www.paristouristinformation.fr\/es\/wp-content\/uploads\/2021\/01\/7-best-Panoramic-Views-of-Paris-Skyline-1024x538.jpg\u00ab) !important;}}<\/style><a href=\"https:\/\/www.paristouristinformation.fr\/es\/cosas-que-hacer\/puntos-de-vista\/\" dynamic-postlink=\"tcb_post_the_permalink\" data-shortcode-id=\"2975\"><\/a><\/p>\n<h3 style=\"text-align: center; padding-top: 0px !important; margin-top: 0px !important;\"><span data-attr-link=\"1\" data-attr-rel=\"0\" data-attr-target=\"0\" data-extra_key=\"\" data-option-inline=\"1\" data-shortcode=\"tcb_post_title\" data-shortcode-name=\"Post title\" data-attr-css=\"\" data-attr-static-link=\"{&quot;className&quot;:&quot;tve-froala fr-basic&quot;,&quot;href&quot;:&quot;https:\/\/paristouristinformation.fr\/es\/cosas-que-hacer\/puntos-de-vista\/&quot;,&quot;title&quot;:&quot;Las 7 mejores vistas panor\u00e1micas del horizonte de Par\u00eds&quot;,&quot;class&quot;:&quot;tve-froala fr-basic&quot;}\" style=\"\"><a href=\"https:\/\/www.paristouristinformation.fr\/es\/cosas-que-hacer\/puntos-de-vista\/\" title=\"7 Mejores vistas panor\u00e1micas del horizonte de Par\u00eds\" data-css=\"\" class=\"tve-froala fr-basic\">7 Mejores vistas panor\u00e1micas del horizonte de Par\u00eds<\/a><\/span><\/h3>\n<p><\/article><article id=\"post-998\" class=\"post-998 page type-page status-publish has-post-thumbnail hentry post-wrapper thrv_wrapper thrive-animated-item  tve_evt_manager_listen tve_ea_thrive_animation tve_et_mouseover tve_anim_grow\" tcb_hover_state_parent=\"\" class=\"tve_evt_manager_listen tve_ea_thrive_animation tve_et_mouseover tve_anim_grow\" data-id=\"998\" data-selector=\".post-wrapper\"><style class=\"tcb-post-list-dynamic-style\" type=\"text\/css\">@media (min-width: 300px){[].tcb-post-list #post-998 []{background-image: url(\u00abhttps:\/\/www.paristouristinformation.fr\/es\/wp-content\/uploads\/2021\/01\/Louvre-Museum-in-Paris-in-France-1024x538.jpg\u00ab) !important;}[].tcb-post-list #post-998 []:hover []{background-image: url(\u00abhttps:\/\/www.paristouristinformation.fr\/es\/wp-content\/uploads\/2021\/01\/Louvre-Museum-in-Paris-in-France-1024x538.jpg\u00ab) !important;}}<\/style><a href=\"https:\/\/www.paristouristinformation.fr\/es\/cosas-que-hacer\/museo\/louvre\/\" dynamic-postlink=\"tcb_post_the_permalink\" data-shortcode-id=\"2975\"><\/a><\/p>\n<h3 style=\"text-align: center; padding-top: 0px !important; margin-top: 0px !important;\"><span data-attr-link=\"1\" data-attr-rel=\"0\" data-attr-target=\"0\" data-extra_key=\"\" data-option-inline=\"1\" data-shortcode=\"tcb_post_title\" data-shortcode-name=\"Post title\" data-attr-css=\"\" data-attr-static-link=\"{&quot;className&quot;:&quot;tve-froala fr-basic&quot;,&quot;href&quot;:&quot;https:\/\/paristouristinformation.fr\/es\/cosas-que-hacer\/puntos-de-vista\/&quot;,&quot;title&quot;:&quot;Las 7 mejores vistas panor\u00e1micas del horizonte de Par\u00eds&quot;,&quot;class&quot;:&quot;tve-froala fr-basic&quot;}\" style=\"\"><a href=\"https:\/\/www.paristouristinformation.fr\/es\/cosas-que-hacer\/museo\/louvre\/\" title=\"Gu\u00eda del Museo del Louvre en Par\u00eds: consejos, historia y entradas\" data-css=\"\" class=\"tve-froala fr-basic\">Gu\u00eda del Museo del Louvre en Par\u00eds: consejos, historia y entradas<\/a><\/span><\/h3>\n<p><\/article><article id=\"post-5111\" class=\"post-5111 page type-page status-publish has-post-thumbnail hentry post-wrapper thrv_wrapper thrive-animated-item  tve_evt_manager_listen tve_ea_thrive_animation tve_et_mouseover tve_anim_grow\" tcb_hover_state_parent=\"\" class=\"tve_evt_manager_listen tve_ea_thrive_animation tve_et_mouseover tve_anim_grow\" data-id=\"5111\" data-selector=\".post-wrapper\"><style class=\"tcb-post-list-dynamic-style\" type=\"text\/css\">@media (min-width: 300px){[].tcb-post-list #post-5111 []{background-image: url(\u00abhttps:\/\/www.paristouristinformation.fr\/es\/wp-content\/uploads\/2020\/12\/COVER-airport-plane-landing-paris-1024x683.jpg\u00ab) !important;}[].tcb-post-list #post-5111 []:hover []{background-image: url(\u00abhttps:\/\/www.paristouristinformation.fr\/es\/wp-content\/uploads\/2020\/12\/COVER-airport-plane-landing-paris-1024x683.jpg\u00ab) !important;}}<\/style><a href=\"https:\/\/www.paristouristinformation.fr\/es\/plan\/aeropuertos\/\" dynamic-postlink=\"tcb_post_the_permalink\" data-shortcode-id=\"2975\"><\/a><\/p>\n<h3 style=\"text-align: center; padding-top: 0px !important; margin-top: 0px !important;\"><span data-attr-link=\"1\" data-attr-rel=\"0\" data-attr-target=\"0\" data-extra_key=\"\" data-option-inline=\"1\" data-shortcode=\"tcb_post_title\" data-shortcode-name=\"Post title\" data-attr-css=\"\" data-attr-static-link=\"{&quot;className&quot;:&quot;tve-froala fr-basic&quot;,&quot;href&quot;:&quot;https:\/\/paristouristinformation.fr\/es\/cosas-que-hacer\/puntos-de-vista\/&quot;,&quot;title&quot;:&quot;Las 7 mejores vistas panor\u00e1micas del horizonte de Par\u00eds&quot;,&quot;class&quot;:&quot;tve-froala fr-basic&quot;}\" style=\"\"><a href=\"https:\/\/www.paristouristinformation.fr\/es\/plan\/aeropuertos\/\" title=\"Informaci\u00f3n sobre los aeropuertos de Par\u00eds: Traslados, vuelos, terminales\" data-css=\"\" class=\"tve-froala fr-basic\">Informaci\u00f3n sobre los aeropuertos de Par\u00eds: Traslados, vuelos, terminales<\/a><\/span><\/h3>\n<p><\/article><article id=\"post-5922\" class=\"post-5922 page type-page status-publish has-post-thumbnail hentry post-wrapper thrv_wrapper thrive-animated-item  tve_evt_manager_listen tve_ea_thrive_animation tve_et_mouseover tve_anim_grow\" tcb_hover_state_parent=\"\" class=\"tve_evt_manager_listen tve_ea_thrive_animation tve_et_mouseover tve_anim_grow\" data-id=\"5922\" data-selector=\".post-wrapper\"><style class=\"tcb-post-list-dynamic-style\" type=\"text\/css\">@media (min-width: 300px){[].tcb-post-list #post-5922 []{background-image: url(\u00abhttps:\/\/www.paristouristinformation.fr\/es\/wp-content\/uploads\/2021\/01\/20-of-the-best-Parisian-cafes-in-Paris-in-France-1024x538.jpg\u00ab) !important;}[].tcb-post-list #post-5922 []:hover []{background-image: url(\u00abhttps:\/\/www.paristouristinformation.fr\/es\/wp-content\/uploads\/2021\/01\/20-of-the-best-Parisian-cafes-in-Paris-in-France-1024x538.jpg\u00ab) !important;}}<\/style><a href=\"https:\/\/www.paristouristinformation.fr\/es\/restaurantes\/cafe\/\" dynamic-postlink=\"tcb_post_the_permalink\" data-shortcode-id=\"2975\"><\/a><\/p>\n<h3 style=\"text-align: center; padding-top: 0px !important; margin-top: 0px !important;\"><span data-attr-link=\"1\" data-attr-rel=\"0\" data-attr-target=\"0\" data-extra_key=\"\" data-option-inline=\"1\" data-shortcode=\"tcb_post_title\" data-shortcode-name=\"Post title\" data-attr-css=\"\" data-attr-static-link=\"{&quot;className&quot;:&quot;tve-froala fr-basic&quot;,&quot;href&quot;:&quot;https:\/\/paristouristinformation.fr\/es\/cosas-que-hacer\/puntos-de-vista\/&quot;,&quot;title&quot;:&quot;Las 7 mejores vistas panor\u00e1micas del horizonte de Par\u00eds&quot;,&quot;class&quot;:&quot;tve-froala fr-basic&quot;}\" style=\"\"><a href=\"https:\/\/www.paristouristinformation.fr\/es\/restaurantes\/cafe\/\" title=\"20 Mejores caf\u00e9s parisinos de Par\u00eds\" data-css=\"\" class=\"tve-froala fr-basic\">20 Mejores caf\u00e9s parisinos de Par\u00eds<\/a><\/span><\/h3>\n<p><\/article><\/div>\n","protected":false},"excerpt":{"rendered":"<p>La Torre Montparnasse, LaTour Montparnasse en franc\u00e9s, es un rascacielos de 59 plantas situado en Montparnasse, en el distrito 15 de Par\u00eds.Est\u00e1 en la lista de los edificios m\u00e1s altos de Europa y es la \u00fanica torre de sal\u00f3n en el centro de Par\u00eds. De hecho, la mayor\u00eda de las torres altas de la ciudad [&hellip;]<\/p>\n","protected":false},"author":10,"featured_media":7056,"parent":2930,"menu_order":0,"comment_status":"closed","ping_status":"closed","template":"","meta":{"footnotes":""},"tags":[],"class_list":{"0":"post-6886","1":"page","2":"type-page","3":"status-publish","4":"has-post-thumbnail","5":"hentry","6":"post-wrapper","7":"thrv_wrapper","10":"thrive-animated-item"},"wp-worthy-pixel":{"ignored":false,"public":null,"server":null,"url":null},"wp-worthy-type":"normal","_links":{"self":[{"href":"https:\/\/www.paristouristinformation.fr\/es\/wp-json\/wp\/v2\/pages\/6886","targetHints":{"allow":["GET"]}}],"collection":[{"href":"https:\/\/www.paristouristinformation.fr\/es\/wp-json\/wp\/v2\/pages"}],"about":[{"href":"https:\/\/www.paristouristinformation.fr\/es\/wp-json\/wp\/v2\/types\/page"}],"author":[{"embeddable":true,"href":"https:\/\/www.paristouristinformation.fr\/es\/wp-json\/wp\/v2\/users\/10"}],"replies":[{"embeddable":true,"href":"https:\/\/www.paristouristinformation.fr\/es\/wp-json\/wp\/v2\/comments?post=6886"}],"version-history":[{"count":0,"href":"https:\/\/www.paristouristinformation.fr\/es\/wp-json\/wp\/v2\/pages\/6886\/revisions"}],"up":[{"embeddable":true,"href":"https:\/\/www.paristouristinformation.fr\/es\/wp-json\/wp\/v2\/pages\/2930"}],"wp:featuredmedia":[{"embeddable":true,"href":"https:\/\/www.paristouristinformation.fr\/es\/wp-json\/wp\/v2\/media\/7056"}],"wp:attachment":[{"href":"https:\/\/www.paristouristinformation.fr\/es\/wp-json\/wp\/v2\/media?parent=6886"}],"wp:term":[{"taxonomy":"post_tag","embeddable":true,"href":"https:\/\/www.paristouristinformation.fr\/es\/wp-json\/wp\/v2\/tags?post=6886"}],"curies":[{"name":"wp","href":"https:\/\/api.w.org\/{rel}","templated":true}]}}