{"id":7552,"date":"2021-02-10T11:44:19","date_gmt":"2021-02-10T11:44:19","guid":{"rendered":"http:\/\/paristouristinformation.fr\/es\/?page_id=7552"},"modified":"2023-05-12T06:32:04","modified_gmt":"2023-05-12T06:32:04","slug":"atelier-des-lumieres","status":"publish","type":"page","link":"https:\/\/www.paristouristinformation.fr\/es\/cosas-que-hacer\/museo\/atelier-des-lumieres\/","title":{"rendered":"Gu\u00eda de L&#8217;Atelier des Lumi\u00e8res en Par\u00eds: Exposiciones y entradas"},"content":{"rendered":"<p>\u00bfLe gustan los espect\u00e1culos de luces? Si es as\u00ed, l&#8217;Atelier des Lumi\u00e8res le espera para ser uno de los momentos m\u00e1s destacados de su viaje, ya que es una de <a href=\"https:\/\/paristouristinformation.fr\/es\/cosas-que-hacer\/atracciones\/\" target=\"_blank\" rel=\"noopener\">las atracciones m\u00e1s populares de Par\u00eds. <\/a>Este museo permite a los visitantes apreciar el arte de una forma totalmente nueva e interesante. En efecto, tras entrar en el espacio, se ver\u00e1 completamente apartado de la realidad y descubrir\u00e1 los sue\u00f1os luminosos, los cuadros, los v\u00eddeos y otras formas de arte imaginadas por los autores de la obra.Prep\u00e1rese para ver el primer museo de arte digital de Par\u00eds. Ser\u00e1 un viaje lleno de arte que le llevar\u00e1 al mundo tridimensional.A continuaci\u00f3n encontrar\u00e1 toda la informaci\u00f3n \u00fatil sobre la entrada, los billetes y las exposiciones.<\/p>\n<h2 id=\"t-1610539832044\">\u00bfQu\u00e9 puedo hacer en el Atelier des Lumi\u00e8res?<\/h2>\n<p>Los cuadros cobran vida con los colores que te rodean y la m\u00fasica que los acompa\u00f1a te aleja de todos los pensamientos de la vida cotidiana. Este fest\u00edn auditivo y visual apela a muchos de sus sentidos al mismo tiempo.Al entrar, quedar\u00e1 hipnotizado por las exposiciones digitales creadas a partir de miles de im\u00e1genes de obras de arte puestas en movimiento junto con una m\u00fasica bellamente seleccionada.La enorme sala le transportar\u00e1 al m\u00e1gico mundo de artistas de fama mundial. Se trata de una experiencia relajante que da la sensaci\u00f3n de estar en los cuadros emocionalmente con todos los sonidos y vistas que le rodean.Cuando uno se siente cansado, hay bancos para relajarse, pero como no hay demasiados, la gente se sienta en el suelo y se concentra en el arte que se mueve por el suelo, las paredes y el techo.El espect\u00e1culo completo dura aproximadamente una hora, pero se puede permanecer dentro todo el tiempo que se desee. Es muy posible perder la noci\u00f3n del tiempo en un lugar as\u00ed.Teniendo esto en cuenta, puede permitirse simplemente disfrutar del espect\u00e1culo primero y aprovechar el tiempo para hacer fotos para la segunda vuelta. Si tiene tiempo, puede ver los espect\u00e1culos desde otros \u00e1ngulos qued\u00e1ndose m\u00e1s tiempo. Normalmente, los visitantes se sientan en el suelo y admiran el espect\u00e1culo mientras descansan y se toman el tiempo necesario para digerir el arte.Descubrir\u00e1 que la mayor\u00eda de los visitantes son franceses, ya sea parisinos que compraron sus entradas justo en el momento en que salieron a la venta, o franceses de provincia.Los extranjeros deber\u00edan seguir el museo en las redes sociales para estar al tanto de cu\u00e1ndo hay una exposici\u00f3n.En el interior del museo hay un bar donde se puede tomar una bebida o un aperitivo. Tambi\u00e9n hay una tienda de regalos con un mont\u00f3n de bonitos recuerdos y libros.<\/p>\n<p><span><img decoding=\"async\" alt=\"Atelier des Lumieres in Paris in France (Editorial)\" data-id=\"8204\" width=\"702\" data-init-width=\"1000\" height=\"470\" data-init-height=\"667\" title=\"Atelier des Lumieres in Paris in France (Editorial)\" src=\"http:\/\/paristouristinformation.fr\/es\/wp-content\/uploads\/2021\/03\/Atelier-des-Lumieres-in-Paris-in-France.jpg\" data-width=\"702\" data-height=\"470\" style=\"\" data-pin-media=\"http:\/\/paristouristinformation.fr\/es\/wp-content\/uploads\/2021\/03\/prag_50_sehenswuerdigkeiten_pinterest-18.jpg\" data-pin-description=\"Learn details about Atelier des Lumi\u00e8res museum in Paris : Exhibitions, Entrance, Tickets, History and useful information about the place.\" data-pin-url=\"http:\/\/paristouristinformation.fr\/es\/things-to-do\/museum\/atelier-des-lumieres\/?tve=true&amp;tcbf=8044109120\" loading=\"lazy\"><\/span><\/p>\n<ul>\n<li><a rel=\"noreferrer noopener nofollow\" href=\"https:\/\/pinterest.com\/pin\/create\/button\/?url=https:\/\/paristouristinformation.fr\/es\/cosas-que-hacer\/museo\/atelier-des-lumieres\/?tve=true&amp;tcbf=9fecb76ad0&amp;is_video=false&amp;media=http:\/\/paristouristinformation.fr\/es\/wp-content\/uploads\/2021\/03\/prag_50_sehenswuerdigkeiten_pinterest-18.jpg&amp;description=Learn%20details%20about%20Atelier%20des%20Lumi%C3%A8res%20museum%20in%20Paris%20%3A%20Exhibitions%2C%20Entrance%2C%20Tickets%2C%20History%20and%20useful%20information%20about%20the%20place.\" onclick=\"essb.window('https:\/\/pinterest.com\/pin\/create\/button\/?url=https:\/\/paristouristinformation.fr\/es\/cosas-que-hacer\/museo\/atelier-des-lumieres\/?tve=true&amp;tcbf=9fecb76ad0&amp;is_video=false&amp;media=http:\/\/paristouristinformation.fr\/es\/wp-content\/uploads\/2021\/03\/prag_50_sehenswuerdigkeiten_pinterest-18.jpg&amp;description=Learn%20details%20about%20Atelier%20des%20Lumi%C3%A8res%20museum%20in%20Paris%20%3A%20Exhibitions%2C%20Entrance%2C%20Tickets%2C%20History%20and%20useful%20information%20about%20the%20place.','pinpro','kyx27ndu'); return false;\" target=\"_blank\"><span><\/span><span>Pin<\/span><\/a><\/li>\n<\/ul>\n<h2 id=\"t-1610539832045\">Entrada, billetes y visitas<\/h2>\n<p>Se recomienda comprar las entradas con antelaci\u00f3n, ya que el n\u00famero de visitantes es limitado por franjas horarias. Como la atracci\u00f3n es tambi\u00e9n muy apreciada por los lugare\u00f1os, las entradas suelen agotarse r\u00e1pidamente, especialmente durante la temporada alta.El Atelier des Lumi\u00e8res est\u00e1 abierto todos los d\u00edas:<\/p>\n<ul>\n<li>Lunes, martes, mi\u00e9rcoles, jueves y domingo: de 10 a 19 horas, \u00faltima entrada a las 18 horas&nbsp;<\/li>\n<li>Viernes y s\u00e1bado: 10 PM a 9 PM<\/li>\n<\/ul>\n<ul>\n<li><span style=\"\"><strong>Entrada : <\/strong>Tenga en cuenta que las entradas son temporizadas y le permiten entrar a la hora indicada. Despu\u00e9s de la entrada, puede permanecer en el interior todo el tiempo que desee y ver la repetici\u00f3n de los espect\u00e1culos.<\/span><\/li>\n<li><span><strong>Entradas : Entradas en l\u00ednea para el Atelier des Lumi\u00e8res<\/strong>Puede presentar sus entradas con su smartphone en el sitio.<\/span><\/li>\n<\/ul>\n<ul>\n<li><span style=\"\"><strong>Consejo: <\/strong>Para ahorrar tiempo y dinero y evitar complicaciones, puede preparar su viaje comprando por adelantado todos los billetes online que necesite en nuestra tienda <em><strong>oficial de billetes de Par\u00eds.<\/strong><\/em><\/span><\/li>\n<\/ul>\n<p>__CONFIG_colors_palette__{\u00abactive_palette\u00bb:0,\u00bbconfig\u00bb:{\u00abcolors\u00bb:{\u00abf8570\u00bb:{\u00abname\u00bb:\u00bbMain Accent\u00bb,\u00bbparent\u00bb:-1}},\u00bbgradients\u00bb:[]},\u00bbpalettes\u00bb:[{\u00abname\u00bb:\u00bbDefault Palette\u00bb,\u00bbvalue\u00bb:{\u00abcolors\u00bb:{\u00abf8570\u00bb:{\u00abval\u00bb:\u00bbvar(&#8211;tcb-skin-color-0)\u00bb}},\u00bbgradients\u00bb:[]},\u00bboriginal\u00bb:{\u00abcolors\u00bb:{\u00abf8570\u00bb:{\u00abval\u00bb:\u00bbrgb(19, 114, 211)\u00bb,\u00bbhsl\u00bb:{\u00abh\u00bb:210,\u00bbs\u00bb:0.83,\u00bbl\u00bb:0.45}}},\u00bbgradients\u00bb:[]}}]}__CONFIG_colors_palette__ <a href=\"http:\/\/paristouristinformation.fr\/es\/tours-and-tickets\/\"> <span><span style=\"\">Ir a la tienda de entradas de Par\u00eds<\/span><\/span> <\/a><\/p>\n<h2 id=\"t-1610539832046\" style=\"\">C\u00f3mo llegar a Atelier des Lumi\u00e8res<\/h2>\n<ul>\n<li><strong>Metro: <\/strong>estaci\u00f3n \u00abSt. Maur\u00bb de la l\u00ednea 3 del metro o estaci\u00f3n \u00abP\u00e8re Lachaise\u00bb de las l\u00edneas 2, 3 y 11 del metro.<\/li>\n<li><strong>Autob\u00fas:<\/strong> 20,46,56,69<\/li>\n<\/ul>\n<p><span><img decoding=\"async\" alt=\"How to get to Atelier des Lumi\u00e8res in Paris (Editorial)\" data-id=\"8206\" width=\"702\" data-init-width=\"1000\" height=\"470\" data-init-height=\"667\" title=\"How to get to Atelier des Lumi\u00e8res in Paris (Editorial)\" src=\"http:\/\/paristouristinformation.fr\/es\/wp-content\/uploads\/2021\/03\/How-to-get-to-Atelier-des-Lumieres-in-Paris.jpg\" data-width=\"702\" data-height=\"470\" style=\"\" data-pin-media=\"http:\/\/paristouristinformation.fr\/es\/wp-content\/uploads\/2021\/03\/prag_50_sehenswuerdigkeiten_pinterest-18.jpg\" data-pin-description=\"Learn details about Atelier des Lumi\u00e8res museum in Paris : Exhibitions, Entrance, Tickets, History and useful information about the place.\" data-pin-url=\"http:\/\/paristouristinformation.fr\/es\/things-to-do\/museum\/atelier-des-lumieres\/?tve=true&amp;tcbf=8044109120\" loading=\"lazy\"><\/span><\/p>\n<ul>\n<li><a rel=\"noreferrer noopener nofollow\" href=\"https:\/\/pinterest.com\/pin\/create\/button\/?url=https:\/\/paristouristinformation.fr\/es\/cosas-que-hacer\/museo\/atelier-des-lumieres\/?tve=true&amp;tcbf=9fecb76ad0&amp;is_video=false&amp;media=http:\/\/paristouristinformation.fr\/es\/wp-content\/uploads\/2021\/03\/prag_50_sehenswuerdigkeiten_pinterest-18.jpg&amp;description=Learn%20details%20about%20Atelier%20des%20Lumi%C3%A8res%20museum%20in%20Paris%20%3A%20Exhibitions%2C%20Entrance%2C%20Tickets%2C%20History%20and%20useful%20information%20about%20the%20place.\" onclick=\"essb.window('https:\/\/pinterest.com\/pin\/create\/button\/?url=https:\/\/paristouristinformation.fr\/es\/cosas-que-hacer\/museo\/atelier-des-lumieres\/?tve=true&amp;tcbf=9fecb76ad0&amp;is_video=false&amp;media=http:\/\/paristouristinformation.fr\/es\/wp-content\/uploads\/2021\/03\/prag_50_sehenswuerdigkeiten_pinterest-18.jpg&amp;description=Learn%20details%20about%20Atelier%20des%20Lumi%C3%A8res%20museum%20in%20Paris%20%3A%20Exhibitions%2C%20Entrance%2C%20Tickets%2C%20History%20and%20useful%20information%20about%20the%20place.','pinpro','kyx27ndv'); return false;\" target=\"_blank\"><span><\/span><span>Pin<\/span><\/a><\/li>\n<\/ul>\n<div class=\"tcb-post-list tve-content-list empty-list thrv_wrapper\" data-type=\"grid\" data-pagination-type=\"none\" data-pages_near_current=\"2\" data-css=\"tve-u-1779064fb24\" data-total_post_count=\"0\" data-total_sticky_count=\"0\" data-no_posts_text=\"There are no posts to display.\"><article id=\"post-7552\" class=\"post-7552 page type-page status-publish has-post-thumbnail hentry post-wrapper thrv_wrapper thrive-animated-item \" tcb_hover_state_parent=\"\" shortcode=\"tcb_post_list\" data-id=\"7552\" data-selector=\".post-wrapper\"><style class=\"tcb-post-list-dynamic-style\" type=\"text\/css\"><\/style><\/p>\n<h3 style=\"\"><span data-attr-link=\"1\" data-attr-rel=\"0\" data-attr-target=\"0\" data-extra_key=\"\" data-option-inline=\"1\" data-shortcode=\"tcb_post_title\" data-shortcode-name=\"Post title\" data-attr-css=\"\" style=\"\" data-attr-static-link=\"{&quot;className&quot;:&quot;tve-froala fr-basic&quot;,&quot;href&quot;:&quot;#&quot;,&quot;title&quot;:&quot;Gu\u00eda de L\u2019Atelier des Lumi\u00e8res en Par\u00eds: Exposiciones y entradas&quot;,&quot;class&quot;:&quot;tve-froala fr-basic&quot;}\"><a href=\"https:\/\/www.paristouristinformation.fr\/es\/cosas-que-hacer\/museo\/atelier-des-lumieres\/\" title=\"Gu\u00eda de L\u2019Atelier des Lumi\u00e8res en Par\u00eds: Exposiciones y entradas\" data-css=\"\" class=\"tve-froala fr-basic\">Gu\u00eda de L\u2019Atelier des Lumi\u00e8res en Par\u00eds: Exposiciones y entradas<\/a><\/span><\/h3>\n<p><\/article><\/div>\n<h2 id=\"t-1610539832048\">Historia del Atelier des Lumi\u00e8res<\/h2>\n<p>Atelier des Lumi\u00e8res abri\u00f3 el 13 de abril de 2018 como un centro de arte centrado en el arte digital en Par\u00eds. Fue creado por Culturespaces que es una instituci\u00f3n privada que asegura la gesti\u00f3n de monumentos hist\u00f3ricos y museos, la creaci\u00f3n de centros de arte.Bruno Monnier, el fundador de Culturspaces descubri\u00f3 el sitio industrial que fue utilizado como una antigua fundici\u00f3n y decidi\u00f3 convertirlo en un centro de arte contempor\u00e1neo\/digital donde se proyectar\u00e1n exposiciones inmersivas dedicadas a los m\u00e1s grandes artistas de la historia del arte.Atelier des Lumi\u00e8res se convierte as\u00ed en un lugar \u00fanico que combina cultura, arte y placer.El Atelier des Lumi\u00e8res recibi\u00f3 m\u00e1s de un mill\u00f3n de visitantes ya el primer a\u00f1o de su apertura.<\/p>\n<h2 id=\"t-1610539832050\">Preguntas frecuentes<\/h2>\n<h2 id=\"t-1610539832049\" style=\"\" data-alt-text=\"Contact\">Contacto y mapa<\/h2>\n<ul>\n<li><span style=\"\"><strong>Direcci\u00f3n:<\/strong> 38 rue Saint Maur, 75011<\/span><\/li>\n<li><span style=\"\"><strong>Horario de apertura:<\/strong> Puede consultar las \u00faltimas actualizaciones de los horarios de apertura en la p\u00e1gina web oficial del museo.<\/span><\/li>\n<li><span style=\"\"><strong>Transporte p\u00fablico: <\/strong>Metro: St. Maur (l\u00ednea 3) o P\u00e8re Lachaise (l\u00edneas 2, 3, 11) Autob\u00fas: 20,46,56,69<\/span><\/li>\n<li style=\"\"><span style=\"\"><strong>P\u00e1gina web:&nbsp;<\/strong><a href=\"https:\/\/www.atelier-lumieres.com\" target=\"_blank\" style=\"outline: none;\" rel=\"noopener nofollow\">www.atelier-lumieres.com<\/a><\/span><\/li>\n<\/ul>\n<p>__CONFIG_colors_palette__{\u00abactive_palette\u00bb:0,\u00bbconfig\u00bb:{\u00abcolors\u00bb:{\u00ab50ce5\u00bb:{\u00abname\u00bb:\u00bbMain Accent\u00bb,\u00bbparent\u00bb:-1}},\u00bbgradients\u00bb:[]},\u00bbpalettes\u00bb:[{\u00abname\u00bb:\u00bbDefault Palette\u00bb,\u00bbvalue\u00bb:{\u00abcolors\u00bb:{\u00ab50ce5\u00bb:{\u00abval\u00bb:\u00bbvar(&#8211;tcb-skin-color-0)\u00bb}},\u00bbgradients\u00bb:[]},\u00bboriginal\u00bb:{\u00abcolors\u00bb:{\u00ab50ce5\u00bb:{\u00abval\u00bb:\u00bbrgb(19, 114, 211)\u00bb,\u00bbhsl\u00bb:{\u00abh\u00bb:210,\u00bbs\u00bb:0.83,\u00bbl\u00bb:0.45,\u00bba\u00bb:1}}},\u00bbgradients\u00bb:[]}}]}__CONFIG_colors_palette__ <a href=\"http:\/\/paristouristinformation.fr\/es\/things-to-do\/museum\/\"> <span><span>M\u00e1s museos que visitar en Par\u00eds<\/span><\/span> <\/a><\/p>\n","protected":false},"excerpt":{"rendered":"<p>\u00bfLe gustan los espect\u00e1culos de luces? Si es as\u00ed, l&#8217;Atelier des Lumi\u00e8res le espera para ser uno de los momentos m\u00e1s destacados de su viaje, ya que es una de las atracciones m\u00e1s populares de Par\u00eds. Este museo permite a los visitantes apreciar el arte de una forma totalmente nueva e interesante. En efecto, tras [&hellip;]<\/p>\n","protected":false},"author":10,"featured_media":8201,"parent":68,"menu_order":0,"comment_status":"closed","ping_status":"closed","template":"","meta":{"footnotes":""},"tags":[],"class_list":{"0":"post-7552","1":"page","2":"type-page","3":"status-publish","4":"has-post-thumbnail","5":"hentry","6":"post-wrapper","7":"thrv_wrapper","10":"thrive-animated-item"},"wp-worthy-pixel":{"ignored":false,"public":null,"server":null,"url":null},"wp-worthy-type":"normal","_links":{"self":[{"href":"https:\/\/www.paristouristinformation.fr\/es\/wp-json\/wp\/v2\/pages\/7552","targetHints":{"allow":["GET"]}}],"collection":[{"href":"https:\/\/www.paristouristinformation.fr\/es\/wp-json\/wp\/v2\/pages"}],"about":[{"href":"https:\/\/www.paristouristinformation.fr\/es\/wp-json\/wp\/v2\/types\/page"}],"author":[{"embeddable":true,"href":"https:\/\/www.paristouristinformation.fr\/es\/wp-json\/wp\/v2\/users\/10"}],"replies":[{"embeddable":true,"href":"https:\/\/www.paristouristinformation.fr\/es\/wp-json\/wp\/v2\/comments?post=7552"}],"version-history":[{"count":0,"href":"https:\/\/www.paristouristinformation.fr\/es\/wp-json\/wp\/v2\/pages\/7552\/revisions"}],"up":[{"embeddable":true,"href":"https:\/\/www.paristouristinformation.fr\/es\/wp-json\/wp\/v2\/pages\/68"}],"wp:featuredmedia":[{"embeddable":true,"href":"https:\/\/www.paristouristinformation.fr\/es\/wp-json\/wp\/v2\/media\/8201"}],"wp:attachment":[{"href":"https:\/\/www.paristouristinformation.fr\/es\/wp-json\/wp\/v2\/media?parent=7552"}],"wp:term":[{"taxonomy":"post_tag","embeddable":true,"href":"https:\/\/www.paristouristinformation.fr\/es\/wp-json\/wp\/v2\/tags?post=7552"}],"curies":[{"name":"wp","href":"https:\/\/api.w.org\/{rel}","templated":true}]}}