{"id":7624,"date":"2021-02-10T14:59:40","date_gmt":"2021-02-10T14:59:40","guid":{"rendered":"http:\/\/paristouristinformation.fr\/es\/?page_id=7624"},"modified":"2023-05-12T07:24:00","modified_gmt":"2023-05-12T07:24:00","slug":"musee-jacquemart-andre","status":"publish","type":"page","link":"https:\/\/www.paristouristinformation.fr\/es\/cosas-que-hacer\/museo\/musee-jacquemart-andre\/","title":{"rendered":"Gu\u00eda del Museo Jacquemart Andre en Par\u00eds: Exposici\u00f3n &#038; Entradas"},"content":{"rendered":"<p>Par\u00eds es conocida por ser la ciudad que ofrece los m\u00e1s bellos museos de arte del mundo.Si le apasionan las bellas artes y la pintura, este museo privado tiene que estar en su lista de <a href=\"https:\/\/paristouristinformation.fr\/es\/cosas-que-hacer\/museo\/\" target=\"_blank\" rel=\"noopener\"><strong>museos de Par\u00eds<\/strong><\/a><em><strong>&nbsp;<\/strong><\/em>por descubrir. El Museo Jacquemart Andr\u00e9 est\u00e1 situado en el bulevar Haussmann, en un edificio muy lujoso y \u00fanico.El museo se instal\u00f3 en la residencia privada de Edouard Andr\u00e9 y su esposa y contiene las obras de arte que coleccionaron durante su vida. En este art\u00edculo, le guiaremos por este lugar emblem\u00e1tico de Par\u00eds, d\u00e1ndole informaci\u00f3n \u00fatil sobre su historia, las entradas y la informaci\u00f3n sobre las visitas&#8230; \u00a1Vamos!<\/p>\n<h2 id=\"t-1610539832044\" data-alt-text=\"What can I do at The Museum ?\">\u00bfQu\u00e9 puedo hacer en el Museo Jacquemart-Andr\u00e9?<\/h2>\n<p>El Museo Jacquemart-Andr\u00e9 es una de las paradas del viaje art\u00edstico en Par\u00eds, con cientos de \u00f3leos y esculturas procedentes de diferentes partes del mundo. La maravillosa mansi\u00f3n construida en el siglo XIX ofrece a sus visitantes una idea de c\u00f3mo viv\u00eda la clase alta en Francia durante la Belle \u00c9poque.El museo alberga obras de muchos maestros de renombre, como Paolo Uccello, Gian Lorenzo Bernini, Sandro Botticelli, Andrea Mantegna, Jean-Honor\u00e9 Fragonard, Jean-Baptiste-Sim\u00e9on Chardin, \u00c9lisabeth-Louise Vig\u00e9e Le Brun, Canaletto, Jean-Marc Nattier, Alfred Boucher, Rembrandt, Anthony van Dyck, Frans Hals, Giovanni Battista Tiepolo, Jacques-Louis David, Thomas Lawrence, Joshua Reynolds y Thomas Gainsborough.La llamativa decoraci\u00f3n de este museo es un testimonio de la riqueza del patrimonio parisino y del arte en general.<\/p>\n<h3>\u00bfQui\u00e9n era Edouard Andr\u00e9?<\/h3>\n<p>Nacido en 1833 en Par\u00eds, renuncia al ej\u00e9rcito en 1863 y se aleja de la pol\u00edtica para iniciar una colecci\u00f3n de cuadros, muebles y objetos de arte.&nbsp;<\/p>\n<h3>Diferentes salas y secciones del museo<\/h3>\n<p><strong>Los apartamentos privados : <\/strong>Situados en la planta baja, en esta secci\u00f3n los visitantes pueden ver el dormitorio de Edouard y Neli\u00e9 junto con la habitaci\u00f3n que utilizaban para tomar el desayuno por las ma\u00f1anas.<strong>Los apartamentos informales : <\/strong>En esta secci\u00f3n, los visitantes pueden ver la biblioteca de la mansi\u00f3n y las habitaciones en las que recib\u00edan a sus invitados. Las paredes est\u00e1n adornadas con cuadros de pintores flamencos y holandeses del siglo XVII, como Anton Van Dyck y Rembrandt Van Rijn.<strong>El jard\u00edn de invierno : <\/strong>El jard\u00edn de invierno, situado detr\u00e1s de la sala de m\u00fasica, era un lugar tranquilo adornado con plantas ex\u00f3ticas bajo un techo de cristal.<\/p>\n<p><strong>Renacimiento italiano : <\/strong>Los propietarios de la colecci\u00f3n y la mansi\u00f3n han formado un gran equipo que comparte la pasi\u00f3n mutua por el arte renacentista italiano. Crearon una colecci\u00f3n \u00fanica de muchas piezas preciosas de maestros italianos procedentes de sus viajes a Italia. En esta secci\u00f3n se dividen tres salas: la sala florentina, la sala veneciana y la sala de esculturas.<strong>Sala florentina : <\/strong>La sala albergaba antiguamente peque\u00f1os objetos como joyas y cer\u00e1micas, pero posteriormente fue decorada seg\u00fan el gusto de N\u00e9lie, que era una gran apasionada de Florencia. Se a\u00f1adi\u00f3 una peque\u00f1a capilla para el culto, adem\u00e1s de los cuadros de valor incalculable recogidos en Florencia. Aqu\u00ed, los visitantes ven las obras maestras como la Virgen con el Ni\u00f1o de Botticelli, San Jorge venciendo al drag\u00f3n de Paolo Uccello.<strong>Sala veneciana : <\/strong>La sala alberga los cuadros recogidos en Venecia y en muchas escuelas de arte del norte de Italia. Algunos cuadros importantes expuestos aqu\u00ed pertenecen a Carpaccio y Bellini.<\/p>\n<p><span><img decoding=\"async\" alt=\"\" data-id=\"7782\" width=\"702\" data-init-width=\"1000\" height=\"470\" data-init-height=\"670\" title=\"The Mus\u00e9e Jacquemart-Andr\u00e9 in Paris in France courtyard\" src=\"http:\/\/paristouristinformation.fr\/es\/wp-content\/uploads\/2021\/02\/The-Musee-Jacquemart-Andre-in-Paris-in-France-courtyard.jpg\" data-width=\"702\" data-height=\"470\" style=\"\" loading=\"lazy\"><\/span><\/p>\n<ul>\n<li><a rel=\"noreferrer noopener nofollow\" href=\"https:\/\/pinterest.com\/pin\/create\/button\/?url=https:\/\/paristouristinformation.fr\/es\/cosas-que-hacer\/museo\/musee-jacquemart-andre\/?tve=true&amp;tcbf=9fecb76ad0&amp;is_video=false&amp;media=http:\/\/paristouristinformation.fr\/es\/wp-content\/uploads\/2021\/02\/The-Musee-Jacquemart-Andre-in-Paris-in-France-courtyard.jpg&amp;description=Gu%C3%ADa%20del%20Museo%20Jacquemart%20Andre%20%7C%20ParisTouristInformation.fr\" onclick=\"essb.window('https:\/\/pinterest.com\/pin\/create\/button\/?url=https:\/\/paristouristinformation.fr\/es\/cosas-que-hacer\/museo\/musee-jacquemart-andre\/?tve=true&amp;tcbf=9fecb76ad0&amp;is_video=false&amp;media=http:\/\/paristouristinformation.fr\/es\/wp-content\/uploads\/2021\/02\/The-Musee-Jacquemart-Andre-in-Paris-in-France-courtyard.jpg&amp;description=Gu%C3%ADa%20del%20Museo%20Jacquemart%20Andre%20%7C%20ParisTouristInformation.fr','pinpro','kyx216pw'); return false;\" target=\"_blank\"><span><\/span><span>Pin<\/span><\/a><\/li>\n<\/ul>\n<p><b>Caf\u00e9 y biblioteca : <span style=\"font-weight: normal;\">Hay un peque\u00f1o y encantador sal\u00f3n de t\u00e9\/caf\u00e9 con vistas al patio que tambi\u00e9n es una buena opci\u00f3n para un almuerzo o brunch. Tambi\u00e9n encontrar\u00e1 una bonita tienda de regalos culturales donde podr\u00e1 comprar libros y cat\u00e1logos, as\u00ed como objetos de decoraci\u00f3n y joyas.<\/span><\/b><\/p>\n<p>En el museo hay grandes <strong>exposiciones temporales<\/strong> que tienen lugar dos veces al a\u00f1o, adem\u00e1s de la colecci\u00f3n permanente.<\/p>\n<h2 id=\"t-1610539832045\" style=\"\">Entrada, billetes y visitas<\/h2>\n<ul>\n<li><span style=\"\"><strong>Entrada : <\/strong>El Museo Jacquemart Andr\u00e9 est\u00e1 abierto todos los d\u00edas, incluidos los d\u00edas festivos, de 10 a 18 horas. Durante las exposiciones, el museo permanece abierto los lunes hasta las 20:30.<\/span><\/li>\n<li><span>El precio de la entrada incluye una audiogu\u00eda. Una visita media dura entre 60 y 90 minutos en el Museo Jacquemart Andr\u00e9.<\/span><\/li>\n<li style=\"\"><span style=\"\"><strong>Entradas:&nbsp;<\/strong>Consiga su <a href=\"http:\/\/paristouristinformation.fr\/es\/ticket\/musee-jacquemart-andre-skip-the-line-tickets\/\" style=\"outline: none;\">billete Jacquemart-Andr\u00e9 Skip The Line<\/a> en nuestra tienda de entradas de Par\u00eds y evite las aglomeraciones.<\/span><\/li>\n<\/ul>\n<h2 id=\"t-1610539832046\" data-alt-text=\"How to get to there ?\">\u00bfC\u00f3mo llegar al Museo Jacquemart-Andr\u00e9?<\/h2>\n<p>El museo est\u00e1 muy cerca de la avenida de los <a href=\"https:\/\/paristouristinformation.fr\/es\/cosas-que-hacer\/avenue-des-champs-elysees\/\" target=\"_blank\" rel=\"noopener\"><strong>Campos El\u00edseos<\/strong><\/a> y de los grandes almacenes.<\/p>\n<ul>\n<li><strong>Metro:<\/strong> l\u00edneas 9 y 13, estaciones \u00abSaint-Augustin\u00bb, \u00abMiromesnil\u00bb o \u00abSaint-Philippe du Roule\u00bb.<\/li>\n<li><strong>RER: L\u00ednea A, estaci\u00f3n \u00abCharles de Gaulle-\u00c9toile\u00bb.<\/strong><\/li>\n<li><strong>Autob\u00fas : <\/strong>L\u00edneas 22, 43, 52, 54, 28, 80, 83, 84, 93<\/li>\n<li><strong>Velib: estaci\u00f3n \u00abRue de Berri<\/strong><\/li>\n<\/ul>\n<p>__CONFIG_colors_palette__{\u00abactive_palette\u00bb:0,\u00bbconfig\u00bb:{\u00abcolors\u00bb:{\u00ab50ce5\u00bb:{\u00abname\u00bb:\u00bbMain Accent\u00bb,\u00bbparent\u00bb:-1}},\u00bbgradients\u00bb:[]},\u00bbpalettes\u00bb:[{\u00abname\u00bb:\u00bbDefault Palette\u00bb,\u00bbvalue\u00bb:{\u00abcolors\u00bb:{\u00ab50ce5\u00bb:{\u00abval\u00bb:\u00bbvar(&#8211;tcb-skin-color-0)\u00bb}},\u00bbgradients\u00bb:[]},\u00bboriginal\u00bb:{\u00abcolors\u00bb:{\u00ab50ce5\u00bb:{\u00abval\u00bb:\u00bbrgb(19, 114, 211)\u00bb,\u00bbhsl\u00bb:{\u00abh\u00bb:210,\u00bbs\u00bb:0.83,\u00bbl\u00bb:0.45,\u00bba\u00bb:1}}},\u00bbgradients\u00bb:[]}}]}__CONFIG_colors_palette__ <a href=\"http:\/\/paristouristinformation.fr\/es\/plan\/public-transport\"> <span><span style=\"\">Gu\u00eda de transporte p\u00fablico en Par\u00eds<\/span><\/span> <\/a><\/p>\n<h2 id=\"t-1627471836135\" style=\"\">Preguntas frecuentes<\/h2>\n<p><span><img decoding=\"async\" alt=\"History of the The Mus\u00e9e Jacquemart-Andr\u00e9 in Paris (Editorial)\" data-id=\"8210\" width=\"702\" data-init-width=\"1000\" height=\"468\" data-init-height=\"667\" title=\"History of the The Mus\u00e9e Jacquemart-Andr\u00e9 in Paris (Editorial)\" src=\"http:\/\/paristouristinformation.fr\/es\/wp-content\/uploads\/2021\/03\/History-of-the-The-Musee-Jacquemart-Andre-in-Paris.jpg\" data-width=\"702\" data-height=\"468\" data-pinpro-key=\"hkeaumojh\" loading=\"lazy\"><\/span><\/p>\n<h2 id=\"t-1610539832048\" data-alt-text=\"History of the The Museum\">Historia del Museo Jacquemart-Andr\u00e9<\/h2>\n<p>\u00c9douard Andr\u00e9 era miembro de una rica familia de banqueros protestantes. Estaba casado con N\u00e9lie Jacquemart, que tambi\u00e9n era una destacada pintora de sociedad.Eran una pareja ambiciosa que dedicaba una gran fortuna a la compra de obras de arte de diferentes partes del mundo. De sus numerosas visitas a Italia, coleccionaron principalmente obras de maestros italianos y crearon una enorme colecci\u00f3n de arte italiano en Francia.\u00c9douard Andr\u00e9 busc\u00f3 al arquitecto Henri Parent para que dise\u00f1ara una gran y hermosa mansi\u00f3n que se inspirara en gran medida en los modelos cl\u00e1sicos. La mansi\u00f3n que hoy alberga el museo se construy\u00f3 entre 1869 y 1876.Tras la muerte de Edouard Andr\u00e9, N\u00e9lie Jacquemart se encarg\u00f3 de completar la decoraci\u00f3n del museo y de ampliar la colecci\u00f3n. Encontr\u00f3 m\u00e1s piezas preciosas en sus viajes a Oriente para contribuir a la colecci\u00f3n del museo. En 1912, N\u00e9lie Jacquemart leg\u00f3 al Instituto de Francia la mansi\u00f3n y la colecci\u00f3n que conten\u00eda. Un a\u00f1o despu\u00e9s de la muerte de N\u00e9lie, la mansi\u00f3n fue abierta al p\u00fablico como museo en 1913 por el presidente de Francia, Raymond Poincar\u00e9.<\/p>\n<div class=\"tcb-post-list tve-content-list empty-list thrv_wrapper\" data-type=\"grid\" data-pagination-type=\"none\" data-pages_near_current=\"2\" data-css=\"tve-u-177a535c8a4\" data-total_post_count=\"0\" data-total_sticky_count=\"0\" data-no_posts_text=\"There are no posts to display.\"><article id=\"post-7624\" class=\"post-7624 page type-page status-publish has-post-thumbnail hentry post-wrapper thrv_wrapper thrive-animated-item \" tcb_hover_state_parent=\"\" shortcode=\"tcb_post_list\" data-id=\"7624\" data-selector=\".post-wrapper\"><style class=\"tcb-post-list-dynamic-style\" type=\"text\/css\"><\/style><\/p>\n<h3 style=\"\"><span data-attr-link=\"1\" data-attr-rel=\"0\" data-attr-target=\"0\" data-extra_key=\"\" data-option-inline=\"1\" data-shortcode=\"tcb_post_title\" data-shortcode-name=\"Post title\" data-attr-css=\"\" style=\"\" data-attr-static-link=\"{&quot;className&quot;:&quot;tve-froala fr-basic&quot;,&quot;href&quot;:&quot;#&quot;,&quot;title&quot;:&quot;Gu\u00eda del Museo Jacquemart Andre en Par\u00eds: Exposici\u00f3n &amp; Entradas&quot;,&quot;class&quot;:&quot;tve-froala fr-basic&quot;}\"><a href=\"https:\/\/www.paristouristinformation.fr\/es\/cosas-que-hacer\/museo\/musee-jacquemart-andre\/\" title=\"Gu\u00eda del Museo Jacquemart Andre en Par\u00eds: Exposici\u00f3n &amp; Entradas\" data-css=\"\" class=\"tve-froala fr-basic\">Gu\u00eda del Museo Jacquemart Andre en Par\u00eds: Exposici\u00f3n &amp; Entradas<\/a><\/span><\/h3>\n<p><\/article><\/div>\n<h2 id=\"t-1610539832049\" style=\"\" data-alt-text=\"Contact\">Contacte con<\/h2>\n<ul>\n<li><span style=\"\"><strong>Direcci\u00f3n: <\/strong>158 Boulevard Haussmann, 75008 Par\u00eds<\/span><\/li>\n<li><span style=\"\"><strong>Horario de apertura:<a href=\"https:\/\/www.musee-jacquemart-andre.com\/\" target=\"_blank\" style=\"outline: none;\" rel=\"noopener nofollow\">&nbsp;www.musee-jacquemart-andre.com<\/a>&nbsp;<\/strong><\/span><\/li>\n<li><span style=\"\"><strong>Transporte p\u00fablico: <\/strong>Metro: l\u00edneas 9 y 13, estaciones \u00abSaint-Augustin\u00bb, \u00abMiromesnil\u00bb o \u00abSaint-Philippe du Roule\u00bb. RER: L\u00ednea A, estaci\u00f3n \u00abCharles de Gaulle-\u00c9toile\u00bb. Autob\u00fas: L\u00edneas 22, 43, 52, 54, 28, 80, 83, 84, 93<\/span><\/li>\n<li style=\"\"><span style=\"\"><strong>P\u00e1gina web:&nbsp;<\/strong><a href=\"https:\/\/www.musee-jacquemart-andre.com\" target=\"_blank\" style=\"outline: none;\" rel=\"noopener nofollow\">www.musee-jacquemart-andre.com<\/a><\/span><\/li>\n<\/ul>\n<p>Antes de empezar, perm\u00edtanos recordarle que si est\u00e1 planeando su viaje a Par\u00eds ahora mismo, puede beneficiarse de nuestras ofertas en nuestra tienda <em><strong>oficial de entradas de Par\u00eds<\/strong><\/em>. Tenemos grandes y pr\u00e1cticas ofertas con entradas sin cola para todos <a href=\"https:\/\/paristouristinformation.fr\/es\/cosas-que-hacer\/museo\/\" target=\"_blank\" rel=\"noopener\"><strong>los museos importantes de Par\u00eds<\/strong><\/a>. Disfrute de un viaje f\u00e1cil a Par\u00eds.<\/p>\n<h2 style=\"\">Art\u00edculos relacionados:<\/h2>\n<div class=\"tcb-post-list tve-content-list thrv_wrapper\" data-type=\"grid\" data-pagination-type=\"none\" data-pages_near_current=\"2\" data-css=\"tve-u-17dddc3e7ce\" data-total_post_count=\"2\" data-total_sticky_count=\"0\" data-no_posts_text=\"There are no posts to display.\"><article id=\"post-5193\" class=\"post-5193 page type-page status-publish has-post-thumbnail hentry post-wrapper thrv_wrapper thrive-animated-item  tve_evt_manager_listen tve_ea_thrive_animation tve_et_mouseover tve_anim_grow\" tcb_hover_state_parent=\"\" class=\"tve_evt_manager_listen tve_ea_thrive_animation tve_et_mouseover tve_anim_grow\" data-id=\"5193\" data-selector=\".post-wrapper\"><style class=\"tcb-post-list-dynamic-style\" type=\"text\/css\">@media (min-width: 300px){[].tcb-post-list #post-5193 []{background-image: url(\u00abhttps:\/\/www.paristouristinformation.fr\/es\/wp-content\/uploads\/2021\/01\/Les-Ombres-Paris-France.jpg\u00ab) !important;}[].tcb-post-list #post-5193 []:hover []{background-image: url(\u00abhttps:\/\/www.paristouristinformation.fr\/es\/wp-content\/uploads\/2021\/01\/Les-Ombres-Paris-France.jpg\u00ab) !important;}}<\/style><a href=\"https:\/\/www.paristouristinformation.fr\/es\/cultura\/\" dynamic-postlink=\"tcb_post_the_permalink\" data-shortcode-id=\"5193\"><\/a><\/p>\n<h3 style=\"text-align: center; padding-top: 0px !important; margin-top: 0px !important;\"><span data-attr-link=\"1\" data-attr-rel=\"0\" data-attr-target=\"0\" data-extra_key=\"\" data-option-inline=\"1\" data-shortcode=\"tcb_post_title\" data-shortcode-name=\"Post title\" data-attr-css=\"\" data-attr-static-link=\"{&quot;className&quot;:&quot;tve-froala fr-basic&quot;,&quot;href&quot;:&quot;https:\/\/paristouristinformation.fr\/es\/cultura\/&quot;,&quot;title&quot;:&quot;La gu\u00eda completa de la cultura francesa: Arte, Cocina, Moda\u2026&quot;,&quot;class&quot;:&quot;tve-froala fr-basic&quot;}\" style=\"\"><a href=\"https:\/\/www.paristouristinformation.fr\/es\/cultura\/\" title=\"Gu\u00eda de la cultura francesa: Consejos sobre arte, cocina y moda\" data-css=\"\" class=\"tve-froala fr-basic\">Gu\u00eda de la cultura francesa: Consejos sobre arte, cocina y moda<\/a><\/span><\/h3>\n<p><\/article><article id=\"post-5920\" class=\"post-5920 page type-page status-publish has-post-thumbnail hentry post-wrapper thrv_wrapper thrive-animated-item  tve_evt_manager_listen tve_ea_thrive_animation tve_et_mouseover tve_anim_grow\" tcb_hover_state_parent=\"\" class=\"tve_evt_manager_listen tve_ea_thrive_animation tve_et_mouseover tve_anim_grow\" data-id=\"5920\" data-selector=\".post-wrapper\"><style class=\"tcb-post-list-dynamic-style\" type=\"text\/css\">@media (min-width: 300px){[].tcb-post-list #post-5920 []{background-image: url(\u00abhttps:\/\/www.paristouristinformation.fr\/es\/wp-content\/uploads\/2021\/02\/palais-garnier-in-Paris-in-France-1024x538.jpg\u00ab) !important;}[].tcb-post-list #post-5920 []:hover []{background-image: url(\u00abhttps:\/\/www.paristouristinformation.fr\/es\/wp-content\/uploads\/2021\/02\/palais-garnier-in-Paris-in-France-1024x538.jpg\u00ab) !important;}}<\/style><a href=\"https:\/\/www.paristouristinformation.fr\/es\/cosas-que-hacer\/teatros\/opera-garnier\/\" dynamic-postlink=\"tcb_post_the_permalink\" data-shortcode-id=\"5193\"><\/a><\/p>\n<h3 style=\"text-align: center; padding-top: 0px !important; margin-top: 0px !important;\"><span data-attr-link=\"1\" data-attr-rel=\"0\" data-attr-target=\"0\" data-extra_key=\"\" data-option-inline=\"1\" data-shortcode=\"tcb_post_title\" data-shortcode-name=\"Post title\" data-attr-css=\"\" data-attr-static-link=\"{&quot;className&quot;:&quot;tve-froala fr-basic&quot;,&quot;href&quot;:&quot;https:\/\/paristouristinformation.fr\/es\/cultura\/&quot;,&quot;title&quot;:&quot;La gu\u00eda completa de la cultura francesa: Arte, Cocina, Moda\u2026&quot;,&quot;class&quot;:&quot;tve-froala fr-basic&quot;}\" style=\"\"><a href=\"https:\/\/www.paristouristinformation.fr\/es\/cosas-que-hacer\/teatros\/opera-garnier\/\" title=\"Visite la \u00d3pera Garnier de Par\u00eds: Entradas, visitas e historia\" data-css=\"\" class=\"tve-froala fr-basic\">Visite la \u00d3pera Garnier de Par\u00eds: Entradas, visitas e historia<\/a><\/span><\/h3>\n<p><\/article><\/div>\n","protected":false},"excerpt":{"rendered":"<p>Par\u00eds es conocida por ser la ciudad que ofrece los m\u00e1s bellos museos de arte del mundo.Si le apasionan las bellas artes y la pintura, este museo privado tiene que estar en su lista de museos de Par\u00eds&nbsp;por descubrir. El Museo Jacquemart Andr\u00e9 est\u00e1 situado en el bulevar Haussmann, en un edificio muy lujoso y [&hellip;]<\/p>\n","protected":false},"author":10,"featured_media":7780,"parent":68,"menu_order":0,"comment_status":"closed","ping_status":"closed","template":"","meta":{"footnotes":""},"tags":[],"class_list":{"0":"post-7624","1":"page","2":"type-page","3":"status-publish","4":"has-post-thumbnail","5":"hentry","6":"post-wrapper","7":"thrv_wrapper","10":"thrive-animated-item"},"wp-worthy-pixel":{"ignored":false,"public":null,"server":null,"url":null},"wp-worthy-type":"normal","_links":{"self":[{"href":"https:\/\/www.paristouristinformation.fr\/es\/wp-json\/wp\/v2\/pages\/7624","targetHints":{"allow":["GET"]}}],"collection":[{"href":"https:\/\/www.paristouristinformation.fr\/es\/wp-json\/wp\/v2\/pages"}],"about":[{"href":"https:\/\/www.paristouristinformation.fr\/es\/wp-json\/wp\/v2\/types\/page"}],"author":[{"embeddable":true,"href":"https:\/\/www.paristouristinformation.fr\/es\/wp-json\/wp\/v2\/users\/10"}],"replies":[{"embeddable":true,"href":"https:\/\/www.paristouristinformation.fr\/es\/wp-json\/wp\/v2\/comments?post=7624"}],"version-history":[{"count":0,"href":"https:\/\/www.paristouristinformation.fr\/es\/wp-json\/wp\/v2\/pages\/7624\/revisions"}],"up":[{"embeddable":true,"href":"https:\/\/www.paristouristinformation.fr\/es\/wp-json\/wp\/v2\/pages\/68"}],"wp:featuredmedia":[{"embeddable":true,"href":"https:\/\/www.paristouristinformation.fr\/es\/wp-json\/wp\/v2\/media\/7780"}],"wp:attachment":[{"href":"https:\/\/www.paristouristinformation.fr\/es\/wp-json\/wp\/v2\/media?parent=7624"}],"wp:term":[{"taxonomy":"post_tag","embeddable":true,"href":"https:\/\/www.paristouristinformation.fr\/es\/wp-json\/wp\/v2\/tags?post=7624"}],"curies":[{"name":"wp","href":"https:\/\/api.w.org\/{rel}","templated":true}]}}