{"id":7650,"date":"2021-02-24T10:50:13","date_gmt":"2021-02-24T10:50:13","guid":{"rendered":"http:\/\/paristouristinformation.fr\/es\/?page_id=7650"},"modified":"2023-08-18T07:00:01","modified_gmt":"2023-08-18T07:00:01","slug":"crucero-por-el-sena","status":"publish","type":"page","link":"https:\/\/www.paristouristinformation.fr\/es\/cosas-que-hacer\/crucero-por-el-sena\/","title":{"rendered":"Crucero por el Sena en Par\u00eds: Reservas &#038; Consejos"},"content":{"rendered":"<h2 id=\"t-1614083915928\">\u00cdNDICE DE CONTENIDOS<\/h2>\n<p>El crucero por el Sena es una excelente manera de descubrir Par\u00eds desde un nuevo \u00e1ngulo. El crucero por el Sena le lleva c\u00f3modamente a lo largo de numerosos lugares emblem\u00e1ticos.<\/p>\n<p>Para muchos viajeros de Par\u00eds, sobre todo los que viajan por primera vez y las familias con ni\u00f1os, es un acontecimiento absoluto. Incluso a los propios parisinos les encanta hacer un crucero por el Sena en ocasiones especiales, como aniversarios, despedidas de soltera, una propuesta rom\u00e1ntica o una reuni\u00f3n de <a href=\"https:\/\/paristouristinformation.fr\/es\/viajes-en-grupo\/creacion-de-equipos\/\" target=\"_blank\" rel=\"noopener\"><strong>equipo con los colegas.<\/strong><\/a>El crucero puede realizarse tanto de d\u00eda como de noche. El recorrido nocturno es especialmente bonito y rom\u00e1ntico, cuando la Ciudad de las Luces, como tambi\u00e9n se llama a Par\u00eds, se ilumina con los colores m\u00e1s bellos.El viaje dura unas 2,5 horas. El champ\u00e1n y la m\u00fasica en directo est\u00e1n incluidos, los franceses saben disfrutar en directo&#8230;<\/p>\n<h3>Monumentos parisinos que ver\u00e1 en un crucero por el Sena<\/h3>\n<ul>\n<li style=\"\"><span style=\"\">Los tres monumentos m\u00e1s famosos, la <a href=\"https:\/\/paristouristinformation.fr\/es\/cosas-que-hacer\/torre-eiffel\/\" target=\"_blank\" style=\"outline: none;\" rel=\"noopener\"><strong>Torre Eiffel<\/strong>,<\/a> el<em><strong>&nbsp;<\/strong><\/em><a href=\"https:\/\/paristouristinformation.fr\/es\/cosas-que-hacer\/museo\/louvre\/\" target=\"_blank\" style=\"outline: none;\" rel=\"noopener\"><strong>Museo del Louvre<\/strong><\/a><em><strong>&nbsp;<\/strong><\/em>y<a href=\"https:\/\/paristouristinformation.fr\/es\/cosas-que-hacer\/iglesia\/notre-dame\/\" target=\"_blank\" rel=\"noopener\"><em> <strong>Notre-Dame<\/strong>,<\/em><\/a> se encuentran directamente en el paseo mar\u00edtimo.<\/span><\/li>\n<li><span>Adem\u00e1s de ver el obelisco de la Plaza de la Concordia, el <a href=\"https:\/\/paristouristinformation.fr\/es\/cosas-que-hacer\/museo\/musee-dorsay\/\" target=\"_blank\" rel=\"noopener\"><strong>Museo de Orsay<\/strong><\/a> y el puente Alexandre 3, cruzar\u00e1s por las dos islas del Sena, \u00cele de la Cit\u00e9 e \u0130le Saint-Louis.<\/span><\/li>\n<li><span>Podr\u00e1 admirar el <a href=\"https:\/\/paristouristinformation.fr\/es\/cosas-que-hacer\/museo\/grand-palais\/\" target=\"_blank\" rel=\"noopener\"><strong>Grand Palais<\/strong><\/a><em><strong>&nbsp;<\/strong><\/em>y la Conciergerie desde el agua y, por supuesto, pasar por los puentes <a href=\"https:\/\/paristouristinformation.fr\/es\/cosas-que-hacer\/crucero-por-el-sena\/\" target=\"_blank\" rel=\"noopener\"><strong>del Sena<\/strong> <\/a>como el <a href=\"https:\/\/paristouristinformation.fr\/es\/cosas-que-hacer\/puentes\/pont-neuf\/\" target=\"_blank\" rel=\"noopener\">Pont Neuf <\/a>y el Pont de Art.<\/span><\/li>\n<\/ul>\n<p><span><img loading=\"lazy\" decoding=\"async\" alt=\"Notre Dame Cruise Seine in Paris in France\" data-id=\"4522\" width=\"901\" data-init-width=\"1000\" height=\"601\" data-init-height=\"667\" title=\"Notre Dame Cruise Seine in Paris in France\" src=\"http:\/\/paristouristinformation.fr\/es\/wp-content\/uploads\/2020\/12\/Notre-Dame-Cruise-Seine-in-Paris-in-France.jpg\" data-width=\"901\" data-height=\"601\"><\/span><\/p>\n<h2 style=\"text-align: left;\" id=\"t-1614083915929\">\u00bfC\u00f3mo reservar un crucero por el Sena en Par\u00eds?<\/h2>\n<p style=\"text-align: left;\">Los billetes para los paseos en barco pueden comprarse directamente en los embarcaderos de los distintos operadores. La mayor\u00eda de los recorridos por el Sena comienzan al pie de la<em><strong>&nbsp;<\/strong><\/em><a href=\"https:\/\/paristouristinformation.fr\/es\/cosas-que-hacer\/torre-eiffel\/\" target=\"_blank\" rel=\"noopener\"><strong>Torre Eiffel.<\/strong><\/a>Si desea reservar su billete con antelaci\u00f3n, s\u00f3lo tiene que visitar nuestra tienda en l\u00ednea <em><strong>Paris Ticket Shop <\/strong><\/em>y comprarlo c\u00f3moda y manualmente desde casa. Quiz\u00e1 tambi\u00e9n le interesen las entradas combinadas.De este modo, podr\u00e1 evitar las largas colas y disfrutar de un viaje sin estr\u00e9s en el agua.<\/p>\n<h3 style=\"text-align: left;\">Tipos de crucero a reservar :<\/h3>\n<ul>\n<li style=\"\"><span style=\"\">La mayor\u00eda de los cruceros por el Sena pasan por la ciudad durante el d\u00eda. Hay viajes de distinta duraci\u00f3n, el m\u00e1s corto dura aproximadamente una hora. La mayor\u00eda de los cruceros ofrecen caf\u00e9 o t\u00e9, pero si quieres champ\u00e1n, tienes que reservarlo.<\/span><\/li>\n<li><span>Los que deseen almorzar o cenar al mismo tiempo elegir\u00e1n un crucero con cena o almuerzo y disfrutar\u00e1n de su comida mientras las vistas se deslizan por las ventanas.<\/span><\/li>\n<li><span>Un crucero nocturno es una experiencia especial, porque por la noche Par\u00eds, tambi\u00e9n llamada la \u00abCiudad de las Luces\u00bb, tiene un aspecto fascinante y parece un gran plat\u00f3 de cine. Todo se hunde en un inmenso mar de luces mientras los barcos se deslizan tranquilamente por el agua.<\/span><\/li>\n<\/ul>\n<p><strong>Audiogu\u00eda: <\/strong>Si quiere disfrutar realmente del Crucero por el Sena y al mismo tiempo escuchar alguna informaci\u00f3n sobre los lugares de inter\u00e9s m\u00e1s importantes por los que pasa, puede beneficiarse de nuestra Audiogu\u00eda, adaptada precisamente a los recorridos. Consiga su Audiogu\u00eda.<\/p>\n<p><strong>Consejos : <\/strong>Hay muchos proveedores de recorridos en crucero por el Sena, el m\u00e1s conocido es Bateaux-Mouches. Hay otros, entre ellos Vedettes de Paris, Vedettes du Pont Neuf y Bateaux Parisiens. Sin embargo, no encontrar\u00e1 mucha diferencia, ya que todos navegan casi por la misma ruta.<\/p>\n<h2 id=\"t-1614083915931\">Historia del crucero por el Sena<\/h2>\n<p>En el pasado, las peque\u00f1as embarcaciones que transportaban mercanc\u00edas por las v\u00edas navegables se llamaban \u00abbateau mouche\u00bb. Eran impulsados por una h\u00e9lice.Jean Bruel fue el primero en tener la idea de ofrecer viajes tur\u00edsticos por el Sena. Reconstruy\u00f3 un barco de la Exposici\u00f3n Universal de 1900 para que tuviera una gran cubierta panor\u00e1mica para los pasajeros. Empez\u00f3 su viaje en 1949. Ya entonces, los recorridos eran comentados para los invitados. Ya en 1950, \u00abBateaux Mouches\u00bb se registr\u00f3 como marca.Con el tiempo, la flota se ampli\u00f3 a 15 barcos. En la actualidad, Bateaux Mouches transporta cada a\u00f1o a unos 2,5 millones de hu\u00e9spedes por el Sena.Traducci\u00f3n realizada con la versi\u00f3n gratuita del traductor www.DeepL.com\/Translator<\/p>\n<h3>Batobus<\/h3>\n<p>Los batobuses son los llamados taxis acu\u00e1ticos. Estos circulan en 9 paradas fijas en el Sena. Curiosamente, el recorrido es casi id\u00e9ntico al de los cruceros por el Sena. Si lo desea, tambi\u00e9n puede bajarse entre medias, visitar los lugares de inter\u00e9s de la zona y continuar el viaje. Por supuesto, no hay audiogu\u00eda disponible.<\/p>\n<p><strong><span style=\"color: var(ca1c1);\">Nota :&nbsp;<\/span><\/strong>Crucero por el Sena para ni\u00f1osVarias compa\u00f1\u00edas ofrecen cruceros por el Sena especiales para ni\u00f1os, acompa\u00f1ados por sus padres, por supuesto. Pero los adultos tambi\u00e9n se divertir\u00e1n&#8230;<\/p>\n<h2 id=\"t-1614083915930\">Preguntas frecuentes<\/h2>\n<p style=\"text-align: center;\">M\u00e1s actividades en Par\u00eds<\/p>\n<p style=\"text-align: center;\">Mant\u00e9ngase al d\u00eda con los temas m\u00e1s interesantes<\/p>\n<p><a href=\"https:\/\/www.paristouristinformation.fr\/es\/cosas-que-hacer\/teatros\/\" dynamic-postlink=\"tcb_post_the_permalink\" data-shortcode-id=\"5613\"><\/a><\/p>\n<h3 style=\"text-align: center; padding-top: 0px !important; margin-top: 0px !important;\"><span data-attr-link=\"1\" data-attr-rel=\"0\" data-attr-target=\"0\" data-extra_key=\"\" data-option-inline=\"1\" data-shortcode=\"tcb_post_title\" data-shortcode-name=\"Post title\" data-attr-css=\"\" data-attr-static-link=\"{&quot;className&quot;:&quot;tve-froala fr-basic&quot;,&quot;href&quot;:&quot;https:\/\/www.paristouristinformation.fr\/es\/cosas-que-hacer\/teatros\/&quot;,&quot;title&quot;:&quot;12 teatros y cabarets para espect\u00e1culos en Par\u00eds ((con entradas))&quot;,&quot;class&quot;:&quot;tve-froala fr-basic&quot;}\"><a href=\"https:\/\/www.paristouristinformation.fr\/es\/cosas-que-hacer\/teatros\/\" title=\"12 teatros y cabarets para espect\u00e1culos en Par\u00eds [con entradas]\" data-css=\"\">12 teatros y cabarets para espect\u00e1culos en Par\u00eds [con entradas]<\/a><\/span><\/h3>\n<p><a href=\"https:\/\/www.paristouristinformation.fr\/es\/cosas-que-hacer\/teatros\/\"><span style=\"\"><span style=\"\">Read more<\/span><\/span><\/a><a href=\"https:\/\/www.paristouristinformation.fr\/es\/cosas-que-hacer\/gratis\/\" dynamic-postlink=\"tcb_post_the_permalink\" data-shortcode-id=\"5613\"><\/a><\/p>\n<h3 style=\"text-align: center; padding-top: 0px !important; margin-top: 0px !important;\"><span data-attr-link=\"1\" data-attr-rel=\"0\" data-attr-target=\"0\" data-extra_key=\"\" data-option-inline=\"1\" data-shortcode=\"tcb_post_title\" data-shortcode-name=\"Post title\" data-attr-css=\"\" data-attr-static-link=\"{&quot;className&quot;:&quot;tve-froala fr-basic&quot;,&quot;href&quot;:&quot;https:\/\/www.paristouristinformation.fr\/es\/cosas-que-hacer\/teatros\/&quot;,&quot;title&quot;:&quot;12 teatros y cabarets para espect\u00e1culos en Par\u00eds ((con entradas))&quot;,&quot;class&quot;:&quot;tve-froala fr-basic&quot;}\"><a href=\"https:\/\/www.paristouristinformation.fr\/es\/cosas-que-hacer\/gratis\/\" title=\"Las 10 mejores cosas que hacer gratis en Par\u00eds\" data-css=\"\">Las 10 mejores cosas que hacer gratis en Par\u00eds<\/a><\/span><\/h3>\n<p><a href=\"https:\/\/www.paristouristinformation.fr\/es\/cosas-que-hacer\/gratis\/\"><span style=\"\"><span style=\"\">Read more<\/span><\/span><\/a><a href=\"https:\/\/www.paristouristinformation.fr\/es\/compras\/centro\/\" dynamic-postlink=\"tcb_post_the_permalink\" data-shortcode-id=\"5613\"><\/a><\/p>\n<h3 style=\"text-align: center; padding-top: 0px !important; margin-top: 0px !important;\"><span data-attr-link=\"1\" data-attr-rel=\"0\" data-attr-target=\"0\" data-extra_key=\"\" data-option-inline=\"1\" data-shortcode=\"tcb_post_title\" data-shortcode-name=\"Post title\" data-attr-css=\"\" data-attr-static-link=\"{&quot;className&quot;:&quot;tve-froala fr-basic&quot;,&quot;href&quot;:&quot;https:\/\/www.paristouristinformation.fr\/es\/cosas-que-hacer\/teatros\/&quot;,&quot;title&quot;:&quot;12 teatros y cabarets para espect\u00e1culos en Par\u00eds ((con entradas))&quot;,&quot;class&quot;:&quot;tve-froala fr-basic&quot;}\"><a href=\"https:\/\/www.paristouristinformation.fr\/es\/compras\/centro\/\" title=\"Los 10 mejores centros comerciales de Par\u00eds\" data-css=\"\">Los 10 mejores centros comerciales de Par\u00eds<\/a><\/span><\/h3>\n<p><a href=\"https:\/\/www.paristouristinformation.fr\/es\/compras\/centro\/\"><span style=\"\"><span style=\"\">Read more<\/span><\/span><\/a><a href=\"https:\/\/www.paristouristinformation.fr\/es\/cosas-que-hacer\/para-ninos\/\" dynamic-postlink=\"tcb_post_the_permalink\" data-shortcode-id=\"5613\"><\/a><\/p>\n<h3 style=\"text-align: center; padding-top: 0px !important; margin-top: 0px !important;\"><span data-attr-link=\"1\" data-attr-rel=\"0\" data-attr-target=\"0\" data-extra_key=\"\" data-option-inline=\"1\" data-shortcode=\"tcb_post_title\" data-shortcode-name=\"Post title\" data-attr-css=\"\" data-attr-static-link=\"{&quot;className&quot;:&quot;tve-froala fr-basic&quot;,&quot;href&quot;:&quot;https:\/\/www.paristouristinformation.fr\/es\/cosas-que-hacer\/teatros\/&quot;,&quot;title&quot;:&quot;12 teatros y cabarets para espect\u00e1culos en Par\u00eds ((con entradas))&quot;,&quot;class&quot;:&quot;tve-froala fr-basic&quot;}\"><a href=\"https:\/\/www.paristouristinformation.fr\/es\/cosas-que-hacer\/para-ninos\/\" title=\"27 cosas que hacer con ni\u00f1os en Par\u00eds\" data-css=\"\">27 cosas que hacer con ni\u00f1os en Par\u00eds<\/a><\/span><\/h3>\n<p><a href=\"https:\/\/www.paristouristinformation.fr\/es\/cosas-que-hacer\/para-ninos\/\"><span style=\"\"><span style=\"\">Read more<\/span><\/span><\/a><a href=\"https:\/\/www.paristouristinformation.fr\/es\/cosas-que-hacer\/atracciones\/\" dynamic-postlink=\"tcb_post_the_permalink\" data-shortcode-id=\"5613\"><\/a><\/p>\n<h3 style=\"text-align: center; padding-top: 0px !important; margin-top: 0px !important;\"><span data-attr-link=\"1\" data-attr-rel=\"0\" data-attr-target=\"0\" data-extra_key=\"\" data-option-inline=\"1\" data-shortcode=\"tcb_post_title\" data-shortcode-name=\"Post title\" data-attr-css=\"\" data-attr-static-link=\"{&quot;className&quot;:&quot;tve-froala fr-basic&quot;,&quot;href&quot;:&quot;https:\/\/www.paristouristinformation.fr\/es\/cosas-que-hacer\/teatros\/&quot;,&quot;title&quot;:&quot;12 teatros y cabarets para espect\u00e1culos en Par\u00eds ((con entradas))&quot;,&quot;class&quot;:&quot;tve-froala fr-basic&quot;}\"><a href=\"https:\/\/www.paristouristinformation.fr\/es\/cosas-que-hacer\/atracciones\/\" title=\"15 atracciones mejor valoradas de Par\u00eds\" data-css=\"\">15 atracciones mejor valoradas de Par\u00eds<\/a><\/span><\/h3>\n<p><a href=\"https:\/\/www.paristouristinformation.fr\/es\/cosas-que-hacer\/atracciones\/\"><span style=\"\"><span style=\"\">Read more<\/span><\/span><\/a><a href=\"https:\/\/www.paristouristinformation.fr\/es\/cosas-que-hacer\/\" dynamic-postlink=\"tcb_post_the_permalink\" data-shortcode-id=\"5613\"><\/a><\/p>\n<h3 style=\"text-align: center; padding-top: 0px !important; margin-top: 0px !important;\"><span data-attr-link=\"1\" data-attr-rel=\"0\" data-attr-target=\"0\" data-extra_key=\"\" data-option-inline=\"1\" data-shortcode=\"tcb_post_title\" data-shortcode-name=\"Post title\" data-attr-css=\"\" data-attr-static-link=\"{&quot;className&quot;:&quot;tve-froala fr-basic&quot;,&quot;href&quot;:&quot;https:\/\/www.paristouristinformation.fr\/es\/cosas-que-hacer\/teatros\/&quot;,&quot;title&quot;:&quot;12 teatros y cabarets para espect\u00e1culos en Par\u00eds ((con entradas))&quot;,&quot;class&quot;:&quot;tve-froala fr-basic&quot;}\"><a href=\"https:\/\/www.paristouristinformation.fr\/es\/cosas-que-hacer\/\" title=\"100 cosas que hacer en Par\u00eds\" data-css=\"\">100 cosas que hacer en Par\u00eds<\/a><\/span><\/h3>\n<p><a href=\"https:\/\/www.paristouristinformation.fr\/es\/cosas-que-hacer\/\"><span style=\"\"><span style=\"\">Read more<\/span><\/span><\/a><a href=\"javascript:void(0)\"><span style=\"\"><span style=\"\">Load More<\/span><\/span><\/a><\/p>\n","protected":false},"excerpt":{"rendered":"<p>\u00cdNDICE DE CONTENIDOS El crucero por el Sena es una excelente manera de descubrir Par\u00eds desde un nuevo \u00e1ngulo. El crucero por el Sena le lleva c\u00f3modamente a lo largo de numerosos lugares emblem\u00e1ticos. Para muchos viajeros de Par\u00eds, sobre todo los que viajan por primera vez y las familias con ni\u00f1os, es un acontecimiento [&hellip;]<\/p>\n","protected":false},"author":10,"featured_media":4522,"parent":11507,"menu_order":0,"comment_status":"closed","ping_status":"closed","template":"","meta":{"footnotes":""},"tags":[],"class_list":["post-7650","page","type-page","status-publish","has-post-thumbnail","hentry","post-wrapper","thrv_wrapper"],"wp-worthy-pixel":{"ignored":false,"public":null,"server":null,"url":null},"wp-worthy-type":"normal","_links":{"self":[{"href":"https:\/\/www.paristouristinformation.fr\/es\/wp-json\/wp\/v2\/pages\/7650","targetHints":{"allow":["GET"]}}],"collection":[{"href":"https:\/\/www.paristouristinformation.fr\/es\/wp-json\/wp\/v2\/pages"}],"about":[{"href":"https:\/\/www.paristouristinformation.fr\/es\/wp-json\/wp\/v2\/types\/page"}],"author":[{"embeddable":true,"href":"https:\/\/www.paristouristinformation.fr\/es\/wp-json\/wp\/v2\/users\/10"}],"replies":[{"embeddable":true,"href":"https:\/\/www.paristouristinformation.fr\/es\/wp-json\/wp\/v2\/comments?post=7650"}],"version-history":[{"count":0,"href":"https:\/\/www.paristouristinformation.fr\/es\/wp-json\/wp\/v2\/pages\/7650\/revisions"}],"up":[{"embeddable":true,"href":"https:\/\/www.paristouristinformation.fr\/es\/wp-json\/wp\/v2\/pages\/11507"}],"wp:featuredmedia":[{"embeddable":true,"href":"https:\/\/www.paristouristinformation.fr\/es\/wp-json\/wp\/v2\/media\/4522"}],"wp:attachment":[{"href":"https:\/\/www.paristouristinformation.fr\/es\/wp-json\/wp\/v2\/media?parent=7650"}],"wp:term":[{"taxonomy":"post_tag","embeddable":true,"href":"https:\/\/www.paristouristinformation.fr\/es\/wp-json\/wp\/v2\/tags?post=7650"}],"curies":[{"name":"wp","href":"https:\/\/api.w.org\/{rel}","templated":true}]}}