{"id":7850,"date":"2021-02-17T19:35:51","date_gmt":"2021-02-17T19:35:51","guid":{"rendered":"http:\/\/paristouristinformation.fr\/es\/?page_id=7850"},"modified":"2023-05-12T10:56:23","modified_gmt":"2023-05-12T10:56:23","slug":"alquiler-de-coches","status":"publish","type":"page","link":"https:\/\/www.paristouristinformation.fr\/es\/plan\/alquiler-de-coches\/","title":{"rendered":"\u00bfC\u00f3mo alquilar un coche en Par\u00eds? [Precios &#038; Condiciones]"},"content":{"rendered":"<p>Hemos preparado esta gu\u00eda para informarle de los pros y los contras de alquilar un coche en Par\u00eds, as\u00ed como de los precios, las compa\u00f1\u00edas, la forma de reservar y otros consejos que podr\u00edan serle \u00fatiles.<\/p>\n<p><span><img decoding=\"async\" alt=\"rent a car in Paris in France 1\" data-id=\"8918\" width=\"736\" data-init-width=\"1000\" height=\"493\" data-init-height=\"670\" title=\"rent a car in Paris in France 1\" src=\"http:\/\/paristouristinformation.fr\/es\/wp-content\/uploads\/2021\/07\/rent-a-car-in-Paris-in-France-1.jpg\" data-width=\"736\" data-height=\"493\" style=\"\" loading=\"lazy\"><\/span><\/p>\n<ul>\n<li><a rel=\"noreferrer noopener nofollow\" href=\"https:\/\/pinterest.com\/pin\/create\/button\/?url=https:\/\/paristouristinformation.fr\/es\/plan\/alquiler-de-coches\/?tve=true&amp;tcbf=bebaa9b15f&amp;is_video=false&amp;media=http:\/\/paristouristinformation.fr\/es\/wp-content\/uploads\/2021\/07\/rent-a-car-in-Paris-in-France-1.jpg&amp;description=%C2%BFC%C3%B3mo%20alquilar%20un%20coche%20en%20Par%C3%ADs%3F%20%7C%20ParisTouristInformation.fr\" onclick=\"essb.window('https:\/\/pinterest.com\/pin\/create\/button\/?url=https:\/\/paristouristinformation.fr\/es\/plan\/alquiler-de-coches\/?tve=true&amp;tcbf=bebaa9b15f&amp;is_video=false&amp;media=http:\/\/paristouristinformation.fr\/es\/wp-content\/uploads\/2021\/07\/rent-a-car-in-Paris-in-France-1.jpg&amp;description=%C2%BFC%C3%B3mo%20alquilar%20un%20coche%20en%20Par%C3%ADs%3F%20%7C%20ParisTouristInformation.fr','pinpro','kyy9ifch'); return false;\" target=\"_blank\"><span><\/span><span>Pin<\/span><\/a><\/li>\n<\/ul>\n<h2 id=\"t-1610539832048\">Ventajas y desventajas de alquilar un coche en Par\u00eds<\/h2>\n<p>Descubramos juntos si merece la pena alquilar un coche en Par\u00eds. \u00bfEn qu\u00e9 casos las desventajas pueden ser mayores que los beneficios?Empecemos por el lado bueno. Alquilar un coche puede servir para explorar completamente la ciudad y sus alrededores. Especialmente, si est\u00e1 planeando visitar pueblos cercanos o hacer turismo fuera de Par\u00eds, tener un coche le da la flexibilidad y la comodidad.Si el alojamiento que has encontrado se encuentra en un barrio alejado de Par\u00eds, tu coche ser\u00e1 tu salvaci\u00f3n. Adem\u00e1s, si usted o las personas con las que viaja tienen una capacidad limitada para desplazarse, alquilar un coche ser\u00e1 la forma m\u00e1s f\u00e1cil de llegar a alg\u00fan sitio.Por otro lado, todos sabemos que el centro de Par\u00eds es un lugar peque\u00f1o y extremadamente concurrido. Todo se organiza seg\u00fan un sistema de sem\u00e1foros al que muchos extranjeros no est\u00e1n acostumbrados. En Par\u00eds existe un sistema de transporte bastante puntual y que funciona bien, con autob\u00fas, metro, tranv\u00eda, RER y tren de cercan\u00edas. Por lo tanto, el uso del coche es mucho menos preferible en comparaci\u00f3n con muchas ciudades.La capital francesa es la ciudad m\u00e1s concurrida del pa\u00eds, con un grave problema de aparcamiento para el coche. Es muy dif\u00edcil (f\u00edsica y mentalmente) encontrar una plaza de aparcamiento en las calles de Par\u00eds, especialmente con la r\u00edgida normativa vigente. <strong>M\u00e1s informaci\u00f3n:<\/strong><strong>Aparcar en Par\u00eds:<\/strong> <a href=\"https:\/\/paristouristinformation.fr\/es\/plan\/transporte-publico\/aparcamiento\/\" target=\"_blank\" rel=\"noopener\">\u00bfD\u00f3nde aparcar y cu\u00e1nto cuesta?<\/a><\/p>\n<p><span><img decoding=\"async\" alt=\"rent a car in Paris in France 2\" data-id=\"8917\" width=\"736\" data-init-width=\"1000\" height=\"493\" data-init-height=\"670\" title=\"rent a car in Paris in France 2\" src=\"http:\/\/paristouristinformation.fr\/es\/wp-content\/uploads\/2021\/07\/rent-a-car-in-Paris-in-France-2.jpg\" data-width=\"736\" data-height=\"493\" style=\"\" loading=\"lazy\"><\/span><\/p>\n<ul>\n<li><a rel=\"noreferrer noopener nofollow\" href=\"https:\/\/pinterest.com\/pin\/create\/button\/?url=https:\/\/paristouristinformation.fr\/es\/plan\/alquiler-de-coches\/?tve=true&amp;tcbf=bebaa9b15f&amp;is_video=false&amp;media=http:\/\/paristouristinformation.fr\/es\/wp-content\/uploads\/2021\/07\/rent-a-car-in-Paris-in-France-2.jpg&amp;description=%C2%BFC%C3%B3mo%20alquilar%20un%20coche%20en%20Par%C3%ADs%3F%20%7C%20ParisTouristInformation.fr\" onclick=\"essb.window('https:\/\/pinterest.com\/pin\/create\/button\/?url=https:\/\/paristouristinformation.fr\/es\/plan\/alquiler-de-coches\/?tve=true&amp;tcbf=bebaa9b15f&amp;is_video=false&amp;media=http:\/\/paristouristinformation.fr\/es\/wp-content\/uploads\/2021\/07\/rent-a-car-in-Paris-in-France-2.jpg&amp;description=%C2%BFC%C3%B3mo%20alquilar%20un%20coche%20en%20Par%C3%ADs%3F%20%7C%20ParisTouristInformation.fr','pinpro','kyy9ifcl'); return false;\" target=\"_blank\"><span><\/span><span>Pin<\/span><\/a><\/li>\n<\/ul>\n<h2 id=\"t-1610539832044\">Encuentre su empresa de alquiler de coches<\/h2>\n<p>Teniendo en cuenta todo, alquilar un coche podr\u00eda ser tu decisi\u00f3n final. Ahora, lo \u00fanico que necesitas es llevar tu permiso de conducir y los papeles del seguro.&nbsp;<\/p>\n<p>Los principales proveedores de alquiler de coches son <a href=\"https:\/\/www.hertz.com\/rentacar\/reservation\/\" target=\"_blank\" rel=\"noopener nofollow\">Hertz<\/a>, <a href=\"https:\/\/www.ttcar.com\" target=\"_blank\" rel=\"noopener nofollow\">TT Car Transit<\/a>, <a href=\"https:\/\/www.sixt.com\/#\/\" target=\"_blank\" style=\"outline: none;\" rel=\"noopener nofollow\">Sixt<\/a>, <a href=\"https:\/\/www.europcar.com\/en-us\" target=\"_blank\" rel=\"noopener nofollow\">Europcar<\/a>, Alamo y&nbsp;<a href=\"https:\/\/www.avis.com\/en\/home\" target=\"_blank\" style=\"outline: none;\" rel=\"noopener nofollow\">Avis<\/a>. Estas empresas son de f\u00e1cil acceso, ya que cuentan con numerosas oficinas tanto en Francia como en Europa, adem\u00e1s de muchos aeropuertos y estaciones de tren.<\/p>\n<p>Reservar con antelaci\u00f3n es esencial para conseguir las mejores ofertas y tarifas. En caso de duda, puede beneficiarse de los sitios de comparaci\u00f3n como<a href=\"http:\/\/www.rentalcars.com\" target=\"_blank\" style=\"outline: none;\" rel=\"noopener nofollow\"> <strong>Rentalcars<\/strong><\/a><strong>&nbsp;<\/strong>para tomar una decisi\u00f3n entre varias empresas de alquiler de coches que se le presentar\u00e1n.<\/p>\n<p><strong>Sugerencia: <\/strong>Podr\u00eda ser prudente elegir un coche con GPS para facilitar la conducci\u00f3n en Par\u00eds, ya que las carreteras pueden ser muy complejas a veces.<\/p>\n<p><span><img decoding=\"async\" alt=\"rent a car in Paris in France\" data-id=\"8919\" width=\"736\" data-init-width=\"1000\" height=\"493\" data-init-height=\"670\" title=\"rent a car in Paris in France\" src=\"http:\/\/paristouristinformation.fr\/es\/wp-content\/uploads\/2021\/07\/rent-a-car-in-Paris-in-France.jpg\" data-width=\"736\" data-height=\"493\" style=\"\" loading=\"lazy\"><\/span><\/p>\n<ul>\n<li><a rel=\"noreferrer noopener nofollow\" href=\"https:\/\/pinterest.com\/pin\/create\/button\/?url=https:\/\/paristouristinformation.fr\/es\/plan\/alquiler-de-coches\/?tve=true&amp;tcbf=bebaa9b15f&amp;is_video=false&amp;media=http:\/\/paristouristinformation.fr\/es\/wp-content\/uploads\/2021\/07\/rent-a-car-in-Paris-in-France.jpg&amp;description=%C2%BFC%C3%B3mo%20alquilar%20un%20coche%20en%20Par%C3%ADs%3F%20%7C%20ParisTouristInformation.fr\" onclick=\"essb.window(&#039;https:\/\/pinterest.com\/pin\/create\/button\/?url=https:\/\/paristouristinformation.fr\/es\/plan\/alquiler-de-coches\/?tve=true&amp;tcbf=bebaa9b15f&amp;is_video=false&amp;media=http:\/\/paristouristinformation.fr\/es\/wp-content\/uploads\/2021\/07\/rent-a-car-in-Paris-in-France.jpg&amp;description=%C2%BFC%C3%B3mo%20alquilar%20un%20coche%20en%20Par%C3%ADs%3F%20%7C%20ParisTouristInformation.fr&#039;,&#039;pinpro&#039;,&#039;kyy9ifco&#039;); return false;\" target=\"_blank\"><span><\/span><span>Pin<\/span><\/a><\/li>\n<\/ul>\n<h2 id=\"t-1610539832050\">Preguntas frecuentes<\/h2>\n","protected":false},"excerpt":{"rendered":"<p>Hemos preparado esta gu\u00eda para informarle de los pros y los contras de alquilar un coche en Par\u00eds, as\u00ed como de los precios, las compa\u00f1\u00edas, la forma de reservar y otros consejos que podr\u00edan serle \u00fatiles. Pin Ventajas y desventajas de alquilar un coche en Par\u00eds Descubramos juntos si merece la pena alquilar un coche [&hellip;]<\/p>\n","protected":false},"author":10,"featured_media":8915,"parent":3544,"menu_order":0,"comment_status":"closed","ping_status":"closed","template":"","meta":{"footnotes":""},"tags":[],"class_list":["post-7850","page","type-page","status-publish","has-post-thumbnail","hentry","post-wrapper","thrv_wrapper"],"wp-worthy-pixel":{"ignored":false,"public":null,"server":null,"url":null},"wp-worthy-type":"normal","_links":{"self":[{"href":"https:\/\/www.paristouristinformation.fr\/es\/wp-json\/wp\/v2\/pages\/7850","targetHints":{"allow":["GET"]}}],"collection":[{"href":"https:\/\/www.paristouristinformation.fr\/es\/wp-json\/wp\/v2\/pages"}],"about":[{"href":"https:\/\/www.paristouristinformation.fr\/es\/wp-json\/wp\/v2\/types\/page"}],"author":[{"embeddable":true,"href":"https:\/\/www.paristouristinformation.fr\/es\/wp-json\/wp\/v2\/users\/10"}],"replies":[{"embeddable":true,"href":"https:\/\/www.paristouristinformation.fr\/es\/wp-json\/wp\/v2\/comments?post=7850"}],"version-history":[{"count":0,"href":"https:\/\/www.paristouristinformation.fr\/es\/wp-json\/wp\/v2\/pages\/7850\/revisions"}],"up":[{"embeddable":true,"href":"https:\/\/www.paristouristinformation.fr\/es\/wp-json\/wp\/v2\/pages\/3544"}],"wp:featuredmedia":[{"embeddable":true,"href":"https:\/\/www.paristouristinformation.fr\/es\/wp-json\/wp\/v2\/media\/8915"}],"wp:attachment":[{"href":"https:\/\/www.paristouristinformation.fr\/es\/wp-json\/wp\/v2\/media?parent=7850"}],"wp:term":[{"taxonomy":"post_tag","embeddable":true,"href":"https:\/\/www.paristouristinformation.fr\/es\/wp-json\/wp\/v2\/tags?post=7850"}],"curies":[{"name":"wp","href":"https:\/\/api.w.org\/{rel}","templated":true}]}}