{"id":8115,"date":"2021-03-24T12:22:27","date_gmt":"2021-03-24T12:22:27","guid":{"rendered":"http:\/\/paristouristinformation.fr\/es\/?page_id=8115"},"modified":"2023-05-12T09:13:25","modified_gmt":"2023-05-12T09:13:25","slug":"alquileres-airbnb-paris","status":"publish","type":"page","link":"https:\/\/www.paristouristinformation.fr\/es\/alquileres-airbnb-paris\/","title":{"rendered":"Gu\u00eda sencilla de alquileres Airbnb en Par\u00eds"},"content":{"rendered":"<p>Si buscas comodidad en tu hogar durante tus viajes, puedes elegir tu alojamiento entre las casas que aparecen en el sitio de <a href=\"https:\/\/www.airbnb.com.en\" target=\"_blank\" style=\"outline: none;\" rel=\"noopener nofollow\">Airbnb<\/a>. Por lo general, le da la ventaja de encontrar precios m\u00e1s asequibles en comparaci\u00f3n con los hoteles en la misma ubicaci\u00f3n y tama\u00f1o.<\/p>\n<p><span><img decoding=\"async\" alt=\"balconies in Paris in France\" data-id=\"9051\" width=\"736\" data-init-width=\"1000\" height=\"493\" data-init-height=\"670\" title=\"balconies in Paris in France\" src=\"http:\/\/paristouristinformation.fr\/es\/wp-content\/uploads\/2021\/07\/apartemnt-balcony-in-Paris-in-France.jpg\" data-width=\"736\" data-height=\"493\" style=\"\" loading=\"lazy\"><\/span><\/p>\n<ul>\n<li><a rel=\"noreferrer noopener nofollow\" href=\"https:\/\/pinterest.com\/pin\/create\/button\/?url=https:\/\/paristouristinformation.fr\/es\/alquileres-airbnb-paris\/?tve=true&amp;tcbf=bebaa9b15f&amp;is_video=false&amp;media=http:\/\/paristouristinformation.fr\/es\/wp-content\/uploads\/2021\/07\/apartemnt-balcony-in-Paris-in-France.jpg&amp;description=Gu%C3%ADa%20Leyes%20de%20Par%C3%ADs%20para%20los%20alquileres%20de%20Airbnb%20%7C%20ParisTouristInformation.fr\" onclick=\"essb.window(&#039;https:\/\/pinterest.com\/pin\/create\/button\/?url=https:\/\/paristouristinformation.fr\/es\/alquileres-airbnb-paris\/?tve=true&amp;tcbf=bebaa9b15f&amp;is_video=false&amp;media=http:\/\/paristouristinformation.fr\/es\/wp-content\/uploads\/2021\/07\/apartemnt-balcony-in-Paris-in-France.jpg&amp;description=Gu%C3%ADa%20Leyes%20de%20Par%C3%ADs%20para%20los%20alquileres%20de%20Airbnb%20%7C%20ParisTouristInformation.fr&#039;,&#039;pinpro&#039;,&#039;kyy9sh1x&#039;); return false;\" target=\"_blank\"><span><\/span><span>Pin<\/span><\/a><\/li>\n<\/ul>\n<h2>\u00bfD\u00f3nde alquilar un Airbnb en Par\u00eds?<\/h2>\n<p>Lo primero que debe hacer es crear su propio itinerario y luego decidir en qu\u00e9 lugar quiere alojarse. Si tiene previsto visitar los principales museos y lugares de inter\u00e9s tur\u00edstico, como el Museo del Louvre y la Catedral de Notre Dame, quiz\u00e1 prefiera alojarse en los distritos 1 o 2, en el coraz\u00f3n de Par\u00eds. Si se aloja en el centro, podr\u00e1 ver todo lo posible en poco tiempo. Desde aqu\u00ed, puede tomar el metro para llegar a la Torre Eiffel o al barrio de Montmartre.El transporte en Par\u00eds es bastante f\u00e1cil. Incluso si encuentra su lugar en torno a los distritos 8 y 9, no tarda m\u00e1s de media hora en llegar al centro de la ciudad utilizando el metro.<\/p>\n<p style=\"\"><strong>Leer m\u00e1s:&nbsp;<\/strong><a href=\"https:\/\/paristouristinformation.fr\/es\/plan\/donde-alojarse\/\" target=\"_blank\" rel=\"noopener\"><strong>Las mejores zonas para alojarse en Par\u00eds<\/strong><\/a><\/p>\n<p><strong>Leer m\u00e1s:<\/strong><a href=\"https:\/\/paristouristinformation.fr\/es\/plan\/3-dias\/\" target=\"_blank\" rel=\"noopener\"><strong>El mejor itinerario de 3 d\u00edas para principiantes en Par\u00eds<\/strong><\/a><\/p>\n<p><span><img decoding=\"async\" alt=\"paris apartments in Paris in France\" data-id=\"9049\" width=\"736\" data-init-width=\"1000\" height=\"493\" data-init-height=\"670\" title=\"paris apartments in Paris in France\" src=\"http:\/\/paristouristinformation.fr\/es\/wp-content\/uploads\/2021\/07\/paris-apartments-in-Paris-in-France.jpg\" data-width=\"736\" data-height=\"493\" style=\"\" loading=\"lazy\"><\/span><\/p>\n<ul>\n<li><a rel=\"noreferrer noopener nofollow\" href=\"https:\/\/pinterest.com\/pin\/create\/button\/?url=https:\/\/paristouristinformation.fr\/es\/alquileres-airbnb-paris\/?tve=true&amp;tcbf=bebaa9b15f&amp;is_video=false&amp;media=http:\/\/paristouristinformation.fr\/es\/wp-content\/uploads\/2021\/07\/paris-apartments-in-Paris-in-France.jpg&amp;description=Gu%C3%ADa%20Leyes%20de%20Par%C3%ADs%20para%20los%20alquileres%20de%20Airbnb%20%7C%20ParisTouristInformation.fr\" onclick=\"essb.window(&#039;https:\/\/pinterest.com\/pin\/create\/button\/?url=https:\/\/paristouristinformation.fr\/es\/alquileres-airbnb-paris\/?tve=true&amp;tcbf=bebaa9b15f&amp;is_video=false&amp;media=http:\/\/paristouristinformation.fr\/es\/wp-content\/uploads\/2021\/07\/paris-apartments-in-Paris-in-France.jpg&amp;description=Gu%C3%ADa%20Leyes%20de%20Par%C3%ADs%20para%20los%20alquileres%20de%20Airbnb%20%7C%20ParisTouristInformation.fr&#039;,&#039;pinpro&#039;,&#039;kyy9sh1z&#039;); return false;\" target=\"_blank\"><span><\/span><span>Pin<\/span><\/a><\/li>\n<\/ul>\n<h2>Buscar anuncios de corta duraci\u00f3n<\/h2>\n<p><span lang=\"en\"><span data-language-for-alternatives=\"en\" data-language-to-translate-into=\"tr\" data-phrase-index=\"0\">Introduzca las fechas de entrada y salida, el n\u00famero de personas que se alojar\u00e1n y vea las opciones que le convienen. Para una ciudad encantadora como Par\u00eds, prep\u00e1rese para encontrar muchas opciones. Haz una lista de favoritos y reduce la lista seg\u00fan tus prioridades.<\/span><\/span><\/p>\n<h2>Buscar listados de larga duraci\u00f3n<\/h2>\n<p>Despu\u00e9s de elegir la ciudad, puede buscar la categor\u00eda \u00abestancia mensual\u00bb en el sitio web de Airbnb y buscar los lugares disponibles para estancias m\u00e1s largas. Airbnb hab\u00eda lanzado su funcionalidad \u00abAlquileres mensuales m\u00e1s sencillos\u00bb, que permit\u00eda a los viajeros encontrar un lugar donde alojarse por un periodo de veintiocho d\u00edas a seis meses.Para estancias inferiores a 28 noches, los anfitriones pueden elegir qu\u00e9 opciones de cancelaci\u00f3n ofrecer a los hu\u00e9spedes. Para estancias de 28 noches o m\u00e1s, se aplica autom\u00e1ticamente la pol\u00edtica de cancelaci\u00f3n de larga duraci\u00f3n.<\/p>\n<h2>Medidas de seguridad en los alquileres de Airbnb en Par\u00eds<\/h2>\n<p style=\"\">Par\u00eds, con 60.000 alojamientos disponibles, tiene el mayor n\u00famero de listados en la lista de Airbnb, m\u00e1s que cualquier otra ciudad del mundo. El municipio permite a los propietarios alquilar sus apartamentos con contratos de corta duraci\u00f3n durante un m\u00e1ximo de 120 d\u00edas al a\u00f1o.<\/p>\n<p><a href=\"https:\/\/www.airbnb.co.uk\/help\/article\/1383\/responsible-hosting-in-france?_set_bev_on_new_domain=1625766456_MGI3MmFkN2U4NzIy\" target=\"_blank\" style=\"outline: none;\" rel=\"noopener nofollow\">Alojamiento responsable en Francia<\/a><\/p>\n<p><span><img decoding=\"async\" alt=\"paris view in Paris in France\" data-id=\"9050\" width=\"736\" data-init-width=\"1200\" height=\"386\" data-init-height=\"630\" title=\"paris view in Paris in France\" src=\"http:\/\/paristouristinformation.fr\/es\/wp-content\/uploads\/2021\/07\/paris-view-in-Paris-in-France.jpg\" data-width=\"736\" data-height=\"386\" style=\"\" loading=\"lazy\"><\/span><\/p>\n<ul>\n<li><a rel=\"noreferrer noopener nofollow\" href=\"https:\/\/pinterest.com\/pin\/create\/button\/?url=https:\/\/paristouristinformation.fr\/es\/alquileres-airbnb-paris\/?tve=true&amp;tcbf=bebaa9b15f&amp;is_video=false&amp;media=http:\/\/paristouristinformation.fr\/es\/wp-content\/uploads\/2021\/07\/paris-view-in-Paris-in-France.jpg&amp;description=Gu%C3%ADa%20Leyes%20de%20Par%C3%ADs%20para%20los%20alquileres%20de%20Airbnb%20%7C%20ParisTouristInformation.fr\" onclick=\"essb.window(&#039;https:\/\/pinterest.com\/pin\/create\/button\/?url=https:\/\/paristouristinformation.fr\/es\/alquileres-airbnb-paris\/?tve=true&amp;tcbf=bebaa9b15f&amp;is_video=false&amp;media=http:\/\/paristouristinformation.fr\/es\/wp-content\/uploads\/2021\/07\/paris-view-in-Paris-in-France.jpg&amp;description=Gu%C3%ADa%20Leyes%20de%20Par%C3%ADs%20para%20los%20alquileres%20de%20Airbnb%20%7C%20ParisTouristInformation.fr&#039;,&#039;pinpro&#039;,&#039;kyy9sh20&#039;); return false;\" target=\"_blank\"><span><\/span><span>Pin<\/span><\/a><\/li>\n<\/ul>\n<h2>Consejos para tener una buena estancia en un Airbnb parisino<\/h2>\n<p>Elegir anfitriones con muchas buenas cr\u00edticas en Airbnb y en la categor\u00eda \u00abSuperhost\u00bb reducir\u00e1 en gran medida el riesgo de experiencias negativas.Aseg\u00farese de que existe un c\u00f3digo de registro oficial de 13 d\u00edgitos que empieza por 75 para el apartamento que ha encontrado.Algunos anfitriones utilizan la definici\u00f3n de \u00abcerca del centro de la ciudad\u00bb para la ubicaci\u00f3n del alojamiento. Sin embargo, siempre es \u00fatil cuestionar la realidad de esto y hacer una buena investigaci\u00f3n al respecto. La supuesta ubicaci\u00f3n cercana a veces puede estar incluso a media hora de distancia.Ten en cuenta que el sistema de calificaci\u00f3n es mutuo. Esto significa que tu anfitri\u00f3n tambi\u00e9n te har\u00e1 una cr\u00edtica, al igual que t\u00fa puedes hacer un comentario sobre tu estancia. Es \u00fatil saber que no todos los servicios ofrecidos en los hoteles estar\u00e1n disponibles en Airbnb. Los hu\u00e9spedes deben ser lo m\u00e1s atentos posible al lugar.Haz lo posible por ser puntual para no hacer esperar a nadie innecesariamente. Si va a experimentar un retraso debido a una situaci\u00f3n inesperada, ser\u00eda m\u00e1s educado informar de la situaci\u00f3n.<\/p>\n<h2 style=\"\">Art\u00edculos relacionados:<\/h2>\n<div class=\"tcb-post-list tve-content-list thrv_wrapper\" data-type=\"grid\" data-pagination-type=\"none\" data-pages_near_current=\"2\" data-css=\"tve-u-17de73856e9\" data-total_post_count=\"2\" data-total_sticky_count=\"0\" data-no_posts_text=\"There are no posts to display.\"><article id=\"post-8889\" class=\"post-8889 page type-page status-publish has-post-thumbnail hentry post-wrapper thrv_wrapper thrive-animated-item  tve_evt_manager_listen tve_ea_thrive_animation tve_et_mouseover tve_anim_grow\" tcb_hover_state_parent=\"\" class=\"tve_evt_manager_listen tve_ea_thrive_animation tve_et_mouseover tve_anim_grow\" data-id=\"8889\" data-selector=\".post-wrapper\"><style class=\"tcb-post-list-dynamic-style\" type=\"text\/css\">@media (min-width: 300px){[].tcb-post-list #post-8889 []{background-image: url(\u00abhttps:\/\/www.paristouristinformation.fr\/es\/wp-content\/uploads\/2021\/07\/pickpockets-in-Paris-in-France-1024x538.jpg\u00ab) !important;}[].tcb-post-list #post-8889 []:hover []{background-image: url(\u00abhttps:\/\/www.paristouristinformation.fr\/es\/wp-content\/uploads\/2021\/07\/pickpockets-in-Paris-in-France-1024x538.jpg\u00ab) !important;}}<\/style><a href=\"https:\/\/www.paristouristinformation.fr\/es\/faq\/evitar-carteristas-paris\/\" dynamic-postlink=\"tcb_post_the_permalink\" data-shortcode-id=\"8889\"><\/a><\/p>\n<h3 style=\"text-align: center; padding-top: 0px !important; margin-top: 0px !important;\"><span data-attr-link=\"1\" data-attr-rel=\"0\" data-attr-target=\"0\" data-extra_key=\"\" data-option-inline=\"1\" data-shortcode=\"tcb_post_title\" data-shortcode-name=\"Post title\" data-attr-css=\"\" data-attr-static-link=\"{&quot;className&quot;:&quot;tve-froala fr-basic&quot;,&quot;href&quot;:&quot;https:\/\/paristouristinformation.fr\/es\/faq\/evitar-carteristas-paris\/&quot;,&quot;title&quot;:&quot;\u00bfC\u00f3mo evitar a los carteristas en Par\u00eds? Consejos sencillos pero \u00fatiles&quot;,&quot;class&quot;:&quot;tve-froala fr-basic&quot;}\" style=\"\"><a href=\"https:\/\/www.paristouristinformation.fr\/es\/faq\/evitar-carteristas-paris\/\" title=\"\u00bfC\u00f3mo evitar a los carteristas en Par\u00eds? Consejos sencillos pero \u00fatiles\" data-css=\"\" class=\"tve-froala fr-basic\">\u00bfC\u00f3mo evitar a los carteristas en Par\u00eds? Consejos sencillos pero \u00fatiles<\/a><\/span><\/h3>\n<p><\/article><article id=\"post-8399\" class=\"post-8399 page type-page status-publish has-post-thumbnail hentry post-wrapper thrv_wrapper thrive-animated-item  tve_evt_manager_listen tve_ea_thrive_animation tve_et_mouseover tve_anim_grow\" tcb_hover_state_parent=\"\" class=\"tve_evt_manager_listen tve_ea_thrive_animation tve_et_mouseover tve_anim_grow\" data-id=\"8399\" data-selector=\".post-wrapper\"><style class=\"tcb-post-list-dynamic-style\" type=\"text\/css\">@media (min-width: 300px){[].tcb-post-list #post-8399 []{background-image: url(\u00abhttps:\/\/www.paristouristinformation.fr\/es\/wp-content\/uploads\/2021\/03\/TOP-12-Best-Apps-to-Visit-Paris-Transport-Discovery-Tips-1024x538.jpg\u00ab) !important;}[].tcb-post-list #post-8399 []:hover []{background-image: url(\u00abhttps:\/\/www.paristouristinformation.fr\/es\/wp-content\/uploads\/2021\/03\/TOP-12-Best-Apps-to-Visit-Paris-Transport-Discovery-Tips-1024x538.jpg\u00ab) !important;}}<\/style><a href=\"https:\/\/www.paristouristinformation.fr\/es\/faq\/aplicaciones\/\" dynamic-postlink=\"tcb_post_the_permalink\" data-shortcode-id=\"8889\"><\/a><\/p>\n<h3 style=\"text-align: center; padding-top: 0px !important; margin-top: 0px !important;\"><span data-attr-link=\"1\" data-attr-rel=\"0\" data-attr-target=\"0\" data-extra_key=\"\" data-option-inline=\"1\" data-shortcode=\"tcb_post_title\" data-shortcode-name=\"Post title\" data-attr-css=\"\" data-attr-static-link=\"{&quot;className&quot;:&quot;tve-froala fr-basic&quot;,&quot;href&quot;:&quot;https:\/\/paristouristinformation.fr\/es\/faq\/evitar-carteristas-paris\/&quot;,&quot;title&quot;:&quot;\u00bfC\u00f3mo evitar a los carteristas en Par\u00eds? Consejos sencillos pero \u00fatiles&quot;,&quot;class&quot;:&quot;tve-froala fr-basic&quot;}\" style=\"\"><a href=\"https:\/\/www.paristouristinformation.fr\/es\/faq\/aplicaciones\/\" title=\"Las 12 mejores aplicaciones de viaje para visitar Par\u00eds: Transporte, descubrimiento, consejos\" data-css=\"\" class=\"tve-froala fr-basic\">Las 12 mejores aplicaciones de viaje para visitar Par\u00eds: Transporte, descubrimiento, consejos<\/a><\/span><\/h3>\n<p><\/article><\/div>\n","protected":false},"excerpt":{"rendered":"<p>Si buscas comodidad en tu hogar durante tus viajes, puedes elegir tu alojamiento entre las casas que aparecen en el sitio de Airbnb. Por lo general, le da la ventaja de encontrar precios m\u00e1s asequibles en comparaci\u00f3n con los hoteles en la misma ubicaci\u00f3n y tama\u00f1o. Pin \u00bfD\u00f3nde alquilar un Airbnb en Par\u00eds? Lo primero [&hellip;]<\/p>\n","protected":false},"author":10,"featured_media":9990,"parent":0,"menu_order":0,"comment_status":"closed","ping_status":"closed","template":"","meta":{"footnotes":""},"tags":[],"class_list":{"0":"post-8115","1":"page","2":"type-page","3":"status-publish","4":"has-post-thumbnail","5":"hentry","6":"post-wrapper","7":"thrv_wrapper","10":"thrive-animated-item"},"wp-worthy-pixel":{"ignored":false,"public":null,"server":null,"url":null},"wp-worthy-type":"normal","_links":{"self":[{"href":"https:\/\/www.paristouristinformation.fr\/es\/wp-json\/wp\/v2\/pages\/8115","targetHints":{"allow":["GET"]}}],"collection":[{"href":"https:\/\/www.paristouristinformation.fr\/es\/wp-json\/wp\/v2\/pages"}],"about":[{"href":"https:\/\/www.paristouristinformation.fr\/es\/wp-json\/wp\/v2\/types\/page"}],"author":[{"embeddable":true,"href":"https:\/\/www.paristouristinformation.fr\/es\/wp-json\/wp\/v2\/users\/10"}],"replies":[{"embeddable":true,"href":"https:\/\/www.paristouristinformation.fr\/es\/wp-json\/wp\/v2\/comments?post=8115"}],"version-history":[{"count":0,"href":"https:\/\/www.paristouristinformation.fr\/es\/wp-json\/wp\/v2\/pages\/8115\/revisions"}],"wp:featuredmedia":[{"embeddable":true,"href":"https:\/\/www.paristouristinformation.fr\/es\/wp-json\/wp\/v2\/media\/9990"}],"wp:attachment":[{"href":"https:\/\/www.paristouristinformation.fr\/es\/wp-json\/wp\/v2\/media?parent=8115"}],"wp:term":[{"taxonomy":"post_tag","embeddable":true,"href":"https:\/\/www.paristouristinformation.fr\/es\/wp-json\/wp\/v2\/tags?post=8115"}],"curies":[{"name":"wp","href":"https:\/\/api.w.org\/{rel}","templated":true}]}}