{"id":8121,"date":"2021-07-06T14:09:26","date_gmt":"2021-07-06T14:09:26","guid":{"rendered":"http:\/\/paristouristinformation.fr\/es\/?page_id=8121"},"modified":"2023-07-27T11:34:12","modified_gmt":"2023-07-27T11:34:12","slug":"alquiler-de-bicicletas-en-paris","status":"publish","type":"page","link":"https:\/\/www.paristouristinformation.fr\/es\/alquiler-de-bicicletas-en-paris\/","title":{"rendered":"Alquilar una bicicleta en Par\u00eds: \u00bfC\u00f3mo funciona?"},"content":{"rendered":"<p>El Ayuntamiento de Par\u00eds ha creado un sistema genial para compartir bicicletas (el V\u00e9lib). El uso de la bicicleta es una de las formas m\u00e1s divertidas y ecol\u00f3gicas de descubrir Par\u00eds. Conocer\u00e1 c\u00f3mo funciona este sistema, qu\u00e9 tipo de bicicletas puede encontrar y muchas otras informaciones \u00fatiles sobre el V\u00e9lib.<\/p>\n<p><span><img decoding=\"async\" alt=\"Velib 1 in Paris in France\" data-id=\"8866\" width=\"736\" data-init-width=\"1000\" height=\"493\" data-init-height=\"670\" title=\"Velib 1 in Paris in France\" src=\"http:\/\/paristouristinformation.fr\/es\/wp-content\/uploads\/2021\/07\/Velib-1-in-Paris-in-France.jpg\" data-width=\"736\" data-height=\"493\" style=\"aspect-ratio: auto 1000 \/ 670;\" loading=\"lazy\"><\/span><\/p>\n<h2 id=\"t-1610539832044\">\u00bfQu\u00e9 es V\u00e9lib?<\/h2>\n<p>V\u00e9lib deriva de dos palabras como V\u00e9lo (bicicleta) y Lib\u00e9rt\u00e9 (libertad). V\u00e9libs son las bicicletas que cualquiera puede alquilar por una hora o un d\u00eda. Hay m\u00e1s de 18.000 bicicletas y unas 1.200 estaciones registradas en el sistema.La duraci\u00f3n del alquiler de la bicicleta depende de usted. Hay unas 1000 estaciones \u00abv\u00e9lib'\u00bb en Par\u00eds. El sistema es extremadamente sencillo, ya que ni siquiera tienes que dejar la bicicleta en la estaci\u00f3n en la que la has alquilado. S\u00f3lo tiene que ir y dejarla en la estaci\u00f3n que desee. Hay un punto de atraque cada 300 metros en Par\u00eds.Es uno de los medios de transporte m\u00e1s id\u00f3neos para una ciudad con una planificaci\u00f3n medioambiental como Par\u00eds. Casi todas las carreteras de Par\u00eds tienen un carril bici independiente. Suele ser un medio m\u00e1s econ\u00f3mico y que ahorra tiempo para llegar a alg\u00fan sitio en comparaci\u00f3n con el metro o los autobuses en una ciudad como Par\u00eds. Por supuesto, esto es v\u00e1lido suponiendo que no te dirijas a colinas dif\u00edciles como la del Sacr\u00e9 Co\u00e9ur&#8230; M\u00e1s que tomar V\u00e9lib como un servicio diario de alquiler de bicicletas, es mejor considerarlo como un medio de transporte alternativo al metro, el RER, el autob\u00fas y el tranv\u00eda. Si quiere recorrer la ciudad en bicicleta todo el d\u00eda, puede que V\u00e9lib no sea exactamente lo que busca.Con un abono, el alquiler de bicicletas es gratuito durante la primera media hora de cada viaje individual; se puede hacer un n\u00famero ilimitado de estos viajes gratuitos al d\u00eda. Si utiliza las bicicletas durante menos de 30 minutos, no se le cobrar\u00e1 por encima de la tarifa plana, pero si realiza trayectos m\u00e1s largos, se le cobrar\u00e1 una tarifa adicional. El pago se abonar\u00e1 autom\u00e1ticamente en su cuenta.Puede encontrar las tarifas actuales en la&nbsp;<a href=\"http:\/\/ https:\/\/www.velib-metropole.fr\/en\/offers\" target=\"_blank\" style=\"outline: none;\" rel=\"noopener nofollow\">p\u00e1gina web oficial de V\u00e9lib.<\/a>.<\/p>\n<h3>Bicicletas el\u00e9ctricas V\u00e9lib<\/h3>\n<p>Las bicicletas el\u00e9ctricas de color azul constituyen el 35% del V\u00e9lib. El nivel m\u00e1s lento es el 1 cuando se pone en marcha por primera vez. Luego se puede aumentar la velocidad con 2 y 3 en el teclado.<\/p>\n<p><span><img decoding=\"async\" alt=\"velib bike in Paris in France\" data-id=\"8864\" width=\"736\" data-init-width=\"1200\" height=\"386\" data-init-height=\"630\" title=\"velib bike in Paris in France\" src=\"http:\/\/paristouristinformation.fr\/es\/wp-content\/uploads\/2021\/07\/velib-bike-in-Paris-in-France.jpg\" data-width=\"736\" data-height=\"386\" style=\"aspect-ratio: auto 1200 \/ 630;\" loading=\"lazy\"><\/span><\/p>\n<h2 id=\"t-1610539832045\">\u00bfQu\u00e9 debo saber sobre V\u00e9lib?<\/h2>\n<ul>\n<li><span style=\"\"><strong>En la carretera: <\/strong>Utiliza siempre las bicicletas en las carreteras designadas. Est\u00e1 prohibido circular por la acera. S\u00f3lo se puede utilizar la ruta del autob\u00fas cuando no hay carril bici.<\/span><\/li>\n<li style=\"\"><span style=\"\"><strong>Aparcamiento: <\/strong>Cuando se sienta la moto correctamente, la luz verde debe encenderse. Esto significa que ha aparcado correctamente. Despu\u00e9s de dejar la moto, se recomienda introducir el c\u00f3digo de la tarjeta en el quiosco y ver el texto \u00abla moto se ha dejado en su sitio\u00bb para asegurarse.<\/span><\/li>\n<li><span style=\"\"><strong>Puntos de atraque:<a href=\"https:\/\/www.velib-metropole.fr\/en\/map#\/\" style=\"outline: none;\" rel=\"nofollow noopener\" target=\"_blank\"><strong>&nbsp;<\/strong><\/a><\/strong><a href=\"https:\/\/www.velib-metropole.fr\/en\/map#\/\" target=\"_blank\" style=\"outline: none;\" rel=\"noopener nofollow\">Haga clic aqu\u00ed para encontrar el punto de atraque m\u00e1s cercano.<\/a><\/span><\/li>\n<\/ul>\n<p><span><img decoding=\"async\" alt=\"V\u00e9lib in Paris in France\" data-id=\"8863\" width=\"736\" data-init-width=\"1000\" height=\"493\" data-init-height=\"670\" title=\"V\u00e9lib in Paris in France\" src=\"http:\/\/paristouristinformation.fr\/es\/wp-content\/uploads\/2021\/07\/Velib-in-Paris-in-France-1.jpg\" data-width=\"736\" data-height=\"493\" style=\"aspect-ratio: auto 1000 \/ 670;\" loading=\"lazy\"><\/span><\/p>\n<h2 id=\"t-1610539832046\">C\u00f3mo alquilar V\u00e9lib<\/h2>\n<p>Debe utilizar una tarjeta de cr\u00e9dito de cualquier estaci\u00f3n de velib. Se toma una provisi\u00f3n de su tarjeta como dep\u00f3sito. Sin embargo, esto no es la tarifa. El dep\u00f3sito asegura la garant\u00eda si alguien no devuelve la bicicleta, o si hay un da\u00f1o, etc. A continuaci\u00f3n, establecer\u00e1 una contrase\u00f1a para el sistema. Tenga en cuenta la contrase\u00f1a. Puedes codificar el n\u00famero de este enchufe en cualquier estaci\u00f3n y obtener una de las bicicletas disponibles con tu contrase\u00f1a. Para obtener la bicicleta, primero se pulsa el bot\u00f3n donde est\u00e1 bloqueada, y luego se tira de ella hacia atr\u00e1s.<\/p>\n<h2>Otras empresas de alquiler de bicicletas en Par\u00eds<\/h2>\n<p>A continuaci\u00f3n encontrar\u00e1 un resumen de otras empresas de Par\u00eds donde podr\u00e1 alquilar una bicicleta y disfrutar de diversas actividades, incluidas excursiones en bicicleta:<\/p>\n<ul>\n<li><a data-lt-tmp-id=\"lt-119733\" href=\"https:\/\/parisavelo.fr\/\" rel=\"noopener nofollow\" spellcheck=\"false\" target=\"_blank\" style=\"outline: none;\">Paris a Velo<\/a>: Ofrece visitas guiadas de Par\u00eds en bicicleta y proporciona bicicletas de alquiler.<\/li>\n<li><a data-lt-tmp-id=\"lt-450761\" href=\"https:\/\/parisbiketour.net\/\" rel=\"noopener nofollow\" spellcheck=\"false\" target=\"_blank\">Paris Bike Tour<\/a>: Ofrece visitas guiadas en bicicleta, visitas privadas, viajes en bicicleta, alquiler de bicicletas, team buildings y excursiones a pie.<\/li>\n<li><a data-lt-tmp-id=\"lt-946357\" href=\"http:\/\/www.veloparis.com\/\" rel=\"noopener nofollow\" spellcheck=\"false\" target=\"_blank\">Velo Paris<\/a>: Ofrece visitas guiadas en bicicleta, bicicletas de alquiler, reparaci\u00f3n de bicicletas y bicicletas a la venta.<\/li>\n<li><a data-lt-tmp-id=\"lt-314817\" href=\"https:\/\/www.allovelo.paris\/\" rel=\"noopener nofollow\" spellcheck=\"false\" target=\"_blank\" style=\"outline: none;\">Allo Velo Paris<\/a>: Ofrece bicicletas de alquiler y en venta.<\/li>\n<li><a data-lt-tmp-id=\"lt-508637\" href=\"https:\/\/www.ecox.fr\/location\" rel=\"noopener nofollow\" spellcheck=\"false\" target=\"_blank\" style=\"outline: none;\">Ecox<\/a>: Ofrece bicicletas de alquiler y diversas actividades.<\/li>\n<\/ul>\n<h2 id=\"t-1610539832050\">Preguntas frecuentes<\/h2>\n<h2 style=\"\">Art\u00edculos relacionados:<\/h2>\n<p><a href=\"https:\/\/www.paristouristinformation.fr\/es\/plan\/transporte-publico\/\" dynamic-postlink=\"tcb_post_the_permalink\" data-shortcode-id=\"3806\"><\/a><\/p>\n<h3 style=\"text-align: center; padding-top: 0px !important; margin-top: 0px !important;\"><span data-attr-link=\"1\" data-attr-rel=\"0\" data-attr-target=\"0\" data-extra_key=\"\" data-option-inline=\"1\" data-shortcode=\"tcb_post_title\" data-shortcode-name=\"Post title\" data-attr-css=\"\" data-attr-static-link=\"{&quot;className&quot;:&quot;&quot;,&quot;href&quot;:&quot;https:\/\/www.paristouristinformation.fr\/es\/plan\/transporte-publico\/&quot;,&quot;title&quot;:&quot;C\u00f3mo utilizar el transporte p\u00fablico en Par\u00eds: La gu\u00eda completa&quot;,&quot;class&quot;:&quot;&quot;}\" style=\"\"><a href=\"https:\/\/www.paristouristinformation.fr\/es\/plan\/transporte-publico\/\" title=\"C\u00f3mo utilizar el transporte p\u00fablico en Par\u00eds: La gu\u00eda completa\" data-css=\"\">C\u00f3mo utilizar el transporte p\u00fablico en Par\u00eds: La gu\u00eda completa<\/a><\/span><\/h3>\n<p><a href=\"https:\/\/www.paristouristinformation.fr\/es\/plan\/transporte-publico\/metro\/\" dynamic-postlink=\"tcb_post_the_permalink\" data-shortcode-id=\"3806\"><\/a><\/p>\n<h3 style=\"text-align: center; padding-top: 0px !important; margin-top: 0px !important;\"><span data-attr-link=\"1\" data-attr-rel=\"0\" data-attr-target=\"0\" data-extra_key=\"\" data-option-inline=\"1\" data-shortcode=\"tcb_post_title\" data-shortcode-name=\"Post title\" data-attr-css=\"\" data-attr-static-link=\"{&quot;className&quot;:&quot;&quot;,&quot;href&quot;:&quot;https:\/\/www.paristouristinformation.fr\/es\/plan\/transporte-publico\/&quot;,&quot;title&quot;:&quot;C\u00f3mo utilizar el transporte p\u00fablico en Par\u00eds: La gu\u00eda completa&quot;,&quot;class&quot;:&quot;&quot;}\" style=\"\"><a href=\"https:\/\/www.paristouristinformation.fr\/es\/plan\/transporte-publico\/metro\/\" title=\"C\u00f3mo utilizar el metro en Par\u00eds: Una gu\u00eda completa\" data-css=\"\">C\u00f3mo utilizar el metro en Par\u00eds: Una gu\u00eda completa<\/a><\/span><\/h3>\n<p><a href=\"https:\/\/www.paristouristinformation.fr\/es\/plan\/aeropuertos\/\" dynamic-postlink=\"tcb_post_the_permalink\" data-shortcode-id=\"3806\"><\/a><\/p>\n<h3 style=\"text-align: center; padding-top: 0px !important; margin-top: 0px !important;\"><span data-attr-link=\"1\" data-attr-rel=\"0\" data-attr-target=\"0\" data-extra_key=\"\" data-option-inline=\"1\" data-shortcode=\"tcb_post_title\" data-shortcode-name=\"Post title\" data-attr-css=\"\" data-attr-static-link=\"{&quot;className&quot;:&quot;&quot;,&quot;href&quot;:&quot;https:\/\/www.paristouristinformation.fr\/es\/plan\/transporte-publico\/&quot;,&quot;title&quot;:&quot;C\u00f3mo utilizar el transporte p\u00fablico en Par\u00eds: La gu\u00eda completa&quot;,&quot;class&quot;:&quot;&quot;}\" style=\"\"><a href=\"https:\/\/www.paristouristinformation.fr\/es\/plan\/aeropuertos\/\" title=\"Informaci\u00f3n sobre los aeropuertos de Par\u00eds: Traslados, vuelos, terminales\" data-css=\"\">Informaci\u00f3n sobre los aeropuertos de Par\u00eds: Traslados, vuelos, terminales<\/a><\/span><\/h3>\n<p><a href=\"https:\/\/www.paristouristinformation.fr\/es\/plan\/alquiler-de-coches\/\" dynamic-postlink=\"tcb_post_the_permalink\" data-shortcode-id=\"3806\"><\/a><\/p>\n<h3 style=\"text-align: center; padding-top: 0px !important; margin-top: 0px !important;\"><span data-attr-link=\"1\" data-attr-rel=\"0\" data-attr-target=\"0\" data-extra_key=\"\" data-option-inline=\"1\" data-shortcode=\"tcb_post_title\" data-shortcode-name=\"Post title\" data-attr-css=\"\" data-attr-static-link=\"{&quot;className&quot;:&quot;&quot;,&quot;href&quot;:&quot;https:\/\/www.paristouristinformation.fr\/es\/plan\/transporte-publico\/&quot;,&quot;title&quot;:&quot;C\u00f3mo utilizar el transporte p\u00fablico en Par\u00eds: La gu\u00eda completa&quot;,&quot;class&quot;:&quot;&quot;}\" style=\"\"><a href=\"https:\/\/www.paristouristinformation.fr\/es\/plan\/alquiler-de-coches\/\" title=\"\u00bfC\u00f3mo alquilar un coche en Par\u00eds? [Precios &amp; Condiciones]\" data-css=\"\">\u00bfC\u00f3mo alquilar un coche en Par\u00eds? [Precios &amp; Condiciones]<\/a><\/span><\/h3>\n","protected":false},"excerpt":{"rendered":"<p>El Ayuntamiento de Par\u00eds ha creado un sistema genial para compartir bicicletas (el V\u00e9lib). El uso de la bicicleta es una de las formas m\u00e1s divertidas y ecol\u00f3gicas de descubrir Par\u00eds. Conocer\u00e1 c\u00f3mo funciona este sistema, qu\u00e9 tipo de bicicletas puede encontrar y muchas otras informaciones \u00fatiles sobre el V\u00e9lib. \u00bfQu\u00e9 es V\u00e9lib? V\u00e9lib deriva [&hellip;]<\/p>\n","protected":false},"author":10,"featured_media":8864,"parent":0,"menu_order":0,"comment_status":"closed","ping_status":"closed","template":"","meta":{"footnotes":""},"tags":[],"class_list":["post-8121","page","type-page","status-publish","has-post-thumbnail","hentry","post-wrapper","thrv_wrapper"],"wp-worthy-pixel":{"ignored":false,"public":null,"server":null,"url":null},"wp-worthy-type":"normal","_links":{"self":[{"href":"https:\/\/www.paristouristinformation.fr\/es\/wp-json\/wp\/v2\/pages\/8121","targetHints":{"allow":["GET"]}}],"collection":[{"href":"https:\/\/www.paristouristinformation.fr\/es\/wp-json\/wp\/v2\/pages"}],"about":[{"href":"https:\/\/www.paristouristinformation.fr\/es\/wp-json\/wp\/v2\/types\/page"}],"author":[{"embeddable":true,"href":"https:\/\/www.paristouristinformation.fr\/es\/wp-json\/wp\/v2\/users\/10"}],"replies":[{"embeddable":true,"href":"https:\/\/www.paristouristinformation.fr\/es\/wp-json\/wp\/v2\/comments?post=8121"}],"version-history":[{"count":0,"href":"https:\/\/www.paristouristinformation.fr\/es\/wp-json\/wp\/v2\/pages\/8121\/revisions"}],"wp:featuredmedia":[{"embeddable":true,"href":"https:\/\/www.paristouristinformation.fr\/es\/wp-json\/wp\/v2\/media\/8864"}],"wp:attachment":[{"href":"https:\/\/www.paristouristinformation.fr\/es\/wp-json\/wp\/v2\/media?parent=8121"}],"wp:term":[{"taxonomy":"post_tag","embeddable":true,"href":"https:\/\/www.paristouristinformation.fr\/es\/wp-json\/wp\/v2\/tags?post=8121"}],"curies":[{"name":"wp","href":"https:\/\/api.w.org\/{rel}","templated":true}]}}