{"id":8125,"date":"2021-03-03T21:06:29","date_gmt":"2021-03-03T21:06:29","guid":{"rendered":"http:\/\/paristouristinformation.fr\/es\/?page_id=8125"},"modified":"2023-08-18T07:01:55","modified_gmt":"2023-08-18T07:01:55","slug":"hop-on-hop-off","status":"publish","type":"page","link":"https:\/\/www.paristouristinformation.fr\/es\/cosas-que-hacer\/hop-on-hop-off\/","title":{"rendered":"Hop on Hop off Tours Barco y Bus en Par\u00eds"},"content":{"rendered":"<p>\u00bfLe gusta viajar en un autob\u00fas de dos pisos o navegar por el r\u00edo Sena? \u00bfLe gustar\u00eda tener la flexibilidad de planificar su d\u00eda y desplazarse f\u00e1cilmente mientras descubre Par\u00eds? Si se pregunta cu\u00e1les son las ventajas de los circuitos hop-on\/hop-off, est\u00e1 en el lugar adecuado. \u00a1Descubr\u00e1moslo juntos!<\/p>\n<p><span><img decoding=\"async\" alt=\"tour bus in Paris in France\" data-id=\"9068\" width=\"736\" data-init-width=\"1000\" height=\"493\" data-init-height=\"670\" title=\"tour bus in Paris in France\" src=\"http:\/\/paristouristinformation.fr\/es\/wp-content\/uploads\/2021\/07\/tour-bus-in-Paris-in-France.jpg\" data-width=\"736\" data-height=\"493\" style=\"\" loading=\"lazy\"><\/span><\/p>\n<ul>\n<li><a rel=\"noreferrer noopener nofollow\" href=\"https:\/\/pinterest.com\/pin\/create\/button\/?url=https:\/\/paristouristinformation.fr\/es\/cosas-que-hacer\/hop-on-hop-off\/?tve=true&amp;tcbf=8f771e2e0b&amp;is_video=false&amp;media=http:\/\/paristouristinformation.fr\/es\/wp-content\/uploads\/2021\/07\/tour-bus-in-Paris-in-France.jpg&amp;description=Hop%20on%20Hop%20off%20Tours%20Barco%20y%20Bus%20en%20Par%C3%ADs%20%7C%20ParisTouristInformation.fr\" onclick=\"essb.window('https:\/\/pinterest.com\/pin\/create\/button\/?url=https:\/\/paristouristinformation.fr\/es\/cosas-que-hacer\/hop-on-hop-off\/?tve=true&amp;tcbf=8f771e2e0b&amp;is_video=false&amp;media=http:\/\/paristouristinformation.fr\/es\/wp-content\/uploads\/2021\/07\/tour-bus-in-Paris-in-France.jpg&amp;description=Hop%20on%20Hop%20off%20Tours%20Barco%20y%20Bus%20en%20Par%C3%ADs%20%7C%20ParisTouristInformation.fr','pinpro','kye8xqbl'); return false;\" target=\"_blank\"><span><\/span><span>Pin<\/span><\/a><\/li>\n<\/ul>\n<h2 id=\"t-1610539832044\" style=\"\">Big Bus Par\u00eds<\/h2>\n<p>*Este es uno de los pocos recorridos en autob\u00fas que ofrece m\u00faltiples mejoras, incluyendo un crucero y la entrada al Arco del Triunfo. Consulte las ofertas para saber qu\u00e9 paquete le conviene.El Big Bus le da la oportunidad de subir y bajar en cualquier parada que desee y ver los edificios m\u00e1s emblem\u00e1ticos desde el autob\u00fas de dos pisos. La audiogu\u00eda est\u00e1 disponible en 11 idiomas diferentes. Es posible mejorar su pase con una experiencia imprescindible, un crucero por el r\u00edo Sena. Hay Wi-Fi gratuito a bordo.El tour ofrece 2 rutas para explorar:<\/p>\n<p>*<a href=\"https:\/\/www.bigbustours.com\/en\/paris\/paris-routes-and-tour-maps\" target=\"_blank\" style=\"outline: none;\" rel=\"noopener nofollow\">Ruta Cl\u00e1sica (Ruta Roja):&nbsp;<\/a>Vea los lugares emblem\u00e1ticos en el coraz\u00f3n de la ciudad, incluyendo el Arco del Triunfo, Trocadero y la Catedral de Notre Dame.<strong>Paradas de la ruta roja de Big Bus Par\u00eds:1:<\/strong> Tour Eiffel &#8211; Quai Branly, Entree 2 Tour Eiffel2: Champ de Mars &#8211; Avenue Joseph Bouvard3: Opera Garnier &#8211; Frente a 15 Rue Scribe (junto a la parada del autob\u00fas de enlace con el aeropuerto RoissyBus)4: Louvre &#8211; Pyramide \/ Centro de informaci\u00f3n de Big Bus &#8211; 11 Avenue de l&#8217;Opera (junto al centro de informaci\u00f3n de Big Bus)5: Louvre &#8211; Pont des Arts &#8211; Quai Francois Mitterrand (cerca de Pont des Arts)6: Notre Dame &#8211; 3 Rue Lagrange (fuera de la tienda de souvenirs, frente a Square Rene Viviani)7: Museo de Orsay &#8211; 58 Place Henry de Montherlant (frente al museo por el Quai Anatole France)8: Campos El\u00edseos &#8211; 156 Avenue des Champs-Elysees (frente al Arco del Triunfo por la Rue de Tilsitt)9: Grand Palais &#8211; Avenue Winston Churchill (frente al Grand Palais y al Petit Palais)10: Trocadero &#8211; Avenue Paul Doumer (junto al Palais de Chaillot cerca de la estatua de Benjamin Franklin)<strong>* Ruta Azul:<\/strong> Vea la parte bohemia de la ciudad, el Montmartre, el barrio de los artistas y el Moulin Rouge.<strong>Paradas de Big Bus Paris Montmartre Blue Route:4:<\/strong> Louvre-Pyramide \/ Centro de informaci\u00f3n de Big Bus &#8211; 11 Avenue de l&#8217;Opera (junto al centro de informaci\u00f3n de Big Bus)11: Gare du Nord &#8211; 35 Rue de Saint-Quentin (frente a la entrada principal de la Gare du Nord, justo al lado de la Rue de Dunkerque)51: Pigalle (HOP OFF ONLY) &#8211; Place Pigalle &#8211; NOTA: Esta es una parada s\u00f3lo hop-off, por lo que no puede volver a subir a bordo aqu\u00ed.52 Sacre-Coeur (HOP OFF ONLY) &#8211; frente al 21 de Boulevard de Rochechouart, luego camine hasta el Funicular) &#8211; NOTA: Esta es una parada s\u00f3lo hop-off, por lo que no puede volver a subir a bordo aqu\u00ed.53: Musee Grevin (HOP OFF ONLY) &#8211; 10 Boulevard Montmartre &#8211; NOTA: Esta es una parada s\u00f3lo hop-off, por lo que no puede volver a subir a bordo aqu\u00ed.<\/p>\n<p><strong>Consejo:<\/strong> No olvide descargar la aplicaci\u00f3n <a href=\"https:\/\/play.google.com\/store\/apps\/details?id=com.bigbustours.bbt&amp;hl=tr&amp;gl=US\" target=\"_blank\" style=\"outline: none;\" rel=\"noopener nofollow\"><strong>m\u00f3vil gratuita de Big Bus Tours<\/strong><\/a> en<a href=\"https:\/\/apps.apple.com\/us\/app\/big-bus-tours\/id590746945\" target=\"_blank\" style=\"outline: none;\" rel=\"noopener nofollow\">Apple Store<\/a> y&nbsp;<a href=\"https:\/\/play.google.com\/store\/apps\/details?id=com.bigbustours.bbt&amp;hl=tr&amp;gl=US\" target=\"_blank\" style=\"outline: none;\" rel=\"noopener nofollow\">Google Play Store<\/a> para ver los mapas detallados de la ciudad y los horarios de llegada de los autobuses en directo.<\/p>\n<p><span><img decoding=\"async\" alt=\"hop-on hop-off bus in Paris in France\" data-id=\"9069\" width=\"736\" data-init-width=\"1000\" height=\"493\" data-init-height=\"670\" title=\"hop-on hop-off bus in Paris in France\" src=\"http:\/\/paristouristinformation.fr\/es\/wp-content\/uploads\/2021\/07\/hop-on-hop-off-bus-in-Paris-in-France-1.jpg\" data-width=\"736\" data-height=\"493\" style=\"\" loading=\"lazy\"><\/span><\/p>\n<ul>\n<li><a rel=\"noreferrer noopener nofollow\" href=\"https:\/\/pinterest.com\/pin\/create\/button\/?url=https:\/\/paristouristinformation.fr\/es\/cosas-que-hacer\/hop-on-hop-off\/?tve=true&amp;tcbf=8f771e2e0b&amp;is_video=false&amp;media=http:\/\/paristouristinformation.fr\/es\/wp-content\/uploads\/2021\/07\/hop-on-hop-off-bus-in-Paris-in-France-1.jpg&amp;description=Hop%20on%20Hop%20off%20Tours%20Barco%20y%20Bus%20en%20Par%C3%ADs%20%7C%20ParisTouristInformation.fr\" onclick=\"essb.window(&#039;https:\/\/pinterest.com\/pin\/create\/button\/?url=https:\/\/paristouristinformation.fr\/es\/cosas-que-hacer\/hop-on-hop-off\/?tve=true&amp;tcbf=8f771e2e0b&amp;is_video=false&amp;media=http:\/\/paristouristinformation.fr\/es\/wp-content\/uploads\/2021\/07\/hop-on-hop-off-bus-in-Paris-in-France-1.jpg&amp;description=Hop%20on%20Hop%20off%20Tours%20Barco%20y%20Bus%20en%20Par%C3%ADs%20%7C%20ParisTouristInformation.fr&#039;,&#039;pinpro&#039;,&#039;kye8xqbm&#039;); return false;\" target=\"_blank\"><span><\/span><span>Pin<\/span><\/a><\/li>\n<\/ul>\n<h2 id=\"t-1610539832045\">Tootbus Par\u00eds<\/h2>\n<p>Consulte las ofertas de 1 d\u00eda y 2 d\u00edas de Paris Hop-on Hop-Off de Tootbus. Comience su aventura en cualquier parada de la lista y desembarque en la estaci\u00f3n que desee.<\/p>\n<p><a href=\"https:\/\/www.tootbus.com\/en\/paris\/product\/b620c3f7-0375-4233-be01-4abde8424b58?optionId=e397aa9c-2e1c-4142-ba36-22c26e51f377\" target=\"_blank\" style=\"outline: none;\" rel=\"noopener nofollow\"><strong>Paris Descubrimiento de Par\u00eds:<\/strong><\/a><strong>&nbsp;<\/strong> Paris Discovery le llevar\u00e1 por la \u00d3pera, el Museo del Louvre, la Catedral de Notre-Dame, la Sainte-Chapelle, el Museo de Orsay, la Concorde, los Campos El\u00edseos, el Arco del Triunfo, la Torre Eiffel, los Inv\u00e1lidos, el Grand Palais y muchos m\u00e1s. Audiogu\u00eda disponible en ingl\u00e9s y franc\u00e9s en los dispositivos del autob\u00fas y en la aplicaci\u00f3n Tootbus de&nbsp;<a href=\"https:\/\/play.google.com\/store\/apps\/details?id=com.ratpdev.esight\" target=\"_blank\" style=\"outline: none;\" rel=\"noopener nofollow\">Google Play Store <\/a>y&nbsp;<a href=\"https:\/\/apps.apple.com\/us\/app\/tootbus-city-guide\/id1539663642\" target=\"_blank\" style=\"outline: none;\" rel=\"noopener nofollow\">Apple Store<\/a>.<\/p>\n<p><span><img decoding=\"async\" alt=\"boat tour on Seine in Paris in France\" data-id=\"9071\" width=\"736\" data-init-width=\"1000\" height=\"493\" data-init-height=\"670\" title=\"boat tour on Seine in Paris in France\" src=\"http:\/\/paristouristinformation.fr\/es\/wp-content\/uploads\/2021\/07\/boat-tour-on-Seine-in-Paris-in-France.jpg\" data-width=\"736\" data-height=\"493\" style=\"\" loading=\"lazy\"><\/span><\/p>\n<ul>\n<li><a rel=\"noreferrer noopener nofollow\" href=\"https:\/\/pinterest.com\/pin\/create\/button\/?url=https:\/\/paristouristinformation.fr\/es\/cosas-que-hacer\/hop-on-hop-off\/?tve=true&amp;tcbf=8f771e2e0b&amp;is_video=false&amp;media=http:\/\/paristouristinformation.fr\/es\/wp-content\/uploads\/2021\/07\/boat-tour-on-Seine-in-Paris-in-France.jpg&amp;description=Hop%20on%20Hop%20off%20Tours%20Barco%20y%20Bus%20en%20Par%C3%ADs%20%7C%20ParisTouristInformation.fr\" onclick=\"essb.window(&#039;https:\/\/pinterest.com\/pin\/create\/button\/?url=https:\/\/paristouristinformation.fr\/es\/cosas-que-hacer\/hop-on-hop-off\/?tve=true&amp;tcbf=8f771e2e0b&amp;is_video=false&amp;media=http:\/\/paristouristinformation.fr\/es\/wp-content\/uploads\/2021\/07\/boat-tour-on-Seine-in-Paris-in-France.jpg&amp;description=Hop%20on%20Hop%20off%20Tours%20Barco%20y%20Bus%20en%20Par%C3%ADs%20%7C%20ParisTouristInformation.fr&#039;,&#039;pinpro&#039;,&#039;kye8xqbn&#039;); return false;\" target=\"_blank\"><span><\/span><span>Pin<\/span><\/a><\/li>\n<\/ul>\n<p><a href=\"https:\/\/www.viator.com\/tours\/Paris\/Tootbus-Must-See-Paris-Hop-on-Hop-off-Bus-Tour-and-1-Hour-River-Cruise\/d479-43811P21\" style=\"outline: none;\" target=\"_blank\" rel=\"noopener nofollow\"><strong>Visita obligada a Par\u00eds<\/strong><\/a>: Recorrido en autob\u00fas por Par\u00eds y crucero por el Sena<\/p>\n<p>S\u00fabase para ver las principales atracciones y lugares de inter\u00e9s por tierra y por agua en Par\u00eds, con la flexibilidad de subir y bajar en cualquiera de las paradas para seguir explorando. En la ruta, ver\u00e1 la \u00d3pera, el Museo del Louvre, la Catedral de Notre-Dame, la Sainte-Chapelle, el Museo de Orsay, la Concorde, los Campos El\u00edseos, el Arco del Triunfo, la Torre Eiffel, los Inv\u00e1lidos, el Grand Palais y muchos m\u00e1s. Este paquete combina los lugares emblem\u00e1ticos con el crucero por el Sena. El embarcadero del crucero se encuentra al pie de la Torre Eiffel, en el lado del r\u00edo (parada de autob\u00fas n\u00ba 9)<\/p>\n<h2>Paris Pass &#8211; con Tour en Autob\u00fas Hop on Hop off<\/h2>\n<p style=\"\"><a href=\"https:\/\/www.tiqets.com\/en\/paris-attractions-c66746\/tickets-for-hop-on-hop-off-open-bus-tour-paris-p974674\/?partner=checkfortrip\" style=\"outline: none;\" target=\"_blank\" rel=\"noopener nofollow\">Paris Pass con Tour en Autob\u00fas Hop-On Hop-Off<\/a><\/p>\n<p>Este pase es indispensable para los viajeros que quieren ver lo m\u00e1ximo posible en Par\u00eds. Obtendr\u00e1 acceso al metro y al autob\u00fas, y la entrada a algunos de los lugares m\u00e1s conocidos de la ciudad con la ventaja de saltarse las colas.Elija entre un Paris Pass de 2, 3, 4 o 6 d\u00edas para adaptarse a su viaje a Par\u00eds. Cada pase es v\u00e1lido durante el n\u00famero de d\u00edas naturales adquiridos desde el primer uso de la atracci\u00f3n. El precio incluye un billete de 1 d\u00eda para el Big Bus.<\/p>\n<h2 style=\"\">Art\u00edculos relacionados:<\/h2>\n<div class=\"tcb-post-list tve-content-list thrv_wrapper\" data-type=\"grid\" data-pagination-type=\"none\" data-pages_near_current=\"2\" data-css=\"tve-u-17ddd46047b\" data-total_post_count=\"4\" data-total_sticky_count=\"0\" data-no_posts_text=\"There are no posts to display.\"><article id=\"post-3589\" class=\"post-3589 page type-page status-publish has-post-thumbnail hentry post-wrapper thrv_wrapper thrive-animated-item  tve_evt_manager_listen tve_ea_thrive_animation tve_et_mouseover tve_anim_grow\" tcb_hover_state_parent=\"\" class=\"tve_evt_manager_listen tve_ea_thrive_animation tve_et_mouseover tve_anim_grow\" data-id=\"3589\" data-selector=\".post-wrapper\"><style class=\"tcb-post-list-dynamic-style\" type=\"text\/css\">@media (min-width: 300px){[].tcb-post-list #post-3589 []{background-image: url(\u00abhttps:\/\/www.paristouristinformation.fr\/es\/wp-content\/uploads\/2020\/07\/Paris-sunset-cruise-boat-eiffel-1024x684.jpg\u00ab) !important;}[].tcb-post-list #post-3589 []:hover []{background-image: url(\u00abhttps:\/\/www.paristouristinformation.fr\/es\/wp-content\/uploads\/2020\/07\/Paris-sunset-cruise-boat-eiffel-1024x684.jpg\u00ab) !important;}}<\/style><a href=\"https:\/\/www.paristouristinformation.fr\/es\/cosas-que-hacer\/top-10\/\" dynamic-postlink=\"tcb_post_the_permalink\" data-shortcode-id=\"3589\"><\/a><\/p>\n<h3 style=\"text-align: center; padding-top: 0px !important; margin-top: 0px !important;\"><span data-attr-link=\"1\" data-attr-rel=\"0\" data-attr-target=\"0\" data-extra_key=\"\" data-option-inline=\"1\" data-shortcode=\"tcb_post_title\" data-shortcode-name=\"Post title\" data-attr-css=\"\" data-attr-static-link=\"{&quot;className&quot;:&quot;tve-froala fr-basic&quot;,&quot;href&quot;:&quot;https:\/\/paristouristinformation.fr\/es\/cosas-que-hacer\/top-10\/&quot;,&quot;title&quot;:&quot;Las 10 mejores cosas que hacer en Par\u00eds&quot;,&quot;class&quot;:&quot;tve-froala fr-basic&quot;}\" style=\"\"><a href=\"https:\/\/www.paristouristinformation.fr\/es\/cosas-que-hacer\/top-10\/\" title=\"10 Mejores cosas que hacer en Par\u00eds\" data-css=\"\" class=\"tve-froala fr-basic\">10 Mejores cosas que hacer en Par\u00eds<\/a><\/span><\/h3>\n<p><\/article><article id=\"post-426\" class=\"post-426 page type-page status-publish has-post-thumbnail hentry post-wrapper thrv_wrapper thrive-animated-item  tve_evt_manager_listen tve_ea_thrive_animation tve_et_mouseover tve_anim_grow\" tcb_hover_state_parent=\"\" class=\"tve_evt_manager_listen tve_ea_thrive_animation tve_et_mouseover tve_anim_grow\" data-id=\"426\" data-selector=\".post-wrapper\"><style class=\"tcb-post-list-dynamic-style\" type=\"text\/css\">@media (min-width: 300px){[].tcb-post-list #post-426 []{background-image: url(\u00abhttps:\/\/www.paristouristinformation.fr\/es\/wp-content\/uploads\/2021\/01\/10-Best-Shopping-Centers-in-Paris-EN-1024x538.jpg\u00ab) !important;}[].tcb-post-list #post-426 []:hover []{background-image: url(\u00abhttps:\/\/www.paristouristinformation.fr\/es\/wp-content\/uploads\/2021\/01\/10-Best-Shopping-Centers-in-Paris-EN-1024x538.jpg\u00ab) !important;}}<\/style><a href=\"https:\/\/www.paristouristinformation.fr\/es\/compras\/centro\/\" dynamic-postlink=\"tcb_post_the_permalink\" data-shortcode-id=\"3589\"><\/a><\/p>\n<h3 style=\"text-align: center; padding-top: 0px !important; margin-top: 0px !important;\"><span data-attr-link=\"1\" data-attr-rel=\"0\" data-attr-target=\"0\" data-extra_key=\"\" data-option-inline=\"1\" data-shortcode=\"tcb_post_title\" data-shortcode-name=\"Post title\" data-attr-css=\"\" data-attr-static-link=\"{&quot;className&quot;:&quot;tve-froala fr-basic&quot;,&quot;href&quot;:&quot;https:\/\/paristouristinformation.fr\/es\/cosas-que-hacer\/top-10\/&quot;,&quot;title&quot;:&quot;Las 10 mejores cosas que hacer en Par\u00eds&quot;,&quot;class&quot;:&quot;tve-froala fr-basic&quot;}\" style=\"\"><a href=\"https:\/\/www.paristouristinformation.fr\/es\/compras\/centro\/\" title=\"10 Mejores centros comerciales de Par\u00eds\" data-css=\"\" class=\"tve-froala fr-basic\">10 Mejores centros comerciales de Par\u00eds<\/a><\/span><\/h3>\n<p><\/article><article id=\"post-6884\" class=\"post-6884 page type-page status-publish has-post-thumbnail hentry post-wrapper thrv_wrapper thrive-animated-item  tve_evt_manager_listen tve_ea_thrive_animation tve_et_mouseover tve_anim_grow\" tcb_hover_state_parent=\"\" class=\"tve_evt_manager_listen tve_ea_thrive_animation tve_et_mouseover tve_anim_grow\" data-id=\"6884\" data-selector=\".post-wrapper\"><style class=\"tcb-post-list-dynamic-style\" type=\"text\/css\">@media (min-width: 300px){[].tcb-post-list #post-6884 []{background-image: url(\u00abhttps:\/\/www.paristouristinformation.fr\/es\/wp-content\/uploads\/2021\/03\/Guide-to-Grand-Palais-in-Paris-1024x538.jpg\u00ab) !important;}[].tcb-post-list #post-6884 []:hover []{background-image: url(\u00abhttps:\/\/www.paristouristinformation.fr\/es\/wp-content\/uploads\/2021\/03\/Guide-to-Grand-Palais-in-Paris-1024x538.jpg\u00ab) !important;}}<\/style><a href=\"https:\/\/www.paristouristinformation.fr\/es\/cosas-que-hacer\/museo\/grand-palais\/\" dynamic-postlink=\"tcb_post_the_permalink\" data-shortcode-id=\"3589\"><\/a><\/p>\n<h3 style=\"text-align: center; padding-top: 0px !important; margin-top: 0px !important;\"><span data-attr-link=\"1\" data-attr-rel=\"0\" data-attr-target=\"0\" data-extra_key=\"\" data-option-inline=\"1\" data-shortcode=\"tcb_post_title\" data-shortcode-name=\"Post title\" data-attr-css=\"\" data-attr-static-link=\"{&quot;className&quot;:&quot;tve-froala fr-basic&quot;,&quot;href&quot;:&quot;https:\/\/paristouristinformation.fr\/es\/cosas-que-hacer\/top-10\/&quot;,&quot;title&quot;:&quot;Las 10 mejores cosas que hacer en Par\u00eds&quot;,&quot;class&quot;:&quot;tve-froala fr-basic&quot;}\" style=\"\"><a href=\"https:\/\/www.paristouristinformation.fr\/es\/cosas-que-hacer\/museo\/grand-palais\/\" title=\"Gu\u00eda del Grand Palais de Par\u00eds: Exposiciones, entradas e informaci\u00f3n\" data-css=\"\" class=\"tve-froala fr-basic\">Gu\u00eda del Grand Palais de Par\u00eds: Exposiciones, entradas e informaci\u00f3n<\/a><\/span><\/h3>\n<p><\/article><article id=\"post-8635\" class=\"post-8635 page type-page status-publish has-post-thumbnail hentry post-wrapper thrv_wrapper thrive-animated-item  tve_evt_manager_listen tve_ea_thrive_animation tve_et_mouseover tve_anim_grow\" tcb_hover_state_parent=\"\" class=\"tve_evt_manager_listen tve_ea_thrive_animation tve_et_mouseover tve_anim_grow\" data-id=\"8635\" data-selector=\".post-wrapper\"><style class=\"tcb-post-list-dynamic-style\" type=\"text\/css\">@media (min-width: 300px){[].tcb-post-list #post-8635 []{background-image: url(\u00abhttps:\/\/www.paristouristinformation.fr\/es\/wp-content\/uploads\/2021\/07\/Guide-to-Grevin-Museum-in-Paris-1024x538.jpg\u00ab) !important;}[].tcb-post-list #post-8635 []:hover []{background-image: url(\u00abhttps:\/\/www.paristouristinformation.fr\/es\/wp-content\/uploads\/2021\/07\/Guide-to-Grevin-Museum-in-Paris-1024x538.jpg\u00ab) !important;}}<\/style><a href=\"https:\/\/www.paristouristinformation.fr\/es\/cosas-que-hacer\/museo\/grevin\/\" dynamic-postlink=\"tcb_post_the_permalink\" data-shortcode-id=\"3589\"><\/a><\/p>\n<h3 style=\"text-align: center; padding-top: 0px !important; margin-top: 0px !important;\"><span data-attr-link=\"1\" data-attr-rel=\"0\" data-attr-target=\"0\" data-extra_key=\"\" data-option-inline=\"1\" data-shortcode=\"tcb_post_title\" data-shortcode-name=\"Post title\" data-attr-css=\"\" data-attr-static-link=\"{&quot;className&quot;:&quot;tve-froala fr-basic&quot;,&quot;href&quot;:&quot;https:\/\/paristouristinformation.fr\/es\/cosas-que-hacer\/top-10\/&quot;,&quot;title&quot;:&quot;Las 10 mejores cosas que hacer en Par\u00eds&quot;,&quot;class&quot;:&quot;tve-froala fr-basic&quot;}\" style=\"\"><a href=\"https:\/\/www.paristouristinformation.fr\/es\/cosas-que-hacer\/museo\/grevin\/\" title=\"Gu\u00eda del Museo Gr\u00e9vin de Par\u00eds: Exposiciones y entradas\" data-css=\"\" class=\"tve-froala fr-basic\">Gu\u00eda del Museo Gr\u00e9vin de Par\u00eds: Exposiciones y entradas<\/a><\/span><\/h3>\n<p><\/article><\/div>\n","protected":false},"excerpt":{"rendered":"<p>\u00bfLe gusta viajar en un autob\u00fas de dos pisos o navegar por el r\u00edo Sena? \u00bfLe gustar\u00eda tener la flexibilidad de planificar su d\u00eda y desplazarse f\u00e1cilmente mientras descubre Par\u00eds? Si se pregunta cu\u00e1les son las ventajas de los circuitos hop-on\/hop-off, est\u00e1 en el lugar adecuado. \u00a1Descubr\u00e1moslo juntos! Pin Big Bus Par\u00eds *Este es uno [&hellip;]<\/p>\n","protected":false},"author":10,"featured_media":9066,"parent":11507,"menu_order":0,"comment_status":"closed","ping_status":"closed","template":"","meta":{"footnotes":""},"tags":[],"class_list":{"0":"post-8125","1":"page","2":"type-page","3":"status-publish","4":"has-post-thumbnail","5":"hentry","6":"post-wrapper","7":"thrv_wrapper","10":"thrive-animated-item"},"wp-worthy-pixel":{"ignored":false,"public":null,"server":null,"url":null},"wp-worthy-type":"normal","_links":{"self":[{"href":"https:\/\/www.paristouristinformation.fr\/es\/wp-json\/wp\/v2\/pages\/8125","targetHints":{"allow":["GET"]}}],"collection":[{"href":"https:\/\/www.paristouristinformation.fr\/es\/wp-json\/wp\/v2\/pages"}],"about":[{"href":"https:\/\/www.paristouristinformation.fr\/es\/wp-json\/wp\/v2\/types\/page"}],"author":[{"embeddable":true,"href":"https:\/\/www.paristouristinformation.fr\/es\/wp-json\/wp\/v2\/users\/10"}],"replies":[{"embeddable":true,"href":"https:\/\/www.paristouristinformation.fr\/es\/wp-json\/wp\/v2\/comments?post=8125"}],"version-history":[{"count":0,"href":"https:\/\/www.paristouristinformation.fr\/es\/wp-json\/wp\/v2\/pages\/8125\/revisions"}],"up":[{"embeddable":true,"href":"https:\/\/www.paristouristinformation.fr\/es\/wp-json\/wp\/v2\/pages\/11507"}],"wp:featuredmedia":[{"embeddable":true,"href":"https:\/\/www.paristouristinformation.fr\/es\/wp-json\/wp\/v2\/media\/9066"}],"wp:attachment":[{"href":"https:\/\/www.paristouristinformation.fr\/es\/wp-json\/wp\/v2\/media?parent=8125"}],"wp:term":[{"taxonomy":"post_tag","embeddable":true,"href":"https:\/\/www.paristouristinformation.fr\/es\/wp-json\/wp\/v2\/tags?post=8125"}],"curies":[{"name":"wp","href":"https:\/\/api.w.org\/{rel}","templated":true}]}}