{"id":8370,"date":"2020-11-18T11:10:15","date_gmt":"2020-11-18T11:10:15","guid":{"rendered":"http:\/\/paristouristinformation.fr\/es\/?page_id=406"},"modified":"2023-05-12T10:57:35","modified_gmt":"2023-05-12T10:57:35","slug":"aparcamiento","status":"publish","type":"page","link":"https:\/\/www.paristouristinformation.fr\/es\/plan\/transporte-publico\/aparcamiento\/","title":{"rendered":"Aparcamiento en Par\u00eds: \u00bfD\u00f3nde aparcar y cu\u00e1nto cuesta?"},"content":{"rendered":"<p>\u00bfQuiere visitar Par\u00eds en coche? Queremos ser sinceros con usted: Conducir no es realmente la mejor manera de descubrir las calles de Par\u00eds y navegar por ella.La capital francesa es la ciudad m\u00e1s concurrida del pa\u00eds con un grave problema de aparcamiento para los coches. Es muy dif\u00edcil (f\u00edsica y mentalmente) encontrar una plaza de aparcamiento en las calles de Par\u00eds, especialmente con la r\u00edgida normativa vigente. Por suerte, hay algunas opciones que leer\u00e1 en este art\u00edculo.Gracias a este art\u00edculo, sabr\u00e1 d\u00f3nde aparcar, cu\u00e1nto le costar\u00e1 y qu\u00e9 herramientas utilizar para ahorrar tiempo y dinero. Disfruta de la informaci\u00f3n y ten un buen viaje.<\/p>\n<h2 style=\"\" id=\"t-1612205940980\">Aparcar en la calle en Par\u00eds<\/h2>\n<p>Hay dos alternativas principales: el aparcamiento en la calle y el subterr\u00e1neo. Una posibilidad muy rara es encontrar una plaza de aparcamiento libre. Le sugerimos que no las busque porque esas pocas plazas casi nunca est\u00e1n disponibles.Ver\u00e1 la palabra francesa \u00abpayant\u00bb marcando las zonas con rayas blancas que indican que hay que pagar. Las rayas amarillas indican que esa parte espec\u00edfica es para los autobuses y los taxis, por lo que debes evitarlas.Puede que no necesites tu coche durante unos d\u00edas despu\u00e9s de llegar a Par\u00eds, pero ten en cuenta que no puedes dejar tu coche m\u00e1s de 24 horas en las calles de Par\u00eds.As\u00ed que en ese caso ser\u00e1 mejor que cambies de sitio o que elijas un aparcamiento subterr\u00e1neo disponible a largo plazo.<\/p>\n<h3 style=\"\">Precios y pagos<\/h3>\n<p style=\"\">En primer lugar, sepa que los domingos y en horario nocturno (entre las 20:00 y las 9:00), el aparcamiento en las calles de Par\u00eds es totalmente gratuito, si encuentra una plaza.Durante el horario diurno normal, tendr\u00e1 que comprar un ticket. Ver\u00e1 los parqu\u00edmetros en el lugar. Recoja su ticket en estas m\u00e1quinas y tenga paciencia, puede tardar alg\u00fan tiempo.No se olvide de poner su billete detr\u00e1s de su parabrisas visible para los controladores.Cuando regrese, puede pagar el tiempo que se qued\u00f3 con su tarjeta de cr\u00e9dito de la ranura marcada con \u00abCB\u00bb que significa \u00abCard Bancaire\u00bb. Hay dos tarifas diferentes para el Par\u00eds. En los barrios m\u00e1s c\u00e9ntricos (del 1\u00ba al 11\u00ba arrondissement), cuesta 4 euros por hora, mientras que en la segunda zona que llega hasta el final del 20\u00ba arrondissement, cuesta 2,4 euros.<\/p>\n<ul>\n<li><span style=\"\">\u00bfEst\u00e1 planeando su viaje a Par\u00eds? Te hemos preparado una lista con <a href=\"https:\/\/paristouristinformation.fr\/es\/cosas-que-hacer\/museo\/\" target=\"_blank\" rel=\"noopener\"><strong>los 30 mejores museos que visitar en Par\u00eds.<\/strong><\/a><\/span><\/li>\n<\/ul>\n<p><span><img decoding=\"async\" alt=\"Parking Underground in Paris\" data-id=\"6723\" width=\"702\" data-init-width=\"1000\" height=\"468\" data-init-height=\"667\" title=\"Parking Underground in Paris\" src=\"http:\/\/paristouristinformation.fr\/es\/wp-content\/uploads\/2021\/01\/Parking-Underground-in-Paris.jpg\" data-width=\"702\" data-height=\"468\" loading=\"lazy\" data-pinpro-key=\"4f2sfnkvp\"><\/span><\/p>\n<h2 style=\"color: rgb(4, 4, 4) !important; --tcb-applied-color: rgb(4, 4, 4)  !important;\" id=\"t-1612205940981\">Aparcamiento subterr\u00e1neo en Par\u00eds<\/h2>\n<p>Los aparcamientos subterr\u00e1neos est\u00e1n por todos los barrios del centro de Par\u00eds. Podr\u00e1 reconocer las entradas con carteles <strong><span style=\"color: var(--tcb-skin-color-18);\">cuadrados azules \u00abP\u00bb<\/span><\/strong> en las calles. Todos funcionan las 24 horas del d\u00eda.<\/p>\n<h3 style=\"color: rgb(11, 11, 11) !important; --tcb-applied-color: rgb(11, 11, 11)  !important;\">Precios y pagos<\/h3>\n<p>Las tarifas oscilan entre 2,50 y 5 euros por hora o 20-25 euros por d\u00eda. Hay que sacar el billete en las entradas para entrar. Antes de salir, hay que hacer los pagos a trav\u00e9s de las m\u00e1quinas. El recibo abrir\u00e1 la barrera al salir.Debido a la gran demanda, muchos parisinos reservan las plazas de aparcamiento con antelaci\u00f3n a trav\u00e9s de p\u00e1ginas web y aplicaciones.Hay decenas de aparcamientos subterr\u00e1neos en Par\u00eds, empezando por el centro de la ciudad.<strong>Consejo: <\/strong>hay uno justo debajo del punto cero de Par\u00eds, donde se encuentra la catedral de Notre Dame.<\/p>\n<h3 style=\"color: rgb(0, 0, 0) !important; --tcb-applied-color: rgb(0, 0, 0)  !important;\">5 aparcamientos subterr\u00e1neos centrales en barrios importantes de Par\u00eds:<\/h3>\n<h4 style=\"\">Cerca de la Torre Eiffel :<\/h4>\n<ul>\n<li>Interparking Pullman Tour Eiffel, 18 Avenue de Suffren, 75015 Par\u00eds, Francia<\/li>\n<\/ul>\n<h4 style=\"\">Cerca del Museo del Louvre :<\/h4>\n<ul>\n<li>Saemes Parking Pyramides, 15 Rue des Pyramides, 75001 Par\u00eds, Francia<\/li>\n<\/ul>\n<h4 style=\"\">En la zona de Saint-Germain :<\/h4>\n<ul>\n<li>Indigo Parking, 9 Rue de Montalembert, 75007 Par\u00eds, Francia<\/li>\n<\/ul>\n<h4 style=\"\">Cerca de Montmartre :<\/h4>\n<ul>\n<li>One Park Anvers, 41 Blvd de Rochechouart, 75009 Par\u00eds, Francia<\/li>\n<\/ul>\n<h4 style=\"\">Cerca de Le Marais :<\/h4>\n<ul>\n<li>Interparking Temple, 132 Rue du Temple, 75003 Par\u00eds, Francia<\/li>\n<\/ul>\n<p><span><img decoding=\"async\" alt=\"\" data-id=\"4852\" width=\"702\" data-init-width=\"1000\" height=\"468\" data-init-height=\"667\" title=\"parking signs in paris france\" src=\"http:\/\/paristouristinformation.fr\/es\/wp-content\/uploads\/2020\/12\/parking-signs-in-paris-france.jpg\" data-width=\"702\" data-height=\"468\" loading=\"lazy\" data-pinpro-key=\"usxz675zw\"><\/span><\/p>\n<h3 style=\"\"><span data-attr-link=\"1\" data-attr-rel=\"0\" data-attr-target=\"0\" data-extra_key=\"\" data-option-inline=\"1\" data-shortcode=\"tcb_post_title\" data-shortcode-name=\"Post title\" data-attr-css=\"\" style=\"\" data-attr-static-link=\"{&quot;className&quot;:&quot;&quot;,&quot;href&quot;:&quot;https:\/\/www.paristouristinformation.fr\/es\/plan\/transporte-publico\/taxi\/&quot;,&quot;title&quot;:&quot;Los taxis en Par\u00eds: \u00bfD\u00f3nde y c\u00f3mo reservar uno?&quot;,&quot;class&quot;:&quot;&quot;}\"><a href=\"https:\/\/www.paristouristinformation.fr\/es\/plan\/transporte-publico\/aparcamiento\/\" title=\"Aparcamiento en Par\u00eds: \u00bfD\u00f3nde aparcar y cu\u00e1nto cuesta?\" data-css=\"\">Aparcamiento en Par\u00eds: \u00bfD\u00f3nde aparcar y cu\u00e1nto cuesta?<\/a><\/span><\/h3>\n<h3 style=\"\"><span data-attr-link=\"1\" data-attr-rel=\"0\" data-attr-target=\"0\" data-extra_key=\"\" data-option-inline=\"1\" data-shortcode=\"tcb_post_title\" data-shortcode-name=\"Post title\" data-attr-css=\"\" style=\"\" data-attr-static-link=\"{&quot;className&quot;:&quot;&quot;,&quot;href&quot;:&quot;https:\/\/www.paristouristinformation.fr\/es\/plan\/transporte-publico\/taxi\/&quot;,&quot;title&quot;:&quot;Los taxis en Par\u00eds: \u00bfD\u00f3nde y c\u00f3mo reservar uno?&quot;,&quot;class&quot;:&quot;&quot;}\"><a href=\"https:\/\/www.paristouristinformation.fr\/es\/hotel\/\" title=\"Hoteles recomendados en Par\u00eds\" data-css=\"\">Hoteles recomendados en Par\u00eds<\/a><\/span><\/h3>\n<h3 style=\"\"><span data-attr-link=\"1\" data-attr-rel=\"0\" data-attr-target=\"0\" data-extra_key=\"\" data-option-inline=\"1\" data-shortcode=\"tcb_post_title\" data-shortcode-name=\"Post title\" data-attr-css=\"\" style=\"\" data-attr-static-link=\"{&quot;className&quot;:&quot;&quot;,&quot;href&quot;:&quot;https:\/\/www.paristouristinformation.fr\/es\/plan\/transporte-publico\/taxi\/&quot;,&quot;title&quot;:&quot;Los taxis en Par\u00eds: \u00bfD\u00f3nde y c\u00f3mo reservar uno?&quot;,&quot;class&quot;:&quot;&quot;}\"><a href=\"https:\/\/www.paristouristinformation.fr\/es\/plan\/transporte-publico\/taxi\/\" title=\"Los taxis en Par\u00eds: \u00bfD\u00f3nde y c\u00f3mo reservar uno?\" data-css=\"\">Los taxis en Par\u00eds: \u00bfD\u00f3nde y c\u00f3mo reservar uno?<\/a><\/span><\/h3>\n<h2 style=\"\" id=\"t-1612205940982\">Las mejores aplicaciones m\u00f3viles para aparcar en Par\u00eds<\/h2>\n<p style=\"\">Hay varias aplicaciones para tel\u00e9fonos inteligentes que pueden ayudarte a encontrar una plaza de aparcamiento o a reservarla con antelaci\u00f3n. Los lugare\u00f1os suelen utilizarla para saber qu\u00e9 estaci\u00f3n tiene plazas disponibles antes de ir all\u00ed. Al final, suele ahorrar tiempo. Aqu\u00ed est\u00e1n los nombres de las aplicaciones m\u00e1s populares para aparcar en Par\u00eds:<\/p>\n<ul>\n<li><strong>Parclick<\/strong> &#8211; <a href=\"https:\/\/parclick.com\/parking-paris\" style=\"outline: none;\" target=\"_blank\" rel=\"noopener nofollow\">www.parclick.com\/parking-paris<\/a>, un \u00fatil mapa interactivo con precios<\/li>\n<li><strong>Parkingside<\/strong> &#8211; <a href=\"http:\/\/ParkingsdeParis.com\" style=\"outline: none;\" target=\"_blank\" rel=\"noopener nofollow\">www.ParkingsdeParis.com<\/a>, para reservar un aparcamiento barato con antelaci\u00f3n<\/li>\n<li><strong>One Park<\/strong> &#8211; <a href=\"https:\/\/www.onepark.fr\/en\" style=\"outline: none;\" target=\"_blank\" rel=\"noopener nofollow\">www.onepark.fr\/en<\/a>, compara los aparcamientos de los alrededores<\/li>\n<li><strong>Q-Park Paris<\/strong> &#8211; <a href=\"https:\/\/www.q-park-resa.fr\/en\/car-park\" style=\"outline: none;\" target=\"_blank\" rel=\"noopener nofollow\">www.q-park-resa.fr\/en\/car-park<\/a>, te enumera todas las instalaciones con aparcamiento a tu alrededor<\/li>\n<li><strong>Zen Park<\/strong> &#8211; <a href=\"http:\/\/www.zenpark.com\" style=\"outline: none;\" target=\"_blank\" rel=\"noopener nofollow\">www.zenpark.com<\/a>, para compartir un aparcamiento<\/li>\n<li><strong>Polly<\/strong> &#8211; <a href=\"http:\/\/www.parking-polly.com\" style=\"outline: none;\" target=\"_blank\" rel=\"noopener nofollow\">www.parking-polly.com<\/a>, te hace aparcar en 10 minutos.&nbsp;<\/li>\n<\/ul>\n<h2 style=\"color: rgb(0, 0, 0) !important; --tcb-applied-color: rgb(0, 0, 0)  !important;\" id=\"t-1612205940983\">Hoteles con parking en Par\u00eds<\/h2>\n<p>Hay muchos hoteles en el centro de Par\u00eds que ofrecen plazas de aparcamiento. Si necesita un espacio para dejar su coche mientras descubre Par\u00eds, consulte los hoteles que ofrecen este servicio. Aqu\u00ed encontrar\u00e1 algunos de ellos:<\/p>\n<ul>\n<li><span itemprop=\"name\"><strong>B&amp;B H\u00f4tel Disneyland Paris, <\/strong>en Disneyland<\/span><\/li>\n<li><strong>Le Bristol, <\/strong>en Faubourg St Honor\u00e9 (Campos El\u00edseos)<\/li>\n<li><strong>LB Hotel, <\/strong>en Louis Blanc (Sacr\u00e9-Coeur)<\/li>\n<li><strong>H\u00f4tel Ibis Cambronne, <\/strong>en la Torre Eiffel<\/li>\n<\/ul>\n<h2 style=\"color: rgb(0, 0, 0) !important; --tcb-applied-color: rgb(0, 0, 0)  !important;\" id=\"t-1612205940984\">Seguridad y robos en Par\u00eds<\/h2>\n<p style=\"\">El robo de coches no es habitual en Par\u00eds, pero si deja objetos de valor visibles desde el exterior, puede que le rompan una de las ventanillas (incluso de ropa, una bolsa de deporte de lujo, gafas o guantes de valor o que parezcan valiosos).Si necesitas ayuda de la polic\u00eda, el 112 es para las llamadas de emergencia generales y el 17 es espec\u00edfico para la polic\u00eda.Ahora ya sabes todo lo que necesitas para ser muy inteligente en tus viajes en coche por Par\u00eds. Cu\u00e9ntanos tu experiencia y tus dudas en la secci\u00f3n de comentarios de abajo.<\/p>\n<h2 style=\"\">Opciones de traslado populares desde los aeropuertos de Par\u00eds<\/h2>\n<p>[tcb-script async=\u00bb\u00bb src=\u00bbhttps:\/\/www.viator.com\/orion\/partner\/widget.js\u00bb][\/tcb-script]__CONFIG_colors_palette__{\u00abactive_palette\u00bb:0,\u00bbconfig\u00bb:{\u00abcolors\u00bb:{\u00abf8570\u00bb:{\u00abname\u00bb:\u00bbMain Accent\u00bb,\u00bbparent\u00bb:-1}},\u00bbgradients\u00bb:[]},\u00bbpalettes\u00bb:[{\u00abname\u00bb:\u00bbDefault Palette\u00bb,\u00bbvalue\u00bb:{\u00abcolors\u00bb:{\u00abf8570\u00bb:{\u00abval\u00bb:\u00bbvar(&#8211;tcb-skin-color-0)\u00bb}},\u00bbgradients\u00bb:[]},\u00bboriginal\u00bb:{\u00abcolors\u00bb:{\u00abf8570\u00bb:{\u00abval\u00bb:\u00bbrgb(19, 114, 211)\u00bb,\u00bbhsl\u00bb:{\u00abh\u00bb:210,\u00bbs\u00bb:0.83,\u00bbl\u00bb:0.45}}},\u00bbgradients\u00bb:[]}}]}__CONFIG_colors_palette__ <a href=\"http:\/\/paristouristinformation.fr\/es\/plan\/\"> <span><span>Planifique su viaje a Par\u00eds<\/span><\/span> <\/a> __CONFIG_colors_palette__{\u00abactive_palette\u00bb:0,\u00bbconfig\u00bb:{\u00abcolors\u00bb:{\u00abf8570\u00bb:{\u00abname\u00bb:\u00bbMain Accent\u00bb,\u00bbparent\u00bb:-1}},\u00bbgradients\u00bb:[]},\u00bbpalettes\u00bb:[{\u00abname\u00bb:\u00bbDefault Palette\u00bb,\u00bbvalue\u00bb:{\u00abcolors\u00bb:{\u00abf8570\u00bb:{\u00abval\u00bb:\u00bbvar(&#8211;tcb-skin-color-0)\u00bb}},\u00bbgradients\u00bb:[]},\u00bboriginal\u00bb:{\u00abcolors\u00bb:{\u00abf8570\u00bb:{\u00abval\u00bb:\u00bbrgb(19, 114, 211)\u00bb,\u00bbhsl\u00bb:{\u00abh\u00bb:210,\u00bbs\u00bb:0.83,\u00bbl\u00bb:0.45}}},\u00bbgradients\u00bb:[]}}]}__CONFIG_colors_palette__ <a href=\"http:\/\/paristouristinformation.fr\/es\/hotel\/\"> <span><span>Reserve su estancia en Par\u00eds<\/span><\/span> <\/a><\/p>\n<h2 style=\"\" id=\"t-1669980618406\">Art\u00edculos relacionados:<\/h2>\n<p><a href=\"https:\/\/www.paristouristinformation.fr\/es\/plan\/gare-de-lest\/\" dynamic-postlink=\"tcb_post_the_permalink\" data-shortcode-id=\"3095\"><\/a><\/p>\n<h3 style=\"text-align: center; padding-top: 0px !important; margin-top: 0px !important;\"><span data-attr-link=\"1\" data-attr-rel=\"0\" data-attr-target=\"0\" data-extra_key=\"\" data-option-inline=\"1\" data-shortcode=\"tcb_post_title\" data-shortcode-name=\"Post title\" data-attr-css=\"\" data-attr-static-link=\"{&quot;className&quot;:&quot;&quot;,&quot;href&quot;:&quot;https:\/\/www.paristouristinformation.fr\/es\/plan\/gare-de-lest\/&quot;,&quot;title&quot;:&quot;Gu\u00eda de la estaci\u00f3n de tren Gare de l\u2019Est en Par\u00eds&quot;,&quot;class&quot;:&quot;&quot;}\" style=\"\"><a href=\"https:\/\/www.paristouristinformation.fr\/es\/plan\/gare-de-lest\/\" title=\"Gu\u00eda de la estaci\u00f3n de tren Gare de l\u2019Est en Par\u00eds\" data-css=\"\">Gu\u00eda de la estaci\u00f3n de tren Gare de l\u2019Est en Par\u00eds<\/a><\/span><\/h3>\n<p><a href=\"https:\/\/www.paristouristinformation.fr\/es\/plan\/gare-de-lyon\/\" dynamic-postlink=\"tcb_post_the_permalink\" data-shortcode-id=\"3095\"><\/a><\/p>\n<h3 style=\"text-align: center; padding-top: 0px !important; margin-top: 0px !important;\"><span data-attr-link=\"1\" data-attr-rel=\"0\" data-attr-target=\"0\" data-extra_key=\"\" data-option-inline=\"1\" data-shortcode=\"tcb_post_title\" data-shortcode-name=\"Post title\" data-attr-css=\"\" data-attr-static-link=\"{&quot;className&quot;:&quot;&quot;,&quot;href&quot;:&quot;https:\/\/www.paristouristinformation.fr\/es\/plan\/gare-de-lest\/&quot;,&quot;title&quot;:&quot;Gu\u00eda de la estaci\u00f3n de tren Gare de l\u2019Est en Par\u00eds&quot;,&quot;class&quot;:&quot;&quot;}\" style=\"\"><a href=\"https:\/\/www.paristouristinformation.fr\/es\/plan\/gare-de-lyon\/\" title=\"Gu\u00eda de la estaci\u00f3n de tren Gare de Lyon en Par\u00eds\" data-css=\"\">Gu\u00eda de la estaci\u00f3n de tren Gare de Lyon en Par\u00eds<\/a><\/span><\/h3>\n<p><a href=\"https:\/\/www.paristouristinformation.fr\/es\/plan\/transporte-publico\/\" dynamic-postlink=\"tcb_post_the_permalink\" data-shortcode-id=\"3095\"><\/a><\/p>\n<h3 style=\"text-align: center; padding-top: 0px !important; margin-top: 0px !important;\"><span data-attr-link=\"1\" data-attr-rel=\"0\" data-attr-target=\"0\" data-extra_key=\"\" data-option-inline=\"1\" data-shortcode=\"tcb_post_title\" data-shortcode-name=\"Post title\" data-attr-css=\"\" data-attr-static-link=\"{&quot;className&quot;:&quot;&quot;,&quot;href&quot;:&quot;https:\/\/www.paristouristinformation.fr\/es\/plan\/gare-de-lest\/&quot;,&quot;title&quot;:&quot;Gu\u00eda de la estaci\u00f3n de tren Gare de l\u2019Est en Par\u00eds&quot;,&quot;class&quot;:&quot;&quot;}\" style=\"\"><a href=\"https:\/\/www.paristouristinformation.fr\/es\/plan\/transporte-publico\/\" title=\"C\u00f3mo utilizar el transporte p\u00fablico en Par\u00eds: La gu\u00eda completa\" data-css=\"\">C\u00f3mo utilizar el transporte p\u00fablico en Par\u00eds: La gu\u00eda completa<\/a><\/span><\/h3>\n<p><a href=\"https:\/\/www.paristouristinformation.fr\/es\/plan\/transporte-publico\/metro\/\" dynamic-postlink=\"tcb_post_the_permalink\" data-shortcode-id=\"3095\"><\/a><\/p>\n<h3 style=\"text-align: center; padding-top: 0px !important; margin-top: 0px !important;\"><span data-attr-link=\"1\" data-attr-rel=\"0\" data-attr-target=\"0\" data-extra_key=\"\" data-option-inline=\"1\" data-shortcode=\"tcb_post_title\" data-shortcode-name=\"Post title\" data-attr-css=\"\" data-attr-static-link=\"{&quot;className&quot;:&quot;&quot;,&quot;href&quot;:&quot;https:\/\/www.paristouristinformation.fr\/es\/plan\/gare-de-lest\/&quot;,&quot;title&quot;:&quot;Gu\u00eda de la estaci\u00f3n de tren Gare de l\u2019Est en Par\u00eds&quot;,&quot;class&quot;:&quot;&quot;}\" style=\"\"><a href=\"https:\/\/www.paristouristinformation.fr\/es\/plan\/transporte-publico\/metro\/\" title=\"C\u00f3mo utilizar el metro en Par\u00eds: Una gu\u00eda completa\" data-css=\"\">C\u00f3mo utilizar el metro en Par\u00eds: Una gu\u00eda completa<\/a><\/span><\/h3>\n","protected":false},"excerpt":{"rendered":"<p>\u00bfQuiere visitar Par\u00eds en coche? Queremos ser sinceros con usted: Conducir no es realmente la mejor manera de descubrir las calles de Par\u00eds y navegar por ella.La capital francesa es la ciudad m\u00e1s concurrida del pa\u00eds con un grave problema de aparcamiento para los coches. Es muy dif\u00edcil (f\u00edsica y mentalmente) encontrar una plaza de [&hellip;]<\/p>\n","protected":false},"author":10,"featured_media":6722,"parent":3806,"menu_order":0,"comment_status":"closed","ping_status":"closed","template":"","meta":{"footnotes":""},"tags":[],"class_list":["post-8370","page","type-page","status-publish","has-post-thumbnail","hentry","post-wrapper","thrv_wrapper"],"wp-worthy-pixel":{"ignored":false,"public":null,"server":null,"url":null},"wp-worthy-type":"normal","_links":{"self":[{"href":"https:\/\/www.paristouristinformation.fr\/es\/wp-json\/wp\/v2\/pages\/8370","targetHints":{"allow":["GET"]}}],"collection":[{"href":"https:\/\/www.paristouristinformation.fr\/es\/wp-json\/wp\/v2\/pages"}],"about":[{"href":"https:\/\/www.paristouristinformation.fr\/es\/wp-json\/wp\/v2\/types\/page"}],"author":[{"embeddable":true,"href":"https:\/\/www.paristouristinformation.fr\/es\/wp-json\/wp\/v2\/users\/10"}],"replies":[{"embeddable":true,"href":"https:\/\/www.paristouristinformation.fr\/es\/wp-json\/wp\/v2\/comments?post=8370"}],"version-history":[{"count":0,"href":"https:\/\/www.paristouristinformation.fr\/es\/wp-json\/wp\/v2\/pages\/8370\/revisions"}],"up":[{"embeddable":true,"href":"https:\/\/www.paristouristinformation.fr\/es\/wp-json\/wp\/v2\/pages\/3806"}],"wp:featuredmedia":[{"embeddable":true,"href":"https:\/\/www.paristouristinformation.fr\/es\/wp-json\/wp\/v2\/media\/6722"}],"wp:attachment":[{"href":"https:\/\/www.paristouristinformation.fr\/es\/wp-json\/wp\/v2\/media?parent=8370"}],"wp:term":[{"taxonomy":"post_tag","embeddable":true,"href":"https:\/\/www.paristouristinformation.fr\/es\/wp-json\/wp\/v2\/tags?post=8370"}],"curies":[{"name":"wp","href":"https:\/\/api.w.org\/{rel}","templated":true}]}}