{"id":8385,"date":"2020-12-14T13:29:44","date_gmt":"2020-12-14T13:29:44","guid":{"rendered":"http:\/\/paristouristinformation.fr\/es\/gruppenreisen\/clone-of-tagungsraum-konferenzsaal-meetingraum\/"},"modified":"2023-05-12T08:37:16","modified_gmt":"2023-05-12T08:37:16","slug":"sala-de-reuniones-conferencia","status":"publish","type":"page","link":"https:\/\/www.paristouristinformation.fr\/es\/viajes-en-grupo\/sala-de-reuniones-conferencia\/","title":{"rendered":"Servicio completo de sala de conferencias, sal\u00f3n de actos o sala de reuniones en Par\u00eds"},"content":{"rendered":"<h1 style=\"\">Servicio completo de sala de conferencias, sal\u00f3n de actos o sala de reuniones en Par\u00eds<\/h1>\n<p>En Informaci\u00f3n Tur\u00edstica de Par\u00eds podemos ayudarle a encontrar, reservar y realizar todo el programa de acompa\u00f1amiento en Par\u00eds.<\/p>\n<h2>\u00bfCu\u00e1l es el lugar adecuado para su evento en Par\u00eds?<\/h2>\n<p>Somos su socio competente cuando se trata de organizar salas para grupos peque\u00f1os y eventos para m\u00e1s de 1.000 participantes.Desde eventos corporativos hasta desfiles de moda como la Semana de la Moda de Par\u00eds, todo es posible. Las salas, incluida la popular \u00abSala de Recepci\u00f3n Gustave Eiffel\u00bb en la primera planta de la Torre Eiffel, pueden utilizarse para presentaciones, reuniones con clientes y seminarios. Ya sea una conferencia, un seminario, una presentaci\u00f3n de producto o un desfile de moda, encontraremos la sala adecuada para sus necesidades individuales.Si lo desea, podemos encargarnos de la reserva completa de las salas de conferencias con todo el programa de acompa\u00f1amiento.Podemos organizar la disposici\u00f3n de los asientos seg\u00fan sus necesidades individuales. La tecnolog\u00eda est\u00e1ndar incluye rotafolios y conexiones para presentaciones. En las salas de conferencias especiales de los hoteles de 5 estrellas hay t\u00e9cnicos que se encargan de los micr\u00f3fonos, la tecnolog\u00eda de las presentaciones y el desarrollo del evento.En tiempos de distanciamiento social, la videoconferencia de reuniones de equipo en diferentes lugares tiene una enorme importancia. Podemos ofrecer posibilidades de videoconferencia y crear una sala de reuniones virtual. \u00bfSu empresa tiene oficinas en Viena, Par\u00eds y San Francisco? No hay problema. Cada equipo se re\u00fane en su oficina y est\u00e1 conectado virtualmente a trav\u00e9s de una videoconferencia.<\/p>\n<h3>Alimentaci\u00f3n y Catering<\/h3>\n<p>Opcionalmente, tambi\u00e9n se pueden ofrecer paquetes de catering, por ejemplo, desayuno y caf\u00e9 por la ma\u00f1ana, un buffet abierto para el almuerzo y una pausa para el caf\u00e9 por la tarde.El precio del descorche no es un problema. \u00bfQuiere traer su propio vino, champ\u00e1n o whisky? Podemos encargarnos de ello.<\/p>\n<ul>\n<li style=\"\"><span><strong>Atenci\u00f3n al cliente 24\/7<\/strong><\/span><\/li>\n<li style=\"\"><span><strong>Paquetes de catering<\/strong><\/span><\/li>\n<li><span><strong>Manipulaci\u00f3n completa<\/strong><\/span><\/li>\n<\/ul>\n<h2 style=\"\">Preguntas frecuentes:<\/h2>\n<h2 style=\"text-align: center;\">Encontraremos el espacio adecuado para todas las ocasiones<\/h2>\n<p style=\"text-align: center;\">Desde eventos corporativos hasta desfiles de moda. Puede elegir entre una amplia gama de salas de conferencias y reuniones para su evento en Par\u00eds.<\/p>\n<h3 style=\"\">1. Sala de conferencias en Par\u00eds<\/h3>\n<p>Las salas de conferencias est\u00e1n equipadas con la disposici\u00f3n de asientos deseada. En general, las salas cuentan con toda la tecnolog\u00eda necesaria para conferencias o similares.<\/p>\n<p>Tambi\u00e9n estaremos encantados de organizar el programa de acompa\u00f1amiento, el catering in situ y los eventos de equipo despu\u00e9s o durante su evento.<\/p>\n<h3 style=\"\">2. Sala de conferencias en Par\u00eds<\/h3>\n<p>\u00bfBusca una sala de conferencias? Encontraremos el espacio adecuado para usted, tanto si se trata de la presentaci\u00f3n de un producto como de la invitaci\u00f3n de empleados de distintos pa\u00edses o de un congreso.<\/p>\n<p>Como agencia de servicios completos, nos complace ocuparnos de los participantes, del traslado de los ejecutivos, del catering y de todo el programa de acompa\u00f1amiento.<\/p>\n<h3 style=\"\">3. Sala de reuniones en Par\u00eds<\/h3>\n<p>Tenemos el espacio adecuado para su reuni\u00f3n en Par\u00eds, situado muy cerca de todos los lugares importantes, incluida la sala de recepci\u00f3n Gustave Eiffel de la Torre Eiffel.<\/p>\n<p>\u00bfQuiere organizar una reuni\u00f3n despu\u00e9s de una feria? \u00bfReunirse con sus representantes de ventas? \u00bfReservar un lugar para una reuni\u00f3n interna?\u00bfO est\u00e1 planeando un incentivo, un evento de formaci\u00f3n de equipos o simplemente una reuni\u00f3n?Nosotros encontraremos la sala adecuada para usted.<\/p>\n<h2>Consulta inicial gratuita y programa de acompa\u00f1amiento<\/h2>\n<p style=\"\">En Paris Tourist Information, no s\u00f3lo somos su socio competente cuando se trata de la soluci\u00f3n de sala adecuada, sino que tambi\u00e9n podemos encargarnos de todo el programa de acompa\u00f1amiento.Ya sea el catering, el transporte, el hotel, el apoyo a los ponentes, el traslado de ejecutivos, los incentivos, los int\u00e9rpretes para \u00e1reas especializadas o los gu\u00edas tur\u00edsticos, con nuestro servicio completo satisfacemos todas las necesidades.Adem\u00e1s, podemos organizar eventos de equipo en interiores para que todos se relajen despu\u00e9s de la conferencia.Por supuesto, las salas de conferencias, los salones de actos y las salas de reuniones tambi\u00e9n pueden reservarse por separado.Le deseamos una agradable y exitosa reuni\u00f3n en Par\u00eds.<\/p>\n<h3>Sala de conferencias con todos los servicios<\/h3>\n<ul>\n<li style=\"\"><span style=\"\"><strong>Una sola persona de contacto: <\/strong>Con nosotros, puede planificar todo el programa de acompa\u00f1amiento desde una sola fuente.<\/span><\/li>\n<li><span><strong>Condiciones especiales: <\/strong>Gracias a 22 a\u00f1os de experiencia, podemos ofrecerle condiciones especiales, conocimientos t\u00e9cnicos y numerosos contactos en Par\u00eds.<\/span><\/li>\n<li><span><strong>Asistencia al cliente 24 horas al d\u00eda, 7 d\u00edas a la semana:<\/strong> Usted tiene la misma persona de contacto desde la primera solicitud hasta la implementaci\u00f3n. Nuestro servicio de atenci\u00f3n al cliente est\u00e1 disponible 24\/7.<\/span><\/li>\n<\/ul>\n<h2 style=\"text-align: center;\">Consulta inicial gratuita<\/h2>\n<p style=\"text-align: center;\">Estaremos encantados de hablar sobre sus expectativas. Puede ponerse en contacto con nosotros por tel\u00e9fono en el [Company] MICE Telefonnummer, por correo electr\u00f3nico en el [Company] MICE E-Mail o mediante el formulario de contacto.<\/p>\n","protected":false},"excerpt":{"rendered":"<p>Servicio completo de sala de conferencias, sal\u00f3n de actos o sala de reuniones en Par\u00eds En Informaci\u00f3n Tur\u00edstica de Par\u00eds podemos ayudarle a encontrar, reservar y realizar todo el programa de acompa\u00f1amiento en Par\u00eds. \u00bfCu\u00e1l es el lugar adecuado para su evento en Par\u00eds? Somos su socio competente cuando se trata de organizar salas para [&hellip;]<\/p>\n","protected":false},"author":9,"featured_media":4780,"parent":3970,"menu_order":0,"comment_status":"closed","ping_status":"closed","template":"","meta":{"footnotes":""},"tags":[],"class_list":["post-8385","page","type-page","status-publish","has-post-thumbnail","hentry","post-wrapper","thrv_wrapper"],"wp-worthy-pixel":{"ignored":false,"public":null,"server":null,"url":null},"wp-worthy-type":"normal","_links":{"self":[{"href":"https:\/\/www.paristouristinformation.fr\/es\/wp-json\/wp\/v2\/pages\/8385","targetHints":{"allow":["GET"]}}],"collection":[{"href":"https:\/\/www.paristouristinformation.fr\/es\/wp-json\/wp\/v2\/pages"}],"about":[{"href":"https:\/\/www.paristouristinformation.fr\/es\/wp-json\/wp\/v2\/types\/page"}],"author":[{"embeddable":true,"href":"https:\/\/www.paristouristinformation.fr\/es\/wp-json\/wp\/v2\/users\/9"}],"replies":[{"embeddable":true,"href":"https:\/\/www.paristouristinformation.fr\/es\/wp-json\/wp\/v2\/comments?post=8385"}],"version-history":[{"count":0,"href":"https:\/\/www.paristouristinformation.fr\/es\/wp-json\/wp\/v2\/pages\/8385\/revisions"}],"up":[{"embeddable":true,"href":"https:\/\/www.paristouristinformation.fr\/es\/wp-json\/wp\/v2\/pages\/3970"}],"wp:featuredmedia":[{"embeddable":true,"href":"https:\/\/www.paristouristinformation.fr\/es\/wp-json\/wp\/v2\/media\/4780"}],"wp:attachment":[{"href":"https:\/\/www.paristouristinformation.fr\/es\/wp-json\/wp\/v2\/media?parent=8385"}],"wp:term":[{"taxonomy":"post_tag","embeddable":true,"href":"https:\/\/www.paristouristinformation.fr\/es\/wp-json\/wp\/v2\/tags?post=8385"}],"curies":[{"name":"wp","href":"https:\/\/api.w.org\/{rel}","templated":true}]}}